{"id":30195,"date":"2026-04-28T23:28:29","date_gmt":"2026-04-28T21:28:29","guid":{"rendered":"https:\/\/www.zoko.ro\/p\/set-8-masini-de-curse-metalice-gonga\/"},"modified":"2026-04-28T23:28:29","modified_gmt":"2026-04-28T21:28:29","slug":"set-8-masini-de-curse-metalice-gonga","status":"publish","type":"product","link":"https:\/\/www.zoko.ro\/en\/p\/set-8-masini-de-curse-metalice-gonga\/","title":{"rendered":"Set 8 masini de curse metalice, Gonga\u00ae"},"content":{"rendered":"<p><strong>Culoare:<\/strong> Multicolor<\/p>\n<p>Este timpul s\u0103 \u00eencepem o curs\u0103 interesant\u0103!<\/p>\n<\/p>\n<p>8 ma\u0219ini sunt 8 concuren\u021bi care se gr\u0103besc s\u0103 c\u00e2\u0219tige .\u00a0<\/p>\n<\/p>\n<p>Fie c\u0103 este vorba de o pist\u0103 de Formula 1 sau de exigentul Raliu Dakar, aceste ma\u0219ini sunt gata.<\/p>\n<\/p>\n<p>Vopsirea caroseriei auto se refer\u0103 la estetica tipic\u0103 de curse, dar nimic nu \u00eempiedic\u0103 aceste vehicule s\u0103 participe la traficul rutier.\u00a0<\/p>\n<\/p>\n<p>Ele vor fi un echipament perfect pentru camera unui colec\u021bionar de ma\u0219ini.\u00a0<\/p>\n<\/p>\n<p>Se vor dovedi a fi o completare a juc\u0103riilor mari precum parc\u0103ri sau piste, dar \u00een sine sunt \u0219i un set perfect care aduce ore lungi de distrac\u021bie.<\/p>\n<\/p>\n<p>Ma\u0219inile se potrivesc \u00een m\u00e2ini \u0219i buzunare mici, astfel \u00eenc\u00e2t s\u0103 le pute\u021bi lua cu u\u0219urin\u021b\u0103 la plimbare sau la locul de joac\u0103.<\/p>\n<\/p>\n<p>Jocul cu ma\u0219inile v\u0103 permite s\u0103 dezvolta\u021bi imagina\u021bia copilului dvs. , ceea ce poate crea curse de obstacole uimitoare \u00een toat\u0103 camera.\u00a0<\/p>\n<\/p>\n<p>Manipularea obiectelor mici va ajuta la dezvoltarea prinderii degetelor mici.\u00a0<\/p>\n<\/p>\n<p>O astfel de distrac\u021bie \u00eel va preg\u0103ti pe copil s\u0103 \u021bin\u0103 ferm un creion, printre altele.<\/p>\n<\/p>\n<p>Jocul cu ma\u0219inile va distrage aten\u021bia copilului de la ecranul telefonului sau al computerului.\u00a0<\/p>\n<\/p>\n<p>Este divertismentul care ajuta la dezvoltarea corespunz\u0103toare a fiec\u0103rui copil.\u00a0<\/p>\n<\/p>\n<p>Setul este ambalat \u00eentr-un ambalaj foarte estetic cu o fereastr\u0103 &#8211; o idee grozav\u0103 pentru un cadou.\u00a0<\/p>\n<\/p>\n<p>Ambalajul este echipat cu un maner practic care iti va permite sa iei cu tine intregul set peste tot.<\/p>\n<\/p>\n<p>Caracteristici:<\/p>\n<\/p>\n<p>&#8211; Setul include 8 ma\u0219ini metalice cu vopsire diferit\u0103 &#8211; culorile vehiculelor pot diferi de cele din imagini.<\/p>\n<\/p>\n<p>&#8211; Dimensiuni masina: 6.7cm x 3cm x 1.5cm<\/p>\n<\/p>\n<p>&#8211; Dimensiuni pachet: 26,4 cm x 26,4 cm x 4,8 cm<\/p>\n<\/p>\n<p>&#8211; Ma\u0219inile au ro\u021bi pivotante \u0219i nu au motor.<\/p>\n<\/p>\n<p>&#8211; Setul este destinat copiilor peste 3 ani.<\/p>\n<\/p>\n<p>\u00a0<\/p>","protected":false},"excerpt":{"rendered":"<p>Culoare: Multicolor Este timpul s\u0103 \u00eencepem o curs\u0103 interesant\u0103! 8 ma\u0219ini sunt 8 concuren\u021bi care se gr\u0103besc s\u0103 c\u00e2\u0219tige .\u00a0<\/p>","protected":false},"featured_media":30196,"comment_status":"open","ping_status":"open","template":"","meta":[],"product_brand":[],"product_cat":[99,333,334,381],"product_tag":[104],"class_list":{"0":"post-30195","1":"product","2":"type-product","3":"status-publish","4":"has-post-thumbnail","6":"product_cat-acasa","7":"product_cat-jucarii","8":"product_cat-jucarii-jocuri-educative","9":"product_cat-jucarii-interactive","10":"product_tag-in-stoc","11":"pa_culoare-multicolor","13":"first","14":"instock","15":"sale","16":"purchasable","17":"product-type-simple"},"yoast_head":"<!-- This site is optimized with the Yoast SEO plugin v27.2 - https:\/\/yoast.com\/product\/yoast-seo-wordpress\/ -->\n<title>Set 8 masini de curse metalice, Gonga\u00ae | ZOKO<\/title>\n<meta name=\"robots\" content=\"index, follow, max-snippet:-1, max-image-preview:large, max-video-preview:-1\" \/>\n<link rel=\"canonical\" href=\"https:\/\/www.zoko.ro\/en\/p\/set-8-masini-de-curse-metalice-gonga\/\" \/>\n<meta property=\"og:locale\" content=\"en_GB\" \/>\n<meta property=\"og:type\" content=\"article\" \/>\n<meta property=\"og:title\" content=\"Set 8 masini de curse metalice, Gonga\u00ae | ZOKO\" \/>\n<meta property=\"og:description\" content=\"Culoare: Multicolor Este timpul s\u0103 \u00eencepem o curs\u0103 interesant\u0103! 8 ma\u0219ini sunt 8 concuren\u021bi care se gr\u0103besc s\u0103 c\u00e2\u0219tige .\u00a0\" \/>\n<meta property=\"og:url\" content=\"https:\/\/www.zoko.ro\/en\/p\/set-8-masini-de-curse-metalice-gonga\/\" \/>\n<meta property=\"og:site_name\" content=\"ZOKO\" \/>\n<meta property=\"article:publisher\" content=\"https:\/\/www.facebook.com\/profile.php?id=61584344135075\" \/>\n<meta property=\"og:image\" content=\"https:\/\/www.zoko.ro\/wp-content\/uploads\/2025\/12\/set-8-masini-de-curse-metalice-gonga.jpg\" \/>\n\t<meta property=\"og:image:width\" content=\"1600\" \/>\n\t<meta property=\"og:image:height\" content=\"1200\" \/>\n\t<meta property=\"og:image:type\" content=\"image\/jpeg\" \/>\n<meta name=\"twitter:card\" content=\"summary_large_image\" \/>\n<meta name=\"twitter:label1\" content=\"Estimated reading time\" \/>\n\t<meta name=\"twitter:data1\" content=\"2 minutes\" \/>\n<script type=\"application\/ld+json\" class=\"yoast-schema-graph\">{\"@context\":\"https:\/\/schema.org\",\"@graph\":[{\"@type\":\"WebPage\",\"@id\":\"https:\/\/www.zoko.ro\/p\/set-8-masini-de-curse-metalice-gonga\/\",\"url\":\"https:\/\/www.zoko.ro\/p\/set-8-masini-de-curse-metalice-gonga\/\",\"name\":\"Set 8 masini de curse metalice, Gonga\u00ae | ZOKO\",\"isPartOf\":{\"@id\":\"https:\/\/www.zoko.ro\/#website\"},\"primaryImageOfPage\":{\"@id\":\"https:\/\/www.zoko.ro\/p\/set-8-masini-de-curse-metalice-gonga\/#primaryimage\"},\"image\":{\"@id\":\"https:\/\/www.zoko.ro\/p\/set-8-masini-de-curse-metalice-gonga\/#primaryimage\"},\"thumbnailUrl\":\"https:\/\/www.zoko.ro\/wp-content\/uploads\/2025\/12\/set-8-masini-de-curse-metalice-gonga.jpg\",\"datePublished\":\"2026-04-28T21:28:29+00:00\",\"breadcrumb\":{\"@id\":\"https:\/\/www.zoko.ro\/p\/set-8-masini-de-curse-metalice-gonga\/#breadcrumb\"},\"inLanguage\":\"en-GB\",\"potentialAction\":[{\"@type\":\"ReadAction\",\"target\":[\"https:\/\/www.zoko.ro\/p\/set-8-masini-de-curse-metalice-gonga\/\"]}]},{\"@type\":\"ImageObject\",\"inLanguage\":\"en-GB\",\"@id\":\"https:\/\/www.zoko.ro\/p\/set-8-masini-de-curse-metalice-gonga\/#primaryimage\",\"url\":\"https:\/\/www.zoko.ro\/wp-content\/uploads\/2025\/12\/set-8-masini-de-curse-metalice-gonga.jpg\",\"contentUrl\":\"https:\/\/www.zoko.ro\/wp-content\/uploads\/2025\/12\/set-8-masini-de-curse-metalice-gonga.jpg\",\"width\":1600,\"height\":1200},{\"@type\":\"BreadcrumbList\",\"@id\":\"https:\/\/www.zoko.ro\/p\/set-8-masini-de-curse-metalice-gonga\/#breadcrumb\",\"itemListElement\":[{\"@type\":\"ListItem\",\"position\":1,\"name\":\"Home\",\"item\":\"https:\/\/www.zoko.ro\/\"},{\"@type\":\"ListItem\",\"position\":2,\"name\":\"Magazin\",\"item\":\"https:\/\/www.zoko.ro\/magazin\/\"},{\"@type\":\"ListItem\",\"position\":3,\"name\":\"Set 8 masini de curse metalice, Gonga\u00ae\"}]},{\"@type\":\"WebSite\",\"@id\":\"https:\/\/www.zoko.ro\/#website\",\"url\":\"https:\/\/www.zoko.ro\/\",\"name\":\"ZOKO.ro\",\"description\":\"Cump\u0103r\u0103 inteligent\",\"publisher\":{\"@id\":\"https:\/\/www.zoko.ro\/#organization\"},\"potentialAction\":[{\"@type\":\"SearchAction\",\"target\":{\"@type\":\"EntryPoint\",\"urlTemplate\":\"https:\/\/www.zoko.ro\/?s={search_term_string}\"},\"query-input\":{\"@type\":\"PropertyValueSpecification\",\"valueRequired\":true,\"valueName\":\"search_term_string\"}}],\"inLanguage\":\"en-GB\"},{\"@type\":\"Organization\",\"@id\":\"https:\/\/www.zoko.ro\/#organization\",\"name\":\"ZOKO\",\"url\":\"https:\/\/www.zoko.ro\/\",\"logo\":{\"@type\":\"ImageObject\",\"inLanguage\":\"en-GB\",\"@id\":\"https:\/\/www.zoko.ro\/#\/schema\/logo\/image\/\",\"url\":\"https:\/\/www.zoko.ro\/wp-content\/uploads\/2025\/03\/logo1.svg\",\"contentUrl\":\"https:\/\/www.zoko.ro\/wp-content\/uploads\/2025\/03\/logo1.svg\",\"width\":799,\"height\":216,\"caption\":\"ZOKO\"},\"image\":{\"@id\":\"https:\/\/www.zoko.ro\/#\/schema\/logo\/image\/\"},\"sameAs\":[\"https:\/\/www.facebook.com\/profile.php?id=61584344135075\"]}]}<\/script>\n<!-- \/ Yoast SEO plugin. -->","yoast_head_json":{"title":"Set 8 masini de curse metalice, Gonga\u00ae | ZOKO","robots":{"index":"index","follow":"follow","max-snippet":"max-snippet:-1","max-image-preview":"max-image-preview:large","max-video-preview":"max-video-preview:-1"},"canonical":"https:\/\/www.zoko.ro\/en\/p\/set-8-masini-de-curse-metalice-gonga\/","og_locale":"en_GB","og_type":"article","og_title":"Set 8 masini de curse metalice, Gonga\u00ae | ZOKO","og_description":"Culoare: Multicolor Este timpul s\u0103 \u00eencepem o curs\u0103 interesant\u0103! 8 ma\u0219ini sunt 8 concuren\u021bi care se gr\u0103besc s\u0103 c\u00e2\u0219tige .\u00a0","og_url":"https:\/\/www.zoko.ro\/en\/p\/set-8-masini-de-curse-metalice-gonga\/","og_site_name":"ZOKO","article_publisher":"https:\/\/www.facebook.com\/profile.php?id=61584344135075","og_image":[{"width":1600,"height":1200,"url":"https:\/\/www.zoko.ro\/wp-content\/uploads\/2025\/12\/set-8-masini-de-curse-metalice-gonga.jpg","type":"image\/jpeg"}],"twitter_card":"summary_large_image","twitter_misc":{"Estimated reading time":"2 minutes"},"schema":{"@context":"https:\/\/schema.org","@graph":[{"@type":"WebPage","@id":"https:\/\/www.zoko.ro\/p\/set-8-masini-de-curse-metalice-gonga\/","url":"https:\/\/www.zoko.ro\/p\/set-8-masini-de-curse-metalice-gonga\/","name":"Set 8 masini de curse metalice, Gonga\u00ae | ZOKO","isPartOf":{"@id":"https:\/\/www.zoko.ro\/#website"},"primaryImageOfPage":{"@id":"https:\/\/www.zoko.ro\/p\/set-8-masini-de-curse-metalice-gonga\/#primaryimage"},"image":{"@id":"https:\/\/www.zoko.ro\/p\/set-8-masini-de-curse-metalice-gonga\/#primaryimage"},"thumbnailUrl":"https:\/\/www.zoko.ro\/wp-content\/uploads\/2025\/12\/set-8-masini-de-curse-metalice-gonga.jpg","datePublished":"2026-04-28T21:28:29+00:00","breadcrumb":{"@id":"https:\/\/www.zoko.ro\/p\/set-8-masini-de-curse-metalice-gonga\/#breadcrumb"},"inLanguage":"en-GB","potentialAction":[{"@type":"ReadAction","target":["https:\/\/www.zoko.ro\/p\/set-8-masini-de-curse-metalice-gonga\/"]}]},{"@type":"ImageObject","inLanguage":"en-GB","@id":"https:\/\/www.zoko.ro\/p\/set-8-masini-de-curse-metalice-gonga\/#primaryimage","url":"https:\/\/www.zoko.ro\/wp-content\/uploads\/2025\/12\/set-8-masini-de-curse-metalice-gonga.jpg","contentUrl":"https:\/\/www.zoko.ro\/wp-content\/uploads\/2025\/12\/set-8-masini-de-curse-metalice-gonga.jpg","width":1600,"height":1200},{"@type":"BreadcrumbList","@id":"https:\/\/www.zoko.ro\/p\/set-8-masini-de-curse-metalice-gonga\/#breadcrumb","itemListElement":[{"@type":"ListItem","position":1,"name":"Home","item":"https:\/\/www.zoko.ro\/"},{"@type":"ListItem","position":2,"name":"Magazin","item":"https:\/\/www.zoko.ro\/magazin\/"},{"@type":"ListItem","position":3,"name":"Set 8 masini de curse metalice, Gonga\u00ae"}]},{"@type":"WebSite","@id":"https:\/\/www.zoko.ro\/#website","url":"https:\/\/www.zoko.ro\/","name":"ZOKO.ro","description":"Cump\u0103r\u0103 inteligent","publisher":{"@id":"https:\/\/www.zoko.ro\/#organization"},"potentialAction":[{"@type":"SearchAction","target":{"@type":"EntryPoint","urlTemplate":"https:\/\/www.zoko.ro\/?s={search_term_string}"},"query-input":{"@type":"PropertyValueSpecification","valueRequired":true,"valueName":"search_term_string"}}],"inLanguage":"en-GB"},{"@type":"Organization","@id":"https:\/\/www.zoko.ro\/#organization","name":"ZOKO","url":"https:\/\/www.zoko.ro\/","logo":{"@type":"ImageObject","inLanguage":"en-GB","@id":"https:\/\/www.zoko.ro\/#\/schema\/logo\/image\/","url":"https:\/\/www.zoko.ro\/wp-content\/uploads\/2025\/03\/logo1.svg","contentUrl":"https:\/\/www.zoko.ro\/wp-content\/uploads\/2025\/03\/logo1.svg","width":799,"height":216,"caption":"ZOKO"},"image":{"@id":"https:\/\/www.zoko.ro\/#\/schema\/logo\/image\/"},"sameAs":["https:\/\/www.facebook.com\/profile.php?id=61584344135075"]}]}},"_links":{"self":[{"href":"https:\/\/www.zoko.ro\/en\/wp-json\/wp\/v2\/product\/30195","targetHints":{"allow":["GET"]}}],"collection":[{"href":"https:\/\/www.zoko.ro\/en\/wp-json\/wp\/v2\/product"}],"about":[{"href":"https:\/\/www.zoko.ro\/en\/wp-json\/wp\/v2\/types\/product"}],"replies":[{"embeddable":true,"href":"https:\/\/www.zoko.ro\/en\/wp-json\/wp\/v2\/comments?post=30195"}],"version-history":[{"count":1,"href":"https:\/\/www.zoko.ro\/en\/wp-json\/wp\/v2\/product\/30195\/revisions"}],"predecessor-version":[{"id":37956,"href":"https:\/\/www.zoko.ro\/en\/wp-json\/wp\/v2\/product\/30195\/revisions\/37956"}],"wp:featuredmedia":[{"embeddable":true,"href":"https:\/\/www.zoko.ro\/en\/wp-json\/wp\/v2\/media\/30196"}],"wp:attachment":[{"href":"https:\/\/www.zoko.ro\/en\/wp-json\/wp\/v2\/media?parent=30195"}],"wp:term":[{"taxonomy":"product_brand","embeddable":true,"href":"https:\/\/www.zoko.ro\/en\/wp-json\/wp\/v2\/product_brand?post=30195"},{"taxonomy":"product_cat","embeddable":true,"href":"https:\/\/www.zoko.ro\/en\/wp-json\/wp\/v2\/product_cat?post=30195"},{"taxonomy":"product_tag","embeddable":true,"href":"https:\/\/www.zoko.ro\/en\/wp-json\/wp\/v2\/product_tag?post=30195"}],"curies":[{"name":"wp","href":"https:\/\/api.w.org\/{rel}","templated":true}]}}