{"id":30230,"date":"2026-04-28T23:28:30","date_gmt":"2026-04-28T21:28:30","guid":{"rendered":"https:\/\/www.zoko.ro\/p\/trepied-portabil-pentru-camera-din-aluminiu-112-cm-gonga\/"},"modified":"2026-04-28T23:28:30","modified_gmt":"2026-04-28T21:28:30","slug":"trepied-portabil-pentru-camera-din-aluminiu-112-cm-gonga","status":"publish","type":"product","link":"https:\/\/www.zoko.ro\/en\/p\/trepied-portabil-pentru-camera-din-aluminiu-112-cm-gonga\/","title":{"rendered":"Trepied portabil pentru camera din aluminiu, 112 cm, Gonga\u00ae"},"content":{"rendered":"<p><strong>Culoare:<\/strong> Argintiu<\/p>\n<\/p>\n<p><video width=\"598\" height=\"299\" controls=\"\"><source src=\"https:\/\/ae-sg.cloudvideocdn.taobao.com\/9f8e1de30350cb41\/4Mhd6pUkhdixLqCQFcB\/lKtBdgucYMOlm2emesJ_297291392310_hd_hq.mp4?auth_key=1663607021-0-0-c8ec3beae9869f3b32b67198a0e3465d&amp;w=788&amp;h=720&amp;e=hd&amp;t=2101835716558310210737864e6ab8\" type=\"video\/mp4\"><\/source><\/video><\/p>\n<p>Trepied foto ST-310 cu cap mobil 3D!\u00a0<\/p>\n<\/p>\n<p>Trepiedul este realizat din aluminiu de inalta clasa asigurand o rigiditate ridicata a structurii si un aspect estetic.\u00a0<\/p>\n<\/p>\n<p>Este echipat cu 3 picioare stabile si reglabile (trepied), o prindere confortabila, un carlig de cantarire si picioare stabile cu tampoane antiderapante.\u00a0<\/p>\n<\/p>\n<p>Un accesoriu necesar \u00een munca fiec\u0103rui fotograf!\u00a0<\/p>\n<\/p>\n<p>V\u0103 va permite s\u0103 face\u021bi fotografii de peisaj sau portret \u00een condi\u021bii confortabile \u0219i \u00eentr-o varietate de condi\u021bii externe \u0219i interne!\u00a0<\/p>\n<\/p>\n<p>Usor si usor de transportat.\u00a0<\/p>\n<\/p>\n<p>Folosirea unui filet de 1\/4&#8221; face ca trepiedul s\u0103 fie extrem de universal &#8211; se potrive\u0219te tuturor modelelor de aparate foto \u0219i camere foto.<\/p>\n<\/p>\n<p>Caracteristicile produsului:<\/p>\n<\/p>\n<p>&#8211; Trepiedul are un maner confortabil pentru transport usor, un carlig in partea de jos si picioare profesionale, auto-aliniate pentru o pozitionare stabila a trepiedului.<\/p>\n<p>&#8211; Cap 3D cu mi\u0219care lin\u0103, mobil \u00een 3 direc\u021bii &#8211; v\u0103 permite s\u0103 face\u021bi fotografii \u00een diferite planuri.<\/p>\n<p>&#8211; Capul este realizat din plastic rezistent. Se blocheaza la un unghi de 90 de grade.<\/p>\n<p>&#8211; Nivela longitudinal\u0103 cu bul\u0103 de aer din cap permite o nivelare precis\u0103 a camerei situate pe acesta.<\/p>\n<p>&#8211; Filetul universal de 1\/4&#8221; se potrive\u0219te tuturor modelelor de aparate foto \u0219i camere foto.<\/p>\n<p>&#8211; Partea superioar\u0103 a capului u\u0219or deta\u0219abil\u0103 v\u0103 permite s\u0103 monta\u021bi rapid camera pe un trepied.<\/p>\n<p>&#8211; Picioare cu dou\u0103 segmente, reglabile independent, cu urechi de blocare u\u0219or de utilizat.<\/p>\n<p>&#8211; Picioarele sunt \u00eemp\u0103r\u021bite \u00een 4 sec\u021biuni \u00eentr-un sistem telescopic, care faciliteaz\u0103 plierea \u0219i desfacerea.<\/p>\n<p>&#8211; C\u00e2rligul din partea de jos a trepiedului permite o greutate suplimentar\u0103.<\/p>\n<p>&#8211; Picioarele din aluminiu sunt echipate cu tampoane antiderapante, ceea ce mareste stabilitatea setului!<\/p>\n<p>&#8211; Rezisten\u021b\u0103 ridicat\u0103 &#8211; nu se deformeaz\u0103 \u00een timpul utiliz\u0103rii!<\/p>\n<p>&#8211; Foarte usor si mobil &#8211; cantareste doar 0,5 kg, ceea ce ii mareste semnificativ mobilitatea.<\/p>\n<p>&#8211; Trepiedul este ambalat \u00eentr-o carcas\u0103 neagr\u0103, impermeabil\u0103, cu o curea reglabil\u0103.<\/p>\n<\/p>\n<p>Specificatii:<\/p>\n<\/p>\n<p>&#8211; Material: aluminiu + plastic<\/p>\n<p>&#8211; Lungime maxima: 112 cm<\/p>\n<p>&#8211; Inaltime de lucru (monopied): 112 cm<\/p>\n<p>&#8211; Inaltime de lucru (trepied): de la 35 cm la 103 cm<\/p>\n<p>&#8211; Lungimea trepiedului dup\u0103 pliere: 37 cm<\/p>\n<p>&#8211; \u00cemp\u0103r\u021birea picioarelor \u00een 4 sec\u021biuni extensibile (23 &#8211; 23 &#8211; 23 &#8211; 27 cm)<\/p>\n<p>&#8211; Capacitate maxima de ridicare: pana la 2 kg<\/p>\n<p>&#8211; Greutate: aproximativ 0,5 kg<\/p>\n<p>&#8211; Culoare: negru \u0219i argintiu<\/p>","protected":false},"excerpt":{"rendered":"<p>Culoare: Argintiu Trepied foto ST-310 cu cap mobil 3D!\u00a0 Trepiedul este realizat din aluminiu de inalta clasa asigurand o rigiditate<\/p>","protected":false},"featured_media":30231,"comment_status":"open","ping_status":"open","template":"","meta":[],"product_brand":[],"product_cat":[99,361,363],"product_tag":[104],"class_list":{"0":"post-30230","1":"product","2":"type-product","3":"status-publish","4":"has-post-thumbnail","6":"product_cat-acasa","7":"product_cat-audio-video-foto","8":"product_cat-camere-accesorii-foto","9":"product_tag-in-stoc","10":"pa_culoare-argintiu","12":"first","13":"instock","14":"sale","15":"purchasable","16":"product-type-simple"},"yoast_head":"<!-- This site is optimized with the Yoast SEO plugin v27.2 - https:\/\/yoast.com\/product\/yoast-seo-wordpress\/ -->\n<title>Trepied portabil pentru camera din aluminiu, 112 cm, Gonga\u00ae | ZOKO<\/title>\n<meta name=\"robots\" content=\"index, follow, max-snippet:-1, max-image-preview:large, max-video-preview:-1\" \/>\n<link rel=\"canonical\" href=\"https:\/\/www.zoko.ro\/en\/p\/trepied-portabil-pentru-camera-din-aluminiu-112-cm-gonga\/\" \/>\n<meta property=\"og:locale\" content=\"en_GB\" \/>\n<meta property=\"og:type\" content=\"article\" \/>\n<meta property=\"og:title\" content=\"Trepied portabil pentru camera din aluminiu, 112 cm, Gonga\u00ae | ZOKO\" \/>\n<meta property=\"og:description\" content=\"Culoare: Argintiu Trepied foto ST-310 cu cap mobil 3D!\u00a0 Trepiedul este realizat din aluminiu de inalta clasa asigurand o rigiditate\" \/>\n<meta property=\"og:url\" content=\"https:\/\/www.zoko.ro\/en\/p\/trepied-portabil-pentru-camera-din-aluminiu-112-cm-gonga\/\" \/>\n<meta property=\"og:site_name\" content=\"ZOKO\" \/>\n<meta property=\"article:publisher\" content=\"https:\/\/www.facebook.com\/profile.php?id=61584344135075\" \/>\n<meta property=\"og:image\" content=\"https:\/\/www.zoko.ro\/wp-content\/uploads\/2025\/12\/trepied-portabil-pentru-camera-din-aluminiu-112-cm-gonga.jpg\" \/>\n\t<meta property=\"og:image:width\" content=\"674\" \/>\n\t<meta property=\"og:image:height\" content=\"1200\" \/>\n\t<meta property=\"og:image:type\" content=\"image\/jpeg\" \/>\n<meta name=\"twitter:card\" content=\"summary_large_image\" \/>\n<meta name=\"twitter:label1\" content=\"Estimated reading time\" \/>\n\t<meta name=\"twitter:data1\" content=\"2 minutes\" \/>\n<script type=\"application\/ld+json\" class=\"yoast-schema-graph\">{\"@context\":\"https:\/\/schema.org\",\"@graph\":[{\"@type\":\"WebPage\",\"@id\":\"https:\/\/www.zoko.ro\/p\/trepied-portabil-pentru-camera-din-aluminiu-112-cm-gonga\/\",\"url\":\"https:\/\/www.zoko.ro\/p\/trepied-portabil-pentru-camera-din-aluminiu-112-cm-gonga\/\",\"name\":\"Trepied portabil pentru camera din aluminiu, 112 cm, Gonga\u00ae | ZOKO\",\"isPartOf\":{\"@id\":\"https:\/\/www.zoko.ro\/#website\"},\"primaryImageOfPage\":{\"@id\":\"https:\/\/www.zoko.ro\/p\/trepied-portabil-pentru-camera-din-aluminiu-112-cm-gonga\/#primaryimage\"},\"image\":{\"@id\":\"https:\/\/www.zoko.ro\/p\/trepied-portabil-pentru-camera-din-aluminiu-112-cm-gonga\/#primaryimage\"},\"thumbnailUrl\":\"https:\/\/www.zoko.ro\/wp-content\/uploads\/2025\/12\/trepied-portabil-pentru-camera-din-aluminiu-112-cm-gonga.jpg\",\"datePublished\":\"2026-04-28T21:28:30+00:00\",\"breadcrumb\":{\"@id\":\"https:\/\/www.zoko.ro\/p\/trepied-portabil-pentru-camera-din-aluminiu-112-cm-gonga\/#breadcrumb\"},\"inLanguage\":\"en-GB\",\"potentialAction\":[{\"@type\":\"ReadAction\",\"target\":[\"https:\/\/www.zoko.ro\/p\/trepied-portabil-pentru-camera-din-aluminiu-112-cm-gonga\/\"]}]},{\"@type\":\"ImageObject\",\"inLanguage\":\"en-GB\",\"@id\":\"https:\/\/www.zoko.ro\/p\/trepied-portabil-pentru-camera-din-aluminiu-112-cm-gonga\/#primaryimage\",\"url\":\"https:\/\/www.zoko.ro\/wp-content\/uploads\/2025\/12\/trepied-portabil-pentru-camera-din-aluminiu-112-cm-gonga.jpg\",\"contentUrl\":\"https:\/\/www.zoko.ro\/wp-content\/uploads\/2025\/12\/trepied-portabil-pentru-camera-din-aluminiu-112-cm-gonga.jpg\",\"width\":674,\"height\":1200},{\"@type\":\"BreadcrumbList\",\"@id\":\"https:\/\/www.zoko.ro\/p\/trepied-portabil-pentru-camera-din-aluminiu-112-cm-gonga\/#breadcrumb\",\"itemListElement\":[{\"@type\":\"ListItem\",\"position\":1,\"name\":\"Home\",\"item\":\"https:\/\/www.zoko.ro\/\"},{\"@type\":\"ListItem\",\"position\":2,\"name\":\"Magazin\",\"item\":\"https:\/\/www.zoko.ro\/magazin\/\"},{\"@type\":\"ListItem\",\"position\":3,\"name\":\"Trepied portabil pentru camera din aluminiu, 112 cm, Gonga\u00ae\"}]},{\"@type\":\"WebSite\",\"@id\":\"https:\/\/www.zoko.ro\/#website\",\"url\":\"https:\/\/www.zoko.ro\/\",\"name\":\"ZOKO.ro\",\"description\":\"Cump\u0103r\u0103 inteligent\",\"publisher\":{\"@id\":\"https:\/\/www.zoko.ro\/#organization\"},\"potentialAction\":[{\"@type\":\"SearchAction\",\"target\":{\"@type\":\"EntryPoint\",\"urlTemplate\":\"https:\/\/www.zoko.ro\/?s={search_term_string}\"},\"query-input\":{\"@type\":\"PropertyValueSpecification\",\"valueRequired\":true,\"valueName\":\"search_term_string\"}}],\"inLanguage\":\"en-GB\"},{\"@type\":\"Organization\",\"@id\":\"https:\/\/www.zoko.ro\/#organization\",\"name\":\"ZOKO\",\"url\":\"https:\/\/www.zoko.ro\/\",\"logo\":{\"@type\":\"ImageObject\",\"inLanguage\":\"en-GB\",\"@id\":\"https:\/\/www.zoko.ro\/#\/schema\/logo\/image\/\",\"url\":\"https:\/\/www.zoko.ro\/wp-content\/uploads\/2025\/03\/logo1.svg\",\"contentUrl\":\"https:\/\/www.zoko.ro\/wp-content\/uploads\/2025\/03\/logo1.svg\",\"width\":799,\"height\":216,\"caption\":\"ZOKO\"},\"image\":{\"@id\":\"https:\/\/www.zoko.ro\/#\/schema\/logo\/image\/\"},\"sameAs\":[\"https:\/\/www.facebook.com\/profile.php?id=61584344135075\"]}]}<\/script>\n<!-- \/ Yoast SEO plugin. -->","yoast_head_json":{"title":"Trepied portabil pentru camera din aluminiu, 112 cm, Gonga\u00ae | ZOKO","robots":{"index":"index","follow":"follow","max-snippet":"max-snippet:-1","max-image-preview":"max-image-preview:large","max-video-preview":"max-video-preview:-1"},"canonical":"https:\/\/www.zoko.ro\/en\/p\/trepied-portabil-pentru-camera-din-aluminiu-112-cm-gonga\/","og_locale":"en_GB","og_type":"article","og_title":"Trepied portabil pentru camera din aluminiu, 112 cm, Gonga\u00ae | ZOKO","og_description":"Culoare: Argintiu Trepied foto ST-310 cu cap mobil 3D!\u00a0 Trepiedul este realizat din aluminiu de inalta clasa asigurand o rigiditate","og_url":"https:\/\/www.zoko.ro\/en\/p\/trepied-portabil-pentru-camera-din-aluminiu-112-cm-gonga\/","og_site_name":"ZOKO","article_publisher":"https:\/\/www.facebook.com\/profile.php?id=61584344135075","og_image":[{"width":674,"height":1200,"url":"https:\/\/www.zoko.ro\/wp-content\/uploads\/2025\/12\/trepied-portabil-pentru-camera-din-aluminiu-112-cm-gonga.jpg","type":"image\/jpeg"}],"twitter_card":"summary_large_image","twitter_misc":{"Estimated reading time":"2 minutes"},"schema":{"@context":"https:\/\/schema.org","@graph":[{"@type":"WebPage","@id":"https:\/\/www.zoko.ro\/p\/trepied-portabil-pentru-camera-din-aluminiu-112-cm-gonga\/","url":"https:\/\/www.zoko.ro\/p\/trepied-portabil-pentru-camera-din-aluminiu-112-cm-gonga\/","name":"Trepied portabil pentru camera din aluminiu, 112 cm, Gonga\u00ae | ZOKO","isPartOf":{"@id":"https:\/\/www.zoko.ro\/#website"},"primaryImageOfPage":{"@id":"https:\/\/www.zoko.ro\/p\/trepied-portabil-pentru-camera-din-aluminiu-112-cm-gonga\/#primaryimage"},"image":{"@id":"https:\/\/www.zoko.ro\/p\/trepied-portabil-pentru-camera-din-aluminiu-112-cm-gonga\/#primaryimage"},"thumbnailUrl":"https:\/\/www.zoko.ro\/wp-content\/uploads\/2025\/12\/trepied-portabil-pentru-camera-din-aluminiu-112-cm-gonga.jpg","datePublished":"2026-04-28T21:28:30+00:00","breadcrumb":{"@id":"https:\/\/www.zoko.ro\/p\/trepied-portabil-pentru-camera-din-aluminiu-112-cm-gonga\/#breadcrumb"},"inLanguage":"en-GB","potentialAction":[{"@type":"ReadAction","target":["https:\/\/www.zoko.ro\/p\/trepied-portabil-pentru-camera-din-aluminiu-112-cm-gonga\/"]}]},{"@type":"ImageObject","inLanguage":"en-GB","@id":"https:\/\/www.zoko.ro\/p\/trepied-portabil-pentru-camera-din-aluminiu-112-cm-gonga\/#primaryimage","url":"https:\/\/www.zoko.ro\/wp-content\/uploads\/2025\/12\/trepied-portabil-pentru-camera-din-aluminiu-112-cm-gonga.jpg","contentUrl":"https:\/\/www.zoko.ro\/wp-content\/uploads\/2025\/12\/trepied-portabil-pentru-camera-din-aluminiu-112-cm-gonga.jpg","width":674,"height":1200},{"@type":"BreadcrumbList","@id":"https:\/\/www.zoko.ro\/p\/trepied-portabil-pentru-camera-din-aluminiu-112-cm-gonga\/#breadcrumb","itemListElement":[{"@type":"ListItem","position":1,"name":"Home","item":"https:\/\/www.zoko.ro\/"},{"@type":"ListItem","position":2,"name":"Magazin","item":"https:\/\/www.zoko.ro\/magazin\/"},{"@type":"ListItem","position":3,"name":"Trepied portabil pentru camera din aluminiu, 112 cm, Gonga\u00ae"}]},{"@type":"WebSite","@id":"https:\/\/www.zoko.ro\/#website","url":"https:\/\/www.zoko.ro\/","name":"ZOKO.ro","description":"Cump\u0103r\u0103 inteligent","publisher":{"@id":"https:\/\/www.zoko.ro\/#organization"},"potentialAction":[{"@type":"SearchAction","target":{"@type":"EntryPoint","urlTemplate":"https:\/\/www.zoko.ro\/?s={search_term_string}"},"query-input":{"@type":"PropertyValueSpecification","valueRequired":true,"valueName":"search_term_string"}}],"inLanguage":"en-GB"},{"@type":"Organization","@id":"https:\/\/www.zoko.ro\/#organization","name":"ZOKO","url":"https:\/\/www.zoko.ro\/","logo":{"@type":"ImageObject","inLanguage":"en-GB","@id":"https:\/\/www.zoko.ro\/#\/schema\/logo\/image\/","url":"https:\/\/www.zoko.ro\/wp-content\/uploads\/2025\/03\/logo1.svg","contentUrl":"https:\/\/www.zoko.ro\/wp-content\/uploads\/2025\/03\/logo1.svg","width":799,"height":216,"caption":"ZOKO"},"image":{"@id":"https:\/\/www.zoko.ro\/#\/schema\/logo\/image\/"},"sameAs":["https:\/\/www.facebook.com\/profile.php?id=61584344135075"]}]}},"_links":{"self":[{"href":"https:\/\/www.zoko.ro\/en\/wp-json\/wp\/v2\/product\/30230","targetHints":{"allow":["GET"]}}],"collection":[{"href":"https:\/\/www.zoko.ro\/en\/wp-json\/wp\/v2\/product"}],"about":[{"href":"https:\/\/www.zoko.ro\/en\/wp-json\/wp\/v2\/types\/product"}],"replies":[{"embeddable":true,"href":"https:\/\/www.zoko.ro\/en\/wp-json\/wp\/v2\/comments?post=30230"}],"version-history":[{"count":1,"href":"https:\/\/www.zoko.ro\/en\/wp-json\/wp\/v2\/product\/30230\/revisions"}],"predecessor-version":[{"id":37959,"href":"https:\/\/www.zoko.ro\/en\/wp-json\/wp\/v2\/product\/30230\/revisions\/37959"}],"wp:featuredmedia":[{"embeddable":true,"href":"https:\/\/www.zoko.ro\/en\/wp-json\/wp\/v2\/media\/30231"}],"wp:attachment":[{"href":"https:\/\/www.zoko.ro\/en\/wp-json\/wp\/v2\/media?parent=30230"}],"wp:term":[{"taxonomy":"product_brand","embeddable":true,"href":"https:\/\/www.zoko.ro\/en\/wp-json\/wp\/v2\/product_brand?post=30230"},{"taxonomy":"product_cat","embeddable":true,"href":"https:\/\/www.zoko.ro\/en\/wp-json\/wp\/v2\/product_cat?post=30230"},{"taxonomy":"product_tag","embeddable":true,"href":"https:\/\/www.zoko.ro\/en\/wp-json\/wp\/v2\/product_tag?post=30230"}],"curies":[{"name":"wp","href":"https:\/\/api.w.org\/{rel}","templated":true}]}}