{"id":30244,"date":"2026-04-28T23:28:31","date_gmt":"2026-04-28T21:28:31","guid":{"rendered":"https:\/\/www.zoko.ro\/p\/umidificator-de-aer-led-gonga-2\/"},"modified":"2026-04-28T23:28:31","modified_gmt":"2026-04-28T21:28:31","slug":"umidificator-de-aer-led-gonga-2","status":"publish","type":"product","link":"https:\/\/www.zoko.ro\/en\/p\/umidificator-de-aer-led-gonga-2\/","title":{"rendered":"Umidificator de aer LED, Gonga\u00ae"},"content":{"rendered":"<p><strong>Culoare:<\/strong> Alb<\/p>\n<p>Umidificatoarele de aer sunt dispozitive care regleaz\u0103 nivelul de umiditate.\u00a0<\/p>\n<\/p>\n<p>Datorit\u0103 propriet\u0103\u021bilor lor, au fost folosite \u00een case private, precum \u0219i \u00een birouri, locuri de munc\u0103 \u0219i locuri publice.\u00a0<\/p>\n<\/p>\n<p>Umidificatorul de aer este recomandat \u00een special iarna, c\u00e2nd nivelul de umiditate scade semnificativ din cauza pornirii caldurii.<\/p>\n<\/p>\n<p>NOT\u0102: Nu pute\u021bi ad\u0103uga uleiuri esen\u021biale \u00een ap\u0103, deoarece acest lucru poate deteriora carcasa (uleiurile esen\u021biale reac\u021bioneaz\u0103 cu carcasa \u0219i, \u00een consecin\u021b\u0103, duc la cr\u0103pare).<\/p>\n<\/p>\n<p>Caracteristicile produsului:<\/p>\n<\/p>\n<p>&#8211; Umidificatorul de aer compact cu ultrasunete profit\u0103 din plin de frecven\u021ba \u00eenalt\u0103 a vibra\u021biilor pentru a genera abur, care este suflat\u0103 \u00een exterior de un ventilator<\/p>\n<p>&#8211; \u00cembun\u0103t\u0103\u021be\u0219te calitatea aerului, ceea ce are ca rezultat o bun\u0103stare mai bun\u0103<\/p>\n<p>&#8211; Datorit\u0103 func\u021bion\u0103rii extrem de silen\u021bioase a umidificatorului de aer, nu observ\u0103m complet prezen\u021ba acestuia \u00een mediu, iar aerul este mult mai pl\u0103cut de respirat<\/p>\n<p>&#8211; Acest tip de aparat nu este potrivit pentru uleiuri esen\u021biale!<\/p>\n<p>&#8211; Rezervor de ap\u0103 LED iluminat (cu posibilitate de oprire complet\u0103), care ac\u021bioneaz\u0103 ca lamp\u0103 de noapte<\/p>\n<p>&#8211; Avantajul umidificatorului este eficienta foarte mare cu un consum simultan, redus de energie (alimentare de la portul USB)<\/p>\n<p>&#8211; Protec\u021bie \u00eempotriva lipsei de ap\u0103 \u0219i supra\u00eenc\u0103lzirii (oprire automat\u0103)<\/p>\n<p>&#8211; Complet umplut, func\u021bioneaz\u0103 p\u00e2n\u0103 la 6 ore.<\/p>\n<p>&#8211; Func\u021bionare foarte convenabil\u0103 (buton tactil &#8211; iluminare de fundal cu LED pornit \/ oprit \/ comutator)<\/p>\n<\/p>\n<p>Specifica\u021bii:<\/p>\n<\/p>\n<p>&#8211; Alimentare: DC 5V (USB)<\/p>\n<p>&#8211; Putere: 2W<\/p>\n<p>&#8211; Capacitate maxima a rezervorului: 300 ml<\/p>\n<p>&#8211; Eficien\u021b\u0103 optim\u0103: 35 ml\/h<\/p>\n<p>&#8211; Timp maxim de lucru: p\u00e2n\u0103 la 6 ore<\/p>\n<p>&#8211; Suprafata de functionare: pana la 22 m2<\/p>\n<p>&#8211; Volum: aproximativ 15 dB<\/p>\n<p>&#8211; 2 moduri de umidificare (continuu\/intermitent)<\/p>\n<p>&#8211; Iluminare de fundal LED variabil\u0103 cu posibilitatea de oprire (mod noapte)<\/p>\n<p>&#8211; Opre\u0219te automat alimentarea cu energie atunci c\u00e2nd nivelul apei este sc\u0103zut<\/p>\n<p>&#8211; Protec\u021bie la supra\u00eenc\u0103lzire (oprire automat\u0103)<\/p>\n<p>&#8211; Buton de control la atingere<\/p>\n<p>&#8211; Inaltime: 12 cm<\/p>\n<p>&#8211; Diametru: 8 cm<\/p>\n<p>&#8211; Lungime cablu de alimentare: 1 m<\/p><\/p>","protected":false},"excerpt":{"rendered":"<p>Culoare: Alb Umidificatoarele de aer sunt dispozitive care regleaz\u0103 nivelul de umiditate.\u00a0 Datorit\u0103 propriet\u0103\u021bilor lor, au fost folosite \u00een case<\/p>","protected":false},"featured_media":30245,"comment_status":"open","ping_status":"open","template":"","meta":[],"product_brand":[],"product_cat":[99,373,405],"product_tag":[],"class_list":{"0":"post-30244","1":"product","2":"type-product","3":"status-publish","4":"has-post-thumbnail","6":"product_cat-acasa","7":"product_cat-electrocasnice","8":"product_cat-umidificatoare-de-aer","9":"pa_culoare-alb","11":"first","12":"outofstock","13":"sale","14":"purchasable","15":"product-type-simple"},"yoast_head":"<!-- This site is optimized with the Yoast SEO plugin v27.2 - https:\/\/yoast.com\/product\/yoast-seo-wordpress\/ -->\n<title>Umidificator de aer LED, Gonga\u00ae | ZOKO<\/title>\n<meta name=\"robots\" content=\"index, follow, max-snippet:-1, max-image-preview:large, max-video-preview:-1\" \/>\n<link rel=\"canonical\" href=\"https:\/\/www.zoko.ro\/en\/p\/umidificator-de-aer-led-gonga-2\/\" \/>\n<meta property=\"og:locale\" content=\"en_GB\" \/>\n<meta property=\"og:type\" content=\"article\" \/>\n<meta property=\"og:title\" content=\"Umidificator de aer LED, Gonga\u00ae | ZOKO\" \/>\n<meta property=\"og:description\" content=\"Culoare: Alb Umidificatoarele de aer sunt dispozitive care regleaz\u0103 nivelul de umiditate.\u00a0 Datorit\u0103 propriet\u0103\u021bilor lor, au fost folosite \u00een case\" \/>\n<meta property=\"og:url\" content=\"https:\/\/www.zoko.ro\/en\/p\/umidificator-de-aer-led-gonga-2\/\" \/>\n<meta property=\"og:site_name\" content=\"ZOKO\" \/>\n<meta property=\"article:publisher\" content=\"https:\/\/www.facebook.com\/profile.php?id=61584344135075\" \/>\n<meta property=\"og:image\" content=\"https:\/\/www.zoko.ro\/wp-content\/uploads\/2025\/12\/umidificator-de-aer-aromaterapie-led-gonga-6.jpg\" \/>\n\t<meta property=\"og:image:width\" content=\"958\" \/>\n\t<meta property=\"og:image:height\" content=\"1200\" \/>\n\t<meta property=\"og:image:type\" content=\"image\/jpeg\" \/>\n<meta name=\"twitter:card\" content=\"summary_large_image\" \/>\n<meta name=\"twitter:label1\" content=\"Estimated reading time\" \/>\n\t<meta name=\"twitter:data1\" content=\"2 minutes\" \/>\n<script type=\"application\/ld+json\" class=\"yoast-schema-graph\">{\"@context\":\"https:\/\/schema.org\",\"@graph\":[{\"@type\":\"WebPage\",\"@id\":\"https:\/\/www.zoko.ro\/p\/umidificator-de-aer-led-gonga-2\/\",\"url\":\"https:\/\/www.zoko.ro\/p\/umidificator-de-aer-led-gonga-2\/\",\"name\":\"Umidificator de aer LED, Gonga\u00ae | ZOKO\",\"isPartOf\":{\"@id\":\"https:\/\/www.zoko.ro\/#website\"},\"primaryImageOfPage\":{\"@id\":\"https:\/\/www.zoko.ro\/p\/umidificator-de-aer-led-gonga-2\/#primaryimage\"},\"image\":{\"@id\":\"https:\/\/www.zoko.ro\/p\/umidificator-de-aer-led-gonga-2\/#primaryimage\"},\"thumbnailUrl\":\"https:\/\/www.zoko.ro\/wp-content\/uploads\/2025\/12\/umidificator-de-aer-aromaterapie-led-gonga-6.jpg\",\"datePublished\":\"2026-04-28T21:28:31+00:00\",\"breadcrumb\":{\"@id\":\"https:\/\/www.zoko.ro\/p\/umidificator-de-aer-led-gonga-2\/#breadcrumb\"},\"inLanguage\":\"en-GB\",\"potentialAction\":[{\"@type\":\"ReadAction\",\"target\":[\"https:\/\/www.zoko.ro\/p\/umidificator-de-aer-led-gonga-2\/\"]}]},{\"@type\":\"ImageObject\",\"inLanguage\":\"en-GB\",\"@id\":\"https:\/\/www.zoko.ro\/p\/umidificator-de-aer-led-gonga-2\/#primaryimage\",\"url\":\"https:\/\/www.zoko.ro\/wp-content\/uploads\/2025\/12\/umidificator-de-aer-aromaterapie-led-gonga-6.jpg\",\"contentUrl\":\"https:\/\/www.zoko.ro\/wp-content\/uploads\/2025\/12\/umidificator-de-aer-aromaterapie-led-gonga-6.jpg\",\"width\":958,\"height\":1200},{\"@type\":\"BreadcrumbList\",\"@id\":\"https:\/\/www.zoko.ro\/p\/umidificator-de-aer-led-gonga-2\/#breadcrumb\",\"itemListElement\":[{\"@type\":\"ListItem\",\"position\":1,\"name\":\"Home\",\"item\":\"https:\/\/www.zoko.ro\/\"},{\"@type\":\"ListItem\",\"position\":2,\"name\":\"Magazin\",\"item\":\"https:\/\/www.zoko.ro\/magazin\/\"},{\"@type\":\"ListItem\",\"position\":3,\"name\":\"Umidificator de aer LED, Gonga\u00ae\"}]},{\"@type\":\"WebSite\",\"@id\":\"https:\/\/www.zoko.ro\/#website\",\"url\":\"https:\/\/www.zoko.ro\/\",\"name\":\"ZOKO.ro\",\"description\":\"Cump\u0103r\u0103 inteligent\",\"publisher\":{\"@id\":\"https:\/\/www.zoko.ro\/#organization\"},\"potentialAction\":[{\"@type\":\"SearchAction\",\"target\":{\"@type\":\"EntryPoint\",\"urlTemplate\":\"https:\/\/www.zoko.ro\/?s={search_term_string}\"},\"query-input\":{\"@type\":\"PropertyValueSpecification\",\"valueRequired\":true,\"valueName\":\"search_term_string\"}}],\"inLanguage\":\"en-GB\"},{\"@type\":\"Organization\",\"@id\":\"https:\/\/www.zoko.ro\/#organization\",\"name\":\"ZOKO\",\"url\":\"https:\/\/www.zoko.ro\/\",\"logo\":{\"@type\":\"ImageObject\",\"inLanguage\":\"en-GB\",\"@id\":\"https:\/\/www.zoko.ro\/#\/schema\/logo\/image\/\",\"url\":\"https:\/\/www.zoko.ro\/wp-content\/uploads\/2025\/03\/logo1.svg\",\"contentUrl\":\"https:\/\/www.zoko.ro\/wp-content\/uploads\/2025\/03\/logo1.svg\",\"width\":799,\"height\":216,\"caption\":\"ZOKO\"},\"image\":{\"@id\":\"https:\/\/www.zoko.ro\/#\/schema\/logo\/image\/\"},\"sameAs\":[\"https:\/\/www.facebook.com\/profile.php?id=61584344135075\"]}]}<\/script>\n<!-- \/ Yoast SEO plugin. -->","yoast_head_json":{"title":"Umidificator de aer LED, Gonga\u00ae | ZOKO","robots":{"index":"index","follow":"follow","max-snippet":"max-snippet:-1","max-image-preview":"max-image-preview:large","max-video-preview":"max-video-preview:-1"},"canonical":"https:\/\/www.zoko.ro\/en\/p\/umidificator-de-aer-led-gonga-2\/","og_locale":"en_GB","og_type":"article","og_title":"Umidificator de aer LED, Gonga\u00ae | ZOKO","og_description":"Culoare: Alb Umidificatoarele de aer sunt dispozitive care regleaz\u0103 nivelul de umiditate.\u00a0 Datorit\u0103 propriet\u0103\u021bilor lor, au fost folosite \u00een case","og_url":"https:\/\/www.zoko.ro\/en\/p\/umidificator-de-aer-led-gonga-2\/","og_site_name":"ZOKO","article_publisher":"https:\/\/www.facebook.com\/profile.php?id=61584344135075","og_image":[{"width":958,"height":1200,"url":"https:\/\/www.zoko.ro\/wp-content\/uploads\/2025\/12\/umidificator-de-aer-aromaterapie-led-gonga-6.jpg","type":"image\/jpeg"}],"twitter_card":"summary_large_image","twitter_misc":{"Estimated reading time":"2 minutes"},"schema":{"@context":"https:\/\/schema.org","@graph":[{"@type":"WebPage","@id":"https:\/\/www.zoko.ro\/p\/umidificator-de-aer-led-gonga-2\/","url":"https:\/\/www.zoko.ro\/p\/umidificator-de-aer-led-gonga-2\/","name":"Umidificator de aer LED, Gonga\u00ae | ZOKO","isPartOf":{"@id":"https:\/\/www.zoko.ro\/#website"},"primaryImageOfPage":{"@id":"https:\/\/www.zoko.ro\/p\/umidificator-de-aer-led-gonga-2\/#primaryimage"},"image":{"@id":"https:\/\/www.zoko.ro\/p\/umidificator-de-aer-led-gonga-2\/#primaryimage"},"thumbnailUrl":"https:\/\/www.zoko.ro\/wp-content\/uploads\/2025\/12\/umidificator-de-aer-aromaterapie-led-gonga-6.jpg","datePublished":"2026-04-28T21:28:31+00:00","breadcrumb":{"@id":"https:\/\/www.zoko.ro\/p\/umidificator-de-aer-led-gonga-2\/#breadcrumb"},"inLanguage":"en-GB","potentialAction":[{"@type":"ReadAction","target":["https:\/\/www.zoko.ro\/p\/umidificator-de-aer-led-gonga-2\/"]}]},{"@type":"ImageObject","inLanguage":"en-GB","@id":"https:\/\/www.zoko.ro\/p\/umidificator-de-aer-led-gonga-2\/#primaryimage","url":"https:\/\/www.zoko.ro\/wp-content\/uploads\/2025\/12\/umidificator-de-aer-aromaterapie-led-gonga-6.jpg","contentUrl":"https:\/\/www.zoko.ro\/wp-content\/uploads\/2025\/12\/umidificator-de-aer-aromaterapie-led-gonga-6.jpg","width":958,"height":1200},{"@type":"BreadcrumbList","@id":"https:\/\/www.zoko.ro\/p\/umidificator-de-aer-led-gonga-2\/#breadcrumb","itemListElement":[{"@type":"ListItem","position":1,"name":"Home","item":"https:\/\/www.zoko.ro\/"},{"@type":"ListItem","position":2,"name":"Magazin","item":"https:\/\/www.zoko.ro\/magazin\/"},{"@type":"ListItem","position":3,"name":"Umidificator de aer LED, Gonga\u00ae"}]},{"@type":"WebSite","@id":"https:\/\/www.zoko.ro\/#website","url":"https:\/\/www.zoko.ro\/","name":"ZOKO.ro","description":"Cump\u0103r\u0103 inteligent","publisher":{"@id":"https:\/\/www.zoko.ro\/#organization"},"potentialAction":[{"@type":"SearchAction","target":{"@type":"EntryPoint","urlTemplate":"https:\/\/www.zoko.ro\/?s={search_term_string}"},"query-input":{"@type":"PropertyValueSpecification","valueRequired":true,"valueName":"search_term_string"}}],"inLanguage":"en-GB"},{"@type":"Organization","@id":"https:\/\/www.zoko.ro\/#organization","name":"ZOKO","url":"https:\/\/www.zoko.ro\/","logo":{"@type":"ImageObject","inLanguage":"en-GB","@id":"https:\/\/www.zoko.ro\/#\/schema\/logo\/image\/","url":"https:\/\/www.zoko.ro\/wp-content\/uploads\/2025\/03\/logo1.svg","contentUrl":"https:\/\/www.zoko.ro\/wp-content\/uploads\/2025\/03\/logo1.svg","width":799,"height":216,"caption":"ZOKO"},"image":{"@id":"https:\/\/www.zoko.ro\/#\/schema\/logo\/image\/"},"sameAs":["https:\/\/www.facebook.com\/profile.php?id=61584344135075"]}]}},"_links":{"self":[{"href":"https:\/\/www.zoko.ro\/en\/wp-json\/wp\/v2\/product\/30244","targetHints":{"allow":["GET"]}}],"collection":[{"href":"https:\/\/www.zoko.ro\/en\/wp-json\/wp\/v2\/product"}],"about":[{"href":"https:\/\/www.zoko.ro\/en\/wp-json\/wp\/v2\/types\/product"}],"replies":[{"embeddable":true,"href":"https:\/\/www.zoko.ro\/en\/wp-json\/wp\/v2\/comments?post=30244"}],"version-history":[{"count":1,"href":"https:\/\/www.zoko.ro\/en\/wp-json\/wp\/v2\/product\/30244\/revisions"}],"predecessor-version":[{"id":37961,"href":"https:\/\/www.zoko.ro\/en\/wp-json\/wp\/v2\/product\/30244\/revisions\/37961"}],"wp:featuredmedia":[{"embeddable":true,"href":"https:\/\/www.zoko.ro\/en\/wp-json\/wp\/v2\/media\/30245"}],"wp:attachment":[{"href":"https:\/\/www.zoko.ro\/en\/wp-json\/wp\/v2\/media?parent=30244"}],"wp:term":[{"taxonomy":"product_brand","embeddable":true,"href":"https:\/\/www.zoko.ro\/en\/wp-json\/wp\/v2\/product_brand?post=30244"},{"taxonomy":"product_cat","embeddable":true,"href":"https:\/\/www.zoko.ro\/en\/wp-json\/wp\/v2\/product_cat?post=30244"},{"taxonomy":"product_tag","embeddable":true,"href":"https:\/\/www.zoko.ro\/en\/wp-json\/wp\/v2\/product_tag?post=30244"}],"curies":[{"name":"wp","href":"https:\/\/api.w.org\/{rel}","templated":true}]}}