{"id":30265,"date":"2026-04-28T23:28:36","date_gmt":"2026-04-28T21:28:36","guid":{"rendered":"https:\/\/www.zoko.ro\/p\/banda-led-rgb-pentru-spatele-televizorului-4x50cm-gonga\/"},"modified":"2026-04-28T23:28:36","modified_gmt":"2026-04-28T21:28:36","slug":"banda-led-rgb-pentru-spatele-televizorului-4x50cm-gonga","status":"publish","type":"product","link":"https:\/\/www.zoko.ro\/en\/p\/banda-led-rgb-pentru-spatele-televizorului-4x50cm-gonga\/","title":{"rendered":"Banda LED RGB pentru spatele televizorului, 4x50cm, Gonga\u00ae"},"content":{"rendered":"<p><strong>Culoare:<\/strong> Multicolor<\/p>\n<p>Un set de patru benzi LED RGB pentru a ilumina peretele din spatele televizorului.\u00a0<\/p>\n<\/p>\n<p>Surs\u0103 de alimentare convenabil\u0103 (USB) \u0219i capacitatea de a conecta \u0219i deconecta orice num\u0103r de benzi (conectori incluse).\u00a0<\/p>\n<\/p>\n<p>Flexibilitatea benzilor v\u0103 permite s\u0103 le ajusta\u021bi la dimensiunea matricei sau la preferin\u021bele dvs.\u00a0<\/p>\n<\/p>\n<p>Setul include \u0219i o telecomand\u0103 IR, ceea ce faciliteaz\u0103 modificarea culorilor \u0219i efectelor LED-urilor.\u00a0<\/p>\n<\/p>\n<p>Asamblare rapid\u0103 datorit\u0103 utiliz\u0103rii benzii autoadezive cu dou\u0103 fe\u021be.<\/p>\n<\/p>\n<p>Caracteristicile produsului:<\/p>\n<\/p>\n<p>&#8211; Un set de patru benzi LED RGB pentru a ilumina peretele din spatele televizorului.<\/p>\n<p>&#8211; Convenabil \u0219i economise\u0219te energie (alimentat prin USB).<\/p>\n<p>&#8211; Posibilitatea de a conecta \u0219i deconecta orice num\u0103r de band\u0103 (conectori incluse).<\/p>\n<p>&#8211; Designul flexibil al benzii faciliteaz\u0103 ajustarea formei acesteia la preferin\u021bele dumneavoastr\u0103.<\/p>\n<p>&#8211; Telecomanda IR faciliteaz\u0103 modificarea culorilor \u0219i efectelor LED-urilor.<\/p>\n<p>&#8211; Asamblare rapid\u0103 datorit\u0103 benzii cu dou\u0103 fe\u021be.<\/p>\n<\/p>\n<p>Specifica\u021bie:<\/p>\n<\/p>\n<p>&#8211; Material: plastic<\/p>\n<p>&#8211; Alimentare (band\u0103): USB 5V<\/p>\n<p>&#8211; Alimentare (telecomand\u0103 IR): 1 baterie CR2025)<\/p>\n<p>&#8211; Num\u0103r de LED-uri: 15 pe o band\u0103<\/p>\n<p>&#8211; Tip LED: LED RGB (SMD 5050)<\/p>\n<p>&#8211; Durata de viata: pana la 50.000 h<\/p>\n<p>&#8211; 4x conectori pentru conectarea benzilor<\/p>\n<p>&#8211; Telecomand\u0103<\/p>\n<p>&#8211; Lungimea unei benzi: 50 cm<\/p>\n<p>&#8211; L\u0103\u021bimea benzii: 1 cm<\/p>\n<p>&#8211; Grosimea benzii: 0,2 cm<\/p>","protected":false},"excerpt":{"rendered":"<p>Culoare: Multicolor Un set de patru benzi LED RGB pentru a ilumina peretele din spatele televizorului.\u00a0 Surs\u0103 de alimentare convenabil\u0103<\/p>","protected":false},"featured_media":30266,"comment_status":"open","ping_status":"open","template":"","meta":[],"product_brand":[],"product_cat":[99,332,330],"product_tag":[],"class_list":{"0":"post-30265","1":"product","2":"type-product","3":"status-publish","4":"has-post-thumbnail","6":"product_cat-acasa","7":"product_cat-alte-gadgeturi","8":"product_cat-gadgeturi","9":"pa_culoare-multicolor","11":"first","12":"outofstock","13":"sale","14":"purchasable","15":"product-type-simple"},"yoast_head":"<!-- This site is optimized with the Yoast SEO plugin v27.2 - https:\/\/yoast.com\/product\/yoast-seo-wordpress\/ -->\n<title>Banda LED RGB pentru spatele televizorului, 4x50cm, Gonga\u00ae | ZOKO<\/title>\n<meta name=\"robots\" content=\"index, follow, max-snippet:-1, max-image-preview:large, max-video-preview:-1\" \/>\n<link rel=\"canonical\" href=\"https:\/\/www.zoko.ro\/en\/p\/banda-led-rgb-pentru-spatele-televizorului-4x50cm-gonga\/\" \/>\n<meta property=\"og:locale\" content=\"en_GB\" \/>\n<meta property=\"og:type\" content=\"article\" \/>\n<meta property=\"og:title\" content=\"Banda LED RGB pentru spatele televizorului, 4x50cm, Gonga\u00ae | ZOKO\" \/>\n<meta property=\"og:description\" content=\"Culoare: Multicolor Un set de patru benzi LED RGB pentru a ilumina peretele din spatele televizorului.\u00a0 Surs\u0103 de alimentare convenabil\u0103\" \/>\n<meta property=\"og:url\" content=\"https:\/\/www.zoko.ro\/en\/p\/banda-led-rgb-pentru-spatele-televizorului-4x50cm-gonga\/\" \/>\n<meta property=\"og:site_name\" content=\"ZOKO\" \/>\n<meta property=\"article:publisher\" content=\"https:\/\/www.facebook.com\/profile.php?id=61584344135075\" \/>\n<meta property=\"og:image\" content=\"https:\/\/www.zoko.ro\/wp-content\/uploads\/2025\/12\/banda-led-rgb-pentru-spatele-televizorului-4x50cm-gonga.jpg\" \/>\n\t<meta property=\"og:image:width\" content=\"1200\" \/>\n\t<meta property=\"og:image:height\" content=\"1200\" \/>\n\t<meta property=\"og:image:type\" content=\"image\/jpeg\" \/>\n<meta name=\"twitter:card\" content=\"summary_large_image\" \/>\n<meta name=\"twitter:label1\" content=\"Estimated reading time\" \/>\n\t<meta name=\"twitter:data1\" content=\"1 minute\" \/>\n<script type=\"application\/ld+json\" class=\"yoast-schema-graph\">{\"@context\":\"https:\/\/schema.org\",\"@graph\":[{\"@type\":\"WebPage\",\"@id\":\"https:\/\/www.zoko.ro\/p\/banda-led-rgb-pentru-spatele-televizorului-4x50cm-gonga\/\",\"url\":\"https:\/\/www.zoko.ro\/p\/banda-led-rgb-pentru-spatele-televizorului-4x50cm-gonga\/\",\"name\":\"Banda LED RGB pentru spatele televizorului, 4x50cm, Gonga\u00ae | ZOKO\",\"isPartOf\":{\"@id\":\"https:\/\/www.zoko.ro\/#website\"},\"primaryImageOfPage\":{\"@id\":\"https:\/\/www.zoko.ro\/p\/banda-led-rgb-pentru-spatele-televizorului-4x50cm-gonga\/#primaryimage\"},\"image\":{\"@id\":\"https:\/\/www.zoko.ro\/p\/banda-led-rgb-pentru-spatele-televizorului-4x50cm-gonga\/#primaryimage\"},\"thumbnailUrl\":\"https:\/\/www.zoko.ro\/wp-content\/uploads\/2025\/12\/banda-led-rgb-pentru-spatele-televizorului-4x50cm-gonga.jpg\",\"datePublished\":\"2026-04-28T21:28:36+00:00\",\"breadcrumb\":{\"@id\":\"https:\/\/www.zoko.ro\/p\/banda-led-rgb-pentru-spatele-televizorului-4x50cm-gonga\/#breadcrumb\"},\"inLanguage\":\"en-GB\",\"potentialAction\":[{\"@type\":\"ReadAction\",\"target\":[\"https:\/\/www.zoko.ro\/p\/banda-led-rgb-pentru-spatele-televizorului-4x50cm-gonga\/\"]}]},{\"@type\":\"ImageObject\",\"inLanguage\":\"en-GB\",\"@id\":\"https:\/\/www.zoko.ro\/p\/banda-led-rgb-pentru-spatele-televizorului-4x50cm-gonga\/#primaryimage\",\"url\":\"https:\/\/www.zoko.ro\/wp-content\/uploads\/2025\/12\/banda-led-rgb-pentru-spatele-televizorului-4x50cm-gonga.jpg\",\"contentUrl\":\"https:\/\/www.zoko.ro\/wp-content\/uploads\/2025\/12\/banda-led-rgb-pentru-spatele-televizorului-4x50cm-gonga.jpg\",\"width\":1200,\"height\":1200},{\"@type\":\"BreadcrumbList\",\"@id\":\"https:\/\/www.zoko.ro\/p\/banda-led-rgb-pentru-spatele-televizorului-4x50cm-gonga\/#breadcrumb\",\"itemListElement\":[{\"@type\":\"ListItem\",\"position\":1,\"name\":\"Home\",\"item\":\"https:\/\/www.zoko.ro\/\"},{\"@type\":\"ListItem\",\"position\":2,\"name\":\"Magazin\",\"item\":\"https:\/\/www.zoko.ro\/magazin\/\"},{\"@type\":\"ListItem\",\"position\":3,\"name\":\"Banda LED RGB pentru spatele televizorului, 4x50cm, Gonga\u00ae\"}]},{\"@type\":\"WebSite\",\"@id\":\"https:\/\/www.zoko.ro\/#website\",\"url\":\"https:\/\/www.zoko.ro\/\",\"name\":\"ZOKO.ro\",\"description\":\"Cump\u0103r\u0103 inteligent\",\"publisher\":{\"@id\":\"https:\/\/www.zoko.ro\/#organization\"},\"potentialAction\":[{\"@type\":\"SearchAction\",\"target\":{\"@type\":\"EntryPoint\",\"urlTemplate\":\"https:\/\/www.zoko.ro\/?s={search_term_string}\"},\"query-input\":{\"@type\":\"PropertyValueSpecification\",\"valueRequired\":true,\"valueName\":\"search_term_string\"}}],\"inLanguage\":\"en-GB\"},{\"@type\":\"Organization\",\"@id\":\"https:\/\/www.zoko.ro\/#organization\",\"name\":\"ZOKO\",\"url\":\"https:\/\/www.zoko.ro\/\",\"logo\":{\"@type\":\"ImageObject\",\"inLanguage\":\"en-GB\",\"@id\":\"https:\/\/www.zoko.ro\/#\/schema\/logo\/image\/\",\"url\":\"https:\/\/www.zoko.ro\/wp-content\/uploads\/2025\/03\/logo1.svg\",\"contentUrl\":\"https:\/\/www.zoko.ro\/wp-content\/uploads\/2025\/03\/logo1.svg\",\"width\":799,\"height\":216,\"caption\":\"ZOKO\"},\"image\":{\"@id\":\"https:\/\/www.zoko.ro\/#\/schema\/logo\/image\/\"},\"sameAs\":[\"https:\/\/www.facebook.com\/profile.php?id=61584344135075\"]}]}<\/script>\n<!-- \/ Yoast SEO plugin. -->","yoast_head_json":{"title":"Banda LED RGB pentru spatele televizorului, 4x50cm, Gonga\u00ae | ZOKO","robots":{"index":"index","follow":"follow","max-snippet":"max-snippet:-1","max-image-preview":"max-image-preview:large","max-video-preview":"max-video-preview:-1"},"canonical":"https:\/\/www.zoko.ro\/en\/p\/banda-led-rgb-pentru-spatele-televizorului-4x50cm-gonga\/","og_locale":"en_GB","og_type":"article","og_title":"Banda LED RGB pentru spatele televizorului, 4x50cm, Gonga\u00ae | ZOKO","og_description":"Culoare: Multicolor Un set de patru benzi LED RGB pentru a ilumina peretele din spatele televizorului.\u00a0 Surs\u0103 de alimentare convenabil\u0103","og_url":"https:\/\/www.zoko.ro\/en\/p\/banda-led-rgb-pentru-spatele-televizorului-4x50cm-gonga\/","og_site_name":"ZOKO","article_publisher":"https:\/\/www.facebook.com\/profile.php?id=61584344135075","og_image":[{"width":1200,"height":1200,"url":"https:\/\/www.zoko.ro\/wp-content\/uploads\/2025\/12\/banda-led-rgb-pentru-spatele-televizorului-4x50cm-gonga.jpg","type":"image\/jpeg"}],"twitter_card":"summary_large_image","twitter_misc":{"Estimated reading time":"1 minute"},"schema":{"@context":"https:\/\/schema.org","@graph":[{"@type":"WebPage","@id":"https:\/\/www.zoko.ro\/p\/banda-led-rgb-pentru-spatele-televizorului-4x50cm-gonga\/","url":"https:\/\/www.zoko.ro\/p\/banda-led-rgb-pentru-spatele-televizorului-4x50cm-gonga\/","name":"Banda LED RGB pentru spatele televizorului, 4x50cm, Gonga\u00ae | ZOKO","isPartOf":{"@id":"https:\/\/www.zoko.ro\/#website"},"primaryImageOfPage":{"@id":"https:\/\/www.zoko.ro\/p\/banda-led-rgb-pentru-spatele-televizorului-4x50cm-gonga\/#primaryimage"},"image":{"@id":"https:\/\/www.zoko.ro\/p\/banda-led-rgb-pentru-spatele-televizorului-4x50cm-gonga\/#primaryimage"},"thumbnailUrl":"https:\/\/www.zoko.ro\/wp-content\/uploads\/2025\/12\/banda-led-rgb-pentru-spatele-televizorului-4x50cm-gonga.jpg","datePublished":"2026-04-28T21:28:36+00:00","breadcrumb":{"@id":"https:\/\/www.zoko.ro\/p\/banda-led-rgb-pentru-spatele-televizorului-4x50cm-gonga\/#breadcrumb"},"inLanguage":"en-GB","potentialAction":[{"@type":"ReadAction","target":["https:\/\/www.zoko.ro\/p\/banda-led-rgb-pentru-spatele-televizorului-4x50cm-gonga\/"]}]},{"@type":"ImageObject","inLanguage":"en-GB","@id":"https:\/\/www.zoko.ro\/p\/banda-led-rgb-pentru-spatele-televizorului-4x50cm-gonga\/#primaryimage","url":"https:\/\/www.zoko.ro\/wp-content\/uploads\/2025\/12\/banda-led-rgb-pentru-spatele-televizorului-4x50cm-gonga.jpg","contentUrl":"https:\/\/www.zoko.ro\/wp-content\/uploads\/2025\/12\/banda-led-rgb-pentru-spatele-televizorului-4x50cm-gonga.jpg","width":1200,"height":1200},{"@type":"BreadcrumbList","@id":"https:\/\/www.zoko.ro\/p\/banda-led-rgb-pentru-spatele-televizorului-4x50cm-gonga\/#breadcrumb","itemListElement":[{"@type":"ListItem","position":1,"name":"Home","item":"https:\/\/www.zoko.ro\/"},{"@type":"ListItem","position":2,"name":"Magazin","item":"https:\/\/www.zoko.ro\/magazin\/"},{"@type":"ListItem","position":3,"name":"Banda LED RGB pentru spatele televizorului, 4x50cm, Gonga\u00ae"}]},{"@type":"WebSite","@id":"https:\/\/www.zoko.ro\/#website","url":"https:\/\/www.zoko.ro\/","name":"ZOKO.ro","description":"Cump\u0103r\u0103 inteligent","publisher":{"@id":"https:\/\/www.zoko.ro\/#organization"},"potentialAction":[{"@type":"SearchAction","target":{"@type":"EntryPoint","urlTemplate":"https:\/\/www.zoko.ro\/?s={search_term_string}"},"query-input":{"@type":"PropertyValueSpecification","valueRequired":true,"valueName":"search_term_string"}}],"inLanguage":"en-GB"},{"@type":"Organization","@id":"https:\/\/www.zoko.ro\/#organization","name":"ZOKO","url":"https:\/\/www.zoko.ro\/","logo":{"@type":"ImageObject","inLanguage":"en-GB","@id":"https:\/\/www.zoko.ro\/#\/schema\/logo\/image\/","url":"https:\/\/www.zoko.ro\/wp-content\/uploads\/2025\/03\/logo1.svg","contentUrl":"https:\/\/www.zoko.ro\/wp-content\/uploads\/2025\/03\/logo1.svg","width":799,"height":216,"caption":"ZOKO"},"image":{"@id":"https:\/\/www.zoko.ro\/#\/schema\/logo\/image\/"},"sameAs":["https:\/\/www.facebook.com\/profile.php?id=61584344135075"]}]}},"_links":{"self":[{"href":"https:\/\/www.zoko.ro\/en\/wp-json\/wp\/v2\/product\/30265","targetHints":{"allow":["GET"]}}],"collection":[{"href":"https:\/\/www.zoko.ro\/en\/wp-json\/wp\/v2\/product"}],"about":[{"href":"https:\/\/www.zoko.ro\/en\/wp-json\/wp\/v2\/types\/product"}],"replies":[{"embeddable":true,"href":"https:\/\/www.zoko.ro\/en\/wp-json\/wp\/v2\/comments?post=30265"}],"version-history":[{"count":1,"href":"https:\/\/www.zoko.ro\/en\/wp-json\/wp\/v2\/product\/30265\/revisions"}],"predecessor-version":[{"id":37968,"href":"https:\/\/www.zoko.ro\/en\/wp-json\/wp\/v2\/product\/30265\/revisions\/37968"}],"wp:featuredmedia":[{"embeddable":true,"href":"https:\/\/www.zoko.ro\/en\/wp-json\/wp\/v2\/media\/30266"}],"wp:attachment":[{"href":"https:\/\/www.zoko.ro\/en\/wp-json\/wp\/v2\/media?parent=30265"}],"wp:term":[{"taxonomy":"product_brand","embeddable":true,"href":"https:\/\/www.zoko.ro\/en\/wp-json\/wp\/v2\/product_brand?post=30265"},{"taxonomy":"product_cat","embeddable":true,"href":"https:\/\/www.zoko.ro\/en\/wp-json\/wp\/v2\/product_cat?post=30265"},{"taxonomy":"product_tag","embeddable":true,"href":"https:\/\/www.zoko.ro\/en\/wp-json\/wp\/v2\/product_tag?post=30265"}],"curies":[{"name":"wp","href":"https:\/\/api.w.org\/{rel}","templated":true}]}}