{"id":30318,"date":"2026-04-28T23:28:41","date_gmt":"2026-04-28T21:28:41","guid":{"rendered":"https:\/\/www.zoko.ro\/p\/pistol-de-jucarie-cu-lansator-de-avioane-si-masinute-gonga\/"},"modified":"2026-04-28T23:28:42","modified_gmt":"2026-04-28T21:28:42","slug":"pistol-de-jucarie-cu-lansator-de-avioane-si-masinute-gonga","status":"publish","type":"product","link":"https:\/\/www.zoko.ro\/en\/p\/pistol-de-jucarie-cu-lansator-de-avioane-si-masinute-gonga\/","title":{"rendered":"Pistol de juc\u0103rie cu lansator de avioane si masinute, Gonga\u00ae"},"content":{"rendered":"<p><strong>Culoare:<\/strong> Multicolor<\/p>\n<p>Sim\u021bi\u021bi adev\u0103rata bucurie de a zbura.<\/p>\n<\/p>\n<p>Nu l\u0103sa imagina\u021bia s\u0103 te limiteze. Pute\u021bi \u201ezbura\u201d oriunde dori\u021bi \u0219i \u00eentr-un ritm expres.<\/p>\n<\/p>\n<p>\u0218i toate acestea datorit\u0103 unui pistol unic \u0219i a unor avioane extrem de u\u0219oare. Un curs nu este suficient pentru a ajunge la destina\u021bie? Nicio problem\u0103, setul are p\u00e2n\u0103 la 3 avioane, \u00een plus, setul include o ma\u0219in\u0103 care va duce c\u0103l\u0103torul direct la u\u0219\u0103.<\/p>\n<\/p>\n<p>Aceast\u0103 arm\u0103 nu trage cu muni\u021bie! Ea este mult mai bun\u0103. Face ca avionul s\u0103 mearg\u0103 foarte sus \u0219i departe. Tu nu crezi? Convinge-te singur!<\/p>\n<\/p>\n<p>Sau poate \u00ee\u021bi place adrenalina competi\u021biei?<\/p>\n<\/p>\n<p>E fantastic! Pute\u021bi organiza un concurs. Verifica\u021bi cine este cel mai bun tr\u0103g\u0103tor. Cel care face ca avionul s\u0103 mearg\u0103 mai departe va fi c\u00e2\u0219tig\u0103tor.<\/p>\n<\/p>\n<p>Fiecare dintre juc\u0103tori poate avea propriul avion, setul include p\u00e2n\u0103 la 3.<\/p>\n<\/p>\n<p>Avioanele au fost realizate din spum\u0103 moale cu adaos de elemente de plastic \u0219i h\u00e2rtie. Sunt foarte u\u0219oare, a\u0219a c\u0103 pot zbura foarte repede \u0219i departe.<\/p>\n<\/p>\n<p>Iar c\u00e2nd te plictise\u0219ti de zbor, este timpul s\u0103 treci la un mijloc de transport mai practic \u2013 ma\u0219ina. De asemenea, pute\u021bi pune ma\u0219ina \u00een mi\u0219care folosind lansatorul. Introduce\u021bi-le \u00een orificiul de pe spatele pistolului, trage\u021bi de tr\u0103gaci \u0219i ap\u0103sa\u021bi-l u\u0219or. Ma\u0219ina poate circula doar pe podea, fii atent, nu are propriet\u0103\u021bi magice \u0219i nu poate zbura. De asemenea, po\u021bi folosi vehicule din colec\u021bia ta pentru a te juca cu lansatorul de ma\u0219ini, este suficient dac\u0103 sunt suficient de u\u0219oare \u0219i se potrivesc cu gaura.<\/p>\n<\/p>\n<p>Po\u021bi fi sigur c\u0103 distrac\u021bia nu se va termina niciodat\u0103. Va oferi o mul\u021bime de divertisment fantastic.<\/p>\n<\/p>\n<p>Jocul cu un lansator de avion este o modalitate excelent\u0103 de a sprijini dezvoltarea abilit\u0103\u021bilor manuale, a imagina\u021biei \u0219i a reflexelor unui copil.<\/p>\n<\/p>\n<p>O alternativ\u0103 excelent\u0103 la jocurile pe calculator, \u00eei va distrage aten\u021bia copilului de la a sta mult timp \u00een fa\u021ba telefonului sau a ecranului televizorului \u0219i \u00eel va \u00eencuraja s\u0103 petreac\u0103 timpul \u00een mod activ.<\/p>\n<\/p>\n<p>Cu siguran\u021b\u0103, juc\u0103ria va atrage nu numai copiii, ci \u0219i adul\u021bii.<\/p>\n<\/p>\n<p>Forma original\u0103 \u0219i culorile saturate vor atrage aten\u021bia copilului \u0219i vor \u00eencuraja jocul.<\/p>\n<\/p>\n<p>O idee grozav\u0103 de cadou pentru un mic pasionat de avia\u021bie.<\/p>\n<\/p>\n<p>Con\u021binut kit:<\/p>\n<\/p>\n<p>lansator<\/p>\n<p>3x avioane<\/p>\n<p>1x masina<\/p>\n<p>Material: plastic + aripi din spuma in avioane<\/p>\n<\/p>\n<p>Produsul nu necesit\u0103 utilizarea bateriilor.<\/p>\n<\/p>\n<p>dimensiuni:<\/p>\n<\/p>\n<p>dimensiuni pistol: 20cm x 5cm x 10cm<\/p>\n<p>dimensiuni avion: 9,5 cm x 11,5 cm x 2,5 cm<\/p>\n<p>dimensiuni autoturism: 7,5 cm x 3 cm x 1,7 cm<\/p>\n<p>Dimensiuni pachet: 30cm x 22cm x 6.5cm<\/p><\/p>","protected":false},"excerpt":{"rendered":"<p>Culoare: Multicolor Sim\u021bi\u021bi adev\u0103rata bucurie de a zbura. Nu l\u0103sa imagina\u021bia s\u0103 te limiteze. Pute\u021bi \u201ezbura\u201d oriunde dori\u021bi \u0219i \u00eentr-un<\/p>","protected":false},"featured_media":30319,"comment_status":"open","ping_status":"open","template":"","meta":[],"product_brand":[],"product_cat":[99,333,334,381],"product_tag":[104],"class_list":{"0":"post-30318","1":"product","2":"type-product","3":"status-publish","4":"has-post-thumbnail","6":"product_cat-acasa","7":"product_cat-jucarii","8":"product_cat-jucarii-jocuri-educative","9":"product_cat-jucarii-interactive","10":"product_tag-in-stoc","11":"pa_culoare-multicolor","13":"first","14":"instock","15":"sale","16":"purchasable","17":"product-type-simple"},"yoast_head":"<!-- This site is optimized with the Yoast SEO plugin v27.2 - https:\/\/yoast.com\/product\/yoast-seo-wordpress\/ -->\n<title>Pistol de juc\u0103rie cu lansator de avioane si masinute, Gonga\u00ae | ZOKO<\/title>\n<meta name=\"robots\" content=\"index, follow, max-snippet:-1, max-image-preview:large, max-video-preview:-1\" \/>\n<link rel=\"canonical\" href=\"https:\/\/www.zoko.ro\/en\/p\/pistol-de-jucarie-cu-lansator-de-avioane-si-masinute-gonga\/\" \/>\n<meta property=\"og:locale\" content=\"en_GB\" \/>\n<meta property=\"og:type\" content=\"article\" \/>\n<meta property=\"og:title\" content=\"Pistol de juc\u0103rie cu lansator de avioane si masinute, Gonga\u00ae | ZOKO\" \/>\n<meta property=\"og:description\" content=\"Culoare: Multicolor Sim\u021bi\u021bi adev\u0103rata bucurie de a zbura. Nu l\u0103sa imagina\u021bia s\u0103 te limiteze. Pute\u021bi \u201ezbura\u201d oriunde dori\u021bi \u0219i \u00eentr-un\" \/>\n<meta property=\"og:url\" content=\"https:\/\/www.zoko.ro\/en\/p\/pistol-de-jucarie-cu-lansator-de-avioane-si-masinute-gonga\/\" \/>\n<meta property=\"og:site_name\" content=\"ZOKO\" \/>\n<meta property=\"article:publisher\" content=\"https:\/\/www.facebook.com\/profile.php?id=61584344135075\" \/>\n<meta property=\"article:modified_time\" content=\"2026-04-28T21:28:42+00:00\" \/>\n<meta property=\"og:image\" content=\"https:\/\/www.zoko.ro\/wp-content\/uploads\/2025\/12\/pistol-de-jucarie-cu-lansator-de-avioane-si-masinute-gonga.jpg\" \/>\n\t<meta property=\"og:image:width\" content=\"1024\" \/>\n\t<meta property=\"og:image:height\" content=\"768\" \/>\n\t<meta property=\"og:image:type\" content=\"image\/jpeg\" \/>\n<meta name=\"twitter:card\" content=\"summary_large_image\" \/>\n<meta name=\"twitter:label1\" content=\"Estimated reading time\" \/>\n\t<meta name=\"twitter:data1\" content=\"2 minutes\" \/>\n<script type=\"application\/ld+json\" class=\"yoast-schema-graph\">{\"@context\":\"https:\/\/schema.org\",\"@graph\":[{\"@type\":\"WebPage\",\"@id\":\"https:\/\/www.zoko.ro\/p\/pistol-de-jucarie-cu-lansator-de-avioane-si-masinute-gonga\/\",\"url\":\"https:\/\/www.zoko.ro\/p\/pistol-de-jucarie-cu-lansator-de-avioane-si-masinute-gonga\/\",\"name\":\"Pistol de juc\u0103rie cu lansator de avioane si masinute, Gonga\u00ae | ZOKO\",\"isPartOf\":{\"@id\":\"https:\/\/www.zoko.ro\/#website\"},\"primaryImageOfPage\":{\"@id\":\"https:\/\/www.zoko.ro\/p\/pistol-de-jucarie-cu-lansator-de-avioane-si-masinute-gonga\/#primaryimage\"},\"image\":{\"@id\":\"https:\/\/www.zoko.ro\/p\/pistol-de-jucarie-cu-lansator-de-avioane-si-masinute-gonga\/#primaryimage\"},\"thumbnailUrl\":\"https:\/\/www.zoko.ro\/wp-content\/uploads\/2025\/12\/pistol-de-jucarie-cu-lansator-de-avioane-si-masinute-gonga.jpg\",\"datePublished\":\"2026-04-28T21:28:41+00:00\",\"dateModified\":\"2026-04-28T21:28:42+00:00\",\"breadcrumb\":{\"@id\":\"https:\/\/www.zoko.ro\/p\/pistol-de-jucarie-cu-lansator-de-avioane-si-masinute-gonga\/#breadcrumb\"},\"inLanguage\":\"en-GB\",\"potentialAction\":[{\"@type\":\"ReadAction\",\"target\":[\"https:\/\/www.zoko.ro\/p\/pistol-de-jucarie-cu-lansator-de-avioane-si-masinute-gonga\/\"]}]},{\"@type\":\"ImageObject\",\"inLanguage\":\"en-GB\",\"@id\":\"https:\/\/www.zoko.ro\/p\/pistol-de-jucarie-cu-lansator-de-avioane-si-masinute-gonga\/#primaryimage\",\"url\":\"https:\/\/www.zoko.ro\/wp-content\/uploads\/2025\/12\/pistol-de-jucarie-cu-lansator-de-avioane-si-masinute-gonga.jpg\",\"contentUrl\":\"https:\/\/www.zoko.ro\/wp-content\/uploads\/2025\/12\/pistol-de-jucarie-cu-lansator-de-avioane-si-masinute-gonga.jpg\",\"width\":1024,\"height\":768},{\"@type\":\"BreadcrumbList\",\"@id\":\"https:\/\/www.zoko.ro\/p\/pistol-de-jucarie-cu-lansator-de-avioane-si-masinute-gonga\/#breadcrumb\",\"itemListElement\":[{\"@type\":\"ListItem\",\"position\":1,\"name\":\"Home\",\"item\":\"https:\/\/www.zoko.ro\/\"},{\"@type\":\"ListItem\",\"position\":2,\"name\":\"Magazin\",\"item\":\"https:\/\/www.zoko.ro\/magazin\/\"},{\"@type\":\"ListItem\",\"position\":3,\"name\":\"Pistol de juc\u0103rie cu lansator de avioane si masinute, Gonga\u00ae\"}]},{\"@type\":\"WebSite\",\"@id\":\"https:\/\/www.zoko.ro\/#website\",\"url\":\"https:\/\/www.zoko.ro\/\",\"name\":\"ZOKO.ro\",\"description\":\"Cump\u0103r\u0103 inteligent\",\"publisher\":{\"@id\":\"https:\/\/www.zoko.ro\/#organization\"},\"potentialAction\":[{\"@type\":\"SearchAction\",\"target\":{\"@type\":\"EntryPoint\",\"urlTemplate\":\"https:\/\/www.zoko.ro\/?s={search_term_string}\"},\"query-input\":{\"@type\":\"PropertyValueSpecification\",\"valueRequired\":true,\"valueName\":\"search_term_string\"}}],\"inLanguage\":\"en-GB\"},{\"@type\":\"Organization\",\"@id\":\"https:\/\/www.zoko.ro\/#organization\",\"name\":\"ZOKO\",\"url\":\"https:\/\/www.zoko.ro\/\",\"logo\":{\"@type\":\"ImageObject\",\"inLanguage\":\"en-GB\",\"@id\":\"https:\/\/www.zoko.ro\/#\/schema\/logo\/image\/\",\"url\":\"https:\/\/www.zoko.ro\/wp-content\/uploads\/2025\/03\/logo1.svg\",\"contentUrl\":\"https:\/\/www.zoko.ro\/wp-content\/uploads\/2025\/03\/logo1.svg\",\"width\":799,\"height\":216,\"caption\":\"ZOKO\"},\"image\":{\"@id\":\"https:\/\/www.zoko.ro\/#\/schema\/logo\/image\/\"},\"sameAs\":[\"https:\/\/www.facebook.com\/profile.php?id=61584344135075\"]}]}<\/script>\n<!-- \/ Yoast SEO plugin. -->","yoast_head_json":{"title":"Pistol de juc\u0103rie cu lansator de avioane si masinute, Gonga\u00ae | ZOKO","robots":{"index":"index","follow":"follow","max-snippet":"max-snippet:-1","max-image-preview":"max-image-preview:large","max-video-preview":"max-video-preview:-1"},"canonical":"https:\/\/www.zoko.ro\/en\/p\/pistol-de-jucarie-cu-lansator-de-avioane-si-masinute-gonga\/","og_locale":"en_GB","og_type":"article","og_title":"Pistol de juc\u0103rie cu lansator de avioane si masinute, Gonga\u00ae | ZOKO","og_description":"Culoare: Multicolor Sim\u021bi\u021bi adev\u0103rata bucurie de a zbura. Nu l\u0103sa imagina\u021bia s\u0103 te limiteze. Pute\u021bi \u201ezbura\u201d oriunde dori\u021bi \u0219i \u00eentr-un","og_url":"https:\/\/www.zoko.ro\/en\/p\/pistol-de-jucarie-cu-lansator-de-avioane-si-masinute-gonga\/","og_site_name":"ZOKO","article_publisher":"https:\/\/www.facebook.com\/profile.php?id=61584344135075","article_modified_time":"2026-04-28T21:28:42+00:00","og_image":[{"width":1024,"height":768,"url":"https:\/\/www.zoko.ro\/wp-content\/uploads\/2025\/12\/pistol-de-jucarie-cu-lansator-de-avioane-si-masinute-gonga.jpg","type":"image\/jpeg"}],"twitter_card":"summary_large_image","twitter_misc":{"Estimated reading time":"2 minutes"},"schema":{"@context":"https:\/\/schema.org","@graph":[{"@type":"WebPage","@id":"https:\/\/www.zoko.ro\/p\/pistol-de-jucarie-cu-lansator-de-avioane-si-masinute-gonga\/","url":"https:\/\/www.zoko.ro\/p\/pistol-de-jucarie-cu-lansator-de-avioane-si-masinute-gonga\/","name":"Pistol de juc\u0103rie cu lansator de avioane si masinute, Gonga\u00ae | ZOKO","isPartOf":{"@id":"https:\/\/www.zoko.ro\/#website"},"primaryImageOfPage":{"@id":"https:\/\/www.zoko.ro\/p\/pistol-de-jucarie-cu-lansator-de-avioane-si-masinute-gonga\/#primaryimage"},"image":{"@id":"https:\/\/www.zoko.ro\/p\/pistol-de-jucarie-cu-lansator-de-avioane-si-masinute-gonga\/#primaryimage"},"thumbnailUrl":"https:\/\/www.zoko.ro\/wp-content\/uploads\/2025\/12\/pistol-de-jucarie-cu-lansator-de-avioane-si-masinute-gonga.jpg","datePublished":"2026-04-28T21:28:41+00:00","dateModified":"2026-04-28T21:28:42+00:00","breadcrumb":{"@id":"https:\/\/www.zoko.ro\/p\/pistol-de-jucarie-cu-lansator-de-avioane-si-masinute-gonga\/#breadcrumb"},"inLanguage":"en-GB","potentialAction":[{"@type":"ReadAction","target":["https:\/\/www.zoko.ro\/p\/pistol-de-jucarie-cu-lansator-de-avioane-si-masinute-gonga\/"]}]},{"@type":"ImageObject","inLanguage":"en-GB","@id":"https:\/\/www.zoko.ro\/p\/pistol-de-jucarie-cu-lansator-de-avioane-si-masinute-gonga\/#primaryimage","url":"https:\/\/www.zoko.ro\/wp-content\/uploads\/2025\/12\/pistol-de-jucarie-cu-lansator-de-avioane-si-masinute-gonga.jpg","contentUrl":"https:\/\/www.zoko.ro\/wp-content\/uploads\/2025\/12\/pistol-de-jucarie-cu-lansator-de-avioane-si-masinute-gonga.jpg","width":1024,"height":768},{"@type":"BreadcrumbList","@id":"https:\/\/www.zoko.ro\/p\/pistol-de-jucarie-cu-lansator-de-avioane-si-masinute-gonga\/#breadcrumb","itemListElement":[{"@type":"ListItem","position":1,"name":"Home","item":"https:\/\/www.zoko.ro\/"},{"@type":"ListItem","position":2,"name":"Magazin","item":"https:\/\/www.zoko.ro\/magazin\/"},{"@type":"ListItem","position":3,"name":"Pistol de juc\u0103rie cu lansator de avioane si masinute, Gonga\u00ae"}]},{"@type":"WebSite","@id":"https:\/\/www.zoko.ro\/#website","url":"https:\/\/www.zoko.ro\/","name":"ZOKO.ro","description":"Cump\u0103r\u0103 inteligent","publisher":{"@id":"https:\/\/www.zoko.ro\/#organization"},"potentialAction":[{"@type":"SearchAction","target":{"@type":"EntryPoint","urlTemplate":"https:\/\/www.zoko.ro\/?s={search_term_string}"},"query-input":{"@type":"PropertyValueSpecification","valueRequired":true,"valueName":"search_term_string"}}],"inLanguage":"en-GB"},{"@type":"Organization","@id":"https:\/\/www.zoko.ro\/#organization","name":"ZOKO","url":"https:\/\/www.zoko.ro\/","logo":{"@type":"ImageObject","inLanguage":"en-GB","@id":"https:\/\/www.zoko.ro\/#\/schema\/logo\/image\/","url":"https:\/\/www.zoko.ro\/wp-content\/uploads\/2025\/03\/logo1.svg","contentUrl":"https:\/\/www.zoko.ro\/wp-content\/uploads\/2025\/03\/logo1.svg","width":799,"height":216,"caption":"ZOKO"},"image":{"@id":"https:\/\/www.zoko.ro\/#\/schema\/logo\/image\/"},"sameAs":["https:\/\/www.facebook.com\/profile.php?id=61584344135075"]}]}},"_links":{"self":[{"href":"https:\/\/www.zoko.ro\/en\/wp-json\/wp\/v2\/product\/30318","targetHints":{"allow":["GET"]}}],"collection":[{"href":"https:\/\/www.zoko.ro\/en\/wp-json\/wp\/v2\/product"}],"about":[{"href":"https:\/\/www.zoko.ro\/en\/wp-json\/wp\/v2\/types\/product"}],"replies":[{"embeddable":true,"href":"https:\/\/www.zoko.ro\/en\/wp-json\/wp\/v2\/comments?post=30318"}],"version-history":[{"count":1,"href":"https:\/\/www.zoko.ro\/en\/wp-json\/wp\/v2\/product\/30318\/revisions"}],"predecessor-version":[{"id":34191,"href":"https:\/\/www.zoko.ro\/en\/wp-json\/wp\/v2\/product\/30318\/revisions\/34191"}],"wp:featuredmedia":[{"embeddable":true,"href":"https:\/\/www.zoko.ro\/en\/wp-json\/wp\/v2\/media\/30319"}],"wp:attachment":[{"href":"https:\/\/www.zoko.ro\/en\/wp-json\/wp\/v2\/media?parent=30318"}],"wp:term":[{"taxonomy":"product_brand","embeddable":true,"href":"https:\/\/www.zoko.ro\/en\/wp-json\/wp\/v2\/product_brand?post=30318"},{"taxonomy":"product_cat","embeddable":true,"href":"https:\/\/www.zoko.ro\/en\/wp-json\/wp\/v2\/product_cat?post=30318"},{"taxonomy":"product_tag","embeddable":true,"href":"https:\/\/www.zoko.ro\/en\/wp-json\/wp\/v2\/product_tag?post=30318"}],"curies":[{"name":"wp","href":"https:\/\/api.w.org\/{rel}","templated":true}]}}