{"id":30375,"date":"2026-04-28T23:28:44","date_gmt":"2026-04-28T21:28:44","guid":{"rendered":"https:\/\/www.zoko.ro\/p\/arma-call-of-life-cu-infrarosu-gonga-2\/"},"modified":"2026-04-28T23:28:44","modified_gmt":"2026-04-28T21:28:44","slug":"arma-call-of-life-cu-infrarosu-gonga-2","status":"publish","type":"product","link":"https:\/\/www.zoko.ro\/en\/p\/arma-call-of-life-cu-infrarosu-gonga-2\/","title":{"rendered":"Arma Call of Life cu infrarosu, Gonga\u00ae"},"content":{"rendered":"<p><strong>Culoare:<\/strong> Albastru<\/p>\n<p>Mai multe moduri de arme, raz\u0103 de ac\u021biune de p\u00e2n\u0103 la 40 de metri, lovituri reale semnalate de sunet \u0219i vibra\u021bii, indicatori de \u0219ans\u0103, diverse daune, capacitatea de a lupta p\u00e2n\u0103 la 20 de oameni \u00een acela\u0219i timp.\u00a0<\/p>\n<\/p>\n<p>Insecta se mi\u0219c\u0103 pe p\u0103m\u00e2nt \u0219i se r\u0103stoarn\u0103 pe spate dup\u0103 ce a fost lovit\u0103.<\/p>\n<\/p>\n<p>Ce este Laser Tag?<\/p>\n<\/p>\n<p>Laser tag &#8211; sport de echip\u0103 sau individual, similar cu paintball.\u00a0<\/p>\n<\/p>\n<p>Din acest motiv, este adesea denumit\u0103 \u0219i \u201elaser paintball\u201d.\u00a0<\/p>\n<\/p>\n<p>Juc\u0103torii c\u00e2\u0219tig\u0103 puncte lovind un alt juc\u0103tor cu un dispozitiv LED cu infraro\u0219u.\u00a0<\/p>\n<\/p>\n<p>Acesta urm\u0103re\u0219te un transmi\u021b\u0103tor special (de obicei plasat \u00eentr-o vest\u0103) pe care \u00eel prime\u0219te fiecare juc\u0103tor.\u00a0<\/p>\n<\/p>\n<p>Tag-ul laser poate fi jucat \u00een \u00eenc\u0103peri special preg\u0103tite sau \u00een exterior.\u00a0<\/p>\n<\/p>\n<p>Jocul laser tag este nedureros, deoarece proiectilele nu sunt folosite.<\/p>\n<\/p>\n<p>Pistolul emite fascicule de lumin\u0103 infraro\u0219ie, care sunt captate de senzorii din insect\u0103 sau arm\u0103.<\/p>\n<\/p>\n<p>Insecta se mi\u0219c\u0103 pe p\u0103m\u00e2nt \u0219i se r\u0103stoarn\u0103 pe spate dup\u0103 ce a fost lovit\u0103.<\/p>\n<\/p>\n<p>Este o juc\u0103rie grozav\u0103 care va oferi o mul\u021bime de distrac\u021bie pentru \u00eentreaga familie.<\/p>\n<\/p>\n<p>Pistoalele pot fi folosite \u00een curte \u0219i \u00een interior.<\/p>\n<\/p>\n<p>Cele mai importante func\u021bii ale pistolului:<\/p>\n<p>&#8211; semnalizarea lovirilor \u00een pistol \u0219i insect\u0103<\/p>\n<p>&#8211; sunete reale de \u00eempu\u0219c\u0103turi \u0219i lovituri<\/p>\n<p>&#8211; vibra\u021bia pistolului \u00een timpul luptei<\/p>\n<p>&#8211; modul de re\u00eenc\u0103rcare a revistei<\/p>\n<p>&#8211; precizie ridicat\u0103 \u0219i raz\u0103 lung\u0103<\/p>\n<\/p>\n<p>Date tehnice :<\/p>\n<\/p>\n<p>&#8211; Arma sus\u021bine patru echipe \u00een acela\u0219i timp.<\/p>\n<\/p>\n<p>&#8211; Simuleaz\u0103 diferite tipuri de arme.<\/p>\n<\/p>\n<p>&#8211; Raza de ac\u021biune este de aproximativ 40 de metri.<\/p>\n<\/p>\n<p>&#8211; Pistolul are o alarm\u0103 care vibra \u0219i emite sunete.<\/p>\n<\/p>\n<p>&#8211; Insecta se mi\u0219c\u0103 pe p\u0103m\u00e2nt \u0219i se rostogole\u0219te pe spate dup\u0103 ce a fost lovit\u0103.<\/p>\n<\/p>\n<p>&#8211; Material: plastic ABS<\/p>\n<\/p>\n<p>&#8211; Alimentare arme: 4 baterii AA (nu sunt incluse)<\/p>\n<\/p>\n<p>&#8211; Alimentarea insectei: baterie re\u00eenc\u0103rcabil\u0103 (inclus\u0103)<\/p>\n<\/p>\n<p>&#8211; O jucarie pentru copii peste 8 ani.<\/p>\n<\/p>\n<p>Setul contine:<\/p>\n<\/p>\n<p>&#8211; Pistol cu \u200b\u200binfraro\u0219u<\/p>\n<\/p>\n<p>&#8211; Insect\u0103 fugar\u0103 cu baterie<\/p>\n<\/p>\n<p>&#8211; Cablu USB pentru \u00eenc\u0103rcarea unei insecte<\/p>\n<\/p>\n<p>&#8211; Manual de utilizare polonez<\/p>\n<\/p>\n<p>&#8211; Ambalaj original<\/p>\n<\/p>\n<\/p>\n<p>Dimensiuni pachet: 53cm x 20cm x 7cm<\/p><\/p>","protected":false},"excerpt":{"rendered":"<p>Culoare: Albastru Mai multe moduri de arme, raz\u0103 de ac\u021biune de p\u00e2n\u0103 la 40 de metri, lovituri reale semnalate de<\/p>","protected":false},"featured_media":30376,"comment_status":"open","ping_status":"open","template":"","meta":[],"product_brand":[],"product_cat":[99,440,333,419],"product_tag":[],"class_list":{"0":"post-30375","1":"product","2":"type-product","3":"status-publish","4":"has-post-thumbnail","6":"product_cat-acasa","7":"product_cat-arme-de-jucarie","8":"product_cat-jucarii","9":"product_cat-jucarii-de-exterior","10":"pa_culoare-albastru","12":"first","13":"outofstock","14":"sale","15":"purchasable","16":"product-type-simple"},"yoast_head":"<!-- This site is optimized with the Yoast SEO plugin v27.2 - https:\/\/yoast.com\/product\/yoast-seo-wordpress\/ -->\n<title>Arma Call of Life cu infrarosu, Gonga\u00ae | ZOKO<\/title>\n<meta name=\"robots\" content=\"index, follow, max-snippet:-1, max-image-preview:large, max-video-preview:-1\" \/>\n<link rel=\"canonical\" href=\"https:\/\/www.zoko.ro\/en\/p\/arma-call-of-life-cu-infrarosu-gonga-2\/\" \/>\n<meta property=\"og:locale\" content=\"en_GB\" \/>\n<meta property=\"og:type\" content=\"article\" \/>\n<meta property=\"og:title\" content=\"Arma Call of Life cu infrarosu, Gonga\u00ae | ZOKO\" \/>\n<meta property=\"og:description\" content=\"Culoare: Albastru Mai multe moduri de arme, raz\u0103 de ac\u021biune de p\u00e2n\u0103 la 40 de metri, lovituri reale semnalate de\" \/>\n<meta property=\"og:url\" content=\"https:\/\/www.zoko.ro\/en\/p\/arma-call-of-life-cu-infrarosu-gonga-2\/\" \/>\n<meta property=\"og:site_name\" content=\"ZOKO\" \/>\n<meta property=\"article:publisher\" content=\"https:\/\/www.facebook.com\/profile.php?id=61584344135075\" \/>\n<meta property=\"og:image\" content=\"https:\/\/www.zoko.ro\/wp-content\/uploads\/2025\/12\/arma-call-of-life-cu-infrarosu-gonga-2.jpg\" \/>\n\t<meta property=\"og:image:width\" content=\"1500\" \/>\n\t<meta property=\"og:image:height\" content=\"1276\" \/>\n\t<meta property=\"og:image:type\" content=\"image\/jpeg\" \/>\n<meta name=\"twitter:card\" content=\"summary_large_image\" \/>\n<meta name=\"twitter:label1\" content=\"Estimated reading time\" \/>\n\t<meta name=\"twitter:data1\" content=\"2 minutes\" \/>\n<script type=\"application\/ld+json\" class=\"yoast-schema-graph\">{\"@context\":\"https:\/\/schema.org\",\"@graph\":[{\"@type\":\"WebPage\",\"@id\":\"https:\/\/www.zoko.ro\/p\/arma-call-of-life-cu-infrarosu-gonga-2\/\",\"url\":\"https:\/\/www.zoko.ro\/p\/arma-call-of-life-cu-infrarosu-gonga-2\/\",\"name\":\"Arma Call of Life cu infrarosu, Gonga\u00ae | ZOKO\",\"isPartOf\":{\"@id\":\"https:\/\/www.zoko.ro\/#website\"},\"primaryImageOfPage\":{\"@id\":\"https:\/\/www.zoko.ro\/p\/arma-call-of-life-cu-infrarosu-gonga-2\/#primaryimage\"},\"image\":{\"@id\":\"https:\/\/www.zoko.ro\/p\/arma-call-of-life-cu-infrarosu-gonga-2\/#primaryimage\"},\"thumbnailUrl\":\"https:\/\/www.zoko.ro\/wp-content\/uploads\/2025\/12\/arma-call-of-life-cu-infrarosu-gonga-2.jpg\",\"datePublished\":\"2026-04-28T21:28:44+00:00\",\"breadcrumb\":{\"@id\":\"https:\/\/www.zoko.ro\/p\/arma-call-of-life-cu-infrarosu-gonga-2\/#breadcrumb\"},\"inLanguage\":\"en-GB\",\"potentialAction\":[{\"@type\":\"ReadAction\",\"target\":[\"https:\/\/www.zoko.ro\/p\/arma-call-of-life-cu-infrarosu-gonga-2\/\"]}]},{\"@type\":\"ImageObject\",\"inLanguage\":\"en-GB\",\"@id\":\"https:\/\/www.zoko.ro\/p\/arma-call-of-life-cu-infrarosu-gonga-2\/#primaryimage\",\"url\":\"https:\/\/www.zoko.ro\/wp-content\/uploads\/2025\/12\/arma-call-of-life-cu-infrarosu-gonga-2.jpg\",\"contentUrl\":\"https:\/\/www.zoko.ro\/wp-content\/uploads\/2025\/12\/arma-call-of-life-cu-infrarosu-gonga-2.jpg\",\"width\":1500,\"height\":1276},{\"@type\":\"BreadcrumbList\",\"@id\":\"https:\/\/www.zoko.ro\/p\/arma-call-of-life-cu-infrarosu-gonga-2\/#breadcrumb\",\"itemListElement\":[{\"@type\":\"ListItem\",\"position\":1,\"name\":\"Home\",\"item\":\"https:\/\/www.zoko.ro\/\"},{\"@type\":\"ListItem\",\"position\":2,\"name\":\"Magazin\",\"item\":\"https:\/\/www.zoko.ro\/magazin\/\"},{\"@type\":\"ListItem\",\"position\":3,\"name\":\"Arma Call of Life cu infrarosu, Gonga\u00ae\"}]},{\"@type\":\"WebSite\",\"@id\":\"https:\/\/www.zoko.ro\/#website\",\"url\":\"https:\/\/www.zoko.ro\/\",\"name\":\"ZOKO.ro\",\"description\":\"Cump\u0103r\u0103 inteligent\",\"publisher\":{\"@id\":\"https:\/\/www.zoko.ro\/#organization\"},\"potentialAction\":[{\"@type\":\"SearchAction\",\"target\":{\"@type\":\"EntryPoint\",\"urlTemplate\":\"https:\/\/www.zoko.ro\/?s={search_term_string}\"},\"query-input\":{\"@type\":\"PropertyValueSpecification\",\"valueRequired\":true,\"valueName\":\"search_term_string\"}}],\"inLanguage\":\"en-GB\"},{\"@type\":\"Organization\",\"@id\":\"https:\/\/www.zoko.ro\/#organization\",\"name\":\"ZOKO\",\"url\":\"https:\/\/www.zoko.ro\/\",\"logo\":{\"@type\":\"ImageObject\",\"inLanguage\":\"en-GB\",\"@id\":\"https:\/\/www.zoko.ro\/#\/schema\/logo\/image\/\",\"url\":\"https:\/\/www.zoko.ro\/wp-content\/uploads\/2025\/03\/logo1.svg\",\"contentUrl\":\"https:\/\/www.zoko.ro\/wp-content\/uploads\/2025\/03\/logo1.svg\",\"width\":799,\"height\":216,\"caption\":\"ZOKO\"},\"image\":{\"@id\":\"https:\/\/www.zoko.ro\/#\/schema\/logo\/image\/\"},\"sameAs\":[\"https:\/\/www.facebook.com\/profile.php?id=61584344135075\"]}]}<\/script>\n<!-- \/ Yoast SEO plugin. -->","yoast_head_json":{"title":"Arma Call of Life cu infrarosu, Gonga\u00ae | ZOKO","robots":{"index":"index","follow":"follow","max-snippet":"max-snippet:-1","max-image-preview":"max-image-preview:large","max-video-preview":"max-video-preview:-1"},"canonical":"https:\/\/www.zoko.ro\/en\/p\/arma-call-of-life-cu-infrarosu-gonga-2\/","og_locale":"en_GB","og_type":"article","og_title":"Arma Call of Life cu infrarosu, Gonga\u00ae | ZOKO","og_description":"Culoare: Albastru Mai multe moduri de arme, raz\u0103 de ac\u021biune de p\u00e2n\u0103 la 40 de metri, lovituri reale semnalate de","og_url":"https:\/\/www.zoko.ro\/en\/p\/arma-call-of-life-cu-infrarosu-gonga-2\/","og_site_name":"ZOKO","article_publisher":"https:\/\/www.facebook.com\/profile.php?id=61584344135075","og_image":[{"width":1500,"height":1276,"url":"https:\/\/www.zoko.ro\/wp-content\/uploads\/2025\/12\/arma-call-of-life-cu-infrarosu-gonga-2.jpg","type":"image\/jpeg"}],"twitter_card":"summary_large_image","twitter_misc":{"Estimated reading time":"2 minutes"},"schema":{"@context":"https:\/\/schema.org","@graph":[{"@type":"WebPage","@id":"https:\/\/www.zoko.ro\/p\/arma-call-of-life-cu-infrarosu-gonga-2\/","url":"https:\/\/www.zoko.ro\/p\/arma-call-of-life-cu-infrarosu-gonga-2\/","name":"Arma Call of Life cu infrarosu, Gonga\u00ae | ZOKO","isPartOf":{"@id":"https:\/\/www.zoko.ro\/#website"},"primaryImageOfPage":{"@id":"https:\/\/www.zoko.ro\/p\/arma-call-of-life-cu-infrarosu-gonga-2\/#primaryimage"},"image":{"@id":"https:\/\/www.zoko.ro\/p\/arma-call-of-life-cu-infrarosu-gonga-2\/#primaryimage"},"thumbnailUrl":"https:\/\/www.zoko.ro\/wp-content\/uploads\/2025\/12\/arma-call-of-life-cu-infrarosu-gonga-2.jpg","datePublished":"2026-04-28T21:28:44+00:00","breadcrumb":{"@id":"https:\/\/www.zoko.ro\/p\/arma-call-of-life-cu-infrarosu-gonga-2\/#breadcrumb"},"inLanguage":"en-GB","potentialAction":[{"@type":"ReadAction","target":["https:\/\/www.zoko.ro\/p\/arma-call-of-life-cu-infrarosu-gonga-2\/"]}]},{"@type":"ImageObject","inLanguage":"en-GB","@id":"https:\/\/www.zoko.ro\/p\/arma-call-of-life-cu-infrarosu-gonga-2\/#primaryimage","url":"https:\/\/www.zoko.ro\/wp-content\/uploads\/2025\/12\/arma-call-of-life-cu-infrarosu-gonga-2.jpg","contentUrl":"https:\/\/www.zoko.ro\/wp-content\/uploads\/2025\/12\/arma-call-of-life-cu-infrarosu-gonga-2.jpg","width":1500,"height":1276},{"@type":"BreadcrumbList","@id":"https:\/\/www.zoko.ro\/p\/arma-call-of-life-cu-infrarosu-gonga-2\/#breadcrumb","itemListElement":[{"@type":"ListItem","position":1,"name":"Home","item":"https:\/\/www.zoko.ro\/"},{"@type":"ListItem","position":2,"name":"Magazin","item":"https:\/\/www.zoko.ro\/magazin\/"},{"@type":"ListItem","position":3,"name":"Arma Call of Life cu infrarosu, Gonga\u00ae"}]},{"@type":"WebSite","@id":"https:\/\/www.zoko.ro\/#website","url":"https:\/\/www.zoko.ro\/","name":"ZOKO.ro","description":"Cump\u0103r\u0103 inteligent","publisher":{"@id":"https:\/\/www.zoko.ro\/#organization"},"potentialAction":[{"@type":"SearchAction","target":{"@type":"EntryPoint","urlTemplate":"https:\/\/www.zoko.ro\/?s={search_term_string}"},"query-input":{"@type":"PropertyValueSpecification","valueRequired":true,"valueName":"search_term_string"}}],"inLanguage":"en-GB"},{"@type":"Organization","@id":"https:\/\/www.zoko.ro\/#organization","name":"ZOKO","url":"https:\/\/www.zoko.ro\/","logo":{"@type":"ImageObject","inLanguage":"en-GB","@id":"https:\/\/www.zoko.ro\/#\/schema\/logo\/image\/","url":"https:\/\/www.zoko.ro\/wp-content\/uploads\/2025\/03\/logo1.svg","contentUrl":"https:\/\/www.zoko.ro\/wp-content\/uploads\/2025\/03\/logo1.svg","width":799,"height":216,"caption":"ZOKO"},"image":{"@id":"https:\/\/www.zoko.ro\/#\/schema\/logo\/image\/"},"sameAs":["https:\/\/www.facebook.com\/profile.php?id=61584344135075"]}]}},"_links":{"self":[{"href":"https:\/\/www.zoko.ro\/en\/wp-json\/wp\/v2\/product\/30375","targetHints":{"allow":["GET"]}}],"collection":[{"href":"https:\/\/www.zoko.ro\/en\/wp-json\/wp\/v2\/product"}],"about":[{"href":"https:\/\/www.zoko.ro\/en\/wp-json\/wp\/v2\/types\/product"}],"replies":[{"embeddable":true,"href":"https:\/\/www.zoko.ro\/en\/wp-json\/wp\/v2\/comments?post=30375"}],"version-history":[{"count":1,"href":"https:\/\/www.zoko.ro\/en\/wp-json\/wp\/v2\/product\/30375\/revisions"}],"predecessor-version":[{"id":37986,"href":"https:\/\/www.zoko.ro\/en\/wp-json\/wp\/v2\/product\/30375\/revisions\/37986"}],"wp:featuredmedia":[{"embeddable":true,"href":"https:\/\/www.zoko.ro\/en\/wp-json\/wp\/v2\/media\/30376"}],"wp:attachment":[{"href":"https:\/\/www.zoko.ro\/en\/wp-json\/wp\/v2\/media?parent=30375"}],"wp:term":[{"taxonomy":"product_brand","embeddable":true,"href":"https:\/\/www.zoko.ro\/en\/wp-json\/wp\/v2\/product_brand?post=30375"},{"taxonomy":"product_cat","embeddable":true,"href":"https:\/\/www.zoko.ro\/en\/wp-json\/wp\/v2\/product_cat?post=30375"},{"taxonomy":"product_tag","embeddable":true,"href":"https:\/\/www.zoko.ro\/en\/wp-json\/wp\/v2\/product_tag?post=30375"}],"curies":[{"name":"wp","href":"https:\/\/api.w.org\/{rel}","templated":true}]}}