{"id":30388,"date":"2026-04-28T23:28:44","date_gmt":"2026-04-28T21:28:44","guid":{"rendered":"https:\/\/www.zoko.ro\/p\/geanta-transport-animale-de-companie-de-talie-mica-pliabila-bej-gonga\/"},"modified":"2026-04-28T23:28:44","modified_gmt":"2026-04-28T21:28:44","slug":"geanta-transport-animale-de-companie-de-talie-mica-pliabila-bej-gonga","status":"publish","type":"product","link":"https:\/\/www.zoko.ro\/en\/p\/geanta-transport-animale-de-companie-de-talie-mica-pliabila-bej-gonga\/","title":{"rendered":"Geanta transport animale de companie de talie mica, pliabila, bej, Gonga\u00ae"},"content":{"rendered":"<p><strong>Culoare:<\/strong> Bej<\/p>\n<p>Geant\u0103 de transport de \u00eenalt\u0103 calitate pentru animalele de companie mici. Perfect pentru a ne muta pisica sau iepurele la orice distan\u021b\u0103. Designul extrem de confortabil va asigura confortul at\u00e2t pentru noi, c\u00e2t \u0219i pentru animal. Materialul puternic din care au fost confec\u021bionate transportoarele, un m\u00e2ner solid \u0219i o curea de um\u0103r reglabil\u0103 asigur\u0103 o utilizare lung\u0103 \u0219i f\u0103r\u0103 probleme a produsului. Geanta este respirabil\u0103 \u0219i sigur\u0103 pentru animalul nostru de companie datorit\u0103 sistemului de ventila\u021bie. Confortul de utilizare este, de asemenea, asigurat de un fermoar dublu pe ambele p\u0103r\u021bi ale suportului.<\/p>\n<\/p>\n<p>Caracteristicile produsului:<\/p>\n<\/p>\n<p>Produs nou, de \u00eenalt\u0103 calitate.<\/p>\n<p>Geanta are o \u00eenchidere practic\u0103 cu fermoar dublu (poate fi \u00eenchis\u0103 pe ambele p\u0103r\u021bi).<\/p>\n<p>M\u00e2nerul confortabil faciliteaz\u0103 purtarea gen\u021bii \u00een m\u00e2n\u0103.<\/p>\n<p>Suportul este echipat cu o curea de um\u0103r reglabil\u0103.<\/p>\n<p>Insert (baz\u0103) deta\u0219abil pentru suport.<\/p>\n<p>Sistemul de ventila\u021bie asigur\u0103 confortul animalului de companie.<\/p>\n<p>Aspectul modest \u0219i estetic.<\/p>\n<p>Picioarele mici pe partea de jos faciliteaz\u0103 pozi\u021bionarea acestuia \u00eentr-o pozi\u021bie stabil\u0103, de exemplu pe o mas\u0103.<\/p>\n<p>Fabricat dintr-un material u\u0219or de cur\u0103\u021bat!<\/p>\n<p>Nu absoarbe murd\u0103ria, punga este foarte greu de contaminat!<\/p>\n<p>Specifica\u021bie:<\/p>\n<\/p>\n<p>Material: Plastic + spum\u0103 EVA<\/p>\n<p>Lungime: 35 cm<\/p>\n<p>\u00cen\u0103l\u021bime: 22 cm<\/p>\n<p>L\u0103\u021bime: 20 cm<\/p>\n<p>Dimensiunile sacului pliat: 35 cm x 22 cm x 6,5 cm<\/p>\n<p>Inser\u021bie deta\u0219abil\u0103 (baz\u0103) inclus\u0103<\/p>\n<p>Curea de um\u0103r suplimentar\u0103 (deta\u0219abil\u0103)<\/p>\n<p>Greutate: 700 g<\/p>\n<p>Culoare: Beige (bej)<\/p>","protected":false},"excerpt":{"rendered":"<p>Culoare: Bej Geant\u0103 de transport de \u00eenalt\u0103 calitate pentru animalele de companie mici. Perfect pentru a ne muta pisica sau<\/p>","protected":false},"featured_media":30389,"comment_status":"open","ping_status":"open","template":"","meta":[],"product_brand":[],"product_cat":[99,395,346],"product_tag":[104],"class_list":{"0":"post-30388","1":"product","2":"type-product","3":"status-publish","4":"has-post-thumbnail","6":"product_cat-acasa","7":"product_cat-genti-si-articole-de-transport","8":"product_cat-petshop","9":"product_tag-in-stoc","10":"pa_culoare-bej","12":"first","13":"instock","14":"sale","15":"purchasable","16":"product-type-simple"},"yoast_head":"<!-- This site is optimized with the Yoast SEO plugin v27.2 - https:\/\/yoast.com\/product\/yoast-seo-wordpress\/ -->\n<title>Geanta transport animale de companie de talie mica, pliabila, bej, Gonga\u00ae | ZOKO<\/title>\n<meta name=\"robots\" content=\"index, follow, max-snippet:-1, max-image-preview:large, max-video-preview:-1\" \/>\n<link rel=\"canonical\" href=\"https:\/\/www.zoko.ro\/en\/p\/geanta-transport-animale-de-companie-de-talie-mica-pliabila-bej-gonga\/\" \/>\n<meta property=\"og:locale\" content=\"en_GB\" \/>\n<meta property=\"og:type\" content=\"article\" \/>\n<meta property=\"og:title\" content=\"Geanta transport animale de companie de talie mica, pliabila, bej, Gonga\u00ae | ZOKO\" \/>\n<meta property=\"og:description\" content=\"Culoare: Bej Geant\u0103 de transport de \u00eenalt\u0103 calitate pentru animalele de companie mici. Perfect pentru a ne muta pisica sau\" \/>\n<meta property=\"og:url\" content=\"https:\/\/www.zoko.ro\/en\/p\/geanta-transport-animale-de-companie-de-talie-mica-pliabila-bej-gonga\/\" \/>\n<meta property=\"og:site_name\" content=\"ZOKO\" \/>\n<meta property=\"article:publisher\" content=\"https:\/\/www.facebook.com\/profile.php?id=61584344135075\" \/>\n<meta property=\"og:image\" content=\"https:\/\/www.zoko.ro\/wp-content\/uploads\/2025\/12\/geanta-transport-animale-de-companie-de-talie-mica-pliabila-bej-gonga.jpg\" \/>\n\t<meta property=\"og:image:width\" content=\"1200\" \/>\n\t<meta property=\"og:image:height\" content=\"1200\" \/>\n\t<meta property=\"og:image:type\" content=\"image\/jpeg\" \/>\n<meta name=\"twitter:card\" content=\"summary_large_image\" \/>\n<meta name=\"twitter:label1\" content=\"Estimated reading time\" \/>\n\t<meta name=\"twitter:data1\" content=\"1 minute\" \/>\n<script type=\"application\/ld+json\" class=\"yoast-schema-graph\">{\"@context\":\"https:\/\/schema.org\",\"@graph\":[{\"@type\":\"WebPage\",\"@id\":\"https:\/\/www.zoko.ro\/p\/geanta-transport-animale-de-companie-de-talie-mica-pliabila-bej-gonga\/\",\"url\":\"https:\/\/www.zoko.ro\/p\/geanta-transport-animale-de-companie-de-talie-mica-pliabila-bej-gonga\/\",\"name\":\"Geanta transport animale de companie de talie mica, pliabila, bej, Gonga\u00ae | ZOKO\",\"isPartOf\":{\"@id\":\"https:\/\/www.zoko.ro\/#website\"},\"primaryImageOfPage\":{\"@id\":\"https:\/\/www.zoko.ro\/p\/geanta-transport-animale-de-companie-de-talie-mica-pliabila-bej-gonga\/#primaryimage\"},\"image\":{\"@id\":\"https:\/\/www.zoko.ro\/p\/geanta-transport-animale-de-companie-de-talie-mica-pliabila-bej-gonga\/#primaryimage\"},\"thumbnailUrl\":\"https:\/\/www.zoko.ro\/wp-content\/uploads\/2025\/12\/geanta-transport-animale-de-companie-de-talie-mica-pliabila-bej-gonga.jpg\",\"datePublished\":\"2026-04-28T21:28:44+00:00\",\"breadcrumb\":{\"@id\":\"https:\/\/www.zoko.ro\/p\/geanta-transport-animale-de-companie-de-talie-mica-pliabila-bej-gonga\/#breadcrumb\"},\"inLanguage\":\"en-GB\",\"potentialAction\":[{\"@type\":\"ReadAction\",\"target\":[\"https:\/\/www.zoko.ro\/p\/geanta-transport-animale-de-companie-de-talie-mica-pliabila-bej-gonga\/\"]}]},{\"@type\":\"ImageObject\",\"inLanguage\":\"en-GB\",\"@id\":\"https:\/\/www.zoko.ro\/p\/geanta-transport-animale-de-companie-de-talie-mica-pliabila-bej-gonga\/#primaryimage\",\"url\":\"https:\/\/www.zoko.ro\/wp-content\/uploads\/2025\/12\/geanta-transport-animale-de-companie-de-talie-mica-pliabila-bej-gonga.jpg\",\"contentUrl\":\"https:\/\/www.zoko.ro\/wp-content\/uploads\/2025\/12\/geanta-transport-animale-de-companie-de-talie-mica-pliabila-bej-gonga.jpg\",\"width\":1200,\"height\":1200},{\"@type\":\"BreadcrumbList\",\"@id\":\"https:\/\/www.zoko.ro\/p\/geanta-transport-animale-de-companie-de-talie-mica-pliabila-bej-gonga\/#breadcrumb\",\"itemListElement\":[{\"@type\":\"ListItem\",\"position\":1,\"name\":\"Home\",\"item\":\"https:\/\/www.zoko.ro\/\"},{\"@type\":\"ListItem\",\"position\":2,\"name\":\"Magazin\",\"item\":\"https:\/\/www.zoko.ro\/magazin\/\"},{\"@type\":\"ListItem\",\"position\":3,\"name\":\"Geanta transport animale de companie de talie mica, pliabila, bej, Gonga\u00ae\"}]},{\"@type\":\"WebSite\",\"@id\":\"https:\/\/www.zoko.ro\/#website\",\"url\":\"https:\/\/www.zoko.ro\/\",\"name\":\"ZOKO.ro\",\"description\":\"Cump\u0103r\u0103 inteligent\",\"publisher\":{\"@id\":\"https:\/\/www.zoko.ro\/#organization\"},\"potentialAction\":[{\"@type\":\"SearchAction\",\"target\":{\"@type\":\"EntryPoint\",\"urlTemplate\":\"https:\/\/www.zoko.ro\/?s={search_term_string}\"},\"query-input\":{\"@type\":\"PropertyValueSpecification\",\"valueRequired\":true,\"valueName\":\"search_term_string\"}}],\"inLanguage\":\"en-GB\"},{\"@type\":\"Organization\",\"@id\":\"https:\/\/www.zoko.ro\/#organization\",\"name\":\"ZOKO\",\"url\":\"https:\/\/www.zoko.ro\/\",\"logo\":{\"@type\":\"ImageObject\",\"inLanguage\":\"en-GB\",\"@id\":\"https:\/\/www.zoko.ro\/#\/schema\/logo\/image\/\",\"url\":\"https:\/\/www.zoko.ro\/wp-content\/uploads\/2025\/03\/logo1.svg\",\"contentUrl\":\"https:\/\/www.zoko.ro\/wp-content\/uploads\/2025\/03\/logo1.svg\",\"width\":799,\"height\":216,\"caption\":\"ZOKO\"},\"image\":{\"@id\":\"https:\/\/www.zoko.ro\/#\/schema\/logo\/image\/\"},\"sameAs\":[\"https:\/\/www.facebook.com\/profile.php?id=61584344135075\"]}]}<\/script>\n<!-- \/ Yoast SEO plugin. -->","yoast_head_json":{"title":"Geanta transport animale de companie de talie mica, pliabila, bej, Gonga\u00ae | ZOKO","robots":{"index":"index","follow":"follow","max-snippet":"max-snippet:-1","max-image-preview":"max-image-preview:large","max-video-preview":"max-video-preview:-1"},"canonical":"https:\/\/www.zoko.ro\/en\/p\/geanta-transport-animale-de-companie-de-talie-mica-pliabila-bej-gonga\/","og_locale":"en_GB","og_type":"article","og_title":"Geanta transport animale de companie de talie mica, pliabila, bej, Gonga\u00ae | ZOKO","og_description":"Culoare: Bej Geant\u0103 de transport de \u00eenalt\u0103 calitate pentru animalele de companie mici. Perfect pentru a ne muta pisica sau","og_url":"https:\/\/www.zoko.ro\/en\/p\/geanta-transport-animale-de-companie-de-talie-mica-pliabila-bej-gonga\/","og_site_name":"ZOKO","article_publisher":"https:\/\/www.facebook.com\/profile.php?id=61584344135075","og_image":[{"width":1200,"height":1200,"url":"https:\/\/www.zoko.ro\/wp-content\/uploads\/2025\/12\/geanta-transport-animale-de-companie-de-talie-mica-pliabila-bej-gonga.jpg","type":"image\/jpeg"}],"twitter_card":"summary_large_image","twitter_misc":{"Estimated reading time":"1 minute"},"schema":{"@context":"https:\/\/schema.org","@graph":[{"@type":"WebPage","@id":"https:\/\/www.zoko.ro\/p\/geanta-transport-animale-de-companie-de-talie-mica-pliabila-bej-gonga\/","url":"https:\/\/www.zoko.ro\/p\/geanta-transport-animale-de-companie-de-talie-mica-pliabila-bej-gonga\/","name":"Geanta transport animale de companie de talie mica, pliabila, bej, Gonga\u00ae | ZOKO","isPartOf":{"@id":"https:\/\/www.zoko.ro\/#website"},"primaryImageOfPage":{"@id":"https:\/\/www.zoko.ro\/p\/geanta-transport-animale-de-companie-de-talie-mica-pliabila-bej-gonga\/#primaryimage"},"image":{"@id":"https:\/\/www.zoko.ro\/p\/geanta-transport-animale-de-companie-de-talie-mica-pliabila-bej-gonga\/#primaryimage"},"thumbnailUrl":"https:\/\/www.zoko.ro\/wp-content\/uploads\/2025\/12\/geanta-transport-animale-de-companie-de-talie-mica-pliabila-bej-gonga.jpg","datePublished":"2026-04-28T21:28:44+00:00","breadcrumb":{"@id":"https:\/\/www.zoko.ro\/p\/geanta-transport-animale-de-companie-de-talie-mica-pliabila-bej-gonga\/#breadcrumb"},"inLanguage":"en-GB","potentialAction":[{"@type":"ReadAction","target":["https:\/\/www.zoko.ro\/p\/geanta-transport-animale-de-companie-de-talie-mica-pliabila-bej-gonga\/"]}]},{"@type":"ImageObject","inLanguage":"en-GB","@id":"https:\/\/www.zoko.ro\/p\/geanta-transport-animale-de-companie-de-talie-mica-pliabila-bej-gonga\/#primaryimage","url":"https:\/\/www.zoko.ro\/wp-content\/uploads\/2025\/12\/geanta-transport-animale-de-companie-de-talie-mica-pliabila-bej-gonga.jpg","contentUrl":"https:\/\/www.zoko.ro\/wp-content\/uploads\/2025\/12\/geanta-transport-animale-de-companie-de-talie-mica-pliabila-bej-gonga.jpg","width":1200,"height":1200},{"@type":"BreadcrumbList","@id":"https:\/\/www.zoko.ro\/p\/geanta-transport-animale-de-companie-de-talie-mica-pliabila-bej-gonga\/#breadcrumb","itemListElement":[{"@type":"ListItem","position":1,"name":"Home","item":"https:\/\/www.zoko.ro\/"},{"@type":"ListItem","position":2,"name":"Magazin","item":"https:\/\/www.zoko.ro\/magazin\/"},{"@type":"ListItem","position":3,"name":"Geanta transport animale de companie de talie mica, pliabila, bej, Gonga\u00ae"}]},{"@type":"WebSite","@id":"https:\/\/www.zoko.ro\/#website","url":"https:\/\/www.zoko.ro\/","name":"ZOKO.ro","description":"Cump\u0103r\u0103 inteligent","publisher":{"@id":"https:\/\/www.zoko.ro\/#organization"},"potentialAction":[{"@type":"SearchAction","target":{"@type":"EntryPoint","urlTemplate":"https:\/\/www.zoko.ro\/?s={search_term_string}"},"query-input":{"@type":"PropertyValueSpecification","valueRequired":true,"valueName":"search_term_string"}}],"inLanguage":"en-GB"},{"@type":"Organization","@id":"https:\/\/www.zoko.ro\/#organization","name":"ZOKO","url":"https:\/\/www.zoko.ro\/","logo":{"@type":"ImageObject","inLanguage":"en-GB","@id":"https:\/\/www.zoko.ro\/#\/schema\/logo\/image\/","url":"https:\/\/www.zoko.ro\/wp-content\/uploads\/2025\/03\/logo1.svg","contentUrl":"https:\/\/www.zoko.ro\/wp-content\/uploads\/2025\/03\/logo1.svg","width":799,"height":216,"caption":"ZOKO"},"image":{"@id":"https:\/\/www.zoko.ro\/#\/schema\/logo\/image\/"},"sameAs":["https:\/\/www.facebook.com\/profile.php?id=61584344135075"]}]}},"_links":{"self":[{"href":"https:\/\/www.zoko.ro\/en\/wp-json\/wp\/v2\/product\/30388","targetHints":{"allow":["GET"]}}],"collection":[{"href":"https:\/\/www.zoko.ro\/en\/wp-json\/wp\/v2\/product"}],"about":[{"href":"https:\/\/www.zoko.ro\/en\/wp-json\/wp\/v2\/types\/product"}],"replies":[{"embeddable":true,"href":"https:\/\/www.zoko.ro\/en\/wp-json\/wp\/v2\/comments?post=30388"}],"version-history":[{"count":1,"href":"https:\/\/www.zoko.ro\/en\/wp-json\/wp\/v2\/product\/30388\/revisions"}],"predecessor-version":[{"id":34189,"href":"https:\/\/www.zoko.ro\/en\/wp-json\/wp\/v2\/product\/30388\/revisions\/34189"}],"wp:featuredmedia":[{"embeddable":true,"href":"https:\/\/www.zoko.ro\/en\/wp-json\/wp\/v2\/media\/30389"}],"wp:attachment":[{"href":"https:\/\/www.zoko.ro\/en\/wp-json\/wp\/v2\/media?parent=30388"}],"wp:term":[{"taxonomy":"product_brand","embeddable":true,"href":"https:\/\/www.zoko.ro\/en\/wp-json\/wp\/v2\/product_brand?post=30388"},{"taxonomy":"product_cat","embeddable":true,"href":"https:\/\/www.zoko.ro\/en\/wp-json\/wp\/v2\/product_cat?post=30388"},{"taxonomy":"product_tag","embeddable":true,"href":"https:\/\/www.zoko.ro\/en\/wp-json\/wp\/v2\/product_tag?post=30388"}],"curies":[{"name":"wp","href":"https:\/\/api.w.org\/{rel}","templated":true}]}}