{"id":30417,"date":"2026-04-28T23:28:45","date_gmt":"2026-04-28T21:28:45","guid":{"rendered":"https:\/\/www.zoko.ro\/p\/castron-pentru-animale-de-companie-cu-dozator-de-apa-transparent-gonga\/"},"modified":"2026-04-28T23:28:45","modified_gmt":"2026-04-28T21:28:45","slug":"castron-pentru-animale-de-companie-cu-dozator-de-apa-transparent-gonga","status":"publish","type":"product","link":"https:\/\/www.zoko.ro\/en\/p\/castron-pentru-animale-de-companie-cu-dozator-de-apa-transparent-gonga\/","title":{"rendered":"Castron pentru animale de companie cu dozator de apa, transparent, Gonga\u00ae"},"content":{"rendered":"<p><strong>Culoare:<\/strong> Transparent<\/p>\n<p>Bolul va fi perfect pentru hrana, iar dozatorul de apa va asigura accesul constant la apa proaspata pentru animalul tau.<\/p>\n<\/p>\n<p>At\u00e2t suportul, vasul c\u00e2t \u0219i dozatorul de ap\u0103 sunt realizate din plastic de \u00eenalt\u0103 calitate, care garanteaz\u0103 durabilitate \u0219i confort de utilizare.<\/p>\n<\/p>\n<p>O baz\u0103 solid\u0103 va \u00eempiedica bolurile s\u0103 alunece prin camer\u0103 \u00een timp ce animalul dumneavoastr\u0103 m\u0103n\u00e2nc\u0103 sau bea.<\/p>\n<\/p>\n<p>Un aspect modern, estetic va fi o completare excelent\u0103 pentru orice interior.<\/p>\n<\/p>\n<p>To\u021bi proprietarii de animale de companie \u0219i animalele lor de companie cu siguran\u021b\u0103 le vor iubi.<\/p>\n<\/p>\n<p>Con\u021binut pachet:<\/p>\n<\/p>\n<p>&#8211; Stand<\/p>\n<p>&#8211; 1x bol<\/p>\n<p>&#8211; 1x sticla<\/p>\n<\/p>\n<p>Material : plastic<\/p>\n<\/p>\n<p>Dimensiuni:<\/p>\n<\/p>\n<p>Baza \/ suport: 30,5 cm x 15,5 cm x 8 cm<\/p>\n<\/p>\n<p>Bol (diametru x inaltime): 13cm x 8cm<\/p>\n<\/p>\n<p>Sticla (diametru x inaltime): 6,5cm x 17cm<\/p><\/p>","protected":false},"excerpt":{"rendered":"<p>Culoare: Transparent Bolul va fi perfect pentru hrana, iar dozatorul de apa va asigura accesul constant la apa proaspata pentru<\/p>","protected":false},"featured_media":30418,"comment_status":"open","ping_status":"open","template":"","meta":[],"product_brand":[],"product_cat":[99,347,346],"product_tag":[104],"class_list":{"0":"post-30417","1":"product","2":"type-product","3":"status-publish","4":"has-post-thumbnail","6":"product_cat-acasa","7":"product_cat-castroane-adapatoare-animale","8":"product_cat-petshop","9":"product_tag-in-stoc","10":"pa_culoare-transparent","12":"first","13":"instock","14":"sale","15":"purchasable","16":"product-type-simple"},"yoast_head":"<!-- This site is optimized with the Yoast SEO plugin v27.2 - https:\/\/yoast.com\/product\/yoast-seo-wordpress\/ -->\n<title>Castron pentru animale de companie cu dozator de apa, transparent, Gonga\u00ae | ZOKO<\/title>\n<meta name=\"robots\" content=\"index, follow, max-snippet:-1, max-image-preview:large, max-video-preview:-1\" \/>\n<link rel=\"canonical\" href=\"https:\/\/www.zoko.ro\/en\/p\/castron-pentru-animale-de-companie-cu-dozator-de-apa-transparent-gonga\/\" \/>\n<meta property=\"og:locale\" content=\"en_GB\" \/>\n<meta property=\"og:type\" content=\"article\" \/>\n<meta property=\"og:title\" content=\"Castron pentru animale de companie cu dozator de apa, transparent, Gonga\u00ae | ZOKO\" \/>\n<meta property=\"og:description\" content=\"Culoare: Transparent Bolul va fi perfect pentru hrana, iar dozatorul de apa va asigura accesul constant la apa proaspata pentru\" \/>\n<meta property=\"og:url\" content=\"https:\/\/www.zoko.ro\/en\/p\/castron-pentru-animale-de-companie-cu-dozator-de-apa-transparent-gonga\/\" \/>\n<meta property=\"og:site_name\" content=\"ZOKO\" \/>\n<meta property=\"article:publisher\" content=\"https:\/\/www.facebook.com\/profile.php?id=61584344135075\" \/>\n<meta property=\"og:image\" content=\"https:\/\/www.zoko.ro\/wp-content\/uploads\/2025\/12\/castron-pentru-animale-de-companie-cu-dozator-de-apa-transparent-gonga.jpg\" \/>\n\t<meta property=\"og:image:width\" content=\"1005\" \/>\n\t<meta property=\"og:image:height\" content=\"840\" \/>\n\t<meta property=\"og:image:type\" content=\"image\/png\" \/>\n<meta name=\"twitter:card\" content=\"summary_large_image\" \/>\n<meta name=\"twitter:label1\" content=\"Estimated reading time\" \/>\n\t<meta name=\"twitter:data1\" content=\"1 minute\" \/>\n<script type=\"application\/ld+json\" class=\"yoast-schema-graph\">{\"@context\":\"https:\/\/schema.org\",\"@graph\":[{\"@type\":\"WebPage\",\"@id\":\"https:\/\/www.zoko.ro\/p\/castron-pentru-animale-de-companie-cu-dozator-de-apa-transparent-gonga\/\",\"url\":\"https:\/\/www.zoko.ro\/p\/castron-pentru-animale-de-companie-cu-dozator-de-apa-transparent-gonga\/\",\"name\":\"Castron pentru animale de companie cu dozator de apa, transparent, Gonga\u00ae | ZOKO\",\"isPartOf\":{\"@id\":\"https:\/\/www.zoko.ro\/#website\"},\"primaryImageOfPage\":{\"@id\":\"https:\/\/www.zoko.ro\/p\/castron-pentru-animale-de-companie-cu-dozator-de-apa-transparent-gonga\/#primaryimage\"},\"image\":{\"@id\":\"https:\/\/www.zoko.ro\/p\/castron-pentru-animale-de-companie-cu-dozator-de-apa-transparent-gonga\/#primaryimage\"},\"thumbnailUrl\":\"https:\/\/www.zoko.ro\/wp-content\/uploads\/2025\/12\/castron-pentru-animale-de-companie-cu-dozator-de-apa-transparent-gonga.jpg\",\"datePublished\":\"2026-04-28T21:28:45+00:00\",\"breadcrumb\":{\"@id\":\"https:\/\/www.zoko.ro\/p\/castron-pentru-animale-de-companie-cu-dozator-de-apa-transparent-gonga\/#breadcrumb\"},\"inLanguage\":\"en-GB\",\"potentialAction\":[{\"@type\":\"ReadAction\",\"target\":[\"https:\/\/www.zoko.ro\/p\/castron-pentru-animale-de-companie-cu-dozator-de-apa-transparent-gonga\/\"]}]},{\"@type\":\"ImageObject\",\"inLanguage\":\"en-GB\",\"@id\":\"https:\/\/www.zoko.ro\/p\/castron-pentru-animale-de-companie-cu-dozator-de-apa-transparent-gonga\/#primaryimage\",\"url\":\"https:\/\/www.zoko.ro\/wp-content\/uploads\/2025\/12\/castron-pentru-animale-de-companie-cu-dozator-de-apa-transparent-gonga.jpg\",\"contentUrl\":\"https:\/\/www.zoko.ro\/wp-content\/uploads\/2025\/12\/castron-pentru-animale-de-companie-cu-dozator-de-apa-transparent-gonga.jpg\",\"width\":1005,\"height\":840},{\"@type\":\"BreadcrumbList\",\"@id\":\"https:\/\/www.zoko.ro\/p\/castron-pentru-animale-de-companie-cu-dozator-de-apa-transparent-gonga\/#breadcrumb\",\"itemListElement\":[{\"@type\":\"ListItem\",\"position\":1,\"name\":\"Home\",\"item\":\"https:\/\/www.zoko.ro\/\"},{\"@type\":\"ListItem\",\"position\":2,\"name\":\"Magazin\",\"item\":\"https:\/\/www.zoko.ro\/magazin\/\"},{\"@type\":\"ListItem\",\"position\":3,\"name\":\"Castron pentru animale de companie cu dozator de apa, transparent, Gonga\u00ae\"}]},{\"@type\":\"WebSite\",\"@id\":\"https:\/\/www.zoko.ro\/#website\",\"url\":\"https:\/\/www.zoko.ro\/\",\"name\":\"ZOKO.ro\",\"description\":\"Cump\u0103r\u0103 inteligent\",\"publisher\":{\"@id\":\"https:\/\/www.zoko.ro\/#organization\"},\"potentialAction\":[{\"@type\":\"SearchAction\",\"target\":{\"@type\":\"EntryPoint\",\"urlTemplate\":\"https:\/\/www.zoko.ro\/?s={search_term_string}\"},\"query-input\":{\"@type\":\"PropertyValueSpecification\",\"valueRequired\":true,\"valueName\":\"search_term_string\"}}],\"inLanguage\":\"en-GB\"},{\"@type\":\"Organization\",\"@id\":\"https:\/\/www.zoko.ro\/#organization\",\"name\":\"ZOKO\",\"url\":\"https:\/\/www.zoko.ro\/\",\"logo\":{\"@type\":\"ImageObject\",\"inLanguage\":\"en-GB\",\"@id\":\"https:\/\/www.zoko.ro\/#\/schema\/logo\/image\/\",\"url\":\"https:\/\/www.zoko.ro\/wp-content\/uploads\/2025\/03\/logo1.svg\",\"contentUrl\":\"https:\/\/www.zoko.ro\/wp-content\/uploads\/2025\/03\/logo1.svg\",\"width\":799,\"height\":216,\"caption\":\"ZOKO\"},\"image\":{\"@id\":\"https:\/\/www.zoko.ro\/#\/schema\/logo\/image\/\"},\"sameAs\":[\"https:\/\/www.facebook.com\/profile.php?id=61584344135075\"]}]}<\/script>\n<!-- \/ Yoast SEO plugin. -->","yoast_head_json":{"title":"Castron pentru animale de companie cu dozator de apa, transparent, Gonga\u00ae | ZOKO","robots":{"index":"index","follow":"follow","max-snippet":"max-snippet:-1","max-image-preview":"max-image-preview:large","max-video-preview":"max-video-preview:-1"},"canonical":"https:\/\/www.zoko.ro\/en\/p\/castron-pentru-animale-de-companie-cu-dozator-de-apa-transparent-gonga\/","og_locale":"en_GB","og_type":"article","og_title":"Castron pentru animale de companie cu dozator de apa, transparent, Gonga\u00ae | ZOKO","og_description":"Culoare: Transparent Bolul va fi perfect pentru hrana, iar dozatorul de apa va asigura accesul constant la apa proaspata pentru","og_url":"https:\/\/www.zoko.ro\/en\/p\/castron-pentru-animale-de-companie-cu-dozator-de-apa-transparent-gonga\/","og_site_name":"ZOKO","article_publisher":"https:\/\/www.facebook.com\/profile.php?id=61584344135075","og_image":[{"width":1005,"height":840,"url":"https:\/\/www.zoko.ro\/wp-content\/uploads\/2025\/12\/castron-pentru-animale-de-companie-cu-dozator-de-apa-transparent-gonga.jpg","type":"image\/png"}],"twitter_card":"summary_large_image","twitter_misc":{"Estimated reading time":"1 minute"},"schema":{"@context":"https:\/\/schema.org","@graph":[{"@type":"WebPage","@id":"https:\/\/www.zoko.ro\/p\/castron-pentru-animale-de-companie-cu-dozator-de-apa-transparent-gonga\/","url":"https:\/\/www.zoko.ro\/p\/castron-pentru-animale-de-companie-cu-dozator-de-apa-transparent-gonga\/","name":"Castron pentru animale de companie cu dozator de apa, transparent, Gonga\u00ae | ZOKO","isPartOf":{"@id":"https:\/\/www.zoko.ro\/#website"},"primaryImageOfPage":{"@id":"https:\/\/www.zoko.ro\/p\/castron-pentru-animale-de-companie-cu-dozator-de-apa-transparent-gonga\/#primaryimage"},"image":{"@id":"https:\/\/www.zoko.ro\/p\/castron-pentru-animale-de-companie-cu-dozator-de-apa-transparent-gonga\/#primaryimage"},"thumbnailUrl":"https:\/\/www.zoko.ro\/wp-content\/uploads\/2025\/12\/castron-pentru-animale-de-companie-cu-dozator-de-apa-transparent-gonga.jpg","datePublished":"2026-04-28T21:28:45+00:00","breadcrumb":{"@id":"https:\/\/www.zoko.ro\/p\/castron-pentru-animale-de-companie-cu-dozator-de-apa-transparent-gonga\/#breadcrumb"},"inLanguage":"en-GB","potentialAction":[{"@type":"ReadAction","target":["https:\/\/www.zoko.ro\/p\/castron-pentru-animale-de-companie-cu-dozator-de-apa-transparent-gonga\/"]}]},{"@type":"ImageObject","inLanguage":"en-GB","@id":"https:\/\/www.zoko.ro\/p\/castron-pentru-animale-de-companie-cu-dozator-de-apa-transparent-gonga\/#primaryimage","url":"https:\/\/www.zoko.ro\/wp-content\/uploads\/2025\/12\/castron-pentru-animale-de-companie-cu-dozator-de-apa-transparent-gonga.jpg","contentUrl":"https:\/\/www.zoko.ro\/wp-content\/uploads\/2025\/12\/castron-pentru-animale-de-companie-cu-dozator-de-apa-transparent-gonga.jpg","width":1005,"height":840},{"@type":"BreadcrumbList","@id":"https:\/\/www.zoko.ro\/p\/castron-pentru-animale-de-companie-cu-dozator-de-apa-transparent-gonga\/#breadcrumb","itemListElement":[{"@type":"ListItem","position":1,"name":"Home","item":"https:\/\/www.zoko.ro\/"},{"@type":"ListItem","position":2,"name":"Magazin","item":"https:\/\/www.zoko.ro\/magazin\/"},{"@type":"ListItem","position":3,"name":"Castron pentru animale de companie cu dozator de apa, transparent, Gonga\u00ae"}]},{"@type":"WebSite","@id":"https:\/\/www.zoko.ro\/#website","url":"https:\/\/www.zoko.ro\/","name":"ZOKO.ro","description":"Cump\u0103r\u0103 inteligent","publisher":{"@id":"https:\/\/www.zoko.ro\/#organization"},"potentialAction":[{"@type":"SearchAction","target":{"@type":"EntryPoint","urlTemplate":"https:\/\/www.zoko.ro\/?s={search_term_string}"},"query-input":{"@type":"PropertyValueSpecification","valueRequired":true,"valueName":"search_term_string"}}],"inLanguage":"en-GB"},{"@type":"Organization","@id":"https:\/\/www.zoko.ro\/#organization","name":"ZOKO","url":"https:\/\/www.zoko.ro\/","logo":{"@type":"ImageObject","inLanguage":"en-GB","@id":"https:\/\/www.zoko.ro\/#\/schema\/logo\/image\/","url":"https:\/\/www.zoko.ro\/wp-content\/uploads\/2025\/03\/logo1.svg","contentUrl":"https:\/\/www.zoko.ro\/wp-content\/uploads\/2025\/03\/logo1.svg","width":799,"height":216,"caption":"ZOKO"},"image":{"@id":"https:\/\/www.zoko.ro\/#\/schema\/logo\/image\/"},"sameAs":["https:\/\/www.facebook.com\/profile.php?id=61584344135075"]}]}},"_links":{"self":[{"href":"https:\/\/www.zoko.ro\/en\/wp-json\/wp\/v2\/product\/30417","targetHints":{"allow":["GET"]}}],"collection":[{"href":"https:\/\/www.zoko.ro\/en\/wp-json\/wp\/v2\/product"}],"about":[{"href":"https:\/\/www.zoko.ro\/en\/wp-json\/wp\/v2\/types\/product"}],"replies":[{"embeddable":true,"href":"https:\/\/www.zoko.ro\/en\/wp-json\/wp\/v2\/comments?post=30417"}],"version-history":[{"count":1,"href":"https:\/\/www.zoko.ro\/en\/wp-json\/wp\/v2\/product\/30417\/revisions"}],"predecessor-version":[{"id":37991,"href":"https:\/\/www.zoko.ro\/en\/wp-json\/wp\/v2\/product\/30417\/revisions\/37991"}],"wp:featuredmedia":[{"embeddable":true,"href":"https:\/\/www.zoko.ro\/en\/wp-json\/wp\/v2\/media\/30418"}],"wp:attachment":[{"href":"https:\/\/www.zoko.ro\/en\/wp-json\/wp\/v2\/media?parent=30417"}],"wp:term":[{"taxonomy":"product_brand","embeddable":true,"href":"https:\/\/www.zoko.ro\/en\/wp-json\/wp\/v2\/product_brand?post=30417"},{"taxonomy":"product_cat","embeddable":true,"href":"https:\/\/www.zoko.ro\/en\/wp-json\/wp\/v2\/product_cat?post=30417"},{"taxonomy":"product_tag","embeddable":true,"href":"https:\/\/www.zoko.ro\/en\/wp-json\/wp\/v2\/product_tag?post=30417"}],"curies":[{"name":"wp","href":"https:\/\/api.w.org\/{rel}","templated":true}]}}