{"id":30430,"date":"2026-04-28T23:28:47","date_gmt":"2026-04-28T21:28:47","guid":{"rendered":"https:\/\/www.zoko.ro\/p\/lampa-led-ring-light-16cm-gonga\/"},"modified":"2026-04-28T23:28:47","modified_gmt":"2026-04-28T21:28:47","slug":"lampa-led-ring-light-16cm-gonga","status":"publish","type":"product","link":"https:\/\/www.zoko.ro\/en\/p\/lampa-led-ring-light-16cm-gonga\/","title":{"rendered":"Lampa LED Ring Light, 16cm, Gonga\u00ae"},"content":{"rendered":"<p><strong>Culoare:<\/strong> Negru\/Alb<\/p>\n<p>Setul de iluminat perfect pentru fiecare iubitor de selfie-uri!\u00a0<\/p>\n<\/p>\n<p>Lampa cu inel LED cu posibilitate de schimbare a culorii de alb (rece \/ cald \/ neutru).\u00a0<\/p>\n<\/p>\n<p>Completa, cu un trepied pliabil.\u00a0<\/p>\n<\/p>\n<p>Este cu siguran\u021b\u0103 o necesitate fotografic\u0103!\u00a0<\/p>\n<\/p>\n<p>Echipament necesar pentru fiecare studio foto de acas\u0103. Acesta va oferi condi\u021biile de iluminare potrivite pentru fiecare fotografie.\u00a0<\/p>\n<\/p>\n<p>Structura inelar\u0103 a l\u0103mpii permite iluminarea perfect\u0103 \u0219i uniform\u0103 a spa\u021biului de lucru \u0219i a persoanelor sau obiectelor fotografiate.\u00a0<\/p>\n<\/p>\n<p>O solu\u021bie grozav\u0103 care va func\u021biona \u00een toate condi\u021biile \u0219i \u00een fiecare studio. Datorit\u0103 u\u0219urin\u021bei \u0219i mobilit\u0103\u021bii sale, poate fi folosit cu succes \u0219i \u00een aer liber.\u00a0<\/p>\n<\/p>\n<p>Utilizarea LED-urilor cu economie de energie nu necesit\u0103 alimentare de la re\u021bea, un port USB obi\u0219nuit sau un powerbank este suficient.<\/p>\n<\/p>\n<p>Caracteristicile produsului:<\/p>\n<\/p>\n<p>&#8211; Lamp\u0103 cu LED alb\u0103 inel pentru selfie.<\/p>\n<p>&#8211; Luminozitate 20 &#8211; 1000Lm<\/p>\n<p>&#8211; Putere lampa: 12W<\/p>\n<p>&#8211; Lampa str\u0103luce\u0219te cu o lumin\u0103 continu\u0103 foarte concentrat\u0103, care permite iluminarea uniform\u0103 a obiectului\/planului filmat sau fotografiat.<\/p>\n<p>&#8211; Capacitatea de a schimba culoarea albului (3): alb cald, lumin\u0103 natural\u0103, alb rece<\/p>\n<p>&#8211; Culoarea luminii (alb): 3200K &#8211; 5800K<\/p>\n<p>&#8211; Lampa poate fi reglat\u0103 (pe o scar\u0103 de 10% de la 0 la 100%).<\/p>\n<p>&#8211; Lampa, atunci c\u00e2nd este montat\u0103 pe un bra\u021b flexibil sau trepied, va func\u021biona \u0219i ca surs\u0103 de lumin\u0103 \u00een fotografia de produs sau fotografia macro.<\/p>\n<p>&#8211; Lampa poate fi montat\u0103 \u00een mai multe moduri: pe bra\u021bul flexibil men\u021bionat anterior sau pe un trepied obi\u0219nuit sau un m\u00e2ner \u00een\u0219urubat pe mas\u0103\/capac f\u0103r\u0103 umbre.<\/p>\n<p>&#8211; Durata de viata: pana la 10000h (diode LED)<\/p>\n<p>&#8211; Extensibil, stabil (blocare cu \u0219urub), trepied<\/p>\n<p>&#8211; Capul mobil faciliteaz\u0103 rotirea acestuia.<\/p>\n<p>&#8211; Capacitatea de ridicare a trepiedului este de aproximativ 2,5 kg<\/p>\n<\/p>\n<p>Specifica\u021bie:<\/p>\n<\/p>\n<p>&#8211; Material: aluminiu + plastic<\/p>\n<p>&#8211; Alimentare: USB 5V (2A)<\/p>\n<p>&#8211; Inel luminos rotund cu LED<\/p>\n<p>&#8211; Schimbarea culorii albului (rece, cald, neutru)<\/p>\n<p>&#8211; Culoare luminii: 3200K &#8211; 5800K<\/p>\n<p>&#8211; Reglabil (\u00een pa\u0219i de 10%)<\/p>\n<p>&#8211; Telecomanda (cu fir)<\/p>\n<p>&#8211; Diametru lampa (inel): 16 cm<\/p>\n<p>&#8211; Lungime cablu de alimentare: 2 m<\/p>\n<p>&#8211; Culoare: negru + alb<\/p>","protected":false},"excerpt":{"rendered":"<p>Culoare: Negru\/Alb Setul de iluminat perfect pentru fiecare iubitor de selfie-uri!\u00a0 Lampa cu inel LED cu posibilitate de schimbare a<\/p>","protected":false},"featured_media":30431,"comment_status":"open","ping_status":"open","template":"","meta":[],"product_brand":[],"product_cat":[99,361,363],"product_tag":[104],"class_list":{"0":"post-30430","1":"product","2":"type-product","3":"status-publish","4":"has-post-thumbnail","6":"product_cat-acasa","7":"product_cat-audio-video-foto","8":"product_cat-camere-accesorii-foto","9":"product_tag-in-stoc","10":"pa_culoare-negru-alb","12":"first","13":"instock","14":"sale","15":"purchasable","16":"product-type-simple"},"yoast_head":"<!-- This site is optimized with the Yoast SEO plugin v27.2 - https:\/\/yoast.com\/product\/yoast-seo-wordpress\/ -->\n<title>Lampa LED Ring Light, 16cm, Gonga\u00ae | ZOKO<\/title>\n<meta name=\"robots\" content=\"index, follow, max-snippet:-1, max-image-preview:large, max-video-preview:-1\" \/>\n<link rel=\"canonical\" href=\"https:\/\/www.zoko.ro\/en\/p\/lampa-led-ring-light-16cm-gonga\/\" \/>\n<meta property=\"og:locale\" content=\"en_GB\" \/>\n<meta property=\"og:type\" content=\"article\" \/>\n<meta property=\"og:title\" content=\"Lampa LED Ring Light, 16cm, Gonga\u00ae | ZOKO\" \/>\n<meta property=\"og:description\" content=\"Culoare: Negru\/Alb Setul de iluminat perfect pentru fiecare iubitor de selfie-uri!\u00a0 Lampa cu inel LED cu posibilitate de schimbare a\" \/>\n<meta property=\"og:url\" content=\"https:\/\/www.zoko.ro\/en\/p\/lampa-led-ring-light-16cm-gonga\/\" \/>\n<meta property=\"og:site_name\" content=\"ZOKO\" \/>\n<meta property=\"article:publisher\" content=\"https:\/\/www.facebook.com\/profile.php?id=61584344135075\" \/>\n<meta property=\"og:image\" content=\"https:\/\/www.zoko.ro\/wp-content\/uploads\/2025\/12\/lampa-led-ring-light-16cm-gonga.jpg\" \/>\n\t<meta property=\"og:image:width\" content=\"1062\" \/>\n\t<meta property=\"og:image:height\" content=\"1200\" \/>\n\t<meta property=\"og:image:type\" content=\"image\/jpeg\" \/>\n<meta name=\"twitter:card\" content=\"summary_large_image\" \/>\n<meta name=\"twitter:label1\" content=\"Estimated reading time\" \/>\n\t<meta name=\"twitter:data1\" content=\"2 minutes\" \/>\n<script type=\"application\/ld+json\" class=\"yoast-schema-graph\">{\"@context\":\"https:\/\/schema.org\",\"@graph\":[{\"@type\":\"WebPage\",\"@id\":\"https:\/\/www.zoko.ro\/p\/lampa-led-ring-light-16cm-gonga\/\",\"url\":\"https:\/\/www.zoko.ro\/p\/lampa-led-ring-light-16cm-gonga\/\",\"name\":\"Lampa LED Ring Light, 16cm, Gonga\u00ae | ZOKO\",\"isPartOf\":{\"@id\":\"https:\/\/www.zoko.ro\/#website\"},\"primaryImageOfPage\":{\"@id\":\"https:\/\/www.zoko.ro\/p\/lampa-led-ring-light-16cm-gonga\/#primaryimage\"},\"image\":{\"@id\":\"https:\/\/www.zoko.ro\/p\/lampa-led-ring-light-16cm-gonga\/#primaryimage\"},\"thumbnailUrl\":\"https:\/\/www.zoko.ro\/wp-content\/uploads\/2025\/12\/lampa-led-ring-light-16cm-gonga.jpg\",\"datePublished\":\"2026-04-28T21:28:47+00:00\",\"breadcrumb\":{\"@id\":\"https:\/\/www.zoko.ro\/p\/lampa-led-ring-light-16cm-gonga\/#breadcrumb\"},\"inLanguage\":\"en-GB\",\"potentialAction\":[{\"@type\":\"ReadAction\",\"target\":[\"https:\/\/www.zoko.ro\/p\/lampa-led-ring-light-16cm-gonga\/\"]}]},{\"@type\":\"ImageObject\",\"inLanguage\":\"en-GB\",\"@id\":\"https:\/\/www.zoko.ro\/p\/lampa-led-ring-light-16cm-gonga\/#primaryimage\",\"url\":\"https:\/\/www.zoko.ro\/wp-content\/uploads\/2025\/12\/lampa-led-ring-light-16cm-gonga.jpg\",\"contentUrl\":\"https:\/\/www.zoko.ro\/wp-content\/uploads\/2025\/12\/lampa-led-ring-light-16cm-gonga.jpg\",\"width\":1062,\"height\":1200},{\"@type\":\"BreadcrumbList\",\"@id\":\"https:\/\/www.zoko.ro\/p\/lampa-led-ring-light-16cm-gonga\/#breadcrumb\",\"itemListElement\":[{\"@type\":\"ListItem\",\"position\":1,\"name\":\"Home\",\"item\":\"https:\/\/www.zoko.ro\/\"},{\"@type\":\"ListItem\",\"position\":2,\"name\":\"Magazin\",\"item\":\"https:\/\/www.zoko.ro\/magazin\/\"},{\"@type\":\"ListItem\",\"position\":3,\"name\":\"Lampa LED Ring Light, 16cm, Gonga\u00ae\"}]},{\"@type\":\"WebSite\",\"@id\":\"https:\/\/www.zoko.ro\/#website\",\"url\":\"https:\/\/www.zoko.ro\/\",\"name\":\"ZOKO.ro\",\"description\":\"Cump\u0103r\u0103 inteligent\",\"publisher\":{\"@id\":\"https:\/\/www.zoko.ro\/#organization\"},\"potentialAction\":[{\"@type\":\"SearchAction\",\"target\":{\"@type\":\"EntryPoint\",\"urlTemplate\":\"https:\/\/www.zoko.ro\/?s={search_term_string}\"},\"query-input\":{\"@type\":\"PropertyValueSpecification\",\"valueRequired\":true,\"valueName\":\"search_term_string\"}}],\"inLanguage\":\"en-GB\"},{\"@type\":\"Organization\",\"@id\":\"https:\/\/www.zoko.ro\/#organization\",\"name\":\"ZOKO\",\"url\":\"https:\/\/www.zoko.ro\/\",\"logo\":{\"@type\":\"ImageObject\",\"inLanguage\":\"en-GB\",\"@id\":\"https:\/\/www.zoko.ro\/#\/schema\/logo\/image\/\",\"url\":\"https:\/\/www.zoko.ro\/wp-content\/uploads\/2025\/03\/logo1.svg\",\"contentUrl\":\"https:\/\/www.zoko.ro\/wp-content\/uploads\/2025\/03\/logo1.svg\",\"width\":799,\"height\":216,\"caption\":\"ZOKO\"},\"image\":{\"@id\":\"https:\/\/www.zoko.ro\/#\/schema\/logo\/image\/\"},\"sameAs\":[\"https:\/\/www.facebook.com\/profile.php?id=61584344135075\"]}]}<\/script>\n<!-- \/ Yoast SEO plugin. -->","yoast_head_json":{"title":"Lampa LED Ring Light, 16cm, Gonga\u00ae | ZOKO","robots":{"index":"index","follow":"follow","max-snippet":"max-snippet:-1","max-image-preview":"max-image-preview:large","max-video-preview":"max-video-preview:-1"},"canonical":"https:\/\/www.zoko.ro\/en\/p\/lampa-led-ring-light-16cm-gonga\/","og_locale":"en_GB","og_type":"article","og_title":"Lampa LED Ring Light, 16cm, Gonga\u00ae | ZOKO","og_description":"Culoare: Negru\/Alb Setul de iluminat perfect pentru fiecare iubitor de selfie-uri!\u00a0 Lampa cu inel LED cu posibilitate de schimbare a","og_url":"https:\/\/www.zoko.ro\/en\/p\/lampa-led-ring-light-16cm-gonga\/","og_site_name":"ZOKO","article_publisher":"https:\/\/www.facebook.com\/profile.php?id=61584344135075","og_image":[{"width":1062,"height":1200,"url":"https:\/\/www.zoko.ro\/wp-content\/uploads\/2025\/12\/lampa-led-ring-light-16cm-gonga.jpg","type":"image\/jpeg"}],"twitter_card":"summary_large_image","twitter_misc":{"Estimated reading time":"2 minutes"},"schema":{"@context":"https:\/\/schema.org","@graph":[{"@type":"WebPage","@id":"https:\/\/www.zoko.ro\/p\/lampa-led-ring-light-16cm-gonga\/","url":"https:\/\/www.zoko.ro\/p\/lampa-led-ring-light-16cm-gonga\/","name":"Lampa LED Ring Light, 16cm, Gonga\u00ae | ZOKO","isPartOf":{"@id":"https:\/\/www.zoko.ro\/#website"},"primaryImageOfPage":{"@id":"https:\/\/www.zoko.ro\/p\/lampa-led-ring-light-16cm-gonga\/#primaryimage"},"image":{"@id":"https:\/\/www.zoko.ro\/p\/lampa-led-ring-light-16cm-gonga\/#primaryimage"},"thumbnailUrl":"https:\/\/www.zoko.ro\/wp-content\/uploads\/2025\/12\/lampa-led-ring-light-16cm-gonga.jpg","datePublished":"2026-04-28T21:28:47+00:00","breadcrumb":{"@id":"https:\/\/www.zoko.ro\/p\/lampa-led-ring-light-16cm-gonga\/#breadcrumb"},"inLanguage":"en-GB","potentialAction":[{"@type":"ReadAction","target":["https:\/\/www.zoko.ro\/p\/lampa-led-ring-light-16cm-gonga\/"]}]},{"@type":"ImageObject","inLanguage":"en-GB","@id":"https:\/\/www.zoko.ro\/p\/lampa-led-ring-light-16cm-gonga\/#primaryimage","url":"https:\/\/www.zoko.ro\/wp-content\/uploads\/2025\/12\/lampa-led-ring-light-16cm-gonga.jpg","contentUrl":"https:\/\/www.zoko.ro\/wp-content\/uploads\/2025\/12\/lampa-led-ring-light-16cm-gonga.jpg","width":1062,"height":1200},{"@type":"BreadcrumbList","@id":"https:\/\/www.zoko.ro\/p\/lampa-led-ring-light-16cm-gonga\/#breadcrumb","itemListElement":[{"@type":"ListItem","position":1,"name":"Home","item":"https:\/\/www.zoko.ro\/"},{"@type":"ListItem","position":2,"name":"Magazin","item":"https:\/\/www.zoko.ro\/magazin\/"},{"@type":"ListItem","position":3,"name":"Lampa LED Ring Light, 16cm, Gonga\u00ae"}]},{"@type":"WebSite","@id":"https:\/\/www.zoko.ro\/#website","url":"https:\/\/www.zoko.ro\/","name":"ZOKO.ro","description":"Cump\u0103r\u0103 inteligent","publisher":{"@id":"https:\/\/www.zoko.ro\/#organization"},"potentialAction":[{"@type":"SearchAction","target":{"@type":"EntryPoint","urlTemplate":"https:\/\/www.zoko.ro\/?s={search_term_string}"},"query-input":{"@type":"PropertyValueSpecification","valueRequired":true,"valueName":"search_term_string"}}],"inLanguage":"en-GB"},{"@type":"Organization","@id":"https:\/\/www.zoko.ro\/#organization","name":"ZOKO","url":"https:\/\/www.zoko.ro\/","logo":{"@type":"ImageObject","inLanguage":"en-GB","@id":"https:\/\/www.zoko.ro\/#\/schema\/logo\/image\/","url":"https:\/\/www.zoko.ro\/wp-content\/uploads\/2025\/03\/logo1.svg","contentUrl":"https:\/\/www.zoko.ro\/wp-content\/uploads\/2025\/03\/logo1.svg","width":799,"height":216,"caption":"ZOKO"},"image":{"@id":"https:\/\/www.zoko.ro\/#\/schema\/logo\/image\/"},"sameAs":["https:\/\/www.facebook.com\/profile.php?id=61584344135075"]}]}},"_links":{"self":[{"href":"https:\/\/www.zoko.ro\/en\/wp-json\/wp\/v2\/product\/30430","targetHints":{"allow":["GET"]}}],"collection":[{"href":"https:\/\/www.zoko.ro\/en\/wp-json\/wp\/v2\/product"}],"about":[{"href":"https:\/\/www.zoko.ro\/en\/wp-json\/wp\/v2\/types\/product"}],"replies":[{"embeddable":true,"href":"https:\/\/www.zoko.ro\/en\/wp-json\/wp\/v2\/comments?post=30430"}],"version-history":[{"count":1,"href":"https:\/\/www.zoko.ro\/en\/wp-json\/wp\/v2\/product\/30430\/revisions"}],"predecessor-version":[{"id":37993,"href":"https:\/\/www.zoko.ro\/en\/wp-json\/wp\/v2\/product\/30430\/revisions\/37993"}],"wp:featuredmedia":[{"embeddable":true,"href":"https:\/\/www.zoko.ro\/en\/wp-json\/wp\/v2\/media\/30431"}],"wp:attachment":[{"href":"https:\/\/www.zoko.ro\/en\/wp-json\/wp\/v2\/media?parent=30430"}],"wp:term":[{"taxonomy":"product_brand","embeddable":true,"href":"https:\/\/www.zoko.ro\/en\/wp-json\/wp\/v2\/product_brand?post=30430"},{"taxonomy":"product_cat","embeddable":true,"href":"https:\/\/www.zoko.ro\/en\/wp-json\/wp\/v2\/product_cat?post=30430"},{"taxonomy":"product_tag","embeddable":true,"href":"https:\/\/www.zoko.ro\/en\/wp-json\/wp\/v2\/product_tag?post=30430"}],"curies":[{"name":"wp","href":"https:\/\/api.w.org\/{rel}","templated":true}]}}