{"id":30440,"date":"2026-04-28T23:28:47","date_gmt":"2026-04-28T21:28:47","guid":{"rendered":"https:\/\/www.zoko.ro\/p\/lampa-de-veghe-cu-senzor-de-lumina-gonga\/"},"modified":"2026-04-28T23:28:47","modified_gmt":"2026-04-28T21:28:47","slug":"lampa-de-veghe-cu-senzor-de-lumina-gonga","status":"publish","type":"product","link":"https:\/\/www.zoko.ro\/en\/p\/lampa-de-veghe-cu-senzor-de-lumina-gonga\/","title":{"rendered":"Lampa de veghe cu senzor de lumina, Gonga\u00ae"},"content":{"rendered":"<p><strong>Culoare:<\/strong> Alb<\/p>\n<p>Lamp\u0103 de noptier\u0103, alimentat\u0103 direct de la priz\u0103 de 110-240 V!\u00a0<\/p>\n<\/p>\n<p>Echipata cu un senzor de lumina care porneste automat noaptea si se stinge ziua.\u00a0<\/p>\n<\/p>\n<p>Va oferi un sentiment de siguran\u021b\u0103 unui copil care nu este obi\u0219nuit s\u0103 doarm\u0103 \u00een \u00eentuneric total!<\/p>\n<\/p>\n<p>Caracteristicile produsului:<\/p>\n<\/p>\n<p>&#8211; Lamp\u0103 de noapte cu senzor de lumina &#8211; se aprinde automat noaptea \u0219i se stinge ziua.<\/p>\n<p>&#8211; Aceast\u0103 lamp\u0103 mic\u0103 va oferi un sentiment de securitate \u00een orice camer\u0103 \u00eentunecat\u0103!<\/p>\n<p>&#8211; O lamp\u0103 cu lumin\u0103 LED, alimentat\u0103 de la re\u021bea este o solu\u021bie extrem de economic\u0103 &#8211; consum\u0103 o cantitate minim\u0103 de energie, iar utilizarea diodei LED asigur\u0103 c\u00e2\u021biva ani de func\u021bionare f\u0103r\u0103 a fi necesar\u0103 \u00eenlocuirea acesteia.<\/p>\n<p>&#8211; Perfect pentru camerele copiilor &#8211; le ofer\u0103 copiilor un sentiment de siguran\u021b\u0103 \u00een camerele \u00eentunecate!<\/p>\n<p>&#8211; Mai multe niveluri de intensitate a luminii.<\/p>\n<\/p>\n<p>Specifica\u021bie:<\/p>\n<\/p>\n<p>&#8211; Consum foarte redus de energie<\/p>\n<p>&#8211; 4 LED-uri care emit lumin\u0103 permit c\u00e2\u021biva ani de func\u021bionare continu\u0103<\/p>\n<p>&#8211; Lampa se aprinde automat la amurg \u0219i se stinge diminea\u021ba<\/p>\n<p>&#8211; Lumin\u0103 cu intensitate \u0219i culoare prietenoase pentru ochi<\/p>\n<p>&#8211; Alimentare: 110-240 V, 50 Hz (de la re\u021bea)<\/p>\n<p>&#8211; Putere: 1W<\/p>\n<p>&#8211; Material: ABS (plastic)<\/p>\n<p>&#8211; Dimensiuni: 65 mm x 65 mm x 45 mm<\/p><\/p>","protected":false},"excerpt":{"rendered":"<p>Culoare: Alb Lamp\u0103 de noptier\u0103, alimentat\u0103 direct de la priz\u0103 de 110-240 V!\u00a0 Echipata cu un senzor de lumina care<\/p>","protected":false},"featured_media":30441,"comment_status":"open","ping_status":"open","template":"","meta":[],"product_brand":[],"product_cat":[99,379,333],"product_tag":[104],"class_list":{"0":"post-30440","1":"product","2":"type-product","3":"status-publish","4":"has-post-thumbnail","6":"product_cat-acasa","7":"product_cat-camera-copilului","8":"product_cat-jucarii","9":"product_tag-in-stoc","10":"pa_culoare-alb","12":"first","13":"instock","14":"sale","15":"purchasable","16":"product-type-simple"},"yoast_head":"<!-- This site is optimized with the Yoast SEO plugin v27.2 - https:\/\/yoast.com\/product\/yoast-seo-wordpress\/ -->\n<title>Lampa de veghe cu senzor de lumina, Gonga\u00ae | ZOKO<\/title>\n<meta name=\"robots\" content=\"index, follow, max-snippet:-1, max-image-preview:large, max-video-preview:-1\" \/>\n<link rel=\"canonical\" href=\"https:\/\/www.zoko.ro\/en\/p\/lampa-de-veghe-cu-senzor-de-lumina-gonga\/\" \/>\n<meta property=\"og:locale\" content=\"en_GB\" \/>\n<meta property=\"og:type\" content=\"article\" \/>\n<meta property=\"og:title\" content=\"Lampa de veghe cu senzor de lumina, Gonga\u00ae | ZOKO\" \/>\n<meta property=\"og:description\" content=\"Culoare: Alb Lamp\u0103 de noptier\u0103, alimentat\u0103 direct de la priz\u0103 de 110-240 V!\u00a0 Echipata cu un senzor de lumina care\" \/>\n<meta property=\"og:url\" content=\"https:\/\/www.zoko.ro\/en\/p\/lampa-de-veghe-cu-senzor-de-lumina-gonga\/\" \/>\n<meta property=\"og:site_name\" content=\"ZOKO\" \/>\n<meta property=\"article:publisher\" content=\"https:\/\/www.facebook.com\/profile.php?id=61584344135075\" \/>\n<meta property=\"og:image\" content=\"https:\/\/www.zoko.ro\/wp-content\/uploads\/2025\/12\/lampa-de-veche-cu-senzor-de-lumina-gonga.jpg\" \/>\n\t<meta property=\"og:image:width\" content=\"1098\" \/>\n\t<meta property=\"og:image:height\" content=\"1200\" \/>\n\t<meta property=\"og:image:type\" content=\"image\/jpeg\" \/>\n<meta name=\"twitter:card\" content=\"summary_large_image\" \/>\n<meta name=\"twitter:label1\" content=\"Estimated reading time\" \/>\n\t<meta name=\"twitter:data1\" content=\"1 minute\" \/>\n<script type=\"application\/ld+json\" class=\"yoast-schema-graph\">{\"@context\":\"https:\/\/schema.org\",\"@graph\":[{\"@type\":\"WebPage\",\"@id\":\"https:\/\/www.zoko.ro\/p\/lampa-de-veghe-cu-senzor-de-lumina-gonga\/\",\"url\":\"https:\/\/www.zoko.ro\/p\/lampa-de-veghe-cu-senzor-de-lumina-gonga\/\",\"name\":\"Lampa de veghe cu senzor de lumina, Gonga\u00ae | ZOKO\",\"isPartOf\":{\"@id\":\"https:\/\/www.zoko.ro\/#website\"},\"primaryImageOfPage\":{\"@id\":\"https:\/\/www.zoko.ro\/p\/lampa-de-veghe-cu-senzor-de-lumina-gonga\/#primaryimage\"},\"image\":{\"@id\":\"https:\/\/www.zoko.ro\/p\/lampa-de-veghe-cu-senzor-de-lumina-gonga\/#primaryimage\"},\"thumbnailUrl\":\"https:\/\/www.zoko.ro\/wp-content\/uploads\/2025\/12\/lampa-de-veche-cu-senzor-de-lumina-gonga.jpg\",\"datePublished\":\"2026-04-28T21:28:47+00:00\",\"breadcrumb\":{\"@id\":\"https:\/\/www.zoko.ro\/p\/lampa-de-veghe-cu-senzor-de-lumina-gonga\/#breadcrumb\"},\"inLanguage\":\"en-GB\",\"potentialAction\":[{\"@type\":\"ReadAction\",\"target\":[\"https:\/\/www.zoko.ro\/p\/lampa-de-veghe-cu-senzor-de-lumina-gonga\/\"]}]},{\"@type\":\"ImageObject\",\"inLanguage\":\"en-GB\",\"@id\":\"https:\/\/www.zoko.ro\/p\/lampa-de-veghe-cu-senzor-de-lumina-gonga\/#primaryimage\",\"url\":\"https:\/\/www.zoko.ro\/wp-content\/uploads\/2025\/12\/lampa-de-veche-cu-senzor-de-lumina-gonga.jpg\",\"contentUrl\":\"https:\/\/www.zoko.ro\/wp-content\/uploads\/2025\/12\/lampa-de-veche-cu-senzor-de-lumina-gonga.jpg\",\"width\":1098,\"height\":1200},{\"@type\":\"BreadcrumbList\",\"@id\":\"https:\/\/www.zoko.ro\/p\/lampa-de-veghe-cu-senzor-de-lumina-gonga\/#breadcrumb\",\"itemListElement\":[{\"@type\":\"ListItem\",\"position\":1,\"name\":\"Home\",\"item\":\"https:\/\/www.zoko.ro\/\"},{\"@type\":\"ListItem\",\"position\":2,\"name\":\"Magazin\",\"item\":\"https:\/\/www.zoko.ro\/magazin\/\"},{\"@type\":\"ListItem\",\"position\":3,\"name\":\"Lampa de veghe cu senzor de lumina, Gonga\u00ae\"}]},{\"@type\":\"WebSite\",\"@id\":\"https:\/\/www.zoko.ro\/#website\",\"url\":\"https:\/\/www.zoko.ro\/\",\"name\":\"ZOKO.ro\",\"description\":\"Cump\u0103r\u0103 inteligent\",\"publisher\":{\"@id\":\"https:\/\/www.zoko.ro\/#organization\"},\"potentialAction\":[{\"@type\":\"SearchAction\",\"target\":{\"@type\":\"EntryPoint\",\"urlTemplate\":\"https:\/\/www.zoko.ro\/?s={search_term_string}\"},\"query-input\":{\"@type\":\"PropertyValueSpecification\",\"valueRequired\":true,\"valueName\":\"search_term_string\"}}],\"inLanguage\":\"en-GB\"},{\"@type\":\"Organization\",\"@id\":\"https:\/\/www.zoko.ro\/#organization\",\"name\":\"ZOKO\",\"url\":\"https:\/\/www.zoko.ro\/\",\"logo\":{\"@type\":\"ImageObject\",\"inLanguage\":\"en-GB\",\"@id\":\"https:\/\/www.zoko.ro\/#\/schema\/logo\/image\/\",\"url\":\"https:\/\/www.zoko.ro\/wp-content\/uploads\/2025\/03\/logo1.svg\",\"contentUrl\":\"https:\/\/www.zoko.ro\/wp-content\/uploads\/2025\/03\/logo1.svg\",\"width\":799,\"height\":216,\"caption\":\"ZOKO\"},\"image\":{\"@id\":\"https:\/\/www.zoko.ro\/#\/schema\/logo\/image\/\"},\"sameAs\":[\"https:\/\/www.facebook.com\/profile.php?id=61584344135075\"]}]}<\/script>\n<!-- \/ Yoast SEO plugin. -->","yoast_head_json":{"title":"Lampa de veghe cu senzor de lumina, Gonga\u00ae | ZOKO","robots":{"index":"index","follow":"follow","max-snippet":"max-snippet:-1","max-image-preview":"max-image-preview:large","max-video-preview":"max-video-preview:-1"},"canonical":"https:\/\/www.zoko.ro\/en\/p\/lampa-de-veghe-cu-senzor-de-lumina-gonga\/","og_locale":"en_GB","og_type":"article","og_title":"Lampa de veghe cu senzor de lumina, Gonga\u00ae | ZOKO","og_description":"Culoare: Alb Lamp\u0103 de noptier\u0103, alimentat\u0103 direct de la priz\u0103 de 110-240 V!\u00a0 Echipata cu un senzor de lumina care","og_url":"https:\/\/www.zoko.ro\/en\/p\/lampa-de-veghe-cu-senzor-de-lumina-gonga\/","og_site_name":"ZOKO","article_publisher":"https:\/\/www.facebook.com\/profile.php?id=61584344135075","og_image":[{"width":1098,"height":1200,"url":"https:\/\/www.zoko.ro\/wp-content\/uploads\/2025\/12\/lampa-de-veche-cu-senzor-de-lumina-gonga.jpg","type":"image\/jpeg"}],"twitter_card":"summary_large_image","twitter_misc":{"Estimated reading time":"1 minute"},"schema":{"@context":"https:\/\/schema.org","@graph":[{"@type":"WebPage","@id":"https:\/\/www.zoko.ro\/p\/lampa-de-veghe-cu-senzor-de-lumina-gonga\/","url":"https:\/\/www.zoko.ro\/p\/lampa-de-veghe-cu-senzor-de-lumina-gonga\/","name":"Lampa de veghe cu senzor de lumina, Gonga\u00ae | ZOKO","isPartOf":{"@id":"https:\/\/www.zoko.ro\/#website"},"primaryImageOfPage":{"@id":"https:\/\/www.zoko.ro\/p\/lampa-de-veghe-cu-senzor-de-lumina-gonga\/#primaryimage"},"image":{"@id":"https:\/\/www.zoko.ro\/p\/lampa-de-veghe-cu-senzor-de-lumina-gonga\/#primaryimage"},"thumbnailUrl":"https:\/\/www.zoko.ro\/wp-content\/uploads\/2025\/12\/lampa-de-veche-cu-senzor-de-lumina-gonga.jpg","datePublished":"2026-04-28T21:28:47+00:00","breadcrumb":{"@id":"https:\/\/www.zoko.ro\/p\/lampa-de-veghe-cu-senzor-de-lumina-gonga\/#breadcrumb"},"inLanguage":"en-GB","potentialAction":[{"@type":"ReadAction","target":["https:\/\/www.zoko.ro\/p\/lampa-de-veghe-cu-senzor-de-lumina-gonga\/"]}]},{"@type":"ImageObject","inLanguage":"en-GB","@id":"https:\/\/www.zoko.ro\/p\/lampa-de-veghe-cu-senzor-de-lumina-gonga\/#primaryimage","url":"https:\/\/www.zoko.ro\/wp-content\/uploads\/2025\/12\/lampa-de-veche-cu-senzor-de-lumina-gonga.jpg","contentUrl":"https:\/\/www.zoko.ro\/wp-content\/uploads\/2025\/12\/lampa-de-veche-cu-senzor-de-lumina-gonga.jpg","width":1098,"height":1200},{"@type":"BreadcrumbList","@id":"https:\/\/www.zoko.ro\/p\/lampa-de-veghe-cu-senzor-de-lumina-gonga\/#breadcrumb","itemListElement":[{"@type":"ListItem","position":1,"name":"Home","item":"https:\/\/www.zoko.ro\/"},{"@type":"ListItem","position":2,"name":"Magazin","item":"https:\/\/www.zoko.ro\/magazin\/"},{"@type":"ListItem","position":3,"name":"Lampa de veghe cu senzor de lumina, Gonga\u00ae"}]},{"@type":"WebSite","@id":"https:\/\/www.zoko.ro\/#website","url":"https:\/\/www.zoko.ro\/","name":"ZOKO.ro","description":"Cump\u0103r\u0103 inteligent","publisher":{"@id":"https:\/\/www.zoko.ro\/#organization"},"potentialAction":[{"@type":"SearchAction","target":{"@type":"EntryPoint","urlTemplate":"https:\/\/www.zoko.ro\/?s={search_term_string}"},"query-input":{"@type":"PropertyValueSpecification","valueRequired":true,"valueName":"search_term_string"}}],"inLanguage":"en-GB"},{"@type":"Organization","@id":"https:\/\/www.zoko.ro\/#organization","name":"ZOKO","url":"https:\/\/www.zoko.ro\/","logo":{"@type":"ImageObject","inLanguage":"en-GB","@id":"https:\/\/www.zoko.ro\/#\/schema\/logo\/image\/","url":"https:\/\/www.zoko.ro\/wp-content\/uploads\/2025\/03\/logo1.svg","contentUrl":"https:\/\/www.zoko.ro\/wp-content\/uploads\/2025\/03\/logo1.svg","width":799,"height":216,"caption":"ZOKO"},"image":{"@id":"https:\/\/www.zoko.ro\/#\/schema\/logo\/image\/"},"sameAs":["https:\/\/www.facebook.com\/profile.php?id=61584344135075"]}]}},"_links":{"self":[{"href":"https:\/\/www.zoko.ro\/en\/wp-json\/wp\/v2\/product\/30440","targetHints":{"allow":["GET"]}}],"collection":[{"href":"https:\/\/www.zoko.ro\/en\/wp-json\/wp\/v2\/product"}],"about":[{"href":"https:\/\/www.zoko.ro\/en\/wp-json\/wp\/v2\/types\/product"}],"replies":[{"embeddable":true,"href":"https:\/\/www.zoko.ro\/en\/wp-json\/wp\/v2\/comments?post=30440"}],"version-history":[{"count":1,"href":"https:\/\/www.zoko.ro\/en\/wp-json\/wp\/v2\/product\/30440\/revisions"}],"predecessor-version":[{"id":37994,"href":"https:\/\/www.zoko.ro\/en\/wp-json\/wp\/v2\/product\/30440\/revisions\/37994"}],"wp:featuredmedia":[{"embeddable":true,"href":"https:\/\/www.zoko.ro\/en\/wp-json\/wp\/v2\/media\/30441"}],"wp:attachment":[{"href":"https:\/\/www.zoko.ro\/en\/wp-json\/wp\/v2\/media?parent=30440"}],"wp:term":[{"taxonomy":"product_brand","embeddable":true,"href":"https:\/\/www.zoko.ro\/en\/wp-json\/wp\/v2\/product_brand?post=30440"},{"taxonomy":"product_cat","embeddable":true,"href":"https:\/\/www.zoko.ro\/en\/wp-json\/wp\/v2\/product_cat?post=30440"},{"taxonomy":"product_tag","embeddable":true,"href":"https:\/\/www.zoko.ro\/en\/wp-json\/wp\/v2\/product_tag?post=30440"}],"curies":[{"name":"wp","href":"https:\/\/api.w.org\/{rel}","templated":true}]}}