{"id":30530,"date":"2026-04-28T23:28:55","date_gmt":"2026-04-28T21:28:55","guid":{"rendered":"https:\/\/www.zoko.ro\/p\/bol-de-mancare-pentru-animale-de-companie-cu-adapator-gonga-3\/"},"modified":"2026-04-28T23:28:55","modified_gmt":"2026-04-28T21:28:55","slug":"bol-de-mancare-pentru-animale-de-companie-cu-adapator-gonga-3","status":"publish","type":"product","link":"https:\/\/www.zoko.ro\/en\/p\/bol-de-mancare-pentru-animale-de-companie-cu-adapator-gonga-3\/","title":{"rendered":"Bol de mancare pentru animale de companie cu adapator, Gonga\u00ae"},"content":{"rendered":"<p><strong>Culoare:<\/strong> Gri<\/p>\n<p>Bolul pentru m\u00e2ncare ofer\u0103 proviziile de baz\u0103 perfecte pentru prietenul t\u0103u cu patru picioare. Pute\u021bi folosi un bol deta\u0219abil din o\u021bel inoxidabil pentru alimente umede sau uscate. Sticla de b\u0103ut asigur\u0103 o aprovizionare constant\u0103 cu ap\u0103. Pune sticla umpluta cu capul in jos in suport, apa curge in vasul cu apa si ramane la o inaltime constanta. Datorit\u0103 dimensiunii sale, castronul este perfect pentru c\u00e2inii mai mici, dar \u0219i pentru pisici.<\/p>\n<\/p>\n<p>Un bol colorat pentru m\u00e2ncare pentru c\u00e2ini<\/p>\n<\/p>\n<p>&#8211; Pentru rase de c\u00e2ini de talie mic\u0103, cum ar fi Chihuahua, Teckel.<\/p>\n<\/p>\n<p>&#8211; Suport bol pentru alimente si bauturi<\/p>\n<\/p>\n<p>&#8211; Alimentare automat\u0103 cu ap\u0103<\/p>\n<\/p>\n<p>&#8211; Bol din o\u021bel inoxidabil care poate fi sp\u0103lat<\/p>\n<\/p>\n<p>&#8211; Bara de alimentare poate fi ridicat\u0103 \u00een fante<\/p>\n<\/p>\n<p>Specificatii:<\/p>\n<\/p>\n<p>&#8211; dimensiuni totale: inaltime x latime x adancime: aproximativ 23,5 x 30 x 18,5 cm<\/p>\n<\/p>\n<p>&#8211; greutate: aproximativ 270 g<\/p>\n<\/p>\n<p>&#8211; material: plastic, otel inoxidabil<\/p>\n<\/p>\n<p>Accesorii:<\/p>\n<\/p>\n<p>&#8211; bol H x A: aproximativ 4,5 x 13,5 cm<\/p>\n<\/p>\n<p>&#8211; Capacitate: aproximativ 300 ml<\/p>\n<\/p>\n<p>&#8211; Sticla H x A: aproximativ 19,5 x 6,5 cm<\/p>\n<\/p>\n<p>&#8211; Capacitate: aproximativ 450 ml<\/p>","protected":false},"excerpt":{"rendered":"<p>Culoare: Gri Bolul pentru m\u00e2ncare ofer\u0103 proviziile de baz\u0103 perfecte pentru prietenul t\u0103u cu patru picioare. Pute\u021bi folosi un bol<\/p>","protected":false},"featured_media":30531,"comment_status":"open","ping_status":"open","template":"","meta":[],"product_brand":[],"product_cat":[99,347,346],"product_tag":[],"class_list":{"0":"post-30530","1":"product","2":"type-product","3":"status-publish","4":"has-post-thumbnail","6":"product_cat-acasa","7":"product_cat-castroane-adapatoare-animale","8":"product_cat-petshop","9":"pa_culoare-gri","11":"first","12":"outofstock","13":"sale","14":"purchasable","15":"product-type-simple"},"yoast_head":"<!-- This site is optimized with the Yoast SEO plugin v27.2 - https:\/\/yoast.com\/product\/yoast-seo-wordpress\/ -->\n<title>Bol de mancare pentru animale de companie cu adapator, Gonga\u00ae | ZOKO<\/title>\n<meta name=\"robots\" content=\"index, follow, max-snippet:-1, max-image-preview:large, max-video-preview:-1\" \/>\n<link rel=\"canonical\" href=\"https:\/\/www.zoko.ro\/en\/p\/bol-de-mancare-pentru-animale-de-companie-cu-adapator-gonga-3\/\" \/>\n<meta property=\"og:locale\" content=\"en_GB\" \/>\n<meta property=\"og:type\" content=\"article\" \/>\n<meta property=\"og:title\" content=\"Bol de mancare pentru animale de companie cu adapator, Gonga\u00ae | ZOKO\" \/>\n<meta property=\"og:description\" content=\"Culoare: Gri Bolul pentru m\u00e2ncare ofer\u0103 proviziile de baz\u0103 perfecte pentru prietenul t\u0103u cu patru picioare. Pute\u021bi folosi un bol\" \/>\n<meta property=\"og:url\" content=\"https:\/\/www.zoko.ro\/en\/p\/bol-de-mancare-pentru-animale-de-companie-cu-adapator-gonga-3\/\" \/>\n<meta property=\"og:site_name\" content=\"ZOKO\" \/>\n<meta property=\"article:publisher\" content=\"https:\/\/www.facebook.com\/profile.php?id=61584344135075\" \/>\n<meta property=\"og:image\" content=\"https:\/\/www.zoko.ro\/wp-content\/uploads\/2025\/12\/bol-de-mancare-pentru-animale-de-companie-cu-adapator-gonga-8.jpg\" \/>\n\t<meta property=\"og:image:width\" content=\"855\" \/>\n\t<meta property=\"og:image:height\" content=\"783\" \/>\n\t<meta property=\"og:image:type\" content=\"image\/png\" \/>\n<meta name=\"twitter:card\" content=\"summary_large_image\" \/>\n<meta name=\"twitter:label1\" content=\"Estimated reading time\" \/>\n\t<meta name=\"twitter:data1\" content=\"1 minute\" \/>\n<script type=\"application\/ld+json\" class=\"yoast-schema-graph\">{\"@context\":\"https:\/\/schema.org\",\"@graph\":[{\"@type\":\"WebPage\",\"@id\":\"https:\/\/www.zoko.ro\/p\/bol-de-mancare-pentru-animale-de-companie-cu-adapator-gonga-3\/\",\"url\":\"https:\/\/www.zoko.ro\/p\/bol-de-mancare-pentru-animale-de-companie-cu-adapator-gonga-3\/\",\"name\":\"Bol de mancare pentru animale de companie cu adapator, Gonga\u00ae | ZOKO\",\"isPartOf\":{\"@id\":\"https:\/\/www.zoko.ro\/#website\"},\"primaryImageOfPage\":{\"@id\":\"https:\/\/www.zoko.ro\/p\/bol-de-mancare-pentru-animale-de-companie-cu-adapator-gonga-3\/#primaryimage\"},\"image\":{\"@id\":\"https:\/\/www.zoko.ro\/p\/bol-de-mancare-pentru-animale-de-companie-cu-adapator-gonga-3\/#primaryimage\"},\"thumbnailUrl\":\"https:\/\/www.zoko.ro\/wp-content\/uploads\/2025\/12\/bol-de-mancare-pentru-animale-de-companie-cu-adapator-gonga-8.jpg\",\"datePublished\":\"2026-04-28T21:28:55+00:00\",\"breadcrumb\":{\"@id\":\"https:\/\/www.zoko.ro\/p\/bol-de-mancare-pentru-animale-de-companie-cu-adapator-gonga-3\/#breadcrumb\"},\"inLanguage\":\"en-GB\",\"potentialAction\":[{\"@type\":\"ReadAction\",\"target\":[\"https:\/\/www.zoko.ro\/p\/bol-de-mancare-pentru-animale-de-companie-cu-adapator-gonga-3\/\"]}]},{\"@type\":\"ImageObject\",\"inLanguage\":\"en-GB\",\"@id\":\"https:\/\/www.zoko.ro\/p\/bol-de-mancare-pentru-animale-de-companie-cu-adapator-gonga-3\/#primaryimage\",\"url\":\"https:\/\/www.zoko.ro\/wp-content\/uploads\/2025\/12\/bol-de-mancare-pentru-animale-de-companie-cu-adapator-gonga-8.jpg\",\"contentUrl\":\"https:\/\/www.zoko.ro\/wp-content\/uploads\/2025\/12\/bol-de-mancare-pentru-animale-de-companie-cu-adapator-gonga-8.jpg\",\"width\":855,\"height\":783},{\"@type\":\"BreadcrumbList\",\"@id\":\"https:\/\/www.zoko.ro\/p\/bol-de-mancare-pentru-animale-de-companie-cu-adapator-gonga-3\/#breadcrumb\",\"itemListElement\":[{\"@type\":\"ListItem\",\"position\":1,\"name\":\"Home\",\"item\":\"https:\/\/www.zoko.ro\/\"},{\"@type\":\"ListItem\",\"position\":2,\"name\":\"Magazin\",\"item\":\"https:\/\/www.zoko.ro\/magazin\/\"},{\"@type\":\"ListItem\",\"position\":3,\"name\":\"Bol de mancare pentru animale de companie cu adapator, Gonga\u00ae\"}]},{\"@type\":\"WebSite\",\"@id\":\"https:\/\/www.zoko.ro\/#website\",\"url\":\"https:\/\/www.zoko.ro\/\",\"name\":\"ZOKO.ro\",\"description\":\"Cump\u0103r\u0103 inteligent\",\"publisher\":{\"@id\":\"https:\/\/www.zoko.ro\/#organization\"},\"potentialAction\":[{\"@type\":\"SearchAction\",\"target\":{\"@type\":\"EntryPoint\",\"urlTemplate\":\"https:\/\/www.zoko.ro\/?s={search_term_string}\"},\"query-input\":{\"@type\":\"PropertyValueSpecification\",\"valueRequired\":true,\"valueName\":\"search_term_string\"}}],\"inLanguage\":\"en-GB\"},{\"@type\":\"Organization\",\"@id\":\"https:\/\/www.zoko.ro\/#organization\",\"name\":\"ZOKO\",\"url\":\"https:\/\/www.zoko.ro\/\",\"logo\":{\"@type\":\"ImageObject\",\"inLanguage\":\"en-GB\",\"@id\":\"https:\/\/www.zoko.ro\/#\/schema\/logo\/image\/\",\"url\":\"https:\/\/www.zoko.ro\/wp-content\/uploads\/2025\/03\/logo1.svg\",\"contentUrl\":\"https:\/\/www.zoko.ro\/wp-content\/uploads\/2025\/03\/logo1.svg\",\"width\":799,\"height\":216,\"caption\":\"ZOKO\"},\"image\":{\"@id\":\"https:\/\/www.zoko.ro\/#\/schema\/logo\/image\/\"},\"sameAs\":[\"https:\/\/www.facebook.com\/profile.php?id=61584344135075\"]}]}<\/script>\n<!-- \/ Yoast SEO plugin. -->","yoast_head_json":{"title":"Bol de mancare pentru animale de companie cu adapator, Gonga\u00ae | ZOKO","robots":{"index":"index","follow":"follow","max-snippet":"max-snippet:-1","max-image-preview":"max-image-preview:large","max-video-preview":"max-video-preview:-1"},"canonical":"https:\/\/www.zoko.ro\/en\/p\/bol-de-mancare-pentru-animale-de-companie-cu-adapator-gonga-3\/","og_locale":"en_GB","og_type":"article","og_title":"Bol de mancare pentru animale de companie cu adapator, Gonga\u00ae | ZOKO","og_description":"Culoare: Gri Bolul pentru m\u00e2ncare ofer\u0103 proviziile de baz\u0103 perfecte pentru prietenul t\u0103u cu patru picioare. Pute\u021bi folosi un bol","og_url":"https:\/\/www.zoko.ro\/en\/p\/bol-de-mancare-pentru-animale-de-companie-cu-adapator-gonga-3\/","og_site_name":"ZOKO","article_publisher":"https:\/\/www.facebook.com\/profile.php?id=61584344135075","og_image":[{"width":855,"height":783,"url":"https:\/\/www.zoko.ro\/wp-content\/uploads\/2025\/12\/bol-de-mancare-pentru-animale-de-companie-cu-adapator-gonga-8.jpg","type":"image\/png"}],"twitter_card":"summary_large_image","twitter_misc":{"Estimated reading time":"1 minute"},"schema":{"@context":"https:\/\/schema.org","@graph":[{"@type":"WebPage","@id":"https:\/\/www.zoko.ro\/p\/bol-de-mancare-pentru-animale-de-companie-cu-adapator-gonga-3\/","url":"https:\/\/www.zoko.ro\/p\/bol-de-mancare-pentru-animale-de-companie-cu-adapator-gonga-3\/","name":"Bol de mancare pentru animale de companie cu adapator, Gonga\u00ae | ZOKO","isPartOf":{"@id":"https:\/\/www.zoko.ro\/#website"},"primaryImageOfPage":{"@id":"https:\/\/www.zoko.ro\/p\/bol-de-mancare-pentru-animale-de-companie-cu-adapator-gonga-3\/#primaryimage"},"image":{"@id":"https:\/\/www.zoko.ro\/p\/bol-de-mancare-pentru-animale-de-companie-cu-adapator-gonga-3\/#primaryimage"},"thumbnailUrl":"https:\/\/www.zoko.ro\/wp-content\/uploads\/2025\/12\/bol-de-mancare-pentru-animale-de-companie-cu-adapator-gonga-8.jpg","datePublished":"2026-04-28T21:28:55+00:00","breadcrumb":{"@id":"https:\/\/www.zoko.ro\/p\/bol-de-mancare-pentru-animale-de-companie-cu-adapator-gonga-3\/#breadcrumb"},"inLanguage":"en-GB","potentialAction":[{"@type":"ReadAction","target":["https:\/\/www.zoko.ro\/p\/bol-de-mancare-pentru-animale-de-companie-cu-adapator-gonga-3\/"]}]},{"@type":"ImageObject","inLanguage":"en-GB","@id":"https:\/\/www.zoko.ro\/p\/bol-de-mancare-pentru-animale-de-companie-cu-adapator-gonga-3\/#primaryimage","url":"https:\/\/www.zoko.ro\/wp-content\/uploads\/2025\/12\/bol-de-mancare-pentru-animale-de-companie-cu-adapator-gonga-8.jpg","contentUrl":"https:\/\/www.zoko.ro\/wp-content\/uploads\/2025\/12\/bol-de-mancare-pentru-animale-de-companie-cu-adapator-gonga-8.jpg","width":855,"height":783},{"@type":"BreadcrumbList","@id":"https:\/\/www.zoko.ro\/p\/bol-de-mancare-pentru-animale-de-companie-cu-adapator-gonga-3\/#breadcrumb","itemListElement":[{"@type":"ListItem","position":1,"name":"Home","item":"https:\/\/www.zoko.ro\/"},{"@type":"ListItem","position":2,"name":"Magazin","item":"https:\/\/www.zoko.ro\/magazin\/"},{"@type":"ListItem","position":3,"name":"Bol de mancare pentru animale de companie cu adapator, Gonga\u00ae"}]},{"@type":"WebSite","@id":"https:\/\/www.zoko.ro\/#website","url":"https:\/\/www.zoko.ro\/","name":"ZOKO.ro","description":"Cump\u0103r\u0103 inteligent","publisher":{"@id":"https:\/\/www.zoko.ro\/#organization"},"potentialAction":[{"@type":"SearchAction","target":{"@type":"EntryPoint","urlTemplate":"https:\/\/www.zoko.ro\/?s={search_term_string}"},"query-input":{"@type":"PropertyValueSpecification","valueRequired":true,"valueName":"search_term_string"}}],"inLanguage":"en-GB"},{"@type":"Organization","@id":"https:\/\/www.zoko.ro\/#organization","name":"ZOKO","url":"https:\/\/www.zoko.ro\/","logo":{"@type":"ImageObject","inLanguage":"en-GB","@id":"https:\/\/www.zoko.ro\/#\/schema\/logo\/image\/","url":"https:\/\/www.zoko.ro\/wp-content\/uploads\/2025\/03\/logo1.svg","contentUrl":"https:\/\/www.zoko.ro\/wp-content\/uploads\/2025\/03\/logo1.svg","width":799,"height":216,"caption":"ZOKO"},"image":{"@id":"https:\/\/www.zoko.ro\/#\/schema\/logo\/image\/"},"sameAs":["https:\/\/www.facebook.com\/profile.php?id=61584344135075"]}]}},"_links":{"self":[{"href":"https:\/\/www.zoko.ro\/en\/wp-json\/wp\/v2\/product\/30530","targetHints":{"allow":["GET"]}}],"collection":[{"href":"https:\/\/www.zoko.ro\/en\/wp-json\/wp\/v2\/product"}],"about":[{"href":"https:\/\/www.zoko.ro\/en\/wp-json\/wp\/v2\/types\/product"}],"replies":[{"embeddable":true,"href":"https:\/\/www.zoko.ro\/en\/wp-json\/wp\/v2\/comments?post=30530"}],"version-history":[{"count":1,"href":"https:\/\/www.zoko.ro\/en\/wp-json\/wp\/v2\/product\/30530\/revisions"}],"predecessor-version":[{"id":38010,"href":"https:\/\/www.zoko.ro\/en\/wp-json\/wp\/v2\/product\/30530\/revisions\/38010"}],"wp:featuredmedia":[{"embeddable":true,"href":"https:\/\/www.zoko.ro\/en\/wp-json\/wp\/v2\/media\/30531"}],"wp:attachment":[{"href":"https:\/\/www.zoko.ro\/en\/wp-json\/wp\/v2\/media?parent=30530"}],"wp:term":[{"taxonomy":"product_brand","embeddable":true,"href":"https:\/\/www.zoko.ro\/en\/wp-json\/wp\/v2\/product_brand?post=30530"},{"taxonomy":"product_cat","embeddable":true,"href":"https:\/\/www.zoko.ro\/en\/wp-json\/wp\/v2\/product_cat?post=30530"},{"taxonomy":"product_tag","embeddable":true,"href":"https:\/\/www.zoko.ro\/en\/wp-json\/wp\/v2\/product_tag?post=30530"}],"curies":[{"name":"wp","href":"https:\/\/api.w.org\/{rel}","templated":true}]}}