{"id":30552,"date":"2026-04-28T23:28:56","date_gmt":"2026-04-28T21:28:56","guid":{"rendered":"https:\/\/www.zoko.ro\/p\/pick-up-gramofon-cu-3-viteze-boxe-integrate-bluetooth-gonga\/"},"modified":"2026-04-28T23:28:57","modified_gmt":"2026-04-28T21:28:57","slug":"pick-up-gramofon-cu-3-viteze-boxe-integrate-bluetooth-gonga","status":"publish","type":"product","link":"https:\/\/www.zoko.ro\/en\/p\/pick-up-gramofon-cu-3-viteze-boxe-integrate-bluetooth-gonga\/","title":{"rendered":"Pick-Up , gramofon cu 3 viteze, boxe integrate Bluetooth, Gonga\u00ae"},"content":{"rendered":"<p><strong>Culoare:<\/strong> Visiniu<\/p>\n<p>Vrei s\u0103 te relaxezi sau s\u0103 dansezi pe discuri vechi \u0219i hituri noi? Datorit\u0103 platanului Bluetooth \u0219i a dou\u0103 difuzoare \u00eencorporate de 3W, pute\u021bi asculta toat\u0103 muzica preferat\u0103.<\/p>\n<\/p>\n<p>Reda\u021bi discuri de 7\u201d, 10\u201d \u0219i 12\u201d la 33\u2153, 45 sau 78 RPM. Conecta\u021bi telefonul prin bluetooth \u0219i ave\u021bi o raz\u0103 de ac\u021biune de p\u00e2n\u0103 la 10 m. Conecta\u021bi difuzoare externe prin intr\u0103rile RCA sau utiliza\u021bi ie\u0219irea Aux de 3,5 mm pentru a conecta c\u0103\u0219ti. Pute\u021bi chiar s\u0103 conecta\u021bi un telefon mobil prin portul USB.<\/p>\n<\/p>\n<p>Transmisia cu curea \u0219i picioarele din cauciuc care absorb \u0219ocuri reduc vibra\u021biile \u0219i asigur\u0103 sunete clare. A\u0219a c\u0103 po\u021bi lenevi sau \u00eennebuni cu cele mai bune melodii.<\/p>\n<\/p>\n<p>Raza de actiune Bluetooth 10 m<\/p>\n<\/p>\n<p>Nu ai un c\u00e2ntec \u00eenregistrat? Conecta\u021bi-v\u0103 telefonul, iPad-ul sau alt dispozitiv Bluetooth la placa turnant\u0103. Placa turnant\u0103 are o raz\u0103 de ac\u021biune de 10 m. A\u0219a c\u0103 pute\u021bi reda toate melodiile dorite, doar de pe canapea.<\/p>\n<\/p>\n<p>Structur\u0103 de absorb\u021bie a \u0219ocurilor<\/p>\n<\/p>\n<p>Func\u021bioneaz\u0103 printr-un sistem de transmisie prin curea. \u00cen acest caz, motorul nu se afl\u0103 direct sub plac\u0103. Acest sistem reduce vibra\u021biile \u0219i creeaz\u0103 un sunet clar. \u00cen plus, placa turnant\u0103 are picioare de cauciuc. Acestea absorb \u0219ocurile \u0219i ofer\u0103 un sunet clar de cristal.<\/p>\n<\/p>\n<p>Date tehnice:<\/p>\n<\/p>\n<p>\u25b6 Dimensiuni: 32,50 x 25,50 x 12,00 cm<\/p>\n<\/p>\n<p>\u25b6 Greutate: 2,20 kg<\/p>\n<\/p>\n<p>\u25b6 Material: ABS<\/p>\n<\/p>\n<p>\u25b6 Lungime cablu: 1 m<\/p>\n<\/p>\n<p>\u25b6 Tensiune: 220-240 V ~<\/p>\n<\/p>\n<p>\u25b6 Frecven\u021b\u0103: 50\/60 Hz<\/p>\n<\/p>\n<p>\u25b6 Putere: 7,5 W<\/p>\n<\/p>\n<p>\u25b6 Intrare \/ ie\u0219ire: DC 5V 1.5A<\/p>\n<\/p>\n<p>\u25b6 R\u0103spuns \u00een frecven\u021b\u0103: 120Hz-16kHz<\/p>\n<\/p>\n<p>\u25b6 Consumul de energie al difuzorului \u00eencorporat: 2x 3W<\/p>\n<\/p>\n<p>\u25b6 Impedan\u021ba difuzorului \u00eencorporat: 4\u03a9<\/p>\n<\/p>\n<p>\u25b6 Dimensiuni pl\u0103ci: 7 &#8220;, 10&#8221;, 12 &#8220;<\/p>\n<\/p>\n<p>\u25b6 Vitez\u0103 (reglabil\u0103): 33\u2153, 45, 78<\/p>\n<\/p>\n<p>\u25b6 Tipuri de intrare: USB, Bluetooth, intrare AUX de 3,5 mm<\/p>\n<\/p>\n<p>\u25b6 Tipuri de ie\u0219ire: RCA<\/p>\n<\/p>\n<p>\u25b6 Tip Bluetooth: 4.2<\/p>\n<\/p>\n<p>\u25b6 Nume Bluetooth: \u201eLG1123\u201d<\/p>\n<\/p>\n<p>\u25b6 Gama Bluetooth: \u226410m2<\/p>\n<\/p>\n<p>\u25b6 Stil: Retro<\/p>\n<\/p>\n<p>\u25b6 Transmisia pl\u0103cii rotative: Transmisia cu curea<\/p>\n<\/p>\n<p>\u25b6 Oprire automat\u0103: Da<\/p>","protected":false},"excerpt":{"rendered":"<p>Culoare: Visiniu Vrei s\u0103 te relaxezi sau s\u0103 dansezi pe discuri vechi \u0219i hituri noi? Datorit\u0103 platanului Bluetooth \u0219i a<\/p>","protected":false},"featured_media":30553,"comment_status":"open","ping_status":"open","template":"","meta":[],"product_brand":[],"product_cat":[99,361,362],"product_tag":[104],"class_list":{"0":"post-30552","1":"product","2":"type-product","3":"status-publish","4":"has-post-thumbnail","6":"product_cat-acasa","7":"product_cat-audio-video-foto","8":"product_cat-boxe-casti","9":"product_tag-in-stoc","10":"pa_culoare-visiniu","12":"first","13":"instock","14":"sale","15":"purchasable","16":"product-type-simple"},"yoast_head":"<!-- This site is optimized with the Yoast SEO plugin v27.2 - https:\/\/yoast.com\/product\/yoast-seo-wordpress\/ -->\n<title>Pick-Up , gramofon cu 3 viteze, boxe integrate Bluetooth, Gonga\u00ae | ZOKO<\/title>\n<meta name=\"robots\" content=\"index, follow, max-snippet:-1, max-image-preview:large, max-video-preview:-1\" \/>\n<link rel=\"canonical\" href=\"https:\/\/www.zoko.ro\/en\/p\/pick-up-gramofon-cu-3-viteze-boxe-integrate-bluetooth-gonga\/\" \/>\n<meta property=\"og:locale\" content=\"en_GB\" \/>\n<meta property=\"og:type\" content=\"article\" \/>\n<meta property=\"og:title\" content=\"Pick-Up , gramofon cu 3 viteze, boxe integrate Bluetooth, Gonga\u00ae | ZOKO\" \/>\n<meta property=\"og:description\" content=\"Culoare: Visiniu Vrei s\u0103 te relaxezi sau s\u0103 dansezi pe discuri vechi \u0219i hituri noi? Datorit\u0103 platanului Bluetooth \u0219i a\" \/>\n<meta property=\"og:url\" content=\"https:\/\/www.zoko.ro\/en\/p\/pick-up-gramofon-cu-3-viteze-boxe-integrate-bluetooth-gonga\/\" \/>\n<meta property=\"og:site_name\" content=\"ZOKO\" \/>\n<meta property=\"article:publisher\" content=\"https:\/\/www.facebook.com\/profile.php?id=61584344135075\" \/>\n<meta property=\"article:modified_time\" content=\"2026-04-28T21:28:57+00:00\" \/>\n<meta property=\"og:image\" content=\"https:\/\/www.zoko.ro\/wp-content\/uploads\/2025\/12\/boxa-portabila-model-gramofon-bluetooth-gonga.jpg\" \/>\n\t<meta property=\"og:image:width\" content=\"984\" \/>\n\t<meta property=\"og:image:height\" content=\"850\" \/>\n\t<meta property=\"og:image:type\" content=\"image\/png\" \/>\n<meta name=\"twitter:card\" content=\"summary_large_image\" \/>\n<meta name=\"twitter:label1\" content=\"Estimated reading time\" \/>\n\t<meta name=\"twitter:data1\" content=\"2 minutes\" \/>\n<script type=\"application\/ld+json\" class=\"yoast-schema-graph\">{\"@context\":\"https:\/\/schema.org\",\"@graph\":[{\"@type\":\"WebPage\",\"@id\":\"https:\/\/www.zoko.ro\/p\/pick-up-gramofon-cu-3-viteze-boxe-integrate-bluetooth-gonga\/\",\"url\":\"https:\/\/www.zoko.ro\/p\/pick-up-gramofon-cu-3-viteze-boxe-integrate-bluetooth-gonga\/\",\"name\":\"Pick-Up , gramofon cu 3 viteze, boxe integrate Bluetooth, Gonga\u00ae | ZOKO\",\"isPartOf\":{\"@id\":\"https:\/\/www.zoko.ro\/#website\"},\"primaryImageOfPage\":{\"@id\":\"https:\/\/www.zoko.ro\/p\/pick-up-gramofon-cu-3-viteze-boxe-integrate-bluetooth-gonga\/#primaryimage\"},\"image\":{\"@id\":\"https:\/\/www.zoko.ro\/p\/pick-up-gramofon-cu-3-viteze-boxe-integrate-bluetooth-gonga\/#primaryimage\"},\"thumbnailUrl\":\"https:\/\/www.zoko.ro\/wp-content\/uploads\/2025\/12\/boxa-portabila-model-gramofon-bluetooth-gonga.jpg\",\"datePublished\":\"2026-04-28T21:28:56+00:00\",\"dateModified\":\"2026-04-28T21:28:57+00:00\",\"breadcrumb\":{\"@id\":\"https:\/\/www.zoko.ro\/p\/pick-up-gramofon-cu-3-viteze-boxe-integrate-bluetooth-gonga\/#breadcrumb\"},\"inLanguage\":\"en-GB\",\"potentialAction\":[{\"@type\":\"ReadAction\",\"target\":[\"https:\/\/www.zoko.ro\/p\/pick-up-gramofon-cu-3-viteze-boxe-integrate-bluetooth-gonga\/\"]}]},{\"@type\":\"ImageObject\",\"inLanguage\":\"en-GB\",\"@id\":\"https:\/\/www.zoko.ro\/p\/pick-up-gramofon-cu-3-viteze-boxe-integrate-bluetooth-gonga\/#primaryimage\",\"url\":\"https:\/\/www.zoko.ro\/wp-content\/uploads\/2025\/12\/boxa-portabila-model-gramofon-bluetooth-gonga.jpg\",\"contentUrl\":\"https:\/\/www.zoko.ro\/wp-content\/uploads\/2025\/12\/boxa-portabila-model-gramofon-bluetooth-gonga.jpg\",\"width\":984,\"height\":850},{\"@type\":\"BreadcrumbList\",\"@id\":\"https:\/\/www.zoko.ro\/p\/pick-up-gramofon-cu-3-viteze-boxe-integrate-bluetooth-gonga\/#breadcrumb\",\"itemListElement\":[{\"@type\":\"ListItem\",\"position\":1,\"name\":\"Home\",\"item\":\"https:\/\/www.zoko.ro\/\"},{\"@type\":\"ListItem\",\"position\":2,\"name\":\"Magazin\",\"item\":\"https:\/\/www.zoko.ro\/magazin\/\"},{\"@type\":\"ListItem\",\"position\":3,\"name\":\"Pick-Up , gramofon cu 3 viteze, boxe integrate Bluetooth, Gonga\u00ae\"}]},{\"@type\":\"WebSite\",\"@id\":\"https:\/\/www.zoko.ro\/#website\",\"url\":\"https:\/\/www.zoko.ro\/\",\"name\":\"ZOKO.ro\",\"description\":\"Cump\u0103r\u0103 inteligent\",\"publisher\":{\"@id\":\"https:\/\/www.zoko.ro\/#organization\"},\"potentialAction\":[{\"@type\":\"SearchAction\",\"target\":{\"@type\":\"EntryPoint\",\"urlTemplate\":\"https:\/\/www.zoko.ro\/?s={search_term_string}\"},\"query-input\":{\"@type\":\"PropertyValueSpecification\",\"valueRequired\":true,\"valueName\":\"search_term_string\"}}],\"inLanguage\":\"en-GB\"},{\"@type\":\"Organization\",\"@id\":\"https:\/\/www.zoko.ro\/#organization\",\"name\":\"ZOKO\",\"url\":\"https:\/\/www.zoko.ro\/\",\"logo\":{\"@type\":\"ImageObject\",\"inLanguage\":\"en-GB\",\"@id\":\"https:\/\/www.zoko.ro\/#\/schema\/logo\/image\/\",\"url\":\"https:\/\/www.zoko.ro\/wp-content\/uploads\/2025\/03\/logo1.svg\",\"contentUrl\":\"https:\/\/www.zoko.ro\/wp-content\/uploads\/2025\/03\/logo1.svg\",\"width\":799,\"height\":216,\"caption\":\"ZOKO\"},\"image\":{\"@id\":\"https:\/\/www.zoko.ro\/#\/schema\/logo\/image\/\"},\"sameAs\":[\"https:\/\/www.facebook.com\/profile.php?id=61584344135075\"]}]}<\/script>\n<!-- \/ Yoast SEO plugin. -->","yoast_head_json":{"title":"Pick-Up , gramofon cu 3 viteze, boxe integrate Bluetooth, Gonga\u00ae | ZOKO","robots":{"index":"index","follow":"follow","max-snippet":"max-snippet:-1","max-image-preview":"max-image-preview:large","max-video-preview":"max-video-preview:-1"},"canonical":"https:\/\/www.zoko.ro\/en\/p\/pick-up-gramofon-cu-3-viteze-boxe-integrate-bluetooth-gonga\/","og_locale":"en_GB","og_type":"article","og_title":"Pick-Up , gramofon cu 3 viteze, boxe integrate Bluetooth, Gonga\u00ae | ZOKO","og_description":"Culoare: Visiniu Vrei s\u0103 te relaxezi sau s\u0103 dansezi pe discuri vechi \u0219i hituri noi? Datorit\u0103 platanului Bluetooth \u0219i a","og_url":"https:\/\/www.zoko.ro\/en\/p\/pick-up-gramofon-cu-3-viteze-boxe-integrate-bluetooth-gonga\/","og_site_name":"ZOKO","article_publisher":"https:\/\/www.facebook.com\/profile.php?id=61584344135075","article_modified_time":"2026-04-28T21:28:57+00:00","og_image":[{"width":984,"height":850,"url":"https:\/\/www.zoko.ro\/wp-content\/uploads\/2025\/12\/boxa-portabila-model-gramofon-bluetooth-gonga.jpg","type":"image\/png"}],"twitter_card":"summary_large_image","twitter_misc":{"Estimated reading time":"2 minutes"},"schema":{"@context":"https:\/\/schema.org","@graph":[{"@type":"WebPage","@id":"https:\/\/www.zoko.ro\/p\/pick-up-gramofon-cu-3-viteze-boxe-integrate-bluetooth-gonga\/","url":"https:\/\/www.zoko.ro\/p\/pick-up-gramofon-cu-3-viteze-boxe-integrate-bluetooth-gonga\/","name":"Pick-Up , gramofon cu 3 viteze, boxe integrate Bluetooth, Gonga\u00ae | ZOKO","isPartOf":{"@id":"https:\/\/www.zoko.ro\/#website"},"primaryImageOfPage":{"@id":"https:\/\/www.zoko.ro\/p\/pick-up-gramofon-cu-3-viteze-boxe-integrate-bluetooth-gonga\/#primaryimage"},"image":{"@id":"https:\/\/www.zoko.ro\/p\/pick-up-gramofon-cu-3-viteze-boxe-integrate-bluetooth-gonga\/#primaryimage"},"thumbnailUrl":"https:\/\/www.zoko.ro\/wp-content\/uploads\/2025\/12\/boxa-portabila-model-gramofon-bluetooth-gonga.jpg","datePublished":"2026-04-28T21:28:56+00:00","dateModified":"2026-04-28T21:28:57+00:00","breadcrumb":{"@id":"https:\/\/www.zoko.ro\/p\/pick-up-gramofon-cu-3-viteze-boxe-integrate-bluetooth-gonga\/#breadcrumb"},"inLanguage":"en-GB","potentialAction":[{"@type":"ReadAction","target":["https:\/\/www.zoko.ro\/p\/pick-up-gramofon-cu-3-viteze-boxe-integrate-bluetooth-gonga\/"]}]},{"@type":"ImageObject","inLanguage":"en-GB","@id":"https:\/\/www.zoko.ro\/p\/pick-up-gramofon-cu-3-viteze-boxe-integrate-bluetooth-gonga\/#primaryimage","url":"https:\/\/www.zoko.ro\/wp-content\/uploads\/2025\/12\/boxa-portabila-model-gramofon-bluetooth-gonga.jpg","contentUrl":"https:\/\/www.zoko.ro\/wp-content\/uploads\/2025\/12\/boxa-portabila-model-gramofon-bluetooth-gonga.jpg","width":984,"height":850},{"@type":"BreadcrumbList","@id":"https:\/\/www.zoko.ro\/p\/pick-up-gramofon-cu-3-viteze-boxe-integrate-bluetooth-gonga\/#breadcrumb","itemListElement":[{"@type":"ListItem","position":1,"name":"Home","item":"https:\/\/www.zoko.ro\/"},{"@type":"ListItem","position":2,"name":"Magazin","item":"https:\/\/www.zoko.ro\/magazin\/"},{"@type":"ListItem","position":3,"name":"Pick-Up , gramofon cu 3 viteze, boxe integrate Bluetooth, Gonga\u00ae"}]},{"@type":"WebSite","@id":"https:\/\/www.zoko.ro\/#website","url":"https:\/\/www.zoko.ro\/","name":"ZOKO.ro","description":"Cump\u0103r\u0103 inteligent","publisher":{"@id":"https:\/\/www.zoko.ro\/#organization"},"potentialAction":[{"@type":"SearchAction","target":{"@type":"EntryPoint","urlTemplate":"https:\/\/www.zoko.ro\/?s={search_term_string}"},"query-input":{"@type":"PropertyValueSpecification","valueRequired":true,"valueName":"search_term_string"}}],"inLanguage":"en-GB"},{"@type":"Organization","@id":"https:\/\/www.zoko.ro\/#organization","name":"ZOKO","url":"https:\/\/www.zoko.ro\/","logo":{"@type":"ImageObject","inLanguage":"en-GB","@id":"https:\/\/www.zoko.ro\/#\/schema\/logo\/image\/","url":"https:\/\/www.zoko.ro\/wp-content\/uploads\/2025\/03\/logo1.svg","contentUrl":"https:\/\/www.zoko.ro\/wp-content\/uploads\/2025\/03\/logo1.svg","width":799,"height":216,"caption":"ZOKO"},"image":{"@id":"https:\/\/www.zoko.ro\/#\/schema\/logo\/image\/"},"sameAs":["https:\/\/www.facebook.com\/profile.php?id=61584344135075"]}]}},"_links":{"self":[{"href":"https:\/\/www.zoko.ro\/en\/wp-json\/wp\/v2\/product\/30552","targetHints":{"allow":["GET"]}}],"collection":[{"href":"https:\/\/www.zoko.ro\/en\/wp-json\/wp\/v2\/product"}],"about":[{"href":"https:\/\/www.zoko.ro\/en\/wp-json\/wp\/v2\/types\/product"}],"replies":[{"embeddable":true,"href":"https:\/\/www.zoko.ro\/en\/wp-json\/wp\/v2\/comments?post=30552"}],"version-history":[{"count":1,"href":"https:\/\/www.zoko.ro\/en\/wp-json\/wp\/v2\/product\/30552\/revisions"}],"predecessor-version":[{"id":34188,"href":"https:\/\/www.zoko.ro\/en\/wp-json\/wp\/v2\/product\/30552\/revisions\/34188"}],"wp:featuredmedia":[{"embeddable":true,"href":"https:\/\/www.zoko.ro\/en\/wp-json\/wp\/v2\/media\/30553"}],"wp:attachment":[{"href":"https:\/\/www.zoko.ro\/en\/wp-json\/wp\/v2\/media?parent=30552"}],"wp:term":[{"taxonomy":"product_brand","embeddable":true,"href":"https:\/\/www.zoko.ro\/en\/wp-json\/wp\/v2\/product_brand?post=30552"},{"taxonomy":"product_cat","embeddable":true,"href":"https:\/\/www.zoko.ro\/en\/wp-json\/wp\/v2\/product_cat?post=30552"},{"taxonomy":"product_tag","embeddable":true,"href":"https:\/\/www.zoko.ro\/en\/wp-json\/wp\/v2\/product_tag?post=30552"}],"curies":[{"name":"wp","href":"https:\/\/api.w.org\/{rel}","templated":true}]}}