{"id":30709,"date":"2026-04-28T23:30:04","date_gmt":"2026-04-28T21:30:04","guid":{"rendered":"https:\/\/www.zoko.ro\/p\/husa-amuzanta-casca-moto-funny-rider-marime-universala-gonga-26\/"},"modified":"2026-04-28T23:30:04","modified_gmt":"2026-04-28T21:30:04","slug":"husa-amuzanta-casca-moto-funny-rider-marime-universala-gonga-26","status":"publish","type":"product","link":"https:\/\/www.zoko.ro\/en\/p\/husa-amuzanta-casca-moto-funny-rider-marime-universala-gonga-26\/","title":{"rendered":"Husa amuzanta casca moto Funny Rider, marime universala, Gonga\u00ae"},"content":{"rendered":"<p><strong>Culoare:<\/strong> Jerry<\/p>\n<p>Husa pentru casca moto iesita din tipare.<\/p>\n<p>Diferentiaza-te in trafic si atrage atentia cu ajutorul acestei huse.<\/p>\n<\/p>\n<p>&#8211; Husa are dimensiune universal\u0103, se potrive\u0219te tuturor c\u0103\u0219tilor tipice de motociclete.<\/p>\n<\/p>\n<p>&#8211; Foarte u\u0219or de pus \u0219i scos de pe casc\u0103. Nu sunt necesare prinderi sau lipici pentru asamblare. Cauciucul flexibil o men\u021bine la locul potrivit, astfel \u00eenc\u00e2t \u00een \u200b\u200btimpul conducerii, husa r\u0103m\u00e2ne la loc, nu exist\u0103 riscul de alunecare.<\/p>\n<\/p>\n<p>&#8211; Fiecare husa are un design unic, colorat, care nu numai c\u0103 face oamenii s\u0103 r\u00e2d\u0103, dar m\u0103re\u0219te \u0219i vizibilitatea (\u0219i, prin urmare, siguran\u021ba). \u0218oferii te vor observa mai devreme.\u00a0<\/p>\n<\/p>\n<p>&#8211; Satisfac\u021bie garantat\u0103 &#8211; husele fac \u00eentotdeauna o impresie foarte bun\u0103 pe drum.<\/p>\n<\/p>\n<p>&#8211; \u00cen plus, husa nu numai c\u0103 va decora casca, dar o va proteja \u0219i \u00eempotriva zg\u00e2rieturilor \u0219i murd\u0103riei \u0219i, \u00eentr-o oarecare m\u0103sur\u0103, \u00eempotriva \u0219ocurilor \u0219i a efectelor c\u0103derii.<\/p>\n<\/p>\n<p>Vrei s\u0103 ie\u0219i \u00een eviden\u021b\u0103 pe drum?<\/p>\n<\/p>\n<p>Dac\u0103 iti place s\u0103 iti modifici motocicleta, iar aproape fiecare pies\u0103 a fost \u00eenlocuit\u0103, este timpul s\u0103 iti personalizezi \u0219i propria \u021binut\u0103. Husa este atr\u0103g\u0103toare si va \u00eembun\u0103t\u0103\u021bi cu siguran\u021b\u0103 aspectul.<\/p>\n<\/p>\n<p>Toate husele sunt cusute, iar toate materialele sunt de inalta calitate. Fiecare husa este unic\u0103 \u0219i diferit\u0103, deoarece a fost realizat\u0103 manual. Atrag privirea, cresc\u00e2nd \u00een acela\u0219i timp \u0219ansa de a fi observa\u021bi de al\u021bi participanti la trafic, astfel sporind siguran\u021ba.<\/p>\n<\/p>\n<p>Husa se monteaza cu c\u00e2teva mi\u0219c\u0103ri, tr\u0103g\u00e2nd-o peste casc\u0103. Odat\u0103 montata, asigura-te c\u0103 orificiul vizierei se potrive\u0219te cu lentila. Benzile de cauciuc integrate \u0219i un z\u0103vor suplimentar asigur\u0103 ca husa nu alunec\u0103 \u00een timpul conducerii.<\/p>\n<\/p>\n<p>Nu este nevoie s\u0103 folosi\u021bi o \u00eenchidere cu arici sau s\u0103 lipi\u021bi husa de casc\u0103.<\/p>\n<p>Pe l\u00e2ng\u0103 beneficiile vizuale, husa noastr\u0103 protejeaz\u0103 \u0219i casca de murd\u0103rie \u0219i zg\u00e2rieturi care pot ap\u0103rea \u00een timpul utiliz\u0103rii de zi cu zi. \u00cen plus, absoarbe \u0219ocurile dac\u0103, de exemplu, o casc\u0103 cade accidental.<\/p>\n<\/p>\n<p>Beneficii:<\/p>\n<\/p>\n<p>&#8211; Design unic \u0219i distractiv<\/p>\n<\/p>\n<p>&#8211; Cusut manual, din material de \u00eenalt\u0103 calitate<\/p>\n<\/p>\n<p>&#8211; U\u0219or de instalat f\u0103r\u0103 a se lipi<\/p>\n<\/p>\n<p>&#8211; M\u0103rime unic\u0103 pentru toate castile moto<\/p>\n<\/p>\n<p>&#8211; Protejeaz\u0103 casca \u00eempotriva murd\u0103riei \u0219i zg\u00e2rieturilor<\/p>","protected":false},"excerpt":{"rendered":"<p>Culoare: Jerry Husa pentru casca moto iesita din tipare. Diferentiaza-te in trafic si atrage atentia cu ajutorul acestei huse. &#8211;<\/p>","protected":false},"featured_media":30710,"comment_status":"open","ping_status":"open","template":"","meta":[],"product_brand":[],"product_cat":[99,348,540,406],"product_tag":[],"class_list":{"0":"post-30709","1":"product","2":"type-product","3":"status-publish","4":"has-post-thumbnail","6":"product_cat-acasa","7":"product_cat-auto-moto","8":"product_cat-huse-protectie-casca","9":"product_cat-moto","10":"pa_culoare-jerry","12":"first","13":"outofstock","14":"sale","15":"purchasable","16":"product-type-simple"},"yoast_head":"<!-- This site is optimized with the Yoast SEO plugin v27.2 - https:\/\/yoast.com\/product\/yoast-seo-wordpress\/ -->\n<title>Husa amuzanta casca moto Funny Rider, marime universala, Gonga\u00ae | ZOKO<\/title>\n<meta name=\"robots\" content=\"index, follow, max-snippet:-1, max-image-preview:large, max-video-preview:-1\" \/>\n<link rel=\"canonical\" href=\"https:\/\/www.zoko.ro\/en\/p\/husa-amuzanta-casca-moto-funny-rider-marime-universala-gonga-26\/\" \/>\n<meta property=\"og:locale\" content=\"en_GB\" \/>\n<meta property=\"og:type\" content=\"article\" \/>\n<meta property=\"og:title\" content=\"Husa amuzanta casca moto Funny Rider, marime universala, Gonga\u00ae | ZOKO\" \/>\n<meta property=\"og:description\" content=\"Culoare: Jerry Husa pentru casca moto iesita din tipare. Diferentiaza-te in trafic si atrage atentia cu ajutorul acestei huse. &#8211;\" \/>\n<meta property=\"og:url\" content=\"https:\/\/www.zoko.ro\/en\/p\/husa-amuzanta-casca-moto-funny-rider-marime-universala-gonga-26\/\" \/>\n<meta property=\"og:site_name\" content=\"ZOKO\" \/>\n<meta property=\"article:publisher\" content=\"https:\/\/www.facebook.com\/profile.php?id=61584344135075\" \/>\n<meta property=\"og:image\" content=\"https:\/\/www.zoko.ro\/wp-content\/uploads\/2025\/12\/husa-amuzanta-casca-moto-funny-rider-gonga-124.jpg\" \/>\n\t<meta property=\"og:image:width\" content=\"800\" \/>\n\t<meta property=\"og:image:height\" content=\"800\" \/>\n\t<meta property=\"og:image:type\" content=\"image\/jpeg\" \/>\n<meta name=\"twitter:card\" content=\"summary_large_image\" \/>\n<meta name=\"twitter:label1\" content=\"Estimated reading time\" \/>\n\t<meta name=\"twitter:data1\" content=\"2 minutes\" \/>\n<script type=\"application\/ld+json\" class=\"yoast-schema-graph\">{\"@context\":\"https:\/\/schema.org\",\"@graph\":[{\"@type\":\"WebPage\",\"@id\":\"https:\/\/www.zoko.ro\/p\/husa-amuzanta-casca-moto-funny-rider-marime-universala-gonga-26\/\",\"url\":\"https:\/\/www.zoko.ro\/p\/husa-amuzanta-casca-moto-funny-rider-marime-universala-gonga-26\/\",\"name\":\"Husa amuzanta casca moto Funny Rider, marime universala, Gonga\u00ae | ZOKO\",\"isPartOf\":{\"@id\":\"https:\/\/www.zoko.ro\/#website\"},\"primaryImageOfPage\":{\"@id\":\"https:\/\/www.zoko.ro\/p\/husa-amuzanta-casca-moto-funny-rider-marime-universala-gonga-26\/#primaryimage\"},\"image\":{\"@id\":\"https:\/\/www.zoko.ro\/p\/husa-amuzanta-casca-moto-funny-rider-marime-universala-gonga-26\/#primaryimage\"},\"thumbnailUrl\":\"https:\/\/www.zoko.ro\/wp-content\/uploads\/2025\/12\/husa-amuzanta-casca-moto-funny-rider-gonga-124.jpg\",\"datePublished\":\"2026-04-28T21:30:04+00:00\",\"breadcrumb\":{\"@id\":\"https:\/\/www.zoko.ro\/p\/husa-amuzanta-casca-moto-funny-rider-marime-universala-gonga-26\/#breadcrumb\"},\"inLanguage\":\"en-GB\",\"potentialAction\":[{\"@type\":\"ReadAction\",\"target\":[\"https:\/\/www.zoko.ro\/p\/husa-amuzanta-casca-moto-funny-rider-marime-universala-gonga-26\/\"]}]},{\"@type\":\"ImageObject\",\"inLanguage\":\"en-GB\",\"@id\":\"https:\/\/www.zoko.ro\/p\/husa-amuzanta-casca-moto-funny-rider-marime-universala-gonga-26\/#primaryimage\",\"url\":\"https:\/\/www.zoko.ro\/wp-content\/uploads\/2025\/12\/husa-amuzanta-casca-moto-funny-rider-gonga-124.jpg\",\"contentUrl\":\"https:\/\/www.zoko.ro\/wp-content\/uploads\/2025\/12\/husa-amuzanta-casca-moto-funny-rider-gonga-124.jpg\",\"width\":800,\"height\":800},{\"@type\":\"BreadcrumbList\",\"@id\":\"https:\/\/www.zoko.ro\/p\/husa-amuzanta-casca-moto-funny-rider-marime-universala-gonga-26\/#breadcrumb\",\"itemListElement\":[{\"@type\":\"ListItem\",\"position\":1,\"name\":\"Home\",\"item\":\"https:\/\/www.zoko.ro\/\"},{\"@type\":\"ListItem\",\"position\":2,\"name\":\"Magazin\",\"item\":\"https:\/\/www.zoko.ro\/magazin\/\"},{\"@type\":\"ListItem\",\"position\":3,\"name\":\"Husa amuzanta casca moto Funny Rider, marime universala, Gonga\u00ae\"}]},{\"@type\":\"WebSite\",\"@id\":\"https:\/\/www.zoko.ro\/#website\",\"url\":\"https:\/\/www.zoko.ro\/\",\"name\":\"ZOKO.ro\",\"description\":\"Cump\u0103r\u0103 inteligent\",\"publisher\":{\"@id\":\"https:\/\/www.zoko.ro\/#organization\"},\"potentialAction\":[{\"@type\":\"SearchAction\",\"target\":{\"@type\":\"EntryPoint\",\"urlTemplate\":\"https:\/\/www.zoko.ro\/?s={search_term_string}\"},\"query-input\":{\"@type\":\"PropertyValueSpecification\",\"valueRequired\":true,\"valueName\":\"search_term_string\"}}],\"inLanguage\":\"en-GB\"},{\"@type\":\"Organization\",\"@id\":\"https:\/\/www.zoko.ro\/#organization\",\"name\":\"ZOKO\",\"url\":\"https:\/\/www.zoko.ro\/\",\"logo\":{\"@type\":\"ImageObject\",\"inLanguage\":\"en-GB\",\"@id\":\"https:\/\/www.zoko.ro\/#\/schema\/logo\/image\/\",\"url\":\"https:\/\/www.zoko.ro\/wp-content\/uploads\/2025\/03\/logo1.svg\",\"contentUrl\":\"https:\/\/www.zoko.ro\/wp-content\/uploads\/2025\/03\/logo1.svg\",\"width\":799,\"height\":216,\"caption\":\"ZOKO\"},\"image\":{\"@id\":\"https:\/\/www.zoko.ro\/#\/schema\/logo\/image\/\"},\"sameAs\":[\"https:\/\/www.facebook.com\/profile.php?id=61584344135075\"]}]}<\/script>\n<!-- \/ Yoast SEO plugin. -->","yoast_head_json":{"title":"Husa amuzanta casca moto Funny Rider, marime universala, Gonga\u00ae | ZOKO","robots":{"index":"index","follow":"follow","max-snippet":"max-snippet:-1","max-image-preview":"max-image-preview:large","max-video-preview":"max-video-preview:-1"},"canonical":"https:\/\/www.zoko.ro\/en\/p\/husa-amuzanta-casca-moto-funny-rider-marime-universala-gonga-26\/","og_locale":"en_GB","og_type":"article","og_title":"Husa amuzanta casca moto Funny Rider, marime universala, Gonga\u00ae | ZOKO","og_description":"Culoare: Jerry Husa pentru casca moto iesita din tipare. Diferentiaza-te in trafic si atrage atentia cu ajutorul acestei huse. &#8211;","og_url":"https:\/\/www.zoko.ro\/en\/p\/husa-amuzanta-casca-moto-funny-rider-marime-universala-gonga-26\/","og_site_name":"ZOKO","article_publisher":"https:\/\/www.facebook.com\/profile.php?id=61584344135075","og_image":[{"width":800,"height":800,"url":"https:\/\/www.zoko.ro\/wp-content\/uploads\/2025\/12\/husa-amuzanta-casca-moto-funny-rider-gonga-124.jpg","type":"image\/jpeg"}],"twitter_card":"summary_large_image","twitter_misc":{"Estimated reading time":"2 minutes"},"schema":{"@context":"https:\/\/schema.org","@graph":[{"@type":"WebPage","@id":"https:\/\/www.zoko.ro\/p\/husa-amuzanta-casca-moto-funny-rider-marime-universala-gonga-26\/","url":"https:\/\/www.zoko.ro\/p\/husa-amuzanta-casca-moto-funny-rider-marime-universala-gonga-26\/","name":"Husa amuzanta casca moto Funny Rider, marime universala, Gonga\u00ae | ZOKO","isPartOf":{"@id":"https:\/\/www.zoko.ro\/#website"},"primaryImageOfPage":{"@id":"https:\/\/www.zoko.ro\/p\/husa-amuzanta-casca-moto-funny-rider-marime-universala-gonga-26\/#primaryimage"},"image":{"@id":"https:\/\/www.zoko.ro\/p\/husa-amuzanta-casca-moto-funny-rider-marime-universala-gonga-26\/#primaryimage"},"thumbnailUrl":"https:\/\/www.zoko.ro\/wp-content\/uploads\/2025\/12\/husa-amuzanta-casca-moto-funny-rider-gonga-124.jpg","datePublished":"2026-04-28T21:30:04+00:00","breadcrumb":{"@id":"https:\/\/www.zoko.ro\/p\/husa-amuzanta-casca-moto-funny-rider-marime-universala-gonga-26\/#breadcrumb"},"inLanguage":"en-GB","potentialAction":[{"@type":"ReadAction","target":["https:\/\/www.zoko.ro\/p\/husa-amuzanta-casca-moto-funny-rider-marime-universala-gonga-26\/"]}]},{"@type":"ImageObject","inLanguage":"en-GB","@id":"https:\/\/www.zoko.ro\/p\/husa-amuzanta-casca-moto-funny-rider-marime-universala-gonga-26\/#primaryimage","url":"https:\/\/www.zoko.ro\/wp-content\/uploads\/2025\/12\/husa-amuzanta-casca-moto-funny-rider-gonga-124.jpg","contentUrl":"https:\/\/www.zoko.ro\/wp-content\/uploads\/2025\/12\/husa-amuzanta-casca-moto-funny-rider-gonga-124.jpg","width":800,"height":800},{"@type":"BreadcrumbList","@id":"https:\/\/www.zoko.ro\/p\/husa-amuzanta-casca-moto-funny-rider-marime-universala-gonga-26\/#breadcrumb","itemListElement":[{"@type":"ListItem","position":1,"name":"Home","item":"https:\/\/www.zoko.ro\/"},{"@type":"ListItem","position":2,"name":"Magazin","item":"https:\/\/www.zoko.ro\/magazin\/"},{"@type":"ListItem","position":3,"name":"Husa amuzanta casca moto Funny Rider, marime universala, Gonga\u00ae"}]},{"@type":"WebSite","@id":"https:\/\/www.zoko.ro\/#website","url":"https:\/\/www.zoko.ro\/","name":"ZOKO.ro","description":"Cump\u0103r\u0103 inteligent","publisher":{"@id":"https:\/\/www.zoko.ro\/#organization"},"potentialAction":[{"@type":"SearchAction","target":{"@type":"EntryPoint","urlTemplate":"https:\/\/www.zoko.ro\/?s={search_term_string}"},"query-input":{"@type":"PropertyValueSpecification","valueRequired":true,"valueName":"search_term_string"}}],"inLanguage":"en-GB"},{"@type":"Organization","@id":"https:\/\/www.zoko.ro\/#organization","name":"ZOKO","url":"https:\/\/www.zoko.ro\/","logo":{"@type":"ImageObject","inLanguage":"en-GB","@id":"https:\/\/www.zoko.ro\/#\/schema\/logo\/image\/","url":"https:\/\/www.zoko.ro\/wp-content\/uploads\/2025\/03\/logo1.svg","contentUrl":"https:\/\/www.zoko.ro\/wp-content\/uploads\/2025\/03\/logo1.svg","width":799,"height":216,"caption":"ZOKO"},"image":{"@id":"https:\/\/www.zoko.ro\/#\/schema\/logo\/image\/"},"sameAs":["https:\/\/www.facebook.com\/profile.php?id=61584344135075"]}]}},"_links":{"self":[{"href":"https:\/\/www.zoko.ro\/en\/wp-json\/wp\/v2\/product\/30709","targetHints":{"allow":["GET"]}}],"collection":[{"href":"https:\/\/www.zoko.ro\/en\/wp-json\/wp\/v2\/product"}],"about":[{"href":"https:\/\/www.zoko.ro\/en\/wp-json\/wp\/v2\/types\/product"}],"replies":[{"embeddable":true,"href":"https:\/\/www.zoko.ro\/en\/wp-json\/wp\/v2\/comments?post=30709"}],"version-history":[{"count":1,"href":"https:\/\/www.zoko.ro\/en\/wp-json\/wp\/v2\/product\/30709\/revisions"}],"predecessor-version":[{"id":33786,"href":"https:\/\/www.zoko.ro\/en\/wp-json\/wp\/v2\/product\/30709\/revisions\/33786"}],"wp:featuredmedia":[{"embeddable":true,"href":"https:\/\/www.zoko.ro\/en\/wp-json\/wp\/v2\/media\/30710"}],"wp:attachment":[{"href":"https:\/\/www.zoko.ro\/en\/wp-json\/wp\/v2\/media?parent=30709"}],"wp:term":[{"taxonomy":"product_brand","embeddable":true,"href":"https:\/\/www.zoko.ro\/en\/wp-json\/wp\/v2\/product_brand?post=30709"},{"taxonomy":"product_cat","embeddable":true,"href":"https:\/\/www.zoko.ro\/en\/wp-json\/wp\/v2\/product_cat?post=30709"},{"taxonomy":"product_tag","embeddable":true,"href":"https:\/\/www.zoko.ro\/en\/wp-json\/wp\/v2\/product_tag?post=30709"}],"curies":[{"name":"wp","href":"https:\/\/api.w.org\/{rel}","templated":true}]}}