{"id":30828,"date":"2026-04-28T23:30:16","date_gmt":"2026-04-28T21:30:16","guid":{"rendered":"https:\/\/www.zoko.ro\/p\/prelungitor-2500w-cu-3-prize-si-3-porturi-usb-gonga\/"},"modified":"2026-04-28T23:30:16","modified_gmt":"2026-04-28T21:30:16","slug":"prelungitor-2500w-cu-3-prize-si-3-porturi-usb-gonga","status":"publish","type":"product","link":"https:\/\/www.zoko.ro\/en\/p\/prelungitor-2500w-cu-3-prize-si-3-porturi-usb-gonga\/","title":{"rendered":"Prelungitor 2500W cu 3 prize si 3 porturi USB, Gonga\u00ae"},"content":{"rendered":"<p><strong>Culoare:<\/strong> Negru<\/p>\n<p>Priz\u0103 de \u00eencredere, datorit\u0103 c\u0103reia putem avea 6 dispozitive conectate \u00een acela\u0219i timp. Trei dispozitive sunt conectate cu prize de curent standard, cele trei suplimentare cu porturi USB, care ajusteaz\u0103 automat intensitatea curentului la dispozitivul conectat p\u00e2n\u0103 la 3,4A.<\/p>\n<\/p>\n<p>Utiliza\u021bi pentru a v\u0103 \u00eenc\u0103rca telefonul, tableta, powerbank \u0219i conecta\u021bi televizorul, laptopul, sistemul de sunet etc. \u00een acela\u0219i timp.<\/p>\n<\/p>\n<p>Alte functii:<\/p>\n<\/p>\n<p>&#8211; Tampoane antiderapante care stabilizeaza bara. Prelungitorul r\u0103m\u00e2ne pe loc chiar \u0219i pe o suprafa\u021b\u0103 alunecoas\u0103<\/p>\n<p>&#8211; Trei prize cu \u00eemp\u0103m\u00e2ntare cu protec\u021bie suplimentar\u0103 \u00eempotriva introducerii obiectelor mici<\/p>\n<p>&#8211; Trei porturi USB care pot \u00eenc\u0103rca p\u00e2n\u0103 la 3,4 A \u00een total<\/p>\n<p>&#8211; Butonul principal care porne\u0219te intregul prelungitor<\/p>\n<p>&#8211; Dioda LED care indica functionarea<\/p>\n<\/p>\n<p>Specifica\u021bii:<\/p>\n<\/p>\n<p>&#8211; Putere nominal\u0103: 2500 W (250 V 10 A)<\/p>\n<p>&#8211; Intrare USB: 100-250V 50 \/ 60HZ<\/p>\n<p>&#8211; Ie\u0219ire USB: 5V4A 20W, 2A max. Fiecare port<\/p>\n<p>&#8211; Dimensiune: 27X6X4.5CM<\/p>\n<p>&#8211; Lungime cablu: 6,5 ft.\/2 m<\/p>","protected":false},"excerpt":{"rendered":"<p>Culoare: Negru Priz\u0103 de \u00eencredere, datorit\u0103 c\u0103reia putem avea 6 dispozitive conectate \u00een acela\u0219i timp. Trei dispozitive sunt conectate cu<\/p>","protected":false},"featured_media":30829,"comment_status":"open","ping_status":"open","template":"","meta":[],"product_brand":[],"product_cat":[99],"product_tag":[104],"class_list":{"0":"post-30828","1":"product","2":"type-product","3":"status-publish","4":"has-post-thumbnail","6":"product_cat-acasa","7":"product_tag-in-stoc","8":"pa_culoare-negru","10":"first","11":"instock","12":"sale","13":"purchasable","14":"product-type-simple"},"yoast_head":"<!-- This site is optimized with the Yoast SEO plugin v27.2 - https:\/\/yoast.com\/product\/yoast-seo-wordpress\/ -->\n<title>Prelungitor 2500W cu 3 prize si 3 porturi USB, Gonga\u00ae | ZOKO<\/title>\n<meta name=\"robots\" content=\"index, follow, max-snippet:-1, max-image-preview:large, max-video-preview:-1\" \/>\n<link rel=\"canonical\" href=\"https:\/\/www.zoko.ro\/en\/p\/prelungitor-2500w-cu-3-prize-si-3-porturi-usb-gonga\/\" \/>\n<meta property=\"og:locale\" content=\"en_GB\" \/>\n<meta property=\"og:type\" content=\"article\" \/>\n<meta property=\"og:title\" content=\"Prelungitor 2500W cu 3 prize si 3 porturi USB, Gonga\u00ae | ZOKO\" \/>\n<meta property=\"og:description\" content=\"Culoare: Negru Priz\u0103 de \u00eencredere, datorit\u0103 c\u0103reia putem avea 6 dispozitive conectate \u00een acela\u0219i timp. Trei dispozitive sunt conectate cu\" \/>\n<meta property=\"og:url\" content=\"https:\/\/www.zoko.ro\/en\/p\/prelungitor-2500w-cu-3-prize-si-3-porturi-usb-gonga\/\" \/>\n<meta property=\"og:site_name\" content=\"ZOKO\" \/>\n<meta property=\"article:publisher\" content=\"https:\/\/www.facebook.com\/profile.php?id=61584344135075\" \/>\n<meta property=\"og:image\" content=\"https:\/\/www.zoko.ro\/wp-content\/uploads\/2025\/12\/prelungitor-2500w-cu-3-prize-si-3-porturi-usb-gonga.jpg\" \/>\n\t<meta property=\"og:image:width\" content=\"623\" \/>\n\t<meta property=\"og:image:height\" content=\"633\" \/>\n\t<meta property=\"og:image:type\" content=\"image\/png\" \/>\n<meta name=\"twitter:card\" content=\"summary_large_image\" \/>\n<meta name=\"twitter:label1\" content=\"Estimated reading time\" \/>\n\t<meta name=\"twitter:data1\" content=\"1 minute\" \/>\n<script type=\"application\/ld+json\" class=\"yoast-schema-graph\">{\"@context\":\"https:\/\/schema.org\",\"@graph\":[{\"@type\":\"WebPage\",\"@id\":\"https:\/\/www.zoko.ro\/p\/prelungitor-2500w-cu-3-prize-si-3-porturi-usb-gonga\/\",\"url\":\"https:\/\/www.zoko.ro\/p\/prelungitor-2500w-cu-3-prize-si-3-porturi-usb-gonga\/\",\"name\":\"Prelungitor 2500W cu 3 prize si 3 porturi USB, Gonga\u00ae | ZOKO\",\"isPartOf\":{\"@id\":\"https:\/\/www.zoko.ro\/#website\"},\"primaryImageOfPage\":{\"@id\":\"https:\/\/www.zoko.ro\/p\/prelungitor-2500w-cu-3-prize-si-3-porturi-usb-gonga\/#primaryimage\"},\"image\":{\"@id\":\"https:\/\/www.zoko.ro\/p\/prelungitor-2500w-cu-3-prize-si-3-porturi-usb-gonga\/#primaryimage\"},\"thumbnailUrl\":\"https:\/\/www.zoko.ro\/wp-content\/uploads\/2025\/12\/prelungitor-2500w-cu-3-prize-si-3-porturi-usb-gonga.jpg\",\"datePublished\":\"2026-04-28T21:30:16+00:00\",\"breadcrumb\":{\"@id\":\"https:\/\/www.zoko.ro\/p\/prelungitor-2500w-cu-3-prize-si-3-porturi-usb-gonga\/#breadcrumb\"},\"inLanguage\":\"en-GB\",\"potentialAction\":[{\"@type\":\"ReadAction\",\"target\":[\"https:\/\/www.zoko.ro\/p\/prelungitor-2500w-cu-3-prize-si-3-porturi-usb-gonga\/\"]}]},{\"@type\":\"ImageObject\",\"inLanguage\":\"en-GB\",\"@id\":\"https:\/\/www.zoko.ro\/p\/prelungitor-2500w-cu-3-prize-si-3-porturi-usb-gonga\/#primaryimage\",\"url\":\"https:\/\/www.zoko.ro\/wp-content\/uploads\/2025\/12\/prelungitor-2500w-cu-3-prize-si-3-porturi-usb-gonga.jpg\",\"contentUrl\":\"https:\/\/www.zoko.ro\/wp-content\/uploads\/2025\/12\/prelungitor-2500w-cu-3-prize-si-3-porturi-usb-gonga.jpg\",\"width\":623,\"height\":633},{\"@type\":\"BreadcrumbList\",\"@id\":\"https:\/\/www.zoko.ro\/p\/prelungitor-2500w-cu-3-prize-si-3-porturi-usb-gonga\/#breadcrumb\",\"itemListElement\":[{\"@type\":\"ListItem\",\"position\":1,\"name\":\"Home\",\"item\":\"https:\/\/www.zoko.ro\/\"},{\"@type\":\"ListItem\",\"position\":2,\"name\":\"Magazin\",\"item\":\"https:\/\/www.zoko.ro\/magazin\/\"},{\"@type\":\"ListItem\",\"position\":3,\"name\":\"Prelungitor 2500W cu 3 prize si 3 porturi USB, Gonga\u00ae\"}]},{\"@type\":\"WebSite\",\"@id\":\"https:\/\/www.zoko.ro\/#website\",\"url\":\"https:\/\/www.zoko.ro\/\",\"name\":\"ZOKO.ro\",\"description\":\"Cump\u0103r\u0103 inteligent\",\"publisher\":{\"@id\":\"https:\/\/www.zoko.ro\/#organization\"},\"potentialAction\":[{\"@type\":\"SearchAction\",\"target\":{\"@type\":\"EntryPoint\",\"urlTemplate\":\"https:\/\/www.zoko.ro\/?s={search_term_string}\"},\"query-input\":{\"@type\":\"PropertyValueSpecification\",\"valueRequired\":true,\"valueName\":\"search_term_string\"}}],\"inLanguage\":\"en-GB\"},{\"@type\":\"Organization\",\"@id\":\"https:\/\/www.zoko.ro\/#organization\",\"name\":\"ZOKO\",\"url\":\"https:\/\/www.zoko.ro\/\",\"logo\":{\"@type\":\"ImageObject\",\"inLanguage\":\"en-GB\",\"@id\":\"https:\/\/www.zoko.ro\/#\/schema\/logo\/image\/\",\"url\":\"https:\/\/www.zoko.ro\/wp-content\/uploads\/2025\/03\/logo1.svg\",\"contentUrl\":\"https:\/\/www.zoko.ro\/wp-content\/uploads\/2025\/03\/logo1.svg\",\"width\":799,\"height\":216,\"caption\":\"ZOKO\"},\"image\":{\"@id\":\"https:\/\/www.zoko.ro\/#\/schema\/logo\/image\/\"},\"sameAs\":[\"https:\/\/www.facebook.com\/profile.php?id=61584344135075\"]}]}<\/script>\n<!-- \/ Yoast SEO plugin. -->","yoast_head_json":{"title":"Prelungitor 2500W cu 3 prize si 3 porturi USB, Gonga\u00ae | ZOKO","robots":{"index":"index","follow":"follow","max-snippet":"max-snippet:-1","max-image-preview":"max-image-preview:large","max-video-preview":"max-video-preview:-1"},"canonical":"https:\/\/www.zoko.ro\/en\/p\/prelungitor-2500w-cu-3-prize-si-3-porturi-usb-gonga\/","og_locale":"en_GB","og_type":"article","og_title":"Prelungitor 2500W cu 3 prize si 3 porturi USB, Gonga\u00ae | ZOKO","og_description":"Culoare: Negru Priz\u0103 de \u00eencredere, datorit\u0103 c\u0103reia putem avea 6 dispozitive conectate \u00een acela\u0219i timp. Trei dispozitive sunt conectate cu","og_url":"https:\/\/www.zoko.ro\/en\/p\/prelungitor-2500w-cu-3-prize-si-3-porturi-usb-gonga\/","og_site_name":"ZOKO","article_publisher":"https:\/\/www.facebook.com\/profile.php?id=61584344135075","og_image":[{"width":623,"height":633,"url":"https:\/\/www.zoko.ro\/wp-content\/uploads\/2025\/12\/prelungitor-2500w-cu-3-prize-si-3-porturi-usb-gonga.jpg","type":"image\/png"}],"twitter_card":"summary_large_image","twitter_misc":{"Estimated reading time":"1 minute"},"schema":{"@context":"https:\/\/schema.org","@graph":[{"@type":"WebPage","@id":"https:\/\/www.zoko.ro\/p\/prelungitor-2500w-cu-3-prize-si-3-porturi-usb-gonga\/","url":"https:\/\/www.zoko.ro\/p\/prelungitor-2500w-cu-3-prize-si-3-porturi-usb-gonga\/","name":"Prelungitor 2500W cu 3 prize si 3 porturi USB, Gonga\u00ae | ZOKO","isPartOf":{"@id":"https:\/\/www.zoko.ro\/#website"},"primaryImageOfPage":{"@id":"https:\/\/www.zoko.ro\/p\/prelungitor-2500w-cu-3-prize-si-3-porturi-usb-gonga\/#primaryimage"},"image":{"@id":"https:\/\/www.zoko.ro\/p\/prelungitor-2500w-cu-3-prize-si-3-porturi-usb-gonga\/#primaryimage"},"thumbnailUrl":"https:\/\/www.zoko.ro\/wp-content\/uploads\/2025\/12\/prelungitor-2500w-cu-3-prize-si-3-porturi-usb-gonga.jpg","datePublished":"2026-04-28T21:30:16+00:00","breadcrumb":{"@id":"https:\/\/www.zoko.ro\/p\/prelungitor-2500w-cu-3-prize-si-3-porturi-usb-gonga\/#breadcrumb"},"inLanguage":"en-GB","potentialAction":[{"@type":"ReadAction","target":["https:\/\/www.zoko.ro\/p\/prelungitor-2500w-cu-3-prize-si-3-porturi-usb-gonga\/"]}]},{"@type":"ImageObject","inLanguage":"en-GB","@id":"https:\/\/www.zoko.ro\/p\/prelungitor-2500w-cu-3-prize-si-3-porturi-usb-gonga\/#primaryimage","url":"https:\/\/www.zoko.ro\/wp-content\/uploads\/2025\/12\/prelungitor-2500w-cu-3-prize-si-3-porturi-usb-gonga.jpg","contentUrl":"https:\/\/www.zoko.ro\/wp-content\/uploads\/2025\/12\/prelungitor-2500w-cu-3-prize-si-3-porturi-usb-gonga.jpg","width":623,"height":633},{"@type":"BreadcrumbList","@id":"https:\/\/www.zoko.ro\/p\/prelungitor-2500w-cu-3-prize-si-3-porturi-usb-gonga\/#breadcrumb","itemListElement":[{"@type":"ListItem","position":1,"name":"Home","item":"https:\/\/www.zoko.ro\/"},{"@type":"ListItem","position":2,"name":"Magazin","item":"https:\/\/www.zoko.ro\/magazin\/"},{"@type":"ListItem","position":3,"name":"Prelungitor 2500W cu 3 prize si 3 porturi USB, Gonga\u00ae"}]},{"@type":"WebSite","@id":"https:\/\/www.zoko.ro\/#website","url":"https:\/\/www.zoko.ro\/","name":"ZOKO.ro","description":"Cump\u0103r\u0103 inteligent","publisher":{"@id":"https:\/\/www.zoko.ro\/#organization"},"potentialAction":[{"@type":"SearchAction","target":{"@type":"EntryPoint","urlTemplate":"https:\/\/www.zoko.ro\/?s={search_term_string}"},"query-input":{"@type":"PropertyValueSpecification","valueRequired":true,"valueName":"search_term_string"}}],"inLanguage":"en-GB"},{"@type":"Organization","@id":"https:\/\/www.zoko.ro\/#organization","name":"ZOKO","url":"https:\/\/www.zoko.ro\/","logo":{"@type":"ImageObject","inLanguage":"en-GB","@id":"https:\/\/www.zoko.ro\/#\/schema\/logo\/image\/","url":"https:\/\/www.zoko.ro\/wp-content\/uploads\/2025\/03\/logo1.svg","contentUrl":"https:\/\/www.zoko.ro\/wp-content\/uploads\/2025\/03\/logo1.svg","width":799,"height":216,"caption":"ZOKO"},"image":{"@id":"https:\/\/www.zoko.ro\/#\/schema\/logo\/image\/"},"sameAs":["https:\/\/www.facebook.com\/profile.php?id=61584344135075"]}]}},"_links":{"self":[{"href":"https:\/\/www.zoko.ro\/en\/wp-json\/wp\/v2\/product\/30828","targetHints":{"allow":["GET"]}}],"collection":[{"href":"https:\/\/www.zoko.ro\/en\/wp-json\/wp\/v2\/product"}],"about":[{"href":"https:\/\/www.zoko.ro\/en\/wp-json\/wp\/v2\/types\/product"}],"replies":[{"embeddable":true,"href":"https:\/\/www.zoko.ro\/en\/wp-json\/wp\/v2\/comments?post=30828"}],"version-history":[{"count":1,"href":"https:\/\/www.zoko.ro\/en\/wp-json\/wp\/v2\/product\/30828\/revisions"}],"predecessor-version":[{"id":34120,"href":"https:\/\/www.zoko.ro\/en\/wp-json\/wp\/v2\/product\/30828\/revisions\/34120"}],"wp:featuredmedia":[{"embeddable":true,"href":"https:\/\/www.zoko.ro\/en\/wp-json\/wp\/v2\/media\/30829"}],"wp:attachment":[{"href":"https:\/\/www.zoko.ro\/en\/wp-json\/wp\/v2\/media?parent=30828"}],"wp:term":[{"taxonomy":"product_brand","embeddable":true,"href":"https:\/\/www.zoko.ro\/en\/wp-json\/wp\/v2\/product_brand?post=30828"},{"taxonomy":"product_cat","embeddable":true,"href":"https:\/\/www.zoko.ro\/en\/wp-json\/wp\/v2\/product_cat?post=30828"},{"taxonomy":"product_tag","embeddable":true,"href":"https:\/\/www.zoko.ro\/en\/wp-json\/wp\/v2\/product_tag?post=30828"}],"curies":[{"name":"wp","href":"https:\/\/api.w.org\/{rel}","templated":true}]}}