{"id":30894,"date":"2026-04-28T23:30:27","date_gmt":"2026-04-28T21:30:27","guid":{"rendered":"https:\/\/www.zoko.ro\/p\/mini-fantana-de-gradina-tip-balena-pentru-copii-gonga\/"},"modified":"2026-04-28T23:30:27","modified_gmt":"2026-04-28T21:30:27","slug":"mini-fantana-de-gradina-tip-balena-pentru-copii-gonga","status":"publish","type":"product","link":"https:\/\/www.zoko.ro\/en\/p\/mini-fantana-de-gradina-tip-balena-pentru-copii-gonga\/","title":{"rendered":"Mini fantana de gradina tip balena pentru copii, Gonga\u00ae"},"content":{"rendered":"<p><strong>Culoare:<\/strong> Albastru<\/p>\n<p>Imagina\u021bi-v\u0103 c\u0103 este mijlocul verii, c\u0103ldura se revars\u0103 din cer ca o nebunie \u0219i nu exist\u0103 piscin\u0103 \u00een gr\u0103dina dvs.! Trebuie s\u0103 te r\u0103coresti cumva!<\/p>\n<\/p>\n<p>\u00cen acest caz, cel mai mare mamifer &#8211; balena albastr\u0103 &#8211; va veni \u00een ajutor! Aceste animale enorme stropesc ap\u0103 din gaura din partea superioar\u0103 a corpului lor \u0219i exact asta face cea din plastic!<\/p>\n<\/p>\n<p>Pe spatele aspersoarei \u00een form\u0103 de balen\u0103 se afl\u0103 furtunuri colorate din care, atunci c\u00e2nd conecta\u021bi furtunul de gr\u0103din\u0103, va \u00eencepe s\u0103 stropeasc\u0103 ap\u0103 dr\u0103gu\u021b\u0103 \u0219i rece!<\/p>\n<\/p>\n<p>Acest lucru v\u0103 va permite s\u0103 crea\u021bi o minunat\u0103 perdea de ap\u0103 r\u0103coritoare , at\u00e2t de necesar\u0103 \u00eentr-o var\u0103 at\u00e2t de fierbinte!<\/p>\n<\/p>\n<p>F\u0103r\u0103 \u00eendoial\u0103, va satisface nu numai copiii, ci \u0219i adul\u021bii , la urma urmei, toat\u0103 lumea are nevoie de pu\u021bin\u0103 r\u0103coare \u00een zilele cele mai c\u0103lduroase!<\/p>\n<\/p>\n<p>Cei mici vor petrece mult timp juc\u00e2ndu-se \u00een jurul stropitoarei de \u00eendat\u0103 ce iese soarele! Acest lucru \u00eei va \u00eencuraja s\u0103 se mi\u0219te \u0219i s\u0103 petreac\u0103 timp \u00een aer liber!<\/p>\n<\/p>\n<p>Jocul intens \u00een plin soare de var\u0103 poate duce la supra\u00eenc\u0103lzirea copilului, ceea ce va avea cu siguran\u021b\u0103 un efect negativ asupra s\u0103n\u0103t\u0103\u021bii \u0219i bun\u0103st\u0103rii sale! O solu\u021bie simpl\u0103 la aceast\u0103 problem\u0103 va fi s\u0103-i permiti s\u0103 se r\u0103ceasc\u0103 confortabil \u00een timpul farselor din curte! Apa rece \u00een cantit\u0103\u021bi controlate va men\u021bine corpul la temperatura potrivit\u0103, va \u00eemprosp\u0103ta copilul \u0219i \u00eei va oferi mult\u0103 energie pentru mai multe r\u0103ut\u0103\u021bi!<\/p>\n<\/p>\n<p>Produsul este gata de utilizare imediat scos din cutie! Asamblarea acestuia se va dovedi a fi extrem de u\u0219oar\u0103 , chiar \u0219i pentru persoanele care nu sunt sigure de abilit\u0103\u021bile lor tehnologice! Pune\u021bi pur \u0219i simplu conectorul inclus pe furtunul de gr\u0103din\u0103, fixa\u021bi-l \u0219i \u00een\u0219uruba\u021bi-l pe cealalt\u0103 parte a conectorului, situat\u0103 sub aripioar\u0103! Mai r\u0103m\u00e2ne doar s\u0103 deschide\u021bi robinetul \u0219i s\u0103 v\u0103 bucura\u021bi de perdeaua de ap\u0103!<\/p>\n<\/p>\n<p>Aspersorul de gr\u0103din\u0103 este realizat din materiale durabile \u0219i durabile, astfel \u00eenc\u00e2t s\u0103 nu v\u0103 face\u021bi griji cu privire la durata de via\u021b\u0103 a acestuia! Va servi, f\u0103r\u0103 \u00eendoial\u0103, multe veri!<\/p>\n<\/p>\n<p>Specificatii:<\/p>\n<\/p>\n<p>V\u00e2rsta copilului: 3+<\/p>\n<\/p>\n<p>Material: plastic<\/p>\n<\/p>\n<p>Dimensiuni balena: 23 cm x 14 cm x 11 cm<\/p>\n<\/p>\n<p>Lungime furtun: 21 cm<\/p>\n<\/p>\n<p>Diametru racord al furtunului: \u00bd &#8220;<\/p>\n<\/p>\n<p>Dimensiuni pachet: 22 cm x 15 cm x 12,5 cm<\/p><\/p>","protected":false},"excerpt":{"rendered":"<p>Culoare: Albastru Imagina\u021bi-v\u0103 c\u0103 este mijlocul verii, c\u0103ldura se revars\u0103 din cer ca o nebunie \u0219i nu exist\u0103 piscin\u0103 \u00een<\/p>","protected":false},"featured_media":30895,"comment_status":"open","ping_status":"open","template":"","meta":[],"product_brand":[],"product_cat":[99,333,334,381],"product_tag":[104],"class_list":{"0":"post-30894","1":"product","2":"type-product","3":"status-publish","4":"has-post-thumbnail","6":"product_cat-acasa","7":"product_cat-jucarii","8":"product_cat-jucarii-jocuri-educative","9":"product_cat-jucarii-interactive","10":"product_tag-in-stoc","11":"pa_culoare-albastru","13":"first","14":"instock","15":"sale","16":"purchasable","17":"product-type-simple"},"yoast_head":"<!-- This site is optimized with the Yoast SEO plugin v27.2 - https:\/\/yoast.com\/product\/yoast-seo-wordpress\/ -->\n<title>Mini fantana de gradina tip balena pentru copii, Gonga\u00ae | ZOKO<\/title>\n<meta name=\"robots\" content=\"index, follow, max-snippet:-1, max-image-preview:large, max-video-preview:-1\" \/>\n<link rel=\"canonical\" href=\"https:\/\/www.zoko.ro\/en\/p\/mini-fantana-de-gradina-tip-balena-pentru-copii-gonga\/\" \/>\n<meta property=\"og:locale\" content=\"en_GB\" \/>\n<meta property=\"og:type\" content=\"article\" \/>\n<meta property=\"og:title\" content=\"Mini fantana de gradina tip balena pentru copii, Gonga\u00ae | ZOKO\" \/>\n<meta property=\"og:description\" content=\"Culoare: Albastru Imagina\u021bi-v\u0103 c\u0103 este mijlocul verii, c\u0103ldura se revars\u0103 din cer ca o nebunie \u0219i nu exist\u0103 piscin\u0103 \u00een\" \/>\n<meta property=\"og:url\" content=\"https:\/\/www.zoko.ro\/en\/p\/mini-fantana-de-gradina-tip-balena-pentru-copii-gonga\/\" \/>\n<meta property=\"og:site_name\" content=\"ZOKO\" \/>\n<meta property=\"article:publisher\" content=\"https:\/\/www.facebook.com\/profile.php?id=61584344135075\" \/>\n<meta property=\"og:image\" content=\"https:\/\/www.zoko.ro\/wp-content\/uploads\/2025\/12\/mini-fantana-de-gradina-tip-balena-pentru-copii-gonga.jpg\" \/>\n\t<meta property=\"og:image:width\" content=\"1024\" \/>\n\t<meta property=\"og:image:height\" content=\"768\" \/>\n\t<meta property=\"og:image:type\" content=\"image\/jpeg\" \/>\n<meta name=\"twitter:card\" content=\"summary_large_image\" \/>\n<meta name=\"twitter:label1\" content=\"Estimated reading time\" \/>\n\t<meta name=\"twitter:data1\" content=\"2 minutes\" \/>\n<script type=\"application\/ld+json\" class=\"yoast-schema-graph\">{\"@context\":\"https:\/\/schema.org\",\"@graph\":[{\"@type\":\"WebPage\",\"@id\":\"https:\/\/www.zoko.ro\/p\/mini-fantana-de-gradina-tip-balena-pentru-copii-gonga\/\",\"url\":\"https:\/\/www.zoko.ro\/p\/mini-fantana-de-gradina-tip-balena-pentru-copii-gonga\/\",\"name\":\"Mini fantana de gradina tip balena pentru copii, Gonga\u00ae | ZOKO\",\"isPartOf\":{\"@id\":\"https:\/\/www.zoko.ro\/#website\"},\"primaryImageOfPage\":{\"@id\":\"https:\/\/www.zoko.ro\/p\/mini-fantana-de-gradina-tip-balena-pentru-copii-gonga\/#primaryimage\"},\"image\":{\"@id\":\"https:\/\/www.zoko.ro\/p\/mini-fantana-de-gradina-tip-balena-pentru-copii-gonga\/#primaryimage\"},\"thumbnailUrl\":\"https:\/\/www.zoko.ro\/wp-content\/uploads\/2025\/12\/mini-fantana-de-gradina-tip-balena-pentru-copii-gonga.jpg\",\"datePublished\":\"2026-04-28T21:30:27+00:00\",\"breadcrumb\":{\"@id\":\"https:\/\/www.zoko.ro\/p\/mini-fantana-de-gradina-tip-balena-pentru-copii-gonga\/#breadcrumb\"},\"inLanguage\":\"en-GB\",\"potentialAction\":[{\"@type\":\"ReadAction\",\"target\":[\"https:\/\/www.zoko.ro\/p\/mini-fantana-de-gradina-tip-balena-pentru-copii-gonga\/\"]}]},{\"@type\":\"ImageObject\",\"inLanguage\":\"en-GB\",\"@id\":\"https:\/\/www.zoko.ro\/p\/mini-fantana-de-gradina-tip-balena-pentru-copii-gonga\/#primaryimage\",\"url\":\"https:\/\/www.zoko.ro\/wp-content\/uploads\/2025\/12\/mini-fantana-de-gradina-tip-balena-pentru-copii-gonga.jpg\",\"contentUrl\":\"https:\/\/www.zoko.ro\/wp-content\/uploads\/2025\/12\/mini-fantana-de-gradina-tip-balena-pentru-copii-gonga.jpg\",\"width\":1024,\"height\":768},{\"@type\":\"BreadcrumbList\",\"@id\":\"https:\/\/www.zoko.ro\/p\/mini-fantana-de-gradina-tip-balena-pentru-copii-gonga\/#breadcrumb\",\"itemListElement\":[{\"@type\":\"ListItem\",\"position\":1,\"name\":\"Home\",\"item\":\"https:\/\/www.zoko.ro\/\"},{\"@type\":\"ListItem\",\"position\":2,\"name\":\"Magazin\",\"item\":\"https:\/\/www.zoko.ro\/magazin\/\"},{\"@type\":\"ListItem\",\"position\":3,\"name\":\"Mini fantana de gradina tip balena pentru copii, Gonga\u00ae\"}]},{\"@type\":\"WebSite\",\"@id\":\"https:\/\/www.zoko.ro\/#website\",\"url\":\"https:\/\/www.zoko.ro\/\",\"name\":\"ZOKO.ro\",\"description\":\"Cump\u0103r\u0103 inteligent\",\"publisher\":{\"@id\":\"https:\/\/www.zoko.ro\/#organization\"},\"potentialAction\":[{\"@type\":\"SearchAction\",\"target\":{\"@type\":\"EntryPoint\",\"urlTemplate\":\"https:\/\/www.zoko.ro\/?s={search_term_string}\"},\"query-input\":{\"@type\":\"PropertyValueSpecification\",\"valueRequired\":true,\"valueName\":\"search_term_string\"}}],\"inLanguage\":\"en-GB\"},{\"@type\":\"Organization\",\"@id\":\"https:\/\/www.zoko.ro\/#organization\",\"name\":\"ZOKO\",\"url\":\"https:\/\/www.zoko.ro\/\",\"logo\":{\"@type\":\"ImageObject\",\"inLanguage\":\"en-GB\",\"@id\":\"https:\/\/www.zoko.ro\/#\/schema\/logo\/image\/\",\"url\":\"https:\/\/www.zoko.ro\/wp-content\/uploads\/2025\/03\/logo1.svg\",\"contentUrl\":\"https:\/\/www.zoko.ro\/wp-content\/uploads\/2025\/03\/logo1.svg\",\"width\":799,\"height\":216,\"caption\":\"ZOKO\"},\"image\":{\"@id\":\"https:\/\/www.zoko.ro\/#\/schema\/logo\/image\/\"},\"sameAs\":[\"https:\/\/www.facebook.com\/profile.php?id=61584344135075\"]}]}<\/script>\n<!-- \/ Yoast SEO plugin. -->","yoast_head_json":{"title":"Mini fantana de gradina tip balena pentru copii, Gonga\u00ae | ZOKO","robots":{"index":"index","follow":"follow","max-snippet":"max-snippet:-1","max-image-preview":"max-image-preview:large","max-video-preview":"max-video-preview:-1"},"canonical":"https:\/\/www.zoko.ro\/en\/p\/mini-fantana-de-gradina-tip-balena-pentru-copii-gonga\/","og_locale":"en_GB","og_type":"article","og_title":"Mini fantana de gradina tip balena pentru copii, Gonga\u00ae | ZOKO","og_description":"Culoare: Albastru Imagina\u021bi-v\u0103 c\u0103 este mijlocul verii, c\u0103ldura se revars\u0103 din cer ca o nebunie \u0219i nu exist\u0103 piscin\u0103 \u00een","og_url":"https:\/\/www.zoko.ro\/en\/p\/mini-fantana-de-gradina-tip-balena-pentru-copii-gonga\/","og_site_name":"ZOKO","article_publisher":"https:\/\/www.facebook.com\/profile.php?id=61584344135075","og_image":[{"width":1024,"height":768,"url":"https:\/\/www.zoko.ro\/wp-content\/uploads\/2025\/12\/mini-fantana-de-gradina-tip-balena-pentru-copii-gonga.jpg","type":"image\/jpeg"}],"twitter_card":"summary_large_image","twitter_misc":{"Estimated reading time":"2 minutes"},"schema":{"@context":"https:\/\/schema.org","@graph":[{"@type":"WebPage","@id":"https:\/\/www.zoko.ro\/p\/mini-fantana-de-gradina-tip-balena-pentru-copii-gonga\/","url":"https:\/\/www.zoko.ro\/p\/mini-fantana-de-gradina-tip-balena-pentru-copii-gonga\/","name":"Mini fantana de gradina tip balena pentru copii, Gonga\u00ae | ZOKO","isPartOf":{"@id":"https:\/\/www.zoko.ro\/#website"},"primaryImageOfPage":{"@id":"https:\/\/www.zoko.ro\/p\/mini-fantana-de-gradina-tip-balena-pentru-copii-gonga\/#primaryimage"},"image":{"@id":"https:\/\/www.zoko.ro\/p\/mini-fantana-de-gradina-tip-balena-pentru-copii-gonga\/#primaryimage"},"thumbnailUrl":"https:\/\/www.zoko.ro\/wp-content\/uploads\/2025\/12\/mini-fantana-de-gradina-tip-balena-pentru-copii-gonga.jpg","datePublished":"2026-04-28T21:30:27+00:00","breadcrumb":{"@id":"https:\/\/www.zoko.ro\/p\/mini-fantana-de-gradina-tip-balena-pentru-copii-gonga\/#breadcrumb"},"inLanguage":"en-GB","potentialAction":[{"@type":"ReadAction","target":["https:\/\/www.zoko.ro\/p\/mini-fantana-de-gradina-tip-balena-pentru-copii-gonga\/"]}]},{"@type":"ImageObject","inLanguage":"en-GB","@id":"https:\/\/www.zoko.ro\/p\/mini-fantana-de-gradina-tip-balena-pentru-copii-gonga\/#primaryimage","url":"https:\/\/www.zoko.ro\/wp-content\/uploads\/2025\/12\/mini-fantana-de-gradina-tip-balena-pentru-copii-gonga.jpg","contentUrl":"https:\/\/www.zoko.ro\/wp-content\/uploads\/2025\/12\/mini-fantana-de-gradina-tip-balena-pentru-copii-gonga.jpg","width":1024,"height":768},{"@type":"BreadcrumbList","@id":"https:\/\/www.zoko.ro\/p\/mini-fantana-de-gradina-tip-balena-pentru-copii-gonga\/#breadcrumb","itemListElement":[{"@type":"ListItem","position":1,"name":"Home","item":"https:\/\/www.zoko.ro\/"},{"@type":"ListItem","position":2,"name":"Magazin","item":"https:\/\/www.zoko.ro\/magazin\/"},{"@type":"ListItem","position":3,"name":"Mini fantana de gradina tip balena pentru copii, Gonga\u00ae"}]},{"@type":"WebSite","@id":"https:\/\/www.zoko.ro\/#website","url":"https:\/\/www.zoko.ro\/","name":"ZOKO.ro","description":"Cump\u0103r\u0103 inteligent","publisher":{"@id":"https:\/\/www.zoko.ro\/#organization"},"potentialAction":[{"@type":"SearchAction","target":{"@type":"EntryPoint","urlTemplate":"https:\/\/www.zoko.ro\/?s={search_term_string}"},"query-input":{"@type":"PropertyValueSpecification","valueRequired":true,"valueName":"search_term_string"}}],"inLanguage":"en-GB"},{"@type":"Organization","@id":"https:\/\/www.zoko.ro\/#organization","name":"ZOKO","url":"https:\/\/www.zoko.ro\/","logo":{"@type":"ImageObject","inLanguage":"en-GB","@id":"https:\/\/www.zoko.ro\/#\/schema\/logo\/image\/","url":"https:\/\/www.zoko.ro\/wp-content\/uploads\/2025\/03\/logo1.svg","contentUrl":"https:\/\/www.zoko.ro\/wp-content\/uploads\/2025\/03\/logo1.svg","width":799,"height":216,"caption":"ZOKO"},"image":{"@id":"https:\/\/www.zoko.ro\/#\/schema\/logo\/image\/"},"sameAs":["https:\/\/www.facebook.com\/profile.php?id=61584344135075"]}]}},"_links":{"self":[{"href":"https:\/\/www.zoko.ro\/en\/wp-json\/wp\/v2\/product\/30894","targetHints":{"allow":["GET"]}}],"collection":[{"href":"https:\/\/www.zoko.ro\/en\/wp-json\/wp\/v2\/product"}],"about":[{"href":"https:\/\/www.zoko.ro\/en\/wp-json\/wp\/v2\/types\/product"}],"replies":[{"embeddable":true,"href":"https:\/\/www.zoko.ro\/en\/wp-json\/wp\/v2\/comments?post=30894"}],"version-history":[{"count":1,"href":"https:\/\/www.zoko.ro\/en\/wp-json\/wp\/v2\/product\/30894\/revisions"}],"predecessor-version":[{"id":38037,"href":"https:\/\/www.zoko.ro\/en\/wp-json\/wp\/v2\/product\/30894\/revisions\/38037"}],"wp:featuredmedia":[{"embeddable":true,"href":"https:\/\/www.zoko.ro\/en\/wp-json\/wp\/v2\/media\/30895"}],"wp:attachment":[{"href":"https:\/\/www.zoko.ro\/en\/wp-json\/wp\/v2\/media?parent=30894"}],"wp:term":[{"taxonomy":"product_brand","embeddable":true,"href":"https:\/\/www.zoko.ro\/en\/wp-json\/wp\/v2\/product_brand?post=30894"},{"taxonomy":"product_cat","embeddable":true,"href":"https:\/\/www.zoko.ro\/en\/wp-json\/wp\/v2\/product_cat?post=30894"},{"taxonomy":"product_tag","embeddable":true,"href":"https:\/\/www.zoko.ro\/en\/wp-json\/wp\/v2\/product_tag?post=30894"}],"curies":[{"name":"wp","href":"https:\/\/api.w.org\/{rel}","templated":true}]}}