{"id":30910,"date":"2026-04-28T23:30:27","date_gmt":"2026-04-28T21:30:27","guid":{"rendered":"https:\/\/www.zoko.ro\/p\/kit-de-pictura-cu-6-culori-supereroi-gonga\/"},"modified":"2026-04-28T23:30:28","modified_gmt":"2026-04-28T21:30:28","slug":"kit-de-pictura-cu-6-culori-supereroi-gonga","status":"publish","type":"product","link":"https:\/\/www.zoko.ro\/en\/p\/kit-de-pictura-cu-6-culori-supereroi-gonga\/","title":{"rendered":"Kit de pictura cu 6 culori, supereroi, Gonga\u00ae"},"content":{"rendered":"<p><strong>Culoare:<\/strong> Multicolor<\/p>\n<p>Trusa de pictur\u0103 pe fa\u021b\u0103 va transforma fiecare copil \u00eentr-un super erou.<\/p>\n<\/p>\n<p>Usor de aplicat si intins pe corp, vor transforma orice sarbatoare a copiilor intr-o petrecere a eroilor.<\/p>\n<\/p>\n<p>6 creioane vor asigura o vopsire corect\u0103.<\/p>\n<\/p>\n<p>Putem modela modele cu un creion cosmetic. Remedia\u021bi totul cu o perie.<\/p>\n<\/p>\n<p>\u00centregul machiaj va fi condimentat cu sclipici \u0219i tatuajele ata\u0219ate.<\/p>\n<\/p>\n<p>Pentru \u00eendep\u0103rtarea din corp este suficient s\u0103 folosi\u021bi ap\u0103 cald\u0103 cu s\u0103pun.<\/p>\n<\/p>\n<p>Con\u021binut kit:<\/p>\n<\/p>\n<p>&#8211; 6 creioane de machiaj<\/p>\n<p>&#8211; tatuaje decorative<\/p>\n<p>&#8211; creion cosmetic pentru profilare<\/p>\n<p>&#8211; perie<\/p>\n<p>&#8211; 2 pungi cu sclipici\u00a0\u00a0<\/p>\n<p>&#8211; bro\u0219ur\u0103 pas cu pas cum s\u0103-\u021bi pictezi fa\u021ba<\/p>","protected":false},"excerpt":{"rendered":"<p>Culoare: Multicolor Trusa de pictur\u0103 pe fa\u021b\u0103 va transforma fiecare copil \u00eentr-un super erou. Usor de aplicat si intins pe<\/p>","protected":false},"featured_media":30911,"comment_status":"open","ping_status":"open","template":"","meta":[],"product_brand":[],"product_cat":[99,333,334,396],"product_tag":[104],"class_list":{"0":"post-30910","1":"product","2":"type-product","3":"status-publish","4":"has-post-thumbnail","6":"product_cat-acasa","7":"product_cat-jucarii","8":"product_cat-jucarii-jocuri-educative","9":"product_cat-jucarii-creative-seturi-pictura-si-desen","10":"product_tag-in-stoc","11":"pa_culoare-multicolor","13":"first","14":"instock","15":"sale","16":"purchasable","17":"product-type-simple"},"yoast_head":"<!-- This site is optimized with the Yoast SEO plugin v27.2 - https:\/\/yoast.com\/product\/yoast-seo-wordpress\/ -->\n<title>Kit de pictura cu 6 culori, supereroi, Gonga\u00ae | ZOKO<\/title>\n<meta name=\"robots\" content=\"index, follow, max-snippet:-1, max-image-preview:large, max-video-preview:-1\" \/>\n<link rel=\"canonical\" href=\"https:\/\/www.zoko.ro\/en\/p\/kit-de-pictura-cu-6-culori-supereroi-gonga\/\" \/>\n<meta property=\"og:locale\" content=\"en_GB\" \/>\n<meta property=\"og:type\" content=\"article\" \/>\n<meta property=\"og:title\" content=\"Kit de pictura cu 6 culori, supereroi, Gonga\u00ae | ZOKO\" \/>\n<meta property=\"og:description\" content=\"Culoare: Multicolor Trusa de pictur\u0103 pe fa\u021b\u0103 va transforma fiecare copil \u00eentr-un super erou. Usor de aplicat si intins pe\" \/>\n<meta property=\"og:url\" content=\"https:\/\/www.zoko.ro\/en\/p\/kit-de-pictura-cu-6-culori-supereroi-gonga\/\" \/>\n<meta property=\"og:site_name\" content=\"ZOKO\" \/>\n<meta property=\"article:publisher\" content=\"https:\/\/www.facebook.com\/profile.php?id=61584344135075\" \/>\n<meta property=\"article:modified_time\" content=\"2026-04-28T21:30:28+00:00\" \/>\n<meta property=\"og:image\" content=\"https:\/\/www.zoko.ro\/wp-content\/uploads\/2025\/12\/kit-de-pictura-cu-6-culori-supereroi-gonga.jpg\" \/>\n\t<meta property=\"og:image:width\" content=\"1280\" \/>\n\t<meta property=\"og:image:height\" content=\"1020\" \/>\n\t<meta property=\"og:image:type\" content=\"image\/jpeg\" \/>\n<meta name=\"twitter:card\" content=\"summary_large_image\" \/>\n<meta name=\"twitter:label1\" content=\"Estimated reading time\" \/>\n\t<meta name=\"twitter:data1\" content=\"1 minute\" \/>\n<script type=\"application\/ld+json\" class=\"yoast-schema-graph\">{\"@context\":\"https:\/\/schema.org\",\"@graph\":[{\"@type\":\"WebPage\",\"@id\":\"https:\/\/www.zoko.ro\/p\/kit-de-pictura-cu-6-culori-supereroi-gonga\/\",\"url\":\"https:\/\/www.zoko.ro\/p\/kit-de-pictura-cu-6-culori-supereroi-gonga\/\",\"name\":\"Kit de pictura cu 6 culori, supereroi, Gonga\u00ae | ZOKO\",\"isPartOf\":{\"@id\":\"https:\/\/www.zoko.ro\/#website\"},\"primaryImageOfPage\":{\"@id\":\"https:\/\/www.zoko.ro\/p\/kit-de-pictura-cu-6-culori-supereroi-gonga\/#primaryimage\"},\"image\":{\"@id\":\"https:\/\/www.zoko.ro\/p\/kit-de-pictura-cu-6-culori-supereroi-gonga\/#primaryimage\"},\"thumbnailUrl\":\"https:\/\/www.zoko.ro\/wp-content\/uploads\/2025\/12\/kit-de-pictura-cu-6-culori-supereroi-gonga.jpg\",\"datePublished\":\"2026-04-28T21:30:27+00:00\",\"dateModified\":\"2026-04-28T21:30:28+00:00\",\"breadcrumb\":{\"@id\":\"https:\/\/www.zoko.ro\/p\/kit-de-pictura-cu-6-culori-supereroi-gonga\/#breadcrumb\"},\"inLanguage\":\"en-GB\",\"potentialAction\":[{\"@type\":\"ReadAction\",\"target\":[\"https:\/\/www.zoko.ro\/p\/kit-de-pictura-cu-6-culori-supereroi-gonga\/\"]}]},{\"@type\":\"ImageObject\",\"inLanguage\":\"en-GB\",\"@id\":\"https:\/\/www.zoko.ro\/p\/kit-de-pictura-cu-6-culori-supereroi-gonga\/#primaryimage\",\"url\":\"https:\/\/www.zoko.ro\/wp-content\/uploads\/2025\/12\/kit-de-pictura-cu-6-culori-supereroi-gonga.jpg\",\"contentUrl\":\"https:\/\/www.zoko.ro\/wp-content\/uploads\/2025\/12\/kit-de-pictura-cu-6-culori-supereroi-gonga.jpg\",\"width\":1280,\"height\":1020},{\"@type\":\"BreadcrumbList\",\"@id\":\"https:\/\/www.zoko.ro\/p\/kit-de-pictura-cu-6-culori-supereroi-gonga\/#breadcrumb\",\"itemListElement\":[{\"@type\":\"ListItem\",\"position\":1,\"name\":\"Home\",\"item\":\"https:\/\/www.zoko.ro\/\"},{\"@type\":\"ListItem\",\"position\":2,\"name\":\"Magazin\",\"item\":\"https:\/\/www.zoko.ro\/magazin\/\"},{\"@type\":\"ListItem\",\"position\":3,\"name\":\"Kit de pictura cu 6 culori, supereroi, Gonga\u00ae\"}]},{\"@type\":\"WebSite\",\"@id\":\"https:\/\/www.zoko.ro\/#website\",\"url\":\"https:\/\/www.zoko.ro\/\",\"name\":\"ZOKO.ro\",\"description\":\"Cump\u0103r\u0103 inteligent\",\"publisher\":{\"@id\":\"https:\/\/www.zoko.ro\/#organization\"},\"potentialAction\":[{\"@type\":\"SearchAction\",\"target\":{\"@type\":\"EntryPoint\",\"urlTemplate\":\"https:\/\/www.zoko.ro\/?s={search_term_string}\"},\"query-input\":{\"@type\":\"PropertyValueSpecification\",\"valueRequired\":true,\"valueName\":\"search_term_string\"}}],\"inLanguage\":\"en-GB\"},{\"@type\":\"Organization\",\"@id\":\"https:\/\/www.zoko.ro\/#organization\",\"name\":\"ZOKO\",\"url\":\"https:\/\/www.zoko.ro\/\",\"logo\":{\"@type\":\"ImageObject\",\"inLanguage\":\"en-GB\",\"@id\":\"https:\/\/www.zoko.ro\/#\/schema\/logo\/image\/\",\"url\":\"https:\/\/www.zoko.ro\/wp-content\/uploads\/2025\/03\/logo1.svg\",\"contentUrl\":\"https:\/\/www.zoko.ro\/wp-content\/uploads\/2025\/03\/logo1.svg\",\"width\":799,\"height\":216,\"caption\":\"ZOKO\"},\"image\":{\"@id\":\"https:\/\/www.zoko.ro\/#\/schema\/logo\/image\/\"},\"sameAs\":[\"https:\/\/www.facebook.com\/profile.php?id=61584344135075\"]}]}<\/script>\n<!-- \/ Yoast SEO plugin. -->","yoast_head_json":{"title":"Kit de pictura cu 6 culori, supereroi, Gonga\u00ae | ZOKO","robots":{"index":"index","follow":"follow","max-snippet":"max-snippet:-1","max-image-preview":"max-image-preview:large","max-video-preview":"max-video-preview:-1"},"canonical":"https:\/\/www.zoko.ro\/en\/p\/kit-de-pictura-cu-6-culori-supereroi-gonga\/","og_locale":"en_GB","og_type":"article","og_title":"Kit de pictura cu 6 culori, supereroi, Gonga\u00ae | ZOKO","og_description":"Culoare: Multicolor Trusa de pictur\u0103 pe fa\u021b\u0103 va transforma fiecare copil \u00eentr-un super erou. Usor de aplicat si intins pe","og_url":"https:\/\/www.zoko.ro\/en\/p\/kit-de-pictura-cu-6-culori-supereroi-gonga\/","og_site_name":"ZOKO","article_publisher":"https:\/\/www.facebook.com\/profile.php?id=61584344135075","article_modified_time":"2026-04-28T21:30:28+00:00","og_image":[{"width":1280,"height":1020,"url":"https:\/\/www.zoko.ro\/wp-content\/uploads\/2025\/12\/kit-de-pictura-cu-6-culori-supereroi-gonga.jpg","type":"image\/jpeg"}],"twitter_card":"summary_large_image","twitter_misc":{"Estimated reading time":"1 minute"},"schema":{"@context":"https:\/\/schema.org","@graph":[{"@type":"WebPage","@id":"https:\/\/www.zoko.ro\/p\/kit-de-pictura-cu-6-culori-supereroi-gonga\/","url":"https:\/\/www.zoko.ro\/p\/kit-de-pictura-cu-6-culori-supereroi-gonga\/","name":"Kit de pictura cu 6 culori, supereroi, Gonga\u00ae | ZOKO","isPartOf":{"@id":"https:\/\/www.zoko.ro\/#website"},"primaryImageOfPage":{"@id":"https:\/\/www.zoko.ro\/p\/kit-de-pictura-cu-6-culori-supereroi-gonga\/#primaryimage"},"image":{"@id":"https:\/\/www.zoko.ro\/p\/kit-de-pictura-cu-6-culori-supereroi-gonga\/#primaryimage"},"thumbnailUrl":"https:\/\/www.zoko.ro\/wp-content\/uploads\/2025\/12\/kit-de-pictura-cu-6-culori-supereroi-gonga.jpg","datePublished":"2026-04-28T21:30:27+00:00","dateModified":"2026-04-28T21:30:28+00:00","breadcrumb":{"@id":"https:\/\/www.zoko.ro\/p\/kit-de-pictura-cu-6-culori-supereroi-gonga\/#breadcrumb"},"inLanguage":"en-GB","potentialAction":[{"@type":"ReadAction","target":["https:\/\/www.zoko.ro\/p\/kit-de-pictura-cu-6-culori-supereroi-gonga\/"]}]},{"@type":"ImageObject","inLanguage":"en-GB","@id":"https:\/\/www.zoko.ro\/p\/kit-de-pictura-cu-6-culori-supereroi-gonga\/#primaryimage","url":"https:\/\/www.zoko.ro\/wp-content\/uploads\/2025\/12\/kit-de-pictura-cu-6-culori-supereroi-gonga.jpg","contentUrl":"https:\/\/www.zoko.ro\/wp-content\/uploads\/2025\/12\/kit-de-pictura-cu-6-culori-supereroi-gonga.jpg","width":1280,"height":1020},{"@type":"BreadcrumbList","@id":"https:\/\/www.zoko.ro\/p\/kit-de-pictura-cu-6-culori-supereroi-gonga\/#breadcrumb","itemListElement":[{"@type":"ListItem","position":1,"name":"Home","item":"https:\/\/www.zoko.ro\/"},{"@type":"ListItem","position":2,"name":"Magazin","item":"https:\/\/www.zoko.ro\/magazin\/"},{"@type":"ListItem","position":3,"name":"Kit de pictura cu 6 culori, supereroi, Gonga\u00ae"}]},{"@type":"WebSite","@id":"https:\/\/www.zoko.ro\/#website","url":"https:\/\/www.zoko.ro\/","name":"ZOKO.ro","description":"Cump\u0103r\u0103 inteligent","publisher":{"@id":"https:\/\/www.zoko.ro\/#organization"},"potentialAction":[{"@type":"SearchAction","target":{"@type":"EntryPoint","urlTemplate":"https:\/\/www.zoko.ro\/?s={search_term_string}"},"query-input":{"@type":"PropertyValueSpecification","valueRequired":true,"valueName":"search_term_string"}}],"inLanguage":"en-GB"},{"@type":"Organization","@id":"https:\/\/www.zoko.ro\/#organization","name":"ZOKO","url":"https:\/\/www.zoko.ro\/","logo":{"@type":"ImageObject","inLanguage":"en-GB","@id":"https:\/\/www.zoko.ro\/#\/schema\/logo\/image\/","url":"https:\/\/www.zoko.ro\/wp-content\/uploads\/2025\/03\/logo1.svg","contentUrl":"https:\/\/www.zoko.ro\/wp-content\/uploads\/2025\/03\/logo1.svg","width":799,"height":216,"caption":"ZOKO"},"image":{"@id":"https:\/\/www.zoko.ro\/#\/schema\/logo\/image\/"},"sameAs":["https:\/\/www.facebook.com\/profile.php?id=61584344135075"]}]}},"_links":{"self":[{"href":"https:\/\/www.zoko.ro\/en\/wp-json\/wp\/v2\/product\/30910","targetHints":{"allow":["GET"]}}],"collection":[{"href":"https:\/\/www.zoko.ro\/en\/wp-json\/wp\/v2\/product"}],"about":[{"href":"https:\/\/www.zoko.ro\/en\/wp-json\/wp\/v2\/types\/product"}],"replies":[{"embeddable":true,"href":"https:\/\/www.zoko.ro\/en\/wp-json\/wp\/v2\/comments?post=30910"}],"version-history":[{"count":1,"href":"https:\/\/www.zoko.ro\/en\/wp-json\/wp\/v2\/product\/30910\/revisions"}],"predecessor-version":[{"id":38039,"href":"https:\/\/www.zoko.ro\/en\/wp-json\/wp\/v2\/product\/30910\/revisions\/38039"}],"wp:featuredmedia":[{"embeddable":true,"href":"https:\/\/www.zoko.ro\/en\/wp-json\/wp\/v2\/media\/30911"}],"wp:attachment":[{"href":"https:\/\/www.zoko.ro\/en\/wp-json\/wp\/v2\/media?parent=30910"}],"wp:term":[{"taxonomy":"product_brand","embeddable":true,"href":"https:\/\/www.zoko.ro\/en\/wp-json\/wp\/v2\/product_brand?post=30910"},{"taxonomy":"product_cat","embeddable":true,"href":"https:\/\/www.zoko.ro\/en\/wp-json\/wp\/v2\/product_cat?post=30910"},{"taxonomy":"product_tag","embeddable":true,"href":"https:\/\/www.zoko.ro\/en\/wp-json\/wp\/v2\/product_tag?post=30910"}],"curies":[{"name":"wp","href":"https:\/\/api.w.org\/{rel}","templated":true}]}}