{"id":30952,"date":"2026-04-28T23:30:31","date_gmt":"2026-04-28T21:30:31","guid":{"rendered":"https:\/\/www.zoko.ro\/p\/adaptor-convertor-hd38-de-la-vga-d-sub-audio-la-hdmi-gonga\/"},"modified":"2026-04-28T23:30:31","modified_gmt":"2026-04-28T21:30:31","slug":"adaptor-convertor-hd38-de-la-vga-d-sub-audio-la-hdmi-gonga","status":"publish","type":"product","link":"https:\/\/www.zoko.ro\/en\/p\/adaptor-convertor-hd38-de-la-vga-d-sub-audio-la-hdmi-gonga\/","title":{"rendered":"Adaptor Convertor HD38 de la VGA (D-Sub) + Audio la HDMI, Gonga\u00ae"},"content":{"rendered":"<p><strong>Culoare:<\/strong> Negru<\/p>\n<p>Convertor \/ adaptor video \/ audio de \u00eenalt\u0103 calitate de la VGA (D-Sub) la HDMI. Adaptorul converte\u0219te semnalul video analogic de la conectorul D-Sub \u00eentr-un semnal digital HDMI la \u00eenalt\u0103 defini\u021bie p\u00e2n\u0103 la 1080p. \u00cen plus, setul include un cablu audio minijack de 3,5 mm.<\/p>\n<\/p>\n<p>Caracteristicile \u0219i specifica\u021biile produsului:<\/p>\n<\/p>\n<p>&#8211; Frecven\u021be: 25 MHz &#8211; 165 MHz<\/p>\n<p>&#8211; Suport pentru cele mai recente standarde de transmisie a sunetului (cablu jack de 3,5 mm) &#8211; inclus<\/p>\n<p>&#8211; Protec\u021bie la supratensiune \u0219i supra\u00eenc\u0103lzire<\/p>\n<p>&#8211; Nu sunt necesare drivere, PLUG &amp; PLAY<\/p>\n<p>&#8211; Suport\u0103 rezolu\u021bie Full HD 1080p<\/p>\n<p>&#8211; Accept\u0103 o ad\u00e2ncime crescut\u0103 a culorii: Deep Color, xvYCC, ixv Color<\/p>\n<p>&#8211; Func\u021bioneaz\u0103 cu dispozitive cu ie\u0219ire VGA (D-sub) activ\u0103<\/p>\n<p>&#8211; Func\u021bioneaz\u0103 cu orice receptor HDMI (televizoare, monitoare etc.)<\/p>\n<p>&#8211; Rezolu\u021bii VGA \u0219i HDMI acceptate: 480i &#8211; 1080p<\/p>\n<p>&#8211; Este necesar\u0103 sursa de alimentare micro-USB (cablu inclus)<\/p>\n<p>&#8211; Material: plastic (carcasa)<\/p>\n<p>&#8211; Culoare neagra<\/p>\n<\/p>\n<p>Pachetul include:<\/p>\n<\/p>\n<p>&#8211; 1x adaptor VGA-HDMI (video \/ audio)<\/p>\n<p>&#8211; Cablu semnal audio: mini jack -&gt; mini jack<\/p>\n<p>&#8211; Micro-USB -&gt; cablu de alimentare USB<\/p>","protected":false},"excerpt":{"rendered":"<p>Culoare: Negru Convertor \/ adaptor video \/ audio de \u00eenalt\u0103 calitate de la VGA (D-Sub) la HDMI. Adaptorul converte\u0219te semnalul<\/p>","protected":false},"featured_media":30953,"comment_status":"open","ping_status":"open","template":"","meta":[],"product_brand":[],"product_cat":[99,341,339],"product_tag":[104],"class_list":{"0":"post-30952","1":"product","2":"type-product","3":"status-publish","4":"has-post-thumbnail","6":"product_cat-acasa","7":"product_cat-accesorii","8":"product_cat-pc-gaming","9":"product_tag-in-stoc","10":"pa_culoare-negru","12":"first","13":"instock","14":"sale","15":"purchasable","16":"product-type-simple"},"yoast_head":"<!-- This site is optimized with the Yoast SEO plugin v27.2 - https:\/\/yoast.com\/product\/yoast-seo-wordpress\/ -->\n<title>Adaptor Convertor HD38 de la VGA (D-Sub) + Audio la HDMI, Gonga\u00ae | ZOKO<\/title>\n<meta name=\"robots\" content=\"index, follow, max-snippet:-1, max-image-preview:large, max-video-preview:-1\" \/>\n<link rel=\"canonical\" href=\"https:\/\/www.zoko.ro\/en\/p\/adaptor-convertor-hd38-de-la-vga-d-sub-audio-la-hdmi-gonga\/\" \/>\n<meta property=\"og:locale\" content=\"en_GB\" \/>\n<meta property=\"og:type\" content=\"article\" \/>\n<meta property=\"og:title\" content=\"Adaptor Convertor HD38 de la VGA (D-Sub) + Audio la HDMI, Gonga\u00ae | ZOKO\" \/>\n<meta property=\"og:description\" content=\"Culoare: Negru Convertor \/ adaptor video \/ audio de \u00eenalt\u0103 calitate de la VGA (D-Sub) la HDMI. Adaptorul converte\u0219te semnalul\" \/>\n<meta property=\"og:url\" content=\"https:\/\/www.zoko.ro\/en\/p\/adaptor-convertor-hd38-de-la-vga-d-sub-audio-la-hdmi-gonga\/\" \/>\n<meta property=\"og:site_name\" content=\"ZOKO\" \/>\n<meta property=\"article:publisher\" content=\"https:\/\/www.facebook.com\/profile.php?id=61584344135075\" \/>\n<meta property=\"og:image\" content=\"https:\/\/www.zoko.ro\/wp-content\/uploads\/2025\/12\/adaptor-convertor-hd38-de-la-vga-d-sub-audio-la-hdmi-gonga.jpg\" \/>\n\t<meta property=\"og:image:width\" content=\"1200\" \/>\n\t<meta property=\"og:image:height\" content=\"982\" \/>\n\t<meta property=\"og:image:type\" content=\"image\/jpeg\" \/>\n<meta name=\"twitter:card\" content=\"summary_large_image\" \/>\n<meta name=\"twitter:label1\" content=\"Estimated reading time\" \/>\n\t<meta name=\"twitter:data1\" content=\"1 minute\" \/>\n<script type=\"application\/ld+json\" class=\"yoast-schema-graph\">{\"@context\":\"https:\/\/schema.org\",\"@graph\":[{\"@type\":\"WebPage\",\"@id\":\"https:\/\/www.zoko.ro\/p\/adaptor-convertor-hd38-de-la-vga-d-sub-audio-la-hdmi-gonga\/\",\"url\":\"https:\/\/www.zoko.ro\/p\/adaptor-convertor-hd38-de-la-vga-d-sub-audio-la-hdmi-gonga\/\",\"name\":\"Adaptor Convertor HD38 de la VGA (D-Sub) + Audio la HDMI, Gonga\u00ae | ZOKO\",\"isPartOf\":{\"@id\":\"https:\/\/www.zoko.ro\/#website\"},\"primaryImageOfPage\":{\"@id\":\"https:\/\/www.zoko.ro\/p\/adaptor-convertor-hd38-de-la-vga-d-sub-audio-la-hdmi-gonga\/#primaryimage\"},\"image\":{\"@id\":\"https:\/\/www.zoko.ro\/p\/adaptor-convertor-hd38-de-la-vga-d-sub-audio-la-hdmi-gonga\/#primaryimage\"},\"thumbnailUrl\":\"https:\/\/www.zoko.ro\/wp-content\/uploads\/2025\/12\/adaptor-convertor-hd38-de-la-vga-d-sub-audio-la-hdmi-gonga.jpg\",\"datePublished\":\"2026-04-28T21:30:31+00:00\",\"breadcrumb\":{\"@id\":\"https:\/\/www.zoko.ro\/p\/adaptor-convertor-hd38-de-la-vga-d-sub-audio-la-hdmi-gonga\/#breadcrumb\"},\"inLanguage\":\"en-GB\",\"potentialAction\":[{\"@type\":\"ReadAction\",\"target\":[\"https:\/\/www.zoko.ro\/p\/adaptor-convertor-hd38-de-la-vga-d-sub-audio-la-hdmi-gonga\/\"]}]},{\"@type\":\"ImageObject\",\"inLanguage\":\"en-GB\",\"@id\":\"https:\/\/www.zoko.ro\/p\/adaptor-convertor-hd38-de-la-vga-d-sub-audio-la-hdmi-gonga\/#primaryimage\",\"url\":\"https:\/\/www.zoko.ro\/wp-content\/uploads\/2025\/12\/adaptor-convertor-hd38-de-la-vga-d-sub-audio-la-hdmi-gonga.jpg\",\"contentUrl\":\"https:\/\/www.zoko.ro\/wp-content\/uploads\/2025\/12\/adaptor-convertor-hd38-de-la-vga-d-sub-audio-la-hdmi-gonga.jpg\",\"width\":1200,\"height\":982},{\"@type\":\"BreadcrumbList\",\"@id\":\"https:\/\/www.zoko.ro\/p\/adaptor-convertor-hd38-de-la-vga-d-sub-audio-la-hdmi-gonga\/#breadcrumb\",\"itemListElement\":[{\"@type\":\"ListItem\",\"position\":1,\"name\":\"Home\",\"item\":\"https:\/\/www.zoko.ro\/\"},{\"@type\":\"ListItem\",\"position\":2,\"name\":\"Magazin\",\"item\":\"https:\/\/www.zoko.ro\/magazin\/\"},{\"@type\":\"ListItem\",\"position\":3,\"name\":\"Adaptor Convertor HD38 de la VGA (D-Sub) + Audio la HDMI, Gonga\u00ae\"}]},{\"@type\":\"WebSite\",\"@id\":\"https:\/\/www.zoko.ro\/#website\",\"url\":\"https:\/\/www.zoko.ro\/\",\"name\":\"ZOKO.ro\",\"description\":\"Cump\u0103r\u0103 inteligent\",\"publisher\":{\"@id\":\"https:\/\/www.zoko.ro\/#organization\"},\"potentialAction\":[{\"@type\":\"SearchAction\",\"target\":{\"@type\":\"EntryPoint\",\"urlTemplate\":\"https:\/\/www.zoko.ro\/?s={search_term_string}\"},\"query-input\":{\"@type\":\"PropertyValueSpecification\",\"valueRequired\":true,\"valueName\":\"search_term_string\"}}],\"inLanguage\":\"en-GB\"},{\"@type\":\"Organization\",\"@id\":\"https:\/\/www.zoko.ro\/#organization\",\"name\":\"ZOKO\",\"url\":\"https:\/\/www.zoko.ro\/\",\"logo\":{\"@type\":\"ImageObject\",\"inLanguage\":\"en-GB\",\"@id\":\"https:\/\/www.zoko.ro\/#\/schema\/logo\/image\/\",\"url\":\"https:\/\/www.zoko.ro\/wp-content\/uploads\/2025\/03\/logo1.svg\",\"contentUrl\":\"https:\/\/www.zoko.ro\/wp-content\/uploads\/2025\/03\/logo1.svg\",\"width\":799,\"height\":216,\"caption\":\"ZOKO\"},\"image\":{\"@id\":\"https:\/\/www.zoko.ro\/#\/schema\/logo\/image\/\"},\"sameAs\":[\"https:\/\/www.facebook.com\/profile.php?id=61584344135075\"]}]}<\/script>\n<!-- \/ Yoast SEO plugin. -->","yoast_head_json":{"title":"Adaptor Convertor HD38 de la VGA (D-Sub) + Audio la HDMI, Gonga\u00ae | ZOKO","robots":{"index":"index","follow":"follow","max-snippet":"max-snippet:-1","max-image-preview":"max-image-preview:large","max-video-preview":"max-video-preview:-1"},"canonical":"https:\/\/www.zoko.ro\/en\/p\/adaptor-convertor-hd38-de-la-vga-d-sub-audio-la-hdmi-gonga\/","og_locale":"en_GB","og_type":"article","og_title":"Adaptor Convertor HD38 de la VGA (D-Sub) + Audio la HDMI, Gonga\u00ae | ZOKO","og_description":"Culoare: Negru Convertor \/ adaptor video \/ audio de \u00eenalt\u0103 calitate de la VGA (D-Sub) la HDMI. Adaptorul converte\u0219te semnalul","og_url":"https:\/\/www.zoko.ro\/en\/p\/adaptor-convertor-hd38-de-la-vga-d-sub-audio-la-hdmi-gonga\/","og_site_name":"ZOKO","article_publisher":"https:\/\/www.facebook.com\/profile.php?id=61584344135075","og_image":[{"width":1200,"height":982,"url":"https:\/\/www.zoko.ro\/wp-content\/uploads\/2025\/12\/adaptor-convertor-hd38-de-la-vga-d-sub-audio-la-hdmi-gonga.jpg","type":"image\/jpeg"}],"twitter_card":"summary_large_image","twitter_misc":{"Estimated reading time":"1 minute"},"schema":{"@context":"https:\/\/schema.org","@graph":[{"@type":"WebPage","@id":"https:\/\/www.zoko.ro\/p\/adaptor-convertor-hd38-de-la-vga-d-sub-audio-la-hdmi-gonga\/","url":"https:\/\/www.zoko.ro\/p\/adaptor-convertor-hd38-de-la-vga-d-sub-audio-la-hdmi-gonga\/","name":"Adaptor Convertor HD38 de la VGA (D-Sub) + Audio la HDMI, Gonga\u00ae | ZOKO","isPartOf":{"@id":"https:\/\/www.zoko.ro\/#website"},"primaryImageOfPage":{"@id":"https:\/\/www.zoko.ro\/p\/adaptor-convertor-hd38-de-la-vga-d-sub-audio-la-hdmi-gonga\/#primaryimage"},"image":{"@id":"https:\/\/www.zoko.ro\/p\/adaptor-convertor-hd38-de-la-vga-d-sub-audio-la-hdmi-gonga\/#primaryimage"},"thumbnailUrl":"https:\/\/www.zoko.ro\/wp-content\/uploads\/2025\/12\/adaptor-convertor-hd38-de-la-vga-d-sub-audio-la-hdmi-gonga.jpg","datePublished":"2026-04-28T21:30:31+00:00","breadcrumb":{"@id":"https:\/\/www.zoko.ro\/p\/adaptor-convertor-hd38-de-la-vga-d-sub-audio-la-hdmi-gonga\/#breadcrumb"},"inLanguage":"en-GB","potentialAction":[{"@type":"ReadAction","target":["https:\/\/www.zoko.ro\/p\/adaptor-convertor-hd38-de-la-vga-d-sub-audio-la-hdmi-gonga\/"]}]},{"@type":"ImageObject","inLanguage":"en-GB","@id":"https:\/\/www.zoko.ro\/p\/adaptor-convertor-hd38-de-la-vga-d-sub-audio-la-hdmi-gonga\/#primaryimage","url":"https:\/\/www.zoko.ro\/wp-content\/uploads\/2025\/12\/adaptor-convertor-hd38-de-la-vga-d-sub-audio-la-hdmi-gonga.jpg","contentUrl":"https:\/\/www.zoko.ro\/wp-content\/uploads\/2025\/12\/adaptor-convertor-hd38-de-la-vga-d-sub-audio-la-hdmi-gonga.jpg","width":1200,"height":982},{"@type":"BreadcrumbList","@id":"https:\/\/www.zoko.ro\/p\/adaptor-convertor-hd38-de-la-vga-d-sub-audio-la-hdmi-gonga\/#breadcrumb","itemListElement":[{"@type":"ListItem","position":1,"name":"Home","item":"https:\/\/www.zoko.ro\/"},{"@type":"ListItem","position":2,"name":"Magazin","item":"https:\/\/www.zoko.ro\/magazin\/"},{"@type":"ListItem","position":3,"name":"Adaptor Convertor HD38 de la VGA (D-Sub) + Audio la HDMI, Gonga\u00ae"}]},{"@type":"WebSite","@id":"https:\/\/www.zoko.ro\/#website","url":"https:\/\/www.zoko.ro\/","name":"ZOKO.ro","description":"Cump\u0103r\u0103 inteligent","publisher":{"@id":"https:\/\/www.zoko.ro\/#organization"},"potentialAction":[{"@type":"SearchAction","target":{"@type":"EntryPoint","urlTemplate":"https:\/\/www.zoko.ro\/?s={search_term_string}"},"query-input":{"@type":"PropertyValueSpecification","valueRequired":true,"valueName":"search_term_string"}}],"inLanguage":"en-GB"},{"@type":"Organization","@id":"https:\/\/www.zoko.ro\/#organization","name":"ZOKO","url":"https:\/\/www.zoko.ro\/","logo":{"@type":"ImageObject","inLanguage":"en-GB","@id":"https:\/\/www.zoko.ro\/#\/schema\/logo\/image\/","url":"https:\/\/www.zoko.ro\/wp-content\/uploads\/2025\/03\/logo1.svg","contentUrl":"https:\/\/www.zoko.ro\/wp-content\/uploads\/2025\/03\/logo1.svg","width":799,"height":216,"caption":"ZOKO"},"image":{"@id":"https:\/\/www.zoko.ro\/#\/schema\/logo\/image\/"},"sameAs":["https:\/\/www.facebook.com\/profile.php?id=61584344135075"]}]}},"_links":{"self":[{"href":"https:\/\/www.zoko.ro\/en\/wp-json\/wp\/v2\/product\/30952","targetHints":{"allow":["GET"]}}],"collection":[{"href":"https:\/\/www.zoko.ro\/en\/wp-json\/wp\/v2\/product"}],"about":[{"href":"https:\/\/www.zoko.ro\/en\/wp-json\/wp\/v2\/types\/product"}],"replies":[{"embeddable":true,"href":"https:\/\/www.zoko.ro\/en\/wp-json\/wp\/v2\/comments?post=30952"}],"version-history":[{"count":1,"href":"https:\/\/www.zoko.ro\/en\/wp-json\/wp\/v2\/product\/30952\/revisions"}],"predecessor-version":[{"id":38047,"href":"https:\/\/www.zoko.ro\/en\/wp-json\/wp\/v2\/product\/30952\/revisions\/38047"}],"wp:featuredmedia":[{"embeddable":true,"href":"https:\/\/www.zoko.ro\/en\/wp-json\/wp\/v2\/media\/30953"}],"wp:attachment":[{"href":"https:\/\/www.zoko.ro\/en\/wp-json\/wp\/v2\/media?parent=30952"}],"wp:term":[{"taxonomy":"product_brand","embeddable":true,"href":"https:\/\/www.zoko.ro\/en\/wp-json\/wp\/v2\/product_brand?post=30952"},{"taxonomy":"product_cat","embeddable":true,"href":"https:\/\/www.zoko.ro\/en\/wp-json\/wp\/v2\/product_cat?post=30952"},{"taxonomy":"product_tag","embeddable":true,"href":"https:\/\/www.zoko.ro\/en\/wp-json\/wp\/v2\/product_tag?post=30952"}],"curies":[{"name":"wp","href":"https:\/\/api.w.org\/{rel}","templated":true}]}}