{"id":30984,"date":"2026-04-28T23:30:35","date_gmt":"2026-04-28T21:30:35","guid":{"rendered":"https:\/\/www.zoko.ro\/p\/proiector-in-forma-de-astronaut-permite-proiectarea-stelelor-sau-galaxiilor-gonga\/"},"modified":"2026-04-28T23:30:35","modified_gmt":"2026-04-28T21:30:35","slug":"proiector-in-forma-de-astronaut-permite-proiectarea-stelelor-sau-galaxiilor-gonga","status":"publish","type":"product","link":"https:\/\/www.zoko.ro\/en\/p\/proiector-in-forma-de-astronaut-permite-proiectarea-stelelor-sau-galaxiilor-gonga\/","title":{"rendered":"Proiector in forma de astronaut, permite proiectarea stelelor sau galaxiilor, Gonga\u00ae"},"content":{"rendered":"<p><strong>Culoare:<\/strong> Alb<\/p>\n<p>Proiector neobi\u0219nuit cu stea LED \u00een form\u0103 de astronaut. Laserul \u00eencorporat permite proiectarea stelelor sau galaxiilor \u00een p\u00e2n\u0103 la 8 moduri. Capul rotativ (360 de grade) v\u0103 permite s\u0103 proiecta\u021bi proiec\u021bia \u00eentr-un plan larg \u0219i cu o raz\u0103 lung\u0103 de ac\u021biune. Luminozitatea LED-urilor, precum \u0219i viteza de rota\u021bie \u0219i timpul de func\u021bionare pot fi reglate. Telecomanda IR convenabil\u0103 faciliteaz\u0103 pozi\u021bionarea proiectorului de la distan\u021b\u0103. Designul atractiv \u0219i multe op\u021biuni de setare \u00eel fac cadou perfect pentru un copil.<\/p>\n<\/p>\n<p>Caracteristicile produsului:<\/p>\n<\/p>\n<p>&#8211; Proiector neobi\u0219nuit cu stea LED \u00een form\u0103 de astronaut.<\/p>\n<p>&#8211; Laserul cu raz\u0103 lung\u0103 de ac\u021biune \u00eencorporat permite proiectarea stelelor sau galaxiilor.<\/p>\n<p>&#8211; Are p\u00e2n\u0103 la 8 moduri de operare diferite.<\/p>\n<p>&#8211; Cap rotativ \u00eentr-un plan larg (360 de grade).<\/p>\n<p>&#8211; Luminozitatea LED-urilor, precum \u0219i viteza de rota\u021bie \u0219i timpul de func\u021bionare pot fi reglate.<\/p>\n<p>&#8211; Telecomand\u0103 IR convenabil\u0103 (raz\u0103 de p\u00e2n\u0103 la 5 metri).<\/p>\n<p>&#8211; Va fi, de asemenea, un cadou grozav pentru copii \u0219i adul\u021bi.<\/p>\n<\/p>\n<p>Specifica\u021bie:<\/p>\n<\/p>\n<p>&#8211; Material: plastic<\/p>\n<p>&#8211; Alimentare: USB 5V<\/p>\n<p>&#8211; Putere: 5W<\/p>\n<p>&#8211; Rota\u021bie: 360 de grade<\/p>\n<p>&#8211; Lungime de und\u0103 laser: 532 nm<\/p>\n<p>&#8211; Telecomanda IR<\/p>\n<p>&#8211; Raza de ac\u021biune a telecomenzii: p\u00e2n\u0103 la 5 m<\/p>\n<p>&#8211; 8 moduri de proiec\u021bie (fix, mixt, cer \u00eenstelat, proiec\u021bie galaxie etc.)<\/p>\n<p>&#8211; Controlul luminozit\u0103\u021bii LED (40% \/ 70% \/ 100%)<\/p>\n<p>&#8211; Controlul vitezei de rota\u021bie (f\u0103r\u0103 mi\u0219care \/ lent \/ mediu \/ rapid)<\/p>\n<p>&#8211; Reglarea timpului de func\u021bionare (45 min \/ 90 min \/ non-stop)<\/p>\n<p>&#8211; Inaltime: 24,5 cm<\/p>\n<p>&#8211; Latime: 12,3 cm<\/p>\n<p>&#8211; Ad\u00e2ncime: 11,5 cm<\/p>","protected":false},"excerpt":{"rendered":"<p>Culoare: Alb Proiector neobi\u0219nuit cu stea LED \u00een form\u0103 de astronaut. Laserul \u00eencorporat permite proiectarea stelelor sau galaxiilor \u00een p\u00e2n\u0103<\/p>","protected":false},"featured_media":30985,"comment_status":"open","ping_status":"open","template":"","meta":[],"product_brand":[],"product_cat":[99,379,333],"product_tag":[104],"class_list":{"0":"post-30984","1":"product","2":"type-product","3":"status-publish","4":"has-post-thumbnail","6":"product_cat-acasa","7":"product_cat-camera-copilului","8":"product_cat-jucarii","9":"product_tag-in-stoc","10":"pa_culoare-alb","12":"first","13":"instock","14":"sale","15":"purchasable","16":"product-type-simple"},"yoast_head":"<!-- This site is optimized with the Yoast SEO plugin v27.2 - https:\/\/yoast.com\/product\/yoast-seo-wordpress\/ -->\n<title>Proiector in forma de astronaut, permite proiectarea stelelor sau galaxiilor, Gonga\u00ae | ZOKO<\/title>\n<meta name=\"robots\" content=\"index, follow, max-snippet:-1, max-image-preview:large, max-video-preview:-1\" \/>\n<link rel=\"canonical\" href=\"https:\/\/www.zoko.ro\/en\/p\/proiector-in-forma-de-astronaut-permite-proiectarea-stelelor-sau-galaxiilor-gonga\/\" \/>\n<meta property=\"og:locale\" content=\"en_GB\" \/>\n<meta property=\"og:type\" content=\"article\" \/>\n<meta property=\"og:title\" content=\"Proiector in forma de astronaut, permite proiectarea stelelor sau galaxiilor, Gonga\u00ae | ZOKO\" \/>\n<meta property=\"og:description\" content=\"Culoare: Alb Proiector neobi\u0219nuit cu stea LED \u00een form\u0103 de astronaut. Laserul \u00eencorporat permite proiectarea stelelor sau galaxiilor \u00een p\u00e2n\u0103\" \/>\n<meta property=\"og:url\" content=\"https:\/\/www.zoko.ro\/en\/p\/proiector-in-forma-de-astronaut-permite-proiectarea-stelelor-sau-galaxiilor-gonga\/\" \/>\n<meta property=\"og:site_name\" content=\"ZOKO\" \/>\n<meta property=\"article:publisher\" content=\"https:\/\/www.facebook.com\/profile.php?id=61584344135075\" \/>\n<meta property=\"og:image\" content=\"https:\/\/www.zoko.ro\/wp-content\/uploads\/2025\/12\/proiector-in-forma-de-astronaut-permite-proiectarea-stelelor-sau-galaxiilor-gonga.jpg\" \/>\n\t<meta property=\"og:image:width\" content=\"870\" \/>\n\t<meta property=\"og:image:height\" content=\"1200\" \/>\n\t<meta property=\"og:image:type\" content=\"image\/jpeg\" \/>\n<meta name=\"twitter:card\" content=\"summary_large_image\" \/>\n<meta name=\"twitter:label1\" content=\"Estimated reading time\" \/>\n\t<meta name=\"twitter:data1\" content=\"1 minute\" \/>\n<script type=\"application\/ld+json\" class=\"yoast-schema-graph\">{\"@context\":\"https:\/\/schema.org\",\"@graph\":[{\"@type\":\"WebPage\",\"@id\":\"https:\/\/www.zoko.ro\/p\/proiector-in-forma-de-astronaut-permite-proiectarea-stelelor-sau-galaxiilor-gonga\/\",\"url\":\"https:\/\/www.zoko.ro\/p\/proiector-in-forma-de-astronaut-permite-proiectarea-stelelor-sau-galaxiilor-gonga\/\",\"name\":\"Proiector in forma de astronaut, permite proiectarea stelelor sau galaxiilor, Gonga\u00ae | ZOKO\",\"isPartOf\":{\"@id\":\"https:\/\/www.zoko.ro\/#website\"},\"primaryImageOfPage\":{\"@id\":\"https:\/\/www.zoko.ro\/p\/proiector-in-forma-de-astronaut-permite-proiectarea-stelelor-sau-galaxiilor-gonga\/#primaryimage\"},\"image\":{\"@id\":\"https:\/\/www.zoko.ro\/p\/proiector-in-forma-de-astronaut-permite-proiectarea-stelelor-sau-galaxiilor-gonga\/#primaryimage\"},\"thumbnailUrl\":\"https:\/\/www.zoko.ro\/wp-content\/uploads\/2025\/12\/proiector-in-forma-de-astronaut-permite-proiectarea-stelelor-sau-galaxiilor-gonga.jpg\",\"datePublished\":\"2026-04-28T21:30:35+00:00\",\"breadcrumb\":{\"@id\":\"https:\/\/www.zoko.ro\/p\/proiector-in-forma-de-astronaut-permite-proiectarea-stelelor-sau-galaxiilor-gonga\/#breadcrumb\"},\"inLanguage\":\"en-GB\",\"potentialAction\":[{\"@type\":\"ReadAction\",\"target\":[\"https:\/\/www.zoko.ro\/p\/proiector-in-forma-de-astronaut-permite-proiectarea-stelelor-sau-galaxiilor-gonga\/\"]}]},{\"@type\":\"ImageObject\",\"inLanguage\":\"en-GB\",\"@id\":\"https:\/\/www.zoko.ro\/p\/proiector-in-forma-de-astronaut-permite-proiectarea-stelelor-sau-galaxiilor-gonga\/#primaryimage\",\"url\":\"https:\/\/www.zoko.ro\/wp-content\/uploads\/2025\/12\/proiector-in-forma-de-astronaut-permite-proiectarea-stelelor-sau-galaxiilor-gonga.jpg\",\"contentUrl\":\"https:\/\/www.zoko.ro\/wp-content\/uploads\/2025\/12\/proiector-in-forma-de-astronaut-permite-proiectarea-stelelor-sau-galaxiilor-gonga.jpg\",\"width\":870,\"height\":1200},{\"@type\":\"BreadcrumbList\",\"@id\":\"https:\/\/www.zoko.ro\/p\/proiector-in-forma-de-astronaut-permite-proiectarea-stelelor-sau-galaxiilor-gonga\/#breadcrumb\",\"itemListElement\":[{\"@type\":\"ListItem\",\"position\":1,\"name\":\"Home\",\"item\":\"https:\/\/www.zoko.ro\/\"},{\"@type\":\"ListItem\",\"position\":2,\"name\":\"Magazin\",\"item\":\"https:\/\/www.zoko.ro\/magazin\/\"},{\"@type\":\"ListItem\",\"position\":3,\"name\":\"Proiector in forma de astronaut, permite proiectarea stelelor sau galaxiilor, Gonga\u00ae\"}]},{\"@type\":\"WebSite\",\"@id\":\"https:\/\/www.zoko.ro\/#website\",\"url\":\"https:\/\/www.zoko.ro\/\",\"name\":\"ZOKO.ro\",\"description\":\"Cump\u0103r\u0103 inteligent\",\"publisher\":{\"@id\":\"https:\/\/www.zoko.ro\/#organization\"},\"potentialAction\":[{\"@type\":\"SearchAction\",\"target\":{\"@type\":\"EntryPoint\",\"urlTemplate\":\"https:\/\/www.zoko.ro\/?s={search_term_string}\"},\"query-input\":{\"@type\":\"PropertyValueSpecification\",\"valueRequired\":true,\"valueName\":\"search_term_string\"}}],\"inLanguage\":\"en-GB\"},{\"@type\":\"Organization\",\"@id\":\"https:\/\/www.zoko.ro\/#organization\",\"name\":\"ZOKO\",\"url\":\"https:\/\/www.zoko.ro\/\",\"logo\":{\"@type\":\"ImageObject\",\"inLanguage\":\"en-GB\",\"@id\":\"https:\/\/www.zoko.ro\/#\/schema\/logo\/image\/\",\"url\":\"https:\/\/www.zoko.ro\/wp-content\/uploads\/2025\/03\/logo1.svg\",\"contentUrl\":\"https:\/\/www.zoko.ro\/wp-content\/uploads\/2025\/03\/logo1.svg\",\"width\":799,\"height\":216,\"caption\":\"ZOKO\"},\"image\":{\"@id\":\"https:\/\/www.zoko.ro\/#\/schema\/logo\/image\/\"},\"sameAs\":[\"https:\/\/www.facebook.com\/profile.php?id=61584344135075\"]}]}<\/script>\n<!-- \/ Yoast SEO plugin. -->","yoast_head_json":{"title":"Proiector in forma de astronaut, permite proiectarea stelelor sau galaxiilor, Gonga\u00ae | ZOKO","robots":{"index":"index","follow":"follow","max-snippet":"max-snippet:-1","max-image-preview":"max-image-preview:large","max-video-preview":"max-video-preview:-1"},"canonical":"https:\/\/www.zoko.ro\/en\/p\/proiector-in-forma-de-astronaut-permite-proiectarea-stelelor-sau-galaxiilor-gonga\/","og_locale":"en_GB","og_type":"article","og_title":"Proiector in forma de astronaut, permite proiectarea stelelor sau galaxiilor, Gonga\u00ae | ZOKO","og_description":"Culoare: Alb Proiector neobi\u0219nuit cu stea LED \u00een form\u0103 de astronaut. Laserul \u00eencorporat permite proiectarea stelelor sau galaxiilor \u00een p\u00e2n\u0103","og_url":"https:\/\/www.zoko.ro\/en\/p\/proiector-in-forma-de-astronaut-permite-proiectarea-stelelor-sau-galaxiilor-gonga\/","og_site_name":"ZOKO","article_publisher":"https:\/\/www.facebook.com\/profile.php?id=61584344135075","og_image":[{"width":870,"height":1200,"url":"https:\/\/www.zoko.ro\/wp-content\/uploads\/2025\/12\/proiector-in-forma-de-astronaut-permite-proiectarea-stelelor-sau-galaxiilor-gonga.jpg","type":"image\/jpeg"}],"twitter_card":"summary_large_image","twitter_misc":{"Estimated reading time":"1 minute"},"schema":{"@context":"https:\/\/schema.org","@graph":[{"@type":"WebPage","@id":"https:\/\/www.zoko.ro\/p\/proiector-in-forma-de-astronaut-permite-proiectarea-stelelor-sau-galaxiilor-gonga\/","url":"https:\/\/www.zoko.ro\/p\/proiector-in-forma-de-astronaut-permite-proiectarea-stelelor-sau-galaxiilor-gonga\/","name":"Proiector in forma de astronaut, permite proiectarea stelelor sau galaxiilor, Gonga\u00ae | ZOKO","isPartOf":{"@id":"https:\/\/www.zoko.ro\/#website"},"primaryImageOfPage":{"@id":"https:\/\/www.zoko.ro\/p\/proiector-in-forma-de-astronaut-permite-proiectarea-stelelor-sau-galaxiilor-gonga\/#primaryimage"},"image":{"@id":"https:\/\/www.zoko.ro\/p\/proiector-in-forma-de-astronaut-permite-proiectarea-stelelor-sau-galaxiilor-gonga\/#primaryimage"},"thumbnailUrl":"https:\/\/www.zoko.ro\/wp-content\/uploads\/2025\/12\/proiector-in-forma-de-astronaut-permite-proiectarea-stelelor-sau-galaxiilor-gonga.jpg","datePublished":"2026-04-28T21:30:35+00:00","breadcrumb":{"@id":"https:\/\/www.zoko.ro\/p\/proiector-in-forma-de-astronaut-permite-proiectarea-stelelor-sau-galaxiilor-gonga\/#breadcrumb"},"inLanguage":"en-GB","potentialAction":[{"@type":"ReadAction","target":["https:\/\/www.zoko.ro\/p\/proiector-in-forma-de-astronaut-permite-proiectarea-stelelor-sau-galaxiilor-gonga\/"]}]},{"@type":"ImageObject","inLanguage":"en-GB","@id":"https:\/\/www.zoko.ro\/p\/proiector-in-forma-de-astronaut-permite-proiectarea-stelelor-sau-galaxiilor-gonga\/#primaryimage","url":"https:\/\/www.zoko.ro\/wp-content\/uploads\/2025\/12\/proiector-in-forma-de-astronaut-permite-proiectarea-stelelor-sau-galaxiilor-gonga.jpg","contentUrl":"https:\/\/www.zoko.ro\/wp-content\/uploads\/2025\/12\/proiector-in-forma-de-astronaut-permite-proiectarea-stelelor-sau-galaxiilor-gonga.jpg","width":870,"height":1200},{"@type":"BreadcrumbList","@id":"https:\/\/www.zoko.ro\/p\/proiector-in-forma-de-astronaut-permite-proiectarea-stelelor-sau-galaxiilor-gonga\/#breadcrumb","itemListElement":[{"@type":"ListItem","position":1,"name":"Home","item":"https:\/\/www.zoko.ro\/"},{"@type":"ListItem","position":2,"name":"Magazin","item":"https:\/\/www.zoko.ro\/magazin\/"},{"@type":"ListItem","position":3,"name":"Proiector in forma de astronaut, permite proiectarea stelelor sau galaxiilor, Gonga\u00ae"}]},{"@type":"WebSite","@id":"https:\/\/www.zoko.ro\/#website","url":"https:\/\/www.zoko.ro\/","name":"ZOKO.ro","description":"Cump\u0103r\u0103 inteligent","publisher":{"@id":"https:\/\/www.zoko.ro\/#organization"},"potentialAction":[{"@type":"SearchAction","target":{"@type":"EntryPoint","urlTemplate":"https:\/\/www.zoko.ro\/?s={search_term_string}"},"query-input":{"@type":"PropertyValueSpecification","valueRequired":true,"valueName":"search_term_string"}}],"inLanguage":"en-GB"},{"@type":"Organization","@id":"https:\/\/www.zoko.ro\/#organization","name":"ZOKO","url":"https:\/\/www.zoko.ro\/","logo":{"@type":"ImageObject","inLanguage":"en-GB","@id":"https:\/\/www.zoko.ro\/#\/schema\/logo\/image\/","url":"https:\/\/www.zoko.ro\/wp-content\/uploads\/2025\/03\/logo1.svg","contentUrl":"https:\/\/www.zoko.ro\/wp-content\/uploads\/2025\/03\/logo1.svg","width":799,"height":216,"caption":"ZOKO"},"image":{"@id":"https:\/\/www.zoko.ro\/#\/schema\/logo\/image\/"},"sameAs":["https:\/\/www.facebook.com\/profile.php?id=61584344135075"]}]}},"_links":{"self":[{"href":"https:\/\/www.zoko.ro\/en\/wp-json\/wp\/v2\/product\/30984","targetHints":{"allow":["GET"]}}],"collection":[{"href":"https:\/\/www.zoko.ro\/en\/wp-json\/wp\/v2\/product"}],"about":[{"href":"https:\/\/www.zoko.ro\/en\/wp-json\/wp\/v2\/types\/product"}],"replies":[{"embeddable":true,"href":"https:\/\/www.zoko.ro\/en\/wp-json\/wp\/v2\/comments?post=30984"}],"version-history":[{"count":1,"href":"https:\/\/www.zoko.ro\/en\/wp-json\/wp\/v2\/product\/30984\/revisions"}],"predecessor-version":[{"id":38053,"href":"https:\/\/www.zoko.ro\/en\/wp-json\/wp\/v2\/product\/30984\/revisions\/38053"}],"wp:featuredmedia":[{"embeddable":true,"href":"https:\/\/www.zoko.ro\/en\/wp-json\/wp\/v2\/media\/30985"}],"wp:attachment":[{"href":"https:\/\/www.zoko.ro\/en\/wp-json\/wp\/v2\/media?parent=30984"}],"wp:term":[{"taxonomy":"product_brand","embeddable":true,"href":"https:\/\/www.zoko.ro\/en\/wp-json\/wp\/v2\/product_brand?post=30984"},{"taxonomy":"product_cat","embeddable":true,"href":"https:\/\/www.zoko.ro\/en\/wp-json\/wp\/v2\/product_cat?post=30984"},{"taxonomy":"product_tag","embeddable":true,"href":"https:\/\/www.zoko.ro\/en\/wp-json\/wp\/v2\/product_tag?post=30984"}],"curies":[{"name":"wp","href":"https:\/\/api.w.org\/{rel}","templated":true}]}}