{"id":30994,"date":"2026-04-28T23:30:37","date_gmt":"2026-04-28T21:30:37","guid":{"rendered":"https:\/\/www.zoko.ro\/p\/jucarie-pisici-din-pene-cu-undita-si-mulineta-gonga\/"},"modified":"2026-04-28T23:30:37","modified_gmt":"2026-04-28T21:30:37","slug":"jucarie-pisici-din-pene-cu-undita-si-mulineta-gonga","status":"publish","type":"product","link":"https:\/\/www.zoko.ro\/en\/p\/jucarie-pisici-din-pene-cu-undita-si-mulineta-gonga\/","title":{"rendered":"Jucarie pisici din pene cu undi\u021b\u0103 si mulinet\u0103, Gonga\u00ae"},"content":{"rendered":"<p><strong>Culoare:<\/strong> Multicolor<\/p>\n<p>O juc\u0103rie grozav\u0103 pentru o pisic\u0103 &#8211; o undi\u021b\u0103 cu mulinet\u0103. La cap\u0103tul firului era ata\u0219at\u0103 o juc\u0103rie cu pene care imit\u0103 zborul unei p\u0103s\u0103ri. Datorit\u0103 folosirii unui telescop, tija se extinde p\u00e2n\u0103 la o lungime maxim\u0103 de 75 cm, ceea ce face \u00een plus \u201ev\u00e2n\u0103toarea\u201d pisicii mai atractiv\u0103. Ofer\u0103 mult\u0103 bucurie ore lungi pentru animalul nostru de companie (\u0219i un moment de r\u0103gaz pentru proprietar \ud83d\ude42<\/p>\n<\/p>\n<p>Caracteristicile \u0219i specifica\u021biile produsului:<\/p>\n<\/p>\n<p>&#8211; O tij\u0103 echipat\u0103 cu mulinet\u0103.<\/p>\n<p>&#8211; Lungime reglabila a tijei cu telescop incorporat.<\/p>\n<p>&#8211; La cap\u0103tul firului este ata\u0219at\u0103 o juc\u0103rie cu pene.<\/p>\n<p>&#8211; \u00cen timp ce se joac\u0103, penele imit\u0103 zborul unei p\u0103s\u0103ri, satisfac\u00e2nd instinctul de v\u00e2n\u0103tor al pisicii \ud83d\ude42<\/p>\n<p>&#8211; Fabricat din materiale rezistente si durabile, si in acelasi timp foarte usoare.<\/p>\n<p>&#8211; Este foarte rezistent la deteriorare.<\/p>\n<p>&#8211; Material: plastic + metal<\/p>\n<p>&#8211; Lungime (reglabila): de la 41 cm la 75 cm<\/p>","protected":false},"excerpt":{"rendered":"<p>Culoare: Multicolor O juc\u0103rie grozav\u0103 pentru o pisic\u0103 &#8211; o undi\u021b\u0103 cu mulinet\u0103. La cap\u0103tul firului era ata\u0219at\u0103 o juc\u0103rie<\/p>","protected":false},"featured_media":30995,"comment_status":"open","ping_status":"open","template":"","meta":[],"product_brand":[],"product_cat":[99,369,346],"product_tag":[104],"class_list":{"0":"post-30994","1":"product","2":"type-product","3":"status-publish","4":"has-post-thumbnail","6":"product_cat-acasa","7":"product_cat-jucarii-animale","8":"product_cat-petshop","9":"product_tag-in-stoc","10":"pa_culoare-multicolor","12":"first","13":"instock","14":"sale","15":"purchasable","16":"product-type-simple"},"yoast_head":"<!-- This site is optimized with the Yoast SEO plugin v27.2 - https:\/\/yoast.com\/product\/yoast-seo-wordpress\/ -->\n<title>Jucarie pisici din pene cu undi\u021b\u0103 si mulinet\u0103, Gonga\u00ae | ZOKO<\/title>\n<meta name=\"robots\" content=\"index, follow, max-snippet:-1, max-image-preview:large, max-video-preview:-1\" \/>\n<link rel=\"canonical\" href=\"https:\/\/www.zoko.ro\/en\/p\/jucarie-pisici-din-pene-cu-undita-si-mulineta-gonga\/\" \/>\n<meta property=\"og:locale\" content=\"en_GB\" \/>\n<meta property=\"og:type\" content=\"article\" \/>\n<meta property=\"og:title\" content=\"Jucarie pisici din pene cu undi\u021b\u0103 si mulinet\u0103, Gonga\u00ae | ZOKO\" \/>\n<meta property=\"og:description\" content=\"Culoare: Multicolor O juc\u0103rie grozav\u0103 pentru o pisic\u0103 &#8211; o undi\u021b\u0103 cu mulinet\u0103. La cap\u0103tul firului era ata\u0219at\u0103 o juc\u0103rie\" \/>\n<meta property=\"og:url\" content=\"https:\/\/www.zoko.ro\/en\/p\/jucarie-pisici-din-pene-cu-undita-si-mulineta-gonga\/\" \/>\n<meta property=\"og:site_name\" content=\"ZOKO\" \/>\n<meta property=\"article:publisher\" content=\"https:\/\/www.facebook.com\/profile.php?id=61584344135075\" \/>\n<meta property=\"og:image\" content=\"https:\/\/www.zoko.ro\/wp-content\/uploads\/2025\/12\/jucarie-pisici-din-pene-cu-undia-si-mulineta-gonga.jpg\" \/>\n\t<meta property=\"og:image:width\" content=\"1200\" \/>\n\t<meta property=\"og:image:height\" content=\"988\" \/>\n\t<meta property=\"og:image:type\" content=\"image\/jpeg\" \/>\n<meta name=\"twitter:card\" content=\"summary_large_image\" \/>\n<meta name=\"twitter:label1\" content=\"Estimated reading time\" \/>\n\t<meta name=\"twitter:data1\" content=\"1 minute\" \/>\n<script type=\"application\/ld+json\" class=\"yoast-schema-graph\">{\"@context\":\"https:\/\/schema.org\",\"@graph\":[{\"@type\":\"WebPage\",\"@id\":\"https:\/\/www.zoko.ro\/p\/jucarie-pisici-din-pene-cu-undita-si-mulineta-gonga\/\",\"url\":\"https:\/\/www.zoko.ro\/p\/jucarie-pisici-din-pene-cu-undita-si-mulineta-gonga\/\",\"name\":\"Jucarie pisici din pene cu undi\u021b\u0103 si mulinet\u0103, Gonga\u00ae | ZOKO\",\"isPartOf\":{\"@id\":\"https:\/\/www.zoko.ro\/#website\"},\"primaryImageOfPage\":{\"@id\":\"https:\/\/www.zoko.ro\/p\/jucarie-pisici-din-pene-cu-undita-si-mulineta-gonga\/#primaryimage\"},\"image\":{\"@id\":\"https:\/\/www.zoko.ro\/p\/jucarie-pisici-din-pene-cu-undita-si-mulineta-gonga\/#primaryimage\"},\"thumbnailUrl\":\"https:\/\/www.zoko.ro\/wp-content\/uploads\/2025\/12\/jucarie-pisici-din-pene-cu-undia-si-mulineta-gonga.jpg\",\"datePublished\":\"2026-04-28T21:30:37+00:00\",\"breadcrumb\":{\"@id\":\"https:\/\/www.zoko.ro\/p\/jucarie-pisici-din-pene-cu-undita-si-mulineta-gonga\/#breadcrumb\"},\"inLanguage\":\"en-GB\",\"potentialAction\":[{\"@type\":\"ReadAction\",\"target\":[\"https:\/\/www.zoko.ro\/p\/jucarie-pisici-din-pene-cu-undita-si-mulineta-gonga\/\"]}]},{\"@type\":\"ImageObject\",\"inLanguage\":\"en-GB\",\"@id\":\"https:\/\/www.zoko.ro\/p\/jucarie-pisici-din-pene-cu-undita-si-mulineta-gonga\/#primaryimage\",\"url\":\"https:\/\/www.zoko.ro\/wp-content\/uploads\/2025\/12\/jucarie-pisici-din-pene-cu-undia-si-mulineta-gonga.jpg\",\"contentUrl\":\"https:\/\/www.zoko.ro\/wp-content\/uploads\/2025\/12\/jucarie-pisici-din-pene-cu-undia-si-mulineta-gonga.jpg\",\"width\":1200,\"height\":988},{\"@type\":\"BreadcrumbList\",\"@id\":\"https:\/\/www.zoko.ro\/p\/jucarie-pisici-din-pene-cu-undita-si-mulineta-gonga\/#breadcrumb\",\"itemListElement\":[{\"@type\":\"ListItem\",\"position\":1,\"name\":\"Home\",\"item\":\"https:\/\/www.zoko.ro\/\"},{\"@type\":\"ListItem\",\"position\":2,\"name\":\"Magazin\",\"item\":\"https:\/\/www.zoko.ro\/magazin\/\"},{\"@type\":\"ListItem\",\"position\":3,\"name\":\"Jucarie pisici din pene cu undi\u021b\u0103 si mulinet\u0103, Gonga\u00ae\"}]},{\"@type\":\"WebSite\",\"@id\":\"https:\/\/www.zoko.ro\/#website\",\"url\":\"https:\/\/www.zoko.ro\/\",\"name\":\"ZOKO.ro\",\"description\":\"Cump\u0103r\u0103 inteligent\",\"publisher\":{\"@id\":\"https:\/\/www.zoko.ro\/#organization\"},\"potentialAction\":[{\"@type\":\"SearchAction\",\"target\":{\"@type\":\"EntryPoint\",\"urlTemplate\":\"https:\/\/www.zoko.ro\/?s={search_term_string}\"},\"query-input\":{\"@type\":\"PropertyValueSpecification\",\"valueRequired\":true,\"valueName\":\"search_term_string\"}}],\"inLanguage\":\"en-GB\"},{\"@type\":\"Organization\",\"@id\":\"https:\/\/www.zoko.ro\/#organization\",\"name\":\"ZOKO\",\"url\":\"https:\/\/www.zoko.ro\/\",\"logo\":{\"@type\":\"ImageObject\",\"inLanguage\":\"en-GB\",\"@id\":\"https:\/\/www.zoko.ro\/#\/schema\/logo\/image\/\",\"url\":\"https:\/\/www.zoko.ro\/wp-content\/uploads\/2025\/03\/logo1.svg\",\"contentUrl\":\"https:\/\/www.zoko.ro\/wp-content\/uploads\/2025\/03\/logo1.svg\",\"width\":799,\"height\":216,\"caption\":\"ZOKO\"},\"image\":{\"@id\":\"https:\/\/www.zoko.ro\/#\/schema\/logo\/image\/\"},\"sameAs\":[\"https:\/\/www.facebook.com\/profile.php?id=61584344135075\"]}]}<\/script>\n<!-- \/ Yoast SEO plugin. -->","yoast_head_json":{"title":"Jucarie pisici din pene cu undi\u021b\u0103 si mulinet\u0103, Gonga\u00ae | ZOKO","robots":{"index":"index","follow":"follow","max-snippet":"max-snippet:-1","max-image-preview":"max-image-preview:large","max-video-preview":"max-video-preview:-1"},"canonical":"https:\/\/www.zoko.ro\/en\/p\/jucarie-pisici-din-pene-cu-undita-si-mulineta-gonga\/","og_locale":"en_GB","og_type":"article","og_title":"Jucarie pisici din pene cu undi\u021b\u0103 si mulinet\u0103, Gonga\u00ae | ZOKO","og_description":"Culoare: Multicolor O juc\u0103rie grozav\u0103 pentru o pisic\u0103 &#8211; o undi\u021b\u0103 cu mulinet\u0103. La cap\u0103tul firului era ata\u0219at\u0103 o juc\u0103rie","og_url":"https:\/\/www.zoko.ro\/en\/p\/jucarie-pisici-din-pene-cu-undita-si-mulineta-gonga\/","og_site_name":"ZOKO","article_publisher":"https:\/\/www.facebook.com\/profile.php?id=61584344135075","og_image":[{"width":1200,"height":988,"url":"https:\/\/www.zoko.ro\/wp-content\/uploads\/2025\/12\/jucarie-pisici-din-pene-cu-undia-si-mulineta-gonga.jpg","type":"image\/jpeg"}],"twitter_card":"summary_large_image","twitter_misc":{"Estimated reading time":"1 minute"},"schema":{"@context":"https:\/\/schema.org","@graph":[{"@type":"WebPage","@id":"https:\/\/www.zoko.ro\/p\/jucarie-pisici-din-pene-cu-undita-si-mulineta-gonga\/","url":"https:\/\/www.zoko.ro\/p\/jucarie-pisici-din-pene-cu-undita-si-mulineta-gonga\/","name":"Jucarie pisici din pene cu undi\u021b\u0103 si mulinet\u0103, Gonga\u00ae | ZOKO","isPartOf":{"@id":"https:\/\/www.zoko.ro\/#website"},"primaryImageOfPage":{"@id":"https:\/\/www.zoko.ro\/p\/jucarie-pisici-din-pene-cu-undita-si-mulineta-gonga\/#primaryimage"},"image":{"@id":"https:\/\/www.zoko.ro\/p\/jucarie-pisici-din-pene-cu-undita-si-mulineta-gonga\/#primaryimage"},"thumbnailUrl":"https:\/\/www.zoko.ro\/wp-content\/uploads\/2025\/12\/jucarie-pisici-din-pene-cu-undia-si-mulineta-gonga.jpg","datePublished":"2026-04-28T21:30:37+00:00","breadcrumb":{"@id":"https:\/\/www.zoko.ro\/p\/jucarie-pisici-din-pene-cu-undita-si-mulineta-gonga\/#breadcrumb"},"inLanguage":"en-GB","potentialAction":[{"@type":"ReadAction","target":["https:\/\/www.zoko.ro\/p\/jucarie-pisici-din-pene-cu-undita-si-mulineta-gonga\/"]}]},{"@type":"ImageObject","inLanguage":"en-GB","@id":"https:\/\/www.zoko.ro\/p\/jucarie-pisici-din-pene-cu-undita-si-mulineta-gonga\/#primaryimage","url":"https:\/\/www.zoko.ro\/wp-content\/uploads\/2025\/12\/jucarie-pisici-din-pene-cu-undia-si-mulineta-gonga.jpg","contentUrl":"https:\/\/www.zoko.ro\/wp-content\/uploads\/2025\/12\/jucarie-pisici-din-pene-cu-undia-si-mulineta-gonga.jpg","width":1200,"height":988},{"@type":"BreadcrumbList","@id":"https:\/\/www.zoko.ro\/p\/jucarie-pisici-din-pene-cu-undita-si-mulineta-gonga\/#breadcrumb","itemListElement":[{"@type":"ListItem","position":1,"name":"Home","item":"https:\/\/www.zoko.ro\/"},{"@type":"ListItem","position":2,"name":"Magazin","item":"https:\/\/www.zoko.ro\/magazin\/"},{"@type":"ListItem","position":3,"name":"Jucarie pisici din pene cu undi\u021b\u0103 si mulinet\u0103, Gonga\u00ae"}]},{"@type":"WebSite","@id":"https:\/\/www.zoko.ro\/#website","url":"https:\/\/www.zoko.ro\/","name":"ZOKO.ro","description":"Cump\u0103r\u0103 inteligent","publisher":{"@id":"https:\/\/www.zoko.ro\/#organization"},"potentialAction":[{"@type":"SearchAction","target":{"@type":"EntryPoint","urlTemplate":"https:\/\/www.zoko.ro\/?s={search_term_string}"},"query-input":{"@type":"PropertyValueSpecification","valueRequired":true,"valueName":"search_term_string"}}],"inLanguage":"en-GB"},{"@type":"Organization","@id":"https:\/\/www.zoko.ro\/#organization","name":"ZOKO","url":"https:\/\/www.zoko.ro\/","logo":{"@type":"ImageObject","inLanguage":"en-GB","@id":"https:\/\/www.zoko.ro\/#\/schema\/logo\/image\/","url":"https:\/\/www.zoko.ro\/wp-content\/uploads\/2025\/03\/logo1.svg","contentUrl":"https:\/\/www.zoko.ro\/wp-content\/uploads\/2025\/03\/logo1.svg","width":799,"height":216,"caption":"ZOKO"},"image":{"@id":"https:\/\/www.zoko.ro\/#\/schema\/logo\/image\/"},"sameAs":["https:\/\/www.facebook.com\/profile.php?id=61584344135075"]}]}},"_links":{"self":[{"href":"https:\/\/www.zoko.ro\/en\/wp-json\/wp\/v2\/product\/30994","targetHints":{"allow":["GET"]}}],"collection":[{"href":"https:\/\/www.zoko.ro\/en\/wp-json\/wp\/v2\/product"}],"about":[{"href":"https:\/\/www.zoko.ro\/en\/wp-json\/wp\/v2\/types\/product"}],"replies":[{"embeddable":true,"href":"https:\/\/www.zoko.ro\/en\/wp-json\/wp\/v2\/comments?post=30994"}],"version-history":[{"count":1,"href":"https:\/\/www.zoko.ro\/en\/wp-json\/wp\/v2\/product\/30994\/revisions"}],"predecessor-version":[{"id":33838,"href":"https:\/\/www.zoko.ro\/en\/wp-json\/wp\/v2\/product\/30994\/revisions\/33838"}],"wp:featuredmedia":[{"embeddable":true,"href":"https:\/\/www.zoko.ro\/en\/wp-json\/wp\/v2\/media\/30995"}],"wp:attachment":[{"href":"https:\/\/www.zoko.ro\/en\/wp-json\/wp\/v2\/media?parent=30994"}],"wp:term":[{"taxonomy":"product_brand","embeddable":true,"href":"https:\/\/www.zoko.ro\/en\/wp-json\/wp\/v2\/product_brand?post=30994"},{"taxonomy":"product_cat","embeddable":true,"href":"https:\/\/www.zoko.ro\/en\/wp-json\/wp\/v2\/product_cat?post=30994"},{"taxonomy":"product_tag","embeddable":true,"href":"https:\/\/www.zoko.ro\/en\/wp-json\/wp\/v2\/product_tag?post=30994"}],"curies":[{"name":"wp","href":"https:\/\/api.w.org\/{rel}","templated":true}]}}