{"id":31047,"date":"2026-04-28T23:30:40","date_gmt":"2026-04-28T21:30:40","guid":{"rendered":"https:\/\/www.zoko.ro\/p\/clepsidra-indragostitilor-sex-timer-gonga\/"},"modified":"2026-04-28T23:30:40","modified_gmt":"2026-04-28T21:30:40","slug":"clepsidra-indragostitilor-sex-timer-gonga","status":"publish","type":"product","link":"https:\/\/www.zoko.ro\/en\/p\/clepsidra-indragostitilor-sex-timer-gonga\/","title":{"rendered":"Clepsidra indragostitilor, Sex Timer, Gonga\u00ae"},"content":{"rendered":"<p><strong>Culoare:<\/strong> Transparent<\/p>\n<p>Evaluarea obiectiv\u0103 a abilit\u0103\u021bilor unui iubit este adesea dificil\u0103, \u0219i uneori chiar imposibil\u0103, prin urmare, atunci c\u00e2nd ai g\u00e2ndul \u201eeste bun la pat?\u201d profita\u021bi de cea mai recent\u0103 inven\u021bie a oamenilor de \u0219tiin\u021b\u0103 americani! Clepsidra iubitului va defini clar unul dintre parametrii esentiali ai artei iubirii, adica timpul. Datorit\u0103 cronometrului sexual, un tip se poate sim\u021bi ca un Casanova autentic sau \u00ee\u0219i va da seama c\u0103 merit\u0103 s\u0103 lucreze la timpul dedicat partenerului s\u0103u. Un gadget amuzant care poate introduce un element de distrac\u021bie \u00een confortul iubirii.<\/p>\n<\/p>\n<p>Specificatii:<\/p>\n<\/p>\n<p>&#8211; clepsidra care m\u0103soar\u0103 timpul r\u0103pirii dragostei<\/p>\n<p>&#8211; un mic cadou ingenios pentru o petrecere a burlacilor\/burlacilor<\/p>\n<\/p>\n<p>Dimensiuni (cm) 10&#215;4,3<\/p>\n<p>Ambalaj (cm)\u00a0 13x7x5, cutie cadou\u00a0<\/p>\n<p>Material: plastic<\/p>\n<p>Greutate (g) 130<\/p>","protected":false},"excerpt":{"rendered":"<p>Culoare: Transparent Evaluarea obiectiv\u0103 a abilit\u0103\u021bilor unui iubit este adesea dificil\u0103, \u0219i uneori chiar imposibil\u0103, prin urmare, atunci c\u00e2nd ai<\/p>","protected":false},"featured_media":31048,"comment_status":"open","ping_status":"open","template":"","meta":[],"product_brand":[],"product_cat":[99,342,343],"product_tag":[104],"class_list":{"0":"post-31047","1":"product","2":"type-product","3":"status-publish","4":"has-post-thumbnail","6":"product_cat-acasa","7":"product_cat-cadouri","8":"product_cat-cadouri-haioase","9":"product_tag-in-stoc","10":"pa_culoare-transparent","12":"first","13":"instock","14":"sale","15":"purchasable","16":"product-type-simple"},"yoast_head":"<!-- This site is optimized with the Yoast SEO plugin v27.2 - https:\/\/yoast.com\/product\/yoast-seo-wordpress\/ -->\n<title>Clepsidra indragostitilor, Sex Timer, Gonga\u00ae | ZOKO<\/title>\n<meta name=\"robots\" content=\"index, follow, max-snippet:-1, max-image-preview:large, max-video-preview:-1\" \/>\n<link rel=\"canonical\" href=\"https:\/\/www.zoko.ro\/en\/p\/clepsidra-indragostitilor-sex-timer-gonga\/\" \/>\n<meta property=\"og:locale\" content=\"en_GB\" \/>\n<meta property=\"og:type\" content=\"article\" \/>\n<meta property=\"og:title\" content=\"Clepsidra indragostitilor, Sex Timer, Gonga\u00ae | ZOKO\" \/>\n<meta property=\"og:description\" content=\"Culoare: Transparent Evaluarea obiectiv\u0103 a abilit\u0103\u021bilor unui iubit este adesea dificil\u0103, \u0219i uneori chiar imposibil\u0103, prin urmare, atunci c\u00e2nd ai\" \/>\n<meta property=\"og:url\" content=\"https:\/\/www.zoko.ro\/en\/p\/clepsidra-indragostitilor-sex-timer-gonga\/\" \/>\n<meta property=\"og:site_name\" content=\"ZOKO\" \/>\n<meta property=\"article:publisher\" content=\"https:\/\/www.facebook.com\/profile.php?id=61584344135075\" \/>\n<meta property=\"og:image\" content=\"https:\/\/www.zoko.ro\/wp-content\/uploads\/2025\/12\/clepsidra-indragostitilor-sex-timer-gonga.jpg\" \/>\n\t<meta property=\"og:image:width\" content=\"799\" \/>\n\t<meta property=\"og:image:height\" content=\"1000\" \/>\n\t<meta property=\"og:image:type\" content=\"image\/jpeg\" \/>\n<meta name=\"twitter:card\" content=\"summary_large_image\" \/>\n<meta name=\"twitter:label1\" content=\"Estimated reading time\" \/>\n\t<meta name=\"twitter:data1\" content=\"1 minute\" \/>\n<script type=\"application\/ld+json\" class=\"yoast-schema-graph\">{\"@context\":\"https:\/\/schema.org\",\"@graph\":[{\"@type\":\"WebPage\",\"@id\":\"https:\/\/www.zoko.ro\/p\/clepsidra-indragostitilor-sex-timer-gonga\/\",\"url\":\"https:\/\/www.zoko.ro\/p\/clepsidra-indragostitilor-sex-timer-gonga\/\",\"name\":\"Clepsidra indragostitilor, Sex Timer, Gonga\u00ae | ZOKO\",\"isPartOf\":{\"@id\":\"https:\/\/www.zoko.ro\/#website\"},\"primaryImageOfPage\":{\"@id\":\"https:\/\/www.zoko.ro\/p\/clepsidra-indragostitilor-sex-timer-gonga\/#primaryimage\"},\"image\":{\"@id\":\"https:\/\/www.zoko.ro\/p\/clepsidra-indragostitilor-sex-timer-gonga\/#primaryimage\"},\"thumbnailUrl\":\"https:\/\/www.zoko.ro\/wp-content\/uploads\/2025\/12\/clepsidra-indragostitilor-sex-timer-gonga.jpg\",\"datePublished\":\"2026-04-28T21:30:40+00:00\",\"breadcrumb\":{\"@id\":\"https:\/\/www.zoko.ro\/p\/clepsidra-indragostitilor-sex-timer-gonga\/#breadcrumb\"},\"inLanguage\":\"en-GB\",\"potentialAction\":[{\"@type\":\"ReadAction\",\"target\":[\"https:\/\/www.zoko.ro\/p\/clepsidra-indragostitilor-sex-timer-gonga\/\"]}]},{\"@type\":\"ImageObject\",\"inLanguage\":\"en-GB\",\"@id\":\"https:\/\/www.zoko.ro\/p\/clepsidra-indragostitilor-sex-timer-gonga\/#primaryimage\",\"url\":\"https:\/\/www.zoko.ro\/wp-content\/uploads\/2025\/12\/clepsidra-indragostitilor-sex-timer-gonga.jpg\",\"contentUrl\":\"https:\/\/www.zoko.ro\/wp-content\/uploads\/2025\/12\/clepsidra-indragostitilor-sex-timer-gonga.jpg\",\"width\":799,\"height\":1000},{\"@type\":\"BreadcrumbList\",\"@id\":\"https:\/\/www.zoko.ro\/p\/clepsidra-indragostitilor-sex-timer-gonga\/#breadcrumb\",\"itemListElement\":[{\"@type\":\"ListItem\",\"position\":1,\"name\":\"Home\",\"item\":\"https:\/\/www.zoko.ro\/\"},{\"@type\":\"ListItem\",\"position\":2,\"name\":\"Magazin\",\"item\":\"https:\/\/www.zoko.ro\/magazin\/\"},{\"@type\":\"ListItem\",\"position\":3,\"name\":\"Clepsidra indragostitilor, Sex Timer, Gonga\u00ae\"}]},{\"@type\":\"WebSite\",\"@id\":\"https:\/\/www.zoko.ro\/#website\",\"url\":\"https:\/\/www.zoko.ro\/\",\"name\":\"ZOKO.ro\",\"description\":\"Cump\u0103r\u0103 inteligent\",\"publisher\":{\"@id\":\"https:\/\/www.zoko.ro\/#organization\"},\"potentialAction\":[{\"@type\":\"SearchAction\",\"target\":{\"@type\":\"EntryPoint\",\"urlTemplate\":\"https:\/\/www.zoko.ro\/?s={search_term_string}\"},\"query-input\":{\"@type\":\"PropertyValueSpecification\",\"valueRequired\":true,\"valueName\":\"search_term_string\"}}],\"inLanguage\":\"en-GB\"},{\"@type\":\"Organization\",\"@id\":\"https:\/\/www.zoko.ro\/#organization\",\"name\":\"ZOKO\",\"url\":\"https:\/\/www.zoko.ro\/\",\"logo\":{\"@type\":\"ImageObject\",\"inLanguage\":\"en-GB\",\"@id\":\"https:\/\/www.zoko.ro\/#\/schema\/logo\/image\/\",\"url\":\"https:\/\/www.zoko.ro\/wp-content\/uploads\/2025\/03\/logo1.svg\",\"contentUrl\":\"https:\/\/www.zoko.ro\/wp-content\/uploads\/2025\/03\/logo1.svg\",\"width\":799,\"height\":216,\"caption\":\"ZOKO\"},\"image\":{\"@id\":\"https:\/\/www.zoko.ro\/#\/schema\/logo\/image\/\"},\"sameAs\":[\"https:\/\/www.facebook.com\/profile.php?id=61584344135075\"]}]}<\/script>\n<!-- \/ Yoast SEO plugin. -->","yoast_head_json":{"title":"Clepsidra indragostitilor, Sex Timer, Gonga\u00ae | ZOKO","robots":{"index":"index","follow":"follow","max-snippet":"max-snippet:-1","max-image-preview":"max-image-preview:large","max-video-preview":"max-video-preview:-1"},"canonical":"https:\/\/www.zoko.ro\/en\/p\/clepsidra-indragostitilor-sex-timer-gonga\/","og_locale":"en_GB","og_type":"article","og_title":"Clepsidra indragostitilor, Sex Timer, Gonga\u00ae | ZOKO","og_description":"Culoare: Transparent Evaluarea obiectiv\u0103 a abilit\u0103\u021bilor unui iubit este adesea dificil\u0103, \u0219i uneori chiar imposibil\u0103, prin urmare, atunci c\u00e2nd ai","og_url":"https:\/\/www.zoko.ro\/en\/p\/clepsidra-indragostitilor-sex-timer-gonga\/","og_site_name":"ZOKO","article_publisher":"https:\/\/www.facebook.com\/profile.php?id=61584344135075","og_image":[{"width":799,"height":1000,"url":"https:\/\/www.zoko.ro\/wp-content\/uploads\/2025\/12\/clepsidra-indragostitilor-sex-timer-gonga.jpg","type":"image\/jpeg"}],"twitter_card":"summary_large_image","twitter_misc":{"Estimated reading time":"1 minute"},"schema":{"@context":"https:\/\/schema.org","@graph":[{"@type":"WebPage","@id":"https:\/\/www.zoko.ro\/p\/clepsidra-indragostitilor-sex-timer-gonga\/","url":"https:\/\/www.zoko.ro\/p\/clepsidra-indragostitilor-sex-timer-gonga\/","name":"Clepsidra indragostitilor, Sex Timer, Gonga\u00ae | ZOKO","isPartOf":{"@id":"https:\/\/www.zoko.ro\/#website"},"primaryImageOfPage":{"@id":"https:\/\/www.zoko.ro\/p\/clepsidra-indragostitilor-sex-timer-gonga\/#primaryimage"},"image":{"@id":"https:\/\/www.zoko.ro\/p\/clepsidra-indragostitilor-sex-timer-gonga\/#primaryimage"},"thumbnailUrl":"https:\/\/www.zoko.ro\/wp-content\/uploads\/2025\/12\/clepsidra-indragostitilor-sex-timer-gonga.jpg","datePublished":"2026-04-28T21:30:40+00:00","breadcrumb":{"@id":"https:\/\/www.zoko.ro\/p\/clepsidra-indragostitilor-sex-timer-gonga\/#breadcrumb"},"inLanguage":"en-GB","potentialAction":[{"@type":"ReadAction","target":["https:\/\/www.zoko.ro\/p\/clepsidra-indragostitilor-sex-timer-gonga\/"]}]},{"@type":"ImageObject","inLanguage":"en-GB","@id":"https:\/\/www.zoko.ro\/p\/clepsidra-indragostitilor-sex-timer-gonga\/#primaryimage","url":"https:\/\/www.zoko.ro\/wp-content\/uploads\/2025\/12\/clepsidra-indragostitilor-sex-timer-gonga.jpg","contentUrl":"https:\/\/www.zoko.ro\/wp-content\/uploads\/2025\/12\/clepsidra-indragostitilor-sex-timer-gonga.jpg","width":799,"height":1000},{"@type":"BreadcrumbList","@id":"https:\/\/www.zoko.ro\/p\/clepsidra-indragostitilor-sex-timer-gonga\/#breadcrumb","itemListElement":[{"@type":"ListItem","position":1,"name":"Home","item":"https:\/\/www.zoko.ro\/"},{"@type":"ListItem","position":2,"name":"Magazin","item":"https:\/\/www.zoko.ro\/magazin\/"},{"@type":"ListItem","position":3,"name":"Clepsidra indragostitilor, Sex Timer, Gonga\u00ae"}]},{"@type":"WebSite","@id":"https:\/\/www.zoko.ro\/#website","url":"https:\/\/www.zoko.ro\/","name":"ZOKO.ro","description":"Cump\u0103r\u0103 inteligent","publisher":{"@id":"https:\/\/www.zoko.ro\/#organization"},"potentialAction":[{"@type":"SearchAction","target":{"@type":"EntryPoint","urlTemplate":"https:\/\/www.zoko.ro\/?s={search_term_string}"},"query-input":{"@type":"PropertyValueSpecification","valueRequired":true,"valueName":"search_term_string"}}],"inLanguage":"en-GB"},{"@type":"Organization","@id":"https:\/\/www.zoko.ro\/#organization","name":"ZOKO","url":"https:\/\/www.zoko.ro\/","logo":{"@type":"ImageObject","inLanguage":"en-GB","@id":"https:\/\/www.zoko.ro\/#\/schema\/logo\/image\/","url":"https:\/\/www.zoko.ro\/wp-content\/uploads\/2025\/03\/logo1.svg","contentUrl":"https:\/\/www.zoko.ro\/wp-content\/uploads\/2025\/03\/logo1.svg","width":799,"height":216,"caption":"ZOKO"},"image":{"@id":"https:\/\/www.zoko.ro\/#\/schema\/logo\/image\/"},"sameAs":["https:\/\/www.facebook.com\/profile.php?id=61584344135075"]}]}},"_links":{"self":[{"href":"https:\/\/www.zoko.ro\/en\/wp-json\/wp\/v2\/product\/31047","targetHints":{"allow":["GET"]}}],"collection":[{"href":"https:\/\/www.zoko.ro\/en\/wp-json\/wp\/v2\/product"}],"about":[{"href":"https:\/\/www.zoko.ro\/en\/wp-json\/wp\/v2\/types\/product"}],"replies":[{"embeddable":true,"href":"https:\/\/www.zoko.ro\/en\/wp-json\/wp\/v2\/comments?post=31047"}],"version-history":[{"count":1,"href":"https:\/\/www.zoko.ro\/en\/wp-json\/wp\/v2\/product\/31047\/revisions"}],"predecessor-version":[{"id":33871,"href":"https:\/\/www.zoko.ro\/en\/wp-json\/wp\/v2\/product\/31047\/revisions\/33871"}],"wp:featuredmedia":[{"embeddable":true,"href":"https:\/\/www.zoko.ro\/en\/wp-json\/wp\/v2\/media\/31048"}],"wp:attachment":[{"href":"https:\/\/www.zoko.ro\/en\/wp-json\/wp\/v2\/media?parent=31047"}],"wp:term":[{"taxonomy":"product_brand","embeddable":true,"href":"https:\/\/www.zoko.ro\/en\/wp-json\/wp\/v2\/product_brand?post=31047"},{"taxonomy":"product_cat","embeddable":true,"href":"https:\/\/www.zoko.ro\/en\/wp-json\/wp\/v2\/product_cat?post=31047"},{"taxonomy":"product_tag","embeddable":true,"href":"https:\/\/www.zoko.ro\/en\/wp-json\/wp\/v2\/product_tag?post=31047"}],"curies":[{"name":"wp","href":"https:\/\/api.w.org\/{rel}","templated":true}]}}