{"id":31135,"date":"2026-04-28T23:30:48","date_gmt":"2026-04-28T21:30:48","guid":{"rendered":"https:\/\/www.zoko.ro\/p\/perie-electrica-cu-uscator-pentru-animale-de-companie-gonga\/"},"modified":"2026-04-28T23:30:48","modified_gmt":"2026-04-28T21:30:48","slug":"perie-electrica-cu-uscator-pentru-animale-de-companie-gonga","status":"publish","type":"product","link":"https:\/\/www.zoko.ro\/en\/p\/perie-electrica-cu-uscator-pentru-animale-de-companie-gonga\/","title":{"rendered":"Perie electrica cu uscator pentru animale de companie, Gonga\u00ae"},"content":{"rendered":"<p><strong>Culoare:<\/strong> Alb<\/p>\n<p>Perie \u0219i usc\u0103tor pentru c\u00e2ini si pisici<\/p>\n<\/p>\n<p>Dac\u0103 ave\u021bi o problem\u0103 cu periajul animalului de companie dup\u0103 o baie, acest produs este perfect pentru dvs. Uscatorul cu perie va peria si usca in acelasi timp blana animalului dvs. de companie .<\/p>\n<\/p>\n<p>Aparatul este ideal pentru utilizare acas\u0103. Are o func\u021bie de\u00a0 reglare, ceea ce \u00eel face perfect pentru animalele c\u0103rora le este fric\u0103 de zgomot. Peria este fabricat\u0103 din\u00a0 o\u021bel inoxidabil \u0219i are\u00a0 v\u00e2rfuri de siguran\u021b\u0103 care, pe l\u00e2ng\u0103\u00a0 periaj, pot fi folosite pentru masaj.<\/p>\n<\/p>\n<p>Caracteristicile produsului:<\/p>\n<\/p>\n<p>&#8211; Produsul poate fi folosit ca\u00a0 usc\u0103tor sau ca\u00a0 perie\u00a0 obi\u0219nuit\u0103<\/p>\n<p>&#8211; Aranjamentul acelor \u00eel face perfect pentru\u00a0 \u00a0p\u0103rul scurt\u00a0 \u0219i\u00a0 lung<\/p>\n<p>&#8211; 3 setari de caldura\u00a0 (scazut, mediu, ridicat)<\/p>\n<p>&#8211; Form\u0103 ergonomic\u0103\u00a0 pentru \u00eengrijirea u\u0219oar\u0103 a hainei<\/p>\n<p>&#8211; Cablu rotativ la 360 de grade<\/p>\n<\/p>\n<p>Mod de utilizare:<\/p>\n<\/p>\n<p>\u00cenainte de a folosi peria, freca\u021bi p\u0103rul animalului de companie cu un prosop uscat p\u00e2n\u0103 c\u00e2nd nu mai picur\u0103 ap\u0103 din p\u0103r. Acest lucru va cre\u0219te eficien\u021ba usc\u0103rii \u0219i periajului.<\/p>\n<\/p>\n<p>Inainte de uscare, porniti uscatorul cu butonul si lasati-l sa actioneze putin, pentru ca animalul sa se obisnuiasca cu zgomotul. Datorit\u0103 acestui fapt, animalul nostru de companie nu se va speria \u00een timpul \u00eengrijirii.<\/p>\n<\/p>\n<p>C\u00e2nd lucra\u021bi, nu \u021bine\u021bi prea mult timp peria \u00eentr-un singur loc pe p\u0103rul animalului. Regla\u021bi suflarea \u0219i temperatura corespunz\u0103toare pentru animalul dvs. de companie.<\/p>\n<\/p>\n<p>Dac\u0103 peria devine prea fierbinte, deconecta\u021bi produsul \u0219i verifica\u021bi dac\u0103 orificiul de evacuare a aerului nu este \u00eenfundat cu obiecte precum praf sau p\u0103r. A\u0219tepta\u021bi ca peria s\u0103 se r\u0103ceasc\u0103 \u00eenainte de a o reutiliza.<\/p>\n<\/p>\n<p>Curatenie si mentenanta:<\/p>\n<\/p>\n<p>1.\u00a0 Opri\u021bi \u0219i deconecta\u021bi usc\u0103torul cu perie \u00eenainte de cur\u0103\u021bare.<\/p>\n<\/p>\n<p>2.\u00a0 Cur\u0103\u021ba\u021bi prizele de aer pentru a asigura curgerea liber\u0103 a fluxului de aer.<\/p>\n<\/p>\n<p>3.\u00a0 De\u0219uruba\u021bi carcasa pentru a \u00eendep\u0103rta orice p\u0103r \u0219i murd\u0103rie de pe buretele gri din perie.<\/p>\n<\/p>\n<p>4.\u00a0 \u00cenainte de utilizare \u0219i dup\u0103 \u00eengrijire, asigura\u021bi-v\u0103 c\u0103 produsul nu este umed.<\/p>\n<\/p>\n<p>5.\u00a0 Nu \u00eenf\u0103\u0219ura\u021bi cablul \u00een jurul produsului atunci c\u00e2nd depozita\u021bi echipamentul, pentru a nu deteriora cablul.<\/p>\n<\/p>\n<p>Uscatorul cu perie trebuie depozitat intr-un loc uscat si sigur.<\/p>\n<\/p>\n<p>Parametri:<\/p>\n<\/p>\n<p>&#8211; Tensiune de intrare : 100-120V \/ 50-60HZ<\/p>\n<p>&#8211; Consum de energie:\u00a0 300W<\/p>\n<p>&#8211; Dimensiune:\u00a0 23 cm x 12 cm x 6,5 cm<\/p>\n<p>&#8211; Lungime cablu:\u00a0 1,5 m<\/p>\n<p>&#8211; Culoare:\u00a0 alb-verde<\/p>","protected":false},"excerpt":{"rendered":"<p>Culoare: Alb Perie \u0219i usc\u0103tor pentru c\u00e2ini si pisici Dac\u0103 ave\u021bi o problem\u0103 cu periajul animalului de companie dup\u0103 o<\/p>","protected":false},"featured_media":31136,"comment_status":"open","ping_status":"open","template":"","meta":[],"product_brand":[],"product_cat":[99,378,346],"product_tag":[104],"class_list":{"0":"post-31135","1":"product","2":"type-product","3":"status-publish","4":"has-post-thumbnail","6":"product_cat-acasa","7":"product_cat-igiena-ingrijire-animale","8":"product_cat-petshop","9":"product_tag-in-stoc","10":"pa_culoare-alb","12":"first","13":"instock","14":"sale","15":"purchasable","16":"product-type-simple"},"yoast_head":"<!-- This site is optimized with the Yoast SEO plugin v27.2 - https:\/\/yoast.com\/product\/yoast-seo-wordpress\/ -->\n<title>Perie electrica cu uscator pentru animale de companie, Gonga\u00ae | ZOKO<\/title>\n<meta name=\"robots\" content=\"index, follow, max-snippet:-1, max-image-preview:large, max-video-preview:-1\" \/>\n<link rel=\"canonical\" href=\"https:\/\/www.zoko.ro\/en\/p\/perie-electrica-cu-uscator-pentru-animale-de-companie-gonga\/\" \/>\n<meta property=\"og:locale\" content=\"en_GB\" \/>\n<meta property=\"og:type\" content=\"article\" \/>\n<meta property=\"og:title\" content=\"Perie electrica cu uscator pentru animale de companie, Gonga\u00ae | ZOKO\" \/>\n<meta property=\"og:description\" content=\"Culoare: Alb Perie \u0219i usc\u0103tor pentru c\u00e2ini si pisici Dac\u0103 ave\u021bi o problem\u0103 cu periajul animalului de companie dup\u0103 o\" \/>\n<meta property=\"og:url\" content=\"https:\/\/www.zoko.ro\/en\/p\/perie-electrica-cu-uscator-pentru-animale-de-companie-gonga\/\" \/>\n<meta property=\"og:site_name\" content=\"ZOKO\" \/>\n<meta property=\"article:publisher\" content=\"https:\/\/www.facebook.com\/profile.php?id=61584344135075\" \/>\n<meta property=\"og:image\" content=\"https:\/\/www.zoko.ro\/wp-content\/uploads\/2025\/12\/perie-electrica-cu-uscator-pentru-animale-de-companie-gonga.jpg\" \/>\n\t<meta property=\"og:image:width\" content=\"720\" \/>\n\t<meta property=\"og:image:height\" content=\"720\" \/>\n\t<meta property=\"og:image:type\" content=\"image\/jpeg\" \/>\n<meta name=\"twitter:card\" content=\"summary_large_image\" \/>\n<meta name=\"twitter:label1\" content=\"Estimated reading time\" \/>\n\t<meta name=\"twitter:data1\" content=\"2 minutes\" \/>\n<script type=\"application\/ld+json\" class=\"yoast-schema-graph\">{\"@context\":\"https:\/\/schema.org\",\"@graph\":[{\"@type\":\"WebPage\",\"@id\":\"https:\/\/www.zoko.ro\/p\/perie-electrica-cu-uscator-pentru-animale-de-companie-gonga\/\",\"url\":\"https:\/\/www.zoko.ro\/p\/perie-electrica-cu-uscator-pentru-animale-de-companie-gonga\/\",\"name\":\"Perie electrica cu uscator pentru animale de companie, Gonga\u00ae | ZOKO\",\"isPartOf\":{\"@id\":\"https:\/\/www.zoko.ro\/#website\"},\"primaryImageOfPage\":{\"@id\":\"https:\/\/www.zoko.ro\/p\/perie-electrica-cu-uscator-pentru-animale-de-companie-gonga\/#primaryimage\"},\"image\":{\"@id\":\"https:\/\/www.zoko.ro\/p\/perie-electrica-cu-uscator-pentru-animale-de-companie-gonga\/#primaryimage\"},\"thumbnailUrl\":\"https:\/\/www.zoko.ro\/wp-content\/uploads\/2025\/12\/perie-electrica-cu-uscator-pentru-animale-de-companie-gonga.jpg\",\"datePublished\":\"2026-04-28T21:30:48+00:00\",\"breadcrumb\":{\"@id\":\"https:\/\/www.zoko.ro\/p\/perie-electrica-cu-uscator-pentru-animale-de-companie-gonga\/#breadcrumb\"},\"inLanguage\":\"en-GB\",\"potentialAction\":[{\"@type\":\"ReadAction\",\"target\":[\"https:\/\/www.zoko.ro\/p\/perie-electrica-cu-uscator-pentru-animale-de-companie-gonga\/\"]}]},{\"@type\":\"ImageObject\",\"inLanguage\":\"en-GB\",\"@id\":\"https:\/\/www.zoko.ro\/p\/perie-electrica-cu-uscator-pentru-animale-de-companie-gonga\/#primaryimage\",\"url\":\"https:\/\/www.zoko.ro\/wp-content\/uploads\/2025\/12\/perie-electrica-cu-uscator-pentru-animale-de-companie-gonga.jpg\",\"contentUrl\":\"https:\/\/www.zoko.ro\/wp-content\/uploads\/2025\/12\/perie-electrica-cu-uscator-pentru-animale-de-companie-gonga.jpg\",\"width\":720,\"height\":720},{\"@type\":\"BreadcrumbList\",\"@id\":\"https:\/\/www.zoko.ro\/p\/perie-electrica-cu-uscator-pentru-animale-de-companie-gonga\/#breadcrumb\",\"itemListElement\":[{\"@type\":\"ListItem\",\"position\":1,\"name\":\"Home\",\"item\":\"https:\/\/www.zoko.ro\/\"},{\"@type\":\"ListItem\",\"position\":2,\"name\":\"Magazin\",\"item\":\"https:\/\/www.zoko.ro\/magazin\/\"},{\"@type\":\"ListItem\",\"position\":3,\"name\":\"Perie electrica cu uscator pentru animale de companie, Gonga\u00ae\"}]},{\"@type\":\"WebSite\",\"@id\":\"https:\/\/www.zoko.ro\/#website\",\"url\":\"https:\/\/www.zoko.ro\/\",\"name\":\"ZOKO.ro\",\"description\":\"Cump\u0103r\u0103 inteligent\",\"publisher\":{\"@id\":\"https:\/\/www.zoko.ro\/#organization\"},\"potentialAction\":[{\"@type\":\"SearchAction\",\"target\":{\"@type\":\"EntryPoint\",\"urlTemplate\":\"https:\/\/www.zoko.ro\/?s={search_term_string}\"},\"query-input\":{\"@type\":\"PropertyValueSpecification\",\"valueRequired\":true,\"valueName\":\"search_term_string\"}}],\"inLanguage\":\"en-GB\"},{\"@type\":\"Organization\",\"@id\":\"https:\/\/www.zoko.ro\/#organization\",\"name\":\"ZOKO\",\"url\":\"https:\/\/www.zoko.ro\/\",\"logo\":{\"@type\":\"ImageObject\",\"inLanguage\":\"en-GB\",\"@id\":\"https:\/\/www.zoko.ro\/#\/schema\/logo\/image\/\",\"url\":\"https:\/\/www.zoko.ro\/wp-content\/uploads\/2025\/03\/logo1.svg\",\"contentUrl\":\"https:\/\/www.zoko.ro\/wp-content\/uploads\/2025\/03\/logo1.svg\",\"width\":799,\"height\":216,\"caption\":\"ZOKO\"},\"image\":{\"@id\":\"https:\/\/www.zoko.ro\/#\/schema\/logo\/image\/\"},\"sameAs\":[\"https:\/\/www.facebook.com\/profile.php?id=61584344135075\"]}]}<\/script>\n<!-- \/ Yoast SEO plugin. -->","yoast_head_json":{"title":"Perie electrica cu uscator pentru animale de companie, Gonga\u00ae | ZOKO","robots":{"index":"index","follow":"follow","max-snippet":"max-snippet:-1","max-image-preview":"max-image-preview:large","max-video-preview":"max-video-preview:-1"},"canonical":"https:\/\/www.zoko.ro\/en\/p\/perie-electrica-cu-uscator-pentru-animale-de-companie-gonga\/","og_locale":"en_GB","og_type":"article","og_title":"Perie electrica cu uscator pentru animale de companie, Gonga\u00ae | ZOKO","og_description":"Culoare: Alb Perie \u0219i usc\u0103tor pentru c\u00e2ini si pisici Dac\u0103 ave\u021bi o problem\u0103 cu periajul animalului de companie dup\u0103 o","og_url":"https:\/\/www.zoko.ro\/en\/p\/perie-electrica-cu-uscator-pentru-animale-de-companie-gonga\/","og_site_name":"ZOKO","article_publisher":"https:\/\/www.facebook.com\/profile.php?id=61584344135075","og_image":[{"width":720,"height":720,"url":"https:\/\/www.zoko.ro\/wp-content\/uploads\/2025\/12\/perie-electrica-cu-uscator-pentru-animale-de-companie-gonga.jpg","type":"image\/jpeg"}],"twitter_card":"summary_large_image","twitter_misc":{"Estimated reading time":"2 minutes"},"schema":{"@context":"https:\/\/schema.org","@graph":[{"@type":"WebPage","@id":"https:\/\/www.zoko.ro\/p\/perie-electrica-cu-uscator-pentru-animale-de-companie-gonga\/","url":"https:\/\/www.zoko.ro\/p\/perie-electrica-cu-uscator-pentru-animale-de-companie-gonga\/","name":"Perie electrica cu uscator pentru animale de companie, Gonga\u00ae | ZOKO","isPartOf":{"@id":"https:\/\/www.zoko.ro\/#website"},"primaryImageOfPage":{"@id":"https:\/\/www.zoko.ro\/p\/perie-electrica-cu-uscator-pentru-animale-de-companie-gonga\/#primaryimage"},"image":{"@id":"https:\/\/www.zoko.ro\/p\/perie-electrica-cu-uscator-pentru-animale-de-companie-gonga\/#primaryimage"},"thumbnailUrl":"https:\/\/www.zoko.ro\/wp-content\/uploads\/2025\/12\/perie-electrica-cu-uscator-pentru-animale-de-companie-gonga.jpg","datePublished":"2026-04-28T21:30:48+00:00","breadcrumb":{"@id":"https:\/\/www.zoko.ro\/p\/perie-electrica-cu-uscator-pentru-animale-de-companie-gonga\/#breadcrumb"},"inLanguage":"en-GB","potentialAction":[{"@type":"ReadAction","target":["https:\/\/www.zoko.ro\/p\/perie-electrica-cu-uscator-pentru-animale-de-companie-gonga\/"]}]},{"@type":"ImageObject","inLanguage":"en-GB","@id":"https:\/\/www.zoko.ro\/p\/perie-electrica-cu-uscator-pentru-animale-de-companie-gonga\/#primaryimage","url":"https:\/\/www.zoko.ro\/wp-content\/uploads\/2025\/12\/perie-electrica-cu-uscator-pentru-animale-de-companie-gonga.jpg","contentUrl":"https:\/\/www.zoko.ro\/wp-content\/uploads\/2025\/12\/perie-electrica-cu-uscator-pentru-animale-de-companie-gonga.jpg","width":720,"height":720},{"@type":"BreadcrumbList","@id":"https:\/\/www.zoko.ro\/p\/perie-electrica-cu-uscator-pentru-animale-de-companie-gonga\/#breadcrumb","itemListElement":[{"@type":"ListItem","position":1,"name":"Home","item":"https:\/\/www.zoko.ro\/"},{"@type":"ListItem","position":2,"name":"Magazin","item":"https:\/\/www.zoko.ro\/magazin\/"},{"@type":"ListItem","position":3,"name":"Perie electrica cu uscator pentru animale de companie, Gonga\u00ae"}]},{"@type":"WebSite","@id":"https:\/\/www.zoko.ro\/#website","url":"https:\/\/www.zoko.ro\/","name":"ZOKO.ro","description":"Cump\u0103r\u0103 inteligent","publisher":{"@id":"https:\/\/www.zoko.ro\/#organization"},"potentialAction":[{"@type":"SearchAction","target":{"@type":"EntryPoint","urlTemplate":"https:\/\/www.zoko.ro\/?s={search_term_string}"},"query-input":{"@type":"PropertyValueSpecification","valueRequired":true,"valueName":"search_term_string"}}],"inLanguage":"en-GB"},{"@type":"Organization","@id":"https:\/\/www.zoko.ro\/#organization","name":"ZOKO","url":"https:\/\/www.zoko.ro\/","logo":{"@type":"ImageObject","inLanguage":"en-GB","@id":"https:\/\/www.zoko.ro\/#\/schema\/logo\/image\/","url":"https:\/\/www.zoko.ro\/wp-content\/uploads\/2025\/03\/logo1.svg","contentUrl":"https:\/\/www.zoko.ro\/wp-content\/uploads\/2025\/03\/logo1.svg","width":799,"height":216,"caption":"ZOKO"},"image":{"@id":"https:\/\/www.zoko.ro\/#\/schema\/logo\/image\/"},"sameAs":["https:\/\/www.facebook.com\/profile.php?id=61584344135075"]}]}},"_links":{"self":[{"href":"https:\/\/www.zoko.ro\/en\/wp-json\/wp\/v2\/product\/31135","targetHints":{"allow":["GET"]}}],"collection":[{"href":"https:\/\/www.zoko.ro\/en\/wp-json\/wp\/v2\/product"}],"about":[{"href":"https:\/\/www.zoko.ro\/en\/wp-json\/wp\/v2\/types\/product"}],"replies":[{"embeddable":true,"href":"https:\/\/www.zoko.ro\/en\/wp-json\/wp\/v2\/comments?post=31135"}],"version-history":[{"count":1,"href":"https:\/\/www.zoko.ro\/en\/wp-json\/wp\/v2\/product\/31135\/revisions"}],"predecessor-version":[{"id":38079,"href":"https:\/\/www.zoko.ro\/en\/wp-json\/wp\/v2\/product\/31135\/revisions\/38079"}],"wp:featuredmedia":[{"embeddable":true,"href":"https:\/\/www.zoko.ro\/en\/wp-json\/wp\/v2\/media\/31136"}],"wp:attachment":[{"href":"https:\/\/www.zoko.ro\/en\/wp-json\/wp\/v2\/media?parent=31135"}],"wp:term":[{"taxonomy":"product_brand","embeddable":true,"href":"https:\/\/www.zoko.ro\/en\/wp-json\/wp\/v2\/product_brand?post=31135"},{"taxonomy":"product_cat","embeddable":true,"href":"https:\/\/www.zoko.ro\/en\/wp-json\/wp\/v2\/product_cat?post=31135"},{"taxonomy":"product_tag","embeddable":true,"href":"https:\/\/www.zoko.ro\/en\/wp-json\/wp\/v2\/product_tag?post=31135"}],"curies":[{"name":"wp","href":"https:\/\/api.w.org\/{rel}","templated":true}]}}