{"id":31164,"date":"2026-04-28T23:30:49","date_gmt":"2026-04-28T21:30:49","guid":{"rendered":"https:\/\/www.zoko.ro\/p\/ham-pentru-caini-reflectorizant-xlgonga\/"},"modified":"2026-04-28T23:30:50","modified_gmt":"2026-04-28T21:30:50","slug":"ham-pentru-caini-reflectorizant-xlgonga","status":"publish","type":"product","link":"https:\/\/www.zoko.ro\/en\/p\/ham-pentru-caini-reflectorizant-xlgonga\/","title":{"rendered":"Ham pentru caini, reflectorizant, XL,Gonga\u00ae"},"content":{"rendered":"<p><strong>Culoare:<\/strong> Negru<\/p>\n<p>Ave\u021bi grij\u0103 de mersul sigur \u0219i confortabil al animalului de companie.<\/p>\n<\/p>\n<p>Un ham f\u0103r\u0103 presiune este cea mai bun\u0103 alegere pentru c\u00e2inii energici care nu stau locului. Smuciturile bru\u0219te ale c\u0103\u021belului \u00een lesa pot avea un efect negativ asupra coloanei vertebrale, iar hamul este cel care previne acest lucru.<\/p>\n<\/p>\n<p>Hamul acoper\u0103 o suprafa\u021b\u0103 mare, distribuind uniform presiunea pe pieptul animalului de companie. Acest design previne, de asemenea, tragerea persistent\u0103 \u00een timpul plimb\u0103rilor.<\/p>\n<\/p>\n<p>Hamul este confec\u021bionat dintr-o \u021bes\u0103tur\u0103 respirabil\u0103 pentru a garanta cel mai \u00eenalt nivel de confort \u00een timpul mersului. Este u\u0219or de cur\u0103\u021bat \u0219i po\u021bi \u00eendep\u0103rta murd\u0103ria de zi cu zi cu o c\u00e2rp\u0103 umed\u0103.<\/p>\n<\/p>\n<p>Animalului t\u0103u \u00eei place s\u0103 se murd\u0103reasc\u0103 \u00een noroi? Nu \u00ee\u021bi face\u021bi griji! Po\u021bi sp\u0103la hamul \u00een ma\u0219ina de sp\u0103lat. Cel mai bine este s\u0103 alegi un program de sp\u0103lare delicat \u0219i s\u0103 nu folose\u0219ti detergen\u021bi intens parfuma\u021bi, pentru a nu irita pielea c\u0103\u021belului.<\/p>\n<\/p>\n<p>Caracteristicile \u0219i specifica\u021biile produsului:<\/p>\n<\/p>\n<p>&#8211; Material: Poliester<\/p>\n<p>&#8211; M\u0103rime ham: XL\u00a0<\/p>\n<p>&#8211; Dimensiuni ham:<\/p>\n<\/p>\n<p>circumferin\u021b\u0103 fa\u021b\u0103: aproximativ 78 cm &#8211; 45 cm<\/p>\n<p>circumferin\u021ba spatelui: aproximativ 100 cm x 70 cm<\/p>\n<p>material de conectare: 38 cm x 23<\/p>","protected":false},"excerpt":{"rendered":"<p>Culoare: Negru Ave\u021bi grij\u0103 de mersul sigur \u0219i confortabil al animalului de companie. Un ham f\u0103r\u0103 presiune este cea mai<\/p>","protected":false},"featured_media":31165,"comment_status":"open","ping_status":"open","template":"","meta":[],"product_brand":[],"product_cat":[99,346,399],"product_tag":[104],"class_list":{"0":"post-31164","1":"product","2":"type-product","3":"status-publish","4":"has-post-thumbnail","6":"product_cat-acasa","7":"product_cat-petshop","8":"product_cat-zgarzi-lese-hamuri","9":"product_tag-in-stoc","10":"pa_culoare-negru","12":"first","13":"instock","14":"sale","15":"purchasable","16":"product-type-simple"},"yoast_head":"<!-- This site is optimized with the Yoast SEO plugin v27.2 - https:\/\/yoast.com\/product\/yoast-seo-wordpress\/ -->\n<title>Ham pentru caini, reflectorizant, XL,Gonga\u00ae | ZOKO<\/title>\n<meta name=\"robots\" content=\"index, follow, max-snippet:-1, max-image-preview:large, max-video-preview:-1\" \/>\n<link rel=\"canonical\" href=\"https:\/\/www.zoko.ro\/en\/p\/ham-pentru-caini-reflectorizant-xlgonga\/\" \/>\n<meta property=\"og:locale\" content=\"en_GB\" \/>\n<meta property=\"og:type\" content=\"article\" \/>\n<meta property=\"og:title\" content=\"Ham pentru caini, reflectorizant, XL,Gonga\u00ae | ZOKO\" \/>\n<meta property=\"og:description\" content=\"Culoare: Negru Ave\u021bi grij\u0103 de mersul sigur \u0219i confortabil al animalului de companie. Un ham f\u0103r\u0103 presiune este cea mai\" \/>\n<meta property=\"og:url\" content=\"https:\/\/www.zoko.ro\/en\/p\/ham-pentru-caini-reflectorizant-xlgonga\/\" \/>\n<meta property=\"og:site_name\" content=\"ZOKO\" \/>\n<meta property=\"article:publisher\" content=\"https:\/\/www.facebook.com\/profile.php?id=61584344135075\" \/>\n<meta property=\"article:modified_time\" content=\"2026-04-28T21:30:50+00:00\" \/>\n<meta property=\"og:image\" content=\"https:\/\/www.zoko.ro\/wp-content\/uploads\/2025\/12\/ham-pentru-caini-reflectorizant-xl.jpg\" \/>\n\t<meta property=\"og:image:width\" content=\"820\" \/>\n\t<meta property=\"og:image:height\" content=\"821\" \/>\n\t<meta property=\"og:image:type\" content=\"image\/jpeg\" \/>\n<meta name=\"twitter:card\" content=\"summary_large_image\" \/>\n<meta name=\"twitter:label1\" content=\"Estimated reading time\" \/>\n\t<meta name=\"twitter:data1\" content=\"1 minute\" \/>\n<script type=\"application\/ld+json\" class=\"yoast-schema-graph\">{\"@context\":\"https:\/\/schema.org\",\"@graph\":[{\"@type\":\"WebPage\",\"@id\":\"https:\/\/www.zoko.ro\/p\/ham-pentru-caini-reflectorizant-xlgonga\/\",\"url\":\"https:\/\/www.zoko.ro\/p\/ham-pentru-caini-reflectorizant-xlgonga\/\",\"name\":\"Ham pentru caini, reflectorizant, XL,Gonga\u00ae | ZOKO\",\"isPartOf\":{\"@id\":\"https:\/\/www.zoko.ro\/#website\"},\"primaryImageOfPage\":{\"@id\":\"https:\/\/www.zoko.ro\/p\/ham-pentru-caini-reflectorizant-xlgonga\/#primaryimage\"},\"image\":{\"@id\":\"https:\/\/www.zoko.ro\/p\/ham-pentru-caini-reflectorizant-xlgonga\/#primaryimage\"},\"thumbnailUrl\":\"https:\/\/www.zoko.ro\/wp-content\/uploads\/2025\/12\/ham-pentru-caini-reflectorizant-xl.jpg\",\"datePublished\":\"2026-04-28T21:30:49+00:00\",\"dateModified\":\"2026-04-28T21:30:50+00:00\",\"breadcrumb\":{\"@id\":\"https:\/\/www.zoko.ro\/p\/ham-pentru-caini-reflectorizant-xlgonga\/#breadcrumb\"},\"inLanguage\":\"en-GB\",\"potentialAction\":[{\"@type\":\"ReadAction\",\"target\":[\"https:\/\/www.zoko.ro\/p\/ham-pentru-caini-reflectorizant-xlgonga\/\"]}]},{\"@type\":\"ImageObject\",\"inLanguage\":\"en-GB\",\"@id\":\"https:\/\/www.zoko.ro\/p\/ham-pentru-caini-reflectorizant-xlgonga\/#primaryimage\",\"url\":\"https:\/\/www.zoko.ro\/wp-content\/uploads\/2025\/12\/ham-pentru-caini-reflectorizant-xl.jpg\",\"contentUrl\":\"https:\/\/www.zoko.ro\/wp-content\/uploads\/2025\/12\/ham-pentru-caini-reflectorizant-xl.jpg\",\"width\":820,\"height\":821},{\"@type\":\"BreadcrumbList\",\"@id\":\"https:\/\/www.zoko.ro\/p\/ham-pentru-caini-reflectorizant-xlgonga\/#breadcrumb\",\"itemListElement\":[{\"@type\":\"ListItem\",\"position\":1,\"name\":\"Home\",\"item\":\"https:\/\/www.zoko.ro\/\"},{\"@type\":\"ListItem\",\"position\":2,\"name\":\"Magazin\",\"item\":\"https:\/\/www.zoko.ro\/magazin\/\"},{\"@type\":\"ListItem\",\"position\":3,\"name\":\"Ham pentru caini, reflectorizant, XL,Gonga\u00ae\"}]},{\"@type\":\"WebSite\",\"@id\":\"https:\/\/www.zoko.ro\/#website\",\"url\":\"https:\/\/www.zoko.ro\/\",\"name\":\"ZOKO.ro\",\"description\":\"Cump\u0103r\u0103 inteligent\",\"publisher\":{\"@id\":\"https:\/\/www.zoko.ro\/#organization\"},\"potentialAction\":[{\"@type\":\"SearchAction\",\"target\":{\"@type\":\"EntryPoint\",\"urlTemplate\":\"https:\/\/www.zoko.ro\/?s={search_term_string}\"},\"query-input\":{\"@type\":\"PropertyValueSpecification\",\"valueRequired\":true,\"valueName\":\"search_term_string\"}}],\"inLanguage\":\"en-GB\"},{\"@type\":\"Organization\",\"@id\":\"https:\/\/www.zoko.ro\/#organization\",\"name\":\"ZOKO\",\"url\":\"https:\/\/www.zoko.ro\/\",\"logo\":{\"@type\":\"ImageObject\",\"inLanguage\":\"en-GB\",\"@id\":\"https:\/\/www.zoko.ro\/#\/schema\/logo\/image\/\",\"url\":\"https:\/\/www.zoko.ro\/wp-content\/uploads\/2025\/03\/logo1.svg\",\"contentUrl\":\"https:\/\/www.zoko.ro\/wp-content\/uploads\/2025\/03\/logo1.svg\",\"width\":799,\"height\":216,\"caption\":\"ZOKO\"},\"image\":{\"@id\":\"https:\/\/www.zoko.ro\/#\/schema\/logo\/image\/\"},\"sameAs\":[\"https:\/\/www.facebook.com\/profile.php?id=61584344135075\"]}]}<\/script>\n<!-- \/ Yoast SEO plugin. -->","yoast_head_json":{"title":"Ham pentru caini, reflectorizant, XL,Gonga\u00ae | ZOKO","robots":{"index":"index","follow":"follow","max-snippet":"max-snippet:-1","max-image-preview":"max-image-preview:large","max-video-preview":"max-video-preview:-1"},"canonical":"https:\/\/www.zoko.ro\/en\/p\/ham-pentru-caini-reflectorizant-xlgonga\/","og_locale":"en_GB","og_type":"article","og_title":"Ham pentru caini, reflectorizant, XL,Gonga\u00ae | ZOKO","og_description":"Culoare: Negru Ave\u021bi grij\u0103 de mersul sigur \u0219i confortabil al animalului de companie. Un ham f\u0103r\u0103 presiune este cea mai","og_url":"https:\/\/www.zoko.ro\/en\/p\/ham-pentru-caini-reflectorizant-xlgonga\/","og_site_name":"ZOKO","article_publisher":"https:\/\/www.facebook.com\/profile.php?id=61584344135075","article_modified_time":"2026-04-28T21:30:50+00:00","og_image":[{"width":820,"height":821,"url":"https:\/\/www.zoko.ro\/wp-content\/uploads\/2025\/12\/ham-pentru-caini-reflectorizant-xl.jpg","type":"image\/jpeg"}],"twitter_card":"summary_large_image","twitter_misc":{"Estimated reading time":"1 minute"},"schema":{"@context":"https:\/\/schema.org","@graph":[{"@type":"WebPage","@id":"https:\/\/www.zoko.ro\/p\/ham-pentru-caini-reflectorizant-xlgonga\/","url":"https:\/\/www.zoko.ro\/p\/ham-pentru-caini-reflectorizant-xlgonga\/","name":"Ham pentru caini, reflectorizant, XL,Gonga\u00ae | ZOKO","isPartOf":{"@id":"https:\/\/www.zoko.ro\/#website"},"primaryImageOfPage":{"@id":"https:\/\/www.zoko.ro\/p\/ham-pentru-caini-reflectorizant-xlgonga\/#primaryimage"},"image":{"@id":"https:\/\/www.zoko.ro\/p\/ham-pentru-caini-reflectorizant-xlgonga\/#primaryimage"},"thumbnailUrl":"https:\/\/www.zoko.ro\/wp-content\/uploads\/2025\/12\/ham-pentru-caini-reflectorizant-xl.jpg","datePublished":"2026-04-28T21:30:49+00:00","dateModified":"2026-04-28T21:30:50+00:00","breadcrumb":{"@id":"https:\/\/www.zoko.ro\/p\/ham-pentru-caini-reflectorizant-xlgonga\/#breadcrumb"},"inLanguage":"en-GB","potentialAction":[{"@type":"ReadAction","target":["https:\/\/www.zoko.ro\/p\/ham-pentru-caini-reflectorizant-xlgonga\/"]}]},{"@type":"ImageObject","inLanguage":"en-GB","@id":"https:\/\/www.zoko.ro\/p\/ham-pentru-caini-reflectorizant-xlgonga\/#primaryimage","url":"https:\/\/www.zoko.ro\/wp-content\/uploads\/2025\/12\/ham-pentru-caini-reflectorizant-xl.jpg","contentUrl":"https:\/\/www.zoko.ro\/wp-content\/uploads\/2025\/12\/ham-pentru-caini-reflectorizant-xl.jpg","width":820,"height":821},{"@type":"BreadcrumbList","@id":"https:\/\/www.zoko.ro\/p\/ham-pentru-caini-reflectorizant-xlgonga\/#breadcrumb","itemListElement":[{"@type":"ListItem","position":1,"name":"Home","item":"https:\/\/www.zoko.ro\/"},{"@type":"ListItem","position":2,"name":"Magazin","item":"https:\/\/www.zoko.ro\/magazin\/"},{"@type":"ListItem","position":3,"name":"Ham pentru caini, reflectorizant, XL,Gonga\u00ae"}]},{"@type":"WebSite","@id":"https:\/\/www.zoko.ro\/#website","url":"https:\/\/www.zoko.ro\/","name":"ZOKO.ro","description":"Cump\u0103r\u0103 inteligent","publisher":{"@id":"https:\/\/www.zoko.ro\/#organization"},"potentialAction":[{"@type":"SearchAction","target":{"@type":"EntryPoint","urlTemplate":"https:\/\/www.zoko.ro\/?s={search_term_string}"},"query-input":{"@type":"PropertyValueSpecification","valueRequired":true,"valueName":"search_term_string"}}],"inLanguage":"en-GB"},{"@type":"Organization","@id":"https:\/\/www.zoko.ro\/#organization","name":"ZOKO","url":"https:\/\/www.zoko.ro\/","logo":{"@type":"ImageObject","inLanguage":"en-GB","@id":"https:\/\/www.zoko.ro\/#\/schema\/logo\/image\/","url":"https:\/\/www.zoko.ro\/wp-content\/uploads\/2025\/03\/logo1.svg","contentUrl":"https:\/\/www.zoko.ro\/wp-content\/uploads\/2025\/03\/logo1.svg","width":799,"height":216,"caption":"ZOKO"},"image":{"@id":"https:\/\/www.zoko.ro\/#\/schema\/logo\/image\/"},"sameAs":["https:\/\/www.facebook.com\/profile.php?id=61584344135075"]}]}},"_links":{"self":[{"href":"https:\/\/www.zoko.ro\/en\/wp-json\/wp\/v2\/product\/31164","targetHints":{"allow":["GET"]}}],"collection":[{"href":"https:\/\/www.zoko.ro\/en\/wp-json\/wp\/v2\/product"}],"about":[{"href":"https:\/\/www.zoko.ro\/en\/wp-json\/wp\/v2\/types\/product"}],"replies":[{"embeddable":true,"href":"https:\/\/www.zoko.ro\/en\/wp-json\/wp\/v2\/comments?post=31164"}],"version-history":[{"count":1,"href":"https:\/\/www.zoko.ro\/en\/wp-json\/wp\/v2\/product\/31164\/revisions"}],"predecessor-version":[{"id":38083,"href":"https:\/\/www.zoko.ro\/en\/wp-json\/wp\/v2\/product\/31164\/revisions\/38083"}],"wp:featuredmedia":[{"embeddable":true,"href":"https:\/\/www.zoko.ro\/en\/wp-json\/wp\/v2\/media\/31165"}],"wp:attachment":[{"href":"https:\/\/www.zoko.ro\/en\/wp-json\/wp\/v2\/media?parent=31164"}],"wp:term":[{"taxonomy":"product_brand","embeddable":true,"href":"https:\/\/www.zoko.ro\/en\/wp-json\/wp\/v2\/product_brand?post=31164"},{"taxonomy":"product_cat","embeddable":true,"href":"https:\/\/www.zoko.ro\/en\/wp-json\/wp\/v2\/product_cat?post=31164"},{"taxonomy":"product_tag","embeddable":true,"href":"https:\/\/www.zoko.ro\/en\/wp-json\/wp\/v2\/product_tag?post=31164"}],"curies":[{"name":"wp","href":"https:\/\/api.w.org\/{rel}","templated":true}]}}