{"id":31217,"date":"2026-04-28T23:30:56","date_gmt":"2026-04-28T21:30:56","guid":{"rendered":"https:\/\/www.zoko.ro\/p\/incarcator-auto-2x-usb-si-1x-usb-c-gonga-2\/"},"modified":"2026-04-28T23:30:56","modified_gmt":"2026-04-28T21:30:56","slug":"incarcator-auto-2x-usb-si-1x-usb-c-gonga-2","status":"publish","type":"product","link":"https:\/\/www.zoko.ro\/en\/p\/incarcator-auto-2x-usb-si-1x-usb-c-gonga-2\/","title":{"rendered":"Incarcator Auto 2x USB si 1x USB-C, Gonga\u00ae"},"content":{"rendered":"<p><strong>Culoare:<\/strong> Negru<\/p>\n<p>Un \u00eenc\u0103rc\u0103tor auto perfect \u0219i extrem de practic pentru \u00eenc\u0103rcarea dispozitivelor USB \u00een timpul c\u0103l\u0103toriilor! Alimentat de la o priz\u0103 de brichet\u0103 auto standard de 12 sau 24 V (deci o pute\u021bi folosi \u0219i \u00een camioane!).\u00a0<\/p>\n<\/p>\n<p>Echipat cu 2 porturi USB standard si 1 port USB C cu un curent maxim de 3,1A! \u00cenc\u0103rc\u0103torul \u00een sine ajusteaz\u0103 intensitatea curentului la capacit\u0103\u021bile dispozitivului care se \u00eencarc\u0103, ceea ce previne deteriorarea bateriei acestuia!\u00a0<\/p>\n<\/p>\n<p>Partea frontal\u0103 iluminat\u0103 a dispozitivului faciliteaz\u0103 conectarea cablului USB \u00een condi\u021bii dificile de iluminare. Designul extrem de compact nu ocupa mult spatiu in masina si iese din bricheta doar cativa centimetri! Este un instrument grozav, absolut de ne\u00eenlocuit din mers!<\/p>\n<\/p>\n<p>Caracteristicile si specificatiile produsului:<\/p>\n<\/p>\n<p>&#8211; Material: Plastic (ABS)<\/p>\n<p>&#8211; Interfa\u021b\u0103: USB \u0219i USB-C<\/p>\n<p>&#8211; Func\u021bie de \u00eenc\u0103rcare rapid\u0103: \u00cenc\u0103rcare rapid\u0103<\/p>\n<p>&#8211; Tensiune de ie\u0219ire: 5V (pentru 3.1A)<\/p>\n<p>&#8211; Tensiune de ie\u0219ire: 12 V (pentru 1,8 A)<\/p>\n<p>&#8211; Tensiune de alimentare: 12-24V<\/p>\n<p>&#8211; Curent maxim de \u00eenc\u0103rcare: 3,1 A cu diviziune de intensitate diferit\u0103<\/p>\n<p>2x USB + 1x USB-C max. 3.1A<\/p>\n<p>&#8211; Dimensiuni: 79 mm x 44 mm x 24 mm<\/p><\/p>","protected":false},"excerpt":{"rendered":"<p>Culoare: Negru Un \u00eenc\u0103rc\u0103tor auto perfect \u0219i extrem de practic pentru \u00eenc\u0103rcarea dispozitivelor USB \u00een timpul c\u0103l\u0103toriilor! Alimentat de la<\/p>","protected":false},"featured_media":31218,"comment_status":"open","ping_status":"open","template":"","meta":[],"product_brand":[],"product_cat":[99,349,348],"product_tag":[],"class_list":{"0":"post-31217","1":"product","2":"type-product","3":"status-publish","4":"has-post-thumbnail","6":"product_cat-acasa","7":"product_cat-accesorii-auto","8":"product_cat-auto-moto","9":"pa_culoare-negru","11":"first","12":"outofstock","13":"sale","14":"purchasable","15":"product-type-simple"},"yoast_head":"<!-- This site is optimized with the Yoast SEO plugin v27.2 - https:\/\/yoast.com\/product\/yoast-seo-wordpress\/ -->\n<title>Incarcator Auto 2x USB si 1x USB-C, Gonga\u00ae | ZOKO<\/title>\n<meta name=\"robots\" content=\"index, follow, max-snippet:-1, max-image-preview:large, max-video-preview:-1\" \/>\n<link rel=\"canonical\" href=\"https:\/\/www.zoko.ro\/en\/p\/incarcator-auto-2x-usb-si-1x-usb-c-gonga-2\/\" \/>\n<meta property=\"og:locale\" content=\"en_GB\" \/>\n<meta property=\"og:type\" content=\"article\" \/>\n<meta property=\"og:title\" content=\"Incarcator Auto 2x USB si 1x USB-C, Gonga\u00ae | ZOKO\" \/>\n<meta property=\"og:description\" content=\"Culoare: Negru Un \u00eenc\u0103rc\u0103tor auto perfect \u0219i extrem de practic pentru \u00eenc\u0103rcarea dispozitivelor USB \u00een timpul c\u0103l\u0103toriilor! Alimentat de la\" \/>\n<meta property=\"og:url\" content=\"https:\/\/www.zoko.ro\/en\/p\/incarcator-auto-2x-usb-si-1x-usb-c-gonga-2\/\" \/>\n<meta property=\"og:site_name\" content=\"ZOKO\" \/>\n<meta property=\"article:publisher\" content=\"https:\/\/www.facebook.com\/profile.php?id=61584344135075\" \/>\n<meta property=\"og:image\" content=\"https:\/\/www.zoko.ro\/wp-content\/uploads\/2025\/12\/incarcator-auto-2x-usb-1x-usb-c-gonga-3.jpg\" \/>\n\t<meta property=\"og:image:width\" content=\"800\" \/>\n\t<meta property=\"og:image:height\" content=\"800\" \/>\n\t<meta property=\"og:image:type\" content=\"image\/jpeg\" \/>\n<meta name=\"twitter:card\" content=\"summary_large_image\" \/>\n<meta name=\"twitter:label1\" content=\"Estimated reading time\" \/>\n\t<meta name=\"twitter:data1\" content=\"1 minute\" \/>\n<script type=\"application\/ld+json\" class=\"yoast-schema-graph\">{\"@context\":\"https:\/\/schema.org\",\"@graph\":[{\"@type\":\"WebPage\",\"@id\":\"https:\/\/www.zoko.ro\/p\/incarcator-auto-2x-usb-si-1x-usb-c-gonga-2\/\",\"url\":\"https:\/\/www.zoko.ro\/p\/incarcator-auto-2x-usb-si-1x-usb-c-gonga-2\/\",\"name\":\"Incarcator Auto 2x USB si 1x USB-C, Gonga\u00ae | ZOKO\",\"isPartOf\":{\"@id\":\"https:\/\/www.zoko.ro\/#website\"},\"primaryImageOfPage\":{\"@id\":\"https:\/\/www.zoko.ro\/p\/incarcator-auto-2x-usb-si-1x-usb-c-gonga-2\/#primaryimage\"},\"image\":{\"@id\":\"https:\/\/www.zoko.ro\/p\/incarcator-auto-2x-usb-si-1x-usb-c-gonga-2\/#primaryimage\"},\"thumbnailUrl\":\"https:\/\/www.zoko.ro\/wp-content\/uploads\/2025\/12\/incarcator-auto-2x-usb-1x-usb-c-gonga-3.jpg\",\"datePublished\":\"2026-04-28T21:30:56+00:00\",\"breadcrumb\":{\"@id\":\"https:\/\/www.zoko.ro\/p\/incarcator-auto-2x-usb-si-1x-usb-c-gonga-2\/#breadcrumb\"},\"inLanguage\":\"en-GB\",\"potentialAction\":[{\"@type\":\"ReadAction\",\"target\":[\"https:\/\/www.zoko.ro\/p\/incarcator-auto-2x-usb-si-1x-usb-c-gonga-2\/\"]}]},{\"@type\":\"ImageObject\",\"inLanguage\":\"en-GB\",\"@id\":\"https:\/\/www.zoko.ro\/p\/incarcator-auto-2x-usb-si-1x-usb-c-gonga-2\/#primaryimage\",\"url\":\"https:\/\/www.zoko.ro\/wp-content\/uploads\/2025\/12\/incarcator-auto-2x-usb-1x-usb-c-gonga-3.jpg\",\"contentUrl\":\"https:\/\/www.zoko.ro\/wp-content\/uploads\/2025\/12\/incarcator-auto-2x-usb-1x-usb-c-gonga-3.jpg\",\"width\":800,\"height\":800},{\"@type\":\"BreadcrumbList\",\"@id\":\"https:\/\/www.zoko.ro\/p\/incarcator-auto-2x-usb-si-1x-usb-c-gonga-2\/#breadcrumb\",\"itemListElement\":[{\"@type\":\"ListItem\",\"position\":1,\"name\":\"Home\",\"item\":\"https:\/\/www.zoko.ro\/\"},{\"@type\":\"ListItem\",\"position\":2,\"name\":\"Magazin\",\"item\":\"https:\/\/www.zoko.ro\/magazin\/\"},{\"@type\":\"ListItem\",\"position\":3,\"name\":\"Incarcator Auto 2x USB si 1x USB-C, Gonga\u00ae\"}]},{\"@type\":\"WebSite\",\"@id\":\"https:\/\/www.zoko.ro\/#website\",\"url\":\"https:\/\/www.zoko.ro\/\",\"name\":\"ZOKO.ro\",\"description\":\"Cump\u0103r\u0103 inteligent\",\"publisher\":{\"@id\":\"https:\/\/www.zoko.ro\/#organization\"},\"potentialAction\":[{\"@type\":\"SearchAction\",\"target\":{\"@type\":\"EntryPoint\",\"urlTemplate\":\"https:\/\/www.zoko.ro\/?s={search_term_string}\"},\"query-input\":{\"@type\":\"PropertyValueSpecification\",\"valueRequired\":true,\"valueName\":\"search_term_string\"}}],\"inLanguage\":\"en-GB\"},{\"@type\":\"Organization\",\"@id\":\"https:\/\/www.zoko.ro\/#organization\",\"name\":\"ZOKO\",\"url\":\"https:\/\/www.zoko.ro\/\",\"logo\":{\"@type\":\"ImageObject\",\"inLanguage\":\"en-GB\",\"@id\":\"https:\/\/www.zoko.ro\/#\/schema\/logo\/image\/\",\"url\":\"https:\/\/www.zoko.ro\/wp-content\/uploads\/2025\/03\/logo1.svg\",\"contentUrl\":\"https:\/\/www.zoko.ro\/wp-content\/uploads\/2025\/03\/logo1.svg\",\"width\":799,\"height\":216,\"caption\":\"ZOKO\"},\"image\":{\"@id\":\"https:\/\/www.zoko.ro\/#\/schema\/logo\/image\/\"},\"sameAs\":[\"https:\/\/www.facebook.com\/profile.php?id=61584344135075\"]}]}<\/script>\n<!-- \/ Yoast SEO plugin. -->","yoast_head_json":{"title":"Incarcator Auto 2x USB si 1x USB-C, Gonga\u00ae | ZOKO","robots":{"index":"index","follow":"follow","max-snippet":"max-snippet:-1","max-image-preview":"max-image-preview:large","max-video-preview":"max-video-preview:-1"},"canonical":"https:\/\/www.zoko.ro\/en\/p\/incarcator-auto-2x-usb-si-1x-usb-c-gonga-2\/","og_locale":"en_GB","og_type":"article","og_title":"Incarcator Auto 2x USB si 1x USB-C, Gonga\u00ae | ZOKO","og_description":"Culoare: Negru Un \u00eenc\u0103rc\u0103tor auto perfect \u0219i extrem de practic pentru \u00eenc\u0103rcarea dispozitivelor USB \u00een timpul c\u0103l\u0103toriilor! Alimentat de la","og_url":"https:\/\/www.zoko.ro\/en\/p\/incarcator-auto-2x-usb-si-1x-usb-c-gonga-2\/","og_site_name":"ZOKO","article_publisher":"https:\/\/www.facebook.com\/profile.php?id=61584344135075","og_image":[{"width":800,"height":800,"url":"https:\/\/www.zoko.ro\/wp-content\/uploads\/2025\/12\/incarcator-auto-2x-usb-1x-usb-c-gonga-3.jpg","type":"image\/jpeg"}],"twitter_card":"summary_large_image","twitter_misc":{"Estimated reading time":"1 minute"},"schema":{"@context":"https:\/\/schema.org","@graph":[{"@type":"WebPage","@id":"https:\/\/www.zoko.ro\/p\/incarcator-auto-2x-usb-si-1x-usb-c-gonga-2\/","url":"https:\/\/www.zoko.ro\/p\/incarcator-auto-2x-usb-si-1x-usb-c-gonga-2\/","name":"Incarcator Auto 2x USB si 1x USB-C, Gonga\u00ae | ZOKO","isPartOf":{"@id":"https:\/\/www.zoko.ro\/#website"},"primaryImageOfPage":{"@id":"https:\/\/www.zoko.ro\/p\/incarcator-auto-2x-usb-si-1x-usb-c-gonga-2\/#primaryimage"},"image":{"@id":"https:\/\/www.zoko.ro\/p\/incarcator-auto-2x-usb-si-1x-usb-c-gonga-2\/#primaryimage"},"thumbnailUrl":"https:\/\/www.zoko.ro\/wp-content\/uploads\/2025\/12\/incarcator-auto-2x-usb-1x-usb-c-gonga-3.jpg","datePublished":"2026-04-28T21:30:56+00:00","breadcrumb":{"@id":"https:\/\/www.zoko.ro\/p\/incarcator-auto-2x-usb-si-1x-usb-c-gonga-2\/#breadcrumb"},"inLanguage":"en-GB","potentialAction":[{"@type":"ReadAction","target":["https:\/\/www.zoko.ro\/p\/incarcator-auto-2x-usb-si-1x-usb-c-gonga-2\/"]}]},{"@type":"ImageObject","inLanguage":"en-GB","@id":"https:\/\/www.zoko.ro\/p\/incarcator-auto-2x-usb-si-1x-usb-c-gonga-2\/#primaryimage","url":"https:\/\/www.zoko.ro\/wp-content\/uploads\/2025\/12\/incarcator-auto-2x-usb-1x-usb-c-gonga-3.jpg","contentUrl":"https:\/\/www.zoko.ro\/wp-content\/uploads\/2025\/12\/incarcator-auto-2x-usb-1x-usb-c-gonga-3.jpg","width":800,"height":800},{"@type":"BreadcrumbList","@id":"https:\/\/www.zoko.ro\/p\/incarcator-auto-2x-usb-si-1x-usb-c-gonga-2\/#breadcrumb","itemListElement":[{"@type":"ListItem","position":1,"name":"Home","item":"https:\/\/www.zoko.ro\/"},{"@type":"ListItem","position":2,"name":"Magazin","item":"https:\/\/www.zoko.ro\/magazin\/"},{"@type":"ListItem","position":3,"name":"Incarcator Auto 2x USB si 1x USB-C, Gonga\u00ae"}]},{"@type":"WebSite","@id":"https:\/\/www.zoko.ro\/#website","url":"https:\/\/www.zoko.ro\/","name":"ZOKO.ro","description":"Cump\u0103r\u0103 inteligent","publisher":{"@id":"https:\/\/www.zoko.ro\/#organization"},"potentialAction":[{"@type":"SearchAction","target":{"@type":"EntryPoint","urlTemplate":"https:\/\/www.zoko.ro\/?s={search_term_string}"},"query-input":{"@type":"PropertyValueSpecification","valueRequired":true,"valueName":"search_term_string"}}],"inLanguage":"en-GB"},{"@type":"Organization","@id":"https:\/\/www.zoko.ro\/#organization","name":"ZOKO","url":"https:\/\/www.zoko.ro\/","logo":{"@type":"ImageObject","inLanguage":"en-GB","@id":"https:\/\/www.zoko.ro\/#\/schema\/logo\/image\/","url":"https:\/\/www.zoko.ro\/wp-content\/uploads\/2025\/03\/logo1.svg","contentUrl":"https:\/\/www.zoko.ro\/wp-content\/uploads\/2025\/03\/logo1.svg","width":799,"height":216,"caption":"ZOKO"},"image":{"@id":"https:\/\/www.zoko.ro\/#\/schema\/logo\/image\/"},"sameAs":["https:\/\/www.facebook.com\/profile.php?id=61584344135075"]}]}},"_links":{"self":[{"href":"https:\/\/www.zoko.ro\/en\/wp-json\/wp\/v2\/product\/31217","targetHints":{"allow":["GET"]}}],"collection":[{"href":"https:\/\/www.zoko.ro\/en\/wp-json\/wp\/v2\/product"}],"about":[{"href":"https:\/\/www.zoko.ro\/en\/wp-json\/wp\/v2\/types\/product"}],"replies":[{"embeddable":true,"href":"https:\/\/www.zoko.ro\/en\/wp-json\/wp\/v2\/comments?post=31217"}],"version-history":[{"count":1,"href":"https:\/\/www.zoko.ro\/en\/wp-json\/wp\/v2\/product\/31217\/revisions"}],"predecessor-version":[{"id":38092,"href":"https:\/\/www.zoko.ro\/en\/wp-json\/wp\/v2\/product\/31217\/revisions\/38092"}],"wp:featuredmedia":[{"embeddable":true,"href":"https:\/\/www.zoko.ro\/en\/wp-json\/wp\/v2\/media\/31218"}],"wp:attachment":[{"href":"https:\/\/www.zoko.ro\/en\/wp-json\/wp\/v2\/media?parent=31217"}],"wp:term":[{"taxonomy":"product_brand","embeddable":true,"href":"https:\/\/www.zoko.ro\/en\/wp-json\/wp\/v2\/product_brand?post=31217"},{"taxonomy":"product_cat","embeddable":true,"href":"https:\/\/www.zoko.ro\/en\/wp-json\/wp\/v2\/product_cat?post=31217"},{"taxonomy":"product_tag","embeddable":true,"href":"https:\/\/www.zoko.ro\/en\/wp-json\/wp\/v2\/product_tag?post=31217"}],"curies":[{"name":"wp","href":"https:\/\/api.w.org\/{rel}","templated":true}]}}