{"id":31450,"date":"2026-04-28T23:32:11","date_gmt":"2026-04-28T21:32:11","guid":{"rendered":"https:\/\/www.zoko.ro\/p\/puzzle-huzzle-cast-horse-nivel-2-6-gonga\/"},"modified":"2026-04-28T23:32:11","modified_gmt":"2026-04-28T21:32:11","slug":"puzzle-huzzle-cast-horse-nivel-2-6-gonga","status":"publish","type":"product","link":"https:\/\/www.zoko.ro\/en\/p\/puzzle-huzzle-cast-horse-nivel-2-6-gonga\/","title":{"rendered":"Puzzle Huzzle Cast Horse, nivel 2\/6, Gonga\u00ae"},"content":{"rendered":"<p><strong>Culoare:<\/strong> Argintiu<\/p>\n<p>\u00cen vestul s\u0103lbatic al Americii, caii erau singurul mod de transport. \u00cen acele vremuri, cowboy-ii trebuiau s\u0103 fac\u0103 tot ce puteau pentru a nu le fura caii.<\/p>\n<p>Huzzle ofer\u0103 puzzle-uri pentru copii \u0219i adul\u021bi care sunt rezolvate folosind un amestec de inspira\u021bie \u0219i logic\u0103. Provocarea este de a demonta puzzle-ul \u0219i de a-l pune la loc. Simplu, dar at\u00e2t de profund. Ve\u021bi avea nevoie de m\u00e2inile \u0219i creierul dvs. la bord pentru a rezolva puzzle-urile huzzle. Puzzling fericit!<\/p>\n<\/p>\n<p>Caracteristicile si specificatiile produsului:\u00a0<\/p>\n<\/p>\n<p>&#8211; Material: Metal\u00a0<\/p>\n<p>&#8211; Dimensiuni: 12 x 7 x 4 cm\u00a0<\/p>\n<p>&#8211; Greutate produs: 0,110 kg<\/p>\n<p>&#8211; Nivel dificultate: 2<\/p>\n<p>&#8211; Numar piese: 2<\/p>","protected":false},"excerpt":{"rendered":"<p>Culoare: Argintiu \u00cen vestul s\u0103lbatic al Americii, caii erau singurul mod de transport. \u00cen acele vremuri, cowboy-ii trebuiau s\u0103 fac\u0103<\/p>","protected":false},"featured_media":31451,"comment_status":"open","ping_status":"open","template":"","meta":[],"product_brand":[],"product_cat":[99,342,343],"product_tag":[104],"class_list":{"0":"post-31450","1":"product","2":"type-product","3":"status-publish","4":"has-post-thumbnail","6":"product_cat-acasa","7":"product_cat-cadouri","8":"product_cat-cadouri-haioase","9":"product_tag-in-stoc","10":"pa_culoare-argintiu","12":"first","13":"instock","14":"sale","15":"purchasable","16":"product-type-simple"},"yoast_head":"<!-- This site is optimized with the Yoast SEO plugin v27.2 - https:\/\/yoast.com\/product\/yoast-seo-wordpress\/ -->\n<title>Puzzle Huzzle Cast Horse, nivel 2\/6, Gonga\u00ae | ZOKO<\/title>\n<meta name=\"robots\" content=\"index, follow, max-snippet:-1, max-image-preview:large, max-video-preview:-1\" \/>\n<link rel=\"canonical\" href=\"https:\/\/www.zoko.ro\/en\/p\/puzzle-huzzle-cast-horse-nivel-2-6-gonga\/\" \/>\n<meta property=\"og:locale\" content=\"en_GB\" \/>\n<meta property=\"og:type\" content=\"article\" \/>\n<meta property=\"og:title\" content=\"Puzzle Huzzle Cast Horse, nivel 2\/6, Gonga\u00ae | ZOKO\" \/>\n<meta property=\"og:description\" content=\"Culoare: Argintiu \u00cen vestul s\u0103lbatic al Americii, caii erau singurul mod de transport. \u00cen acele vremuri, cowboy-ii trebuiau s\u0103 fac\u0103\" \/>\n<meta property=\"og:url\" content=\"https:\/\/www.zoko.ro\/en\/p\/puzzle-huzzle-cast-horse-nivel-2-6-gonga\/\" \/>\n<meta property=\"og:site_name\" content=\"ZOKO\" \/>\n<meta property=\"article:publisher\" content=\"https:\/\/www.facebook.com\/profile.php?id=61584344135075\" \/>\n<meta property=\"og:image\" content=\"https:\/\/www.zoko.ro\/wp-content\/uploads\/2025\/12\/puzzle-huzzle-cast-horse-nivel-26-gonga.jpg\" \/>\n\t<meta property=\"og:image:width\" content=\"800\" \/>\n\t<meta property=\"og:image:height\" content=\"800\" \/>\n\t<meta property=\"og:image:type\" content=\"image\/jpeg\" \/>\n<meta name=\"twitter:card\" content=\"summary_large_image\" \/>\n<meta name=\"twitter:label1\" content=\"Estimated reading time\" \/>\n\t<meta name=\"twitter:data1\" content=\"1 minute\" \/>\n<script type=\"application\/ld+json\" class=\"yoast-schema-graph\">{\"@context\":\"https:\/\/schema.org\",\"@graph\":[{\"@type\":\"WebPage\",\"@id\":\"https:\/\/www.zoko.ro\/p\/puzzle-huzzle-cast-horse-nivel-2-6-gonga\/\",\"url\":\"https:\/\/www.zoko.ro\/p\/puzzle-huzzle-cast-horse-nivel-2-6-gonga\/\",\"name\":\"Puzzle Huzzle Cast Horse, nivel 2\/6, Gonga\u00ae | ZOKO\",\"isPartOf\":{\"@id\":\"https:\/\/www.zoko.ro\/#website\"},\"primaryImageOfPage\":{\"@id\":\"https:\/\/www.zoko.ro\/p\/puzzle-huzzle-cast-horse-nivel-2-6-gonga\/#primaryimage\"},\"image\":{\"@id\":\"https:\/\/www.zoko.ro\/p\/puzzle-huzzle-cast-horse-nivel-2-6-gonga\/#primaryimage\"},\"thumbnailUrl\":\"https:\/\/www.zoko.ro\/wp-content\/uploads\/2025\/12\/puzzle-huzzle-cast-horse-nivel-26-gonga.jpg\",\"datePublished\":\"2026-04-28T21:32:11+00:00\",\"breadcrumb\":{\"@id\":\"https:\/\/www.zoko.ro\/p\/puzzle-huzzle-cast-horse-nivel-2-6-gonga\/#breadcrumb\"},\"inLanguage\":\"en-GB\",\"potentialAction\":[{\"@type\":\"ReadAction\",\"target\":[\"https:\/\/www.zoko.ro\/p\/puzzle-huzzle-cast-horse-nivel-2-6-gonga\/\"]}]},{\"@type\":\"ImageObject\",\"inLanguage\":\"en-GB\",\"@id\":\"https:\/\/www.zoko.ro\/p\/puzzle-huzzle-cast-horse-nivel-2-6-gonga\/#primaryimage\",\"url\":\"https:\/\/www.zoko.ro\/wp-content\/uploads\/2025\/12\/puzzle-huzzle-cast-horse-nivel-26-gonga.jpg\",\"contentUrl\":\"https:\/\/www.zoko.ro\/wp-content\/uploads\/2025\/12\/puzzle-huzzle-cast-horse-nivel-26-gonga.jpg\",\"width\":800,\"height\":800},{\"@type\":\"BreadcrumbList\",\"@id\":\"https:\/\/www.zoko.ro\/p\/puzzle-huzzle-cast-horse-nivel-2-6-gonga\/#breadcrumb\",\"itemListElement\":[{\"@type\":\"ListItem\",\"position\":1,\"name\":\"Home\",\"item\":\"https:\/\/www.zoko.ro\/\"},{\"@type\":\"ListItem\",\"position\":2,\"name\":\"Magazin\",\"item\":\"https:\/\/www.zoko.ro\/magazin\/\"},{\"@type\":\"ListItem\",\"position\":3,\"name\":\"Puzzle Huzzle Cast Horse, nivel 2\/6, Gonga\u00ae\"}]},{\"@type\":\"WebSite\",\"@id\":\"https:\/\/www.zoko.ro\/#website\",\"url\":\"https:\/\/www.zoko.ro\/\",\"name\":\"ZOKO.ro\",\"description\":\"Cump\u0103r\u0103 inteligent\",\"publisher\":{\"@id\":\"https:\/\/www.zoko.ro\/#organization\"},\"potentialAction\":[{\"@type\":\"SearchAction\",\"target\":{\"@type\":\"EntryPoint\",\"urlTemplate\":\"https:\/\/www.zoko.ro\/?s={search_term_string}\"},\"query-input\":{\"@type\":\"PropertyValueSpecification\",\"valueRequired\":true,\"valueName\":\"search_term_string\"}}],\"inLanguage\":\"en-GB\"},{\"@type\":\"Organization\",\"@id\":\"https:\/\/www.zoko.ro\/#organization\",\"name\":\"ZOKO\",\"url\":\"https:\/\/www.zoko.ro\/\",\"logo\":{\"@type\":\"ImageObject\",\"inLanguage\":\"en-GB\",\"@id\":\"https:\/\/www.zoko.ro\/#\/schema\/logo\/image\/\",\"url\":\"https:\/\/www.zoko.ro\/wp-content\/uploads\/2025\/03\/logo1.svg\",\"contentUrl\":\"https:\/\/www.zoko.ro\/wp-content\/uploads\/2025\/03\/logo1.svg\",\"width\":799,\"height\":216,\"caption\":\"ZOKO\"},\"image\":{\"@id\":\"https:\/\/www.zoko.ro\/#\/schema\/logo\/image\/\"},\"sameAs\":[\"https:\/\/www.facebook.com\/profile.php?id=61584344135075\"]}]}<\/script>\n<!-- \/ Yoast SEO plugin. -->","yoast_head_json":{"title":"Puzzle Huzzle Cast Horse, nivel 2\/6, Gonga\u00ae | ZOKO","robots":{"index":"index","follow":"follow","max-snippet":"max-snippet:-1","max-image-preview":"max-image-preview:large","max-video-preview":"max-video-preview:-1"},"canonical":"https:\/\/www.zoko.ro\/en\/p\/puzzle-huzzle-cast-horse-nivel-2-6-gonga\/","og_locale":"en_GB","og_type":"article","og_title":"Puzzle Huzzle Cast Horse, nivel 2\/6, Gonga\u00ae | ZOKO","og_description":"Culoare: Argintiu \u00cen vestul s\u0103lbatic al Americii, caii erau singurul mod de transport. \u00cen acele vremuri, cowboy-ii trebuiau s\u0103 fac\u0103","og_url":"https:\/\/www.zoko.ro\/en\/p\/puzzle-huzzle-cast-horse-nivel-2-6-gonga\/","og_site_name":"ZOKO","article_publisher":"https:\/\/www.facebook.com\/profile.php?id=61584344135075","og_image":[{"width":800,"height":800,"url":"https:\/\/www.zoko.ro\/wp-content\/uploads\/2025\/12\/puzzle-huzzle-cast-horse-nivel-26-gonga.jpg","type":"image\/jpeg"}],"twitter_card":"summary_large_image","twitter_misc":{"Estimated reading time":"1 minute"},"schema":{"@context":"https:\/\/schema.org","@graph":[{"@type":"WebPage","@id":"https:\/\/www.zoko.ro\/p\/puzzle-huzzle-cast-horse-nivel-2-6-gonga\/","url":"https:\/\/www.zoko.ro\/p\/puzzle-huzzle-cast-horse-nivel-2-6-gonga\/","name":"Puzzle Huzzle Cast Horse, nivel 2\/6, Gonga\u00ae | ZOKO","isPartOf":{"@id":"https:\/\/www.zoko.ro\/#website"},"primaryImageOfPage":{"@id":"https:\/\/www.zoko.ro\/p\/puzzle-huzzle-cast-horse-nivel-2-6-gonga\/#primaryimage"},"image":{"@id":"https:\/\/www.zoko.ro\/p\/puzzle-huzzle-cast-horse-nivel-2-6-gonga\/#primaryimage"},"thumbnailUrl":"https:\/\/www.zoko.ro\/wp-content\/uploads\/2025\/12\/puzzle-huzzle-cast-horse-nivel-26-gonga.jpg","datePublished":"2026-04-28T21:32:11+00:00","breadcrumb":{"@id":"https:\/\/www.zoko.ro\/p\/puzzle-huzzle-cast-horse-nivel-2-6-gonga\/#breadcrumb"},"inLanguage":"en-GB","potentialAction":[{"@type":"ReadAction","target":["https:\/\/www.zoko.ro\/p\/puzzle-huzzle-cast-horse-nivel-2-6-gonga\/"]}]},{"@type":"ImageObject","inLanguage":"en-GB","@id":"https:\/\/www.zoko.ro\/p\/puzzle-huzzle-cast-horse-nivel-2-6-gonga\/#primaryimage","url":"https:\/\/www.zoko.ro\/wp-content\/uploads\/2025\/12\/puzzle-huzzle-cast-horse-nivel-26-gonga.jpg","contentUrl":"https:\/\/www.zoko.ro\/wp-content\/uploads\/2025\/12\/puzzle-huzzle-cast-horse-nivel-26-gonga.jpg","width":800,"height":800},{"@type":"BreadcrumbList","@id":"https:\/\/www.zoko.ro\/p\/puzzle-huzzle-cast-horse-nivel-2-6-gonga\/#breadcrumb","itemListElement":[{"@type":"ListItem","position":1,"name":"Home","item":"https:\/\/www.zoko.ro\/"},{"@type":"ListItem","position":2,"name":"Magazin","item":"https:\/\/www.zoko.ro\/magazin\/"},{"@type":"ListItem","position":3,"name":"Puzzle Huzzle Cast Horse, nivel 2\/6, Gonga\u00ae"}]},{"@type":"WebSite","@id":"https:\/\/www.zoko.ro\/#website","url":"https:\/\/www.zoko.ro\/","name":"ZOKO.ro","description":"Cump\u0103r\u0103 inteligent","publisher":{"@id":"https:\/\/www.zoko.ro\/#organization"},"potentialAction":[{"@type":"SearchAction","target":{"@type":"EntryPoint","urlTemplate":"https:\/\/www.zoko.ro\/?s={search_term_string}"},"query-input":{"@type":"PropertyValueSpecification","valueRequired":true,"valueName":"search_term_string"}}],"inLanguage":"en-GB"},{"@type":"Organization","@id":"https:\/\/www.zoko.ro\/#organization","name":"ZOKO","url":"https:\/\/www.zoko.ro\/","logo":{"@type":"ImageObject","inLanguage":"en-GB","@id":"https:\/\/www.zoko.ro\/#\/schema\/logo\/image\/","url":"https:\/\/www.zoko.ro\/wp-content\/uploads\/2025\/03\/logo1.svg","contentUrl":"https:\/\/www.zoko.ro\/wp-content\/uploads\/2025\/03\/logo1.svg","width":799,"height":216,"caption":"ZOKO"},"image":{"@id":"https:\/\/www.zoko.ro\/#\/schema\/logo\/image\/"},"sameAs":["https:\/\/www.facebook.com\/profile.php?id=61584344135075"]}]}},"_links":{"self":[{"href":"https:\/\/www.zoko.ro\/en\/wp-json\/wp\/v2\/product\/31450","targetHints":{"allow":["GET"]}}],"collection":[{"href":"https:\/\/www.zoko.ro\/en\/wp-json\/wp\/v2\/product"}],"about":[{"href":"https:\/\/www.zoko.ro\/en\/wp-json\/wp\/v2\/types\/product"}],"replies":[{"embeddable":true,"href":"https:\/\/www.zoko.ro\/en\/wp-json\/wp\/v2\/comments?post=31450"}],"version-history":[{"count":1,"href":"https:\/\/www.zoko.ro\/en\/wp-json\/wp\/v2\/product\/31450\/revisions"}],"predecessor-version":[{"id":34110,"href":"https:\/\/www.zoko.ro\/en\/wp-json\/wp\/v2\/product\/31450\/revisions\/34110"}],"wp:featuredmedia":[{"embeddable":true,"href":"https:\/\/www.zoko.ro\/en\/wp-json\/wp\/v2\/media\/31451"}],"wp:attachment":[{"href":"https:\/\/www.zoko.ro\/en\/wp-json\/wp\/v2\/media?parent=31450"}],"wp:term":[{"taxonomy":"product_brand","embeddable":true,"href":"https:\/\/www.zoko.ro\/en\/wp-json\/wp\/v2\/product_brand?post=31450"},{"taxonomy":"product_cat","embeddable":true,"href":"https:\/\/www.zoko.ro\/en\/wp-json\/wp\/v2\/product_cat?post=31450"},{"taxonomy":"product_tag","embeddable":true,"href":"https:\/\/www.zoko.ro\/en\/wp-json\/wp\/v2\/product_tag?post=31450"}],"curies":[{"name":"wp","href":"https:\/\/api.w.org\/{rel}","templated":true}]}}