{"id":31474,"date":"2026-04-28T23:32:13","date_gmt":"2026-04-28T21:32:13","guid":{"rendered":"https:\/\/www.zoko.ro\/p\/set-6-creioane-colorate-pentru-pictura-fetei-gonga\/"},"modified":"2026-04-28T23:32:13","modified_gmt":"2026-04-28T21:32:13","slug":"set-6-creioane-colorate-pentru-pictura-fetei-gonga","status":"publish","type":"product","link":"https:\/\/www.zoko.ro\/en\/p\/set-6-creioane-colorate-pentru-pictura-fetei-gonga\/","title":{"rendered":"Set 6 creioane colorate pentru pictura fetei, Gonga\u00ae"},"content":{"rendered":"<p><strong>Culoare:<\/strong> Verde<\/p>\n<p>Creioanele pentru pictura fe\u021bei vor transforma fiecare b\u0103iat \u00eentr-un fan al fotbalului.<\/p>\n<\/p>\n<p>U\u0219or de aplicat \u0219i \u00eentins pe corp.<\/p>\n<p>Pentru a \u00eendep\u0103rta machiajul de pe corp, folose\u0219te doar ap\u0103 cald\u0103 cu s\u0103pun.<\/p>\n<\/p>\n<p>Produsul este destinat copiilor peste 3 ani. Non-toxic, respect\u00e2nd standardele europene de siguran\u021b\u0103. Nu sensibilizeaz\u0103 pielea.<\/p>\n<\/p>\n<p>Pictura pe fa\u021b\u0103 stimuleaz\u0103 imagina\u021bia \u0219i este o modalitate excelent\u0103 de a deveni un fan al echipei tale sportive preferate.<\/p>\n<\/p>\n<p>Caracteristicile si specificatiile produsului:<\/p>\n<\/p>\n<p>&#8211; Lungime creion: 5,5 cm<\/p>\n<p>&#8211; Grosime desen: de la 0,3 cm la 1 cm \u00een func\u021bie de unghiul la care se aplic\u0103 creionul<\/p>\n<p>&#8211; Numar creioane: 6<\/p>\n<p>&#8211; Culori: alb, galben, ro\u015fu, albastru, verde, negru<\/p>","protected":false},"excerpt":{"rendered":"<p>Culoare: Verde Creioanele pentru pictura fe\u021bei vor transforma fiecare b\u0103iat \u00eentr-un fan al fotbalului. U\u0219or de aplicat \u0219i \u00eentins pe<\/p>","protected":false},"featured_media":31475,"comment_status":"open","ping_status":"open","template":"","meta":[],"product_brand":[],"product_cat":[99,333,334,396],"product_tag":[104],"class_list":{"0":"post-31474","1":"product","2":"type-product","3":"status-publish","4":"has-post-thumbnail","6":"product_cat-acasa","7":"product_cat-jucarii","8":"product_cat-jucarii-jocuri-educative","9":"product_cat-jucarii-creative-seturi-pictura-si-desen","10":"product_tag-in-stoc","11":"pa_culoare-verde","13":"first","14":"instock","15":"sale","16":"purchasable","17":"product-type-simple"},"yoast_head":"<!-- This site is optimized with the Yoast SEO plugin v27.2 - https:\/\/yoast.com\/product\/yoast-seo-wordpress\/ -->\n<title>Set 6 creioane colorate pentru pictura fetei, Gonga\u00ae | ZOKO<\/title>\n<meta name=\"robots\" content=\"index, follow, max-snippet:-1, max-image-preview:large, max-video-preview:-1\" \/>\n<link rel=\"canonical\" href=\"https:\/\/www.zoko.ro\/en\/p\/set-6-creioane-colorate-pentru-pictura-fetei-gonga\/\" \/>\n<meta property=\"og:locale\" content=\"en_GB\" \/>\n<meta property=\"og:type\" content=\"article\" \/>\n<meta property=\"og:title\" content=\"Set 6 creioane colorate pentru pictura fetei, Gonga\u00ae | ZOKO\" \/>\n<meta property=\"og:description\" content=\"Culoare: Verde Creioanele pentru pictura fe\u021bei vor transforma fiecare b\u0103iat \u00eentr-un fan al fotbalului. U\u0219or de aplicat \u0219i \u00eentins pe\" \/>\n<meta property=\"og:url\" content=\"https:\/\/www.zoko.ro\/en\/p\/set-6-creioane-colorate-pentru-pictura-fetei-gonga\/\" \/>\n<meta property=\"og:site_name\" content=\"ZOKO\" \/>\n<meta property=\"article:publisher\" content=\"https:\/\/www.facebook.com\/profile.php?id=61584344135075\" \/>\n<meta property=\"og:image\" content=\"https:\/\/www.zoko.ro\/wp-content\/uploads\/2025\/12\/set-6-creioane-colorate-pentru-pictura-fetei-gonga.jpg\" \/>\n\t<meta property=\"og:image:width\" content=\"800\" \/>\n\t<meta property=\"og:image:height\" content=\"800\" \/>\n\t<meta property=\"og:image:type\" content=\"image\/jpeg\" \/>\n<meta name=\"twitter:card\" content=\"summary_large_image\" \/>\n<meta name=\"twitter:label1\" content=\"Estimated reading time\" \/>\n\t<meta name=\"twitter:data1\" content=\"1 minute\" \/>\n<script type=\"application\/ld+json\" class=\"yoast-schema-graph\">{\"@context\":\"https:\/\/schema.org\",\"@graph\":[{\"@type\":\"WebPage\",\"@id\":\"https:\/\/www.zoko.ro\/p\/set-6-creioane-colorate-pentru-pictura-fetei-gonga\/\",\"url\":\"https:\/\/www.zoko.ro\/p\/set-6-creioane-colorate-pentru-pictura-fetei-gonga\/\",\"name\":\"Set 6 creioane colorate pentru pictura fetei, Gonga\u00ae | ZOKO\",\"isPartOf\":{\"@id\":\"https:\/\/www.zoko.ro\/#website\"},\"primaryImageOfPage\":{\"@id\":\"https:\/\/www.zoko.ro\/p\/set-6-creioane-colorate-pentru-pictura-fetei-gonga\/#primaryimage\"},\"image\":{\"@id\":\"https:\/\/www.zoko.ro\/p\/set-6-creioane-colorate-pentru-pictura-fetei-gonga\/#primaryimage\"},\"thumbnailUrl\":\"https:\/\/www.zoko.ro\/wp-content\/uploads\/2025\/12\/set-6-creioane-colorate-pentru-pictura-fetei-gonga.jpg\",\"datePublished\":\"2026-04-28T21:32:13+00:00\",\"breadcrumb\":{\"@id\":\"https:\/\/www.zoko.ro\/p\/set-6-creioane-colorate-pentru-pictura-fetei-gonga\/#breadcrumb\"},\"inLanguage\":\"en-GB\",\"potentialAction\":[{\"@type\":\"ReadAction\",\"target\":[\"https:\/\/www.zoko.ro\/p\/set-6-creioane-colorate-pentru-pictura-fetei-gonga\/\"]}]},{\"@type\":\"ImageObject\",\"inLanguage\":\"en-GB\",\"@id\":\"https:\/\/www.zoko.ro\/p\/set-6-creioane-colorate-pentru-pictura-fetei-gonga\/#primaryimage\",\"url\":\"https:\/\/www.zoko.ro\/wp-content\/uploads\/2025\/12\/set-6-creioane-colorate-pentru-pictura-fetei-gonga.jpg\",\"contentUrl\":\"https:\/\/www.zoko.ro\/wp-content\/uploads\/2025\/12\/set-6-creioane-colorate-pentru-pictura-fetei-gonga.jpg\",\"width\":800,\"height\":800},{\"@type\":\"BreadcrumbList\",\"@id\":\"https:\/\/www.zoko.ro\/p\/set-6-creioane-colorate-pentru-pictura-fetei-gonga\/#breadcrumb\",\"itemListElement\":[{\"@type\":\"ListItem\",\"position\":1,\"name\":\"Home\",\"item\":\"https:\/\/www.zoko.ro\/\"},{\"@type\":\"ListItem\",\"position\":2,\"name\":\"Magazin\",\"item\":\"https:\/\/www.zoko.ro\/magazin\/\"},{\"@type\":\"ListItem\",\"position\":3,\"name\":\"Set 6 creioane colorate pentru pictura fetei, Gonga\u00ae\"}]},{\"@type\":\"WebSite\",\"@id\":\"https:\/\/www.zoko.ro\/#website\",\"url\":\"https:\/\/www.zoko.ro\/\",\"name\":\"ZOKO.ro\",\"description\":\"Cump\u0103r\u0103 inteligent\",\"publisher\":{\"@id\":\"https:\/\/www.zoko.ro\/#organization\"},\"potentialAction\":[{\"@type\":\"SearchAction\",\"target\":{\"@type\":\"EntryPoint\",\"urlTemplate\":\"https:\/\/www.zoko.ro\/?s={search_term_string}\"},\"query-input\":{\"@type\":\"PropertyValueSpecification\",\"valueRequired\":true,\"valueName\":\"search_term_string\"}}],\"inLanguage\":\"en-GB\"},{\"@type\":\"Organization\",\"@id\":\"https:\/\/www.zoko.ro\/#organization\",\"name\":\"ZOKO\",\"url\":\"https:\/\/www.zoko.ro\/\",\"logo\":{\"@type\":\"ImageObject\",\"inLanguage\":\"en-GB\",\"@id\":\"https:\/\/www.zoko.ro\/#\/schema\/logo\/image\/\",\"url\":\"https:\/\/www.zoko.ro\/wp-content\/uploads\/2025\/03\/logo1.svg\",\"contentUrl\":\"https:\/\/www.zoko.ro\/wp-content\/uploads\/2025\/03\/logo1.svg\",\"width\":799,\"height\":216,\"caption\":\"ZOKO\"},\"image\":{\"@id\":\"https:\/\/www.zoko.ro\/#\/schema\/logo\/image\/\"},\"sameAs\":[\"https:\/\/www.facebook.com\/profile.php?id=61584344135075\"]}]}<\/script>\n<!-- \/ Yoast SEO plugin. -->","yoast_head_json":{"title":"Set 6 creioane colorate pentru pictura fetei, Gonga\u00ae | ZOKO","robots":{"index":"index","follow":"follow","max-snippet":"max-snippet:-1","max-image-preview":"max-image-preview:large","max-video-preview":"max-video-preview:-1"},"canonical":"https:\/\/www.zoko.ro\/en\/p\/set-6-creioane-colorate-pentru-pictura-fetei-gonga\/","og_locale":"en_GB","og_type":"article","og_title":"Set 6 creioane colorate pentru pictura fetei, Gonga\u00ae | ZOKO","og_description":"Culoare: Verde Creioanele pentru pictura fe\u021bei vor transforma fiecare b\u0103iat \u00eentr-un fan al fotbalului. U\u0219or de aplicat \u0219i \u00eentins pe","og_url":"https:\/\/www.zoko.ro\/en\/p\/set-6-creioane-colorate-pentru-pictura-fetei-gonga\/","og_site_name":"ZOKO","article_publisher":"https:\/\/www.facebook.com\/profile.php?id=61584344135075","og_image":[{"width":800,"height":800,"url":"https:\/\/www.zoko.ro\/wp-content\/uploads\/2025\/12\/set-6-creioane-colorate-pentru-pictura-fetei-gonga.jpg","type":"image\/jpeg"}],"twitter_card":"summary_large_image","twitter_misc":{"Estimated reading time":"1 minute"},"schema":{"@context":"https:\/\/schema.org","@graph":[{"@type":"WebPage","@id":"https:\/\/www.zoko.ro\/p\/set-6-creioane-colorate-pentru-pictura-fetei-gonga\/","url":"https:\/\/www.zoko.ro\/p\/set-6-creioane-colorate-pentru-pictura-fetei-gonga\/","name":"Set 6 creioane colorate pentru pictura fetei, Gonga\u00ae | ZOKO","isPartOf":{"@id":"https:\/\/www.zoko.ro\/#website"},"primaryImageOfPage":{"@id":"https:\/\/www.zoko.ro\/p\/set-6-creioane-colorate-pentru-pictura-fetei-gonga\/#primaryimage"},"image":{"@id":"https:\/\/www.zoko.ro\/p\/set-6-creioane-colorate-pentru-pictura-fetei-gonga\/#primaryimage"},"thumbnailUrl":"https:\/\/www.zoko.ro\/wp-content\/uploads\/2025\/12\/set-6-creioane-colorate-pentru-pictura-fetei-gonga.jpg","datePublished":"2026-04-28T21:32:13+00:00","breadcrumb":{"@id":"https:\/\/www.zoko.ro\/p\/set-6-creioane-colorate-pentru-pictura-fetei-gonga\/#breadcrumb"},"inLanguage":"en-GB","potentialAction":[{"@type":"ReadAction","target":["https:\/\/www.zoko.ro\/p\/set-6-creioane-colorate-pentru-pictura-fetei-gonga\/"]}]},{"@type":"ImageObject","inLanguage":"en-GB","@id":"https:\/\/www.zoko.ro\/p\/set-6-creioane-colorate-pentru-pictura-fetei-gonga\/#primaryimage","url":"https:\/\/www.zoko.ro\/wp-content\/uploads\/2025\/12\/set-6-creioane-colorate-pentru-pictura-fetei-gonga.jpg","contentUrl":"https:\/\/www.zoko.ro\/wp-content\/uploads\/2025\/12\/set-6-creioane-colorate-pentru-pictura-fetei-gonga.jpg","width":800,"height":800},{"@type":"BreadcrumbList","@id":"https:\/\/www.zoko.ro\/p\/set-6-creioane-colorate-pentru-pictura-fetei-gonga\/#breadcrumb","itemListElement":[{"@type":"ListItem","position":1,"name":"Home","item":"https:\/\/www.zoko.ro\/"},{"@type":"ListItem","position":2,"name":"Magazin","item":"https:\/\/www.zoko.ro\/magazin\/"},{"@type":"ListItem","position":3,"name":"Set 6 creioane colorate pentru pictura fetei, Gonga\u00ae"}]},{"@type":"WebSite","@id":"https:\/\/www.zoko.ro\/#website","url":"https:\/\/www.zoko.ro\/","name":"ZOKO.ro","description":"Cump\u0103r\u0103 inteligent","publisher":{"@id":"https:\/\/www.zoko.ro\/#organization"},"potentialAction":[{"@type":"SearchAction","target":{"@type":"EntryPoint","urlTemplate":"https:\/\/www.zoko.ro\/?s={search_term_string}"},"query-input":{"@type":"PropertyValueSpecification","valueRequired":true,"valueName":"search_term_string"}}],"inLanguage":"en-GB"},{"@type":"Organization","@id":"https:\/\/www.zoko.ro\/#organization","name":"ZOKO","url":"https:\/\/www.zoko.ro\/","logo":{"@type":"ImageObject","inLanguage":"en-GB","@id":"https:\/\/www.zoko.ro\/#\/schema\/logo\/image\/","url":"https:\/\/www.zoko.ro\/wp-content\/uploads\/2025\/03\/logo1.svg","contentUrl":"https:\/\/www.zoko.ro\/wp-content\/uploads\/2025\/03\/logo1.svg","width":799,"height":216,"caption":"ZOKO"},"image":{"@id":"https:\/\/www.zoko.ro\/#\/schema\/logo\/image\/"},"sameAs":["https:\/\/www.facebook.com\/profile.php?id=61584344135075"]}]}},"_links":{"self":[{"href":"https:\/\/www.zoko.ro\/en\/wp-json\/wp\/v2\/product\/31474","targetHints":{"allow":["GET"]}}],"collection":[{"href":"https:\/\/www.zoko.ro\/en\/wp-json\/wp\/v2\/product"}],"about":[{"href":"https:\/\/www.zoko.ro\/en\/wp-json\/wp\/v2\/types\/product"}],"replies":[{"embeddable":true,"href":"https:\/\/www.zoko.ro\/en\/wp-json\/wp\/v2\/comments?post=31474"}],"version-history":[{"count":1,"href":"https:\/\/www.zoko.ro\/en\/wp-json\/wp\/v2\/product\/31474\/revisions"}],"predecessor-version":[{"id":38148,"href":"https:\/\/www.zoko.ro\/en\/wp-json\/wp\/v2\/product\/31474\/revisions\/38148"}],"wp:featuredmedia":[{"embeddable":true,"href":"https:\/\/www.zoko.ro\/en\/wp-json\/wp\/v2\/media\/31475"}],"wp:attachment":[{"href":"https:\/\/www.zoko.ro\/en\/wp-json\/wp\/v2\/media?parent=31474"}],"wp:term":[{"taxonomy":"product_brand","embeddable":true,"href":"https:\/\/www.zoko.ro\/en\/wp-json\/wp\/v2\/product_brand?post=31474"},{"taxonomy":"product_cat","embeddable":true,"href":"https:\/\/www.zoko.ro\/en\/wp-json\/wp\/v2\/product_cat?post=31474"},{"taxonomy":"product_tag","embeddable":true,"href":"https:\/\/www.zoko.ro\/en\/wp-json\/wp\/v2\/product_tag?post=31474"}],"curies":[{"name":"wp","href":"https:\/\/api.w.org\/{rel}","templated":true}]}}