{"id":31478,"date":"2026-04-28T23:32:17","date_gmt":"2026-04-28T21:32:17","guid":{"rendered":"https:\/\/www.zoko.ro\/p\/tren-electric-cu-vagoane-de-politie-si-elicopter-92-de-elemente-gonga\/"},"modified":"2026-04-28T23:32:17","modified_gmt":"2026-04-28T21:32:17","slug":"tren-electric-cu-vagoane-de-politie-si-elicopter-92-de-elemente-gonga","status":"publish","type":"product","link":"https:\/\/www.zoko.ro\/en\/p\/tren-electric-cu-vagoane-de-politie-si-elicopter-92-de-elemente-gonga\/","title":{"rendered":"Tren electric cu vagoane de politie si elicopter, 92 de elemente, Gonga\u00ae"},"content":{"rendered":"<p><strong>Culoare:<\/strong> Albastru\/Gri<\/p>\n<p>Pista cu tren \u0219i ma\u0219ini \u00eei va oferi copilului t\u0103u ore \u00eentregi de distrac\u021bie. De la construirea de structuri elaborate la jocul de urm\u0103riri nebune\u0219ti de r\u0103uf\u0103c\u0103tori!<\/p>\n<\/p>\n<p>Acest set este de 92 de piese care garanteaz\u0103 distrac\u021bia!<\/p>\n<\/p>\n<p>Toate elementele sunt conectate \u00eentre ele prin intermediul magne\u021bilor. Trenul din trei p\u0103r\u021bi este format din:<\/p>\n<\/p>\n<p>&#8211; Locomotiva frontal\u0103 cu motor (alimentat\u0103 cu 2 baterii AAA &#8211; nu sunt incluse. Pentru a introduce bateria, de\u0219uruba\u021bi \u0219urubul care \u021bine partea inferioar\u0103, alb\u0103 a vehiculului). Locomotiva porne\u0219te ap\u0103s\u00e2nd butonul dreptunghiular alb de deasupra vehiculului.<\/p>\n<p>&#8211; Vagon cu acoperi\u0219 care se deschide \u0219i are spa\u021biu pentru figurine<\/p>\n<p>&#8211; Locomotiva din spate v\u0103 permite s\u0103 deplasa\u021bi manual trenul \u00eenapoi (f\u0103r\u0103 motor).<\/p>\n<\/p>\n<p>Setul stimuleaz\u0103 creativitatea, inspir\u0103 jocul de rol, dar \u00eenva\u021b\u0103 \u0219i despre sarcinile poli\u021bi\u0219tilor. Jocul poli\u021bi\u0219tilor este o modalitate excelent\u0103 pentru a explica unui copil cum s\u0103 se comporte \u00een caz de urgen\u021b\u0103, cum s\u0103 informeze serviciile corespunz\u0103toare. Datorit\u0103 juc\u0103riei, copilul va \u00eenv\u0103\u021ba sarcinile poli\u021biei, va\u00a0 \u00een\u021belege mai bine care este munca lor \u0219i c\u00e2nd s\u0103 apeleze la ajutorul lor.<\/p>\n<\/p>\n<p>\u00cen plus, copilul are \u0219ansa de a \u00eenv\u0103\u021ba semnele rutiere de baz\u0103 \u0219i consecin\u021bele comportamentului care \u00eencalc\u0103 legea.<\/p>\n<\/p>\n<p>Setul este format din 92 de elemente. \u00cen cutie ve\u021bi g\u0103si:<\/p>\n<\/p>\n<p>&#8211; 36 de piste de diferite forme + conectori<\/p>\n<p>&#8211; Tunel<\/p>\n<p>&#8211; Pod<\/p>\n<p>&#8211; Tren: 2 locomotive \u0219i un vagon cu deschidere<\/p>\n<p>&#8211; 6 caractere<\/p>\n<p>&#8211; Poli\u021bist<\/p>\n<p>&#8211; 4 vehicule de poli\u021bie: 3 camioane \u0219i 1 ma\u0219in\u0103<\/p>\n<p>&#8211; Elicopter<\/p>\n<p>&#8211; O sec\u021bie de poli\u021bie din carton cu o ramp\u0103 de aterizare<\/p>\n<p>&#8211; Set de autocolante<\/p>\n<p>&#8211; Instruc\u021biuni pentru posibilitatea a\u0219ez\u0103rii pistei<\/p>\n<\/p>\n<p>Caracteristicile si specificatiile produsului:<\/p>\n<\/p>\n<p>&#8211; Material: Plastic\u00a0<\/p>\n<p>&#8211; Dimensiuni pachet: 52cm x 35cm x 8cm<\/p>\n<p>&#8211; Putere: 2 baterii AAA<\/p>\n<p>&#8211; Varsta: 3 ani<\/p>","protected":false},"excerpt":{"rendered":"<p>Culoare: Albastru\/Gri Pista cu tren \u0219i ma\u0219ini \u00eei va oferi copilului t\u0103u ore \u00eentregi de distrac\u021bie. De la construirea de<\/p>","protected":false},"featured_media":31479,"comment_status":"open","ping_status":"open","template":"","meta":[],"product_brand":[],"product_cat":[99,333,359,391],"product_tag":[104],"class_list":{"0":"post-31478","1":"product","2":"type-product","3":"status-publish","4":"has-post-thumbnail","6":"product_cat-acasa","7":"product_cat-jucarii","8":"product_cat-jucarii-cu-telecomanda","9":"product_cat-roboti-alte-jucarii-cu-telecomanda","10":"product_tag-in-stoc","11":"pa_culoare-albastru-gri","13":"first","14":"instock","15":"sale","16":"purchasable","17":"product-type-simple"},"yoast_head":"<!-- This site is optimized with the Yoast SEO plugin v27.2 - https:\/\/yoast.com\/product\/yoast-seo-wordpress\/ -->\n<title>Tren electric cu vagoane de politie si elicopter, 92 de elemente, Gonga\u00ae | ZOKO<\/title>\n<meta name=\"robots\" content=\"index, follow, max-snippet:-1, max-image-preview:large, max-video-preview:-1\" \/>\n<link rel=\"canonical\" href=\"https:\/\/www.zoko.ro\/en\/p\/tren-electric-cu-vagoane-de-politie-si-elicopter-92-de-elemente-gonga\/\" \/>\n<meta property=\"og:locale\" content=\"en_GB\" \/>\n<meta property=\"og:type\" content=\"article\" \/>\n<meta property=\"og:title\" content=\"Tren electric cu vagoane de politie si elicopter, 92 de elemente, Gonga\u00ae | ZOKO\" \/>\n<meta property=\"og:description\" content=\"Culoare: Albastru\/Gri Pista cu tren \u0219i ma\u0219ini \u00eei va oferi copilului t\u0103u ore \u00eentregi de distrac\u021bie. De la construirea de\" \/>\n<meta property=\"og:url\" content=\"https:\/\/www.zoko.ro\/en\/p\/tren-electric-cu-vagoane-de-politie-si-elicopter-92-de-elemente-gonga\/\" \/>\n<meta property=\"og:site_name\" content=\"ZOKO\" \/>\n<meta property=\"article:publisher\" content=\"https:\/\/www.facebook.com\/profile.php?id=61584344135075\" \/>\n<meta property=\"og:image\" content=\"https:\/\/www.zoko.ro\/wp-content\/uploads\/2025\/12\/tren-electric-cu-vagoane-de-politie-si-elicopter-92-de-elemente-gonga.jpg\" \/>\n\t<meta property=\"og:image:width\" content=\"800\" \/>\n\t<meta property=\"og:image:height\" content=\"800\" \/>\n\t<meta property=\"og:image:type\" content=\"image\/jpeg\" \/>\n<meta name=\"twitter:card\" content=\"summary_large_image\" \/>\n<meta name=\"twitter:label1\" content=\"Estimated reading time\" \/>\n\t<meta name=\"twitter:data1\" content=\"2 minutes\" \/>\n<script type=\"application\/ld+json\" class=\"yoast-schema-graph\">{\"@context\":\"https:\/\/schema.org\",\"@graph\":[{\"@type\":\"WebPage\",\"@id\":\"https:\/\/www.zoko.ro\/p\/tren-electric-cu-vagoane-de-politie-si-elicopter-92-de-elemente-gonga\/\",\"url\":\"https:\/\/www.zoko.ro\/p\/tren-electric-cu-vagoane-de-politie-si-elicopter-92-de-elemente-gonga\/\",\"name\":\"Tren electric cu vagoane de politie si elicopter, 92 de elemente, Gonga\u00ae | ZOKO\",\"isPartOf\":{\"@id\":\"https:\/\/www.zoko.ro\/#website\"},\"primaryImageOfPage\":{\"@id\":\"https:\/\/www.zoko.ro\/p\/tren-electric-cu-vagoane-de-politie-si-elicopter-92-de-elemente-gonga\/#primaryimage\"},\"image\":{\"@id\":\"https:\/\/www.zoko.ro\/p\/tren-electric-cu-vagoane-de-politie-si-elicopter-92-de-elemente-gonga\/#primaryimage\"},\"thumbnailUrl\":\"https:\/\/www.zoko.ro\/wp-content\/uploads\/2025\/12\/tren-electric-cu-vagoane-de-politie-si-elicopter-92-de-elemente-gonga.jpg\",\"datePublished\":\"2026-04-28T21:32:17+00:00\",\"breadcrumb\":{\"@id\":\"https:\/\/www.zoko.ro\/p\/tren-electric-cu-vagoane-de-politie-si-elicopter-92-de-elemente-gonga\/#breadcrumb\"},\"inLanguage\":\"en-GB\",\"potentialAction\":[{\"@type\":\"ReadAction\",\"target\":[\"https:\/\/www.zoko.ro\/p\/tren-electric-cu-vagoane-de-politie-si-elicopter-92-de-elemente-gonga\/\"]}]},{\"@type\":\"ImageObject\",\"inLanguage\":\"en-GB\",\"@id\":\"https:\/\/www.zoko.ro\/p\/tren-electric-cu-vagoane-de-politie-si-elicopter-92-de-elemente-gonga\/#primaryimage\",\"url\":\"https:\/\/www.zoko.ro\/wp-content\/uploads\/2025\/12\/tren-electric-cu-vagoane-de-politie-si-elicopter-92-de-elemente-gonga.jpg\",\"contentUrl\":\"https:\/\/www.zoko.ro\/wp-content\/uploads\/2025\/12\/tren-electric-cu-vagoane-de-politie-si-elicopter-92-de-elemente-gonga.jpg\",\"width\":800,\"height\":800},{\"@type\":\"BreadcrumbList\",\"@id\":\"https:\/\/www.zoko.ro\/p\/tren-electric-cu-vagoane-de-politie-si-elicopter-92-de-elemente-gonga\/#breadcrumb\",\"itemListElement\":[{\"@type\":\"ListItem\",\"position\":1,\"name\":\"Home\",\"item\":\"https:\/\/www.zoko.ro\/\"},{\"@type\":\"ListItem\",\"position\":2,\"name\":\"Magazin\",\"item\":\"https:\/\/www.zoko.ro\/magazin\/\"},{\"@type\":\"ListItem\",\"position\":3,\"name\":\"Tren electric cu vagoane de politie si elicopter, 92 de elemente, Gonga\u00ae\"}]},{\"@type\":\"WebSite\",\"@id\":\"https:\/\/www.zoko.ro\/#website\",\"url\":\"https:\/\/www.zoko.ro\/\",\"name\":\"ZOKO.ro\",\"description\":\"Cump\u0103r\u0103 inteligent\",\"publisher\":{\"@id\":\"https:\/\/www.zoko.ro\/#organization\"},\"potentialAction\":[{\"@type\":\"SearchAction\",\"target\":{\"@type\":\"EntryPoint\",\"urlTemplate\":\"https:\/\/www.zoko.ro\/?s={search_term_string}\"},\"query-input\":{\"@type\":\"PropertyValueSpecification\",\"valueRequired\":true,\"valueName\":\"search_term_string\"}}],\"inLanguage\":\"en-GB\"},{\"@type\":\"Organization\",\"@id\":\"https:\/\/www.zoko.ro\/#organization\",\"name\":\"ZOKO\",\"url\":\"https:\/\/www.zoko.ro\/\",\"logo\":{\"@type\":\"ImageObject\",\"inLanguage\":\"en-GB\",\"@id\":\"https:\/\/www.zoko.ro\/#\/schema\/logo\/image\/\",\"url\":\"https:\/\/www.zoko.ro\/wp-content\/uploads\/2025\/03\/logo1.svg\",\"contentUrl\":\"https:\/\/www.zoko.ro\/wp-content\/uploads\/2025\/03\/logo1.svg\",\"width\":799,\"height\":216,\"caption\":\"ZOKO\"},\"image\":{\"@id\":\"https:\/\/www.zoko.ro\/#\/schema\/logo\/image\/\"},\"sameAs\":[\"https:\/\/www.facebook.com\/profile.php?id=61584344135075\"]}]}<\/script>\n<!-- \/ Yoast SEO plugin. -->","yoast_head_json":{"title":"Tren electric cu vagoane de politie si elicopter, 92 de elemente, Gonga\u00ae | ZOKO","robots":{"index":"index","follow":"follow","max-snippet":"max-snippet:-1","max-image-preview":"max-image-preview:large","max-video-preview":"max-video-preview:-1"},"canonical":"https:\/\/www.zoko.ro\/en\/p\/tren-electric-cu-vagoane-de-politie-si-elicopter-92-de-elemente-gonga\/","og_locale":"en_GB","og_type":"article","og_title":"Tren electric cu vagoane de politie si elicopter, 92 de elemente, Gonga\u00ae | ZOKO","og_description":"Culoare: Albastru\/Gri Pista cu tren \u0219i ma\u0219ini \u00eei va oferi copilului t\u0103u ore \u00eentregi de distrac\u021bie. De la construirea de","og_url":"https:\/\/www.zoko.ro\/en\/p\/tren-electric-cu-vagoane-de-politie-si-elicopter-92-de-elemente-gonga\/","og_site_name":"ZOKO","article_publisher":"https:\/\/www.facebook.com\/profile.php?id=61584344135075","og_image":[{"width":800,"height":800,"url":"https:\/\/www.zoko.ro\/wp-content\/uploads\/2025\/12\/tren-electric-cu-vagoane-de-politie-si-elicopter-92-de-elemente-gonga.jpg","type":"image\/jpeg"}],"twitter_card":"summary_large_image","twitter_misc":{"Estimated reading time":"2 minutes"},"schema":{"@context":"https:\/\/schema.org","@graph":[{"@type":"WebPage","@id":"https:\/\/www.zoko.ro\/p\/tren-electric-cu-vagoane-de-politie-si-elicopter-92-de-elemente-gonga\/","url":"https:\/\/www.zoko.ro\/p\/tren-electric-cu-vagoane-de-politie-si-elicopter-92-de-elemente-gonga\/","name":"Tren electric cu vagoane de politie si elicopter, 92 de elemente, Gonga\u00ae | ZOKO","isPartOf":{"@id":"https:\/\/www.zoko.ro\/#website"},"primaryImageOfPage":{"@id":"https:\/\/www.zoko.ro\/p\/tren-electric-cu-vagoane-de-politie-si-elicopter-92-de-elemente-gonga\/#primaryimage"},"image":{"@id":"https:\/\/www.zoko.ro\/p\/tren-electric-cu-vagoane-de-politie-si-elicopter-92-de-elemente-gonga\/#primaryimage"},"thumbnailUrl":"https:\/\/www.zoko.ro\/wp-content\/uploads\/2025\/12\/tren-electric-cu-vagoane-de-politie-si-elicopter-92-de-elemente-gonga.jpg","datePublished":"2026-04-28T21:32:17+00:00","breadcrumb":{"@id":"https:\/\/www.zoko.ro\/p\/tren-electric-cu-vagoane-de-politie-si-elicopter-92-de-elemente-gonga\/#breadcrumb"},"inLanguage":"en-GB","potentialAction":[{"@type":"ReadAction","target":["https:\/\/www.zoko.ro\/p\/tren-electric-cu-vagoane-de-politie-si-elicopter-92-de-elemente-gonga\/"]}]},{"@type":"ImageObject","inLanguage":"en-GB","@id":"https:\/\/www.zoko.ro\/p\/tren-electric-cu-vagoane-de-politie-si-elicopter-92-de-elemente-gonga\/#primaryimage","url":"https:\/\/www.zoko.ro\/wp-content\/uploads\/2025\/12\/tren-electric-cu-vagoane-de-politie-si-elicopter-92-de-elemente-gonga.jpg","contentUrl":"https:\/\/www.zoko.ro\/wp-content\/uploads\/2025\/12\/tren-electric-cu-vagoane-de-politie-si-elicopter-92-de-elemente-gonga.jpg","width":800,"height":800},{"@type":"BreadcrumbList","@id":"https:\/\/www.zoko.ro\/p\/tren-electric-cu-vagoane-de-politie-si-elicopter-92-de-elemente-gonga\/#breadcrumb","itemListElement":[{"@type":"ListItem","position":1,"name":"Home","item":"https:\/\/www.zoko.ro\/"},{"@type":"ListItem","position":2,"name":"Magazin","item":"https:\/\/www.zoko.ro\/magazin\/"},{"@type":"ListItem","position":3,"name":"Tren electric cu vagoane de politie si elicopter, 92 de elemente, Gonga\u00ae"}]},{"@type":"WebSite","@id":"https:\/\/www.zoko.ro\/#website","url":"https:\/\/www.zoko.ro\/","name":"ZOKO.ro","description":"Cump\u0103r\u0103 inteligent","publisher":{"@id":"https:\/\/www.zoko.ro\/#organization"},"potentialAction":[{"@type":"SearchAction","target":{"@type":"EntryPoint","urlTemplate":"https:\/\/www.zoko.ro\/?s={search_term_string}"},"query-input":{"@type":"PropertyValueSpecification","valueRequired":true,"valueName":"search_term_string"}}],"inLanguage":"en-GB"},{"@type":"Organization","@id":"https:\/\/www.zoko.ro\/#organization","name":"ZOKO","url":"https:\/\/www.zoko.ro\/","logo":{"@type":"ImageObject","inLanguage":"en-GB","@id":"https:\/\/www.zoko.ro\/#\/schema\/logo\/image\/","url":"https:\/\/www.zoko.ro\/wp-content\/uploads\/2025\/03\/logo1.svg","contentUrl":"https:\/\/www.zoko.ro\/wp-content\/uploads\/2025\/03\/logo1.svg","width":799,"height":216,"caption":"ZOKO"},"image":{"@id":"https:\/\/www.zoko.ro\/#\/schema\/logo\/image\/"},"sameAs":["https:\/\/www.facebook.com\/profile.php?id=61584344135075"]}]}},"_links":{"self":[{"href":"https:\/\/www.zoko.ro\/en\/wp-json\/wp\/v2\/product\/31478","targetHints":{"allow":["GET"]}}],"collection":[{"href":"https:\/\/www.zoko.ro\/en\/wp-json\/wp\/v2\/product"}],"about":[{"href":"https:\/\/www.zoko.ro\/en\/wp-json\/wp\/v2\/types\/product"}],"replies":[{"embeddable":true,"href":"https:\/\/www.zoko.ro\/en\/wp-json\/wp\/v2\/comments?post=31478"}],"version-history":[{"count":1,"href":"https:\/\/www.zoko.ro\/en\/wp-json\/wp\/v2\/product\/31478\/revisions"}],"predecessor-version":[{"id":34165,"href":"https:\/\/www.zoko.ro\/en\/wp-json\/wp\/v2\/product\/31478\/revisions\/34165"}],"wp:featuredmedia":[{"embeddable":true,"href":"https:\/\/www.zoko.ro\/en\/wp-json\/wp\/v2\/media\/31479"}],"wp:attachment":[{"href":"https:\/\/www.zoko.ro\/en\/wp-json\/wp\/v2\/media?parent=31478"}],"wp:term":[{"taxonomy":"product_brand","embeddable":true,"href":"https:\/\/www.zoko.ro\/en\/wp-json\/wp\/v2\/product_brand?post=31478"},{"taxonomy":"product_cat","embeddable":true,"href":"https:\/\/www.zoko.ro\/en\/wp-json\/wp\/v2\/product_cat?post=31478"},{"taxonomy":"product_tag","embeddable":true,"href":"https:\/\/www.zoko.ro\/en\/wp-json\/wp\/v2\/product_tag?post=31478"}],"curies":[{"name":"wp","href":"https:\/\/api.w.org\/{rel}","templated":true}]}}