{"id":31497,"date":"2026-04-28T23:32:17","date_gmt":"2026-04-28T21:32:17","guid":{"rendered":"https:\/\/www.zoko.ro\/p\/jucarie-balena-pentru-cada-scoate-apa-cu-leduri-gonga\/"},"modified":"2026-04-28T23:32:18","modified_gmt":"2026-04-28T21:32:18","slug":"jucarie-balena-pentru-cada-scoate-apa-cu-leduri-gonga","status":"publish","type":"product","link":"https:\/\/www.zoko.ro\/en\/p\/jucarie-balena-pentru-cada-scoate-apa-cu-leduri-gonga\/","title":{"rendered":"Jucarie balena, pentru cada, scoate apa, cu leduri, Gonga\u00ae"},"content":{"rendered":"<p><strong>Culoare:<\/strong> Gri<\/p>\n<p>Balena magic\u0103 va transforma fiecare baie \u00eentr-un t\u0103r\u00e2m al experien\u021belor de neuitat.<\/p>\n<\/p>\n<p>Juc\u0103ria plutitoare str\u0103luce\u0219te \u0219i pulverizeaz\u0103 ap\u0103 cre\u00e2nd o mini f\u00e2nt\u00e2n\u0103. Luminile colorate \u0219i apa curg\u0103toare vor oferi o mul\u021bime de distrac\u021bie \u00een timpul b\u0103ii de sear\u0103.<\/p>\n<\/p>\n<p>Po\u021bi fi sigur c\u0103 distrac\u021bia nu se va termina, iar b\u0103ile zilnice vor deveni doar o pl\u0103cere.<\/p>\n<\/p>\n<p>Balena fermec\u0103toare este o propunere excelent\u0103 pentru distrac\u021bie \u0219i o form\u0103 de sprijin pentru dezvoltarea corespunz\u0103toare a copilului.<\/p>\n<\/p>\n<p>O form\u0103 interesant\u0103, lumini colorate \u0219i o f\u00e2nt\u00e2n\u0103 care \u021b\u00e2\u0219ne\u0219te. Ele v\u0103 vor \u00eencuraja s\u0103 v\u0103 juca\u021bi \u00een cad\u0103 \u0219i s\u0103 v\u0103 distrage\u021bi aten\u021bia copilului de la activit\u0103\u021bile de \u00eengrijire de zi cu zi.<\/p>\n<\/p>\n<p>Caracteristicile \u0219i specifica\u021biile produsului:<\/p>\n<\/p>\n<p>&#8211; Material: Plastic<\/p>\n<p>&#8211; Alimentare: 3x 1,5 V AAA (nu sunt incluse)<\/p>\n<p>&#8211; Dimensiuni balena : 15 cm x 8 cm<\/p>","protected":false},"excerpt":{"rendered":"<p>Culoare: Gri Balena magic\u0103 va transforma fiecare baie \u00eentr-un t\u0103r\u00e2m al experien\u021belor de neuitat. Juc\u0103ria plutitoare str\u0103luce\u0219te \u0219i pulverizeaz\u0103 ap\u0103<\/p>","protected":false},"featured_media":31498,"comment_status":"open","ping_status":"open","template":"","meta":[],"product_brand":[],"product_cat":[99,333,437],"product_tag":[104],"class_list":{"0":"post-31497","1":"product","2":"type-product","3":"status-publish","4":"has-post-thumbnail","6":"product_cat-acasa","7":"product_cat-jucarii","8":"product_cat-jucarii-bebelusi","9":"product_tag-in-stoc","10":"pa_culoare-gri","12":"first","13":"instock","14":"sale","15":"purchasable","16":"product-type-simple"},"yoast_head":"<!-- This site is optimized with the Yoast SEO plugin v27.2 - https:\/\/yoast.com\/product\/yoast-seo-wordpress\/ -->\n<title>Jucarie balena, pentru cada, scoate apa, cu leduri, Gonga\u00ae | ZOKO<\/title>\n<meta name=\"robots\" content=\"index, follow, max-snippet:-1, max-image-preview:large, max-video-preview:-1\" \/>\n<link rel=\"canonical\" href=\"https:\/\/www.zoko.ro\/en\/p\/jucarie-balena-pentru-cada-scoate-apa-cu-leduri-gonga\/\" \/>\n<meta property=\"og:locale\" content=\"en_GB\" \/>\n<meta property=\"og:type\" content=\"article\" \/>\n<meta property=\"og:title\" content=\"Jucarie balena, pentru cada, scoate apa, cu leduri, Gonga\u00ae | ZOKO\" \/>\n<meta property=\"og:description\" content=\"Culoare: Gri Balena magic\u0103 va transforma fiecare baie \u00eentr-un t\u0103r\u00e2m al experien\u021belor de neuitat. Juc\u0103ria plutitoare str\u0103luce\u0219te \u0219i pulverizeaz\u0103 ap\u0103\" \/>\n<meta property=\"og:url\" content=\"https:\/\/www.zoko.ro\/en\/p\/jucarie-balena-pentru-cada-scoate-apa-cu-leduri-gonga\/\" \/>\n<meta property=\"og:site_name\" content=\"ZOKO\" \/>\n<meta property=\"article:publisher\" content=\"https:\/\/www.facebook.com\/profile.php?id=61584344135075\" \/>\n<meta property=\"article:modified_time\" content=\"2026-04-28T21:32:18+00:00\" \/>\n<meta property=\"og:image\" content=\"https:\/\/www.zoko.ro\/wp-content\/uploads\/2025\/12\/jucarie-balenapentru-cada-scoate-apa-cu-leduri-gonga.jpg\" \/>\n\t<meta property=\"og:image:width\" content=\"800\" \/>\n\t<meta property=\"og:image:height\" content=\"800\" \/>\n\t<meta property=\"og:image:type\" content=\"image\/jpeg\" \/>\n<meta name=\"twitter:card\" content=\"summary_large_image\" \/>\n<meta name=\"twitter:label1\" content=\"Estimated reading time\" \/>\n\t<meta name=\"twitter:data1\" content=\"1 minute\" \/>\n<script type=\"application\/ld+json\" class=\"yoast-schema-graph\">{\"@context\":\"https:\/\/schema.org\",\"@graph\":[{\"@type\":\"WebPage\",\"@id\":\"https:\/\/www.zoko.ro\/p\/jucarie-balena-pentru-cada-scoate-apa-cu-leduri-gonga\/\",\"url\":\"https:\/\/www.zoko.ro\/p\/jucarie-balena-pentru-cada-scoate-apa-cu-leduri-gonga\/\",\"name\":\"Jucarie balena, pentru cada, scoate apa, cu leduri, Gonga\u00ae | ZOKO\",\"isPartOf\":{\"@id\":\"https:\/\/www.zoko.ro\/#website\"},\"primaryImageOfPage\":{\"@id\":\"https:\/\/www.zoko.ro\/p\/jucarie-balena-pentru-cada-scoate-apa-cu-leduri-gonga\/#primaryimage\"},\"image\":{\"@id\":\"https:\/\/www.zoko.ro\/p\/jucarie-balena-pentru-cada-scoate-apa-cu-leduri-gonga\/#primaryimage\"},\"thumbnailUrl\":\"https:\/\/www.zoko.ro\/wp-content\/uploads\/2025\/12\/jucarie-balenapentru-cada-scoate-apa-cu-leduri-gonga.jpg\",\"datePublished\":\"2026-04-28T21:32:17+00:00\",\"dateModified\":\"2026-04-28T21:32:18+00:00\",\"breadcrumb\":{\"@id\":\"https:\/\/www.zoko.ro\/p\/jucarie-balena-pentru-cada-scoate-apa-cu-leduri-gonga\/#breadcrumb\"},\"inLanguage\":\"en-GB\",\"potentialAction\":[{\"@type\":\"ReadAction\",\"target\":[\"https:\/\/www.zoko.ro\/p\/jucarie-balena-pentru-cada-scoate-apa-cu-leduri-gonga\/\"]}]},{\"@type\":\"ImageObject\",\"inLanguage\":\"en-GB\",\"@id\":\"https:\/\/www.zoko.ro\/p\/jucarie-balena-pentru-cada-scoate-apa-cu-leduri-gonga\/#primaryimage\",\"url\":\"https:\/\/www.zoko.ro\/wp-content\/uploads\/2025\/12\/jucarie-balenapentru-cada-scoate-apa-cu-leduri-gonga.jpg\",\"contentUrl\":\"https:\/\/www.zoko.ro\/wp-content\/uploads\/2025\/12\/jucarie-balenapentru-cada-scoate-apa-cu-leduri-gonga.jpg\",\"width\":800,\"height\":800},{\"@type\":\"BreadcrumbList\",\"@id\":\"https:\/\/www.zoko.ro\/p\/jucarie-balena-pentru-cada-scoate-apa-cu-leduri-gonga\/#breadcrumb\",\"itemListElement\":[{\"@type\":\"ListItem\",\"position\":1,\"name\":\"Home\",\"item\":\"https:\/\/www.zoko.ro\/\"},{\"@type\":\"ListItem\",\"position\":2,\"name\":\"Magazin\",\"item\":\"https:\/\/www.zoko.ro\/magazin\/\"},{\"@type\":\"ListItem\",\"position\":3,\"name\":\"Jucarie balena, pentru cada, scoate apa, cu leduri, Gonga\u00ae\"}]},{\"@type\":\"WebSite\",\"@id\":\"https:\/\/www.zoko.ro\/#website\",\"url\":\"https:\/\/www.zoko.ro\/\",\"name\":\"ZOKO.ro\",\"description\":\"Cump\u0103r\u0103 inteligent\",\"publisher\":{\"@id\":\"https:\/\/www.zoko.ro\/#organization\"},\"potentialAction\":[{\"@type\":\"SearchAction\",\"target\":{\"@type\":\"EntryPoint\",\"urlTemplate\":\"https:\/\/www.zoko.ro\/?s={search_term_string}\"},\"query-input\":{\"@type\":\"PropertyValueSpecification\",\"valueRequired\":true,\"valueName\":\"search_term_string\"}}],\"inLanguage\":\"en-GB\"},{\"@type\":\"Organization\",\"@id\":\"https:\/\/www.zoko.ro\/#organization\",\"name\":\"ZOKO\",\"url\":\"https:\/\/www.zoko.ro\/\",\"logo\":{\"@type\":\"ImageObject\",\"inLanguage\":\"en-GB\",\"@id\":\"https:\/\/www.zoko.ro\/#\/schema\/logo\/image\/\",\"url\":\"https:\/\/www.zoko.ro\/wp-content\/uploads\/2025\/03\/logo1.svg\",\"contentUrl\":\"https:\/\/www.zoko.ro\/wp-content\/uploads\/2025\/03\/logo1.svg\",\"width\":799,\"height\":216,\"caption\":\"ZOKO\"},\"image\":{\"@id\":\"https:\/\/www.zoko.ro\/#\/schema\/logo\/image\/\"},\"sameAs\":[\"https:\/\/www.facebook.com\/profile.php?id=61584344135075\"]}]}<\/script>\n<!-- \/ Yoast SEO plugin. -->","yoast_head_json":{"title":"Jucarie balena, pentru cada, scoate apa, cu leduri, Gonga\u00ae | ZOKO","robots":{"index":"index","follow":"follow","max-snippet":"max-snippet:-1","max-image-preview":"max-image-preview:large","max-video-preview":"max-video-preview:-1"},"canonical":"https:\/\/www.zoko.ro\/en\/p\/jucarie-balena-pentru-cada-scoate-apa-cu-leduri-gonga\/","og_locale":"en_GB","og_type":"article","og_title":"Jucarie balena, pentru cada, scoate apa, cu leduri, Gonga\u00ae | ZOKO","og_description":"Culoare: Gri Balena magic\u0103 va transforma fiecare baie \u00eentr-un t\u0103r\u00e2m al experien\u021belor de neuitat. Juc\u0103ria plutitoare str\u0103luce\u0219te \u0219i pulverizeaz\u0103 ap\u0103","og_url":"https:\/\/www.zoko.ro\/en\/p\/jucarie-balena-pentru-cada-scoate-apa-cu-leduri-gonga\/","og_site_name":"ZOKO","article_publisher":"https:\/\/www.facebook.com\/profile.php?id=61584344135075","article_modified_time":"2026-04-28T21:32:18+00:00","og_image":[{"width":800,"height":800,"url":"https:\/\/www.zoko.ro\/wp-content\/uploads\/2025\/12\/jucarie-balenapentru-cada-scoate-apa-cu-leduri-gonga.jpg","type":"image\/jpeg"}],"twitter_card":"summary_large_image","twitter_misc":{"Estimated reading time":"1 minute"},"schema":{"@context":"https:\/\/schema.org","@graph":[{"@type":"WebPage","@id":"https:\/\/www.zoko.ro\/p\/jucarie-balena-pentru-cada-scoate-apa-cu-leduri-gonga\/","url":"https:\/\/www.zoko.ro\/p\/jucarie-balena-pentru-cada-scoate-apa-cu-leduri-gonga\/","name":"Jucarie balena, pentru cada, scoate apa, cu leduri, Gonga\u00ae | ZOKO","isPartOf":{"@id":"https:\/\/www.zoko.ro\/#website"},"primaryImageOfPage":{"@id":"https:\/\/www.zoko.ro\/p\/jucarie-balena-pentru-cada-scoate-apa-cu-leduri-gonga\/#primaryimage"},"image":{"@id":"https:\/\/www.zoko.ro\/p\/jucarie-balena-pentru-cada-scoate-apa-cu-leduri-gonga\/#primaryimage"},"thumbnailUrl":"https:\/\/www.zoko.ro\/wp-content\/uploads\/2025\/12\/jucarie-balenapentru-cada-scoate-apa-cu-leduri-gonga.jpg","datePublished":"2026-04-28T21:32:17+00:00","dateModified":"2026-04-28T21:32:18+00:00","breadcrumb":{"@id":"https:\/\/www.zoko.ro\/p\/jucarie-balena-pentru-cada-scoate-apa-cu-leduri-gonga\/#breadcrumb"},"inLanguage":"en-GB","potentialAction":[{"@type":"ReadAction","target":["https:\/\/www.zoko.ro\/p\/jucarie-balena-pentru-cada-scoate-apa-cu-leduri-gonga\/"]}]},{"@type":"ImageObject","inLanguage":"en-GB","@id":"https:\/\/www.zoko.ro\/p\/jucarie-balena-pentru-cada-scoate-apa-cu-leduri-gonga\/#primaryimage","url":"https:\/\/www.zoko.ro\/wp-content\/uploads\/2025\/12\/jucarie-balenapentru-cada-scoate-apa-cu-leduri-gonga.jpg","contentUrl":"https:\/\/www.zoko.ro\/wp-content\/uploads\/2025\/12\/jucarie-balenapentru-cada-scoate-apa-cu-leduri-gonga.jpg","width":800,"height":800},{"@type":"BreadcrumbList","@id":"https:\/\/www.zoko.ro\/p\/jucarie-balena-pentru-cada-scoate-apa-cu-leduri-gonga\/#breadcrumb","itemListElement":[{"@type":"ListItem","position":1,"name":"Home","item":"https:\/\/www.zoko.ro\/"},{"@type":"ListItem","position":2,"name":"Magazin","item":"https:\/\/www.zoko.ro\/magazin\/"},{"@type":"ListItem","position":3,"name":"Jucarie balena, pentru cada, scoate apa, cu leduri, Gonga\u00ae"}]},{"@type":"WebSite","@id":"https:\/\/www.zoko.ro\/#website","url":"https:\/\/www.zoko.ro\/","name":"ZOKO.ro","description":"Cump\u0103r\u0103 inteligent","publisher":{"@id":"https:\/\/www.zoko.ro\/#organization"},"potentialAction":[{"@type":"SearchAction","target":{"@type":"EntryPoint","urlTemplate":"https:\/\/www.zoko.ro\/?s={search_term_string}"},"query-input":{"@type":"PropertyValueSpecification","valueRequired":true,"valueName":"search_term_string"}}],"inLanguage":"en-GB"},{"@type":"Organization","@id":"https:\/\/www.zoko.ro\/#organization","name":"ZOKO","url":"https:\/\/www.zoko.ro\/","logo":{"@type":"ImageObject","inLanguage":"en-GB","@id":"https:\/\/www.zoko.ro\/#\/schema\/logo\/image\/","url":"https:\/\/www.zoko.ro\/wp-content\/uploads\/2025\/03\/logo1.svg","contentUrl":"https:\/\/www.zoko.ro\/wp-content\/uploads\/2025\/03\/logo1.svg","width":799,"height":216,"caption":"ZOKO"},"image":{"@id":"https:\/\/www.zoko.ro\/#\/schema\/logo\/image\/"},"sameAs":["https:\/\/www.facebook.com\/profile.php?id=61584344135075"]}]}},"_links":{"self":[{"href":"https:\/\/www.zoko.ro\/en\/wp-json\/wp\/v2\/product\/31497","targetHints":{"allow":["GET"]}}],"collection":[{"href":"https:\/\/www.zoko.ro\/en\/wp-json\/wp\/v2\/product"}],"about":[{"href":"https:\/\/www.zoko.ro\/en\/wp-json\/wp\/v2\/types\/product"}],"replies":[{"embeddable":true,"href":"https:\/\/www.zoko.ro\/en\/wp-json\/wp\/v2\/comments?post=31497"}],"version-history":[{"count":1,"href":"https:\/\/www.zoko.ro\/en\/wp-json\/wp\/v2\/product\/31497\/revisions"}],"predecessor-version":[{"id":38150,"href":"https:\/\/www.zoko.ro\/en\/wp-json\/wp\/v2\/product\/31497\/revisions\/38150"}],"wp:featuredmedia":[{"embeddable":true,"href":"https:\/\/www.zoko.ro\/en\/wp-json\/wp\/v2\/media\/31498"}],"wp:attachment":[{"href":"https:\/\/www.zoko.ro\/en\/wp-json\/wp\/v2\/media?parent=31497"}],"wp:term":[{"taxonomy":"product_brand","embeddable":true,"href":"https:\/\/www.zoko.ro\/en\/wp-json\/wp\/v2\/product_brand?post=31497"},{"taxonomy":"product_cat","embeddable":true,"href":"https:\/\/www.zoko.ro\/en\/wp-json\/wp\/v2\/product_cat?post=31497"},{"taxonomy":"product_tag","embeddable":true,"href":"https:\/\/www.zoko.ro\/en\/wp-json\/wp\/v2\/product_tag?post=31497"}],"curies":[{"name":"wp","href":"https:\/\/api.w.org\/{rel}","templated":true}]}}