{"id":31514,"date":"2026-04-28T23:32:18","date_gmt":"2026-04-28T21:32:18","guid":{"rendered":"https:\/\/www.zoko.ro\/p\/set-de-haine-pentru-papusi-cu-accesorii-43-de-elemente-gonga\/"},"modified":"2026-04-28T23:32:18","modified_gmt":"2026-04-28T21:32:18","slug":"set-de-haine-pentru-papusi-cu-accesorii-43-de-elemente-gonga","status":"publish","type":"product","link":"https:\/\/www.zoko.ro\/en\/p\/set-de-haine-pentru-papusi-cu-accesorii-43-de-elemente-gonga\/","title":{"rendered":"Set de haine pentru papusi cu accesorii, 43 de elemente, Gonga\u00ae"},"content":{"rendered":"<p><strong>Culoare:<\/strong> Multicolor<\/p>\n<p>Haine colorate \u0219i accesorii potrivite fiec\u0103rei p\u0103pu\u0219i.<\/p>\n<\/p>\n<p>Hainele frumoase pentru p\u0103pu\u0219i \u00ee\u021bi vor permite s\u0103 joci rolul de designer de mod\u0103, s\u0103 creezi un podium pentru modelele tale sau s\u0103 preg\u0103te\u0219ti o \u0219edin\u021b\u0103 foto de mod\u0103.\u00a0<\/p>\n<\/p>\n<p>Ajut\u0103 la dezvoltarea creativit\u0103\u021bii copilului t\u0103u prin mod\u0103! Numeroase accesorii v\u0103 vor permite s\u0103 crea\u021bi o \u00eentreag\u0103 gam\u0103 de stiluri demne de cei mai buni designeri. Poate c\u0103 pasiunea pentru mod\u0103 \u00eel va face pe micu\u021bul t\u0103u s\u0103 se al\u0103ture acestei meserii cand se va face mare.<\/p>\n<\/p>\n<p>Setul include multe elemente printre care:<\/p>\n<p>&#8211; 10 rochii pentru p\u0103pu\u0219i (lungime 13 cm),<\/p>\n<p>&#8211; accesorii (pantofi, gen\u021bi de m\u00e2n\u0103, coroane etc.)<\/p>","protected":false},"excerpt":{"rendered":"<p>Culoare: Multicolor Haine colorate \u0219i accesorii potrivite fiec\u0103rei p\u0103pu\u0219i. Hainele frumoase pentru p\u0103pu\u0219i \u00ee\u021bi vor permite s\u0103 joci rolul de<\/p>","protected":false},"featured_media":31515,"comment_status":"open","ping_status":"open","template":"","meta":[],"product_brand":[],"product_cat":[99,353,333],"product_tag":[104],"class_list":{"0":"post-31514","1":"product","2":"type-product","3":"status-publish","4":"has-post-thumbnail","6":"product_cat-acasa","7":"product_cat-alte-jucarii","8":"product_cat-jucarii","9":"product_tag-in-stoc","10":"pa_culoare-multicolor","12":"first","13":"instock","14":"sale","15":"purchasable","16":"product-type-simple"},"yoast_head":"<!-- This site is optimized with the Yoast SEO plugin v27.2 - https:\/\/yoast.com\/product\/yoast-seo-wordpress\/ -->\n<title>Set de haine pentru papusi cu accesorii, 43 de elemente, Gonga\u00ae | ZOKO<\/title>\n<meta name=\"robots\" content=\"index, follow, max-snippet:-1, max-image-preview:large, max-video-preview:-1\" \/>\n<link rel=\"canonical\" href=\"https:\/\/www.zoko.ro\/en\/p\/set-de-haine-pentru-papusi-cu-accesorii-43-de-elemente-gonga\/\" \/>\n<meta property=\"og:locale\" content=\"en_GB\" \/>\n<meta property=\"og:type\" content=\"article\" \/>\n<meta property=\"og:title\" content=\"Set de haine pentru papusi cu accesorii, 43 de elemente, Gonga\u00ae | ZOKO\" \/>\n<meta property=\"og:description\" content=\"Culoare: Multicolor Haine colorate \u0219i accesorii potrivite fiec\u0103rei p\u0103pu\u0219i. Hainele frumoase pentru p\u0103pu\u0219i \u00ee\u021bi vor permite s\u0103 joci rolul de\" \/>\n<meta property=\"og:url\" content=\"https:\/\/www.zoko.ro\/en\/p\/set-de-haine-pentru-papusi-cu-accesorii-43-de-elemente-gonga\/\" \/>\n<meta property=\"og:site_name\" content=\"ZOKO\" \/>\n<meta property=\"article:publisher\" content=\"https:\/\/www.facebook.com\/profile.php?id=61584344135075\" \/>\n<meta property=\"og:image\" content=\"https:\/\/www.zoko.ro\/wp-content\/uploads\/2025\/12\/set-de-haine-pentru-papusi-cu-accesorii-43-de-elemente-gonga.jpg\" \/>\n\t<meta property=\"og:image:width\" content=\"800\" \/>\n\t<meta property=\"og:image:height\" content=\"800\" \/>\n\t<meta property=\"og:image:type\" content=\"image\/jpeg\" \/>\n<meta name=\"twitter:card\" content=\"summary_large_image\" \/>\n<meta name=\"twitter:label1\" content=\"Estimated reading time\" \/>\n\t<meta name=\"twitter:data1\" content=\"1 minute\" \/>\n<script type=\"application\/ld+json\" class=\"yoast-schema-graph\">{\"@context\":\"https:\/\/schema.org\",\"@graph\":[{\"@type\":\"WebPage\",\"@id\":\"https:\/\/www.zoko.ro\/p\/set-de-haine-pentru-papusi-cu-accesorii-43-de-elemente-gonga\/\",\"url\":\"https:\/\/www.zoko.ro\/p\/set-de-haine-pentru-papusi-cu-accesorii-43-de-elemente-gonga\/\",\"name\":\"Set de haine pentru papusi cu accesorii, 43 de elemente, Gonga\u00ae | ZOKO\",\"isPartOf\":{\"@id\":\"https:\/\/www.zoko.ro\/#website\"},\"primaryImageOfPage\":{\"@id\":\"https:\/\/www.zoko.ro\/p\/set-de-haine-pentru-papusi-cu-accesorii-43-de-elemente-gonga\/#primaryimage\"},\"image\":{\"@id\":\"https:\/\/www.zoko.ro\/p\/set-de-haine-pentru-papusi-cu-accesorii-43-de-elemente-gonga\/#primaryimage\"},\"thumbnailUrl\":\"https:\/\/www.zoko.ro\/wp-content\/uploads\/2025\/12\/set-de-haine-pentru-papusi-cu-accesorii-43-de-elemente-gonga.jpg\",\"datePublished\":\"2026-04-28T21:32:18+00:00\",\"breadcrumb\":{\"@id\":\"https:\/\/www.zoko.ro\/p\/set-de-haine-pentru-papusi-cu-accesorii-43-de-elemente-gonga\/#breadcrumb\"},\"inLanguage\":\"en-GB\",\"potentialAction\":[{\"@type\":\"ReadAction\",\"target\":[\"https:\/\/www.zoko.ro\/p\/set-de-haine-pentru-papusi-cu-accesorii-43-de-elemente-gonga\/\"]}]},{\"@type\":\"ImageObject\",\"inLanguage\":\"en-GB\",\"@id\":\"https:\/\/www.zoko.ro\/p\/set-de-haine-pentru-papusi-cu-accesorii-43-de-elemente-gonga\/#primaryimage\",\"url\":\"https:\/\/www.zoko.ro\/wp-content\/uploads\/2025\/12\/set-de-haine-pentru-papusi-cu-accesorii-43-de-elemente-gonga.jpg\",\"contentUrl\":\"https:\/\/www.zoko.ro\/wp-content\/uploads\/2025\/12\/set-de-haine-pentru-papusi-cu-accesorii-43-de-elemente-gonga.jpg\",\"width\":800,\"height\":800},{\"@type\":\"BreadcrumbList\",\"@id\":\"https:\/\/www.zoko.ro\/p\/set-de-haine-pentru-papusi-cu-accesorii-43-de-elemente-gonga\/#breadcrumb\",\"itemListElement\":[{\"@type\":\"ListItem\",\"position\":1,\"name\":\"Home\",\"item\":\"https:\/\/www.zoko.ro\/\"},{\"@type\":\"ListItem\",\"position\":2,\"name\":\"Magazin\",\"item\":\"https:\/\/www.zoko.ro\/magazin\/\"},{\"@type\":\"ListItem\",\"position\":3,\"name\":\"Set de haine pentru papusi cu accesorii, 43 de elemente, Gonga\u00ae\"}]},{\"@type\":\"WebSite\",\"@id\":\"https:\/\/www.zoko.ro\/#website\",\"url\":\"https:\/\/www.zoko.ro\/\",\"name\":\"ZOKO.ro\",\"description\":\"Cump\u0103r\u0103 inteligent\",\"publisher\":{\"@id\":\"https:\/\/www.zoko.ro\/#organization\"},\"potentialAction\":[{\"@type\":\"SearchAction\",\"target\":{\"@type\":\"EntryPoint\",\"urlTemplate\":\"https:\/\/www.zoko.ro\/?s={search_term_string}\"},\"query-input\":{\"@type\":\"PropertyValueSpecification\",\"valueRequired\":true,\"valueName\":\"search_term_string\"}}],\"inLanguage\":\"en-GB\"},{\"@type\":\"Organization\",\"@id\":\"https:\/\/www.zoko.ro\/#organization\",\"name\":\"ZOKO\",\"url\":\"https:\/\/www.zoko.ro\/\",\"logo\":{\"@type\":\"ImageObject\",\"inLanguage\":\"en-GB\",\"@id\":\"https:\/\/www.zoko.ro\/#\/schema\/logo\/image\/\",\"url\":\"https:\/\/www.zoko.ro\/wp-content\/uploads\/2025\/03\/logo1.svg\",\"contentUrl\":\"https:\/\/www.zoko.ro\/wp-content\/uploads\/2025\/03\/logo1.svg\",\"width\":799,\"height\":216,\"caption\":\"ZOKO\"},\"image\":{\"@id\":\"https:\/\/www.zoko.ro\/#\/schema\/logo\/image\/\"},\"sameAs\":[\"https:\/\/www.facebook.com\/profile.php?id=61584344135075\"]}]}<\/script>\n<!-- \/ Yoast SEO plugin. -->","yoast_head_json":{"title":"Set de haine pentru papusi cu accesorii, 43 de elemente, Gonga\u00ae | ZOKO","robots":{"index":"index","follow":"follow","max-snippet":"max-snippet:-1","max-image-preview":"max-image-preview:large","max-video-preview":"max-video-preview:-1"},"canonical":"https:\/\/www.zoko.ro\/en\/p\/set-de-haine-pentru-papusi-cu-accesorii-43-de-elemente-gonga\/","og_locale":"en_GB","og_type":"article","og_title":"Set de haine pentru papusi cu accesorii, 43 de elemente, Gonga\u00ae | ZOKO","og_description":"Culoare: Multicolor Haine colorate \u0219i accesorii potrivite fiec\u0103rei p\u0103pu\u0219i. Hainele frumoase pentru p\u0103pu\u0219i \u00ee\u021bi vor permite s\u0103 joci rolul de","og_url":"https:\/\/www.zoko.ro\/en\/p\/set-de-haine-pentru-papusi-cu-accesorii-43-de-elemente-gonga\/","og_site_name":"ZOKO","article_publisher":"https:\/\/www.facebook.com\/profile.php?id=61584344135075","og_image":[{"width":800,"height":800,"url":"https:\/\/www.zoko.ro\/wp-content\/uploads\/2025\/12\/set-de-haine-pentru-papusi-cu-accesorii-43-de-elemente-gonga.jpg","type":"image\/jpeg"}],"twitter_card":"summary_large_image","twitter_misc":{"Estimated reading time":"1 minute"},"schema":{"@context":"https:\/\/schema.org","@graph":[{"@type":"WebPage","@id":"https:\/\/www.zoko.ro\/p\/set-de-haine-pentru-papusi-cu-accesorii-43-de-elemente-gonga\/","url":"https:\/\/www.zoko.ro\/p\/set-de-haine-pentru-papusi-cu-accesorii-43-de-elemente-gonga\/","name":"Set de haine pentru papusi cu accesorii, 43 de elemente, Gonga\u00ae | ZOKO","isPartOf":{"@id":"https:\/\/www.zoko.ro\/#website"},"primaryImageOfPage":{"@id":"https:\/\/www.zoko.ro\/p\/set-de-haine-pentru-papusi-cu-accesorii-43-de-elemente-gonga\/#primaryimage"},"image":{"@id":"https:\/\/www.zoko.ro\/p\/set-de-haine-pentru-papusi-cu-accesorii-43-de-elemente-gonga\/#primaryimage"},"thumbnailUrl":"https:\/\/www.zoko.ro\/wp-content\/uploads\/2025\/12\/set-de-haine-pentru-papusi-cu-accesorii-43-de-elemente-gonga.jpg","datePublished":"2026-04-28T21:32:18+00:00","breadcrumb":{"@id":"https:\/\/www.zoko.ro\/p\/set-de-haine-pentru-papusi-cu-accesorii-43-de-elemente-gonga\/#breadcrumb"},"inLanguage":"en-GB","potentialAction":[{"@type":"ReadAction","target":["https:\/\/www.zoko.ro\/p\/set-de-haine-pentru-papusi-cu-accesorii-43-de-elemente-gonga\/"]}]},{"@type":"ImageObject","inLanguage":"en-GB","@id":"https:\/\/www.zoko.ro\/p\/set-de-haine-pentru-papusi-cu-accesorii-43-de-elemente-gonga\/#primaryimage","url":"https:\/\/www.zoko.ro\/wp-content\/uploads\/2025\/12\/set-de-haine-pentru-papusi-cu-accesorii-43-de-elemente-gonga.jpg","contentUrl":"https:\/\/www.zoko.ro\/wp-content\/uploads\/2025\/12\/set-de-haine-pentru-papusi-cu-accesorii-43-de-elemente-gonga.jpg","width":800,"height":800},{"@type":"BreadcrumbList","@id":"https:\/\/www.zoko.ro\/p\/set-de-haine-pentru-papusi-cu-accesorii-43-de-elemente-gonga\/#breadcrumb","itemListElement":[{"@type":"ListItem","position":1,"name":"Home","item":"https:\/\/www.zoko.ro\/"},{"@type":"ListItem","position":2,"name":"Magazin","item":"https:\/\/www.zoko.ro\/magazin\/"},{"@type":"ListItem","position":3,"name":"Set de haine pentru papusi cu accesorii, 43 de elemente, Gonga\u00ae"}]},{"@type":"WebSite","@id":"https:\/\/www.zoko.ro\/#website","url":"https:\/\/www.zoko.ro\/","name":"ZOKO.ro","description":"Cump\u0103r\u0103 inteligent","publisher":{"@id":"https:\/\/www.zoko.ro\/#organization"},"potentialAction":[{"@type":"SearchAction","target":{"@type":"EntryPoint","urlTemplate":"https:\/\/www.zoko.ro\/?s={search_term_string}"},"query-input":{"@type":"PropertyValueSpecification","valueRequired":true,"valueName":"search_term_string"}}],"inLanguage":"en-GB"},{"@type":"Organization","@id":"https:\/\/www.zoko.ro\/#organization","name":"ZOKO","url":"https:\/\/www.zoko.ro\/","logo":{"@type":"ImageObject","inLanguage":"en-GB","@id":"https:\/\/www.zoko.ro\/#\/schema\/logo\/image\/","url":"https:\/\/www.zoko.ro\/wp-content\/uploads\/2025\/03\/logo1.svg","contentUrl":"https:\/\/www.zoko.ro\/wp-content\/uploads\/2025\/03\/logo1.svg","width":799,"height":216,"caption":"ZOKO"},"image":{"@id":"https:\/\/www.zoko.ro\/#\/schema\/logo\/image\/"},"sameAs":["https:\/\/www.facebook.com\/profile.php?id=61584344135075"]}]}},"_links":{"self":[{"href":"https:\/\/www.zoko.ro\/en\/wp-json\/wp\/v2\/product\/31514","targetHints":{"allow":["GET"]}}],"collection":[{"href":"https:\/\/www.zoko.ro\/en\/wp-json\/wp\/v2\/product"}],"about":[{"href":"https:\/\/www.zoko.ro\/en\/wp-json\/wp\/v2\/types\/product"}],"replies":[{"embeddable":true,"href":"https:\/\/www.zoko.ro\/en\/wp-json\/wp\/v2\/comments?post=31514"}],"version-history":[{"count":1,"href":"https:\/\/www.zoko.ro\/en\/wp-json\/wp\/v2\/product\/31514\/revisions"}],"predecessor-version":[{"id":38153,"href":"https:\/\/www.zoko.ro\/en\/wp-json\/wp\/v2\/product\/31514\/revisions\/38153"}],"wp:featuredmedia":[{"embeddable":true,"href":"https:\/\/www.zoko.ro\/en\/wp-json\/wp\/v2\/media\/31515"}],"wp:attachment":[{"href":"https:\/\/www.zoko.ro\/en\/wp-json\/wp\/v2\/media?parent=31514"}],"wp:term":[{"taxonomy":"product_brand","embeddable":true,"href":"https:\/\/www.zoko.ro\/en\/wp-json\/wp\/v2\/product_brand?post=31514"},{"taxonomy":"product_cat","embeddable":true,"href":"https:\/\/www.zoko.ro\/en\/wp-json\/wp\/v2\/product_cat?post=31514"},{"taxonomy":"product_tag","embeddable":true,"href":"https:\/\/www.zoko.ro\/en\/wp-json\/wp\/v2\/product_tag?post=31514"}],"curies":[{"name":"wp","href":"https:\/\/api.w.org\/{rel}","templated":true}]}}