{"id":31544,"date":"2026-04-28T23:32:20","date_gmt":"2026-04-28T21:32:20","guid":{"rendered":"https:\/\/www.zoko.ro\/p\/avion-de-lupta-su-35-cu-telecomanda-gonga\/"},"modified":"2026-04-28T23:32:20","modified_gmt":"2026-04-28T21:32:20","slug":"avion-de-lupta-su-35-cu-telecomanda-gonga","status":"publish","type":"product","link":"https:\/\/www.zoko.ro\/en\/p\/avion-de-lupta-su-35-cu-telecomanda-gonga\/","title":{"rendered":"Avion de lupt\u0103 SU-35, cu telecomanda, Gonga\u00ae"},"content":{"rendered":"<p><strong>Culoare:<\/strong> Galben<\/p>\n<p>Un model de avion de lupt\u0103 SU-35 pe care \u00eel po\u021bi avea acas\u0103.<\/p>\n<\/p>\n<p>Avion ultrau\u0219or cu sarcin\u0103 controlat\u0103 din polistiren de culoare galben\u0103.<\/p>\n<\/p>\n<p>Su-35-urile originale sunt avioane de lupt\u0103 multirol, produse \u00een Rusia. Astfel de modele sunt folosite de armata rus\u0103 sau chinez\u0103. Acest model reproduce avioanele for\u021belor aeriene ale armatei chineze.<\/p>\n<\/p>\n<p>Construc\u021bia u\u0219oar\u0103 din polistiren v\u0103 permite s\u0103-l ridicati cu u\u0219urin\u021b\u0103 de la sol. Ca un adev\u0103rat lupt\u0103tor, acest model are nevoie de o pista destul de lung\u0103 urmat\u0103 de o decolare spectaculoas\u0103.<\/p>\n<\/p>\n<p>Varful modelului este asigurat cu un capac de cauciuc, care va fi apreciat mai ales de amatorii neexperimentati de echipamente cu telecomanda. Capacul asigur\u0103 aeronava \u00een timpul ciocnirilor cu diferite obstacole.<\/p>\n<\/p>\n<p>Modelul este echipat cu ro\u021bi care faciliteaz\u0103 decolarea.<\/p>\n<\/p>\n<p>Not\u0103: Pentru propria dumneavoastr\u0103 siguran\u021b\u0103, nu \u021bine\u021bi modelul \u00een m\u00e2ini \u00een timpul decol\u0103rii.<\/p>\n<\/p>\n<p>Caracteristicile si specificatiile produsului:<\/p>\n<\/p>\n<p>&#8211; Dimensiuni model: 37cm x 29cm (anvergura aripilor)<\/p>\n<p>&#8211; Putere:<\/p>\n<p>avion: baterie de 3,7 V, 220 mAh (inclusa)<\/p>\n<p>telecomanda: 3 baterii AA (neincluse)<\/p>\n<p>&#8211; Timp de zbor: 12-15 minute<\/p>\n<p>&#8211; Timp de \u00eenc\u0103rcare: aproximativ 35 de minute<\/p>\n<p>&#8211; Raza de actiune: aproximativ 120 m<\/p>\n<p>&#8211; Transmi\u021b\u0103tor: 2,4 GHz<\/p>","protected":false},"excerpt":{"rendered":"<p>Culoare: Galben Un model de avion de lupt\u0103 SU-35 pe care \u00eel po\u021bi avea acas\u0103. Avion ultrau\u0219or cu sarcin\u0103 controlat\u0103<\/p>","protected":false},"featured_media":31545,"comment_status":"open","ping_status":"open","template":"","meta":[],"product_brand":[],"product_cat":[99,366,333,359],"product_tag":[104],"class_list":{"0":"post-31544","1":"product","2":"type-product","3":"status-publish","4":"has-post-thumbnail","6":"product_cat-acasa","7":"product_cat-elicoptere-drone","8":"product_cat-jucarii","9":"product_cat-jucarii-cu-telecomanda","10":"product_tag-in-stoc","11":"pa_culoare-galben","13":"first","14":"instock","15":"sale","16":"purchasable","17":"product-type-simple"},"yoast_head":"<!-- This site is optimized with the Yoast SEO plugin v27.2 - https:\/\/yoast.com\/product\/yoast-seo-wordpress\/ -->\n<title>Avion de lupt\u0103 SU-35, cu telecomanda, Gonga\u00ae | ZOKO<\/title>\n<meta name=\"robots\" content=\"index, follow, max-snippet:-1, max-image-preview:large, max-video-preview:-1\" \/>\n<link rel=\"canonical\" href=\"https:\/\/www.zoko.ro\/en\/p\/avion-de-lupta-su-35-cu-telecomanda-gonga\/\" \/>\n<meta property=\"og:locale\" content=\"en_GB\" \/>\n<meta property=\"og:type\" content=\"article\" \/>\n<meta property=\"og:title\" content=\"Avion de lupt\u0103 SU-35, cu telecomanda, Gonga\u00ae | ZOKO\" \/>\n<meta property=\"og:description\" content=\"Culoare: Galben Un model de avion de lupt\u0103 SU-35 pe care \u00eel po\u021bi avea acas\u0103. Avion ultrau\u0219or cu sarcin\u0103 controlat\u0103\" \/>\n<meta property=\"og:url\" content=\"https:\/\/www.zoko.ro\/en\/p\/avion-de-lupta-su-35-cu-telecomanda-gonga\/\" \/>\n<meta property=\"og:site_name\" content=\"ZOKO\" \/>\n<meta property=\"article:publisher\" content=\"https:\/\/www.facebook.com\/profile.php?id=61584344135075\" \/>\n<meta property=\"og:image\" content=\"https:\/\/www.zoko.ro\/wp-content\/uploads\/2025\/12\/avion-de-lupta-su-35cu-telecomanda-galben-gonga.jpg\" \/>\n\t<meta property=\"og:image:width\" content=\"800\" \/>\n\t<meta property=\"og:image:height\" content=\"800\" \/>\n\t<meta property=\"og:image:type\" content=\"image\/jpeg\" \/>\n<meta name=\"twitter:card\" content=\"summary_large_image\" \/>\n<meta name=\"twitter:label1\" content=\"Estimated reading time\" \/>\n\t<meta name=\"twitter:data1\" content=\"1 minute\" \/>\n<script type=\"application\/ld+json\" class=\"yoast-schema-graph\">{\"@context\":\"https:\/\/schema.org\",\"@graph\":[{\"@type\":\"WebPage\",\"@id\":\"https:\/\/www.zoko.ro\/p\/avion-de-lupta-su-35-cu-telecomanda-gonga\/\",\"url\":\"https:\/\/www.zoko.ro\/p\/avion-de-lupta-su-35-cu-telecomanda-gonga\/\",\"name\":\"Avion de lupt\u0103 SU-35, cu telecomanda, Gonga\u00ae | ZOKO\",\"isPartOf\":{\"@id\":\"https:\/\/www.zoko.ro\/#website\"},\"primaryImageOfPage\":{\"@id\":\"https:\/\/www.zoko.ro\/p\/avion-de-lupta-su-35-cu-telecomanda-gonga\/#primaryimage\"},\"image\":{\"@id\":\"https:\/\/www.zoko.ro\/p\/avion-de-lupta-su-35-cu-telecomanda-gonga\/#primaryimage\"},\"thumbnailUrl\":\"https:\/\/www.zoko.ro\/wp-content\/uploads\/2025\/12\/avion-de-lupta-su-35cu-telecomanda-galben-gonga.jpg\",\"datePublished\":\"2026-04-28T21:32:20+00:00\",\"breadcrumb\":{\"@id\":\"https:\/\/www.zoko.ro\/p\/avion-de-lupta-su-35-cu-telecomanda-gonga\/#breadcrumb\"},\"inLanguage\":\"en-GB\",\"potentialAction\":[{\"@type\":\"ReadAction\",\"target\":[\"https:\/\/www.zoko.ro\/p\/avion-de-lupta-su-35-cu-telecomanda-gonga\/\"]}]},{\"@type\":\"ImageObject\",\"inLanguage\":\"en-GB\",\"@id\":\"https:\/\/www.zoko.ro\/p\/avion-de-lupta-su-35-cu-telecomanda-gonga\/#primaryimage\",\"url\":\"https:\/\/www.zoko.ro\/wp-content\/uploads\/2025\/12\/avion-de-lupta-su-35cu-telecomanda-galben-gonga.jpg\",\"contentUrl\":\"https:\/\/www.zoko.ro\/wp-content\/uploads\/2025\/12\/avion-de-lupta-su-35cu-telecomanda-galben-gonga.jpg\",\"width\":800,\"height\":800},{\"@type\":\"BreadcrumbList\",\"@id\":\"https:\/\/www.zoko.ro\/p\/avion-de-lupta-su-35-cu-telecomanda-gonga\/#breadcrumb\",\"itemListElement\":[{\"@type\":\"ListItem\",\"position\":1,\"name\":\"Home\",\"item\":\"https:\/\/www.zoko.ro\/\"},{\"@type\":\"ListItem\",\"position\":2,\"name\":\"Magazin\",\"item\":\"https:\/\/www.zoko.ro\/magazin\/\"},{\"@type\":\"ListItem\",\"position\":3,\"name\":\"Avion de lupt\u0103 SU-35, cu telecomanda, Gonga\u00ae\"}]},{\"@type\":\"WebSite\",\"@id\":\"https:\/\/www.zoko.ro\/#website\",\"url\":\"https:\/\/www.zoko.ro\/\",\"name\":\"ZOKO.ro\",\"description\":\"Cump\u0103r\u0103 inteligent\",\"publisher\":{\"@id\":\"https:\/\/www.zoko.ro\/#organization\"},\"potentialAction\":[{\"@type\":\"SearchAction\",\"target\":{\"@type\":\"EntryPoint\",\"urlTemplate\":\"https:\/\/www.zoko.ro\/?s={search_term_string}\"},\"query-input\":{\"@type\":\"PropertyValueSpecification\",\"valueRequired\":true,\"valueName\":\"search_term_string\"}}],\"inLanguage\":\"en-GB\"},{\"@type\":\"Organization\",\"@id\":\"https:\/\/www.zoko.ro\/#organization\",\"name\":\"ZOKO\",\"url\":\"https:\/\/www.zoko.ro\/\",\"logo\":{\"@type\":\"ImageObject\",\"inLanguage\":\"en-GB\",\"@id\":\"https:\/\/www.zoko.ro\/#\/schema\/logo\/image\/\",\"url\":\"https:\/\/www.zoko.ro\/wp-content\/uploads\/2025\/03\/logo1.svg\",\"contentUrl\":\"https:\/\/www.zoko.ro\/wp-content\/uploads\/2025\/03\/logo1.svg\",\"width\":799,\"height\":216,\"caption\":\"ZOKO\"},\"image\":{\"@id\":\"https:\/\/www.zoko.ro\/#\/schema\/logo\/image\/\"},\"sameAs\":[\"https:\/\/www.facebook.com\/profile.php?id=61584344135075\"]}]}<\/script>\n<!-- \/ Yoast SEO plugin. -->","yoast_head_json":{"title":"Avion de lupt\u0103 SU-35, cu telecomanda, Gonga\u00ae | ZOKO","robots":{"index":"index","follow":"follow","max-snippet":"max-snippet:-1","max-image-preview":"max-image-preview:large","max-video-preview":"max-video-preview:-1"},"canonical":"https:\/\/www.zoko.ro\/en\/p\/avion-de-lupta-su-35-cu-telecomanda-gonga\/","og_locale":"en_GB","og_type":"article","og_title":"Avion de lupt\u0103 SU-35, cu telecomanda, Gonga\u00ae | ZOKO","og_description":"Culoare: Galben Un model de avion de lupt\u0103 SU-35 pe care \u00eel po\u021bi avea acas\u0103. Avion ultrau\u0219or cu sarcin\u0103 controlat\u0103","og_url":"https:\/\/www.zoko.ro\/en\/p\/avion-de-lupta-su-35-cu-telecomanda-gonga\/","og_site_name":"ZOKO","article_publisher":"https:\/\/www.facebook.com\/profile.php?id=61584344135075","og_image":[{"width":800,"height":800,"url":"https:\/\/www.zoko.ro\/wp-content\/uploads\/2025\/12\/avion-de-lupta-su-35cu-telecomanda-galben-gonga.jpg","type":"image\/jpeg"}],"twitter_card":"summary_large_image","twitter_misc":{"Estimated reading time":"1 minute"},"schema":{"@context":"https:\/\/schema.org","@graph":[{"@type":"WebPage","@id":"https:\/\/www.zoko.ro\/p\/avion-de-lupta-su-35-cu-telecomanda-gonga\/","url":"https:\/\/www.zoko.ro\/p\/avion-de-lupta-su-35-cu-telecomanda-gonga\/","name":"Avion de lupt\u0103 SU-35, cu telecomanda, Gonga\u00ae | ZOKO","isPartOf":{"@id":"https:\/\/www.zoko.ro\/#website"},"primaryImageOfPage":{"@id":"https:\/\/www.zoko.ro\/p\/avion-de-lupta-su-35-cu-telecomanda-gonga\/#primaryimage"},"image":{"@id":"https:\/\/www.zoko.ro\/p\/avion-de-lupta-su-35-cu-telecomanda-gonga\/#primaryimage"},"thumbnailUrl":"https:\/\/www.zoko.ro\/wp-content\/uploads\/2025\/12\/avion-de-lupta-su-35cu-telecomanda-galben-gonga.jpg","datePublished":"2026-04-28T21:32:20+00:00","breadcrumb":{"@id":"https:\/\/www.zoko.ro\/p\/avion-de-lupta-su-35-cu-telecomanda-gonga\/#breadcrumb"},"inLanguage":"en-GB","potentialAction":[{"@type":"ReadAction","target":["https:\/\/www.zoko.ro\/p\/avion-de-lupta-su-35-cu-telecomanda-gonga\/"]}]},{"@type":"ImageObject","inLanguage":"en-GB","@id":"https:\/\/www.zoko.ro\/p\/avion-de-lupta-su-35-cu-telecomanda-gonga\/#primaryimage","url":"https:\/\/www.zoko.ro\/wp-content\/uploads\/2025\/12\/avion-de-lupta-su-35cu-telecomanda-galben-gonga.jpg","contentUrl":"https:\/\/www.zoko.ro\/wp-content\/uploads\/2025\/12\/avion-de-lupta-su-35cu-telecomanda-galben-gonga.jpg","width":800,"height":800},{"@type":"BreadcrumbList","@id":"https:\/\/www.zoko.ro\/p\/avion-de-lupta-su-35-cu-telecomanda-gonga\/#breadcrumb","itemListElement":[{"@type":"ListItem","position":1,"name":"Home","item":"https:\/\/www.zoko.ro\/"},{"@type":"ListItem","position":2,"name":"Magazin","item":"https:\/\/www.zoko.ro\/magazin\/"},{"@type":"ListItem","position":3,"name":"Avion de lupt\u0103 SU-35, cu telecomanda, Gonga\u00ae"}]},{"@type":"WebSite","@id":"https:\/\/www.zoko.ro\/#website","url":"https:\/\/www.zoko.ro\/","name":"ZOKO.ro","description":"Cump\u0103r\u0103 inteligent","publisher":{"@id":"https:\/\/www.zoko.ro\/#organization"},"potentialAction":[{"@type":"SearchAction","target":{"@type":"EntryPoint","urlTemplate":"https:\/\/www.zoko.ro\/?s={search_term_string}"},"query-input":{"@type":"PropertyValueSpecification","valueRequired":true,"valueName":"search_term_string"}}],"inLanguage":"en-GB"},{"@type":"Organization","@id":"https:\/\/www.zoko.ro\/#organization","name":"ZOKO","url":"https:\/\/www.zoko.ro\/","logo":{"@type":"ImageObject","inLanguage":"en-GB","@id":"https:\/\/www.zoko.ro\/#\/schema\/logo\/image\/","url":"https:\/\/www.zoko.ro\/wp-content\/uploads\/2025\/03\/logo1.svg","contentUrl":"https:\/\/www.zoko.ro\/wp-content\/uploads\/2025\/03\/logo1.svg","width":799,"height":216,"caption":"ZOKO"},"image":{"@id":"https:\/\/www.zoko.ro\/#\/schema\/logo\/image\/"},"sameAs":["https:\/\/www.facebook.com\/profile.php?id=61584344135075"]}]}},"_links":{"self":[{"href":"https:\/\/www.zoko.ro\/en\/wp-json\/wp\/v2\/product\/31544","targetHints":{"allow":["GET"]}}],"collection":[{"href":"https:\/\/www.zoko.ro\/en\/wp-json\/wp\/v2\/product"}],"about":[{"href":"https:\/\/www.zoko.ro\/en\/wp-json\/wp\/v2\/types\/product"}],"replies":[{"embeddable":true,"href":"https:\/\/www.zoko.ro\/en\/wp-json\/wp\/v2\/comments?post=31544"}],"version-history":[{"count":1,"href":"https:\/\/www.zoko.ro\/en\/wp-json\/wp\/v2\/product\/31544\/revisions"}],"predecessor-version":[{"id":34105,"href":"https:\/\/www.zoko.ro\/en\/wp-json\/wp\/v2\/product\/31544\/revisions\/34105"}],"wp:featuredmedia":[{"embeddable":true,"href":"https:\/\/www.zoko.ro\/en\/wp-json\/wp\/v2\/media\/31545"}],"wp:attachment":[{"href":"https:\/\/www.zoko.ro\/en\/wp-json\/wp\/v2\/media?parent=31544"}],"wp:term":[{"taxonomy":"product_brand","embeddable":true,"href":"https:\/\/www.zoko.ro\/en\/wp-json\/wp\/v2\/product_brand?post=31544"},{"taxonomy":"product_cat","embeddable":true,"href":"https:\/\/www.zoko.ro\/en\/wp-json\/wp\/v2\/product_cat?post=31544"},{"taxonomy":"product_tag","embeddable":true,"href":"https:\/\/www.zoko.ro\/en\/wp-json\/wp\/v2\/product_tag?post=31544"}],"curies":[{"name":"wp","href":"https:\/\/api.w.org\/{rel}","templated":true}]}}