{"id":31686,"date":"2026-04-28T23:32:29","date_gmt":"2026-04-28T21:32:29","guid":{"rendered":"https:\/\/www.zoko.ro\/p\/cana-in-forma-de-butoi-cu-mesaj-warning-toxic-waste-gonga\/"},"modified":"2026-04-28T23:32:29","modified_gmt":"2026-04-28T21:32:29","slug":"cana-in-forma-de-butoi-cu-mesaj-warning-toxic-waste-gonga","status":"publish","type":"product","link":"https:\/\/www.zoko.ro\/en\/p\/cana-in-forma-de-butoi-cu-mesaj-warning-toxic-waste-gonga\/","title":{"rendered":"Can\u0103 \u00een form\u0103 de butoi cu mesaj WARNING TOXIC WASTE, Gonga\u00ae"},"content":{"rendered":"<p><strong>Culoare:<\/strong> Galben<\/p>\n<p>Cine \u00eendr\u0103zne\u0219te s\u0103 bea dintr-o can\u0103 \u00een form\u0103 de butoi cu mesaj WARNING TOXIC WASTE \u0219i imaginea craniului? Depinde de tine ce torni in cana ta galbena, dar trebuie sa stii ca oamenii care te privesc pot simti un fior de teama.<\/p>\n<\/p>\n<p>Cana poate fi spalata la masina de spalat vase.<\/p>\n<\/p>\n<p>Are o capacitate de 0.5 l.<\/p>","protected":false},"excerpt":{"rendered":"<p>Culoare: Galben Cine \u00eendr\u0103zne\u0219te s\u0103 bea dintr-o can\u0103 \u00een form\u0103 de butoi cu mesaj WARNING TOXIC WASTE \u0219i imaginea craniului?<\/p>","protected":false},"featured_media":31687,"comment_status":"open","ping_status":"open","template":"","meta":[],"product_brand":[],"product_cat":[99,342,343],"product_tag":[104],"class_list":{"0":"post-31686","1":"product","2":"type-product","3":"status-publish","4":"has-post-thumbnail","6":"product_cat-acasa","7":"product_cat-cadouri","8":"product_cat-cadouri-haioase","9":"product_tag-in-stoc","10":"pa_culoare-galben","12":"first","13":"instock","14":"sale","15":"purchasable","16":"product-type-simple"},"yoast_head":"<!-- This site is optimized with the Yoast SEO plugin v27.2 - https:\/\/yoast.com\/product\/yoast-seo-wordpress\/ -->\n<title>Can\u0103 \u00een form\u0103 de butoi cu mesaj WARNING TOXIC WASTE, Gonga\u00ae | ZOKO<\/title>\n<meta name=\"robots\" content=\"index, follow, max-snippet:-1, max-image-preview:large, max-video-preview:-1\" \/>\n<link rel=\"canonical\" href=\"https:\/\/www.zoko.ro\/en\/p\/cana-in-forma-de-butoi-cu-mesaj-warning-toxic-waste-gonga\/\" \/>\n<meta property=\"og:locale\" content=\"en_GB\" \/>\n<meta property=\"og:type\" content=\"article\" \/>\n<meta property=\"og:title\" content=\"Can\u0103 \u00een form\u0103 de butoi cu mesaj WARNING TOXIC WASTE, Gonga\u00ae | ZOKO\" \/>\n<meta property=\"og:description\" content=\"Culoare: Galben Cine \u00eendr\u0103zne\u0219te s\u0103 bea dintr-o can\u0103 \u00een form\u0103 de butoi cu mesaj WARNING TOXIC WASTE \u0219i imaginea craniului?\" \/>\n<meta property=\"og:url\" content=\"https:\/\/www.zoko.ro\/en\/p\/cana-in-forma-de-butoi-cu-mesaj-warning-toxic-waste-gonga\/\" \/>\n<meta property=\"og:site_name\" content=\"ZOKO\" \/>\n<meta property=\"article:publisher\" content=\"https:\/\/www.facebook.com\/profile.php?id=61584344135075\" \/>\n<meta property=\"og:image\" content=\"https:\/\/www.zoko.ro\/wp-content\/uploads\/2025\/12\/cana-in-forma-de-butoi-cu-mesaj-warning-toxic-waste-gonga.jpg\" \/>\n\t<meta property=\"og:image:width\" content=\"800\" \/>\n\t<meta property=\"og:image:height\" content=\"800\" \/>\n\t<meta property=\"og:image:type\" content=\"image\/jpeg\" \/>\n<meta name=\"twitter:card\" content=\"summary_large_image\" \/>\n<script type=\"application\/ld+json\" class=\"yoast-schema-graph\">{\"@context\":\"https:\/\/schema.org\",\"@graph\":[{\"@type\":\"WebPage\",\"@id\":\"https:\/\/www.zoko.ro\/p\/cana-in-forma-de-butoi-cu-mesaj-warning-toxic-waste-gonga\/\",\"url\":\"https:\/\/www.zoko.ro\/p\/cana-in-forma-de-butoi-cu-mesaj-warning-toxic-waste-gonga\/\",\"name\":\"Can\u0103 \u00een form\u0103 de butoi cu mesaj WARNING TOXIC WASTE, Gonga\u00ae | ZOKO\",\"isPartOf\":{\"@id\":\"https:\/\/www.zoko.ro\/#website\"},\"primaryImageOfPage\":{\"@id\":\"https:\/\/www.zoko.ro\/p\/cana-in-forma-de-butoi-cu-mesaj-warning-toxic-waste-gonga\/#primaryimage\"},\"image\":{\"@id\":\"https:\/\/www.zoko.ro\/p\/cana-in-forma-de-butoi-cu-mesaj-warning-toxic-waste-gonga\/#primaryimage\"},\"thumbnailUrl\":\"https:\/\/www.zoko.ro\/wp-content\/uploads\/2025\/12\/cana-in-forma-de-butoi-cu-mesaj-warning-toxic-waste-gonga.jpg\",\"datePublished\":\"2026-04-28T21:32:29+00:00\",\"breadcrumb\":{\"@id\":\"https:\/\/www.zoko.ro\/p\/cana-in-forma-de-butoi-cu-mesaj-warning-toxic-waste-gonga\/#breadcrumb\"},\"inLanguage\":\"en-GB\",\"potentialAction\":[{\"@type\":\"ReadAction\",\"target\":[\"https:\/\/www.zoko.ro\/p\/cana-in-forma-de-butoi-cu-mesaj-warning-toxic-waste-gonga\/\"]}]},{\"@type\":\"ImageObject\",\"inLanguage\":\"en-GB\",\"@id\":\"https:\/\/www.zoko.ro\/p\/cana-in-forma-de-butoi-cu-mesaj-warning-toxic-waste-gonga\/#primaryimage\",\"url\":\"https:\/\/www.zoko.ro\/wp-content\/uploads\/2025\/12\/cana-in-forma-de-butoi-cu-mesaj-warning-toxic-waste-gonga.jpg\",\"contentUrl\":\"https:\/\/www.zoko.ro\/wp-content\/uploads\/2025\/12\/cana-in-forma-de-butoi-cu-mesaj-warning-toxic-waste-gonga.jpg\",\"width\":800,\"height\":800},{\"@type\":\"BreadcrumbList\",\"@id\":\"https:\/\/www.zoko.ro\/p\/cana-in-forma-de-butoi-cu-mesaj-warning-toxic-waste-gonga\/#breadcrumb\",\"itemListElement\":[{\"@type\":\"ListItem\",\"position\":1,\"name\":\"Home\",\"item\":\"https:\/\/www.zoko.ro\/\"},{\"@type\":\"ListItem\",\"position\":2,\"name\":\"Magazin\",\"item\":\"https:\/\/www.zoko.ro\/magazin\/\"},{\"@type\":\"ListItem\",\"position\":3,\"name\":\"Can\u0103 \u00een form\u0103 de butoi cu mesaj WARNING TOXIC WASTE, Gonga\u00ae\"}]},{\"@type\":\"WebSite\",\"@id\":\"https:\/\/www.zoko.ro\/#website\",\"url\":\"https:\/\/www.zoko.ro\/\",\"name\":\"ZOKO.ro\",\"description\":\"Cump\u0103r\u0103 inteligent\",\"publisher\":{\"@id\":\"https:\/\/www.zoko.ro\/#organization\"},\"potentialAction\":[{\"@type\":\"SearchAction\",\"target\":{\"@type\":\"EntryPoint\",\"urlTemplate\":\"https:\/\/www.zoko.ro\/?s={search_term_string}\"},\"query-input\":{\"@type\":\"PropertyValueSpecification\",\"valueRequired\":true,\"valueName\":\"search_term_string\"}}],\"inLanguage\":\"en-GB\"},{\"@type\":\"Organization\",\"@id\":\"https:\/\/www.zoko.ro\/#organization\",\"name\":\"ZOKO\",\"url\":\"https:\/\/www.zoko.ro\/\",\"logo\":{\"@type\":\"ImageObject\",\"inLanguage\":\"en-GB\",\"@id\":\"https:\/\/www.zoko.ro\/#\/schema\/logo\/image\/\",\"url\":\"https:\/\/www.zoko.ro\/wp-content\/uploads\/2025\/03\/logo1.svg\",\"contentUrl\":\"https:\/\/www.zoko.ro\/wp-content\/uploads\/2025\/03\/logo1.svg\",\"width\":799,\"height\":216,\"caption\":\"ZOKO\"},\"image\":{\"@id\":\"https:\/\/www.zoko.ro\/#\/schema\/logo\/image\/\"},\"sameAs\":[\"https:\/\/www.facebook.com\/profile.php?id=61584344135075\"]}]}<\/script>\n<!-- \/ Yoast SEO plugin. -->","yoast_head_json":{"title":"Can\u0103 \u00een form\u0103 de butoi cu mesaj WARNING TOXIC WASTE, Gonga\u00ae | ZOKO","robots":{"index":"index","follow":"follow","max-snippet":"max-snippet:-1","max-image-preview":"max-image-preview:large","max-video-preview":"max-video-preview:-1"},"canonical":"https:\/\/www.zoko.ro\/en\/p\/cana-in-forma-de-butoi-cu-mesaj-warning-toxic-waste-gonga\/","og_locale":"en_GB","og_type":"article","og_title":"Can\u0103 \u00een form\u0103 de butoi cu mesaj WARNING TOXIC WASTE, Gonga\u00ae | ZOKO","og_description":"Culoare: Galben Cine \u00eendr\u0103zne\u0219te s\u0103 bea dintr-o can\u0103 \u00een form\u0103 de butoi cu mesaj WARNING TOXIC WASTE \u0219i imaginea craniului?","og_url":"https:\/\/www.zoko.ro\/en\/p\/cana-in-forma-de-butoi-cu-mesaj-warning-toxic-waste-gonga\/","og_site_name":"ZOKO","article_publisher":"https:\/\/www.facebook.com\/profile.php?id=61584344135075","og_image":[{"width":800,"height":800,"url":"https:\/\/www.zoko.ro\/wp-content\/uploads\/2025\/12\/cana-in-forma-de-butoi-cu-mesaj-warning-toxic-waste-gonga.jpg","type":"image\/jpeg"}],"twitter_card":"summary_large_image","schema":{"@context":"https:\/\/schema.org","@graph":[{"@type":"WebPage","@id":"https:\/\/www.zoko.ro\/p\/cana-in-forma-de-butoi-cu-mesaj-warning-toxic-waste-gonga\/","url":"https:\/\/www.zoko.ro\/p\/cana-in-forma-de-butoi-cu-mesaj-warning-toxic-waste-gonga\/","name":"Can\u0103 \u00een form\u0103 de butoi cu mesaj WARNING TOXIC WASTE, Gonga\u00ae | ZOKO","isPartOf":{"@id":"https:\/\/www.zoko.ro\/#website"},"primaryImageOfPage":{"@id":"https:\/\/www.zoko.ro\/p\/cana-in-forma-de-butoi-cu-mesaj-warning-toxic-waste-gonga\/#primaryimage"},"image":{"@id":"https:\/\/www.zoko.ro\/p\/cana-in-forma-de-butoi-cu-mesaj-warning-toxic-waste-gonga\/#primaryimage"},"thumbnailUrl":"https:\/\/www.zoko.ro\/wp-content\/uploads\/2025\/12\/cana-in-forma-de-butoi-cu-mesaj-warning-toxic-waste-gonga.jpg","datePublished":"2026-04-28T21:32:29+00:00","breadcrumb":{"@id":"https:\/\/www.zoko.ro\/p\/cana-in-forma-de-butoi-cu-mesaj-warning-toxic-waste-gonga\/#breadcrumb"},"inLanguage":"en-GB","potentialAction":[{"@type":"ReadAction","target":["https:\/\/www.zoko.ro\/p\/cana-in-forma-de-butoi-cu-mesaj-warning-toxic-waste-gonga\/"]}]},{"@type":"ImageObject","inLanguage":"en-GB","@id":"https:\/\/www.zoko.ro\/p\/cana-in-forma-de-butoi-cu-mesaj-warning-toxic-waste-gonga\/#primaryimage","url":"https:\/\/www.zoko.ro\/wp-content\/uploads\/2025\/12\/cana-in-forma-de-butoi-cu-mesaj-warning-toxic-waste-gonga.jpg","contentUrl":"https:\/\/www.zoko.ro\/wp-content\/uploads\/2025\/12\/cana-in-forma-de-butoi-cu-mesaj-warning-toxic-waste-gonga.jpg","width":800,"height":800},{"@type":"BreadcrumbList","@id":"https:\/\/www.zoko.ro\/p\/cana-in-forma-de-butoi-cu-mesaj-warning-toxic-waste-gonga\/#breadcrumb","itemListElement":[{"@type":"ListItem","position":1,"name":"Home","item":"https:\/\/www.zoko.ro\/"},{"@type":"ListItem","position":2,"name":"Magazin","item":"https:\/\/www.zoko.ro\/magazin\/"},{"@type":"ListItem","position":3,"name":"Can\u0103 \u00een form\u0103 de butoi cu mesaj WARNING TOXIC WASTE, Gonga\u00ae"}]},{"@type":"WebSite","@id":"https:\/\/www.zoko.ro\/#website","url":"https:\/\/www.zoko.ro\/","name":"ZOKO.ro","description":"Cump\u0103r\u0103 inteligent","publisher":{"@id":"https:\/\/www.zoko.ro\/#organization"},"potentialAction":[{"@type":"SearchAction","target":{"@type":"EntryPoint","urlTemplate":"https:\/\/www.zoko.ro\/?s={search_term_string}"},"query-input":{"@type":"PropertyValueSpecification","valueRequired":true,"valueName":"search_term_string"}}],"inLanguage":"en-GB"},{"@type":"Organization","@id":"https:\/\/www.zoko.ro\/#organization","name":"ZOKO","url":"https:\/\/www.zoko.ro\/","logo":{"@type":"ImageObject","inLanguage":"en-GB","@id":"https:\/\/www.zoko.ro\/#\/schema\/logo\/image\/","url":"https:\/\/www.zoko.ro\/wp-content\/uploads\/2025\/03\/logo1.svg","contentUrl":"https:\/\/www.zoko.ro\/wp-content\/uploads\/2025\/03\/logo1.svg","width":799,"height":216,"caption":"ZOKO"},"image":{"@id":"https:\/\/www.zoko.ro\/#\/schema\/logo\/image\/"},"sameAs":["https:\/\/www.facebook.com\/profile.php?id=61584344135075"]}]}},"_links":{"self":[{"href":"https:\/\/www.zoko.ro\/en\/wp-json\/wp\/v2\/product\/31686","targetHints":{"allow":["GET"]}}],"collection":[{"href":"https:\/\/www.zoko.ro\/en\/wp-json\/wp\/v2\/product"}],"about":[{"href":"https:\/\/www.zoko.ro\/en\/wp-json\/wp\/v2\/types\/product"}],"replies":[{"embeddable":true,"href":"https:\/\/www.zoko.ro\/en\/wp-json\/wp\/v2\/comments?post=31686"}],"version-history":[{"count":1,"href":"https:\/\/www.zoko.ro\/en\/wp-json\/wp\/v2\/product\/31686\/revisions"}],"predecessor-version":[{"id":38176,"href":"https:\/\/www.zoko.ro\/en\/wp-json\/wp\/v2\/product\/31686\/revisions\/38176"}],"wp:featuredmedia":[{"embeddable":true,"href":"https:\/\/www.zoko.ro\/en\/wp-json\/wp\/v2\/media\/31687"}],"wp:attachment":[{"href":"https:\/\/www.zoko.ro\/en\/wp-json\/wp\/v2\/media?parent=31686"}],"wp:term":[{"taxonomy":"product_brand","embeddable":true,"href":"https:\/\/www.zoko.ro\/en\/wp-json\/wp\/v2\/product_brand?post=31686"},{"taxonomy":"product_cat","embeddable":true,"href":"https:\/\/www.zoko.ro\/en\/wp-json\/wp\/v2\/product_cat?post=31686"},{"taxonomy":"product_tag","embeddable":true,"href":"https:\/\/www.zoko.ro\/en\/wp-json\/wp\/v2\/product_tag?post=31686"}],"curies":[{"name":"wp","href":"https:\/\/api.w.org\/{rel}","templated":true}]}}