{"id":31745,"date":"2026-04-28T23:32:32","date_gmt":"2026-04-28T21:32:32","guid":{"rendered":"https:\/\/www.zoko.ro\/p\/set-2-lampi-de-avertizare-avarii-flux-luminos-de-360\/"},"modified":"2026-04-28T23:32:32","modified_gmt":"2026-04-28T21:32:32","slug":"set-2-lampi-de-avertizare-avarii-flux-luminos-de-360","status":"publish","type":"product","link":"https:\/\/www.zoko.ro\/en\/p\/set-2-lampi-de-avertizare-avarii-flux-luminos-de-360\/","title":{"rendered":"Set 2 lampi de avertizare avarii, flux luminos de 360\u00b0"},"content":{"rendered":"<p><strong>Culoare:<\/strong> Negru<\/p>\n<p><strong>Set 2 lampi de avertizare avarii<\/strong>, ce ar trebui sa fie de nelipsit in fiecare masina.<\/p>\n<\/p>\n<p><strong>Caracteristici:<\/strong><\/p>\n<ul>\n<li>Flux luminos de 360\u00b0, este vizibil de la mare distan\u021b\u0103 \u0219i ofer\u0103 o avertizare de pericol \u00een caz de urgen\u021b\u0103,<\/li>\n<li>magnet pentru montare pe orice suprafa\u021b\u0103 metalic\u0103 &#8211; pe vehicule, garduri etc.,<\/li>\n<li>cruce de plastic pliabil\u0103 pentru amplasarea l\u0103mpilor pe drum,<\/li>\n<li>impermeabile \u0219i rezistente la factori externi,<\/li>\n<li>Iluminare LED cu trei moduri de func\u021bionare: lumin\u0103 portocalie intermitent\u0103, lumin\u0103 portocalie continu\u0103, lantern\u0103 cu lumin\u0103 alb\u0103<\/li>\n<li>de ne\u00eenlocuit \u00een situa\u021bii de urgen\u021b\u0103,<\/li>\n<li>usor de asamblat si folosit,<\/li>\n<li>valiz\u0103 practic\u0103 inclus\u0103<\/li>\n<\/ul>\n<p><strong>Specificatii:<\/strong><\/p>\n<\/p>\n<p>&#8211; Material: ABS<\/p>\n<p>&#8211; Dimensiuni: Diametru 35mm x 110mm<\/p>\n<p>&#8211; Tip bec: LED<\/p>\n<p>&#8211; Alimentare:\u00a0 3 baterii de 1,5 V (AAA \/ R03)<\/p>\n<p>&#8211; Timp de lucru:\u00a0 p\u00e2n\u0103 la 50h (\u00een func\u021bie de modul de luminare)<\/p>\n<p>&#8211; Num\u0103r de func\u021bii luminoase:\u00a0 3<\/p>\n<p>&#8211; Temperatura de func\u021bionare :\u00a0 -20 \u00b0\u00a0 p\u00e2n\u0103 la +50 \u00b0 C<\/p>\n<p>&#8211; Grad de protectie:\u00a0 IP44<\/p>\n<p>&#8211; Durata de via\u021b\u0103 a LED-ului:\u00a0 10.000 de ore<\/p>\n<p>&#8211; Asamblare: magnet \u0219i cruce<\/p>\n<\/p>\n<p><strong>Legenda:\u00a0<\/strong><\/p>\n<p>1. Lumina LED<\/p>\n<p>2. Carcasa rezistenta<\/p>\n<p>3. Buton ON\/OFF<\/p>\n<p>4. Dungi reflectorizante<\/p>\n<p>5. Cruce pliabil\u0103<\/p>\n<p>6. Magnet pentru montaj stabil<\/p>","protected":false},"excerpt":{"rendered":"<p>Culoare: Negru Set 2 lampi de avertizare avarii, ce ar trebui sa fie de nelipsit in fiecare masina. Caracteristici: Flux<\/p>","protected":false},"featured_media":31746,"comment_status":"open","ping_status":"open","template":"","meta":[],"product_brand":[],"product_cat":[99,349,348],"product_tag":[104],"class_list":{"0":"post-31745","1":"product","2":"type-product","3":"status-publish","4":"has-post-thumbnail","6":"product_cat-acasa","7":"product_cat-accesorii-auto","8":"product_cat-auto-moto","9":"product_tag-in-stoc","10":"pa_culoare-negru","12":"first","13":"instock","14":"sale","15":"purchasable","16":"product-type-simple"},"yoast_head":"<!-- This site is optimized with the Yoast SEO plugin v27.2 - https:\/\/yoast.com\/product\/yoast-seo-wordpress\/ -->\n<title>Set 2 lampi de avertizare avarii, flux luminos de 360\u00b0 | ZOKO<\/title>\n<meta name=\"robots\" content=\"index, follow, max-snippet:-1, max-image-preview:large, max-video-preview:-1\" \/>\n<link rel=\"canonical\" href=\"https:\/\/www.zoko.ro\/en\/p\/set-2-lampi-de-avertizare-avarii-flux-luminos-de-360\/\" \/>\n<meta property=\"og:locale\" content=\"en_GB\" \/>\n<meta property=\"og:type\" content=\"article\" \/>\n<meta property=\"og:title\" content=\"Set 2 lampi de avertizare avarii, flux luminos de 360\u00b0 | ZOKO\" \/>\n<meta property=\"og:description\" content=\"Culoare: Negru Set 2 lampi de avertizare avarii, ce ar trebui sa fie de nelipsit in fiecare masina. Caracteristici: Flux\" \/>\n<meta property=\"og:url\" content=\"https:\/\/www.zoko.ro\/en\/p\/set-2-lampi-de-avertizare-avarii-flux-luminos-de-360\/\" \/>\n<meta property=\"og:site_name\" content=\"ZOKO\" \/>\n<meta property=\"article:publisher\" content=\"https:\/\/www.facebook.com\/profile.php?id=61584344135075\" \/>\n<meta property=\"og:image\" content=\"https:\/\/www.zoko.ro\/wp-content\/uploads\/2025\/12\/set-2-lampi-de-avertizare-avarii-flux-luminos-de-360.jpg\" \/>\n\t<meta property=\"og:image:width\" content=\"800\" \/>\n\t<meta property=\"og:image:height\" content=\"800\" \/>\n\t<meta property=\"og:image:type\" content=\"image\/jpeg\" \/>\n<meta name=\"twitter:card\" content=\"summary_large_image\" \/>\n<meta name=\"twitter:label1\" content=\"Estimated reading time\" \/>\n\t<meta name=\"twitter:data1\" content=\"1 minute\" \/>\n<script type=\"application\/ld+json\" class=\"yoast-schema-graph\">{\"@context\":\"https:\/\/schema.org\",\"@graph\":[{\"@type\":\"WebPage\",\"@id\":\"https:\/\/www.zoko.ro\/p\/set-2-lampi-de-avertizare-avarii-flux-luminos-de-360\/\",\"url\":\"https:\/\/www.zoko.ro\/p\/set-2-lampi-de-avertizare-avarii-flux-luminos-de-360\/\",\"name\":\"Set 2 lampi de avertizare avarii, flux luminos de 360\u00b0 | ZOKO\",\"isPartOf\":{\"@id\":\"https:\/\/www.zoko.ro\/#website\"},\"primaryImageOfPage\":{\"@id\":\"https:\/\/www.zoko.ro\/p\/set-2-lampi-de-avertizare-avarii-flux-luminos-de-360\/#primaryimage\"},\"image\":{\"@id\":\"https:\/\/www.zoko.ro\/p\/set-2-lampi-de-avertizare-avarii-flux-luminos-de-360\/#primaryimage\"},\"thumbnailUrl\":\"https:\/\/www.zoko.ro\/wp-content\/uploads\/2025\/12\/set-2-lampi-de-avertizare-avarii-flux-luminos-de-360.jpg\",\"datePublished\":\"2026-04-28T21:32:32+00:00\",\"breadcrumb\":{\"@id\":\"https:\/\/www.zoko.ro\/p\/set-2-lampi-de-avertizare-avarii-flux-luminos-de-360\/#breadcrumb\"},\"inLanguage\":\"en-GB\",\"potentialAction\":[{\"@type\":\"ReadAction\",\"target\":[\"https:\/\/www.zoko.ro\/p\/set-2-lampi-de-avertizare-avarii-flux-luminos-de-360\/\"]}]},{\"@type\":\"ImageObject\",\"inLanguage\":\"en-GB\",\"@id\":\"https:\/\/www.zoko.ro\/p\/set-2-lampi-de-avertizare-avarii-flux-luminos-de-360\/#primaryimage\",\"url\":\"https:\/\/www.zoko.ro\/wp-content\/uploads\/2025\/12\/set-2-lampi-de-avertizare-avarii-flux-luminos-de-360.jpg\",\"contentUrl\":\"https:\/\/www.zoko.ro\/wp-content\/uploads\/2025\/12\/set-2-lampi-de-avertizare-avarii-flux-luminos-de-360.jpg\",\"width\":800,\"height\":800},{\"@type\":\"BreadcrumbList\",\"@id\":\"https:\/\/www.zoko.ro\/p\/set-2-lampi-de-avertizare-avarii-flux-luminos-de-360\/#breadcrumb\",\"itemListElement\":[{\"@type\":\"ListItem\",\"position\":1,\"name\":\"Home\",\"item\":\"https:\/\/www.zoko.ro\/\"},{\"@type\":\"ListItem\",\"position\":2,\"name\":\"Magazin\",\"item\":\"https:\/\/www.zoko.ro\/magazin\/\"},{\"@type\":\"ListItem\",\"position\":3,\"name\":\"Set 2 lampi de avertizare avarii, flux luminos de 360\u00b0\"}]},{\"@type\":\"WebSite\",\"@id\":\"https:\/\/www.zoko.ro\/#website\",\"url\":\"https:\/\/www.zoko.ro\/\",\"name\":\"ZOKO.ro\",\"description\":\"Cump\u0103r\u0103 inteligent\",\"publisher\":{\"@id\":\"https:\/\/www.zoko.ro\/#organization\"},\"potentialAction\":[{\"@type\":\"SearchAction\",\"target\":{\"@type\":\"EntryPoint\",\"urlTemplate\":\"https:\/\/www.zoko.ro\/?s={search_term_string}\"},\"query-input\":{\"@type\":\"PropertyValueSpecification\",\"valueRequired\":true,\"valueName\":\"search_term_string\"}}],\"inLanguage\":\"en-GB\"},{\"@type\":\"Organization\",\"@id\":\"https:\/\/www.zoko.ro\/#organization\",\"name\":\"ZOKO\",\"url\":\"https:\/\/www.zoko.ro\/\",\"logo\":{\"@type\":\"ImageObject\",\"inLanguage\":\"en-GB\",\"@id\":\"https:\/\/www.zoko.ro\/#\/schema\/logo\/image\/\",\"url\":\"https:\/\/www.zoko.ro\/wp-content\/uploads\/2025\/03\/logo1.svg\",\"contentUrl\":\"https:\/\/www.zoko.ro\/wp-content\/uploads\/2025\/03\/logo1.svg\",\"width\":799,\"height\":216,\"caption\":\"ZOKO\"},\"image\":{\"@id\":\"https:\/\/www.zoko.ro\/#\/schema\/logo\/image\/\"},\"sameAs\":[\"https:\/\/www.facebook.com\/profile.php?id=61584344135075\"]}]}<\/script>\n<!-- \/ Yoast SEO plugin. -->","yoast_head_json":{"title":"Set 2 lampi de avertizare avarii, flux luminos de 360\u00b0 | ZOKO","robots":{"index":"index","follow":"follow","max-snippet":"max-snippet:-1","max-image-preview":"max-image-preview:large","max-video-preview":"max-video-preview:-1"},"canonical":"https:\/\/www.zoko.ro\/en\/p\/set-2-lampi-de-avertizare-avarii-flux-luminos-de-360\/","og_locale":"en_GB","og_type":"article","og_title":"Set 2 lampi de avertizare avarii, flux luminos de 360\u00b0 | ZOKO","og_description":"Culoare: Negru Set 2 lampi de avertizare avarii, ce ar trebui sa fie de nelipsit in fiecare masina. Caracteristici: Flux","og_url":"https:\/\/www.zoko.ro\/en\/p\/set-2-lampi-de-avertizare-avarii-flux-luminos-de-360\/","og_site_name":"ZOKO","article_publisher":"https:\/\/www.facebook.com\/profile.php?id=61584344135075","og_image":[{"width":800,"height":800,"url":"https:\/\/www.zoko.ro\/wp-content\/uploads\/2025\/12\/set-2-lampi-de-avertizare-avarii-flux-luminos-de-360.jpg","type":"image\/jpeg"}],"twitter_card":"summary_large_image","twitter_misc":{"Estimated reading time":"1 minute"},"schema":{"@context":"https:\/\/schema.org","@graph":[{"@type":"WebPage","@id":"https:\/\/www.zoko.ro\/p\/set-2-lampi-de-avertizare-avarii-flux-luminos-de-360\/","url":"https:\/\/www.zoko.ro\/p\/set-2-lampi-de-avertizare-avarii-flux-luminos-de-360\/","name":"Set 2 lampi de avertizare avarii, flux luminos de 360\u00b0 | ZOKO","isPartOf":{"@id":"https:\/\/www.zoko.ro\/#website"},"primaryImageOfPage":{"@id":"https:\/\/www.zoko.ro\/p\/set-2-lampi-de-avertizare-avarii-flux-luminos-de-360\/#primaryimage"},"image":{"@id":"https:\/\/www.zoko.ro\/p\/set-2-lampi-de-avertizare-avarii-flux-luminos-de-360\/#primaryimage"},"thumbnailUrl":"https:\/\/www.zoko.ro\/wp-content\/uploads\/2025\/12\/set-2-lampi-de-avertizare-avarii-flux-luminos-de-360.jpg","datePublished":"2026-04-28T21:32:32+00:00","breadcrumb":{"@id":"https:\/\/www.zoko.ro\/p\/set-2-lampi-de-avertizare-avarii-flux-luminos-de-360\/#breadcrumb"},"inLanguage":"en-GB","potentialAction":[{"@type":"ReadAction","target":["https:\/\/www.zoko.ro\/p\/set-2-lampi-de-avertizare-avarii-flux-luminos-de-360\/"]}]},{"@type":"ImageObject","inLanguage":"en-GB","@id":"https:\/\/www.zoko.ro\/p\/set-2-lampi-de-avertizare-avarii-flux-luminos-de-360\/#primaryimage","url":"https:\/\/www.zoko.ro\/wp-content\/uploads\/2025\/12\/set-2-lampi-de-avertizare-avarii-flux-luminos-de-360.jpg","contentUrl":"https:\/\/www.zoko.ro\/wp-content\/uploads\/2025\/12\/set-2-lampi-de-avertizare-avarii-flux-luminos-de-360.jpg","width":800,"height":800},{"@type":"BreadcrumbList","@id":"https:\/\/www.zoko.ro\/p\/set-2-lampi-de-avertizare-avarii-flux-luminos-de-360\/#breadcrumb","itemListElement":[{"@type":"ListItem","position":1,"name":"Home","item":"https:\/\/www.zoko.ro\/"},{"@type":"ListItem","position":2,"name":"Magazin","item":"https:\/\/www.zoko.ro\/magazin\/"},{"@type":"ListItem","position":3,"name":"Set 2 lampi de avertizare avarii, flux luminos de 360\u00b0"}]},{"@type":"WebSite","@id":"https:\/\/www.zoko.ro\/#website","url":"https:\/\/www.zoko.ro\/","name":"ZOKO.ro","description":"Cump\u0103r\u0103 inteligent","publisher":{"@id":"https:\/\/www.zoko.ro\/#organization"},"potentialAction":[{"@type":"SearchAction","target":{"@type":"EntryPoint","urlTemplate":"https:\/\/www.zoko.ro\/?s={search_term_string}"},"query-input":{"@type":"PropertyValueSpecification","valueRequired":true,"valueName":"search_term_string"}}],"inLanguage":"en-GB"},{"@type":"Organization","@id":"https:\/\/www.zoko.ro\/#organization","name":"ZOKO","url":"https:\/\/www.zoko.ro\/","logo":{"@type":"ImageObject","inLanguage":"en-GB","@id":"https:\/\/www.zoko.ro\/#\/schema\/logo\/image\/","url":"https:\/\/www.zoko.ro\/wp-content\/uploads\/2025\/03\/logo1.svg","contentUrl":"https:\/\/www.zoko.ro\/wp-content\/uploads\/2025\/03\/logo1.svg","width":799,"height":216,"caption":"ZOKO"},"image":{"@id":"https:\/\/www.zoko.ro\/#\/schema\/logo\/image\/"},"sameAs":["https:\/\/www.facebook.com\/profile.php?id=61584344135075"]}]}},"_links":{"self":[{"href":"https:\/\/www.zoko.ro\/en\/wp-json\/wp\/v2\/product\/31745","targetHints":{"allow":["GET"]}}],"collection":[{"href":"https:\/\/www.zoko.ro\/en\/wp-json\/wp\/v2\/product"}],"about":[{"href":"https:\/\/www.zoko.ro\/en\/wp-json\/wp\/v2\/types\/product"}],"replies":[{"embeddable":true,"href":"https:\/\/www.zoko.ro\/en\/wp-json\/wp\/v2\/comments?post=31745"}],"version-history":[{"count":1,"href":"https:\/\/www.zoko.ro\/en\/wp-json\/wp\/v2\/product\/31745\/revisions"}],"predecessor-version":[{"id":38186,"href":"https:\/\/www.zoko.ro\/en\/wp-json\/wp\/v2\/product\/31745\/revisions\/38186"}],"wp:featuredmedia":[{"embeddable":true,"href":"https:\/\/www.zoko.ro\/en\/wp-json\/wp\/v2\/media\/31746"}],"wp:attachment":[{"href":"https:\/\/www.zoko.ro\/en\/wp-json\/wp\/v2\/media?parent=31745"}],"wp:term":[{"taxonomy":"product_brand","embeddable":true,"href":"https:\/\/www.zoko.ro\/en\/wp-json\/wp\/v2\/product_brand?post=31745"},{"taxonomy":"product_cat","embeddable":true,"href":"https:\/\/www.zoko.ro\/en\/wp-json\/wp\/v2\/product_cat?post=31745"},{"taxonomy":"product_tag","embeddable":true,"href":"https:\/\/www.zoko.ro\/en\/wp-json\/wp\/v2\/product_tag?post=31745"}],"curies":[{"name":"wp","href":"https:\/\/api.w.org\/{rel}","templated":true}]}}