{"id":31829,"date":"2026-04-28T23:32:36","date_gmt":"2026-04-28T21:32:36","guid":{"rendered":"https:\/\/www.zoko.ro\/p\/bariera-restrictiva-pentru-animale-de-companie-din-plasa160-cm-gonga\/"},"modified":"2026-04-28T23:32:36","modified_gmt":"2026-04-28T21:32:36","slug":"bariera-restrictiva-pentru-animale-de-companie-din-plasa160-cm-gonga","status":"publish","type":"product","link":"https:\/\/www.zoko.ro\/en\/p\/bariera-restrictiva-pentru-animale-de-companie-din-plasa160-cm-gonga\/","title":{"rendered":"Bariera restrictiva pentru animale de companie, din plasa,160 cm, Gonga\u00ae"},"content":{"rendered":"<p><strong>Culoare:<\/strong> Negru<\/p>\n<p><strong>DEZVOLTAT\u0102\u00a0<\/strong> &#8211; poarta rulanta comod\u0103 de utilizat este un tip de bariera care m\u0103re\u0219te securitatea \u00een fiecare cas\u0103. Merit\u0103 s\u0103-l folosi\u021bi pentru a proteja copiii \u0219i animalele. Este o buna protectie pentru: scari, tocul usii, trecerea periculoasa catre terasa sau accesul la elemente fierbinti precum aragazul si semineul.\u00a0<\/p>\n<p><strong>INSTALARE U\u0219oar\u0103<\/strong> &#8211; bariea este foarte u\u0219or de instalat. Este suficient s\u0103 ata\u0219a\u021bi structura pe o parte \u0219i c\u00e2rligul pe cealalt\u0103. Toate componentele necesare pentru asamblare sunt incluse \u00een kit. Ave\u021bi nevoie doar de un burghiu pentru a ata\u0219a diblurile.\u00a0 \u00a0<\/p>\n<p><strong>APLICARE UNIVERSALA\u00a0<\/strong> &#8211; bariera de protectie rulanta poate fi folosita atat pentru protectia copiilor cat si a animalelor.\u00a0<\/p>\n<p><strong>DESIGN CLASIC\u00a0<\/strong> &#8211; ruloul de protec\u021bie este fabricat din ABS \u0219i PVC durabil. Ocup\u0103 foarte pu\u021bin spa\u021biu \u0219i datorit\u0103 designului s\u0103u modern \u0219i simplu, se va potrivi bine \u00een orice stil de amenajare interioar\u0103 din apartamentul t\u0103u.<\/p>\n<\/p>\n<p><strong>Specificatii:<\/strong><\/p>\n<\/p>\n<p>&#8211; Culoare neagra<\/p>\n<p>&#8211; Material: ABS + PVC + aluminiu<\/p>\n<p>&#8211; Dimensiuni nete: 79 x 149 cm<\/p>\n<p>&#8211; Dimensiuni: 85&#215;13-160cm<\/p>\n<p>&#8211; Greutate: 1,6 kg<\/p>\n<\/p>\n<p><strong>INCLUS<\/strong><\/p>\n<\/p>\n<p>&#8211; Bariera<\/p>\n<p>&#8211; C\u00e2rlige<\/p>\n<p>&#8211; Trusa de montare<\/p>","protected":false},"excerpt":{"rendered":"<p>Culoare: Negru DEZVOLTAT\u0102\u00a0 &#8211; poarta rulanta comod\u0103 de utilizat este un tip de bariera care m\u0103re\u0219te securitatea \u00een fiecare cas\u0103.<\/p>","protected":false},"featured_media":31830,"comment_status":"open","ping_status":"open","template":"","meta":[],"product_brand":[],"product_cat":[99,407,346],"product_tag":[104],"class_list":{"0":"post-31829","1":"product","2":"type-product","3":"status-publish","4":"has-post-thumbnail","6":"product_cat-acasa","7":"product_cat-echipamente-de-dresaj","8":"product_cat-petshop","9":"product_tag-in-stoc","10":"pa_culoare-negru","12":"first","13":"instock","14":"sale","15":"purchasable","16":"product-type-simple"},"yoast_head":"<!-- This site is optimized with the Yoast SEO plugin v27.2 - https:\/\/yoast.com\/product\/yoast-seo-wordpress\/ -->\n<title>Bariera restrictiva pentru animale de companie, din plasa,160 cm, Gonga\u00ae | ZOKO<\/title>\n<meta name=\"robots\" content=\"index, follow, max-snippet:-1, max-image-preview:large, max-video-preview:-1\" \/>\n<link rel=\"canonical\" href=\"https:\/\/www.zoko.ro\/en\/p\/bariera-restrictiva-pentru-animale-de-companie-din-plasa160-cm-gonga\/\" \/>\n<meta property=\"og:locale\" content=\"en_GB\" \/>\n<meta property=\"og:type\" content=\"article\" \/>\n<meta property=\"og:title\" content=\"Bariera restrictiva pentru animale de companie, din plasa,160 cm, Gonga\u00ae | ZOKO\" \/>\n<meta property=\"og:description\" content=\"Culoare: Negru DEZVOLTAT\u0102\u00a0 &#8211; poarta rulanta comod\u0103 de utilizat este un tip de bariera care m\u0103re\u0219te securitatea \u00een fiecare cas\u0103.\" \/>\n<meta property=\"og:url\" content=\"https:\/\/www.zoko.ro\/en\/p\/bariera-restrictiva-pentru-animale-de-companie-din-plasa160-cm-gonga\/\" \/>\n<meta property=\"og:site_name\" content=\"ZOKO\" \/>\n<meta property=\"article:publisher\" content=\"https:\/\/www.facebook.com\/profile.php?id=61584344135075\" \/>\n<meta property=\"og:image\" content=\"https:\/\/www.zoko.ro\/wp-content\/uploads\/2025\/12\/poarta-de-siguranta-din-plasa-pentru-animale-de-companie-160-cm-gonga.jpg\" \/>\n\t<meta property=\"og:image:width\" content=\"801\" \/>\n\t<meta property=\"og:image:height\" content=\"800\" \/>\n\t<meta property=\"og:image:type\" content=\"image\/jpeg\" \/>\n<meta name=\"twitter:card\" content=\"summary_large_image\" \/>\n<meta name=\"twitter:label1\" content=\"Estimated reading time\" \/>\n\t<meta name=\"twitter:data1\" content=\"1 minute\" \/>\n<script type=\"application\/ld+json\" class=\"yoast-schema-graph\">{\"@context\":\"https:\/\/schema.org\",\"@graph\":[{\"@type\":\"WebPage\",\"@id\":\"https:\/\/www.zoko.ro\/p\/bariera-restrictiva-pentru-animale-de-companie-din-plasa160-cm-gonga\/\",\"url\":\"https:\/\/www.zoko.ro\/p\/bariera-restrictiva-pentru-animale-de-companie-din-plasa160-cm-gonga\/\",\"name\":\"Bariera restrictiva pentru animale de companie, din plasa,160 cm, Gonga\u00ae | ZOKO\",\"isPartOf\":{\"@id\":\"https:\/\/www.zoko.ro\/#website\"},\"primaryImageOfPage\":{\"@id\":\"https:\/\/www.zoko.ro\/p\/bariera-restrictiva-pentru-animale-de-companie-din-plasa160-cm-gonga\/#primaryimage\"},\"image\":{\"@id\":\"https:\/\/www.zoko.ro\/p\/bariera-restrictiva-pentru-animale-de-companie-din-plasa160-cm-gonga\/#primaryimage\"},\"thumbnailUrl\":\"https:\/\/www.zoko.ro\/wp-content\/uploads\/2025\/12\/poarta-de-siguranta-din-plasa-pentru-animale-de-companie-160-cm-gonga.jpg\",\"datePublished\":\"2026-04-28T21:32:36+00:00\",\"breadcrumb\":{\"@id\":\"https:\/\/www.zoko.ro\/p\/bariera-restrictiva-pentru-animale-de-companie-din-plasa160-cm-gonga\/#breadcrumb\"},\"inLanguage\":\"en-GB\",\"potentialAction\":[{\"@type\":\"ReadAction\",\"target\":[\"https:\/\/www.zoko.ro\/p\/bariera-restrictiva-pentru-animale-de-companie-din-plasa160-cm-gonga\/\"]}]},{\"@type\":\"ImageObject\",\"inLanguage\":\"en-GB\",\"@id\":\"https:\/\/www.zoko.ro\/p\/bariera-restrictiva-pentru-animale-de-companie-din-plasa160-cm-gonga\/#primaryimage\",\"url\":\"https:\/\/www.zoko.ro\/wp-content\/uploads\/2025\/12\/poarta-de-siguranta-din-plasa-pentru-animale-de-companie-160-cm-gonga.jpg\",\"contentUrl\":\"https:\/\/www.zoko.ro\/wp-content\/uploads\/2025\/12\/poarta-de-siguranta-din-plasa-pentru-animale-de-companie-160-cm-gonga.jpg\",\"width\":801,\"height\":800},{\"@type\":\"BreadcrumbList\",\"@id\":\"https:\/\/www.zoko.ro\/p\/bariera-restrictiva-pentru-animale-de-companie-din-plasa160-cm-gonga\/#breadcrumb\",\"itemListElement\":[{\"@type\":\"ListItem\",\"position\":1,\"name\":\"Home\",\"item\":\"https:\/\/www.zoko.ro\/\"},{\"@type\":\"ListItem\",\"position\":2,\"name\":\"Magazin\",\"item\":\"https:\/\/www.zoko.ro\/magazin\/\"},{\"@type\":\"ListItem\",\"position\":3,\"name\":\"Bariera restrictiva pentru animale de companie, din plasa,160 cm, Gonga\u00ae\"}]},{\"@type\":\"WebSite\",\"@id\":\"https:\/\/www.zoko.ro\/#website\",\"url\":\"https:\/\/www.zoko.ro\/\",\"name\":\"ZOKO.ro\",\"description\":\"Cump\u0103r\u0103 inteligent\",\"publisher\":{\"@id\":\"https:\/\/www.zoko.ro\/#organization\"},\"potentialAction\":[{\"@type\":\"SearchAction\",\"target\":{\"@type\":\"EntryPoint\",\"urlTemplate\":\"https:\/\/www.zoko.ro\/?s={search_term_string}\"},\"query-input\":{\"@type\":\"PropertyValueSpecification\",\"valueRequired\":true,\"valueName\":\"search_term_string\"}}],\"inLanguage\":\"en-GB\"},{\"@type\":\"Organization\",\"@id\":\"https:\/\/www.zoko.ro\/#organization\",\"name\":\"ZOKO\",\"url\":\"https:\/\/www.zoko.ro\/\",\"logo\":{\"@type\":\"ImageObject\",\"inLanguage\":\"en-GB\",\"@id\":\"https:\/\/www.zoko.ro\/#\/schema\/logo\/image\/\",\"url\":\"https:\/\/www.zoko.ro\/wp-content\/uploads\/2025\/03\/logo1.svg\",\"contentUrl\":\"https:\/\/www.zoko.ro\/wp-content\/uploads\/2025\/03\/logo1.svg\",\"width\":799,\"height\":216,\"caption\":\"ZOKO\"},\"image\":{\"@id\":\"https:\/\/www.zoko.ro\/#\/schema\/logo\/image\/\"},\"sameAs\":[\"https:\/\/www.facebook.com\/profile.php?id=61584344135075\"]}]}<\/script>\n<!-- \/ Yoast SEO plugin. -->","yoast_head_json":{"title":"Bariera restrictiva pentru animale de companie, din plasa,160 cm, Gonga\u00ae | ZOKO","robots":{"index":"index","follow":"follow","max-snippet":"max-snippet:-1","max-image-preview":"max-image-preview:large","max-video-preview":"max-video-preview:-1"},"canonical":"https:\/\/www.zoko.ro\/en\/p\/bariera-restrictiva-pentru-animale-de-companie-din-plasa160-cm-gonga\/","og_locale":"en_GB","og_type":"article","og_title":"Bariera restrictiva pentru animale de companie, din plasa,160 cm, Gonga\u00ae | ZOKO","og_description":"Culoare: Negru DEZVOLTAT\u0102\u00a0 &#8211; poarta rulanta comod\u0103 de utilizat este un tip de bariera care m\u0103re\u0219te securitatea \u00een fiecare cas\u0103.","og_url":"https:\/\/www.zoko.ro\/en\/p\/bariera-restrictiva-pentru-animale-de-companie-din-plasa160-cm-gonga\/","og_site_name":"ZOKO","article_publisher":"https:\/\/www.facebook.com\/profile.php?id=61584344135075","og_image":[{"width":801,"height":800,"url":"https:\/\/www.zoko.ro\/wp-content\/uploads\/2025\/12\/poarta-de-siguranta-din-plasa-pentru-animale-de-companie-160-cm-gonga.jpg","type":"image\/jpeg"}],"twitter_card":"summary_large_image","twitter_misc":{"Estimated reading time":"1 minute"},"schema":{"@context":"https:\/\/schema.org","@graph":[{"@type":"WebPage","@id":"https:\/\/www.zoko.ro\/p\/bariera-restrictiva-pentru-animale-de-companie-din-plasa160-cm-gonga\/","url":"https:\/\/www.zoko.ro\/p\/bariera-restrictiva-pentru-animale-de-companie-din-plasa160-cm-gonga\/","name":"Bariera restrictiva pentru animale de companie, din plasa,160 cm, Gonga\u00ae | ZOKO","isPartOf":{"@id":"https:\/\/www.zoko.ro\/#website"},"primaryImageOfPage":{"@id":"https:\/\/www.zoko.ro\/p\/bariera-restrictiva-pentru-animale-de-companie-din-plasa160-cm-gonga\/#primaryimage"},"image":{"@id":"https:\/\/www.zoko.ro\/p\/bariera-restrictiva-pentru-animale-de-companie-din-plasa160-cm-gonga\/#primaryimage"},"thumbnailUrl":"https:\/\/www.zoko.ro\/wp-content\/uploads\/2025\/12\/poarta-de-siguranta-din-plasa-pentru-animale-de-companie-160-cm-gonga.jpg","datePublished":"2026-04-28T21:32:36+00:00","breadcrumb":{"@id":"https:\/\/www.zoko.ro\/p\/bariera-restrictiva-pentru-animale-de-companie-din-plasa160-cm-gonga\/#breadcrumb"},"inLanguage":"en-GB","potentialAction":[{"@type":"ReadAction","target":["https:\/\/www.zoko.ro\/p\/bariera-restrictiva-pentru-animale-de-companie-din-plasa160-cm-gonga\/"]}]},{"@type":"ImageObject","inLanguage":"en-GB","@id":"https:\/\/www.zoko.ro\/p\/bariera-restrictiva-pentru-animale-de-companie-din-plasa160-cm-gonga\/#primaryimage","url":"https:\/\/www.zoko.ro\/wp-content\/uploads\/2025\/12\/poarta-de-siguranta-din-plasa-pentru-animale-de-companie-160-cm-gonga.jpg","contentUrl":"https:\/\/www.zoko.ro\/wp-content\/uploads\/2025\/12\/poarta-de-siguranta-din-plasa-pentru-animale-de-companie-160-cm-gonga.jpg","width":801,"height":800},{"@type":"BreadcrumbList","@id":"https:\/\/www.zoko.ro\/p\/bariera-restrictiva-pentru-animale-de-companie-din-plasa160-cm-gonga\/#breadcrumb","itemListElement":[{"@type":"ListItem","position":1,"name":"Home","item":"https:\/\/www.zoko.ro\/"},{"@type":"ListItem","position":2,"name":"Magazin","item":"https:\/\/www.zoko.ro\/magazin\/"},{"@type":"ListItem","position":3,"name":"Bariera restrictiva pentru animale de companie, din plasa,160 cm, Gonga\u00ae"}]},{"@type":"WebSite","@id":"https:\/\/www.zoko.ro\/#website","url":"https:\/\/www.zoko.ro\/","name":"ZOKO.ro","description":"Cump\u0103r\u0103 inteligent","publisher":{"@id":"https:\/\/www.zoko.ro\/#organization"},"potentialAction":[{"@type":"SearchAction","target":{"@type":"EntryPoint","urlTemplate":"https:\/\/www.zoko.ro\/?s={search_term_string}"},"query-input":{"@type":"PropertyValueSpecification","valueRequired":true,"valueName":"search_term_string"}}],"inLanguage":"en-GB"},{"@type":"Organization","@id":"https:\/\/www.zoko.ro\/#organization","name":"ZOKO","url":"https:\/\/www.zoko.ro\/","logo":{"@type":"ImageObject","inLanguage":"en-GB","@id":"https:\/\/www.zoko.ro\/#\/schema\/logo\/image\/","url":"https:\/\/www.zoko.ro\/wp-content\/uploads\/2025\/03\/logo1.svg","contentUrl":"https:\/\/www.zoko.ro\/wp-content\/uploads\/2025\/03\/logo1.svg","width":799,"height":216,"caption":"ZOKO"},"image":{"@id":"https:\/\/www.zoko.ro\/#\/schema\/logo\/image\/"},"sameAs":["https:\/\/www.facebook.com\/profile.php?id=61584344135075"]}]}},"_links":{"self":[{"href":"https:\/\/www.zoko.ro\/en\/wp-json\/wp\/v2\/product\/31829","targetHints":{"allow":["GET"]}}],"collection":[{"href":"https:\/\/www.zoko.ro\/en\/wp-json\/wp\/v2\/product"}],"about":[{"href":"https:\/\/www.zoko.ro\/en\/wp-json\/wp\/v2\/types\/product"}],"replies":[{"embeddable":true,"href":"https:\/\/www.zoko.ro\/en\/wp-json\/wp\/v2\/comments?post=31829"}],"version-history":[{"count":1,"href":"https:\/\/www.zoko.ro\/en\/wp-json\/wp\/v2\/product\/31829\/revisions"}],"predecessor-version":[{"id":38198,"href":"https:\/\/www.zoko.ro\/en\/wp-json\/wp\/v2\/product\/31829\/revisions\/38198"}],"wp:featuredmedia":[{"embeddable":true,"href":"https:\/\/www.zoko.ro\/en\/wp-json\/wp\/v2\/media\/31830"}],"wp:attachment":[{"href":"https:\/\/www.zoko.ro\/en\/wp-json\/wp\/v2\/media?parent=31829"}],"wp:term":[{"taxonomy":"product_brand","embeddable":true,"href":"https:\/\/www.zoko.ro\/en\/wp-json\/wp\/v2\/product_brand?post=31829"},{"taxonomy":"product_cat","embeddable":true,"href":"https:\/\/www.zoko.ro\/en\/wp-json\/wp\/v2\/product_cat?post=31829"},{"taxonomy":"product_tag","embeddable":true,"href":"https:\/\/www.zoko.ro\/en\/wp-json\/wp\/v2\/product_tag?post=31829"}],"curies":[{"name":"wp","href":"https:\/\/api.w.org\/{rel}","templated":true}]}}