{"id":31883,"date":"2026-04-28T23:32:41","date_gmt":"2026-04-28T21:32:41","guid":{"rendered":"https:\/\/www.zoko.ro\/p\/excavator-hulna-12-x-7-x-16cm-150-metal-plastic-gonga\/"},"modified":"2026-04-28T23:32:42","modified_gmt":"2026-04-28T21:32:42","slug":"excavator-hulna-12-x-7-x-16cm-150-metal-plastic-gonga","status":"publish","type":"product","link":"https:\/\/www.zoko.ro\/en\/p\/excavator-hulna-12-x-7-x-16cm-150-metal-plastic-gonga\/","title":{"rendered":"Excavator HULNA, 12 x 7 x 16cm, 1:50, metal\/plastic, Gonga\u00ae"},"content":{"rendered":"<p><strong>Culoare:<\/strong> Galben<\/p>\n<p>O juc\u0103rie cu multe p\u0103r\u021bi mobile ofer\u0103 ore de distrac\u021bie.<\/p>\n<\/p>\n<p>Vehiculul se deplaseaz\u0103 pe \u0219ine, a\u0219a c\u0103 nu se teme de teren accidentat, chiar nisipos!<\/p>\n<\/p>\n<p>Un model frumos, realizat cu atentie la fiecare detaliu.<\/p>\n<\/p>\n<p>O juc\u0103rie grozav\u0103 pentru micii fani ai vehiculelor mari.<\/p>\n<\/p>\n<p>Acesta este un echipament greu conceput pentru lucr\u0103ri grele. Excavatorul metalic este rezistent la deteriorare \u0219i chiar la cea mai nebuneasc\u0103 calatorie. Datorit\u0103 \u0219enilelor de cauciuc, nu se teme de nicio suprafa\u021b\u0103. Se va deplasa pe covor, dar si pe iarba sau nisip.\u00a0<\/p>\n<\/p>\n<p>O ma\u0219in\u0103 cu propor\u021bii perfect p\u0103strate la scar\u0103 1:50.\u00a0 Impresioneaz\u0103 prin performan\u021bele sale detaliate. Cele mai mici detalii au fost reproduse \u00een aceasta jucarie.<\/p>\n<\/p>\n<p><strong>Specificatii:<\/strong><\/p>\n<\/p>\n<p>&#8211; Material:\u00a0 metal cu elemente din plastic; senile de cauciuc<\/p>\n<p>&#8211; Lungimea \u0219enilei excavatorului:\u00a0 10 cm<\/p>\n<p>&#8211; Dimensiuni excavator: 12cm x 7cm x 16cm<\/p>\n<p>&#8211; Dimensiuni ambalaj:\u00a0 25cm x 10cm x 13cm<\/p>\n<\/p>\n<p>Juc\u0103ria este destinat\u0103 copiilor cu v\u00e2rsta peste 8 ani.<\/p>","protected":false},"excerpt":{"rendered":"<p>Culoare: Galben O juc\u0103rie cu multe p\u0103r\u021bi mobile ofer\u0103 ore de distrac\u021bie. Vehiculul se deplaseaz\u0103 pe \u0219ine, a\u0219a c\u0103 nu<\/p>","protected":false},"featured_media":31884,"comment_status":"open","ping_status":"open","template":"","meta":[],"product_brand":[],"product_cat":[99,353,333],"product_tag":[104],"class_list":{"0":"post-31883","1":"product","2":"type-product","3":"status-publish","4":"has-post-thumbnail","6":"product_cat-acasa","7":"product_cat-alte-jucarii","8":"product_cat-jucarii","9":"product_tag-in-stoc","10":"pa_culoare-galben","12":"first","13":"instock","14":"sale","15":"purchasable","16":"product-type-simple"},"yoast_head":"<!-- This site is optimized with the Yoast SEO plugin v27.2 - https:\/\/yoast.com\/product\/yoast-seo-wordpress\/ -->\n<title>Excavator HULNA, 12 x 7 x 16cm, 1:50, metal\/plastic, Gonga\u00ae | ZOKO<\/title>\n<meta name=\"robots\" content=\"index, follow, max-snippet:-1, max-image-preview:large, max-video-preview:-1\" \/>\n<link rel=\"canonical\" href=\"https:\/\/www.zoko.ro\/en\/p\/excavator-hulna-12-x-7-x-16cm-150-metal-plastic-gonga\/\" \/>\n<meta property=\"og:locale\" content=\"en_GB\" \/>\n<meta property=\"og:type\" content=\"article\" \/>\n<meta property=\"og:title\" content=\"Excavator HULNA, 12 x 7 x 16cm, 1:50, metal\/plastic, Gonga\u00ae | ZOKO\" \/>\n<meta property=\"og:description\" content=\"Culoare: Galben O juc\u0103rie cu multe p\u0103r\u021bi mobile ofer\u0103 ore de distrac\u021bie. Vehiculul se deplaseaz\u0103 pe \u0219ine, a\u0219a c\u0103 nu\" \/>\n<meta property=\"og:url\" content=\"https:\/\/www.zoko.ro\/en\/p\/excavator-hulna-12-x-7-x-16cm-150-metal-plastic-gonga\/\" \/>\n<meta property=\"og:site_name\" content=\"ZOKO\" \/>\n<meta property=\"article:publisher\" content=\"https:\/\/www.facebook.com\/profile.php?id=61584344135075\" \/>\n<meta property=\"article:modified_time\" content=\"2026-04-28T21:32:42+00:00\" \/>\n<meta property=\"og:image\" content=\"https:\/\/www.zoko.ro\/wp-content\/uploads\/2025\/12\/excavator-hulna-12x-7x-16cm-150-metalplastic-gonga.jpg\" \/>\n\t<meta property=\"og:image:width\" content=\"800\" \/>\n\t<meta property=\"og:image:height\" content=\"800\" \/>\n\t<meta property=\"og:image:type\" content=\"image\/jpeg\" \/>\n<meta name=\"twitter:card\" content=\"summary_large_image\" \/>\n<meta name=\"twitter:label1\" content=\"Estimated reading time\" \/>\n\t<meta name=\"twitter:data1\" content=\"1 minute\" \/>\n<script type=\"application\/ld+json\" class=\"yoast-schema-graph\">{\"@context\":\"https:\/\/schema.org\",\"@graph\":[{\"@type\":\"WebPage\",\"@id\":\"https:\/\/www.zoko.ro\/p\/excavator-hulna-12-x-7-x-16cm-150-metal-plastic-gonga\/\",\"url\":\"https:\/\/www.zoko.ro\/p\/excavator-hulna-12-x-7-x-16cm-150-metal-plastic-gonga\/\",\"name\":\"Excavator HULNA, 12 x 7 x 16cm, 1:50, metal\/plastic, Gonga\u00ae | ZOKO\",\"isPartOf\":{\"@id\":\"https:\/\/www.zoko.ro\/#website\"},\"primaryImageOfPage\":{\"@id\":\"https:\/\/www.zoko.ro\/p\/excavator-hulna-12-x-7-x-16cm-150-metal-plastic-gonga\/#primaryimage\"},\"image\":{\"@id\":\"https:\/\/www.zoko.ro\/p\/excavator-hulna-12-x-7-x-16cm-150-metal-plastic-gonga\/#primaryimage\"},\"thumbnailUrl\":\"https:\/\/www.zoko.ro\/wp-content\/uploads\/2025\/12\/excavator-hulna-12x-7x-16cm-150-metalplastic-gonga.jpg\",\"datePublished\":\"2026-04-28T21:32:41+00:00\",\"dateModified\":\"2026-04-28T21:32:42+00:00\",\"breadcrumb\":{\"@id\":\"https:\/\/www.zoko.ro\/p\/excavator-hulna-12-x-7-x-16cm-150-metal-plastic-gonga\/#breadcrumb\"},\"inLanguage\":\"en-GB\",\"potentialAction\":[{\"@type\":\"ReadAction\",\"target\":[\"https:\/\/www.zoko.ro\/p\/excavator-hulna-12-x-7-x-16cm-150-metal-plastic-gonga\/\"]}]},{\"@type\":\"ImageObject\",\"inLanguage\":\"en-GB\",\"@id\":\"https:\/\/www.zoko.ro\/p\/excavator-hulna-12-x-7-x-16cm-150-metal-plastic-gonga\/#primaryimage\",\"url\":\"https:\/\/www.zoko.ro\/wp-content\/uploads\/2025\/12\/excavator-hulna-12x-7x-16cm-150-metalplastic-gonga.jpg\",\"contentUrl\":\"https:\/\/www.zoko.ro\/wp-content\/uploads\/2025\/12\/excavator-hulna-12x-7x-16cm-150-metalplastic-gonga.jpg\",\"width\":800,\"height\":800},{\"@type\":\"BreadcrumbList\",\"@id\":\"https:\/\/www.zoko.ro\/p\/excavator-hulna-12-x-7-x-16cm-150-metal-plastic-gonga\/#breadcrumb\",\"itemListElement\":[{\"@type\":\"ListItem\",\"position\":1,\"name\":\"Home\",\"item\":\"https:\/\/www.zoko.ro\/\"},{\"@type\":\"ListItem\",\"position\":2,\"name\":\"Magazin\",\"item\":\"https:\/\/www.zoko.ro\/magazin\/\"},{\"@type\":\"ListItem\",\"position\":3,\"name\":\"Excavator HULNA, 12 x 7 x 16cm, 1:50, metal\/plastic, Gonga\u00ae\"}]},{\"@type\":\"WebSite\",\"@id\":\"https:\/\/www.zoko.ro\/#website\",\"url\":\"https:\/\/www.zoko.ro\/\",\"name\":\"ZOKO.ro\",\"description\":\"Cump\u0103r\u0103 inteligent\",\"publisher\":{\"@id\":\"https:\/\/www.zoko.ro\/#organization\"},\"potentialAction\":[{\"@type\":\"SearchAction\",\"target\":{\"@type\":\"EntryPoint\",\"urlTemplate\":\"https:\/\/www.zoko.ro\/?s={search_term_string}\"},\"query-input\":{\"@type\":\"PropertyValueSpecification\",\"valueRequired\":true,\"valueName\":\"search_term_string\"}}],\"inLanguage\":\"en-GB\"},{\"@type\":\"Organization\",\"@id\":\"https:\/\/www.zoko.ro\/#organization\",\"name\":\"ZOKO\",\"url\":\"https:\/\/www.zoko.ro\/\",\"logo\":{\"@type\":\"ImageObject\",\"inLanguage\":\"en-GB\",\"@id\":\"https:\/\/www.zoko.ro\/#\/schema\/logo\/image\/\",\"url\":\"https:\/\/www.zoko.ro\/wp-content\/uploads\/2025\/03\/logo1.svg\",\"contentUrl\":\"https:\/\/www.zoko.ro\/wp-content\/uploads\/2025\/03\/logo1.svg\",\"width\":799,\"height\":216,\"caption\":\"ZOKO\"},\"image\":{\"@id\":\"https:\/\/www.zoko.ro\/#\/schema\/logo\/image\/\"},\"sameAs\":[\"https:\/\/www.facebook.com\/profile.php?id=61584344135075\"]}]}<\/script>\n<!-- \/ Yoast SEO plugin. -->","yoast_head_json":{"title":"Excavator HULNA, 12 x 7 x 16cm, 1:50, metal\/plastic, Gonga\u00ae | ZOKO","robots":{"index":"index","follow":"follow","max-snippet":"max-snippet:-1","max-image-preview":"max-image-preview:large","max-video-preview":"max-video-preview:-1"},"canonical":"https:\/\/www.zoko.ro\/en\/p\/excavator-hulna-12-x-7-x-16cm-150-metal-plastic-gonga\/","og_locale":"en_GB","og_type":"article","og_title":"Excavator HULNA, 12 x 7 x 16cm, 1:50, metal\/plastic, Gonga\u00ae | ZOKO","og_description":"Culoare: Galben O juc\u0103rie cu multe p\u0103r\u021bi mobile ofer\u0103 ore de distrac\u021bie. Vehiculul se deplaseaz\u0103 pe \u0219ine, a\u0219a c\u0103 nu","og_url":"https:\/\/www.zoko.ro\/en\/p\/excavator-hulna-12-x-7-x-16cm-150-metal-plastic-gonga\/","og_site_name":"ZOKO","article_publisher":"https:\/\/www.facebook.com\/profile.php?id=61584344135075","article_modified_time":"2026-04-28T21:32:42+00:00","og_image":[{"width":800,"height":800,"url":"https:\/\/www.zoko.ro\/wp-content\/uploads\/2025\/12\/excavator-hulna-12x-7x-16cm-150-metalplastic-gonga.jpg","type":"image\/jpeg"}],"twitter_card":"summary_large_image","twitter_misc":{"Estimated reading time":"1 minute"},"schema":{"@context":"https:\/\/schema.org","@graph":[{"@type":"WebPage","@id":"https:\/\/www.zoko.ro\/p\/excavator-hulna-12-x-7-x-16cm-150-metal-plastic-gonga\/","url":"https:\/\/www.zoko.ro\/p\/excavator-hulna-12-x-7-x-16cm-150-metal-plastic-gonga\/","name":"Excavator HULNA, 12 x 7 x 16cm, 1:50, metal\/plastic, Gonga\u00ae | ZOKO","isPartOf":{"@id":"https:\/\/www.zoko.ro\/#website"},"primaryImageOfPage":{"@id":"https:\/\/www.zoko.ro\/p\/excavator-hulna-12-x-7-x-16cm-150-metal-plastic-gonga\/#primaryimage"},"image":{"@id":"https:\/\/www.zoko.ro\/p\/excavator-hulna-12-x-7-x-16cm-150-metal-plastic-gonga\/#primaryimage"},"thumbnailUrl":"https:\/\/www.zoko.ro\/wp-content\/uploads\/2025\/12\/excavator-hulna-12x-7x-16cm-150-metalplastic-gonga.jpg","datePublished":"2026-04-28T21:32:41+00:00","dateModified":"2026-04-28T21:32:42+00:00","breadcrumb":{"@id":"https:\/\/www.zoko.ro\/p\/excavator-hulna-12-x-7-x-16cm-150-metal-plastic-gonga\/#breadcrumb"},"inLanguage":"en-GB","potentialAction":[{"@type":"ReadAction","target":["https:\/\/www.zoko.ro\/p\/excavator-hulna-12-x-7-x-16cm-150-metal-plastic-gonga\/"]}]},{"@type":"ImageObject","inLanguage":"en-GB","@id":"https:\/\/www.zoko.ro\/p\/excavator-hulna-12-x-7-x-16cm-150-metal-plastic-gonga\/#primaryimage","url":"https:\/\/www.zoko.ro\/wp-content\/uploads\/2025\/12\/excavator-hulna-12x-7x-16cm-150-metalplastic-gonga.jpg","contentUrl":"https:\/\/www.zoko.ro\/wp-content\/uploads\/2025\/12\/excavator-hulna-12x-7x-16cm-150-metalplastic-gonga.jpg","width":800,"height":800},{"@type":"BreadcrumbList","@id":"https:\/\/www.zoko.ro\/p\/excavator-hulna-12-x-7-x-16cm-150-metal-plastic-gonga\/#breadcrumb","itemListElement":[{"@type":"ListItem","position":1,"name":"Home","item":"https:\/\/www.zoko.ro\/"},{"@type":"ListItem","position":2,"name":"Magazin","item":"https:\/\/www.zoko.ro\/magazin\/"},{"@type":"ListItem","position":3,"name":"Excavator HULNA, 12 x 7 x 16cm, 1:50, metal\/plastic, Gonga\u00ae"}]},{"@type":"WebSite","@id":"https:\/\/www.zoko.ro\/#website","url":"https:\/\/www.zoko.ro\/","name":"ZOKO.ro","description":"Cump\u0103r\u0103 inteligent","publisher":{"@id":"https:\/\/www.zoko.ro\/#organization"},"potentialAction":[{"@type":"SearchAction","target":{"@type":"EntryPoint","urlTemplate":"https:\/\/www.zoko.ro\/?s={search_term_string}"},"query-input":{"@type":"PropertyValueSpecification","valueRequired":true,"valueName":"search_term_string"}}],"inLanguage":"en-GB"},{"@type":"Organization","@id":"https:\/\/www.zoko.ro\/#organization","name":"ZOKO","url":"https:\/\/www.zoko.ro\/","logo":{"@type":"ImageObject","inLanguage":"en-GB","@id":"https:\/\/www.zoko.ro\/#\/schema\/logo\/image\/","url":"https:\/\/www.zoko.ro\/wp-content\/uploads\/2025\/03\/logo1.svg","contentUrl":"https:\/\/www.zoko.ro\/wp-content\/uploads\/2025\/03\/logo1.svg","width":799,"height":216,"caption":"ZOKO"},"image":{"@id":"https:\/\/www.zoko.ro\/#\/schema\/logo\/image\/"},"sameAs":["https:\/\/www.facebook.com\/profile.php?id=61584344135075"]}]}},"_links":{"self":[{"href":"https:\/\/www.zoko.ro\/en\/wp-json\/wp\/v2\/product\/31883","targetHints":{"allow":["GET"]}}],"collection":[{"href":"https:\/\/www.zoko.ro\/en\/wp-json\/wp\/v2\/product"}],"about":[{"href":"https:\/\/www.zoko.ro\/en\/wp-json\/wp\/v2\/types\/product"}],"replies":[{"embeddable":true,"href":"https:\/\/www.zoko.ro\/en\/wp-json\/wp\/v2\/comments?post=31883"}],"version-history":[{"count":1,"href":"https:\/\/www.zoko.ro\/en\/wp-json\/wp\/v2\/product\/31883\/revisions"}],"predecessor-version":[{"id":34167,"href":"https:\/\/www.zoko.ro\/en\/wp-json\/wp\/v2\/product\/31883\/revisions\/34167"}],"wp:featuredmedia":[{"embeddable":true,"href":"https:\/\/www.zoko.ro\/en\/wp-json\/wp\/v2\/media\/31884"}],"wp:attachment":[{"href":"https:\/\/www.zoko.ro\/en\/wp-json\/wp\/v2\/media?parent=31883"}],"wp:term":[{"taxonomy":"product_brand","embeddable":true,"href":"https:\/\/www.zoko.ro\/en\/wp-json\/wp\/v2\/product_brand?post=31883"},{"taxonomy":"product_cat","embeddable":true,"href":"https:\/\/www.zoko.ro\/en\/wp-json\/wp\/v2\/product_cat?post=31883"},{"taxonomy":"product_tag","embeddable":true,"href":"https:\/\/www.zoko.ro\/en\/wp-json\/wp\/v2\/product_tag?post=31883"}],"curies":[{"name":"wp","href":"https:\/\/api.w.org\/{rel}","templated":true}]}}