{"id":32787,"date":"2026-04-28T23:34:52","date_gmt":"2026-04-28T21:34:52","guid":{"rendered":"https:\/\/www.zoko.ro\/p\/lampa-auto-cu-gesturi-de-mana-cu-telecomanda-gonga\/"},"modified":"2026-04-28T23:34:52","modified_gmt":"2026-04-28T21:34:52","slug":"lampa-auto-cu-gesturi-de-mana-cu-telecomanda-gonga","status":"publish","type":"product","link":"https:\/\/www.zoko.ro\/en\/p\/lampa-auto-cu-gesturi-de-mana-cu-telecomanda-gonga\/","title":{"rendered":"Lamp\u0103 Auto cu Gesturi de m\u00e2n\u0103, cu telecomanda, Gonga\u00ae"},"content":{"rendered":"<p><strong>Culoare:<\/strong> Negru<\/p>\n<p class=\"p1\" style=\"margin:0px;font-size:13px;line-height:normal;font-family:'Helvetica Neue';\">Te-ai s\u0103turat\u00a0<b>de irita\u021bia constant\u0103 \u00een timpul conducerii \u0219i de incapacitatea de a-\u021bi exprima emo\u021biile negative<\/b>\u00a0? Sau poate ai vrea\u00a0<b>s\u0103 mul\u021bume\u0219ti<\/b>\u00a0altor \u0219oferi \u00eentr-un mod diferit dec\u00e2t cu luminile de avarie &#8211; \u00eentr-un mod mai original? Dac\u0103 r\u0103spunsurile la aceste \u00eentreb\u0103ri sunt da, atunci indicatorul nostru LED va fi alegerea perfect\u0103 pentru tine!\u00a0\u00a0<b>O m\u00e2n\u0103 mic\u0103 \u00eenconjurat\u0103 de lumini LED extrem de intense \u00ee\u021bi va exprima toate emo\u021biile pentru tine<\/b>\u00a0.<\/p>\n<p class=\"p1\" style=\"margin:0px;font-size:13px;line-height:normal;font-family:'Helvetica Neue';\">\u2714\ufe0f Montat\u00a0<b>cu Velcro<\/b>\u00a0pe geamul din spate al ma\u0219inii, poate indica\u00a0<b>3 gesturi diferite prin intermediul unei telecomenzi wireless<\/b>\u00a0.<\/p>\n<p class=\"p1\" style=\"margin:0px;font-size:13px;line-height:normal;font-family:'Helvetica Neue';\">\u2714\ufe0f Dispozitivul nu trebuie pornit \u00een prealabil &#8211;\u00a0<b>doar ap\u0103sa\u021bi gestul selectat de pe telecomand\u0103<\/b> \u0219i indicatorul \u00eel va afi\u0219a imediat.<\/p>\n<p class=\"p2\" style=\"margin:0px 0px 2px;font-size:16px;line-height:normal;font-family:'Helvetica Neue';\"><b>Func\u021bionarea dispozitivului<\/b><\/p>\n<p class=\"p1\" style=\"margin:0px;font-size:13px;line-height:normal;font-family:'Helvetica Neue';\"><b>Indicatorul (3x AA, nu este inclus) \u0219i telecomanda (23A, inclus\u0103) sunt alimentate de la baterie.<\/b>\u00a0Bateriile trebuie plasate \u00een siren\u0103 \u00eenainte de instalare.<\/p>\n<p class=\"p1\" style=\"margin:0px;font-size:13px;line-height:normal;font-family:'Helvetica Neue';\">Dispozitivul\u00a0<b>func\u021bioneaz\u0103 constant \u00een modul standby<\/b>\u00a0&#8211; nu este nevoie s\u0103 porni\u021bi alarma \u00eenainte de a \u00eencepe s\u0103 conduce\u021bi,\u00a0<b>tot ce trebuie s\u0103 face\u021bi este s\u0103 ap\u0103sa\u021bi butonul cu gestul selectat \u0219i acesta va fi afi\u0219at automat pe dispozitiv<\/b>\u00a0. Durata de func\u021bionare a unui set de baterii este\u00a0<b>de aproximativ 6 luni<\/b>\u00a0, \u00een func\u021bie de frecven\u021ba de utilizare.<\/p>\n<p class=\"p1\" style=\"margin:0px;font-size:13px;line-height:normal;font-family:'Helvetica Neue';\">Pentru\u00a0<b>a dezactiva gestul afi\u0219at<\/b>\u00a0, ap\u0103sa\u021bi pur \u0219i simplu butonul cu o fereastr\u0103 goal\u0103 \u00een partea de jos a telecomenzii.<\/p>\n<p class=\"p2\" style=\"margin:0px 0px 2px;font-size:16px;line-height:normal;font-family:'Helvetica Neue';\"><b>Instalare<\/b><\/p>\n<p class=\"p1\" style=\"margin:0px;font-size:13px;line-height:normal;font-family:'Helvetica Neue';\">Instalarea dispozitivului de semnalizare este extrem de\u00a0<b>u\u0219oar\u0103 \u0219i intuitiv\u0103<\/b>\u00a0&#8211; doar\u00a0<b>lipi\u021bi Velcro<\/b>\u00a0\u00een locurile marcate de pe dispozitivul de semnalizare \u0219i apoi lipi\u021bi-l \u00eempreun\u0103 cu dispozitivul de pe cealalt\u0103 parte pe sticl\u0103. Nu uita\u021bi s\u0103\u00a0<b>cur\u0103\u021ba\u021bi \u0219i s\u0103 degresa\u021bi \u00een prealabil aceast\u0103 parte a sticlei<\/b>\u00a0pentru a asigura cea mai bun\u0103 aderen\u021b\u0103 posibil\u0103 a semnalului.<\/p>\n<p class=\"p2\" style=\"margin:0px 0px 2px;font-size:16px;line-height:normal;font-family:'Helvetica Neue';\"><b>Dimensiuni dispozitiv:<\/b><\/p>\n<ul class=\"ul1\" style=\"font-size:medium;\">\n<li class=\"li1\" style=\"margin:0px;font-size:13px;line-height:normal;font-family:'Helvetica Neue';\"><span class=\"s1\" style=\"font-size:9px;line-height:normal;font-family:Menlo;\"><\/span><b>inaltime: 15cm;<\/b><\/li>\n<li class=\"li1\" style=\"margin:0px;font-size:13px;line-height:normal;font-family:'Helvetica Neue';\"><span class=\"s1\" style=\"font-size:9px;line-height:normal;font-family:Menlo;\"><\/span><b>latime: 12 cm.<\/b><\/li>\n<\/ul>\n<p class=\"p2\" style=\"margin:0px 0px 2px;font-size:16px;line-height:normal;font-family:'Helvetica Neue';\"><b>Setul include:<\/b><\/p>\n<ul class=\"ul1\" style=\"font-size:medium;\">\n<li class=\"li1\" style=\"margin:0px;font-size:13px;line-height:normal;font-family:'Helvetica Neue';\"><span class=\"s1\" style=\"font-size:9px;line-height:normal;font-family:Menlo;\"><\/span><b>1x indicator LED;<\/b><\/li>\n<li class=\"li1\" style=\"margin:0px;font-size:13px;line-height:normal;font-family:'Helvetica Neue';\"><span class=\"s1\" style=\"font-size:9px;line-height:normal;font-family:Menlo;\"><\/span><b>1x telecomand\u0103 cu baterie \u00een interior;<\/b><\/li>\n<li class=\"li1\" style=\"margin:0px;font-size:13px;line-height:normal;font-family:'Helvetica Neue';\"><span class=\"s1\" style=\"font-size:9px;line-height:normal;font-family:Menlo;\"><\/span><b>3x Velcro dublu;<\/b><\/li>\n<li class=\"li1\" style=\"margin:0px;font-size:13px;line-height:normal;font-family:'Helvetica Neue';\"><span class=\"s1\" style=\"font-size:9px;line-height:normal;font-family:Menlo;\"><\/span><b>1x cutie de protectie.<\/b><\/li>\n<\/ul>","protected":false},"excerpt":{"rendered":"<p>Culoare: Negru Te-ai s\u0103turat\u00a0de irita\u021bia constant\u0103 \u00een timpul conducerii \u0219i de incapacitatea de a-\u021bi exprima emo\u021biile negative\u00a0? Sau poate ai<\/p>","protected":false},"featured_media":32788,"comment_status":"open","ping_status":"open","template":"","meta":[],"product_brand":[],"product_cat":[99,348],"product_tag":[104],"class_list":{"0":"post-32787","1":"product","2":"type-product","3":"status-publish","4":"has-post-thumbnail","6":"product_cat-acasa","7":"product_cat-auto-moto","8":"product_tag-in-stoc","9":"pa_culoare-negru","11":"first","12":"instock","13":"sale","14":"purchasable","15":"product-type-simple"},"yoast_head":"<!-- This site is optimized with the Yoast SEO plugin v27.2 - https:\/\/yoast.com\/product\/yoast-seo-wordpress\/ -->\n<title>Lamp\u0103 Auto cu Gesturi de m\u00e2n\u0103, cu telecomanda, Gonga\u00ae | ZOKO<\/title>\n<meta name=\"robots\" content=\"index, follow, max-snippet:-1, max-image-preview:large, max-video-preview:-1\" \/>\n<link rel=\"canonical\" href=\"https:\/\/www.zoko.ro\/en\/p\/lampa-auto-cu-gesturi-de-mana-cu-telecomanda-gonga\/\" \/>\n<meta property=\"og:locale\" content=\"en_GB\" \/>\n<meta property=\"og:type\" content=\"article\" \/>\n<meta property=\"og:title\" content=\"Lamp\u0103 Auto cu Gesturi de m\u00e2n\u0103, cu telecomanda, Gonga\u00ae | ZOKO\" \/>\n<meta property=\"og:description\" content=\"Culoare: Negru Te-ai s\u0103turat\u00a0de irita\u021bia constant\u0103 \u00een timpul conducerii \u0219i de incapacitatea de a-\u021bi exprima emo\u021biile negative\u00a0? Sau poate ai\" \/>\n<meta property=\"og:url\" content=\"https:\/\/www.zoko.ro\/en\/p\/lampa-auto-cu-gesturi-de-mana-cu-telecomanda-gonga\/\" \/>\n<meta property=\"og:site_name\" content=\"ZOKO\" \/>\n<meta property=\"article:publisher\" content=\"https:\/\/www.facebook.com\/profile.php?id=61584344135075\" \/>\n<meta property=\"og:image\" content=\"https:\/\/www.zoko.ro\/wp-content\/uploads\/2025\/12\/lampa-auto-cu-gesturi-de-mana-cu-telecomanda-gonga.jpg\" \/>\n\t<meta property=\"og:image:width\" content=\"1386\" \/>\n\t<meta property=\"og:image:height\" content=\"1434\" \/>\n\t<meta property=\"og:image:type\" content=\"image\/png\" \/>\n<meta name=\"twitter:card\" content=\"summary_large_image\" \/>\n<meta name=\"twitter:label1\" content=\"Estimated reading time\" \/>\n\t<meta name=\"twitter:data1\" content=\"2 minutes\" \/>\n<script type=\"application\/ld+json\" class=\"yoast-schema-graph\">{\"@context\":\"https:\/\/schema.org\",\"@graph\":[{\"@type\":\"WebPage\",\"@id\":\"https:\/\/www.zoko.ro\/p\/lampa-auto-cu-gesturi-de-mana-cu-telecomanda-gonga\/\",\"url\":\"https:\/\/www.zoko.ro\/p\/lampa-auto-cu-gesturi-de-mana-cu-telecomanda-gonga\/\",\"name\":\"Lamp\u0103 Auto cu Gesturi de m\u00e2n\u0103, cu telecomanda, Gonga\u00ae | ZOKO\",\"isPartOf\":{\"@id\":\"https:\/\/www.zoko.ro\/#website\"},\"primaryImageOfPage\":{\"@id\":\"https:\/\/www.zoko.ro\/p\/lampa-auto-cu-gesturi-de-mana-cu-telecomanda-gonga\/#primaryimage\"},\"image\":{\"@id\":\"https:\/\/www.zoko.ro\/p\/lampa-auto-cu-gesturi-de-mana-cu-telecomanda-gonga\/#primaryimage\"},\"thumbnailUrl\":\"https:\/\/www.zoko.ro\/wp-content\/uploads\/2025\/12\/lampa-auto-cu-gesturi-de-mana-cu-telecomanda-gonga.jpg\",\"datePublished\":\"2026-04-28T21:34:52+00:00\",\"breadcrumb\":{\"@id\":\"https:\/\/www.zoko.ro\/p\/lampa-auto-cu-gesturi-de-mana-cu-telecomanda-gonga\/#breadcrumb\"},\"inLanguage\":\"en-GB\",\"potentialAction\":[{\"@type\":\"ReadAction\",\"target\":[\"https:\/\/www.zoko.ro\/p\/lampa-auto-cu-gesturi-de-mana-cu-telecomanda-gonga\/\"]}]},{\"@type\":\"ImageObject\",\"inLanguage\":\"en-GB\",\"@id\":\"https:\/\/www.zoko.ro\/p\/lampa-auto-cu-gesturi-de-mana-cu-telecomanda-gonga\/#primaryimage\",\"url\":\"https:\/\/www.zoko.ro\/wp-content\/uploads\/2025\/12\/lampa-auto-cu-gesturi-de-mana-cu-telecomanda-gonga.jpg\",\"contentUrl\":\"https:\/\/www.zoko.ro\/wp-content\/uploads\/2025\/12\/lampa-auto-cu-gesturi-de-mana-cu-telecomanda-gonga.jpg\",\"width\":1386,\"height\":1434},{\"@type\":\"BreadcrumbList\",\"@id\":\"https:\/\/www.zoko.ro\/p\/lampa-auto-cu-gesturi-de-mana-cu-telecomanda-gonga\/#breadcrumb\",\"itemListElement\":[{\"@type\":\"ListItem\",\"position\":1,\"name\":\"Home\",\"item\":\"https:\/\/www.zoko.ro\/\"},{\"@type\":\"ListItem\",\"position\":2,\"name\":\"Magazin\",\"item\":\"https:\/\/www.zoko.ro\/magazin\/\"},{\"@type\":\"ListItem\",\"position\":3,\"name\":\"Lamp\u0103 Auto cu Gesturi de m\u00e2n\u0103, cu telecomanda, Gonga\u00ae\"}]},{\"@type\":\"WebSite\",\"@id\":\"https:\/\/www.zoko.ro\/#website\",\"url\":\"https:\/\/www.zoko.ro\/\",\"name\":\"ZOKO.ro\",\"description\":\"Cump\u0103r\u0103 inteligent\",\"publisher\":{\"@id\":\"https:\/\/www.zoko.ro\/#organization\"},\"potentialAction\":[{\"@type\":\"SearchAction\",\"target\":{\"@type\":\"EntryPoint\",\"urlTemplate\":\"https:\/\/www.zoko.ro\/?s={search_term_string}\"},\"query-input\":{\"@type\":\"PropertyValueSpecification\",\"valueRequired\":true,\"valueName\":\"search_term_string\"}}],\"inLanguage\":\"en-GB\"},{\"@type\":\"Organization\",\"@id\":\"https:\/\/www.zoko.ro\/#organization\",\"name\":\"ZOKO\",\"url\":\"https:\/\/www.zoko.ro\/\",\"logo\":{\"@type\":\"ImageObject\",\"inLanguage\":\"en-GB\",\"@id\":\"https:\/\/www.zoko.ro\/#\/schema\/logo\/image\/\",\"url\":\"https:\/\/www.zoko.ro\/wp-content\/uploads\/2025\/03\/logo1.svg\",\"contentUrl\":\"https:\/\/www.zoko.ro\/wp-content\/uploads\/2025\/03\/logo1.svg\",\"width\":799,\"height\":216,\"caption\":\"ZOKO\"},\"image\":{\"@id\":\"https:\/\/www.zoko.ro\/#\/schema\/logo\/image\/\"},\"sameAs\":[\"https:\/\/www.facebook.com\/profile.php?id=61584344135075\"]}]}<\/script>\n<!-- \/ Yoast SEO plugin. -->","yoast_head_json":{"title":"Lamp\u0103 Auto cu Gesturi de m\u00e2n\u0103, cu telecomanda, Gonga\u00ae | ZOKO","robots":{"index":"index","follow":"follow","max-snippet":"max-snippet:-1","max-image-preview":"max-image-preview:large","max-video-preview":"max-video-preview:-1"},"canonical":"https:\/\/www.zoko.ro\/en\/p\/lampa-auto-cu-gesturi-de-mana-cu-telecomanda-gonga\/","og_locale":"en_GB","og_type":"article","og_title":"Lamp\u0103 Auto cu Gesturi de m\u00e2n\u0103, cu telecomanda, Gonga\u00ae | ZOKO","og_description":"Culoare: Negru Te-ai s\u0103turat\u00a0de irita\u021bia constant\u0103 \u00een timpul conducerii \u0219i de incapacitatea de a-\u021bi exprima emo\u021biile negative\u00a0? Sau poate ai","og_url":"https:\/\/www.zoko.ro\/en\/p\/lampa-auto-cu-gesturi-de-mana-cu-telecomanda-gonga\/","og_site_name":"ZOKO","article_publisher":"https:\/\/www.facebook.com\/profile.php?id=61584344135075","og_image":[{"width":1386,"height":1434,"url":"https:\/\/www.zoko.ro\/wp-content\/uploads\/2025\/12\/lampa-auto-cu-gesturi-de-mana-cu-telecomanda-gonga.jpg","type":"image\/png"}],"twitter_card":"summary_large_image","twitter_misc":{"Estimated reading time":"2 minutes"},"schema":{"@context":"https:\/\/schema.org","@graph":[{"@type":"WebPage","@id":"https:\/\/www.zoko.ro\/p\/lampa-auto-cu-gesturi-de-mana-cu-telecomanda-gonga\/","url":"https:\/\/www.zoko.ro\/p\/lampa-auto-cu-gesturi-de-mana-cu-telecomanda-gonga\/","name":"Lamp\u0103 Auto cu Gesturi de m\u00e2n\u0103, cu telecomanda, Gonga\u00ae | ZOKO","isPartOf":{"@id":"https:\/\/www.zoko.ro\/#website"},"primaryImageOfPage":{"@id":"https:\/\/www.zoko.ro\/p\/lampa-auto-cu-gesturi-de-mana-cu-telecomanda-gonga\/#primaryimage"},"image":{"@id":"https:\/\/www.zoko.ro\/p\/lampa-auto-cu-gesturi-de-mana-cu-telecomanda-gonga\/#primaryimage"},"thumbnailUrl":"https:\/\/www.zoko.ro\/wp-content\/uploads\/2025\/12\/lampa-auto-cu-gesturi-de-mana-cu-telecomanda-gonga.jpg","datePublished":"2026-04-28T21:34:52+00:00","breadcrumb":{"@id":"https:\/\/www.zoko.ro\/p\/lampa-auto-cu-gesturi-de-mana-cu-telecomanda-gonga\/#breadcrumb"},"inLanguage":"en-GB","potentialAction":[{"@type":"ReadAction","target":["https:\/\/www.zoko.ro\/p\/lampa-auto-cu-gesturi-de-mana-cu-telecomanda-gonga\/"]}]},{"@type":"ImageObject","inLanguage":"en-GB","@id":"https:\/\/www.zoko.ro\/p\/lampa-auto-cu-gesturi-de-mana-cu-telecomanda-gonga\/#primaryimage","url":"https:\/\/www.zoko.ro\/wp-content\/uploads\/2025\/12\/lampa-auto-cu-gesturi-de-mana-cu-telecomanda-gonga.jpg","contentUrl":"https:\/\/www.zoko.ro\/wp-content\/uploads\/2025\/12\/lampa-auto-cu-gesturi-de-mana-cu-telecomanda-gonga.jpg","width":1386,"height":1434},{"@type":"BreadcrumbList","@id":"https:\/\/www.zoko.ro\/p\/lampa-auto-cu-gesturi-de-mana-cu-telecomanda-gonga\/#breadcrumb","itemListElement":[{"@type":"ListItem","position":1,"name":"Home","item":"https:\/\/www.zoko.ro\/"},{"@type":"ListItem","position":2,"name":"Magazin","item":"https:\/\/www.zoko.ro\/magazin\/"},{"@type":"ListItem","position":3,"name":"Lamp\u0103 Auto cu Gesturi de m\u00e2n\u0103, cu telecomanda, Gonga\u00ae"}]},{"@type":"WebSite","@id":"https:\/\/www.zoko.ro\/#website","url":"https:\/\/www.zoko.ro\/","name":"ZOKO.ro","description":"Cump\u0103r\u0103 inteligent","publisher":{"@id":"https:\/\/www.zoko.ro\/#organization"},"potentialAction":[{"@type":"SearchAction","target":{"@type":"EntryPoint","urlTemplate":"https:\/\/www.zoko.ro\/?s={search_term_string}"},"query-input":{"@type":"PropertyValueSpecification","valueRequired":true,"valueName":"search_term_string"}}],"inLanguage":"en-GB"},{"@type":"Organization","@id":"https:\/\/www.zoko.ro\/#organization","name":"ZOKO","url":"https:\/\/www.zoko.ro\/","logo":{"@type":"ImageObject","inLanguage":"en-GB","@id":"https:\/\/www.zoko.ro\/#\/schema\/logo\/image\/","url":"https:\/\/www.zoko.ro\/wp-content\/uploads\/2025\/03\/logo1.svg","contentUrl":"https:\/\/www.zoko.ro\/wp-content\/uploads\/2025\/03\/logo1.svg","width":799,"height":216,"caption":"ZOKO"},"image":{"@id":"https:\/\/www.zoko.ro\/#\/schema\/logo\/image\/"},"sameAs":["https:\/\/www.facebook.com\/profile.php?id=61584344135075"]}]}},"_links":{"self":[{"href":"https:\/\/www.zoko.ro\/en\/wp-json\/wp\/v2\/product\/32787","targetHints":{"allow":["GET"]}}],"collection":[{"href":"https:\/\/www.zoko.ro\/en\/wp-json\/wp\/v2\/product"}],"about":[{"href":"https:\/\/www.zoko.ro\/en\/wp-json\/wp\/v2\/types\/product"}],"replies":[{"embeddable":true,"href":"https:\/\/www.zoko.ro\/en\/wp-json\/wp\/v2\/comments?post=32787"}],"version-history":[{"count":1,"href":"https:\/\/www.zoko.ro\/en\/wp-json\/wp\/v2\/product\/32787\/revisions"}],"predecessor-version":[{"id":38363,"href":"https:\/\/www.zoko.ro\/en\/wp-json\/wp\/v2\/product\/32787\/revisions\/38363"}],"wp:featuredmedia":[{"embeddable":true,"href":"https:\/\/www.zoko.ro\/en\/wp-json\/wp\/v2\/media\/32788"}],"wp:attachment":[{"href":"https:\/\/www.zoko.ro\/en\/wp-json\/wp\/v2\/media?parent=32787"}],"wp:term":[{"taxonomy":"product_brand","embeddable":true,"href":"https:\/\/www.zoko.ro\/en\/wp-json\/wp\/v2\/product_brand?post=32787"},{"taxonomy":"product_cat","embeddable":true,"href":"https:\/\/www.zoko.ro\/en\/wp-json\/wp\/v2\/product_cat?post=32787"},{"taxonomy":"product_tag","embeddable":true,"href":"https:\/\/www.zoko.ro\/en\/wp-json\/wp\/v2\/product_tag?post=32787"}],"curies":[{"name":"wp","href":"https:\/\/api.w.org\/{rel}","templated":true}]}}