{"id":32804,"date":"2026-04-28T23:34:53","date_gmt":"2026-04-28T21:34:53","guid":{"rendered":"https:\/\/www.zoko.ro\/p\/set-de-constructie-locomotiva-elemente-metalice-cu-surub-340-bucati-gonga\/"},"modified":"2026-04-28T23:34:53","modified_gmt":"2026-04-28T21:34:53","slug":"set-de-constructie-locomotiva-elemente-metalice-cu-surub-340-bucati-gonga","status":"publish","type":"product","link":"https:\/\/www.zoko.ro\/en\/p\/set-de-constructie-locomotiva-elemente-metalice-cu-surub-340-bucati-gonga\/","title":{"rendered":"Set de constructie, Locomotiva, elemente metalice cu surub, 340 bucati, Gonga\u00ae"},"content":{"rendered":"<p><strong>Culoare:<\/strong> Verde<\/p>\n<p class=\"p1\" style=\"margin:0px;font-size:13px;line-height:normal;font-family:'Helvetica Neue';\"><b>Un model pliabil \u00een form\u0103 de locomotiv\u0103 \u201eThe Flying Scotsman\u201d<\/b>\u00a0este un set care cu siguran\u021b\u0103 va\u00a0<b>oferi ore \u00eentregi de divertisment relaxant \u0219i antrenant<\/b>\u00a0nu numai pentru copii, ci cu siguran\u021b\u0103 pentru fiecare adult fan al modelelor pliabile.<\/p>\n<p class=\"p1\" style=\"margin:0px;font-size:13px;line-height:normal;font-family:'Helvetica Neue';\">\u2714\ufe0f Setul\u00a0<b>este format aproape \u00een \u00eentregime din elemente metalice<\/b>\u00a0(\u00een afar\u0103 de ro\u021bi \u0219i elementele sale), ceea ce face ca acest model\u00a0<b>s\u0103 fie extrem de durabil \u0219i durabil<\/b>\u00a0.<\/p>\n<p class=\"p1\" style=\"margin:0px;font-size:13px;line-height:normal;font-family:'Helvetica Neue';\">\u2714\ufe0f Acesta este un set gata de utilizare\u00a0<b>care nu necesit\u0103 lipire<\/b>\u00a0. Toate elementele necesare pentru asamblarea acestuia sunt\u00a0<b>incluse \u00een set<\/b>\u00a0.<\/p>\n<p class=\"p1\" style=\"margin:0px;font-size:13px;line-height:normal;font-family:'Helvetica Neue';\">\u2714\ufe0f Setul include\u00a0<b>un manual de instructiuni<\/b>\u00a0care te ghideaza in mod clar pas cu pas la asamblarea modelului.<\/p>\n<p class=\"p1\" style=\"margin:0px;font-size:13px;line-height:normal;font-family:'Helvetica Neue';\">\u2714\ufe0f Totul a fost a\u0219ezat \u00eentr-o cutie decorativ\u0103,\u00a0<b>perfect\u0103 pentru un cadou<\/b>\u00a0.<\/p>\n<p class=\"p1\" style=\"margin:0px;font-size:13px;line-height:normal;font-family:'Helvetica Neue';\">\n<p class=\"p1\" style=\"margin:0px;font-size:13px;line-height:normal;font-family:'Helvetica Neue';\"><b>Datorita elementelor foarte mici incluse in set, este destinat copiilor peste 6 ani.<\/b><\/p>\n<p class=\"p1\" style=\"margin:0px;font-size:13px;line-height:normal;font-family:'Helvetica Neue';\"><b><\/b><\/p>\n<p class=\"p2\" style=\"margin:0px 0px 2px;font-size:16px;line-height:normal;font-family:'Helvetica Neue';\"><b>Calitate \u00eenalt\u0103 a manoperei<\/b><\/p>\n<p class=\"p1\" style=\"margin:0px;font-size:13px;line-height:normal;font-family:'Helvetica Neue';\">Setul este aproape\u00a0<b>\u00een \u00eentregime realizat din elemente metalice de \u00eenalt\u0103 calitate<\/b>\u00a0. Singurul element al setului care este realizat dintr-un material diferit sunt ro\u021bile \u0219i elementele sale suplimentare &#8211;\u00a0<b>plastic a fost folosit pentru producerea lor<\/b>\u00a0. Acest model este a\u0219adar\u00a0<b>perfect ca decor pentru un birou, cas\u0103 sau camer\u0103 selectat\u0103, dar \u0219i ca juc\u0103rie de \u00eenalt\u0103 calitate pentru un copil<\/b>\u00a0.<\/p>\n<p class=\"p1\" style=\"margin:0px;font-size:13px;line-height:normal;font-family:'Helvetica Neue';\">\n<p class=\"p2\" style=\"margin:0px 0px 2px;font-size:16px;line-height:normal;font-family:'Helvetica Neue';\"><b>Avantajele plierii<\/b><\/p>\n<p class=\"p1\" style=\"margin:0px;font-size:13px;line-height:normal;font-family:'Helvetica Neue';\">Lucrul cu modele pliabile este o activitate care va\u00a0<b>oferi cu siguran\u021b\u0103 multe ore de activitate relaxant\u0103 pentru fiecare adult<\/b>\u00a0. De asemenea, \u00een cazul copiilor, asamblarea modelului selectat folosind manualul de instruc\u021biuni va\u00a0<b>avea cu siguran\u021b\u0103 un impact pozitiv asupra dezvolt\u0103rii coordon\u0103rii ochi-m\u00e2n\u0103, a percep\u021biei \u0219i a abilit\u0103\u021bilor de concentrare<\/b>\u00a0.<\/p>\n<p class=\"p1\" style=\"margin:0px;font-size:13px;line-height:normal;font-family:'Helvetica Neue';\">\n<p class=\"p2\" style=\"margin:0px 0px 2px;font-size:16px;line-height:normal;font-family:'Helvetica Neue';\"><b>Dimensiunile produsului<\/b><\/p>\n<ul class=\"ul1\" style=\"font-size:medium;\">\n<li class=\"li1\" style=\"margin:0px;font-size:13px;line-height:normal;font-family:'Helvetica Neue';\"><span class=\"s1\" style=\"font-size:9px;line-height:normal;font-family:Menlo;\"><\/span><b>inaltime: 26,5cm;<\/b><\/li>\n<li class=\"li1\" style=\"margin:0px;font-size:13px;line-height:normal;font-family:'Helvetica Neue';\"><span class=\"s1\" style=\"font-size:9px;line-height:normal;font-family:Menlo;\"><\/span><b>lungime: 34,5 cm;<\/b><\/li>\n<li class=\"li1\" style=\"margin:0px;font-size:13px;line-height:normal;font-family:'Helvetica Neue';\"><span class=\"s1\" style=\"font-size:9px;line-height:normal;font-family:Menlo;\"><\/span><b>ad\u00e2ncime: 6 cm.<\/b><\/li>\n<\/ul>\n<p class=\"p2\" style=\"margin:0px 0px 2px;font-size:16px;line-height:normal;font-family:'Helvetica Neue';\"><b>Setul include:<\/b><\/p>\n<ul class=\"ul1\" style=\"font-size:medium;\">\n<li class=\"li1\" style=\"margin:0px;font-size:13px;line-height:normal;font-family:'Helvetica Neue';\"><span class=\"s1\" style=\"font-size:9px;line-height:normal;font-family:Menlo;\"><\/span><b>111x \u0219urub de montare;<\/b><\/li>\n<li class=\"li1\" style=\"margin:0px;font-size:13px;line-height:normal;font-family:'Helvetica Neue';\"><span class=\"s1\" style=\"font-size:9px;line-height:normal;font-family:Menlo;\"><\/span><b>115x capac cu \u0219urub de montare;<\/b><\/li>\n<li class=\"li1\" style=\"margin:0px;font-size:13px;line-height:normal;font-family:'Helvetica Neue';\"><span class=\"s1\" style=\"font-size:9px;line-height:normal;font-family:Menlo;\"><\/span><b>1x \u0219urubelni\u021b\u0103;<\/b><\/li>\n<li class=\"li1\" style=\"margin:0px;font-size:13px;line-height:normal;font-family:'Helvetica Neue';\"><span class=\"s1\" style=\"font-size:9px;line-height:normal;font-family:Menlo;\"><\/span><b>1x cheie de montaj cu cap deschis;<\/b><\/li>\n<li class=\"li1\" style=\"margin:0px;font-size:13px;line-height:normal;font-family:'Helvetica Neue';\"><span class=\"s1\" style=\"font-size:9px;line-height:normal;font-family:Menlo;\"><\/span><b>6x roat\u0103 din plastic;<\/b><\/li>\n<li class=\"li1\" style=\"margin:0px;font-size:13px;line-height:normal;font-family:'Helvetica Neue';\"><span class=\"s1\" style=\"font-size:9px;line-height:normal;font-family:Menlo;\"><\/span><b>22x element de montare din plastic<\/b><\/li>\n<li class=\"li1\" style=\"margin:0px;font-size:13px;line-height:normal;font-family:'Helvetica Neue';\"><span class=\"s1\" style=\"font-size:9px;line-height:normal;font-family:Menlo;\"><\/span><b>84 x\u00a0element de montare metalic;<\/b><\/li>\n<li class=\"li1\" style=\"margin:0px;font-size:13px;line-height:normal;font-family:'Helvetica Neue';\"><span class=\"s1\" style=\"font-size:9px;line-height:normal;font-family:Menlo;\"><\/span><b>1x cutie de protectie.<\/b><\/li>\n<\/ul>","protected":false},"excerpt":{"rendered":"<p>Culoare: Verde Un model pliabil \u00een form\u0103 de locomotiv\u0103 \u201eThe Flying Scotsman\u201d\u00a0este un set care cu siguran\u021b\u0103 va\u00a0oferi ore \u00eentregi<\/p>","protected":false},"featured_media":32805,"comment_status":"open","ping_status":"open","template":"","meta":[],"product_brand":[],"product_cat":[99,333,334,398],"product_tag":[104],"class_list":{"0":"post-32804","1":"product","2":"type-product","3":"status-publish","4":"has-post-thumbnail","6":"product_cat-acasa","7":"product_cat-jucarii","8":"product_cat-jucarii-jocuri-educative","9":"product_cat-seturi-de-constructie","10":"product_tag-in-stoc","11":"pa_culoare-verde","13":"first","14":"instock","15":"sale","16":"purchasable","17":"product-type-simple"},"yoast_head":"<!-- This site is optimized with the Yoast SEO plugin v27.2 - https:\/\/yoast.com\/product\/yoast-seo-wordpress\/ -->\n<title>Set de constructie, Locomotiva, elemente metalice cu surub, 340 bucati, Gonga\u00ae | ZOKO<\/title>\n<meta name=\"robots\" content=\"index, follow, max-snippet:-1, max-image-preview:large, max-video-preview:-1\" \/>\n<link rel=\"canonical\" href=\"https:\/\/www.zoko.ro\/en\/p\/set-de-constructie-locomotiva-elemente-metalice-cu-surub-340-bucati-gonga\/\" \/>\n<meta property=\"og:locale\" content=\"en_GB\" \/>\n<meta property=\"og:type\" content=\"article\" \/>\n<meta property=\"og:title\" content=\"Set de constructie, Locomotiva, elemente metalice cu surub, 340 bucati, Gonga\u00ae | ZOKO\" \/>\n<meta property=\"og:description\" content=\"Culoare: Verde Un model pliabil \u00een form\u0103 de locomotiv\u0103 \u201eThe Flying Scotsman\u201d\u00a0este un set care cu siguran\u021b\u0103 va\u00a0oferi ore \u00eentregi\" \/>\n<meta property=\"og:url\" content=\"https:\/\/www.zoko.ro\/en\/p\/set-de-constructie-locomotiva-elemente-metalice-cu-surub-340-bucati-gonga\/\" \/>\n<meta property=\"og:site_name\" content=\"ZOKO\" \/>\n<meta property=\"article:publisher\" content=\"https:\/\/www.facebook.com\/profile.php?id=61584344135075\" \/>\n<meta property=\"og:image\" content=\"https:\/\/www.zoko.ro\/wp-content\/uploads\/2025\/12\/set-de-constructie-locomotiva-elemente-metalice-cu-surub-340-bucati-gonga.jpg\" \/>\n\t<meta property=\"og:image:width\" content=\"1590\" \/>\n\t<meta property=\"og:image:height\" content=\"1594\" \/>\n\t<meta property=\"og:image:type\" content=\"image\/png\" \/>\n<meta name=\"twitter:card\" content=\"summary_large_image\" \/>\n<meta name=\"twitter:label1\" content=\"Estimated reading time\" \/>\n\t<meta name=\"twitter:data1\" content=\"2 minutes\" \/>\n<script type=\"application\/ld+json\" class=\"yoast-schema-graph\">{\"@context\":\"https:\/\/schema.org\",\"@graph\":[{\"@type\":\"WebPage\",\"@id\":\"https:\/\/www.zoko.ro\/p\/set-de-constructie-locomotiva-elemente-metalice-cu-surub-340-bucati-gonga\/\",\"url\":\"https:\/\/www.zoko.ro\/p\/set-de-constructie-locomotiva-elemente-metalice-cu-surub-340-bucati-gonga\/\",\"name\":\"Set de constructie, Locomotiva, elemente metalice cu surub, 340 bucati, Gonga\u00ae | ZOKO\",\"isPartOf\":{\"@id\":\"https:\/\/www.zoko.ro\/#website\"},\"primaryImageOfPage\":{\"@id\":\"https:\/\/www.zoko.ro\/p\/set-de-constructie-locomotiva-elemente-metalice-cu-surub-340-bucati-gonga\/#primaryimage\"},\"image\":{\"@id\":\"https:\/\/www.zoko.ro\/p\/set-de-constructie-locomotiva-elemente-metalice-cu-surub-340-bucati-gonga\/#primaryimage\"},\"thumbnailUrl\":\"https:\/\/www.zoko.ro\/wp-content\/uploads\/2025\/12\/set-de-constructie-locomotiva-elemente-metalice-cu-surub-340-bucati-gonga.jpg\",\"datePublished\":\"2026-04-28T21:34:53+00:00\",\"breadcrumb\":{\"@id\":\"https:\/\/www.zoko.ro\/p\/set-de-constructie-locomotiva-elemente-metalice-cu-surub-340-bucati-gonga\/#breadcrumb\"},\"inLanguage\":\"en-GB\",\"potentialAction\":[{\"@type\":\"ReadAction\",\"target\":[\"https:\/\/www.zoko.ro\/p\/set-de-constructie-locomotiva-elemente-metalice-cu-surub-340-bucati-gonga\/\"]}]},{\"@type\":\"ImageObject\",\"inLanguage\":\"en-GB\",\"@id\":\"https:\/\/www.zoko.ro\/p\/set-de-constructie-locomotiva-elemente-metalice-cu-surub-340-bucati-gonga\/#primaryimage\",\"url\":\"https:\/\/www.zoko.ro\/wp-content\/uploads\/2025\/12\/set-de-constructie-locomotiva-elemente-metalice-cu-surub-340-bucati-gonga.jpg\",\"contentUrl\":\"https:\/\/www.zoko.ro\/wp-content\/uploads\/2025\/12\/set-de-constructie-locomotiva-elemente-metalice-cu-surub-340-bucati-gonga.jpg\",\"width\":1590,\"height\":1594},{\"@type\":\"BreadcrumbList\",\"@id\":\"https:\/\/www.zoko.ro\/p\/set-de-constructie-locomotiva-elemente-metalice-cu-surub-340-bucati-gonga\/#breadcrumb\",\"itemListElement\":[{\"@type\":\"ListItem\",\"position\":1,\"name\":\"Home\",\"item\":\"https:\/\/www.zoko.ro\/\"},{\"@type\":\"ListItem\",\"position\":2,\"name\":\"Magazin\",\"item\":\"https:\/\/www.zoko.ro\/magazin\/\"},{\"@type\":\"ListItem\",\"position\":3,\"name\":\"Set de constructie, Locomotiva, elemente metalice cu surub, 340 bucati, Gonga\u00ae\"}]},{\"@type\":\"WebSite\",\"@id\":\"https:\/\/www.zoko.ro\/#website\",\"url\":\"https:\/\/www.zoko.ro\/\",\"name\":\"ZOKO.ro\",\"description\":\"Cump\u0103r\u0103 inteligent\",\"publisher\":{\"@id\":\"https:\/\/www.zoko.ro\/#organization\"},\"potentialAction\":[{\"@type\":\"SearchAction\",\"target\":{\"@type\":\"EntryPoint\",\"urlTemplate\":\"https:\/\/www.zoko.ro\/?s={search_term_string}\"},\"query-input\":{\"@type\":\"PropertyValueSpecification\",\"valueRequired\":true,\"valueName\":\"search_term_string\"}}],\"inLanguage\":\"en-GB\"},{\"@type\":\"Organization\",\"@id\":\"https:\/\/www.zoko.ro\/#organization\",\"name\":\"ZOKO\",\"url\":\"https:\/\/www.zoko.ro\/\",\"logo\":{\"@type\":\"ImageObject\",\"inLanguage\":\"en-GB\",\"@id\":\"https:\/\/www.zoko.ro\/#\/schema\/logo\/image\/\",\"url\":\"https:\/\/www.zoko.ro\/wp-content\/uploads\/2025\/03\/logo1.svg\",\"contentUrl\":\"https:\/\/www.zoko.ro\/wp-content\/uploads\/2025\/03\/logo1.svg\",\"width\":799,\"height\":216,\"caption\":\"ZOKO\"},\"image\":{\"@id\":\"https:\/\/www.zoko.ro\/#\/schema\/logo\/image\/\"},\"sameAs\":[\"https:\/\/www.facebook.com\/profile.php?id=61584344135075\"]}]}<\/script>\n<!-- \/ Yoast SEO plugin. -->","yoast_head_json":{"title":"Set de constructie, Locomotiva, elemente metalice cu surub, 340 bucati, Gonga\u00ae | ZOKO","robots":{"index":"index","follow":"follow","max-snippet":"max-snippet:-1","max-image-preview":"max-image-preview:large","max-video-preview":"max-video-preview:-1"},"canonical":"https:\/\/www.zoko.ro\/en\/p\/set-de-constructie-locomotiva-elemente-metalice-cu-surub-340-bucati-gonga\/","og_locale":"en_GB","og_type":"article","og_title":"Set de constructie, Locomotiva, elemente metalice cu surub, 340 bucati, Gonga\u00ae | ZOKO","og_description":"Culoare: Verde Un model pliabil \u00een form\u0103 de locomotiv\u0103 \u201eThe Flying Scotsman\u201d\u00a0este un set care cu siguran\u021b\u0103 va\u00a0oferi ore \u00eentregi","og_url":"https:\/\/www.zoko.ro\/en\/p\/set-de-constructie-locomotiva-elemente-metalice-cu-surub-340-bucati-gonga\/","og_site_name":"ZOKO","article_publisher":"https:\/\/www.facebook.com\/profile.php?id=61584344135075","og_image":[{"width":1590,"height":1594,"url":"https:\/\/www.zoko.ro\/wp-content\/uploads\/2025\/12\/set-de-constructie-locomotiva-elemente-metalice-cu-surub-340-bucati-gonga.jpg","type":"image\/png"}],"twitter_card":"summary_large_image","twitter_misc":{"Estimated reading time":"2 minutes"},"schema":{"@context":"https:\/\/schema.org","@graph":[{"@type":"WebPage","@id":"https:\/\/www.zoko.ro\/p\/set-de-constructie-locomotiva-elemente-metalice-cu-surub-340-bucati-gonga\/","url":"https:\/\/www.zoko.ro\/p\/set-de-constructie-locomotiva-elemente-metalice-cu-surub-340-bucati-gonga\/","name":"Set de constructie, Locomotiva, elemente metalice cu surub, 340 bucati, Gonga\u00ae | ZOKO","isPartOf":{"@id":"https:\/\/www.zoko.ro\/#website"},"primaryImageOfPage":{"@id":"https:\/\/www.zoko.ro\/p\/set-de-constructie-locomotiva-elemente-metalice-cu-surub-340-bucati-gonga\/#primaryimage"},"image":{"@id":"https:\/\/www.zoko.ro\/p\/set-de-constructie-locomotiva-elemente-metalice-cu-surub-340-bucati-gonga\/#primaryimage"},"thumbnailUrl":"https:\/\/www.zoko.ro\/wp-content\/uploads\/2025\/12\/set-de-constructie-locomotiva-elemente-metalice-cu-surub-340-bucati-gonga.jpg","datePublished":"2026-04-28T21:34:53+00:00","breadcrumb":{"@id":"https:\/\/www.zoko.ro\/p\/set-de-constructie-locomotiva-elemente-metalice-cu-surub-340-bucati-gonga\/#breadcrumb"},"inLanguage":"en-GB","potentialAction":[{"@type":"ReadAction","target":["https:\/\/www.zoko.ro\/p\/set-de-constructie-locomotiva-elemente-metalice-cu-surub-340-bucati-gonga\/"]}]},{"@type":"ImageObject","inLanguage":"en-GB","@id":"https:\/\/www.zoko.ro\/p\/set-de-constructie-locomotiva-elemente-metalice-cu-surub-340-bucati-gonga\/#primaryimage","url":"https:\/\/www.zoko.ro\/wp-content\/uploads\/2025\/12\/set-de-constructie-locomotiva-elemente-metalice-cu-surub-340-bucati-gonga.jpg","contentUrl":"https:\/\/www.zoko.ro\/wp-content\/uploads\/2025\/12\/set-de-constructie-locomotiva-elemente-metalice-cu-surub-340-bucati-gonga.jpg","width":1590,"height":1594},{"@type":"BreadcrumbList","@id":"https:\/\/www.zoko.ro\/p\/set-de-constructie-locomotiva-elemente-metalice-cu-surub-340-bucati-gonga\/#breadcrumb","itemListElement":[{"@type":"ListItem","position":1,"name":"Home","item":"https:\/\/www.zoko.ro\/"},{"@type":"ListItem","position":2,"name":"Magazin","item":"https:\/\/www.zoko.ro\/magazin\/"},{"@type":"ListItem","position":3,"name":"Set de constructie, Locomotiva, elemente metalice cu surub, 340 bucati, Gonga\u00ae"}]},{"@type":"WebSite","@id":"https:\/\/www.zoko.ro\/#website","url":"https:\/\/www.zoko.ro\/","name":"ZOKO.ro","description":"Cump\u0103r\u0103 inteligent","publisher":{"@id":"https:\/\/www.zoko.ro\/#organization"},"potentialAction":[{"@type":"SearchAction","target":{"@type":"EntryPoint","urlTemplate":"https:\/\/www.zoko.ro\/?s={search_term_string}"},"query-input":{"@type":"PropertyValueSpecification","valueRequired":true,"valueName":"search_term_string"}}],"inLanguage":"en-GB"},{"@type":"Organization","@id":"https:\/\/www.zoko.ro\/#organization","name":"ZOKO","url":"https:\/\/www.zoko.ro\/","logo":{"@type":"ImageObject","inLanguage":"en-GB","@id":"https:\/\/www.zoko.ro\/#\/schema\/logo\/image\/","url":"https:\/\/www.zoko.ro\/wp-content\/uploads\/2025\/03\/logo1.svg","contentUrl":"https:\/\/www.zoko.ro\/wp-content\/uploads\/2025\/03\/logo1.svg","width":799,"height":216,"caption":"ZOKO"},"image":{"@id":"https:\/\/www.zoko.ro\/#\/schema\/logo\/image\/"},"sameAs":["https:\/\/www.facebook.com\/profile.php?id=61584344135075"]}]}},"_links":{"self":[{"href":"https:\/\/www.zoko.ro\/en\/wp-json\/wp\/v2\/product\/32804","targetHints":{"allow":["GET"]}}],"collection":[{"href":"https:\/\/www.zoko.ro\/en\/wp-json\/wp\/v2\/product"}],"about":[{"href":"https:\/\/www.zoko.ro\/en\/wp-json\/wp\/v2\/types\/product"}],"replies":[{"embeddable":true,"href":"https:\/\/www.zoko.ro\/en\/wp-json\/wp\/v2\/comments?post=32804"}],"version-history":[{"count":1,"href":"https:\/\/www.zoko.ro\/en\/wp-json\/wp\/v2\/product\/32804\/revisions"}],"predecessor-version":[{"id":38365,"href":"https:\/\/www.zoko.ro\/en\/wp-json\/wp\/v2\/product\/32804\/revisions\/38365"}],"wp:featuredmedia":[{"embeddable":true,"href":"https:\/\/www.zoko.ro\/en\/wp-json\/wp\/v2\/media\/32805"}],"wp:attachment":[{"href":"https:\/\/www.zoko.ro\/en\/wp-json\/wp\/v2\/media?parent=32804"}],"wp:term":[{"taxonomy":"product_brand","embeddable":true,"href":"https:\/\/www.zoko.ro\/en\/wp-json\/wp\/v2\/product_brand?post=32804"},{"taxonomy":"product_cat","embeddable":true,"href":"https:\/\/www.zoko.ro\/en\/wp-json\/wp\/v2\/product_cat?post=32804"},{"taxonomy":"product_tag","embeddable":true,"href":"https:\/\/www.zoko.ro\/en\/wp-json\/wp\/v2\/product_tag?post=32804"}],"curies":[{"name":"wp","href":"https:\/\/api.w.org\/{rel}","templated":true}]}}