{"id":32812,"date":"2026-04-28T23:34:53","date_gmt":"2026-04-28T21:34:53","guid":{"rendered":"https:\/\/www.zoko.ro\/p\/minge-de-jucarie-interactiva-electronica-pentru-pisici-cu-incarcare-usb-gonga\/"},"modified":"2026-04-28T23:34:53","modified_gmt":"2026-04-28T21:34:53","slug":"minge-de-jucarie-interactiva-electronica-pentru-pisici-cu-incarcare-usb-gonga","status":"publish","type":"product","link":"https:\/\/www.zoko.ro\/en\/p\/minge-de-jucarie-interactiva-electronica-pentru-pisici-cu-incarcare-usb-gonga\/","title":{"rendered":"Minge de juc\u0103rie interactiv\u0103 electronic\u0103 pentru pisici cu \u00eenc\u0103rcare USB, Gonga\u00ae"},"content":{"rendered":"<p><strong>Culoare:<\/strong> Verde<\/p>\n<p class=\"p1\" style=\"margin:0px;font-size:13px;line-height:normal;font-family:'Helvetica Neue';\"><b>Cel mai recent model de minge interactiv\u0103 pentru pisici &#8211; chiar mai mic\u0103, mai silentioas\u0103 \u0219i profilat\u0103 corespunz\u0103tor pentru labe \u0219i gheare!<\/b><\/p>\n<p class=\"p1\" style=\"margin:0px;font-size:13px;line-height:normal;font-family:'Helvetica Neue';\">Mingea interactiv\u0103 pentru pisici este\u00a0\u00a0<b>o juc\u0103rie perfect\u0103 pentru pisicile de toate v\u00e2rstele.<\/b>\u00a0\u00a0Datorit\u0103 func\u021bion\u0103rii sale foarte simple, dar eficiente, mingea poate deveni\u00a0\u00a0<b>un excelent \u00eenso\u021bitor pentru animalul de companie \u00een timpul absen\u021bei proprietarului.<\/b><\/p>\n<p class=\"p1\" style=\"margin:0px;font-size:13px;line-height:normal;font-family:'Helvetica Neue';\"><b><\/b><\/p>\n<p class=\"p1\" style=\"margin:0px;font-size:13px;line-height:normal;font-family:'Helvetica Neue';\">Juc\u0103ria se porne\u0219te cu\u00a0\u00a0<b>o singur\u0103 ap\u0103sare a unui buton.<\/b>\u00a0\u00a0Poate fi pornit de c\u0103tre proprietar sau pisic\u0103 \u00een timpul jocului. C\u00e2nd este pornit\u0103,\u00a0\u00a0<b>mingea va \u00eencepe s\u0103 se mi\u0219te singur\u0103,<\/b>\u00a0\u00a0activ\u00e2nd pisica s\u0103 se mi\u0219te. Datorit\u0103\u00a0\u00a0<b>celor dou\u0103 moduri de func\u021bionare,<\/b>\u00a0\u00a0pute\u021bi ajusta juc\u0103ria la activitatea animalului dvs. de companie.<\/p>\n<p class=\"p1\" style=\"margin:0px;font-size:13px;line-height:normal;font-family:'Helvetica Neue';\">Mingea este fabricat\u0103 din\u00a0\u00a0<b>materiale durabile \u0219i sigure<\/b>\u00a0\u00a0, care vor ajuta, de asemenea, s\u0103 men\u021bin\u0103\u00a0\u00a0<b>din\u021bii \u0219i ghearele pisicii \u00een stare bun\u0103.<\/b><\/p>\n<p class=\"p1\" style=\"margin:0px;font-size:13px;line-height:normal;font-family:'Helvetica Neue';\"><b><\/b><\/p>\n<p class=\"p1\" style=\"margin:0px;font-size:13px;line-height:normal;font-family:'Helvetica Neue';\">Jucaria are o\u00a0\u00a0<b>baterie de 150 mAh, care se incarca folosind cablul USB<\/b>\u00a0\u00a0inclus in set\u00a0\u00a0<b>(adaptorul USB nu este inclus!).\u00a0<\/b>\u00a0Timpul de \u00eenc\u0103rcare al juc\u0103riei este\u00a0\u00a0<b>de aproximativ 60 de minute.<\/b><\/p>\n<p class=\"p1\" style=\"margin:0px;font-size:13px;line-height:normal;font-family:'Helvetica Neue';\"><b><\/b><\/p>\n<p class=\"p2\" style=\"margin:0px 0px 2px;font-size:16px;line-height:normal;font-family:'Helvetica Neue';\"><b>Dou\u0103 moduri de operare<\/b><\/p>\n<p class=\"p1\" style=\"margin:0px;font-size:13px;line-height:normal;font-family:'Helvetica Neue';\">Comutarea modurilor este foarte simpl\u0103: dup\u0103 ce porni\u021bi juc\u0103ria, ap\u0103sa\u021bi-o scurt \u0219i \u021bine\u021bi ap\u0103sat butonul timp de aproximativ 3 secunde. Schimbarea modului este indicat\u0103 de o schimbare a culorii LED-ului:<\/p>\n<ul class=\"ul1\" style=\"font-size:medium;\">\n<li class=\"li1\" style=\"margin:0px;font-size:13px;line-height:normal;font-family:'Helvetica Neue';\"><span class=\"s1\" style=\"font-size:9px;line-height:normal;font-family:Menlo;\"><\/span><b>modul normal (lumin\u0103 LED verde):<\/b>\u00a0\u00a0mingea se va stinge automat dup\u0103 5 minute de func\u021bionare;<\/li>\n<li class=\"li1\" style=\"margin:0px;font-size:13px;line-height:normal;font-family:'Helvetica Neue';\"><span class=\"s1\" style=\"font-size:9px;line-height:normal;font-family:Menlo;\"><\/span><b>modul inteligent (lumin\u0103 LED albastr\u0103):<\/b>\u00a0\u00a0dup\u0103 5 minute, mingea va intra \u00een modul de a\u0219teptare \u0219i va porni din nou c\u00e2nd este atins\u0103.<\/li>\n<\/ul>\n<p class=\"p1\" style=\"margin:0px;font-size:13px;line-height:normal;font-family:'Helvetica Neue';\">LED-ul indic\u0103 \u0219i nivelul de \u00eenc\u0103rcare a bateriei:<\/p>\n<ul class=\"ul1\" style=\"font-size:medium;\">\n<li class=\"li1\" style=\"margin:0px;font-size:13px;line-height:normal;font-family:'Helvetica Neue';\"><span class=\"s1\" style=\"font-size:9px;line-height:normal;font-family:Menlo;\"><\/span><b>lumin\u0103 ro\u0219ie intermitent\u0103<\/b>\u00a0\u00a0&#8211; nivel sc\u0103zut de energie,<\/li>\n<li class=\"li1\" style=\"margin:0px;font-size:13px;line-height:normal;font-family:'Helvetica Neue';\"><span class=\"s1\" style=\"font-size:9px;line-height:normal;font-family:Menlo;\"><\/span><b>lumin\u0103 albastr\u0103 intermitent\u0103<\/b>\u00a0\u00a0&#8211; \u00eenc\u0103rcare,<\/li>\n<li class=\"li1\" style=\"margin:0px;font-size:13px;line-height:normal;font-family:'Helvetica Neue';\"><span class=\"s1\" style=\"font-size:9px;line-height:normal;font-family:Menlo;\"><\/span><b>lumin\u0103 verde continu\u0103<\/b>\u00a0\u00a0&#8211; complet \u00eenc\u0103rcat\u0103.<\/li>\n<\/ul>\n<p class=\"p2\" style=\"margin:0px 0px 2px;font-size:16px;line-height:normal;font-family:'Helvetica Neue';\"><b>Caracteristicile produsului:<\/b><\/p>\n<ul class=\"ul1\" style=\"font-size:medium;\">\n<li class=\"li1\" style=\"margin:0px;font-size:13px;line-height:normal;font-family:'Helvetica Neue';\"><span class=\"s1\" style=\"font-size:9px;line-height:normal;font-family:Menlo;\"><\/span><b>minge interactiv\u0103 electronic\u0103 de juc\u0103rie pentru pisici FD-08;<\/b><\/li>\n<li class=\"li1\" style=\"margin:0px;font-size:13px;line-height:normal;font-family:'Helvetica Neue';\"><span class=\"s1\" style=\"font-size:9px;line-height:normal;font-family:Menlo;\"><\/span>operare foarte\u00a0\u00a0<b>simpl\u0103<\/b>\u00a0\u00a0;<\/li>\n<li class=\"li1\" style=\"margin:0px;font-size:13px;line-height:normal;font-family:'Helvetica Neue';\"><span class=\"s1\" style=\"font-size:9px;line-height:normal;font-family:Menlo;\"><\/span><b>operare cu un singur buton;<\/b><\/li>\n<li class=\"li1\" style=\"margin:0px;font-size:13px;line-height:normal;font-family:'Helvetica Neue';\"><span class=\"s1\" style=\"font-size:9px;line-height:normal;font-family:Menlo;\"><\/span><b>dou\u0103 moduri de func\u021bionare<\/b>\u00a0\u00a0&#8211; oprire automat\u0103 sau standby dup\u0103 5 minute;<\/li>\n<li class=\"li1\" style=\"margin:0px;font-size:13px;line-height:normal;font-family:'Helvetica Neue';\"><span class=\"s1\" style=\"font-size:9px;line-height:normal;font-family:Menlo;\"><\/span><b>activeaz\u0103 pisica s\u0103 se mi\u0219te<\/b>\u00a0\u00a0prin joc;<\/li>\n<li class=\"li1\" style=\"margin:0px;font-size:13px;line-height:normal;font-family:'Helvetica Neue';\"><span class=\"s1\" style=\"font-size:9px;line-height:normal;font-family:Menlo;\"><\/span>men\u021bine din\u021bii \u0219i ghearele\u00a0\u00a0<b>\u00een stare bun\u0103;<\/b><\/li>\n<li class=\"li1\" style=\"margin:0px;font-size:13px;line-height:normal;font-family:'Helvetica Neue';\"><span class=\"s1\" style=\"font-size:9px;line-height:normal;font-family:Menlo;\"><\/span>realizate din\u00a0\u00a0<b>materiale durabile \u0219i sigure;<\/b><\/li>\n<li class=\"li1\" style=\"margin:0px;font-size:13px;line-height:normal;font-family:'Helvetica Neue';\"><span class=\"s1\" style=\"font-size:9px;line-height:normal;font-family:Menlo;\"><\/span>potrivit pentru pisici\u00a0\u00a0<b>de toate v\u00e2rstele;<\/b><\/li>\n<li class=\"li1\" style=\"margin:0px;font-size:13px;line-height:normal;font-family:'Helvetica Neue';\"><span class=\"s1\" style=\"font-size:9px;line-height:normal;font-family:Menlo;\"><\/span><b>culoare:<\/b>\u00a0galben;<\/li>\n<li class=\"li1\" style=\"margin:0px;font-size:13px;line-height:normal;font-family:'Helvetica Neue';\"><span class=\"s1\" style=\"font-size:9px;line-height:normal;font-family:Menlo;\"><\/span><b>incarcare:<\/b>\u00a0\u00a0cablu USB;<\/li>\n<li class=\"li1\" style=\"margin:0px;font-size:13px;line-height:normal;font-family:'Helvetica Neue';\"><span class=\"s1\" style=\"font-size:9px;line-height:normal;font-family:Menlo;\"><\/span><b>baterie:<\/b>\u00a0\u00a0150 mAh;<\/li>\n<li class=\"li1\" style=\"margin:0px;font-size:13px;line-height:normal;font-family:'Helvetica Neue';\"><span class=\"s1\" style=\"font-size:9px;line-height:normal;font-family:Menlo;\"><\/span><b>diametru minge:<\/b>\u00a04,1 cm;<\/li>\n<li class=\"li1\" style=\"margin:0px;font-size:13px;line-height:normal;font-family:'Helvetica Neue';\"><span class=\"s1\" style=\"font-size:9px;line-height:normal;font-family:Menlo;\"><\/span><b>material:<\/b>\u00a0\u00a0ABS \/ silicon;<\/li>\n<li class=\"li1\" style=\"margin:0px;font-size:13px;line-height:normal;font-family:'Helvetica Neue';\"><span class=\"s1\" style=\"font-size:9px;line-height:normal;font-family:Menlo;\"><\/span><b>timp de \u00eenc\u0103rcare:<\/b>\u00a0\u00a0aproximativ 60 de minute.<\/li>\n<\/ul>\n<p class=\"p2\" style=\"margin:0px 0px 2px;font-size:16px;line-height:normal;font-family:'Helvetica Neue';\"><b>Setul include:<\/b><\/p>\n<ol class=\"ol1\" style=\"font-size:medium;\">\n<li class=\"li1\" style=\"margin:0px;font-size:13px;line-height:normal;font-family:'Helvetica Neue';\"><b>Minge de juc\u0103rie interactiv\u0103 pentru pisici FD-08, galben\u0103;<\/b><\/li>\n<li class=\"li1\" style=\"margin:0px;font-size:13px;line-height:normal;font-family:'Helvetica Neue';\"><b>Cablu de \u00eenc\u0103rcare USB.<\/b><\/li>\n<\/ol>","protected":false},"excerpt":{"rendered":"<p>Culoare: Verde Cel mai recent model de minge interactiv\u0103 pentru pisici &#8211; chiar mai mic\u0103, mai silentioas\u0103 \u0219i profilat\u0103 corespunz\u0103tor<\/p>","protected":false},"featured_media":32813,"comment_status":"open","ping_status":"open","template":"","meta":[],"product_brand":[],"product_cat":[99,350,346],"product_tag":[104],"class_list":{"0":"post-32812","1":"product","2":"type-product","3":"status-publish","4":"has-post-thumbnail","6":"product_cat-acasa","7":"product_cat-accesorii-animale","8":"product_cat-petshop","9":"product_tag-in-stoc","10":"pa_culoare-verde","12":"first","13":"instock","14":"sale","15":"purchasable","16":"product-type-simple"},"yoast_head":"<!-- This site is optimized with the Yoast SEO plugin v27.2 - https:\/\/yoast.com\/product\/yoast-seo-wordpress\/ -->\n<title>Minge de juc\u0103rie interactiv\u0103 electronic\u0103 pentru pisici cu \u00eenc\u0103rcare USB, Gonga\u00ae | ZOKO<\/title>\n<meta name=\"robots\" content=\"index, follow, max-snippet:-1, max-image-preview:large, max-video-preview:-1\" \/>\n<link rel=\"canonical\" href=\"https:\/\/www.zoko.ro\/en\/p\/minge-de-jucarie-interactiva-electronica-pentru-pisici-cu-incarcare-usb-gonga\/\" \/>\n<meta property=\"og:locale\" content=\"en_GB\" \/>\n<meta property=\"og:type\" content=\"article\" \/>\n<meta property=\"og:title\" content=\"Minge de juc\u0103rie interactiv\u0103 electronic\u0103 pentru pisici cu \u00eenc\u0103rcare USB, Gonga\u00ae | ZOKO\" \/>\n<meta property=\"og:description\" content=\"Culoare: Verde Cel mai recent model de minge interactiv\u0103 pentru pisici &#8211; chiar mai mic\u0103, mai silentioas\u0103 \u0219i profilat\u0103 corespunz\u0103tor\" \/>\n<meta property=\"og:url\" content=\"https:\/\/www.zoko.ro\/en\/p\/minge-de-jucarie-interactiva-electronica-pentru-pisici-cu-incarcare-usb-gonga\/\" \/>\n<meta property=\"og:site_name\" content=\"ZOKO\" \/>\n<meta property=\"article:publisher\" content=\"https:\/\/www.facebook.com\/profile.php?id=61584344135075\" \/>\n<meta property=\"og:image\" content=\"https:\/\/www.zoko.ro\/wp-content\/uploads\/2025\/12\/minge-de-jucarie-interactiva-electronica-pentru-pisici-cu-incarcare-usb-gonga.jpg\" \/>\n\t<meta property=\"og:image:width\" content=\"798\" \/>\n\t<meta property=\"og:image:height\" content=\"792\" \/>\n\t<meta property=\"og:image:type\" content=\"image\/png\" \/>\n<meta name=\"twitter:card\" content=\"summary_large_image\" \/>\n<meta name=\"twitter:label1\" content=\"Estimated reading time\" \/>\n\t<meta name=\"twitter:data1\" content=\"2 minutes\" \/>\n<script type=\"application\/ld+json\" class=\"yoast-schema-graph\">{\"@context\":\"https:\/\/schema.org\",\"@graph\":[{\"@type\":\"WebPage\",\"@id\":\"https:\/\/www.zoko.ro\/p\/minge-de-jucarie-interactiva-electronica-pentru-pisici-cu-incarcare-usb-gonga\/\",\"url\":\"https:\/\/www.zoko.ro\/p\/minge-de-jucarie-interactiva-electronica-pentru-pisici-cu-incarcare-usb-gonga\/\",\"name\":\"Minge de juc\u0103rie interactiv\u0103 electronic\u0103 pentru pisici cu \u00eenc\u0103rcare USB, Gonga\u00ae | ZOKO\",\"isPartOf\":{\"@id\":\"https:\/\/www.zoko.ro\/#website\"},\"primaryImageOfPage\":{\"@id\":\"https:\/\/www.zoko.ro\/p\/minge-de-jucarie-interactiva-electronica-pentru-pisici-cu-incarcare-usb-gonga\/#primaryimage\"},\"image\":{\"@id\":\"https:\/\/www.zoko.ro\/p\/minge-de-jucarie-interactiva-electronica-pentru-pisici-cu-incarcare-usb-gonga\/#primaryimage\"},\"thumbnailUrl\":\"https:\/\/www.zoko.ro\/wp-content\/uploads\/2025\/12\/minge-de-jucarie-interactiva-electronica-pentru-pisici-cu-incarcare-usb-gonga.jpg\",\"datePublished\":\"2026-04-28T21:34:53+00:00\",\"breadcrumb\":{\"@id\":\"https:\/\/www.zoko.ro\/p\/minge-de-jucarie-interactiva-electronica-pentru-pisici-cu-incarcare-usb-gonga\/#breadcrumb\"},\"inLanguage\":\"en-GB\",\"potentialAction\":[{\"@type\":\"ReadAction\",\"target\":[\"https:\/\/www.zoko.ro\/p\/minge-de-jucarie-interactiva-electronica-pentru-pisici-cu-incarcare-usb-gonga\/\"]}]},{\"@type\":\"ImageObject\",\"inLanguage\":\"en-GB\",\"@id\":\"https:\/\/www.zoko.ro\/p\/minge-de-jucarie-interactiva-electronica-pentru-pisici-cu-incarcare-usb-gonga\/#primaryimage\",\"url\":\"https:\/\/www.zoko.ro\/wp-content\/uploads\/2025\/12\/minge-de-jucarie-interactiva-electronica-pentru-pisici-cu-incarcare-usb-gonga.jpg\",\"contentUrl\":\"https:\/\/www.zoko.ro\/wp-content\/uploads\/2025\/12\/minge-de-jucarie-interactiva-electronica-pentru-pisici-cu-incarcare-usb-gonga.jpg\",\"width\":798,\"height\":792},{\"@type\":\"BreadcrumbList\",\"@id\":\"https:\/\/www.zoko.ro\/p\/minge-de-jucarie-interactiva-electronica-pentru-pisici-cu-incarcare-usb-gonga\/#breadcrumb\",\"itemListElement\":[{\"@type\":\"ListItem\",\"position\":1,\"name\":\"Home\",\"item\":\"https:\/\/www.zoko.ro\/\"},{\"@type\":\"ListItem\",\"position\":2,\"name\":\"Magazin\",\"item\":\"https:\/\/www.zoko.ro\/magazin\/\"},{\"@type\":\"ListItem\",\"position\":3,\"name\":\"Minge de juc\u0103rie interactiv\u0103 electronic\u0103 pentru pisici cu \u00eenc\u0103rcare USB, Gonga\u00ae\"}]},{\"@type\":\"WebSite\",\"@id\":\"https:\/\/www.zoko.ro\/#website\",\"url\":\"https:\/\/www.zoko.ro\/\",\"name\":\"ZOKO.ro\",\"description\":\"Cump\u0103r\u0103 inteligent\",\"publisher\":{\"@id\":\"https:\/\/www.zoko.ro\/#organization\"},\"potentialAction\":[{\"@type\":\"SearchAction\",\"target\":{\"@type\":\"EntryPoint\",\"urlTemplate\":\"https:\/\/www.zoko.ro\/?s={search_term_string}\"},\"query-input\":{\"@type\":\"PropertyValueSpecification\",\"valueRequired\":true,\"valueName\":\"search_term_string\"}}],\"inLanguage\":\"en-GB\"},{\"@type\":\"Organization\",\"@id\":\"https:\/\/www.zoko.ro\/#organization\",\"name\":\"ZOKO\",\"url\":\"https:\/\/www.zoko.ro\/\",\"logo\":{\"@type\":\"ImageObject\",\"inLanguage\":\"en-GB\",\"@id\":\"https:\/\/www.zoko.ro\/#\/schema\/logo\/image\/\",\"url\":\"https:\/\/www.zoko.ro\/wp-content\/uploads\/2025\/03\/logo1.svg\",\"contentUrl\":\"https:\/\/www.zoko.ro\/wp-content\/uploads\/2025\/03\/logo1.svg\",\"width\":799,\"height\":216,\"caption\":\"ZOKO\"},\"image\":{\"@id\":\"https:\/\/www.zoko.ro\/#\/schema\/logo\/image\/\"},\"sameAs\":[\"https:\/\/www.facebook.com\/profile.php?id=61584344135075\"]}]}<\/script>\n<!-- \/ Yoast SEO plugin. -->","yoast_head_json":{"title":"Minge de juc\u0103rie interactiv\u0103 electronic\u0103 pentru pisici cu \u00eenc\u0103rcare USB, Gonga\u00ae | ZOKO","robots":{"index":"index","follow":"follow","max-snippet":"max-snippet:-1","max-image-preview":"max-image-preview:large","max-video-preview":"max-video-preview:-1"},"canonical":"https:\/\/www.zoko.ro\/en\/p\/minge-de-jucarie-interactiva-electronica-pentru-pisici-cu-incarcare-usb-gonga\/","og_locale":"en_GB","og_type":"article","og_title":"Minge de juc\u0103rie interactiv\u0103 electronic\u0103 pentru pisici cu \u00eenc\u0103rcare USB, Gonga\u00ae | ZOKO","og_description":"Culoare: Verde Cel mai recent model de minge interactiv\u0103 pentru pisici &#8211; chiar mai mic\u0103, mai silentioas\u0103 \u0219i profilat\u0103 corespunz\u0103tor","og_url":"https:\/\/www.zoko.ro\/en\/p\/minge-de-jucarie-interactiva-electronica-pentru-pisici-cu-incarcare-usb-gonga\/","og_site_name":"ZOKO","article_publisher":"https:\/\/www.facebook.com\/profile.php?id=61584344135075","og_image":[{"width":798,"height":792,"url":"https:\/\/www.zoko.ro\/wp-content\/uploads\/2025\/12\/minge-de-jucarie-interactiva-electronica-pentru-pisici-cu-incarcare-usb-gonga.jpg","type":"image\/png"}],"twitter_card":"summary_large_image","twitter_misc":{"Estimated reading time":"2 minutes"},"schema":{"@context":"https:\/\/schema.org","@graph":[{"@type":"WebPage","@id":"https:\/\/www.zoko.ro\/p\/minge-de-jucarie-interactiva-electronica-pentru-pisici-cu-incarcare-usb-gonga\/","url":"https:\/\/www.zoko.ro\/p\/minge-de-jucarie-interactiva-electronica-pentru-pisici-cu-incarcare-usb-gonga\/","name":"Minge de juc\u0103rie interactiv\u0103 electronic\u0103 pentru pisici cu \u00eenc\u0103rcare USB, Gonga\u00ae | ZOKO","isPartOf":{"@id":"https:\/\/www.zoko.ro\/#website"},"primaryImageOfPage":{"@id":"https:\/\/www.zoko.ro\/p\/minge-de-jucarie-interactiva-electronica-pentru-pisici-cu-incarcare-usb-gonga\/#primaryimage"},"image":{"@id":"https:\/\/www.zoko.ro\/p\/minge-de-jucarie-interactiva-electronica-pentru-pisici-cu-incarcare-usb-gonga\/#primaryimage"},"thumbnailUrl":"https:\/\/www.zoko.ro\/wp-content\/uploads\/2025\/12\/minge-de-jucarie-interactiva-electronica-pentru-pisici-cu-incarcare-usb-gonga.jpg","datePublished":"2026-04-28T21:34:53+00:00","breadcrumb":{"@id":"https:\/\/www.zoko.ro\/p\/minge-de-jucarie-interactiva-electronica-pentru-pisici-cu-incarcare-usb-gonga\/#breadcrumb"},"inLanguage":"en-GB","potentialAction":[{"@type":"ReadAction","target":["https:\/\/www.zoko.ro\/p\/minge-de-jucarie-interactiva-electronica-pentru-pisici-cu-incarcare-usb-gonga\/"]}]},{"@type":"ImageObject","inLanguage":"en-GB","@id":"https:\/\/www.zoko.ro\/p\/minge-de-jucarie-interactiva-electronica-pentru-pisici-cu-incarcare-usb-gonga\/#primaryimage","url":"https:\/\/www.zoko.ro\/wp-content\/uploads\/2025\/12\/minge-de-jucarie-interactiva-electronica-pentru-pisici-cu-incarcare-usb-gonga.jpg","contentUrl":"https:\/\/www.zoko.ro\/wp-content\/uploads\/2025\/12\/minge-de-jucarie-interactiva-electronica-pentru-pisici-cu-incarcare-usb-gonga.jpg","width":798,"height":792},{"@type":"BreadcrumbList","@id":"https:\/\/www.zoko.ro\/p\/minge-de-jucarie-interactiva-electronica-pentru-pisici-cu-incarcare-usb-gonga\/#breadcrumb","itemListElement":[{"@type":"ListItem","position":1,"name":"Home","item":"https:\/\/www.zoko.ro\/"},{"@type":"ListItem","position":2,"name":"Magazin","item":"https:\/\/www.zoko.ro\/magazin\/"},{"@type":"ListItem","position":3,"name":"Minge de juc\u0103rie interactiv\u0103 electronic\u0103 pentru pisici cu \u00eenc\u0103rcare USB, Gonga\u00ae"}]},{"@type":"WebSite","@id":"https:\/\/www.zoko.ro\/#website","url":"https:\/\/www.zoko.ro\/","name":"ZOKO.ro","description":"Cump\u0103r\u0103 inteligent","publisher":{"@id":"https:\/\/www.zoko.ro\/#organization"},"potentialAction":[{"@type":"SearchAction","target":{"@type":"EntryPoint","urlTemplate":"https:\/\/www.zoko.ro\/?s={search_term_string}"},"query-input":{"@type":"PropertyValueSpecification","valueRequired":true,"valueName":"search_term_string"}}],"inLanguage":"en-GB"},{"@type":"Organization","@id":"https:\/\/www.zoko.ro\/#organization","name":"ZOKO","url":"https:\/\/www.zoko.ro\/","logo":{"@type":"ImageObject","inLanguage":"en-GB","@id":"https:\/\/www.zoko.ro\/#\/schema\/logo\/image\/","url":"https:\/\/www.zoko.ro\/wp-content\/uploads\/2025\/03\/logo1.svg","contentUrl":"https:\/\/www.zoko.ro\/wp-content\/uploads\/2025\/03\/logo1.svg","width":799,"height":216,"caption":"ZOKO"},"image":{"@id":"https:\/\/www.zoko.ro\/#\/schema\/logo\/image\/"},"sameAs":["https:\/\/www.facebook.com\/profile.php?id=61584344135075"]}]}},"_links":{"self":[{"href":"https:\/\/www.zoko.ro\/en\/wp-json\/wp\/v2\/product\/32812","targetHints":{"allow":["GET"]}}],"collection":[{"href":"https:\/\/www.zoko.ro\/en\/wp-json\/wp\/v2\/product"}],"about":[{"href":"https:\/\/www.zoko.ro\/en\/wp-json\/wp\/v2\/types\/product"}],"replies":[{"embeddable":true,"href":"https:\/\/www.zoko.ro\/en\/wp-json\/wp\/v2\/comments?post=32812"}],"version-history":[{"count":1,"href":"https:\/\/www.zoko.ro\/en\/wp-json\/wp\/v2\/product\/32812\/revisions"}],"predecessor-version":[{"id":38366,"href":"https:\/\/www.zoko.ro\/en\/wp-json\/wp\/v2\/product\/32812\/revisions\/38366"}],"wp:featuredmedia":[{"embeddable":true,"href":"https:\/\/www.zoko.ro\/en\/wp-json\/wp\/v2\/media\/32813"}],"wp:attachment":[{"href":"https:\/\/www.zoko.ro\/en\/wp-json\/wp\/v2\/media?parent=32812"}],"wp:term":[{"taxonomy":"product_brand","embeddable":true,"href":"https:\/\/www.zoko.ro\/en\/wp-json\/wp\/v2\/product_brand?post=32812"},{"taxonomy":"product_cat","embeddable":true,"href":"https:\/\/www.zoko.ro\/en\/wp-json\/wp\/v2\/product_cat?post=32812"},{"taxonomy":"product_tag","embeddable":true,"href":"https:\/\/www.zoko.ro\/en\/wp-json\/wp\/v2\/product_tag?post=32812"}],"curies":[{"name":"wp","href":"https:\/\/api.w.org\/{rel}","templated":true}]}}