{"id":32833,"date":"2026-04-28T23:34:54","date_gmt":"2026-04-28T21:34:54","guid":{"rendered":"https:\/\/www.zoko.ro\/p\/lampa-de-veghe-3-moduri-de-iluminare-cu-panou-transparent-pentru-tabla-de-scris-si-pix-gonga\/"},"modified":"2026-04-28T23:34:54","modified_gmt":"2026-04-28T21:34:54","slug":"lampa-de-veghe-3-moduri-de-iluminare-cu-panou-transparent-pentru-tabla-de-scris-si-pix-gonga","status":"publish","type":"product","link":"https:\/\/www.zoko.ro\/en\/p\/lampa-de-veghe-3-moduri-de-iluminare-cu-panou-transparent-pentru-tabla-de-scris-si-pix-gonga\/","title":{"rendered":"Lampa de veghe, 3 moduri de iluminare, cu panou transparent pentru tabla de scris si pix, Gonga\u00ae"},"content":{"rendered":"<p><strong>Culoare:<\/strong> Transparent<\/p>\n<p class=\"p1\" style=\"margin:0px;font-size:13px;line-height:normal;font-family:'Helvetica Neue';\">O lamp\u0103 de noapte cu capacitatea de a scrie este\u00a0\u00a0<b>un gadget grozav<\/b>\u00a0datorit\u0103 c\u0103ruia putem nota eficient\u00a0\u00a0<b>cele mai importante sarcini<\/b>\u00a0\u00a0de f\u0103cut \u00een timpul zilei sau putem oferi\u00a0<b>\u00a0o surpriz\u0103 pl\u0103cut\u0103<\/b>\u00a0\u00a0celor dragi.<\/p>\n<p class=\"p1\" style=\"margin:0px;font-size:13px;line-height:normal;font-family:'Helvetica Neue';\">\n<p class=\"p1\" style=\"margin:0px;font-size:13px;line-height:normal;font-family:'Helvetica Neue';\">\u2714\ufe0f Alimentata de\u00a0\u00a0<b>un cablu USB,<\/b>\u00a0lampa are un panou transparent care poate fi montat\u00a0<b>usor si rapid<\/b>\u00a0pe un suport luminos. Datorit\u0103 acestui fapt, tot ce este scris sau desenat pe el va fi\u00a0<b>prezentat \u00eentr-un mod unic<\/b>\u00a0.<\/p>\n<p class=\"p1\" style=\"margin:0px;font-size:13px;line-height:normal;font-family:'Helvetica Neue';\">\n<p class=\"p1\" style=\"margin:0px;font-size:13px;line-height:normal;font-family:'Helvetica Neue';\">\u2714\ufe0f Lampa\u00a0\u00a0<b>este iluminat\u0103 \u00een trei culori diferite: natural cald, natural rece \u0219i albastru<\/b>\u00a0. Tot ce trebuie s\u0103 face\u021bi este s\u0103 selecta\u021bi nuan\u021ba potrivit\u0103 pe telecomanda situat\u0103 pe cablul de alimentare. Datorit\u0103 acestui fapt,\u00a0<b>\u00a0lampa se va adapta perfect decorului oric\u0103rui mediu<\/b>\u00a0.<\/p>\n<p class=\"p1\" style=\"margin:0px;font-size:13px;line-height:normal;font-family:'Helvetica Neue';\">\n<p class=\"p1\" style=\"margin:0px;font-size:13px;line-height:normal;font-family:'Helvetica Neue';\">\u2714\ufe0f Setul include \u0219i\u00a0\u00a0<b>un marker alb cu burete<\/b>\u00a0. Totul a fost ambalat \u00eentr\u00a0\u00a0<b>-o cutie decorativ\u0103<\/b>\u00a0, perfect\u0103 pentru un cadou.<\/p>\n<p class=\"p2\" style=\"margin:0px 0px 2px;font-size:16px;line-height:normal;font-family:'Helvetica Neue';\"><b>Caracteristici:<\/b><\/p>\n<ul class=\"ul1\" style=\"font-size:medium;\">\n<li class=\"li1\" style=\"margin:0px;font-size:13px;line-height:normal;font-family:'Helvetica Neue';\"><span class=\"s1\" style=\"font-size:9px;line-height:normal;font-family:Menlo;\"><\/span>iluminarea uniform\u0103 a l\u0103mpii face ca fiecare\u00a0\u00a0<b>inscrip\u021bie de pe panou s\u0103 arate excep\u021bional de elegant\u0103<\/b>\u00a0;<\/li>\n<li class=\"li1\" style=\"margin:0px;font-size:13px;line-height:normal;font-family:'Helvetica Neue';\"><span class=\"s1\" style=\"font-size:9px;line-height:normal;font-family:Menlo;\"><\/span>utilizatorul poate alege\u00a0\u00a0<b>dintre 3 variante diferite de culoare de fundal:\u00a0<\/b>\u00a0<b>natural cald, natural rece \u0219i albastru<\/b>\u00a0;<\/li>\n<li class=\"li1\" style=\"margin:0px;font-size:13px;line-height:normal;font-family:'Helvetica Neue';\"><span class=\"s1\" style=\"font-size:9px;line-height:normal;font-family:Menlo;\"><\/span>datorit\u0103 diverselor variante de culoare,\u00a0\u00a0<b>lampa se va adapta perfect decorului oric\u0103rui mediu<\/b>\u00a0;<\/li>\n<li class=\"li1\" style=\"margin:0px;font-size:13px;line-height:normal;font-family:'Helvetica Neue';\"><span class=\"s1\" style=\"font-size:9px;line-height:normal;font-family:Menlo;\"><\/span><b>po\u021bi desena sau picta orice vrei<\/b>\u00a0pe panoul transparent\u00a0\u00a0;<\/li>\n<li class=\"li1\" style=\"margin:0px;font-size:13px;line-height:normal;font-family:'Helvetica Neue';\"><span class=\"s1\" style=\"font-size:9px;line-height:normal;font-family:Menlo;\"><\/span>conexiune convenabil\u0103\u00a0\u00a0<b>prin cablu USB<\/b>\u00a0\u00a0&#8211; pute\u021bi conecta lampa \u00een aproape orice condi\u021bii (adaptorul nu este inclus);<\/li>\n<li class=\"li1\" style=\"margin:0px;font-size:13px;line-height:normal;font-family:'Helvetica Neue';\"><span class=\"s1\" style=\"font-size:9px;line-height:normal;font-family:Menlo;\"><\/span>setul include, de asemenea,\u00a0\u00a0<b>un marker alb cu un burete confortabil<\/b>\u00a0;<\/li>\n<li class=\"li1\" style=\"margin:0px;font-size:13px;line-height:normal;font-family:'Helvetica Neue';\"><span class=\"s1\" style=\"font-size:9px;line-height:normal;font-family:Menlo;\"><\/span><b>panoul transparent<\/b>\u00a0\u00a0a fost atent protejat in timpul transportului;<\/li>\n<li class=\"li1\" style=\"margin:0px;font-size:13px;line-height:normal;font-family:'Helvetica Neue';\"><span class=\"s1\" style=\"font-size:9px;line-height:normal;font-family:Menlo;\"><\/span>totul a fost ambalat \u00eentr\u00a0\u00a0<b>-o cutie decorativ\u0103<\/b>\u00a0, perfect\u0103 pentru un cadou.<\/li>\n<\/ul>\n<p class=\"p2\" style=\"margin:0px 0px 2px;font-size:16px;line-height:normal;font-family:'Helvetica Neue';\"><b>Caietul de sarcini:<\/b><\/p>\n<ul class=\"ul1\" style=\"font-size:medium;\">\n<li class=\"li1\" style=\"margin:0px;font-size:13px;line-height:normal;font-family:'Helvetica Neue';\"><span class=\"s1\" style=\"font-size:9px;line-height:normal;font-family:Menlo;\"><\/span><b>tensiune de intrare: 5V;<\/b><\/li>\n<li class=\"li1\" style=\"margin:0px;font-size:13px;line-height:normal;font-family:'Helvetica Neue';\"><span class=\"s1\" style=\"font-size:9px;line-height:normal;font-family:Menlo;\"><\/span><b>dimensiuni panou: 15 x 10cm;<\/b><\/li>\n<li class=\"li1\" style=\"margin:0px;font-size:13px;line-height:normal;font-family:'Helvetica Neue';\"><span class=\"s1\" style=\"font-size:9px;line-height:normal;font-family:Menlo;\"><\/span><b>greutate produs: 200 g.<\/b><\/li>\n<\/ul>\n<p class=\"p2\" style=\"margin:0px 0px 2px;font-size:16px;line-height:normal;font-family:'Helvetica Neue';\"><b>Setul include:<\/b><\/p>\n<ul class=\"ul1\" style=\"font-size:medium;\">\n<li class=\"li1\" style=\"margin:0px;font-size:13px;line-height:normal;font-family:'Helvetica Neue';\"><span class=\"s1\" style=\"font-size:9px;line-height:normal;font-family:Menlo;\"><\/span><b>1x panou transparent;<\/b><\/li>\n<li class=\"li1\" style=\"margin:0px;font-size:13px;line-height:normal;font-family:'Helvetica Neue';\"><span class=\"s1\" style=\"font-size:9px;line-height:normal;font-family:Menlo;\"><\/span><b>1x tampon de iluminare;<\/b><\/li>\n<li class=\"li1\" style=\"margin:0px;font-size:13px;line-height:normal;font-family:'Helvetica Neue';\"><span class=\"s1\" style=\"font-size:9px;line-height:normal;font-family:Menlo;\"><\/span><b>1x marker cu burete alb;<\/b><\/li>\n<li class=\"li1\" style=\"margin:0px;font-size:13px;line-height:normal;font-family:'Helvetica Neue';\"><span class=\"s1\" style=\"font-size:9px;line-height:normal;font-family:Menlo;\"><\/span><b>1x cablu USB;<\/b><\/li>\n<li class=\"li1\" style=\"margin:0px;font-size:13px;line-height:normal;font-family:'Helvetica Neue';\"><span class=\"s1\" style=\"font-size:9px;line-height:normal;font-family:Menlo;\"><\/span><b>1x cutie cadou.<\/b><\/li>\n<\/ul>\n<p class=\"p4\" style=\"margin:0px 0px 2px;text-align:center;font-size:16px;line-height:normal;font-family:'Helvetica Neue';min-height:19px;\"><b><\/b><\/p>","protected":false},"excerpt":{"rendered":"<p>Culoare: Transparent O lamp\u0103 de noapte cu capacitatea de a scrie este\u00a0\u00a0un gadget grozav\u00a0datorit\u0103 c\u0103ruia putem nota eficient\u00a0\u00a0cele mai importante<\/p>","protected":false},"featured_media":32834,"comment_status":"open","ping_status":"open","template":"","meta":[],"product_brand":[],"product_cat":[99,342,372],"product_tag":[104],"class_list":{"0":"post-32833","1":"product","2":"type-product","3":"status-publish","4":"has-post-thumbnail","6":"product_cat-acasa","7":"product_cat-cadouri","8":"product_cat-cadouri-de-casa-noua","9":"product_tag-in-stoc","10":"pa_culoare-transparent","12":"first","13":"instock","14":"sale","15":"purchasable","16":"product-type-simple"},"yoast_head":"<!-- This site is optimized with the Yoast SEO plugin v27.2 - https:\/\/yoast.com\/product\/yoast-seo-wordpress\/ -->\n<title>Lampa de veghe, 3 moduri de iluminare, cu panou transparent pentru tabla de scris si pix, Gonga\u00ae | ZOKO<\/title>\n<meta name=\"robots\" content=\"index, follow, max-snippet:-1, max-image-preview:large, max-video-preview:-1\" \/>\n<link rel=\"canonical\" href=\"https:\/\/www.zoko.ro\/en\/p\/lampa-de-veghe-3-moduri-de-iluminare-cu-panou-transparent-pentru-tabla-de-scris-si-pix-gonga\/\" \/>\n<meta property=\"og:locale\" content=\"en_GB\" \/>\n<meta property=\"og:type\" content=\"article\" \/>\n<meta property=\"og:title\" content=\"Lampa de veghe, 3 moduri de iluminare, cu panou transparent pentru tabla de scris si pix, Gonga\u00ae | ZOKO\" \/>\n<meta property=\"og:description\" content=\"Culoare: Transparent O lamp\u0103 de noapte cu capacitatea de a scrie este\u00a0\u00a0un gadget grozav\u00a0datorit\u0103 c\u0103ruia putem nota eficient\u00a0\u00a0cele mai importante\" \/>\n<meta property=\"og:url\" content=\"https:\/\/www.zoko.ro\/en\/p\/lampa-de-veghe-3-moduri-de-iluminare-cu-panou-transparent-pentru-tabla-de-scris-si-pix-gonga\/\" \/>\n<meta property=\"og:site_name\" content=\"ZOKO\" \/>\n<meta property=\"article:publisher\" content=\"https:\/\/www.facebook.com\/profile.php?id=61584344135075\" \/>\n<meta property=\"og:image\" content=\"https:\/\/www.zoko.ro\/wp-content\/uploads\/2025\/12\/lampa-de-veghe-3-moduri-de-iluminare-cu-panou-transparent-pentru-tabla-de-scris-si-pix-gonga.jpg\" \/>\n\t<meta property=\"og:image:width\" content=\"1986\" \/>\n\t<meta property=\"og:image:height\" content=\"1992\" \/>\n\t<meta property=\"og:image:type\" content=\"image\/png\" \/>\n<meta name=\"twitter:card\" content=\"summary_large_image\" \/>\n<meta name=\"twitter:label1\" content=\"Estimated reading time\" \/>\n\t<meta name=\"twitter:data1\" content=\"1 minute\" \/>\n<script type=\"application\/ld+json\" class=\"yoast-schema-graph\">{\"@context\":\"https:\/\/schema.org\",\"@graph\":[{\"@type\":\"WebPage\",\"@id\":\"https:\/\/www.zoko.ro\/p\/lampa-de-veghe-3-moduri-de-iluminare-cu-panou-transparent-pentru-tabla-de-scris-si-pix-gonga\/\",\"url\":\"https:\/\/www.zoko.ro\/p\/lampa-de-veghe-3-moduri-de-iluminare-cu-panou-transparent-pentru-tabla-de-scris-si-pix-gonga\/\",\"name\":\"Lampa de veghe, 3 moduri de iluminare, cu panou transparent pentru tabla de scris si pix, Gonga\u00ae | ZOKO\",\"isPartOf\":{\"@id\":\"https:\/\/www.zoko.ro\/#website\"},\"primaryImageOfPage\":{\"@id\":\"https:\/\/www.zoko.ro\/p\/lampa-de-veghe-3-moduri-de-iluminare-cu-panou-transparent-pentru-tabla-de-scris-si-pix-gonga\/#primaryimage\"},\"image\":{\"@id\":\"https:\/\/www.zoko.ro\/p\/lampa-de-veghe-3-moduri-de-iluminare-cu-panou-transparent-pentru-tabla-de-scris-si-pix-gonga\/#primaryimage\"},\"thumbnailUrl\":\"https:\/\/www.zoko.ro\/wp-content\/uploads\/2025\/12\/lampa-de-veghe-3-moduri-de-iluminare-cu-panou-transparent-pentru-tabla-de-scris-si-pix-gonga.jpg\",\"datePublished\":\"2026-04-28T21:34:54+00:00\",\"breadcrumb\":{\"@id\":\"https:\/\/www.zoko.ro\/p\/lampa-de-veghe-3-moduri-de-iluminare-cu-panou-transparent-pentru-tabla-de-scris-si-pix-gonga\/#breadcrumb\"},\"inLanguage\":\"en-GB\",\"potentialAction\":[{\"@type\":\"ReadAction\",\"target\":[\"https:\/\/www.zoko.ro\/p\/lampa-de-veghe-3-moduri-de-iluminare-cu-panou-transparent-pentru-tabla-de-scris-si-pix-gonga\/\"]}]},{\"@type\":\"ImageObject\",\"inLanguage\":\"en-GB\",\"@id\":\"https:\/\/www.zoko.ro\/p\/lampa-de-veghe-3-moduri-de-iluminare-cu-panou-transparent-pentru-tabla-de-scris-si-pix-gonga\/#primaryimage\",\"url\":\"https:\/\/www.zoko.ro\/wp-content\/uploads\/2025\/12\/lampa-de-veghe-3-moduri-de-iluminare-cu-panou-transparent-pentru-tabla-de-scris-si-pix-gonga.jpg\",\"contentUrl\":\"https:\/\/www.zoko.ro\/wp-content\/uploads\/2025\/12\/lampa-de-veghe-3-moduri-de-iluminare-cu-panou-transparent-pentru-tabla-de-scris-si-pix-gonga.jpg\",\"width\":1986,\"height\":1992},{\"@type\":\"BreadcrumbList\",\"@id\":\"https:\/\/www.zoko.ro\/p\/lampa-de-veghe-3-moduri-de-iluminare-cu-panou-transparent-pentru-tabla-de-scris-si-pix-gonga\/#breadcrumb\",\"itemListElement\":[{\"@type\":\"ListItem\",\"position\":1,\"name\":\"Home\",\"item\":\"https:\/\/www.zoko.ro\/\"},{\"@type\":\"ListItem\",\"position\":2,\"name\":\"Magazin\",\"item\":\"https:\/\/www.zoko.ro\/magazin\/\"},{\"@type\":\"ListItem\",\"position\":3,\"name\":\"Lampa de veghe, 3 moduri de iluminare, cu panou transparent pentru tabla de scris si pix, Gonga\u00ae\"}]},{\"@type\":\"WebSite\",\"@id\":\"https:\/\/www.zoko.ro\/#website\",\"url\":\"https:\/\/www.zoko.ro\/\",\"name\":\"ZOKO.ro\",\"description\":\"Cump\u0103r\u0103 inteligent\",\"publisher\":{\"@id\":\"https:\/\/www.zoko.ro\/#organization\"},\"potentialAction\":[{\"@type\":\"SearchAction\",\"target\":{\"@type\":\"EntryPoint\",\"urlTemplate\":\"https:\/\/www.zoko.ro\/?s={search_term_string}\"},\"query-input\":{\"@type\":\"PropertyValueSpecification\",\"valueRequired\":true,\"valueName\":\"search_term_string\"}}],\"inLanguage\":\"en-GB\"},{\"@type\":\"Organization\",\"@id\":\"https:\/\/www.zoko.ro\/#organization\",\"name\":\"ZOKO\",\"url\":\"https:\/\/www.zoko.ro\/\",\"logo\":{\"@type\":\"ImageObject\",\"inLanguage\":\"en-GB\",\"@id\":\"https:\/\/www.zoko.ro\/#\/schema\/logo\/image\/\",\"url\":\"https:\/\/www.zoko.ro\/wp-content\/uploads\/2025\/03\/logo1.svg\",\"contentUrl\":\"https:\/\/www.zoko.ro\/wp-content\/uploads\/2025\/03\/logo1.svg\",\"width\":799,\"height\":216,\"caption\":\"ZOKO\"},\"image\":{\"@id\":\"https:\/\/www.zoko.ro\/#\/schema\/logo\/image\/\"},\"sameAs\":[\"https:\/\/www.facebook.com\/profile.php?id=61584344135075\"]}]}<\/script>\n<!-- \/ Yoast SEO plugin. -->","yoast_head_json":{"title":"Lampa de veghe, 3 moduri de iluminare, cu panou transparent pentru tabla de scris si pix, Gonga\u00ae | ZOKO","robots":{"index":"index","follow":"follow","max-snippet":"max-snippet:-1","max-image-preview":"max-image-preview:large","max-video-preview":"max-video-preview:-1"},"canonical":"https:\/\/www.zoko.ro\/en\/p\/lampa-de-veghe-3-moduri-de-iluminare-cu-panou-transparent-pentru-tabla-de-scris-si-pix-gonga\/","og_locale":"en_GB","og_type":"article","og_title":"Lampa de veghe, 3 moduri de iluminare, cu panou transparent pentru tabla de scris si pix, Gonga\u00ae | ZOKO","og_description":"Culoare: Transparent O lamp\u0103 de noapte cu capacitatea de a scrie este\u00a0\u00a0un gadget grozav\u00a0datorit\u0103 c\u0103ruia putem nota eficient\u00a0\u00a0cele mai importante","og_url":"https:\/\/www.zoko.ro\/en\/p\/lampa-de-veghe-3-moduri-de-iluminare-cu-panou-transparent-pentru-tabla-de-scris-si-pix-gonga\/","og_site_name":"ZOKO","article_publisher":"https:\/\/www.facebook.com\/profile.php?id=61584344135075","og_image":[{"width":1986,"height":1992,"url":"https:\/\/www.zoko.ro\/wp-content\/uploads\/2025\/12\/lampa-de-veghe-3-moduri-de-iluminare-cu-panou-transparent-pentru-tabla-de-scris-si-pix-gonga.jpg","type":"image\/png"}],"twitter_card":"summary_large_image","twitter_misc":{"Estimated reading time":"1 minute"},"schema":{"@context":"https:\/\/schema.org","@graph":[{"@type":"WebPage","@id":"https:\/\/www.zoko.ro\/p\/lampa-de-veghe-3-moduri-de-iluminare-cu-panou-transparent-pentru-tabla-de-scris-si-pix-gonga\/","url":"https:\/\/www.zoko.ro\/p\/lampa-de-veghe-3-moduri-de-iluminare-cu-panou-transparent-pentru-tabla-de-scris-si-pix-gonga\/","name":"Lampa de veghe, 3 moduri de iluminare, cu panou transparent pentru tabla de scris si pix, Gonga\u00ae | ZOKO","isPartOf":{"@id":"https:\/\/www.zoko.ro\/#website"},"primaryImageOfPage":{"@id":"https:\/\/www.zoko.ro\/p\/lampa-de-veghe-3-moduri-de-iluminare-cu-panou-transparent-pentru-tabla-de-scris-si-pix-gonga\/#primaryimage"},"image":{"@id":"https:\/\/www.zoko.ro\/p\/lampa-de-veghe-3-moduri-de-iluminare-cu-panou-transparent-pentru-tabla-de-scris-si-pix-gonga\/#primaryimage"},"thumbnailUrl":"https:\/\/www.zoko.ro\/wp-content\/uploads\/2025\/12\/lampa-de-veghe-3-moduri-de-iluminare-cu-panou-transparent-pentru-tabla-de-scris-si-pix-gonga.jpg","datePublished":"2026-04-28T21:34:54+00:00","breadcrumb":{"@id":"https:\/\/www.zoko.ro\/p\/lampa-de-veghe-3-moduri-de-iluminare-cu-panou-transparent-pentru-tabla-de-scris-si-pix-gonga\/#breadcrumb"},"inLanguage":"en-GB","potentialAction":[{"@type":"ReadAction","target":["https:\/\/www.zoko.ro\/p\/lampa-de-veghe-3-moduri-de-iluminare-cu-panou-transparent-pentru-tabla-de-scris-si-pix-gonga\/"]}]},{"@type":"ImageObject","inLanguage":"en-GB","@id":"https:\/\/www.zoko.ro\/p\/lampa-de-veghe-3-moduri-de-iluminare-cu-panou-transparent-pentru-tabla-de-scris-si-pix-gonga\/#primaryimage","url":"https:\/\/www.zoko.ro\/wp-content\/uploads\/2025\/12\/lampa-de-veghe-3-moduri-de-iluminare-cu-panou-transparent-pentru-tabla-de-scris-si-pix-gonga.jpg","contentUrl":"https:\/\/www.zoko.ro\/wp-content\/uploads\/2025\/12\/lampa-de-veghe-3-moduri-de-iluminare-cu-panou-transparent-pentru-tabla-de-scris-si-pix-gonga.jpg","width":1986,"height":1992},{"@type":"BreadcrumbList","@id":"https:\/\/www.zoko.ro\/p\/lampa-de-veghe-3-moduri-de-iluminare-cu-panou-transparent-pentru-tabla-de-scris-si-pix-gonga\/#breadcrumb","itemListElement":[{"@type":"ListItem","position":1,"name":"Home","item":"https:\/\/www.zoko.ro\/"},{"@type":"ListItem","position":2,"name":"Magazin","item":"https:\/\/www.zoko.ro\/magazin\/"},{"@type":"ListItem","position":3,"name":"Lampa de veghe, 3 moduri de iluminare, cu panou transparent pentru tabla de scris si pix, Gonga\u00ae"}]},{"@type":"WebSite","@id":"https:\/\/www.zoko.ro\/#website","url":"https:\/\/www.zoko.ro\/","name":"ZOKO.ro","description":"Cump\u0103r\u0103 inteligent","publisher":{"@id":"https:\/\/www.zoko.ro\/#organization"},"potentialAction":[{"@type":"SearchAction","target":{"@type":"EntryPoint","urlTemplate":"https:\/\/www.zoko.ro\/?s={search_term_string}"},"query-input":{"@type":"PropertyValueSpecification","valueRequired":true,"valueName":"search_term_string"}}],"inLanguage":"en-GB"},{"@type":"Organization","@id":"https:\/\/www.zoko.ro\/#organization","name":"ZOKO","url":"https:\/\/www.zoko.ro\/","logo":{"@type":"ImageObject","inLanguage":"en-GB","@id":"https:\/\/www.zoko.ro\/#\/schema\/logo\/image\/","url":"https:\/\/www.zoko.ro\/wp-content\/uploads\/2025\/03\/logo1.svg","contentUrl":"https:\/\/www.zoko.ro\/wp-content\/uploads\/2025\/03\/logo1.svg","width":799,"height":216,"caption":"ZOKO"},"image":{"@id":"https:\/\/www.zoko.ro\/#\/schema\/logo\/image\/"},"sameAs":["https:\/\/www.facebook.com\/profile.php?id=61584344135075"]}]}},"_links":{"self":[{"href":"https:\/\/www.zoko.ro\/en\/wp-json\/wp\/v2\/product\/32833","targetHints":{"allow":["GET"]}}],"collection":[{"href":"https:\/\/www.zoko.ro\/en\/wp-json\/wp\/v2\/product"}],"about":[{"href":"https:\/\/www.zoko.ro\/en\/wp-json\/wp\/v2\/types\/product"}],"replies":[{"embeddable":true,"href":"https:\/\/www.zoko.ro\/en\/wp-json\/wp\/v2\/comments?post=32833"}],"version-history":[{"count":1,"href":"https:\/\/www.zoko.ro\/en\/wp-json\/wp\/v2\/product\/32833\/revisions"}],"predecessor-version":[{"id":38369,"href":"https:\/\/www.zoko.ro\/en\/wp-json\/wp\/v2\/product\/32833\/revisions\/38369"}],"wp:featuredmedia":[{"embeddable":true,"href":"https:\/\/www.zoko.ro\/en\/wp-json\/wp\/v2\/media\/32834"}],"wp:attachment":[{"href":"https:\/\/www.zoko.ro\/en\/wp-json\/wp\/v2\/media?parent=32833"}],"wp:term":[{"taxonomy":"product_brand","embeddable":true,"href":"https:\/\/www.zoko.ro\/en\/wp-json\/wp\/v2\/product_brand?post=32833"},{"taxonomy":"product_cat","embeddable":true,"href":"https:\/\/www.zoko.ro\/en\/wp-json\/wp\/v2\/product_cat?post=32833"},{"taxonomy":"product_tag","embeddable":true,"href":"https:\/\/www.zoko.ro\/en\/wp-json\/wp\/v2\/product_tag?post=32833"}],"curies":[{"name":"wp","href":"https:\/\/api.w.org\/{rel}","templated":true}]}}