{"id":32914,"date":"2026-04-28T23:36:04","date_gmt":"2026-04-28T21:36:04","guid":{"rendered":"https:\/\/www.zoko.ro\/p\/set-6-piese-pentru-modelaj-sculptura-gonga\/"},"modified":"2026-04-28T23:36:04","modified_gmt":"2026-04-28T21:36:04","slug":"set-6-piese-pentru-modelaj-sculptura-gonga","status":"publish","type":"product","link":"https:\/\/www.zoko.ro\/en\/p\/set-6-piese-pentru-modelaj-sculptura-gonga\/","title":{"rendered":"Set 6 piese pentru modelaj\/sculptura, Gonga\u00ae"},"content":{"rendered":"<p><strong>Culoare:<\/strong> Argintiu<\/p>\n<p>Acest set de cu\u021bite este perfect pentru lucr\u0103ri de t\u0103iere precis\u0103, fiind util pentru modelare, bricolaj \u0219i diverse proiecte creative. Proiectat ergonomic \u0219i u\u0219or de utilizat, setul include lame de diferite forme pentru a satisface o gam\u0103 variat\u0103 de necesit\u0103\u021bi.<\/p>\n<p><strong>Caracteristici:<\/strong><\/p>\n<ul>\n<li>Varietate de lame: Setul con\u021bine 6 lame cu forme diferite pentru diverse aplica\u021bii.<\/li>\n<li>U\u0219or de utilizat: Lamele pot fi \u00eenlocuite rapid \u0219i f\u0103r\u0103 efort.<\/li>\n<li>M\u00e2ner universal: Include un m\u00e2ner ergonomic, compatibil cu toate lamele din set.<\/li>\n<li>Depozitare sigur\u0103: Cutia din plastic este prev\u0103zut\u0103 cu o band\u0103 magnetic\u0103 care fixeaz\u0103 lamele, \u00eempiedic\u00e2nd mi\u0219carea lor.<\/li>\n<li>Versatilitate: Potrivit pentru modelare, bricolaj, t\u0103ierea cartonului, PVC-ului, tapetului \u0219i altele.<\/li>\n<\/ul>\n<p><strong>Con\u021binutul setului:<\/strong><\/p>\n<ul>\n<li>1 cutie blocabil\u0103 cu band\u0103 magnetic\u0103 pentru fixarea lamelor.<\/li>\n<li>1 m\u00e2ner universal.<\/li>\n<li>6 lame plate, pentru t\u0103ieri precise \u0219i variate.<\/li>\n<\/ul>\n<p>Acest set este indispensabil pentru pasiona\u021bii de modelare \u0219i bricolaj, oferind precizie, confort \u0219i siguran\u021b\u0103!<\/p>\n<\/p>\n<p><strong>Specifica\u021bii:<\/strong><\/p>\n<p>&#8211; Material: Lame metalice de \u00eenalt\u0103 calitate, m\u00e2ner ergonomic din material durabil.<\/p>\n<p>&#8211; Dimensiuni m\u00e2ner: 9,5 cm x 0,8 cm x 0,8 cm.<\/p>","protected":false},"excerpt":{"rendered":"<p>Culoare: Argintiu Acest set de cu\u021bite este perfect pentru lucr\u0103ri de t\u0103iere precis\u0103, fiind util pentru modelare, bricolaj \u0219i diverse<\/p>","protected":false},"featured_media":32915,"comment_status":"open","ping_status":"open","template":"","meta":[],"product_brand":[],"product_cat":[99,333,334,396],"product_tag":[104],"class_list":{"0":"post-32914","1":"product","2":"type-product","3":"status-publish","4":"has-post-thumbnail","6":"product_cat-acasa","7":"product_cat-jucarii","8":"product_cat-jucarii-jocuri-educative","9":"product_cat-jucarii-creative-seturi-pictura-si-desen","10":"product_tag-in-stoc","11":"pa_culoare-argintiu","13":"first","14":"instock","15":"sale","16":"purchasable","17":"product-type-simple"},"yoast_head":"<!-- This site is optimized with the Yoast SEO plugin v27.2 - https:\/\/yoast.com\/product\/yoast-seo-wordpress\/ -->\n<title>Set 6 piese pentru modelaj\/sculptura, Gonga\u00ae | ZOKO<\/title>\n<meta name=\"robots\" content=\"index, follow, max-snippet:-1, max-image-preview:large, max-video-preview:-1\" \/>\n<link rel=\"canonical\" href=\"https:\/\/www.zoko.ro\/en\/p\/set-6-piese-pentru-modelaj-sculptura-gonga\/\" \/>\n<meta property=\"og:locale\" content=\"en_GB\" \/>\n<meta property=\"og:type\" content=\"article\" \/>\n<meta property=\"og:title\" content=\"Set 6 piese pentru modelaj\/sculptura, Gonga\u00ae | ZOKO\" \/>\n<meta property=\"og:description\" content=\"Culoare: Argintiu Acest set de cu\u021bite este perfect pentru lucr\u0103ri de t\u0103iere precis\u0103, fiind util pentru modelare, bricolaj \u0219i diverse\" \/>\n<meta property=\"og:url\" content=\"https:\/\/www.zoko.ro\/en\/p\/set-6-piese-pentru-modelaj-sculptura-gonga\/\" \/>\n<meta property=\"og:site_name\" content=\"ZOKO\" \/>\n<meta property=\"article:publisher\" content=\"https:\/\/www.facebook.com\/profile.php?id=61584344135075\" \/>\n<meta property=\"og:image\" content=\"https:\/\/www.zoko.ro\/wp-content\/uploads\/2025\/12\/set-6-piese-pentru-modelajsculptura-gonga-.jpg\" \/>\n\t<meta property=\"og:image:width\" content=\"819\" \/>\n\t<meta property=\"og:image:height\" content=\"1306\" \/>\n\t<meta property=\"og:image:type\" content=\"image\/jpeg\" \/>\n<meta name=\"twitter:card\" content=\"summary_large_image\" \/>\n<meta name=\"twitter:label1\" content=\"Estimated reading time\" \/>\n\t<meta name=\"twitter:data1\" content=\"1 minute\" \/>\n<script type=\"application\/ld+json\" class=\"yoast-schema-graph\">{\"@context\":\"https:\/\/schema.org\",\"@graph\":[{\"@type\":\"WebPage\",\"@id\":\"https:\/\/www.zoko.ro\/p\/set-6-piese-pentru-modelaj-sculptura-gonga\/\",\"url\":\"https:\/\/www.zoko.ro\/p\/set-6-piese-pentru-modelaj-sculptura-gonga\/\",\"name\":\"Set 6 piese pentru modelaj\/sculptura, Gonga\u00ae | ZOKO\",\"isPartOf\":{\"@id\":\"https:\/\/www.zoko.ro\/#website\"},\"primaryImageOfPage\":{\"@id\":\"https:\/\/www.zoko.ro\/p\/set-6-piese-pentru-modelaj-sculptura-gonga\/#primaryimage\"},\"image\":{\"@id\":\"https:\/\/www.zoko.ro\/p\/set-6-piese-pentru-modelaj-sculptura-gonga\/#primaryimage\"},\"thumbnailUrl\":\"https:\/\/www.zoko.ro\/wp-content\/uploads\/2025\/12\/set-6-piese-pentru-modelajsculptura-gonga-.jpg\",\"datePublished\":\"2026-04-28T21:36:04+00:00\",\"breadcrumb\":{\"@id\":\"https:\/\/www.zoko.ro\/p\/set-6-piese-pentru-modelaj-sculptura-gonga\/#breadcrumb\"},\"inLanguage\":\"en-GB\",\"potentialAction\":[{\"@type\":\"ReadAction\",\"target\":[\"https:\/\/www.zoko.ro\/p\/set-6-piese-pentru-modelaj-sculptura-gonga\/\"]}]},{\"@type\":\"ImageObject\",\"inLanguage\":\"en-GB\",\"@id\":\"https:\/\/www.zoko.ro\/p\/set-6-piese-pentru-modelaj-sculptura-gonga\/#primaryimage\",\"url\":\"https:\/\/www.zoko.ro\/wp-content\/uploads\/2025\/12\/set-6-piese-pentru-modelajsculptura-gonga-.jpg\",\"contentUrl\":\"https:\/\/www.zoko.ro\/wp-content\/uploads\/2025\/12\/set-6-piese-pentru-modelajsculptura-gonga-.jpg\",\"width\":819,\"height\":1306},{\"@type\":\"BreadcrumbList\",\"@id\":\"https:\/\/www.zoko.ro\/p\/set-6-piese-pentru-modelaj-sculptura-gonga\/#breadcrumb\",\"itemListElement\":[{\"@type\":\"ListItem\",\"position\":1,\"name\":\"Home\",\"item\":\"https:\/\/www.zoko.ro\/\"},{\"@type\":\"ListItem\",\"position\":2,\"name\":\"Magazin\",\"item\":\"https:\/\/www.zoko.ro\/magazin\/\"},{\"@type\":\"ListItem\",\"position\":3,\"name\":\"Set 6 piese pentru modelaj\/sculptura, Gonga\u00ae\"}]},{\"@type\":\"WebSite\",\"@id\":\"https:\/\/www.zoko.ro\/#website\",\"url\":\"https:\/\/www.zoko.ro\/\",\"name\":\"ZOKO.ro\",\"description\":\"Cump\u0103r\u0103 inteligent\",\"publisher\":{\"@id\":\"https:\/\/www.zoko.ro\/#organization\"},\"potentialAction\":[{\"@type\":\"SearchAction\",\"target\":{\"@type\":\"EntryPoint\",\"urlTemplate\":\"https:\/\/www.zoko.ro\/?s={search_term_string}\"},\"query-input\":{\"@type\":\"PropertyValueSpecification\",\"valueRequired\":true,\"valueName\":\"search_term_string\"}}],\"inLanguage\":\"en-GB\"},{\"@type\":\"Organization\",\"@id\":\"https:\/\/www.zoko.ro\/#organization\",\"name\":\"ZOKO\",\"url\":\"https:\/\/www.zoko.ro\/\",\"logo\":{\"@type\":\"ImageObject\",\"inLanguage\":\"en-GB\",\"@id\":\"https:\/\/www.zoko.ro\/#\/schema\/logo\/image\/\",\"url\":\"https:\/\/www.zoko.ro\/wp-content\/uploads\/2025\/03\/logo1.svg\",\"contentUrl\":\"https:\/\/www.zoko.ro\/wp-content\/uploads\/2025\/03\/logo1.svg\",\"width\":799,\"height\":216,\"caption\":\"ZOKO\"},\"image\":{\"@id\":\"https:\/\/www.zoko.ro\/#\/schema\/logo\/image\/\"},\"sameAs\":[\"https:\/\/www.facebook.com\/profile.php?id=61584344135075\"]}]}<\/script>\n<!-- \/ Yoast SEO plugin. -->","yoast_head_json":{"title":"Set 6 piese pentru modelaj\/sculptura, Gonga\u00ae | ZOKO","robots":{"index":"index","follow":"follow","max-snippet":"max-snippet:-1","max-image-preview":"max-image-preview:large","max-video-preview":"max-video-preview:-1"},"canonical":"https:\/\/www.zoko.ro\/en\/p\/set-6-piese-pentru-modelaj-sculptura-gonga\/","og_locale":"en_GB","og_type":"article","og_title":"Set 6 piese pentru modelaj\/sculptura, Gonga\u00ae | ZOKO","og_description":"Culoare: Argintiu Acest set de cu\u021bite este perfect pentru lucr\u0103ri de t\u0103iere precis\u0103, fiind util pentru modelare, bricolaj \u0219i diverse","og_url":"https:\/\/www.zoko.ro\/en\/p\/set-6-piese-pentru-modelaj-sculptura-gonga\/","og_site_name":"ZOKO","article_publisher":"https:\/\/www.facebook.com\/profile.php?id=61584344135075","og_image":[{"width":819,"height":1306,"url":"https:\/\/www.zoko.ro\/wp-content\/uploads\/2025\/12\/set-6-piese-pentru-modelajsculptura-gonga-.jpg","type":"image\/jpeg"}],"twitter_card":"summary_large_image","twitter_misc":{"Estimated reading time":"1 minute"},"schema":{"@context":"https:\/\/schema.org","@graph":[{"@type":"WebPage","@id":"https:\/\/www.zoko.ro\/p\/set-6-piese-pentru-modelaj-sculptura-gonga\/","url":"https:\/\/www.zoko.ro\/p\/set-6-piese-pentru-modelaj-sculptura-gonga\/","name":"Set 6 piese pentru modelaj\/sculptura, Gonga\u00ae | ZOKO","isPartOf":{"@id":"https:\/\/www.zoko.ro\/#website"},"primaryImageOfPage":{"@id":"https:\/\/www.zoko.ro\/p\/set-6-piese-pentru-modelaj-sculptura-gonga\/#primaryimage"},"image":{"@id":"https:\/\/www.zoko.ro\/p\/set-6-piese-pentru-modelaj-sculptura-gonga\/#primaryimage"},"thumbnailUrl":"https:\/\/www.zoko.ro\/wp-content\/uploads\/2025\/12\/set-6-piese-pentru-modelajsculptura-gonga-.jpg","datePublished":"2026-04-28T21:36:04+00:00","breadcrumb":{"@id":"https:\/\/www.zoko.ro\/p\/set-6-piese-pentru-modelaj-sculptura-gonga\/#breadcrumb"},"inLanguage":"en-GB","potentialAction":[{"@type":"ReadAction","target":["https:\/\/www.zoko.ro\/p\/set-6-piese-pentru-modelaj-sculptura-gonga\/"]}]},{"@type":"ImageObject","inLanguage":"en-GB","@id":"https:\/\/www.zoko.ro\/p\/set-6-piese-pentru-modelaj-sculptura-gonga\/#primaryimage","url":"https:\/\/www.zoko.ro\/wp-content\/uploads\/2025\/12\/set-6-piese-pentru-modelajsculptura-gonga-.jpg","contentUrl":"https:\/\/www.zoko.ro\/wp-content\/uploads\/2025\/12\/set-6-piese-pentru-modelajsculptura-gonga-.jpg","width":819,"height":1306},{"@type":"BreadcrumbList","@id":"https:\/\/www.zoko.ro\/p\/set-6-piese-pentru-modelaj-sculptura-gonga\/#breadcrumb","itemListElement":[{"@type":"ListItem","position":1,"name":"Home","item":"https:\/\/www.zoko.ro\/"},{"@type":"ListItem","position":2,"name":"Magazin","item":"https:\/\/www.zoko.ro\/magazin\/"},{"@type":"ListItem","position":3,"name":"Set 6 piese pentru modelaj\/sculptura, Gonga\u00ae"}]},{"@type":"WebSite","@id":"https:\/\/www.zoko.ro\/#website","url":"https:\/\/www.zoko.ro\/","name":"ZOKO.ro","description":"Cump\u0103r\u0103 inteligent","publisher":{"@id":"https:\/\/www.zoko.ro\/#organization"},"potentialAction":[{"@type":"SearchAction","target":{"@type":"EntryPoint","urlTemplate":"https:\/\/www.zoko.ro\/?s={search_term_string}"},"query-input":{"@type":"PropertyValueSpecification","valueRequired":true,"valueName":"search_term_string"}}],"inLanguage":"en-GB"},{"@type":"Organization","@id":"https:\/\/www.zoko.ro\/#organization","name":"ZOKO","url":"https:\/\/www.zoko.ro\/","logo":{"@type":"ImageObject","inLanguage":"en-GB","@id":"https:\/\/www.zoko.ro\/#\/schema\/logo\/image\/","url":"https:\/\/www.zoko.ro\/wp-content\/uploads\/2025\/03\/logo1.svg","contentUrl":"https:\/\/www.zoko.ro\/wp-content\/uploads\/2025\/03\/logo1.svg","width":799,"height":216,"caption":"ZOKO"},"image":{"@id":"https:\/\/www.zoko.ro\/#\/schema\/logo\/image\/"},"sameAs":["https:\/\/www.facebook.com\/profile.php?id=61584344135075"]}]}},"_links":{"self":[{"href":"https:\/\/www.zoko.ro\/en\/wp-json\/wp\/v2\/product\/32914","targetHints":{"allow":["GET"]}}],"collection":[{"href":"https:\/\/www.zoko.ro\/en\/wp-json\/wp\/v2\/product"}],"about":[{"href":"https:\/\/www.zoko.ro\/en\/wp-json\/wp\/v2\/types\/product"}],"replies":[{"embeddable":true,"href":"https:\/\/www.zoko.ro\/en\/wp-json\/wp\/v2\/comments?post=32914"}],"version-history":[{"count":1,"href":"https:\/\/www.zoko.ro\/en\/wp-json\/wp\/v2\/product\/32914\/revisions"}],"predecessor-version":[{"id":38382,"href":"https:\/\/www.zoko.ro\/en\/wp-json\/wp\/v2\/product\/32914\/revisions\/38382"}],"wp:featuredmedia":[{"embeddable":true,"href":"https:\/\/www.zoko.ro\/en\/wp-json\/wp\/v2\/media\/32915"}],"wp:attachment":[{"href":"https:\/\/www.zoko.ro\/en\/wp-json\/wp\/v2\/media?parent=32914"}],"wp:term":[{"taxonomy":"product_brand","embeddable":true,"href":"https:\/\/www.zoko.ro\/en\/wp-json\/wp\/v2\/product_brand?post=32914"},{"taxonomy":"product_cat","embeddable":true,"href":"https:\/\/www.zoko.ro\/en\/wp-json\/wp\/v2\/product_cat?post=32914"},{"taxonomy":"product_tag","embeddable":true,"href":"https:\/\/www.zoko.ro\/en\/wp-json\/wp\/v2\/product_tag?post=32914"}],"curies":[{"name":"wp","href":"https:\/\/api.w.org\/{rel}","templated":true}]}}