{"id":32962,"date":"2026-04-28T23:36:12","date_gmt":"2026-04-28T21:36:12","guid":{"rendered":"https:\/\/www.zoko.ro\/p\/palarie-de-protectie-pentru-baie-reglabila-protejeaza-ochii-copiilor-de-sampon-model-coroana-gonga\/"},"modified":"2026-04-28T23:36:12","modified_gmt":"2026-04-28T21:36:12","slug":"palarie-de-protectie-pentru-baie-reglabila-protejeaza-ochii-copiilor-de-sampon-model-coroana-gonga","status":"publish","type":"product","link":"https:\/\/www.zoko.ro\/en\/p\/palarie-de-protectie-pentru-baie-reglabila-protejeaza-ochii-copiilor-de-sampon-model-coroana-gonga\/","title":{"rendered":"Palarie de protectie pentru baie, reglabila, protejeaza ochii copiilor de sampon, model coroana, Gonga\u00ae"},"content":{"rendered":"<p><strong>Culoare:<\/strong> Galben<\/p>\n<p>Alege aceast\u0103 p\u0103l\u0103rie de du\u0219 reglabil\u0103 pentru a transforma rutina de baie a copilului \u00eentr-un moment sigur, pl\u0103cut \u0219i lipsit de griji!<\/p>\n<ul>\n<li>Material Premium \u0219i Prietenos cu Mediul: Fabricat\u0103 din PP \u0219i TPE moale, aceast\u0103 \u0219apc\u0103 este durabil\u0103, rezistent\u0103 la \u00eemb\u0103tr\u00e2nire \u0219i ecologic\u0103. Marginea din material PP poate fi ridicat\u0103 pentru a direc\u021biona apa \u00eenapoi. La sp\u0103larea p\u0103rului bebelu\u0219ului, apa curge pe marginea \u0219epcii, prevenind contactul cu fa\u021ba \u0219i oferind o experien\u021b\u0103 de baie mai confortabil\u0103.<\/li>\n<li>Design Practic \u0219i Func\u021bional: Protejeaz\u0103 eficient urechile de ap\u0103 \u0219i spuma de \u0219ampon, men\u021bin\u00e2nd fa\u021ba uscat\u0103. Reduce riscurile asociate cu fobia de ap\u0103, infec\u021biile urechii sau disconfortul provocat de umezeal\u0103.<\/li>\n<li>Dimensiune Reglabil\u0103: Realizat\u0103 din silicon TPE, \u0219apca dispune de o cataram\u0103 de siguran\u021b\u0103 reglabil\u0103 care nu afecteaz\u0103 p\u0103rul copilului. Poate fi ajustat\u0103 pentru a se potrivi perfect dimensiunii capului (38-60 cm), prevenind scurgerile de ap\u0103. Potrivit\u0103 pentru bebelu\u0219i de peste 6 luni, copii mici, copii mai mari \u0219i chiar adul\u021bi.<\/li>\n<li>Utilizare Multifunc\u021bional\u0103 3-\u00een-1: Ideal\u0103 ca scut de \u0219ampon pentru copii, dar poate fi folosit\u0103 \u0219i \u00een timpul tunsorilor sau la hr\u0103nirea copilului. De asemenea, ofer\u0103 protec\u021bie \u00eempotriva arsurilor solare. Designul atractiv, \u00een form\u0103 de coroan\u0103, capteaz\u0103 aten\u021bia celor mici \u0219i transform\u0103 baia \u00eentr-o experien\u021b\u0103 pl\u0103cut\u0103.<\/li>\n<li>Reutilizabil\u0103 \u0219i Durabil\u0103: Fabricat\u0103 pentru a rezista \u00een timp, \u0219apca este extensibil\u0103 \u0219i poate fi folosit\u0103 pe termen lung, f\u0103r\u0103 s\u0103-\u0219i piard\u0103 forma sau func\u021bionalitatea.<\/li>\n<\/ul>","protected":false},"excerpt":{"rendered":"<p>Culoare: Galben Alege aceast\u0103 p\u0103l\u0103rie de du\u0219 reglabil\u0103 pentru a transforma rutina de baie a copilului \u00eentr-un moment sigur, pl\u0103cut<\/p>","protected":false},"featured_media":32963,"comment_status":"open","ping_status":"open","template":"","meta":[],"product_brand":[],"product_cat":[99,333,437],"product_tag":[104],"class_list":{"0":"post-32962","1":"product","2":"type-product","3":"status-publish","4":"has-post-thumbnail","6":"product_cat-acasa","7":"product_cat-jucarii","8":"product_cat-jucarii-bebelusi","9":"product_tag-in-stoc","10":"pa_culoare-galben","12":"first","13":"instock","14":"sale","15":"purchasable","16":"product-type-simple"},"yoast_head":"<!-- This site is optimized with the Yoast SEO plugin v27.2 - https:\/\/yoast.com\/product\/yoast-seo-wordpress\/ -->\n<title>Palarie de protectie pentru baie, reglabila, protejeaza ochii copiilor de sampon, model coroana, Gonga\u00ae | ZOKO<\/title>\n<meta name=\"robots\" content=\"index, follow, max-snippet:-1, max-image-preview:large, max-video-preview:-1\" \/>\n<link rel=\"canonical\" href=\"https:\/\/www.zoko.ro\/en\/p\/palarie-de-protectie-pentru-baie-reglabila-protejeaza-ochii-copiilor-de-sampon-model-coroana-gonga\/\" \/>\n<meta property=\"og:locale\" content=\"en_GB\" \/>\n<meta property=\"og:type\" content=\"article\" \/>\n<meta property=\"og:title\" content=\"Palarie de protectie pentru baie, reglabila, protejeaza ochii copiilor de sampon, model coroana, Gonga\u00ae | ZOKO\" \/>\n<meta property=\"og:description\" content=\"Culoare: Galben Alege aceast\u0103 p\u0103l\u0103rie de du\u0219 reglabil\u0103 pentru a transforma rutina de baie a copilului \u00eentr-un moment sigur, pl\u0103cut\" \/>\n<meta property=\"og:url\" content=\"https:\/\/www.zoko.ro\/en\/p\/palarie-de-protectie-pentru-baie-reglabila-protejeaza-ochii-copiilor-de-sampon-model-coroana-gonga\/\" \/>\n<meta property=\"og:site_name\" content=\"ZOKO\" \/>\n<meta property=\"article:publisher\" content=\"https:\/\/www.facebook.com\/profile.php?id=61584344135075\" \/>\n<meta property=\"og:image\" content=\"https:\/\/www.zoko.ro\/wp-content\/uploads\/2025\/12\/palarie-de-protectie-pentru-baie-reglabila-protejeaza-ochii-copiilor-de-sampon-model-coroana-gonga.jpg\" \/>\n\t<meta property=\"og:image:width\" content=\"1200\" \/>\n\t<meta property=\"og:image:height\" content=\"1179\" \/>\n\t<meta property=\"og:image:type\" content=\"image\/jpeg\" \/>\n<meta name=\"twitter:card\" content=\"summary_large_image\" \/>\n<meta name=\"twitter:label1\" content=\"Estimated reading time\" \/>\n\t<meta name=\"twitter:data1\" content=\"1 minute\" \/>\n<script type=\"application\/ld+json\" class=\"yoast-schema-graph\">{\"@context\":\"https:\/\/schema.org\",\"@graph\":[{\"@type\":\"WebPage\",\"@id\":\"https:\/\/www.zoko.ro\/p\/palarie-de-protectie-pentru-baie-reglabila-protejeaza-ochii-copiilor-de-sampon-model-coroana-gonga\/\",\"url\":\"https:\/\/www.zoko.ro\/p\/palarie-de-protectie-pentru-baie-reglabila-protejeaza-ochii-copiilor-de-sampon-model-coroana-gonga\/\",\"name\":\"Palarie de protectie pentru baie, reglabila, protejeaza ochii copiilor de sampon, model coroana, Gonga\u00ae | ZOKO\",\"isPartOf\":{\"@id\":\"https:\/\/www.zoko.ro\/#website\"},\"primaryImageOfPage\":{\"@id\":\"https:\/\/www.zoko.ro\/p\/palarie-de-protectie-pentru-baie-reglabila-protejeaza-ochii-copiilor-de-sampon-model-coroana-gonga\/#primaryimage\"},\"image\":{\"@id\":\"https:\/\/www.zoko.ro\/p\/palarie-de-protectie-pentru-baie-reglabila-protejeaza-ochii-copiilor-de-sampon-model-coroana-gonga\/#primaryimage\"},\"thumbnailUrl\":\"https:\/\/www.zoko.ro\/wp-content\/uploads\/2025\/12\/palarie-de-protectie-pentru-baie-reglabila-protejeaza-ochii-copiilor-de-sampon-model-coroana-gonga.jpg\",\"datePublished\":\"2026-04-28T21:36:12+00:00\",\"breadcrumb\":{\"@id\":\"https:\/\/www.zoko.ro\/p\/palarie-de-protectie-pentru-baie-reglabila-protejeaza-ochii-copiilor-de-sampon-model-coroana-gonga\/#breadcrumb\"},\"inLanguage\":\"en-GB\",\"potentialAction\":[{\"@type\":\"ReadAction\",\"target\":[\"https:\/\/www.zoko.ro\/p\/palarie-de-protectie-pentru-baie-reglabila-protejeaza-ochii-copiilor-de-sampon-model-coroana-gonga\/\"]}]},{\"@type\":\"ImageObject\",\"inLanguage\":\"en-GB\",\"@id\":\"https:\/\/www.zoko.ro\/p\/palarie-de-protectie-pentru-baie-reglabila-protejeaza-ochii-copiilor-de-sampon-model-coroana-gonga\/#primaryimage\",\"url\":\"https:\/\/www.zoko.ro\/wp-content\/uploads\/2025\/12\/palarie-de-protectie-pentru-baie-reglabila-protejeaza-ochii-copiilor-de-sampon-model-coroana-gonga.jpg\",\"contentUrl\":\"https:\/\/www.zoko.ro\/wp-content\/uploads\/2025\/12\/palarie-de-protectie-pentru-baie-reglabila-protejeaza-ochii-copiilor-de-sampon-model-coroana-gonga.jpg\",\"width\":1200,\"height\":1179},{\"@type\":\"BreadcrumbList\",\"@id\":\"https:\/\/www.zoko.ro\/p\/palarie-de-protectie-pentru-baie-reglabila-protejeaza-ochii-copiilor-de-sampon-model-coroana-gonga\/#breadcrumb\",\"itemListElement\":[{\"@type\":\"ListItem\",\"position\":1,\"name\":\"Home\",\"item\":\"https:\/\/www.zoko.ro\/\"},{\"@type\":\"ListItem\",\"position\":2,\"name\":\"Magazin\",\"item\":\"https:\/\/www.zoko.ro\/magazin\/\"},{\"@type\":\"ListItem\",\"position\":3,\"name\":\"Palarie de protectie pentru baie, reglabila, protejeaza ochii copiilor de sampon, model coroana, Gonga\u00ae\"}]},{\"@type\":\"WebSite\",\"@id\":\"https:\/\/www.zoko.ro\/#website\",\"url\":\"https:\/\/www.zoko.ro\/\",\"name\":\"ZOKO.ro\",\"description\":\"Cump\u0103r\u0103 inteligent\",\"publisher\":{\"@id\":\"https:\/\/www.zoko.ro\/#organization\"},\"potentialAction\":[{\"@type\":\"SearchAction\",\"target\":{\"@type\":\"EntryPoint\",\"urlTemplate\":\"https:\/\/www.zoko.ro\/?s={search_term_string}\"},\"query-input\":{\"@type\":\"PropertyValueSpecification\",\"valueRequired\":true,\"valueName\":\"search_term_string\"}}],\"inLanguage\":\"en-GB\"},{\"@type\":\"Organization\",\"@id\":\"https:\/\/www.zoko.ro\/#organization\",\"name\":\"ZOKO\",\"url\":\"https:\/\/www.zoko.ro\/\",\"logo\":{\"@type\":\"ImageObject\",\"inLanguage\":\"en-GB\",\"@id\":\"https:\/\/www.zoko.ro\/#\/schema\/logo\/image\/\",\"url\":\"https:\/\/www.zoko.ro\/wp-content\/uploads\/2025\/03\/logo1.svg\",\"contentUrl\":\"https:\/\/www.zoko.ro\/wp-content\/uploads\/2025\/03\/logo1.svg\",\"width\":799,\"height\":216,\"caption\":\"ZOKO\"},\"image\":{\"@id\":\"https:\/\/www.zoko.ro\/#\/schema\/logo\/image\/\"},\"sameAs\":[\"https:\/\/www.facebook.com\/profile.php?id=61584344135075\"]}]}<\/script>\n<!-- \/ Yoast SEO plugin. -->","yoast_head_json":{"title":"Palarie de protectie pentru baie, reglabila, protejeaza ochii copiilor de sampon, model coroana, Gonga\u00ae | ZOKO","robots":{"index":"index","follow":"follow","max-snippet":"max-snippet:-1","max-image-preview":"max-image-preview:large","max-video-preview":"max-video-preview:-1"},"canonical":"https:\/\/www.zoko.ro\/en\/p\/palarie-de-protectie-pentru-baie-reglabila-protejeaza-ochii-copiilor-de-sampon-model-coroana-gonga\/","og_locale":"en_GB","og_type":"article","og_title":"Palarie de protectie pentru baie, reglabila, protejeaza ochii copiilor de sampon, model coroana, Gonga\u00ae | ZOKO","og_description":"Culoare: Galben Alege aceast\u0103 p\u0103l\u0103rie de du\u0219 reglabil\u0103 pentru a transforma rutina de baie a copilului \u00eentr-un moment sigur, pl\u0103cut","og_url":"https:\/\/www.zoko.ro\/en\/p\/palarie-de-protectie-pentru-baie-reglabila-protejeaza-ochii-copiilor-de-sampon-model-coroana-gonga\/","og_site_name":"ZOKO","article_publisher":"https:\/\/www.facebook.com\/profile.php?id=61584344135075","og_image":[{"width":1200,"height":1179,"url":"https:\/\/www.zoko.ro\/wp-content\/uploads\/2025\/12\/palarie-de-protectie-pentru-baie-reglabila-protejeaza-ochii-copiilor-de-sampon-model-coroana-gonga.jpg","type":"image\/jpeg"}],"twitter_card":"summary_large_image","twitter_misc":{"Estimated reading time":"1 minute"},"schema":{"@context":"https:\/\/schema.org","@graph":[{"@type":"WebPage","@id":"https:\/\/www.zoko.ro\/p\/palarie-de-protectie-pentru-baie-reglabila-protejeaza-ochii-copiilor-de-sampon-model-coroana-gonga\/","url":"https:\/\/www.zoko.ro\/p\/palarie-de-protectie-pentru-baie-reglabila-protejeaza-ochii-copiilor-de-sampon-model-coroana-gonga\/","name":"Palarie de protectie pentru baie, reglabila, protejeaza ochii copiilor de sampon, model coroana, Gonga\u00ae | ZOKO","isPartOf":{"@id":"https:\/\/www.zoko.ro\/#website"},"primaryImageOfPage":{"@id":"https:\/\/www.zoko.ro\/p\/palarie-de-protectie-pentru-baie-reglabila-protejeaza-ochii-copiilor-de-sampon-model-coroana-gonga\/#primaryimage"},"image":{"@id":"https:\/\/www.zoko.ro\/p\/palarie-de-protectie-pentru-baie-reglabila-protejeaza-ochii-copiilor-de-sampon-model-coroana-gonga\/#primaryimage"},"thumbnailUrl":"https:\/\/www.zoko.ro\/wp-content\/uploads\/2025\/12\/palarie-de-protectie-pentru-baie-reglabila-protejeaza-ochii-copiilor-de-sampon-model-coroana-gonga.jpg","datePublished":"2026-04-28T21:36:12+00:00","breadcrumb":{"@id":"https:\/\/www.zoko.ro\/p\/palarie-de-protectie-pentru-baie-reglabila-protejeaza-ochii-copiilor-de-sampon-model-coroana-gonga\/#breadcrumb"},"inLanguage":"en-GB","potentialAction":[{"@type":"ReadAction","target":["https:\/\/www.zoko.ro\/p\/palarie-de-protectie-pentru-baie-reglabila-protejeaza-ochii-copiilor-de-sampon-model-coroana-gonga\/"]}]},{"@type":"ImageObject","inLanguage":"en-GB","@id":"https:\/\/www.zoko.ro\/p\/palarie-de-protectie-pentru-baie-reglabila-protejeaza-ochii-copiilor-de-sampon-model-coroana-gonga\/#primaryimage","url":"https:\/\/www.zoko.ro\/wp-content\/uploads\/2025\/12\/palarie-de-protectie-pentru-baie-reglabila-protejeaza-ochii-copiilor-de-sampon-model-coroana-gonga.jpg","contentUrl":"https:\/\/www.zoko.ro\/wp-content\/uploads\/2025\/12\/palarie-de-protectie-pentru-baie-reglabila-protejeaza-ochii-copiilor-de-sampon-model-coroana-gonga.jpg","width":1200,"height":1179},{"@type":"BreadcrumbList","@id":"https:\/\/www.zoko.ro\/p\/palarie-de-protectie-pentru-baie-reglabila-protejeaza-ochii-copiilor-de-sampon-model-coroana-gonga\/#breadcrumb","itemListElement":[{"@type":"ListItem","position":1,"name":"Home","item":"https:\/\/www.zoko.ro\/"},{"@type":"ListItem","position":2,"name":"Magazin","item":"https:\/\/www.zoko.ro\/magazin\/"},{"@type":"ListItem","position":3,"name":"Palarie de protectie pentru baie, reglabila, protejeaza ochii copiilor de sampon, model coroana, Gonga\u00ae"}]},{"@type":"WebSite","@id":"https:\/\/www.zoko.ro\/#website","url":"https:\/\/www.zoko.ro\/","name":"ZOKO.ro","description":"Cump\u0103r\u0103 inteligent","publisher":{"@id":"https:\/\/www.zoko.ro\/#organization"},"potentialAction":[{"@type":"SearchAction","target":{"@type":"EntryPoint","urlTemplate":"https:\/\/www.zoko.ro\/?s={search_term_string}"},"query-input":{"@type":"PropertyValueSpecification","valueRequired":true,"valueName":"search_term_string"}}],"inLanguage":"en-GB"},{"@type":"Organization","@id":"https:\/\/www.zoko.ro\/#organization","name":"ZOKO","url":"https:\/\/www.zoko.ro\/","logo":{"@type":"ImageObject","inLanguage":"en-GB","@id":"https:\/\/www.zoko.ro\/#\/schema\/logo\/image\/","url":"https:\/\/www.zoko.ro\/wp-content\/uploads\/2025\/03\/logo1.svg","contentUrl":"https:\/\/www.zoko.ro\/wp-content\/uploads\/2025\/03\/logo1.svg","width":799,"height":216,"caption":"ZOKO"},"image":{"@id":"https:\/\/www.zoko.ro\/#\/schema\/logo\/image\/"},"sameAs":["https:\/\/www.facebook.com\/profile.php?id=61584344135075"]}]}},"_links":{"self":[{"href":"https:\/\/www.zoko.ro\/en\/wp-json\/wp\/v2\/product\/32962","targetHints":{"allow":["GET"]}}],"collection":[{"href":"https:\/\/www.zoko.ro\/en\/wp-json\/wp\/v2\/product"}],"about":[{"href":"https:\/\/www.zoko.ro\/en\/wp-json\/wp\/v2\/types\/product"}],"replies":[{"embeddable":true,"href":"https:\/\/www.zoko.ro\/en\/wp-json\/wp\/v2\/comments?post=32962"}],"version-history":[{"count":1,"href":"https:\/\/www.zoko.ro\/en\/wp-json\/wp\/v2\/product\/32962\/revisions"}],"predecessor-version":[{"id":38389,"href":"https:\/\/www.zoko.ro\/en\/wp-json\/wp\/v2\/product\/32962\/revisions\/38389"}],"wp:featuredmedia":[{"embeddable":true,"href":"https:\/\/www.zoko.ro\/en\/wp-json\/wp\/v2\/media\/32963"}],"wp:attachment":[{"href":"https:\/\/www.zoko.ro\/en\/wp-json\/wp\/v2\/media?parent=32962"}],"wp:term":[{"taxonomy":"product_brand","embeddable":true,"href":"https:\/\/www.zoko.ro\/en\/wp-json\/wp\/v2\/product_brand?post=32962"},{"taxonomy":"product_cat","embeddable":true,"href":"https:\/\/www.zoko.ro\/en\/wp-json\/wp\/v2\/product_cat?post=32962"},{"taxonomy":"product_tag","embeddable":true,"href":"https:\/\/www.zoko.ro\/en\/wp-json\/wp\/v2\/product_tag?post=32962"}],"curies":[{"name":"wp","href":"https:\/\/api.w.org\/{rel}","templated":true}]}}