{"id":32975,"date":"2026-04-28T23:36:13","date_gmt":"2026-04-28T21:36:13","guid":{"rendered":"https:\/\/www.zoko.ro\/p\/adaptor-utp-mama-mama-pentru-mufa-rj45-utp-m-m-gonga\/"},"modified":"2026-04-28T23:36:13","modified_gmt":"2026-04-28T21:36:13","slug":"adaptor-utp-mama-mama-pentru-mufa-rj45-utp-m-m-gonga","status":"publish","type":"product","link":"https:\/\/www.zoko.ro\/en\/p\/adaptor-utp-mama-mama-pentru-mufa-rj45-utp-m-m-gonga\/","title":{"rendered":"Adaptor UTP mama-mama pentru mufa RJ45 UTP-M-M, Gonga\u00ae"},"content":{"rendered":"<p><strong>Culoare:<\/strong> Bej<\/p>\n<p>Acest adaptor RJ45-RJ45 este ideal pentru conectarea a dou\u0103 cabluri Ethernet, cre\u00e2nd o conexiune mai lung\u0103 sau oferind o deconectare rapid\u0103 a circuitului de re\u021bea. O solu\u021bie accesibil\u0103 \u0219i eficient\u0103 atunci c\u00e2nd cablurile existente sunt prea scurte.<\/p>\n<p><strong>Caracteristici ale produsului<\/strong>:<\/p>\n<ul>\n<li>Produs nou, de \u00eenalt\u0103 calitate.<\/li>\n<li>Permite conectarea a dou\u0103 cabluri RJ45, extinz\u00e2ndu-le \u00eentr-o singur\u0103 sec\u021biune mai lung\u0103.<\/li>\n<li>Compatibil cu orice tip de cablu Ethernet: torsionat, ecranat, neecranat sau cu s\u00e2rm\u0103.<\/li>\n<li>Dou\u0103 mufele RJ45 8p8c (8 pini), potrivite pentru conexiuni de internet.<\/li>\n<li>Contacte interne placate cu aur pentru un transfer de semnal de calitate superioar\u0103.<\/li>\n<li>Carcas\u0103 din plastic bej, rezistent\u0103.<\/li>\n<li>Dimensiuni: 36x15x21 mm.<\/li>\n<\/ul>\n<p>Ideal pentru orice aplica\u021bie de re\u021bea, acest adaptor este o solu\u021bie rapid\u0103 \u0219i eficient\u0103 pentru extinderea cablurilor sau crearea de conexiuni temporare.<\/p>","protected":false},"excerpt":{"rendered":"<p>Culoare: Bej Acest adaptor RJ45-RJ45 este ideal pentru conectarea a dou\u0103 cabluri Ethernet, cre\u00e2nd o conexiune mai lung\u0103 sau oferind<\/p>","protected":false},"featured_media":32976,"comment_status":"open","ping_status":"open","template":"","meta":[],"product_brand":[],"product_cat":[99,341,339],"product_tag":[104],"class_list":{"0":"post-32975","1":"product","2":"type-product","3":"status-publish","4":"has-post-thumbnail","6":"product_cat-acasa","7":"product_cat-accesorii","8":"product_cat-pc-gaming","9":"product_tag-in-stoc","10":"pa_culoare-bej","12":"first","13":"instock","14":"sale","15":"purchasable","16":"product-type-simple"},"yoast_head":"<!-- This site is optimized with the Yoast SEO plugin v27.2 - https:\/\/yoast.com\/product\/yoast-seo-wordpress\/ -->\n<title>Adaptor UTP mama-mama pentru mufa RJ45 UTP-M-M, Gonga\u00ae | ZOKO<\/title>\n<meta name=\"robots\" content=\"index, follow, max-snippet:-1, max-image-preview:large, max-video-preview:-1\" \/>\n<link rel=\"canonical\" href=\"https:\/\/www.zoko.ro\/en\/p\/adaptor-utp-mama-mama-pentru-mufa-rj45-utp-m-m-gonga\/\" \/>\n<meta property=\"og:locale\" content=\"en_GB\" \/>\n<meta property=\"og:type\" content=\"article\" \/>\n<meta property=\"og:title\" content=\"Adaptor UTP mama-mama pentru mufa RJ45 UTP-M-M, Gonga\u00ae | ZOKO\" \/>\n<meta property=\"og:description\" content=\"Culoare: Bej Acest adaptor RJ45-RJ45 este ideal pentru conectarea a dou\u0103 cabluri Ethernet, cre\u00e2nd o conexiune mai lung\u0103 sau oferind\" \/>\n<meta property=\"og:url\" content=\"https:\/\/www.zoko.ro\/en\/p\/adaptor-utp-mama-mama-pentru-mufa-rj45-utp-m-m-gonga\/\" \/>\n<meta property=\"og:site_name\" content=\"ZOKO\" \/>\n<meta property=\"article:publisher\" content=\"https:\/\/www.facebook.com\/profile.php?id=61584344135075\" \/>\n<meta property=\"og:image\" content=\"https:\/\/www.zoko.ro\/wp-content\/uploads\/2025\/12\/adaptor-utp-mama-mama-pentru-mufa-rj45-utp-m-m-gonga.jpg\" \/>\n\t<meta property=\"og:image:width\" content=\"1200\" \/>\n\t<meta property=\"og:image:height\" content=\"967\" \/>\n\t<meta property=\"og:image:type\" content=\"image\/jpeg\" \/>\n<meta name=\"twitter:card\" content=\"summary_large_image\" \/>\n<meta name=\"twitter:label1\" content=\"Estimated reading time\" \/>\n\t<meta name=\"twitter:data1\" content=\"1 minute\" \/>\n<script type=\"application\/ld+json\" class=\"yoast-schema-graph\">{\"@context\":\"https:\/\/schema.org\",\"@graph\":[{\"@type\":\"WebPage\",\"@id\":\"https:\/\/www.zoko.ro\/p\/adaptor-utp-mama-mama-pentru-mufa-rj45-utp-m-m-gonga\/\",\"url\":\"https:\/\/www.zoko.ro\/p\/adaptor-utp-mama-mama-pentru-mufa-rj45-utp-m-m-gonga\/\",\"name\":\"Adaptor UTP mama-mama pentru mufa RJ45 UTP-M-M, Gonga\u00ae | ZOKO\",\"isPartOf\":{\"@id\":\"https:\/\/www.zoko.ro\/#website\"},\"primaryImageOfPage\":{\"@id\":\"https:\/\/www.zoko.ro\/p\/adaptor-utp-mama-mama-pentru-mufa-rj45-utp-m-m-gonga\/#primaryimage\"},\"image\":{\"@id\":\"https:\/\/www.zoko.ro\/p\/adaptor-utp-mama-mama-pentru-mufa-rj45-utp-m-m-gonga\/#primaryimage\"},\"thumbnailUrl\":\"https:\/\/www.zoko.ro\/wp-content\/uploads\/2025\/12\/adaptor-utp-mama-mama-pentru-mufa-rj45-utp-m-m-gonga.jpg\",\"datePublished\":\"2026-04-28T21:36:13+00:00\",\"breadcrumb\":{\"@id\":\"https:\/\/www.zoko.ro\/p\/adaptor-utp-mama-mama-pentru-mufa-rj45-utp-m-m-gonga\/#breadcrumb\"},\"inLanguage\":\"en-GB\",\"potentialAction\":[{\"@type\":\"ReadAction\",\"target\":[\"https:\/\/www.zoko.ro\/p\/adaptor-utp-mama-mama-pentru-mufa-rj45-utp-m-m-gonga\/\"]}]},{\"@type\":\"ImageObject\",\"inLanguage\":\"en-GB\",\"@id\":\"https:\/\/www.zoko.ro\/p\/adaptor-utp-mama-mama-pentru-mufa-rj45-utp-m-m-gonga\/#primaryimage\",\"url\":\"https:\/\/www.zoko.ro\/wp-content\/uploads\/2025\/12\/adaptor-utp-mama-mama-pentru-mufa-rj45-utp-m-m-gonga.jpg\",\"contentUrl\":\"https:\/\/www.zoko.ro\/wp-content\/uploads\/2025\/12\/adaptor-utp-mama-mama-pentru-mufa-rj45-utp-m-m-gonga.jpg\",\"width\":1200,\"height\":967},{\"@type\":\"BreadcrumbList\",\"@id\":\"https:\/\/www.zoko.ro\/p\/adaptor-utp-mama-mama-pentru-mufa-rj45-utp-m-m-gonga\/#breadcrumb\",\"itemListElement\":[{\"@type\":\"ListItem\",\"position\":1,\"name\":\"Home\",\"item\":\"https:\/\/www.zoko.ro\/\"},{\"@type\":\"ListItem\",\"position\":2,\"name\":\"Magazin\",\"item\":\"https:\/\/www.zoko.ro\/magazin\/\"},{\"@type\":\"ListItem\",\"position\":3,\"name\":\"Adaptor UTP mama-mama pentru mufa RJ45 UTP-M-M, Gonga\u00ae\"}]},{\"@type\":\"WebSite\",\"@id\":\"https:\/\/www.zoko.ro\/#website\",\"url\":\"https:\/\/www.zoko.ro\/\",\"name\":\"ZOKO.ro\",\"description\":\"Cump\u0103r\u0103 inteligent\",\"publisher\":{\"@id\":\"https:\/\/www.zoko.ro\/#organization\"},\"potentialAction\":[{\"@type\":\"SearchAction\",\"target\":{\"@type\":\"EntryPoint\",\"urlTemplate\":\"https:\/\/www.zoko.ro\/?s={search_term_string}\"},\"query-input\":{\"@type\":\"PropertyValueSpecification\",\"valueRequired\":true,\"valueName\":\"search_term_string\"}}],\"inLanguage\":\"en-GB\"},{\"@type\":\"Organization\",\"@id\":\"https:\/\/www.zoko.ro\/#organization\",\"name\":\"ZOKO\",\"url\":\"https:\/\/www.zoko.ro\/\",\"logo\":{\"@type\":\"ImageObject\",\"inLanguage\":\"en-GB\",\"@id\":\"https:\/\/www.zoko.ro\/#\/schema\/logo\/image\/\",\"url\":\"https:\/\/www.zoko.ro\/wp-content\/uploads\/2025\/03\/logo1.svg\",\"contentUrl\":\"https:\/\/www.zoko.ro\/wp-content\/uploads\/2025\/03\/logo1.svg\",\"width\":799,\"height\":216,\"caption\":\"ZOKO\"},\"image\":{\"@id\":\"https:\/\/www.zoko.ro\/#\/schema\/logo\/image\/\"},\"sameAs\":[\"https:\/\/www.facebook.com\/profile.php?id=61584344135075\"]}]}<\/script>\n<!-- \/ Yoast SEO plugin. -->","yoast_head_json":{"title":"Adaptor UTP mama-mama pentru mufa RJ45 UTP-M-M, Gonga\u00ae | ZOKO","robots":{"index":"index","follow":"follow","max-snippet":"max-snippet:-1","max-image-preview":"max-image-preview:large","max-video-preview":"max-video-preview:-1"},"canonical":"https:\/\/www.zoko.ro\/en\/p\/adaptor-utp-mama-mama-pentru-mufa-rj45-utp-m-m-gonga\/","og_locale":"en_GB","og_type":"article","og_title":"Adaptor UTP mama-mama pentru mufa RJ45 UTP-M-M, Gonga\u00ae | ZOKO","og_description":"Culoare: Bej Acest adaptor RJ45-RJ45 este ideal pentru conectarea a dou\u0103 cabluri Ethernet, cre\u00e2nd o conexiune mai lung\u0103 sau oferind","og_url":"https:\/\/www.zoko.ro\/en\/p\/adaptor-utp-mama-mama-pentru-mufa-rj45-utp-m-m-gonga\/","og_site_name":"ZOKO","article_publisher":"https:\/\/www.facebook.com\/profile.php?id=61584344135075","og_image":[{"width":1200,"height":967,"url":"https:\/\/www.zoko.ro\/wp-content\/uploads\/2025\/12\/adaptor-utp-mama-mama-pentru-mufa-rj45-utp-m-m-gonga.jpg","type":"image\/jpeg"}],"twitter_card":"summary_large_image","twitter_misc":{"Estimated reading time":"1 minute"},"schema":{"@context":"https:\/\/schema.org","@graph":[{"@type":"WebPage","@id":"https:\/\/www.zoko.ro\/p\/adaptor-utp-mama-mama-pentru-mufa-rj45-utp-m-m-gonga\/","url":"https:\/\/www.zoko.ro\/p\/adaptor-utp-mama-mama-pentru-mufa-rj45-utp-m-m-gonga\/","name":"Adaptor UTP mama-mama pentru mufa RJ45 UTP-M-M, Gonga\u00ae | ZOKO","isPartOf":{"@id":"https:\/\/www.zoko.ro\/#website"},"primaryImageOfPage":{"@id":"https:\/\/www.zoko.ro\/p\/adaptor-utp-mama-mama-pentru-mufa-rj45-utp-m-m-gonga\/#primaryimage"},"image":{"@id":"https:\/\/www.zoko.ro\/p\/adaptor-utp-mama-mama-pentru-mufa-rj45-utp-m-m-gonga\/#primaryimage"},"thumbnailUrl":"https:\/\/www.zoko.ro\/wp-content\/uploads\/2025\/12\/adaptor-utp-mama-mama-pentru-mufa-rj45-utp-m-m-gonga.jpg","datePublished":"2026-04-28T21:36:13+00:00","breadcrumb":{"@id":"https:\/\/www.zoko.ro\/p\/adaptor-utp-mama-mama-pentru-mufa-rj45-utp-m-m-gonga\/#breadcrumb"},"inLanguage":"en-GB","potentialAction":[{"@type":"ReadAction","target":["https:\/\/www.zoko.ro\/p\/adaptor-utp-mama-mama-pentru-mufa-rj45-utp-m-m-gonga\/"]}]},{"@type":"ImageObject","inLanguage":"en-GB","@id":"https:\/\/www.zoko.ro\/p\/adaptor-utp-mama-mama-pentru-mufa-rj45-utp-m-m-gonga\/#primaryimage","url":"https:\/\/www.zoko.ro\/wp-content\/uploads\/2025\/12\/adaptor-utp-mama-mama-pentru-mufa-rj45-utp-m-m-gonga.jpg","contentUrl":"https:\/\/www.zoko.ro\/wp-content\/uploads\/2025\/12\/adaptor-utp-mama-mama-pentru-mufa-rj45-utp-m-m-gonga.jpg","width":1200,"height":967},{"@type":"BreadcrumbList","@id":"https:\/\/www.zoko.ro\/p\/adaptor-utp-mama-mama-pentru-mufa-rj45-utp-m-m-gonga\/#breadcrumb","itemListElement":[{"@type":"ListItem","position":1,"name":"Home","item":"https:\/\/www.zoko.ro\/"},{"@type":"ListItem","position":2,"name":"Magazin","item":"https:\/\/www.zoko.ro\/magazin\/"},{"@type":"ListItem","position":3,"name":"Adaptor UTP mama-mama pentru mufa RJ45 UTP-M-M, Gonga\u00ae"}]},{"@type":"WebSite","@id":"https:\/\/www.zoko.ro\/#website","url":"https:\/\/www.zoko.ro\/","name":"ZOKO.ro","description":"Cump\u0103r\u0103 inteligent","publisher":{"@id":"https:\/\/www.zoko.ro\/#organization"},"potentialAction":[{"@type":"SearchAction","target":{"@type":"EntryPoint","urlTemplate":"https:\/\/www.zoko.ro\/?s={search_term_string}"},"query-input":{"@type":"PropertyValueSpecification","valueRequired":true,"valueName":"search_term_string"}}],"inLanguage":"en-GB"},{"@type":"Organization","@id":"https:\/\/www.zoko.ro\/#organization","name":"ZOKO","url":"https:\/\/www.zoko.ro\/","logo":{"@type":"ImageObject","inLanguage":"en-GB","@id":"https:\/\/www.zoko.ro\/#\/schema\/logo\/image\/","url":"https:\/\/www.zoko.ro\/wp-content\/uploads\/2025\/03\/logo1.svg","contentUrl":"https:\/\/www.zoko.ro\/wp-content\/uploads\/2025\/03\/logo1.svg","width":799,"height":216,"caption":"ZOKO"},"image":{"@id":"https:\/\/www.zoko.ro\/#\/schema\/logo\/image\/"},"sameAs":["https:\/\/www.facebook.com\/profile.php?id=61584344135075"]}]}},"_links":{"self":[{"href":"https:\/\/www.zoko.ro\/en\/wp-json\/wp\/v2\/product\/32975","targetHints":{"allow":["GET"]}}],"collection":[{"href":"https:\/\/www.zoko.ro\/en\/wp-json\/wp\/v2\/product"}],"about":[{"href":"https:\/\/www.zoko.ro\/en\/wp-json\/wp\/v2\/types\/product"}],"replies":[{"embeddable":true,"href":"https:\/\/www.zoko.ro\/en\/wp-json\/wp\/v2\/comments?post=32975"}],"version-history":[{"count":1,"href":"https:\/\/www.zoko.ro\/en\/wp-json\/wp\/v2\/product\/32975\/revisions"}],"predecessor-version":[{"id":38391,"href":"https:\/\/www.zoko.ro\/en\/wp-json\/wp\/v2\/product\/32975\/revisions\/38391"}],"wp:featuredmedia":[{"embeddable":true,"href":"https:\/\/www.zoko.ro\/en\/wp-json\/wp\/v2\/media\/32976"}],"wp:attachment":[{"href":"https:\/\/www.zoko.ro\/en\/wp-json\/wp\/v2\/media?parent=32975"}],"wp:term":[{"taxonomy":"product_brand","embeddable":true,"href":"https:\/\/www.zoko.ro\/en\/wp-json\/wp\/v2\/product_brand?post=32975"},{"taxonomy":"product_cat","embeddable":true,"href":"https:\/\/www.zoko.ro\/en\/wp-json\/wp\/v2\/product_cat?post=32975"},{"taxonomy":"product_tag","embeddable":true,"href":"https:\/\/www.zoko.ro\/en\/wp-json\/wp\/v2\/product_tag?post=32975"}],"curies":[{"name":"wp","href":"https:\/\/api.w.org\/{rel}","templated":true}]}}