{"id":32984,"date":"2026-04-28T23:36:14","date_gmt":"2026-04-28T21:36:14","guid":{"rendered":"https:\/\/www.zoko.ro\/p\/scara-pentru-caini-plastic-poliester-35x45x31-5cm-gonga\/"},"modified":"2026-04-28T23:36:14","modified_gmt":"2026-04-28T21:36:14","slug":"scara-pentru-caini-plastic-poliester-35x45x31-5cm-gonga","status":"publish","type":"product","link":"https:\/\/www.zoko.ro\/en\/p\/scara-pentru-caini-plastic-poliester-35x45x31-5cm-gonga\/","title":{"rendered":"Scara pentru caini, Plastic\/Poliester, 35x45x31.5cm, Gonga\u00ae"},"content":{"rendered":"<p><strong>Culoare:<\/strong> Gri<\/p>\n<p><iframe loading=\"lazy\" width=\"560\" height=\"315\" src=\"https:\/\/www.youtube.com\/embed\/f_yfdRjmNL0?si=_8PN2zu-pQVbp2uC\" title=\"YouTube video player\" frameborder=\"0\"><\/iframe><\/p>\n<p>Aceast\u0103 ramp\u0103 cu trei trepte este ideal\u0103 pentru c\u00e2inii de ras\u0103 mic\u0103, oferindu-le un ajutor eficient pentru a urca pe canapea, fotoliu sau alte suprafe\u021be \u00eenalte. Construit\u0103 dintr-un cadru de plastic rezistent, aceasta este acoperit\u0103 cu un material textil moale din plu\u0219 de poliester, care asigur\u0103 confortul patrupedului. Capacul este u\u0219or de \u00eendep\u0103rtat \u0219i se poate sp\u0103la, fiind astfel simplu de \u00eentre\u021binut.<\/p>\n<p>Caracteristici:<\/p>\n<ul>\n<li>Ramp\u0103 cu trei trepte pentru c\u00e2ini<\/li>\n<li>Ideal\u0103 pentru rase mici, ajut\u00e2ndu-le s\u0103 urce u\u0219or pe canapea sau fotoliu<\/li>\n<li>Cadrul din plastic este acoperit cu un material textil din plu\u0219 de poliester<\/li>\n<li>Husa se poate \u00eendep\u0103rta \u0219i sp\u0103la cu u\u0219urin\u021b\u0103<\/li>\n<li>Material: Hus\u0103 din \u021bes\u0103tur\u0103 textil\u0103 cu strat de plu\u0219 (polieter)<\/li>\n<\/ul>\n<p>Aceast\u0103 ramp\u0103 este solu\u021bia perfect\u0103 pentru a facilita accesul c\u00e2inilor mici la locurile lor preferate, oferind siguran\u021b\u0103 \u0219i confort.<\/p>\n<p><strong><\/strong><\/p>\n<p><strong>Specifica\u021bii:<\/strong><\/p>\n<p><strong><\/strong><\/p>\n<p>&#8211; Cadrul: Plastic PP<\/p>\n<p>&#8211; L\u0103\u021bime: 35 cm<\/p>\n<p>&#8211; Ad\u00e2ncime pe o treapt\u0103: 15 cm<\/p>\n<p>&#8211; Ad\u00e2ncime total\u0103: 45 cm<\/p>\n<p>&#8211; \u00cen\u0103l\u021bime pe o treapt\u0103: 10,5 cm<\/p>\n<p>&#8211; \u00cen\u0103l\u021bime total\u0103: 31,5 cm<\/p>\n<p>&#8211; Culoare: Gri<\/p>","protected":false},"excerpt":{"rendered":"<p>Culoare: Gri Aceast\u0103 ramp\u0103 cu trei trepte este ideal\u0103 pentru c\u00e2inii de ras\u0103 mic\u0103, oferindu-le un ajutor eficient pentru a<\/p>","protected":false},"featured_media":32985,"comment_status":"open","ping_status":"open","template":"","meta":[],"product_brand":[],"product_cat":[99,378,346],"product_tag":[104],"class_list":{"0":"post-32984","1":"product","2":"type-product","3":"status-publish","4":"has-post-thumbnail","6":"product_cat-acasa","7":"product_cat-igiena-ingrijire-animale","8":"product_cat-petshop","9":"product_tag-in-stoc","10":"pa_culoare-gri","12":"first","13":"instock","14":"sale","15":"purchasable","16":"product-type-simple"},"yoast_head":"<!-- This site is optimized with the Yoast SEO plugin v27.2 - https:\/\/yoast.com\/product\/yoast-seo-wordpress\/ -->\n<title>Scara pentru caini, Plastic\/Poliester, 35x45x31.5cm, Gonga\u00ae | ZOKO<\/title>\n<meta name=\"robots\" content=\"index, follow, max-snippet:-1, max-image-preview:large, max-video-preview:-1\" \/>\n<link rel=\"canonical\" href=\"https:\/\/www.zoko.ro\/en\/p\/scara-pentru-caini-plastic-poliester-35x45x31-5cm-gonga\/\" \/>\n<meta property=\"og:locale\" content=\"en_GB\" \/>\n<meta property=\"og:type\" content=\"article\" \/>\n<meta property=\"og:title\" content=\"Scara pentru caini, Plastic\/Poliester, 35x45x31.5cm, Gonga\u00ae | ZOKO\" \/>\n<meta property=\"og:description\" content=\"Culoare: Gri Aceast\u0103 ramp\u0103 cu trei trepte este ideal\u0103 pentru c\u00e2inii de ras\u0103 mic\u0103, oferindu-le un ajutor eficient pentru a\" \/>\n<meta property=\"og:url\" content=\"https:\/\/www.zoko.ro\/en\/p\/scara-pentru-caini-plastic-poliester-35x45x31-5cm-gonga\/\" \/>\n<meta property=\"og:site_name\" content=\"ZOKO\" \/>\n<meta property=\"article:publisher\" content=\"https:\/\/www.facebook.com\/profile.php?id=61584344135075\" \/>\n<meta property=\"og:image\" content=\"https:\/\/www.zoko.ro\/wp-content\/uploads\/2025\/12\/scara-pentru-caini-plasticpoliester-35x45x315cm-gonga.jpg\" \/>\n\t<meta property=\"og:image:width\" content=\"1200\" \/>\n\t<meta property=\"og:image:height\" content=\"1146\" \/>\n\t<meta property=\"og:image:type\" content=\"image\/jpeg\" \/>\n<meta name=\"twitter:card\" content=\"summary_large_image\" \/>\n<meta name=\"twitter:label1\" content=\"Estimated reading time\" \/>\n\t<meta name=\"twitter:data1\" content=\"1 minute\" \/>\n<script type=\"application\/ld+json\" class=\"yoast-schema-graph\">{\"@context\":\"https:\/\/schema.org\",\"@graph\":[{\"@type\":\"WebPage\",\"@id\":\"https:\/\/www.zoko.ro\/p\/scara-pentru-caini-plastic-poliester-35x45x31-5cm-gonga\/\",\"url\":\"https:\/\/www.zoko.ro\/p\/scara-pentru-caini-plastic-poliester-35x45x31-5cm-gonga\/\",\"name\":\"Scara pentru caini, Plastic\/Poliester, 35x45x31.5cm, Gonga\u00ae | ZOKO\",\"isPartOf\":{\"@id\":\"https:\/\/www.zoko.ro\/#website\"},\"primaryImageOfPage\":{\"@id\":\"https:\/\/www.zoko.ro\/p\/scara-pentru-caini-plastic-poliester-35x45x31-5cm-gonga\/#primaryimage\"},\"image\":{\"@id\":\"https:\/\/www.zoko.ro\/p\/scara-pentru-caini-plastic-poliester-35x45x31-5cm-gonga\/#primaryimage\"},\"thumbnailUrl\":\"https:\/\/www.zoko.ro\/wp-content\/uploads\/2025\/12\/scara-pentru-caini-plasticpoliester-35x45x315cm-gonga.jpg\",\"datePublished\":\"2026-04-28T21:36:14+00:00\",\"breadcrumb\":{\"@id\":\"https:\/\/www.zoko.ro\/p\/scara-pentru-caini-plastic-poliester-35x45x31-5cm-gonga\/#breadcrumb\"},\"inLanguage\":\"en-GB\",\"potentialAction\":[{\"@type\":\"ReadAction\",\"target\":[\"https:\/\/www.zoko.ro\/p\/scara-pentru-caini-plastic-poliester-35x45x31-5cm-gonga\/\"]}]},{\"@type\":\"ImageObject\",\"inLanguage\":\"en-GB\",\"@id\":\"https:\/\/www.zoko.ro\/p\/scara-pentru-caini-plastic-poliester-35x45x31-5cm-gonga\/#primaryimage\",\"url\":\"https:\/\/www.zoko.ro\/wp-content\/uploads\/2025\/12\/scara-pentru-caini-plasticpoliester-35x45x315cm-gonga.jpg\",\"contentUrl\":\"https:\/\/www.zoko.ro\/wp-content\/uploads\/2025\/12\/scara-pentru-caini-plasticpoliester-35x45x315cm-gonga.jpg\",\"width\":1200,\"height\":1146},{\"@type\":\"BreadcrumbList\",\"@id\":\"https:\/\/www.zoko.ro\/p\/scara-pentru-caini-plastic-poliester-35x45x31-5cm-gonga\/#breadcrumb\",\"itemListElement\":[{\"@type\":\"ListItem\",\"position\":1,\"name\":\"Home\",\"item\":\"https:\/\/www.zoko.ro\/\"},{\"@type\":\"ListItem\",\"position\":2,\"name\":\"Magazin\",\"item\":\"https:\/\/www.zoko.ro\/magazin\/\"},{\"@type\":\"ListItem\",\"position\":3,\"name\":\"Scara pentru caini, Plastic\/Poliester, 35x45x31.5cm, Gonga\u00ae\"}]},{\"@type\":\"WebSite\",\"@id\":\"https:\/\/www.zoko.ro\/#website\",\"url\":\"https:\/\/www.zoko.ro\/\",\"name\":\"ZOKO.ro\",\"description\":\"Cump\u0103r\u0103 inteligent\",\"publisher\":{\"@id\":\"https:\/\/www.zoko.ro\/#organization\"},\"potentialAction\":[{\"@type\":\"SearchAction\",\"target\":{\"@type\":\"EntryPoint\",\"urlTemplate\":\"https:\/\/www.zoko.ro\/?s={search_term_string}\"},\"query-input\":{\"@type\":\"PropertyValueSpecification\",\"valueRequired\":true,\"valueName\":\"search_term_string\"}}],\"inLanguage\":\"en-GB\"},{\"@type\":\"Organization\",\"@id\":\"https:\/\/www.zoko.ro\/#organization\",\"name\":\"ZOKO\",\"url\":\"https:\/\/www.zoko.ro\/\",\"logo\":{\"@type\":\"ImageObject\",\"inLanguage\":\"en-GB\",\"@id\":\"https:\/\/www.zoko.ro\/#\/schema\/logo\/image\/\",\"url\":\"https:\/\/www.zoko.ro\/wp-content\/uploads\/2025\/03\/logo1.svg\",\"contentUrl\":\"https:\/\/www.zoko.ro\/wp-content\/uploads\/2025\/03\/logo1.svg\",\"width\":799,\"height\":216,\"caption\":\"ZOKO\"},\"image\":{\"@id\":\"https:\/\/www.zoko.ro\/#\/schema\/logo\/image\/\"},\"sameAs\":[\"https:\/\/www.facebook.com\/profile.php?id=61584344135075\"]}]}<\/script>\n<!-- \/ Yoast SEO plugin. -->","yoast_head_json":{"title":"Scara pentru caini, Plastic\/Poliester, 35x45x31.5cm, Gonga\u00ae | ZOKO","robots":{"index":"index","follow":"follow","max-snippet":"max-snippet:-1","max-image-preview":"max-image-preview:large","max-video-preview":"max-video-preview:-1"},"canonical":"https:\/\/www.zoko.ro\/en\/p\/scara-pentru-caini-plastic-poliester-35x45x31-5cm-gonga\/","og_locale":"en_GB","og_type":"article","og_title":"Scara pentru caini, Plastic\/Poliester, 35x45x31.5cm, Gonga\u00ae | ZOKO","og_description":"Culoare: Gri Aceast\u0103 ramp\u0103 cu trei trepte este ideal\u0103 pentru c\u00e2inii de ras\u0103 mic\u0103, oferindu-le un ajutor eficient pentru a","og_url":"https:\/\/www.zoko.ro\/en\/p\/scara-pentru-caini-plastic-poliester-35x45x31-5cm-gonga\/","og_site_name":"ZOKO","article_publisher":"https:\/\/www.facebook.com\/profile.php?id=61584344135075","og_image":[{"width":1200,"height":1146,"url":"https:\/\/www.zoko.ro\/wp-content\/uploads\/2025\/12\/scara-pentru-caini-plasticpoliester-35x45x315cm-gonga.jpg","type":"image\/jpeg"}],"twitter_card":"summary_large_image","twitter_misc":{"Estimated reading time":"1 minute"},"schema":{"@context":"https:\/\/schema.org","@graph":[{"@type":"WebPage","@id":"https:\/\/www.zoko.ro\/p\/scara-pentru-caini-plastic-poliester-35x45x31-5cm-gonga\/","url":"https:\/\/www.zoko.ro\/p\/scara-pentru-caini-plastic-poliester-35x45x31-5cm-gonga\/","name":"Scara pentru caini, Plastic\/Poliester, 35x45x31.5cm, Gonga\u00ae | ZOKO","isPartOf":{"@id":"https:\/\/www.zoko.ro\/#website"},"primaryImageOfPage":{"@id":"https:\/\/www.zoko.ro\/p\/scara-pentru-caini-plastic-poliester-35x45x31-5cm-gonga\/#primaryimage"},"image":{"@id":"https:\/\/www.zoko.ro\/p\/scara-pentru-caini-plastic-poliester-35x45x31-5cm-gonga\/#primaryimage"},"thumbnailUrl":"https:\/\/www.zoko.ro\/wp-content\/uploads\/2025\/12\/scara-pentru-caini-plasticpoliester-35x45x315cm-gonga.jpg","datePublished":"2026-04-28T21:36:14+00:00","breadcrumb":{"@id":"https:\/\/www.zoko.ro\/p\/scara-pentru-caini-plastic-poliester-35x45x31-5cm-gonga\/#breadcrumb"},"inLanguage":"en-GB","potentialAction":[{"@type":"ReadAction","target":["https:\/\/www.zoko.ro\/p\/scara-pentru-caini-plastic-poliester-35x45x31-5cm-gonga\/"]}]},{"@type":"ImageObject","inLanguage":"en-GB","@id":"https:\/\/www.zoko.ro\/p\/scara-pentru-caini-plastic-poliester-35x45x31-5cm-gonga\/#primaryimage","url":"https:\/\/www.zoko.ro\/wp-content\/uploads\/2025\/12\/scara-pentru-caini-plasticpoliester-35x45x315cm-gonga.jpg","contentUrl":"https:\/\/www.zoko.ro\/wp-content\/uploads\/2025\/12\/scara-pentru-caini-plasticpoliester-35x45x315cm-gonga.jpg","width":1200,"height":1146},{"@type":"BreadcrumbList","@id":"https:\/\/www.zoko.ro\/p\/scara-pentru-caini-plastic-poliester-35x45x31-5cm-gonga\/#breadcrumb","itemListElement":[{"@type":"ListItem","position":1,"name":"Home","item":"https:\/\/www.zoko.ro\/"},{"@type":"ListItem","position":2,"name":"Magazin","item":"https:\/\/www.zoko.ro\/magazin\/"},{"@type":"ListItem","position":3,"name":"Scara pentru caini, Plastic\/Poliester, 35x45x31.5cm, Gonga\u00ae"}]},{"@type":"WebSite","@id":"https:\/\/www.zoko.ro\/#website","url":"https:\/\/www.zoko.ro\/","name":"ZOKO.ro","description":"Cump\u0103r\u0103 inteligent","publisher":{"@id":"https:\/\/www.zoko.ro\/#organization"},"potentialAction":[{"@type":"SearchAction","target":{"@type":"EntryPoint","urlTemplate":"https:\/\/www.zoko.ro\/?s={search_term_string}"},"query-input":{"@type":"PropertyValueSpecification","valueRequired":true,"valueName":"search_term_string"}}],"inLanguage":"en-GB"},{"@type":"Organization","@id":"https:\/\/www.zoko.ro\/#organization","name":"ZOKO","url":"https:\/\/www.zoko.ro\/","logo":{"@type":"ImageObject","inLanguage":"en-GB","@id":"https:\/\/www.zoko.ro\/#\/schema\/logo\/image\/","url":"https:\/\/www.zoko.ro\/wp-content\/uploads\/2025\/03\/logo1.svg","contentUrl":"https:\/\/www.zoko.ro\/wp-content\/uploads\/2025\/03\/logo1.svg","width":799,"height":216,"caption":"ZOKO"},"image":{"@id":"https:\/\/www.zoko.ro\/#\/schema\/logo\/image\/"},"sameAs":["https:\/\/www.facebook.com\/profile.php?id=61584344135075"]}]}},"_links":{"self":[{"href":"https:\/\/www.zoko.ro\/en\/wp-json\/wp\/v2\/product\/32984","targetHints":{"allow":["GET"]}}],"collection":[{"href":"https:\/\/www.zoko.ro\/en\/wp-json\/wp\/v2\/product"}],"about":[{"href":"https:\/\/www.zoko.ro\/en\/wp-json\/wp\/v2\/types\/product"}],"replies":[{"embeddable":true,"href":"https:\/\/www.zoko.ro\/en\/wp-json\/wp\/v2\/comments?post=32984"}],"version-history":[{"count":1,"href":"https:\/\/www.zoko.ro\/en\/wp-json\/wp\/v2\/product\/32984\/revisions"}],"predecessor-version":[{"id":33839,"href":"https:\/\/www.zoko.ro\/en\/wp-json\/wp\/v2\/product\/32984\/revisions\/33839"}],"wp:featuredmedia":[{"embeddable":true,"href":"https:\/\/www.zoko.ro\/en\/wp-json\/wp\/v2\/media\/32985"}],"wp:attachment":[{"href":"https:\/\/www.zoko.ro\/en\/wp-json\/wp\/v2\/media?parent=32984"}],"wp:term":[{"taxonomy":"product_brand","embeddable":true,"href":"https:\/\/www.zoko.ro\/en\/wp-json\/wp\/v2\/product_brand?post=32984"},{"taxonomy":"product_cat","embeddable":true,"href":"https:\/\/www.zoko.ro\/en\/wp-json\/wp\/v2\/product_cat?post=32984"},{"taxonomy":"product_tag","embeddable":true,"href":"https:\/\/www.zoko.ro\/en\/wp-json\/wp\/v2\/product_tag?post=32984"}],"curies":[{"name":"wp","href":"https:\/\/api.w.org\/{rel}","templated":true}]}}