{"id":32992,"date":"2026-04-28T23:36:14","date_gmt":"2026-04-28T21:36:14","guid":{"rendered":"https:\/\/www.zoko.ro\/p\/smart-home-gateway-gw16-w-zigbee-3-0-ble-85x100x23mm-gonga\/"},"modified":"2026-04-28T23:36:14","modified_gmt":"2026-04-28T21:36:14","slug":"smart-home-gateway-gw16-w-zigbee-3-0-ble-85x100x23mm-gonga","status":"publish","type":"product","link":"https:\/\/www.zoko.ro\/en\/p\/smart-home-gateway-gw16-w-zigbee-3-0-ble-85x100x23mm-gonga\/","title":{"rendered":"Smart Home Gateway GW16-W, Zigbee 3.0\/BLE, 85x100x23mm, Gonga\u00ae"},"content":{"rendered":"<p><strong>Culoare:<\/strong> Alb<\/p>\n<p>Transform\u0103-\u021bi locuin\u021ba \u00eentr-o cas\u0103 inteligent\u0103 cu Smart Home Gateway GW16-W. Acest dispozitiv compact devine centrul de control al casei tale, conect\u00e2nd toate dispozitivele inteligente \u00eentr-un singur ecosistem integrat. Compatibil cu protocoalele Zigbee 3.0 \u0219i Bluetooth Mesh, gateway-ul \u00ee\u021bi ofer\u0103 control facil, flexibilitate \u0219i automatizare avansat\u0103, pentru a-\u021bi simplifica via\u021ba de zi cu zi.<\/p>\n<ul>\n<li>Automatizare prin scene inteligente<\/li>\n<\/ul>\n<p>Cu Gateway-ul GW16-W, po\u021bi crea scene inteligente adaptate stilului t\u0103u de via\u021b\u0103. Dispozitivul permite combinarea mai multor componente \u0219i dispozitive pentru o automatizare excep\u021bional\u0103. De exemplu: monteaz\u0103 un senzor pe u\u0219\u0103 \u0219i configureaz\u0103 o scen\u0103 care, la deschiderea acesteia, trage perdelele \u0219i porne\u0219te aerul condi\u021bionat. Aceasta este doar una dintre multele posibilit\u0103\u021bi pe care le ai la dispozi\u021bie pentru a-\u021bi transforma casa \u00eentr-un spa\u021biu personalizat, adaptat preferin\u021belor tale.<\/p>\n<ul>\n<li>Control facil \u0219i versatil<\/li>\n<\/ul>\n<p>Gestionarea casei inteligente nu a fost niciodat\u0103 mai simpl\u0103! Gateway-ul poate fi controlat vocal, datorit\u0103 compatibilit\u0103\u021bii cu Amazon Alexa \u0219i Google Home, sau direct dintr-o aplica\u021bie intuitiv\u0103. Astfel, po\u021bi controla dispozitivele inteligente oric\u00e2nd \u0219i oriunde. Protocolul Zigbee 3.0\/BLE permite conectarea unei variet\u0103\u021bi de dispozitive, cum ar fi:<\/p>\n<p>&#8211; Senzori de u\u0219i<\/p>\n<p>&#8211; Prize inteligente<\/p>\n<p>&#8211; Becuri inteligente<\/p>\n<p>&#8211; Senzori de inunda\u021bii<\/p>\n<p>Creeaz\u0103 un ecosistem complet \u0219i conectat pentru o cas\u0103 inteligent\u0103 perfect func\u021bional\u0103!<\/p>\n<ul>\n<li>Eficien\u021b\u0103 \u0219i flexibilitate \u00eentr-un singur dispozitiv<\/li>\n<\/ul>\n<p>Compact, modern \u0219i u\u0219or de integrat, Smart Home Gateway GW16-W este alegerea ideal\u0103 pentru a aduce confort, automatizare \u0219i control avansat \u00een casa ta.\u00a0<\/p>","protected":false},"excerpt":{"rendered":"<p>Culoare: Alb Transform\u0103-\u021bi locuin\u021ba \u00eentr-o cas\u0103 inteligent\u0103 cu Smart Home Gateway GW16-W. Acest dispozitiv compact devine centrul de control al<\/p>","protected":false},"featured_media":32993,"comment_status":"open","ping_status":"open","template":"","meta":[],"product_brand":[],"product_cat":[99,332,330],"product_tag":[104],"class_list":{"0":"post-32992","1":"product","2":"type-product","3":"status-publish","4":"has-post-thumbnail","6":"product_cat-acasa","7":"product_cat-alte-gadgeturi","8":"product_cat-gadgeturi","9":"product_tag-in-stoc","10":"pa_culoare-alb","12":"first","13":"instock","14":"sale","15":"purchasable","16":"product-type-simple"},"yoast_head":"<!-- This site is optimized with the Yoast SEO plugin v27.2 - https:\/\/yoast.com\/product\/yoast-seo-wordpress\/ -->\n<title>Smart Home Gateway GW16-W, Zigbee 3.0\/BLE, 85x100x23mm, Gonga\u00ae | ZOKO<\/title>\n<meta name=\"robots\" content=\"index, follow, max-snippet:-1, max-image-preview:large, max-video-preview:-1\" \/>\n<link rel=\"canonical\" href=\"https:\/\/www.zoko.ro\/en\/p\/smart-home-gateway-gw16-w-zigbee-3-0-ble-85x100x23mm-gonga\/\" \/>\n<meta property=\"og:locale\" content=\"en_GB\" \/>\n<meta property=\"og:type\" content=\"article\" \/>\n<meta property=\"og:title\" content=\"Smart Home Gateway GW16-W, Zigbee 3.0\/BLE, 85x100x23mm, Gonga\u00ae | ZOKO\" \/>\n<meta property=\"og:description\" content=\"Culoare: Alb Transform\u0103-\u021bi locuin\u021ba \u00eentr-o cas\u0103 inteligent\u0103 cu Smart Home Gateway GW16-W. Acest dispozitiv compact devine centrul de control al\" \/>\n<meta property=\"og:url\" content=\"https:\/\/www.zoko.ro\/en\/p\/smart-home-gateway-gw16-w-zigbee-3-0-ble-85x100x23mm-gonga\/\" \/>\n<meta property=\"og:site_name\" content=\"ZOKO\" \/>\n<meta property=\"article:publisher\" content=\"https:\/\/www.facebook.com\/profile.php?id=61584344135075\" \/>\n<meta property=\"og:image\" content=\"https:\/\/www.zoko.ro\/wp-content\/uploads\/2025\/12\/smart-home-gateway-gw16-w-zigbee-30ble-85x100x23mm-gonga.jpg\" \/>\n\t<meta property=\"og:image:width\" content=\"800\" \/>\n\t<meta property=\"og:image:height\" content=\"800\" \/>\n\t<meta property=\"og:image:type\" content=\"image\/jpeg\" \/>\n<meta name=\"twitter:card\" content=\"summary_large_image\" \/>\n<meta name=\"twitter:label1\" content=\"Estimated reading time\" \/>\n\t<meta name=\"twitter:data1\" content=\"1 minute\" \/>\n<script type=\"application\/ld+json\" class=\"yoast-schema-graph\">{\"@context\":\"https:\/\/schema.org\",\"@graph\":[{\"@type\":\"WebPage\",\"@id\":\"https:\/\/www.zoko.ro\/p\/smart-home-gateway-gw16-w-zigbee-3-0-ble-85x100x23mm-gonga\/\",\"url\":\"https:\/\/www.zoko.ro\/p\/smart-home-gateway-gw16-w-zigbee-3-0-ble-85x100x23mm-gonga\/\",\"name\":\"Smart Home Gateway GW16-W, Zigbee 3.0\/BLE, 85x100x23mm, Gonga\u00ae | ZOKO\",\"isPartOf\":{\"@id\":\"https:\/\/www.zoko.ro\/#website\"},\"primaryImageOfPage\":{\"@id\":\"https:\/\/www.zoko.ro\/p\/smart-home-gateway-gw16-w-zigbee-3-0-ble-85x100x23mm-gonga\/#primaryimage\"},\"image\":{\"@id\":\"https:\/\/www.zoko.ro\/p\/smart-home-gateway-gw16-w-zigbee-3-0-ble-85x100x23mm-gonga\/#primaryimage\"},\"thumbnailUrl\":\"https:\/\/www.zoko.ro\/wp-content\/uploads\/2025\/12\/smart-home-gateway-gw16-w-zigbee-30ble-85x100x23mm-gonga.jpg\",\"datePublished\":\"2026-04-28T21:36:14+00:00\",\"breadcrumb\":{\"@id\":\"https:\/\/www.zoko.ro\/p\/smart-home-gateway-gw16-w-zigbee-3-0-ble-85x100x23mm-gonga\/#breadcrumb\"},\"inLanguage\":\"en-GB\",\"potentialAction\":[{\"@type\":\"ReadAction\",\"target\":[\"https:\/\/www.zoko.ro\/p\/smart-home-gateway-gw16-w-zigbee-3-0-ble-85x100x23mm-gonga\/\"]}]},{\"@type\":\"ImageObject\",\"inLanguage\":\"en-GB\",\"@id\":\"https:\/\/www.zoko.ro\/p\/smart-home-gateway-gw16-w-zigbee-3-0-ble-85x100x23mm-gonga\/#primaryimage\",\"url\":\"https:\/\/www.zoko.ro\/wp-content\/uploads\/2025\/12\/smart-home-gateway-gw16-w-zigbee-30ble-85x100x23mm-gonga.jpg\",\"contentUrl\":\"https:\/\/www.zoko.ro\/wp-content\/uploads\/2025\/12\/smart-home-gateway-gw16-w-zigbee-30ble-85x100x23mm-gonga.jpg\",\"width\":800,\"height\":800},{\"@type\":\"BreadcrumbList\",\"@id\":\"https:\/\/www.zoko.ro\/p\/smart-home-gateway-gw16-w-zigbee-3-0-ble-85x100x23mm-gonga\/#breadcrumb\",\"itemListElement\":[{\"@type\":\"ListItem\",\"position\":1,\"name\":\"Home\",\"item\":\"https:\/\/www.zoko.ro\/\"},{\"@type\":\"ListItem\",\"position\":2,\"name\":\"Magazin\",\"item\":\"https:\/\/www.zoko.ro\/magazin\/\"},{\"@type\":\"ListItem\",\"position\":3,\"name\":\"Smart Home Gateway GW16-W, Zigbee 3.0\/BLE, 85x100x23mm, Gonga\u00ae\"}]},{\"@type\":\"WebSite\",\"@id\":\"https:\/\/www.zoko.ro\/#website\",\"url\":\"https:\/\/www.zoko.ro\/\",\"name\":\"ZOKO.ro\",\"description\":\"Cump\u0103r\u0103 inteligent\",\"publisher\":{\"@id\":\"https:\/\/www.zoko.ro\/#organization\"},\"potentialAction\":[{\"@type\":\"SearchAction\",\"target\":{\"@type\":\"EntryPoint\",\"urlTemplate\":\"https:\/\/www.zoko.ro\/?s={search_term_string}\"},\"query-input\":{\"@type\":\"PropertyValueSpecification\",\"valueRequired\":true,\"valueName\":\"search_term_string\"}}],\"inLanguage\":\"en-GB\"},{\"@type\":\"Organization\",\"@id\":\"https:\/\/www.zoko.ro\/#organization\",\"name\":\"ZOKO\",\"url\":\"https:\/\/www.zoko.ro\/\",\"logo\":{\"@type\":\"ImageObject\",\"inLanguage\":\"en-GB\",\"@id\":\"https:\/\/www.zoko.ro\/#\/schema\/logo\/image\/\",\"url\":\"https:\/\/www.zoko.ro\/wp-content\/uploads\/2025\/03\/logo1.svg\",\"contentUrl\":\"https:\/\/www.zoko.ro\/wp-content\/uploads\/2025\/03\/logo1.svg\",\"width\":799,\"height\":216,\"caption\":\"ZOKO\"},\"image\":{\"@id\":\"https:\/\/www.zoko.ro\/#\/schema\/logo\/image\/\"},\"sameAs\":[\"https:\/\/www.facebook.com\/profile.php?id=61584344135075\"]}]}<\/script>\n<!-- \/ Yoast SEO plugin. -->","yoast_head_json":{"title":"Smart Home Gateway GW16-W, Zigbee 3.0\/BLE, 85x100x23mm, Gonga\u00ae | ZOKO","robots":{"index":"index","follow":"follow","max-snippet":"max-snippet:-1","max-image-preview":"max-image-preview:large","max-video-preview":"max-video-preview:-1"},"canonical":"https:\/\/www.zoko.ro\/en\/p\/smart-home-gateway-gw16-w-zigbee-3-0-ble-85x100x23mm-gonga\/","og_locale":"en_GB","og_type":"article","og_title":"Smart Home Gateway GW16-W, Zigbee 3.0\/BLE, 85x100x23mm, Gonga\u00ae | ZOKO","og_description":"Culoare: Alb Transform\u0103-\u021bi locuin\u021ba \u00eentr-o cas\u0103 inteligent\u0103 cu Smart Home Gateway GW16-W. Acest dispozitiv compact devine centrul de control al","og_url":"https:\/\/www.zoko.ro\/en\/p\/smart-home-gateway-gw16-w-zigbee-3-0-ble-85x100x23mm-gonga\/","og_site_name":"ZOKO","article_publisher":"https:\/\/www.facebook.com\/profile.php?id=61584344135075","og_image":[{"width":800,"height":800,"url":"https:\/\/www.zoko.ro\/wp-content\/uploads\/2025\/12\/smart-home-gateway-gw16-w-zigbee-30ble-85x100x23mm-gonga.jpg","type":"image\/jpeg"}],"twitter_card":"summary_large_image","twitter_misc":{"Estimated reading time":"1 minute"},"schema":{"@context":"https:\/\/schema.org","@graph":[{"@type":"WebPage","@id":"https:\/\/www.zoko.ro\/p\/smart-home-gateway-gw16-w-zigbee-3-0-ble-85x100x23mm-gonga\/","url":"https:\/\/www.zoko.ro\/p\/smart-home-gateway-gw16-w-zigbee-3-0-ble-85x100x23mm-gonga\/","name":"Smart Home Gateway GW16-W, Zigbee 3.0\/BLE, 85x100x23mm, Gonga\u00ae | ZOKO","isPartOf":{"@id":"https:\/\/www.zoko.ro\/#website"},"primaryImageOfPage":{"@id":"https:\/\/www.zoko.ro\/p\/smart-home-gateway-gw16-w-zigbee-3-0-ble-85x100x23mm-gonga\/#primaryimage"},"image":{"@id":"https:\/\/www.zoko.ro\/p\/smart-home-gateway-gw16-w-zigbee-3-0-ble-85x100x23mm-gonga\/#primaryimage"},"thumbnailUrl":"https:\/\/www.zoko.ro\/wp-content\/uploads\/2025\/12\/smart-home-gateway-gw16-w-zigbee-30ble-85x100x23mm-gonga.jpg","datePublished":"2026-04-28T21:36:14+00:00","breadcrumb":{"@id":"https:\/\/www.zoko.ro\/p\/smart-home-gateway-gw16-w-zigbee-3-0-ble-85x100x23mm-gonga\/#breadcrumb"},"inLanguage":"en-GB","potentialAction":[{"@type":"ReadAction","target":["https:\/\/www.zoko.ro\/p\/smart-home-gateway-gw16-w-zigbee-3-0-ble-85x100x23mm-gonga\/"]}]},{"@type":"ImageObject","inLanguage":"en-GB","@id":"https:\/\/www.zoko.ro\/p\/smart-home-gateway-gw16-w-zigbee-3-0-ble-85x100x23mm-gonga\/#primaryimage","url":"https:\/\/www.zoko.ro\/wp-content\/uploads\/2025\/12\/smart-home-gateway-gw16-w-zigbee-30ble-85x100x23mm-gonga.jpg","contentUrl":"https:\/\/www.zoko.ro\/wp-content\/uploads\/2025\/12\/smart-home-gateway-gw16-w-zigbee-30ble-85x100x23mm-gonga.jpg","width":800,"height":800},{"@type":"BreadcrumbList","@id":"https:\/\/www.zoko.ro\/p\/smart-home-gateway-gw16-w-zigbee-3-0-ble-85x100x23mm-gonga\/#breadcrumb","itemListElement":[{"@type":"ListItem","position":1,"name":"Home","item":"https:\/\/www.zoko.ro\/"},{"@type":"ListItem","position":2,"name":"Magazin","item":"https:\/\/www.zoko.ro\/magazin\/"},{"@type":"ListItem","position":3,"name":"Smart Home Gateway GW16-W, Zigbee 3.0\/BLE, 85x100x23mm, Gonga\u00ae"}]},{"@type":"WebSite","@id":"https:\/\/www.zoko.ro\/#website","url":"https:\/\/www.zoko.ro\/","name":"ZOKO.ro","description":"Cump\u0103r\u0103 inteligent","publisher":{"@id":"https:\/\/www.zoko.ro\/#organization"},"potentialAction":[{"@type":"SearchAction","target":{"@type":"EntryPoint","urlTemplate":"https:\/\/www.zoko.ro\/?s={search_term_string}"},"query-input":{"@type":"PropertyValueSpecification","valueRequired":true,"valueName":"search_term_string"}}],"inLanguage":"en-GB"},{"@type":"Organization","@id":"https:\/\/www.zoko.ro\/#organization","name":"ZOKO","url":"https:\/\/www.zoko.ro\/","logo":{"@type":"ImageObject","inLanguage":"en-GB","@id":"https:\/\/www.zoko.ro\/#\/schema\/logo\/image\/","url":"https:\/\/www.zoko.ro\/wp-content\/uploads\/2025\/03\/logo1.svg","contentUrl":"https:\/\/www.zoko.ro\/wp-content\/uploads\/2025\/03\/logo1.svg","width":799,"height":216,"caption":"ZOKO"},"image":{"@id":"https:\/\/www.zoko.ro\/#\/schema\/logo\/image\/"},"sameAs":["https:\/\/www.facebook.com\/profile.php?id=61584344135075"]}]}},"_links":{"self":[{"href":"https:\/\/www.zoko.ro\/en\/wp-json\/wp\/v2\/product\/32992","targetHints":{"allow":["GET"]}}],"collection":[{"href":"https:\/\/www.zoko.ro\/en\/wp-json\/wp\/v2\/product"}],"about":[{"href":"https:\/\/www.zoko.ro\/en\/wp-json\/wp\/v2\/types\/product"}],"replies":[{"embeddable":true,"href":"https:\/\/www.zoko.ro\/en\/wp-json\/wp\/v2\/comments?post=32992"}],"version-history":[{"count":1,"href":"https:\/\/www.zoko.ro\/en\/wp-json\/wp\/v2\/product\/32992\/revisions"}],"predecessor-version":[{"id":38393,"href":"https:\/\/www.zoko.ro\/en\/wp-json\/wp\/v2\/product\/32992\/revisions\/38393"}],"wp:featuredmedia":[{"embeddable":true,"href":"https:\/\/www.zoko.ro\/en\/wp-json\/wp\/v2\/media\/32993"}],"wp:attachment":[{"href":"https:\/\/www.zoko.ro\/en\/wp-json\/wp\/v2\/media?parent=32992"}],"wp:term":[{"taxonomy":"product_brand","embeddable":true,"href":"https:\/\/www.zoko.ro\/en\/wp-json\/wp\/v2\/product_brand?post=32992"},{"taxonomy":"product_cat","embeddable":true,"href":"https:\/\/www.zoko.ro\/en\/wp-json\/wp\/v2\/product_cat?post=32992"},{"taxonomy":"product_tag","embeddable":true,"href":"https:\/\/www.zoko.ro\/en\/wp-json\/wp\/v2\/product_tag?post=32992"}],"curies":[{"name":"wp","href":"https:\/\/api.w.org\/{rel}","templated":true}]}}