{"id":33003,"date":"2026-04-28T23:36:14","date_gmt":"2026-04-28T21:36:14","guid":{"rendered":"https:\/\/www.zoko.ro\/p\/jucarie-laser-petoneer-smart-dot-inteligenta-pentru-caini-si-pisici-model-ochi-gonga\/"},"modified":"2026-04-28T23:36:15","modified_gmt":"2026-04-28T21:36:15","slug":"jucarie-laser-petoneer-smart-dot-inteligenta-pentru-caini-si-pisici-model-ochi-gonga","status":"publish","type":"product","link":"https:\/\/www.zoko.ro\/en\/p\/jucarie-laser-petoneer-smart-dot-inteligenta-pentru-caini-si-pisici-model-ochi-gonga\/","title":{"rendered":"Juc\u0103rie laser Petoneer Smart Dot inteligent\u0103 pentru c\u00e2ini \u0219i pisici, model ochi, Gonga\u00ae"},"content":{"rendered":"<p><strong>Culoare:<\/strong> Alb<\/p>\n<p><iframe loading=\"lazy\" width=\"560\" height=\"315\" src=\"https:\/\/www.youtube.com\/embed\/1-bHNQC6bwA?si=NZJYdjoNLRW72sIO\" title=\"YouTube video player\" frameborder=\"0\"><\/iframe><\/p>\n<p>Pisicile sunt n\u0103scute v\u00e2n\u0103tori. Dac\u0103 vrei s\u0103-\u021bi distrezi animalul de companie \u0219i, totodat\u0103, s\u0103-l aju\u021bi s\u0103 r\u0103m\u00e2n\u0103 \u00een form\u0103, alege juc\u0103ria interactiv\u0103 Petoneer Smart Dot. Acest dispozitiv ingenios proiecteaz\u0103 un punct laser \u00een mi\u0219care, oferind ore \u00eentregi de distrac\u021bie pentru pisica ta! Cu moduri multiple de operare, \u00eenc\u0103rcare prin Micro USB \u0219i control prin aplica\u021bie, acest gadget inteligent este simplu \u0219i convenabil de utilizat.<\/p>\n<p><strong>Modul perfect de a combate plictiseala<\/strong><\/p>\n<p>L\u0103sat\u0103 singur\u0103 acas\u0103, pisica poate deveni nelini\u0219tit\u0103 sau chiar problematic\u0103. Petoneer Smart Dot vine \u00een ajutor, stimul\u00e2nd instinctele naturale ale animalului t\u0103u \u0219i oferindu-i distrac\u021bie atunci c\u00e2nd r\u0103m\u00e2ne singur. Po\u021bi seta dispozitivul astfel \u00eenc\u00e2t s\u0103 \u021bin\u0103 pisica ocupat\u0103 pe tot parcursul zilei, astfel \u00eenc\u00e2t aceasta nici nu va observa lipsa ta! Acest companion interactiv asigur\u0103 c\u0103 prietenul t\u0103u felin nu se va mai plictisi.<\/p>\n<p><strong>Multiple moduri de operare<\/strong><\/p>\n<p>Petoneer Smart Dot \u00ee\u021bi ofer\u0103 3 traiectorii diferite \u0219i 3 moduri de func\u021bionare pentru unghiuri variate, ceea ce \u00eenseamn\u0103 c\u0103 poate fi ajustat \u00een func\u021bie de nevoile \u0219i preferin\u021bele animalului t\u0103u. Ai mai mul\u021bi pisoi? Nicio problem\u0103! Alege cea mai mare zon\u0103 de lucru, iar ei se vor distra urm\u0103rind \u00eempreun\u0103 punctul laser pe o suprafa\u021b\u0103 extins\u0103.<\/p>\n<p><strong>Programe personalizate pentru joac\u0103<\/strong><\/p>\n<p>Cu aplica\u021bia dedicat\u0103, po\u021bi seta programe personalizate pentru pisicile tale. Planific\u0103 intervalele de func\u021bionare \u0219i selecteaz\u0103 modurile potrivite pentru a oferi animalului t\u0103u o surpriz\u0103 pl\u0103cut\u0103. Chiar \u0219i atunci c\u00e2nd e\u0219ti departe de cas\u0103, Smart Dot transform\u0103 timpul de joac\u0103 \u00eentr-o experien\u021b\u0103 captivant\u0103.<\/p>\n<p><strong>Distrac\u021bie interactiv\u0103 pentru tine \u0219i pisica ta<\/strong><\/p>\n<p>Aplica\u021bia \u00ee\u021bi permite s\u0103 controlezi \u00een timp real mi\u0219carea punctului laser, asigur\u00e2nd distrac\u021bie interactiv\u0103. Doar mi\u0219c\u0103 smartphone-ul \u00een direc\u021bia dorit\u0103 \u0219i prive\u0219te-\u021bi pisica urm\u0103rind cu entuziasm punctul ro\u0219u. Este o modalitate excelent\u0103 de a v\u0103 bucura \u00eempreun\u0103 de timpul liber!<\/p>\n<p><strong>Design elegant \u0219i func\u021bional<\/strong><\/p>\n<p>Smart Dot impresioneaz\u0103 prin designul s\u0103u modern, inspirat de forma unei pisici. Compact \u0219i portabil, \u00eel po\u021bi muta \u0219i pozi\u021biona oriunde dore\u0219ti. Dispozitivul se alimenteaz\u0103 prin USB, fie de la o priz\u0103, fie de la o baterie extern\u0103. Cu un buton discret \u0219i sensibil, este u\u0219or de utilizat, fiind creat special pentru tine \u0219i pisica ta.<\/p>\n<p><strong>Integrare cu sistemul TUYA<\/strong><\/p>\n<p>Petoneer Smart Dot este compatibil cu platforma TUYA, ceea ce \u00eel face u\u0219or de utilizat al\u0103turi de alte dispozitive inteligente. Aplica\u021bia Petoneer, bazat\u0103 pe protocolul Tuya, este intuitiv\u0103 \u0219i plin\u0103 de func\u021bionalit\u0103\u021bi, oferindu-\u021bi o experien\u021b\u0103 de utilizare simpl\u0103 \u0219i pl\u0103cut\u0103.<\/p>\n<p>Cu Petoneer Smart Dot, plictiseala pisicii tale devine de domeniul trecutului!<\/p>\n<\/p>\n<p><strong>Specificatii:<\/strong><\/p>\n<\/p>\n<p>&#8211; Alimentare electric\u0103: USB<\/p>\n<p>&#8211; Culoare: Alb<\/p>\n<p>&#8211; Dimensiuni: 90 x 122 mm<\/p>","protected":false},"excerpt":{"rendered":"<p>Culoare: Alb Pisicile sunt n\u0103scute v\u00e2n\u0103tori. Dac\u0103 vrei s\u0103-\u021bi distrezi animalul de companie \u0219i, totodat\u0103, s\u0103-l aju\u021bi s\u0103 r\u0103m\u00e2n\u0103 \u00een<\/p>","protected":false},"featured_media":33004,"comment_status":"open","ping_status":"open","template":"","meta":[],"product_brand":[],"product_cat":[99,369,346],"product_tag":[104],"class_list":{"0":"post-33003","1":"product","2":"type-product","3":"status-publish","4":"has-post-thumbnail","6":"product_cat-acasa","7":"product_cat-jucarii-animale","8":"product_cat-petshop","9":"product_tag-in-stoc","10":"pa_culoare-alb","12":"first","13":"instock","14":"sale","15":"purchasable","16":"product-type-simple"},"yoast_head":"<!-- This site is optimized with the Yoast SEO plugin v27.2 - https:\/\/yoast.com\/product\/yoast-seo-wordpress\/ -->\n<title>Juc\u0103rie laser Petoneer Smart Dot inteligent\u0103 pentru c\u00e2ini \u0219i pisici, model ochi, Gonga\u00ae | ZOKO<\/title>\n<meta name=\"robots\" content=\"index, follow, max-snippet:-1, max-image-preview:large, max-video-preview:-1\" \/>\n<link rel=\"canonical\" href=\"https:\/\/www.zoko.ro\/en\/p\/jucarie-laser-petoneer-smart-dot-inteligenta-pentru-caini-si-pisici-model-ochi-gonga\/\" \/>\n<meta property=\"og:locale\" content=\"en_GB\" \/>\n<meta property=\"og:type\" content=\"article\" \/>\n<meta property=\"og:title\" content=\"Juc\u0103rie laser Petoneer Smart Dot inteligent\u0103 pentru c\u00e2ini \u0219i pisici, model ochi, Gonga\u00ae | ZOKO\" \/>\n<meta property=\"og:description\" content=\"Culoare: Alb Pisicile sunt n\u0103scute v\u00e2n\u0103tori. Dac\u0103 vrei s\u0103-\u021bi distrezi animalul de companie \u0219i, totodat\u0103, s\u0103-l aju\u021bi s\u0103 r\u0103m\u00e2n\u0103 \u00een\" \/>\n<meta property=\"og:url\" content=\"https:\/\/www.zoko.ro\/en\/p\/jucarie-laser-petoneer-smart-dot-inteligenta-pentru-caini-si-pisici-model-ochi-gonga\/\" \/>\n<meta property=\"og:site_name\" content=\"ZOKO\" \/>\n<meta property=\"article:publisher\" content=\"https:\/\/www.facebook.com\/profile.php?id=61584344135075\" \/>\n<meta property=\"article:modified_time\" content=\"2026-04-28T21:36:15+00:00\" \/>\n<meta property=\"og:image\" content=\"https:\/\/www.zoko.ro\/wp-content\/uploads\/2025\/12\/ucarie-laser-petoneer-smart-dot-inteligenta-pentru-caini-i-pisici-model-ochi-gonga.jpg\" \/>\n\t<meta property=\"og:image:width\" content=\"800\" \/>\n\t<meta property=\"og:image:height\" content=\"800\" \/>\n\t<meta property=\"og:image:type\" content=\"image\/jpeg\" \/>\n<meta name=\"twitter:card\" content=\"summary_large_image\" \/>\n<meta name=\"twitter:label1\" content=\"Estimated reading time\" \/>\n\t<meta name=\"twitter:data1\" content=\"2 minutes\" \/>\n<script type=\"application\/ld+json\" class=\"yoast-schema-graph\">{\"@context\":\"https:\/\/schema.org\",\"@graph\":[{\"@type\":\"WebPage\",\"@id\":\"https:\/\/www.zoko.ro\/p\/jucarie-laser-petoneer-smart-dot-inteligenta-pentru-caini-si-pisici-model-ochi-gonga\/\",\"url\":\"https:\/\/www.zoko.ro\/p\/jucarie-laser-petoneer-smart-dot-inteligenta-pentru-caini-si-pisici-model-ochi-gonga\/\",\"name\":\"Juc\u0103rie laser Petoneer Smart Dot inteligent\u0103 pentru c\u00e2ini \u0219i pisici, model ochi, Gonga\u00ae | ZOKO\",\"isPartOf\":{\"@id\":\"https:\/\/www.zoko.ro\/#website\"},\"primaryImageOfPage\":{\"@id\":\"https:\/\/www.zoko.ro\/p\/jucarie-laser-petoneer-smart-dot-inteligenta-pentru-caini-si-pisici-model-ochi-gonga\/#primaryimage\"},\"image\":{\"@id\":\"https:\/\/www.zoko.ro\/p\/jucarie-laser-petoneer-smart-dot-inteligenta-pentru-caini-si-pisici-model-ochi-gonga\/#primaryimage\"},\"thumbnailUrl\":\"https:\/\/www.zoko.ro\/wp-content\/uploads\/2025\/12\/ucarie-laser-petoneer-smart-dot-inteligenta-pentru-caini-i-pisici-model-ochi-gonga.jpg\",\"datePublished\":\"2026-04-28T21:36:14+00:00\",\"dateModified\":\"2026-04-28T21:36:15+00:00\",\"breadcrumb\":{\"@id\":\"https:\/\/www.zoko.ro\/p\/jucarie-laser-petoneer-smart-dot-inteligenta-pentru-caini-si-pisici-model-ochi-gonga\/#breadcrumb\"},\"inLanguage\":\"en-GB\",\"potentialAction\":[{\"@type\":\"ReadAction\",\"target\":[\"https:\/\/www.zoko.ro\/p\/jucarie-laser-petoneer-smart-dot-inteligenta-pentru-caini-si-pisici-model-ochi-gonga\/\"]}]},{\"@type\":\"ImageObject\",\"inLanguage\":\"en-GB\",\"@id\":\"https:\/\/www.zoko.ro\/p\/jucarie-laser-petoneer-smart-dot-inteligenta-pentru-caini-si-pisici-model-ochi-gonga\/#primaryimage\",\"url\":\"https:\/\/www.zoko.ro\/wp-content\/uploads\/2025\/12\/ucarie-laser-petoneer-smart-dot-inteligenta-pentru-caini-i-pisici-model-ochi-gonga.jpg\",\"contentUrl\":\"https:\/\/www.zoko.ro\/wp-content\/uploads\/2025\/12\/ucarie-laser-petoneer-smart-dot-inteligenta-pentru-caini-i-pisici-model-ochi-gonga.jpg\",\"width\":800,\"height\":800},{\"@type\":\"BreadcrumbList\",\"@id\":\"https:\/\/www.zoko.ro\/p\/jucarie-laser-petoneer-smart-dot-inteligenta-pentru-caini-si-pisici-model-ochi-gonga\/#breadcrumb\",\"itemListElement\":[{\"@type\":\"ListItem\",\"position\":1,\"name\":\"Home\",\"item\":\"https:\/\/www.zoko.ro\/\"},{\"@type\":\"ListItem\",\"position\":2,\"name\":\"Magazin\",\"item\":\"https:\/\/www.zoko.ro\/magazin\/\"},{\"@type\":\"ListItem\",\"position\":3,\"name\":\"Juc\u0103rie laser Petoneer Smart Dot inteligent\u0103 pentru c\u00e2ini \u0219i pisici, model ochi, Gonga\u00ae\"}]},{\"@type\":\"WebSite\",\"@id\":\"https:\/\/www.zoko.ro\/#website\",\"url\":\"https:\/\/www.zoko.ro\/\",\"name\":\"ZOKO.ro\",\"description\":\"Cump\u0103r\u0103 inteligent\",\"publisher\":{\"@id\":\"https:\/\/www.zoko.ro\/#organization\"},\"potentialAction\":[{\"@type\":\"SearchAction\",\"target\":{\"@type\":\"EntryPoint\",\"urlTemplate\":\"https:\/\/www.zoko.ro\/?s={search_term_string}\"},\"query-input\":{\"@type\":\"PropertyValueSpecification\",\"valueRequired\":true,\"valueName\":\"search_term_string\"}}],\"inLanguage\":\"en-GB\"},{\"@type\":\"Organization\",\"@id\":\"https:\/\/www.zoko.ro\/#organization\",\"name\":\"ZOKO\",\"url\":\"https:\/\/www.zoko.ro\/\",\"logo\":{\"@type\":\"ImageObject\",\"inLanguage\":\"en-GB\",\"@id\":\"https:\/\/www.zoko.ro\/#\/schema\/logo\/image\/\",\"url\":\"https:\/\/www.zoko.ro\/wp-content\/uploads\/2025\/03\/logo1.svg\",\"contentUrl\":\"https:\/\/www.zoko.ro\/wp-content\/uploads\/2025\/03\/logo1.svg\",\"width\":799,\"height\":216,\"caption\":\"ZOKO\"},\"image\":{\"@id\":\"https:\/\/www.zoko.ro\/#\/schema\/logo\/image\/\"},\"sameAs\":[\"https:\/\/www.facebook.com\/profile.php?id=61584344135075\"]}]}<\/script>\n<!-- \/ Yoast SEO plugin. -->","yoast_head_json":{"title":"Juc\u0103rie laser Petoneer Smart Dot inteligent\u0103 pentru c\u00e2ini \u0219i pisici, model ochi, Gonga\u00ae | ZOKO","robots":{"index":"index","follow":"follow","max-snippet":"max-snippet:-1","max-image-preview":"max-image-preview:large","max-video-preview":"max-video-preview:-1"},"canonical":"https:\/\/www.zoko.ro\/en\/p\/jucarie-laser-petoneer-smart-dot-inteligenta-pentru-caini-si-pisici-model-ochi-gonga\/","og_locale":"en_GB","og_type":"article","og_title":"Juc\u0103rie laser Petoneer Smart Dot inteligent\u0103 pentru c\u00e2ini \u0219i pisici, model ochi, Gonga\u00ae | ZOKO","og_description":"Culoare: Alb Pisicile sunt n\u0103scute v\u00e2n\u0103tori. Dac\u0103 vrei s\u0103-\u021bi distrezi animalul de companie \u0219i, totodat\u0103, s\u0103-l aju\u021bi s\u0103 r\u0103m\u00e2n\u0103 \u00een","og_url":"https:\/\/www.zoko.ro\/en\/p\/jucarie-laser-petoneer-smart-dot-inteligenta-pentru-caini-si-pisici-model-ochi-gonga\/","og_site_name":"ZOKO","article_publisher":"https:\/\/www.facebook.com\/profile.php?id=61584344135075","article_modified_time":"2026-04-28T21:36:15+00:00","og_image":[{"width":800,"height":800,"url":"https:\/\/www.zoko.ro\/wp-content\/uploads\/2025\/12\/ucarie-laser-petoneer-smart-dot-inteligenta-pentru-caini-i-pisici-model-ochi-gonga.jpg","type":"image\/jpeg"}],"twitter_card":"summary_large_image","twitter_misc":{"Estimated reading time":"2 minutes"},"schema":{"@context":"https:\/\/schema.org","@graph":[{"@type":"WebPage","@id":"https:\/\/www.zoko.ro\/p\/jucarie-laser-petoneer-smart-dot-inteligenta-pentru-caini-si-pisici-model-ochi-gonga\/","url":"https:\/\/www.zoko.ro\/p\/jucarie-laser-petoneer-smart-dot-inteligenta-pentru-caini-si-pisici-model-ochi-gonga\/","name":"Juc\u0103rie laser Petoneer Smart Dot inteligent\u0103 pentru c\u00e2ini \u0219i pisici, model ochi, Gonga\u00ae | ZOKO","isPartOf":{"@id":"https:\/\/www.zoko.ro\/#website"},"primaryImageOfPage":{"@id":"https:\/\/www.zoko.ro\/p\/jucarie-laser-petoneer-smart-dot-inteligenta-pentru-caini-si-pisici-model-ochi-gonga\/#primaryimage"},"image":{"@id":"https:\/\/www.zoko.ro\/p\/jucarie-laser-petoneer-smart-dot-inteligenta-pentru-caini-si-pisici-model-ochi-gonga\/#primaryimage"},"thumbnailUrl":"https:\/\/www.zoko.ro\/wp-content\/uploads\/2025\/12\/ucarie-laser-petoneer-smart-dot-inteligenta-pentru-caini-i-pisici-model-ochi-gonga.jpg","datePublished":"2026-04-28T21:36:14+00:00","dateModified":"2026-04-28T21:36:15+00:00","breadcrumb":{"@id":"https:\/\/www.zoko.ro\/p\/jucarie-laser-petoneer-smart-dot-inteligenta-pentru-caini-si-pisici-model-ochi-gonga\/#breadcrumb"},"inLanguage":"en-GB","potentialAction":[{"@type":"ReadAction","target":["https:\/\/www.zoko.ro\/p\/jucarie-laser-petoneer-smart-dot-inteligenta-pentru-caini-si-pisici-model-ochi-gonga\/"]}]},{"@type":"ImageObject","inLanguage":"en-GB","@id":"https:\/\/www.zoko.ro\/p\/jucarie-laser-petoneer-smart-dot-inteligenta-pentru-caini-si-pisici-model-ochi-gonga\/#primaryimage","url":"https:\/\/www.zoko.ro\/wp-content\/uploads\/2025\/12\/ucarie-laser-petoneer-smart-dot-inteligenta-pentru-caini-i-pisici-model-ochi-gonga.jpg","contentUrl":"https:\/\/www.zoko.ro\/wp-content\/uploads\/2025\/12\/ucarie-laser-petoneer-smart-dot-inteligenta-pentru-caini-i-pisici-model-ochi-gonga.jpg","width":800,"height":800},{"@type":"BreadcrumbList","@id":"https:\/\/www.zoko.ro\/p\/jucarie-laser-petoneer-smart-dot-inteligenta-pentru-caini-si-pisici-model-ochi-gonga\/#breadcrumb","itemListElement":[{"@type":"ListItem","position":1,"name":"Home","item":"https:\/\/www.zoko.ro\/"},{"@type":"ListItem","position":2,"name":"Magazin","item":"https:\/\/www.zoko.ro\/magazin\/"},{"@type":"ListItem","position":3,"name":"Juc\u0103rie laser Petoneer Smart Dot inteligent\u0103 pentru c\u00e2ini \u0219i pisici, model ochi, Gonga\u00ae"}]},{"@type":"WebSite","@id":"https:\/\/www.zoko.ro\/#website","url":"https:\/\/www.zoko.ro\/","name":"ZOKO.ro","description":"Cump\u0103r\u0103 inteligent","publisher":{"@id":"https:\/\/www.zoko.ro\/#organization"},"potentialAction":[{"@type":"SearchAction","target":{"@type":"EntryPoint","urlTemplate":"https:\/\/www.zoko.ro\/?s={search_term_string}"},"query-input":{"@type":"PropertyValueSpecification","valueRequired":true,"valueName":"search_term_string"}}],"inLanguage":"en-GB"},{"@type":"Organization","@id":"https:\/\/www.zoko.ro\/#organization","name":"ZOKO","url":"https:\/\/www.zoko.ro\/","logo":{"@type":"ImageObject","inLanguage":"en-GB","@id":"https:\/\/www.zoko.ro\/#\/schema\/logo\/image\/","url":"https:\/\/www.zoko.ro\/wp-content\/uploads\/2025\/03\/logo1.svg","contentUrl":"https:\/\/www.zoko.ro\/wp-content\/uploads\/2025\/03\/logo1.svg","width":799,"height":216,"caption":"ZOKO"},"image":{"@id":"https:\/\/www.zoko.ro\/#\/schema\/logo\/image\/"},"sameAs":["https:\/\/www.facebook.com\/profile.php?id=61584344135075"]}]}},"_links":{"self":[{"href":"https:\/\/www.zoko.ro\/en\/wp-json\/wp\/v2\/product\/33003","targetHints":{"allow":["GET"]}}],"collection":[{"href":"https:\/\/www.zoko.ro\/en\/wp-json\/wp\/v2\/product"}],"about":[{"href":"https:\/\/www.zoko.ro\/en\/wp-json\/wp\/v2\/types\/product"}],"replies":[{"embeddable":true,"href":"https:\/\/www.zoko.ro\/en\/wp-json\/wp\/v2\/comments?post=33003"}],"version-history":[{"count":1,"href":"https:\/\/www.zoko.ro\/en\/wp-json\/wp\/v2\/product\/33003\/revisions"}],"predecessor-version":[{"id":38395,"href":"https:\/\/www.zoko.ro\/en\/wp-json\/wp\/v2\/product\/33003\/revisions\/38395"}],"wp:featuredmedia":[{"embeddable":true,"href":"https:\/\/www.zoko.ro\/en\/wp-json\/wp\/v2\/media\/33004"}],"wp:attachment":[{"href":"https:\/\/www.zoko.ro\/en\/wp-json\/wp\/v2\/media?parent=33003"}],"wp:term":[{"taxonomy":"product_brand","embeddable":true,"href":"https:\/\/www.zoko.ro\/en\/wp-json\/wp\/v2\/product_brand?post=33003"},{"taxonomy":"product_cat","embeddable":true,"href":"https:\/\/www.zoko.ro\/en\/wp-json\/wp\/v2\/product_cat?post=33003"},{"taxonomy":"product_tag","embeddable":true,"href":"https:\/\/www.zoko.ro\/en\/wp-json\/wp\/v2\/product_tag?post=33003"}],"curies":[{"name":"wp","href":"https:\/\/api.w.org\/{rel}","templated":true}]}}