{"id":33010,"date":"2026-04-28T23:36:15","date_gmt":"2026-04-28T21:36:15","guid":{"rendered":"https:\/\/www.zoko.ro\/p\/purificator-de-aer-smart-petoneer-odor-eliminator-pentru-animale-detectare-ir-baterie-2200-mah-micro-usbgonga\/"},"modified":"2026-04-28T23:36:15","modified_gmt":"2026-04-28T21:36:15","slug":"purificator-de-aer-smart-petoneer-odor-eliminator-pentru-animale-detectare-ir-baterie-2200-mah-micro-usbgonga","status":"publish","type":"product","link":"https:\/\/www.zoko.ro\/en\/p\/purificator-de-aer-smart-petoneer-odor-eliminator-pentru-animale-detectare-ir-baterie-2200-mah-micro-usbgonga\/","title":{"rendered":"Purificator de aer smart PETONEER Odor Eliminator pentru animale, Detectare IR, Baterie 2200 mAh, Micro USB,Gonga\u00ae"},"content":{"rendered":"<p><strong>Culoare:<\/strong> Alb<\/p>\n<p>Men\u021bine\u021bi aerul curat, proasp\u0103t \u0219i pl\u0103cut cu Eliminatorul de mirosuri Petoneer<\/p>\n<p><strong>Tehnologie modern\u0103 pentru un mediu mai s\u0103n\u0103tos<\/strong><\/p>\n<p>Eliminatorul de mirosuri Petoneer utilizeaz\u0103 un proces avansat de descompunere a oxigenului activ, care neutralizeaz\u0103 moleculele responsabile de mirosurile nepl\u0103cute. Acest proces inhib\u0103 dezvoltarea bacteriilor \u0219i men\u021bine aerul curat \u0219i proasp\u0103t. Gra\u021bie ozonului generat, dispozitivul nu doar elimin\u0103 mirosurile, ci \u0219i sterilizeaz\u0103 aerul, asigur\u00e2nd un mediu pl\u0103cut \u00een \u00eentreaga camer\u0103.<\/p>\n<p><strong>Senzor inteligent pentru eficien\u021b\u0103 sporit\u0103<\/strong><\/p>\n<p>Aparatul dispune de un senzor IR inteligent care detecteaz\u0103 momentul \u00een care animalul de companie utilizeaz\u0103 litiera. \u00cemprosp\u0103tarea aerului \u00eencepe automat imediat dup\u0103 ce pisica p\u0103r\u0103se\u0219te zona senzorului, asigur\u00e2nd o eficien\u021b\u0103 maxim\u0103 \u00een neutralizarea mirosurilor.<\/p>\n<p><strong>Mod de lucru continuu \u0219i adaptabil<\/strong><\/p>\n<p>Cu un mod de func\u021bionare intermitent disponibil 24\/7, eliminatorul de mirosuri poate fi utilizat \u00een diverse scenarii, adapt\u00e2ndu-se nevoilor tale \u0219i ale casei.<\/p>\n<p><strong>Baterie puternic\u0103 pentru autonomie extins\u0103<\/strong><\/p>\n<p>Echipat cu o baterie litiu de 2200 mAh de \u00eenalt\u0103 calitate, dispozitivul poate func\u021biona p\u00e2n\u0103 la patru zile cu o singur\u0103 \u00eenc\u0103rcare. Aceast\u0103 autonomie \u00eel face ideal pentru utilizare zilnic\u0103 f\u0103r\u0103 griji.<\/p>\n<p><strong>Ventila\u021bie inovatoare pentru rezultate optime<\/strong><\/p>\n<p>Designul s\u0103u avansat de ventila\u021bie permite eliberarea rapid\u0103 a moleculelor de oxigen activ, extinz\u00e2nd astfel eficacitatea dispozitivului. Fluxul de aer proasp\u0103t distribuie uniform ozonul, oferind rezultate vizibile \u00eentr-un timp scurt.<\/p>\n<p>Cu Eliminatorul de mirosuri Petoneer, locuin\u021ba ta devine mai pl\u0103cut\u0103 \u0219i mai s\u0103n\u0103toas\u0103, pentru tine \u0219i pentru animalul t\u0103u de companie!<\/p>\n<\/p>\n<p><strong>Specificatii:<\/strong><\/p>\n<\/p>\n<p>&#8211; Caracteristici suplimentare: Timp de lucru Aprox. 4 zile<\/p>\n<p>&#8211; Echipamente: Eliminator inteligent de mirosuri Petoner, cablu USB, filtre autoadezive<\/p>\n<p>&#8211; Alimentare electric\u0103: baterie LiPo 2200 mAh<\/p>\n<p>&#8211; Culoare: Alb<\/p>\n<p>&#8211; Dimensiuni: 99,6 mm x 51,7 mm x 41,5 mm<\/p>","protected":false},"excerpt":{"rendered":"<p>Culoare: Alb Men\u021bine\u021bi aerul curat, proasp\u0103t \u0219i pl\u0103cut cu Eliminatorul de mirosuri Petoneer Tehnologie modern\u0103 pentru un mediu mai s\u0103n\u0103tos<\/p>","protected":false},"featured_media":33011,"comment_status":"open","ping_status":"open","template":"","meta":[],"product_brand":[],"product_cat":[99,378,346],"product_tag":[104],"class_list":{"0":"post-33010","1":"product","2":"type-product","3":"status-publish","4":"has-post-thumbnail","6":"product_cat-acasa","7":"product_cat-igiena-ingrijire-animale","8":"product_cat-petshop","9":"product_tag-in-stoc","10":"pa_culoare-alb","12":"first","13":"instock","14":"sale","15":"purchasable","16":"product-type-simple"},"yoast_head":"<!-- This site is optimized with the Yoast SEO plugin v27.2 - https:\/\/yoast.com\/product\/yoast-seo-wordpress\/ -->\n<title>Purificator de aer smart PETONEER Odor Eliminator pentru animale, Detectare IR, Baterie 2200 mAh, Micro USB,Gonga\u00ae | ZOKO<\/title>\n<meta name=\"robots\" content=\"index, follow, max-snippet:-1, max-image-preview:large, max-video-preview:-1\" \/>\n<link rel=\"canonical\" href=\"https:\/\/www.zoko.ro\/en\/p\/purificator-de-aer-smart-petoneer-odor-eliminator-pentru-animale-detectare-ir-baterie-2200-mah-micro-usbgonga\/\" \/>\n<meta property=\"og:locale\" content=\"en_GB\" \/>\n<meta property=\"og:type\" content=\"article\" \/>\n<meta property=\"og:title\" content=\"Purificator de aer smart PETONEER Odor Eliminator pentru animale, Detectare IR, Baterie 2200 mAh, Micro USB,Gonga\u00ae | ZOKO\" \/>\n<meta property=\"og:description\" content=\"Culoare: Alb Men\u021bine\u021bi aerul curat, proasp\u0103t \u0219i pl\u0103cut cu Eliminatorul de mirosuri Petoneer Tehnologie modern\u0103 pentru un mediu mai s\u0103n\u0103tos\" \/>\n<meta property=\"og:url\" content=\"https:\/\/www.zoko.ro\/en\/p\/purificator-de-aer-smart-petoneer-odor-eliminator-pentru-animale-detectare-ir-baterie-2200-mah-micro-usbgonga\/\" \/>\n<meta property=\"og:site_name\" content=\"ZOKO\" \/>\n<meta property=\"article:publisher\" content=\"https:\/\/www.facebook.com\/profile.php?id=61584344135075\" \/>\n<meta property=\"og:image\" content=\"https:\/\/www.zoko.ro\/wp-content\/uploads\/2025\/12\/purificator-de-aer-smart-petoneer-odor-eliminator-pentru-animale-detectare-ir-baterie-2200-mah-micro-usbgonga.jpg\" \/>\n\t<meta property=\"og:image:width\" content=\"1080\" \/>\n\t<meta property=\"og:image:height\" content=\"1080\" \/>\n\t<meta property=\"og:image:type\" content=\"image\/jpeg\" \/>\n<meta name=\"twitter:card\" content=\"summary_large_image\" \/>\n<meta name=\"twitter:label1\" content=\"Estimated reading time\" \/>\n\t<meta name=\"twitter:data1\" content=\"1 minute\" \/>\n<script type=\"application\/ld+json\" class=\"yoast-schema-graph\">{\"@context\":\"https:\/\/schema.org\",\"@graph\":[{\"@type\":\"WebPage\",\"@id\":\"https:\/\/www.zoko.ro\/p\/purificator-de-aer-smart-petoneer-odor-eliminator-pentru-animale-detectare-ir-baterie-2200-mah-micro-usbgonga\/\",\"url\":\"https:\/\/www.zoko.ro\/p\/purificator-de-aer-smart-petoneer-odor-eliminator-pentru-animale-detectare-ir-baterie-2200-mah-micro-usbgonga\/\",\"name\":\"Purificator de aer smart PETONEER Odor Eliminator pentru animale, Detectare IR, Baterie 2200 mAh, Micro USB,Gonga\u00ae | ZOKO\",\"isPartOf\":{\"@id\":\"https:\/\/www.zoko.ro\/#website\"},\"primaryImageOfPage\":{\"@id\":\"https:\/\/www.zoko.ro\/p\/purificator-de-aer-smart-petoneer-odor-eliminator-pentru-animale-detectare-ir-baterie-2200-mah-micro-usbgonga\/#primaryimage\"},\"image\":{\"@id\":\"https:\/\/www.zoko.ro\/p\/purificator-de-aer-smart-petoneer-odor-eliminator-pentru-animale-detectare-ir-baterie-2200-mah-micro-usbgonga\/#primaryimage\"},\"thumbnailUrl\":\"https:\/\/www.zoko.ro\/wp-content\/uploads\/2025\/12\/purificator-de-aer-smart-petoneer-odor-eliminator-pentru-animale-detectare-ir-baterie-2200-mah-micro-usbgonga.jpg\",\"datePublished\":\"2026-04-28T21:36:15+00:00\",\"breadcrumb\":{\"@id\":\"https:\/\/www.zoko.ro\/p\/purificator-de-aer-smart-petoneer-odor-eliminator-pentru-animale-detectare-ir-baterie-2200-mah-micro-usbgonga\/#breadcrumb\"},\"inLanguage\":\"en-GB\",\"potentialAction\":[{\"@type\":\"ReadAction\",\"target\":[\"https:\/\/www.zoko.ro\/p\/purificator-de-aer-smart-petoneer-odor-eliminator-pentru-animale-detectare-ir-baterie-2200-mah-micro-usbgonga\/\"]}]},{\"@type\":\"ImageObject\",\"inLanguage\":\"en-GB\",\"@id\":\"https:\/\/www.zoko.ro\/p\/purificator-de-aer-smart-petoneer-odor-eliminator-pentru-animale-detectare-ir-baterie-2200-mah-micro-usbgonga\/#primaryimage\",\"url\":\"https:\/\/www.zoko.ro\/wp-content\/uploads\/2025\/12\/purificator-de-aer-smart-petoneer-odor-eliminator-pentru-animale-detectare-ir-baterie-2200-mah-micro-usbgonga.jpg\",\"contentUrl\":\"https:\/\/www.zoko.ro\/wp-content\/uploads\/2025\/12\/purificator-de-aer-smart-petoneer-odor-eliminator-pentru-animale-detectare-ir-baterie-2200-mah-micro-usbgonga.jpg\",\"width\":1080,\"height\":1080},{\"@type\":\"BreadcrumbList\",\"@id\":\"https:\/\/www.zoko.ro\/p\/purificator-de-aer-smart-petoneer-odor-eliminator-pentru-animale-detectare-ir-baterie-2200-mah-micro-usbgonga\/#breadcrumb\",\"itemListElement\":[{\"@type\":\"ListItem\",\"position\":1,\"name\":\"Home\",\"item\":\"https:\/\/www.zoko.ro\/\"},{\"@type\":\"ListItem\",\"position\":2,\"name\":\"Magazin\",\"item\":\"https:\/\/www.zoko.ro\/magazin\/\"},{\"@type\":\"ListItem\",\"position\":3,\"name\":\"Purificator de aer smart PETONEER Odor Eliminator pentru animale, Detectare IR, Baterie 2200 mAh, Micro USB,Gonga\u00ae\"}]},{\"@type\":\"WebSite\",\"@id\":\"https:\/\/www.zoko.ro\/#website\",\"url\":\"https:\/\/www.zoko.ro\/\",\"name\":\"ZOKO.ro\",\"description\":\"Cump\u0103r\u0103 inteligent\",\"publisher\":{\"@id\":\"https:\/\/www.zoko.ro\/#organization\"},\"potentialAction\":[{\"@type\":\"SearchAction\",\"target\":{\"@type\":\"EntryPoint\",\"urlTemplate\":\"https:\/\/www.zoko.ro\/?s={search_term_string}\"},\"query-input\":{\"@type\":\"PropertyValueSpecification\",\"valueRequired\":true,\"valueName\":\"search_term_string\"}}],\"inLanguage\":\"en-GB\"},{\"@type\":\"Organization\",\"@id\":\"https:\/\/www.zoko.ro\/#organization\",\"name\":\"ZOKO\",\"url\":\"https:\/\/www.zoko.ro\/\",\"logo\":{\"@type\":\"ImageObject\",\"inLanguage\":\"en-GB\",\"@id\":\"https:\/\/www.zoko.ro\/#\/schema\/logo\/image\/\",\"url\":\"https:\/\/www.zoko.ro\/wp-content\/uploads\/2025\/03\/logo1.svg\",\"contentUrl\":\"https:\/\/www.zoko.ro\/wp-content\/uploads\/2025\/03\/logo1.svg\",\"width\":799,\"height\":216,\"caption\":\"ZOKO\"},\"image\":{\"@id\":\"https:\/\/www.zoko.ro\/#\/schema\/logo\/image\/\"},\"sameAs\":[\"https:\/\/www.facebook.com\/profile.php?id=61584344135075\"]}]}<\/script>\n<!-- \/ Yoast SEO plugin. -->","yoast_head_json":{"title":"Purificator de aer smart PETONEER Odor Eliminator pentru animale, Detectare IR, Baterie 2200 mAh, Micro USB,Gonga\u00ae | ZOKO","robots":{"index":"index","follow":"follow","max-snippet":"max-snippet:-1","max-image-preview":"max-image-preview:large","max-video-preview":"max-video-preview:-1"},"canonical":"https:\/\/www.zoko.ro\/en\/p\/purificator-de-aer-smart-petoneer-odor-eliminator-pentru-animale-detectare-ir-baterie-2200-mah-micro-usbgonga\/","og_locale":"en_GB","og_type":"article","og_title":"Purificator de aer smart PETONEER Odor Eliminator pentru animale, Detectare IR, Baterie 2200 mAh, Micro USB,Gonga\u00ae | ZOKO","og_description":"Culoare: Alb Men\u021bine\u021bi aerul curat, proasp\u0103t \u0219i pl\u0103cut cu Eliminatorul de mirosuri Petoneer Tehnologie modern\u0103 pentru un mediu mai s\u0103n\u0103tos","og_url":"https:\/\/www.zoko.ro\/en\/p\/purificator-de-aer-smart-petoneer-odor-eliminator-pentru-animale-detectare-ir-baterie-2200-mah-micro-usbgonga\/","og_site_name":"ZOKO","article_publisher":"https:\/\/www.facebook.com\/profile.php?id=61584344135075","og_image":[{"width":1080,"height":1080,"url":"https:\/\/www.zoko.ro\/wp-content\/uploads\/2025\/12\/purificator-de-aer-smart-petoneer-odor-eliminator-pentru-animale-detectare-ir-baterie-2200-mah-micro-usbgonga.jpg","type":"image\/jpeg"}],"twitter_card":"summary_large_image","twitter_misc":{"Estimated reading time":"1 minute"},"schema":{"@context":"https:\/\/schema.org","@graph":[{"@type":"WebPage","@id":"https:\/\/www.zoko.ro\/p\/purificator-de-aer-smart-petoneer-odor-eliminator-pentru-animale-detectare-ir-baterie-2200-mah-micro-usbgonga\/","url":"https:\/\/www.zoko.ro\/p\/purificator-de-aer-smart-petoneer-odor-eliminator-pentru-animale-detectare-ir-baterie-2200-mah-micro-usbgonga\/","name":"Purificator de aer smart PETONEER Odor Eliminator pentru animale, Detectare IR, Baterie 2200 mAh, Micro USB,Gonga\u00ae | ZOKO","isPartOf":{"@id":"https:\/\/www.zoko.ro\/#website"},"primaryImageOfPage":{"@id":"https:\/\/www.zoko.ro\/p\/purificator-de-aer-smart-petoneer-odor-eliminator-pentru-animale-detectare-ir-baterie-2200-mah-micro-usbgonga\/#primaryimage"},"image":{"@id":"https:\/\/www.zoko.ro\/p\/purificator-de-aer-smart-petoneer-odor-eliminator-pentru-animale-detectare-ir-baterie-2200-mah-micro-usbgonga\/#primaryimage"},"thumbnailUrl":"https:\/\/www.zoko.ro\/wp-content\/uploads\/2025\/12\/purificator-de-aer-smart-petoneer-odor-eliminator-pentru-animale-detectare-ir-baterie-2200-mah-micro-usbgonga.jpg","datePublished":"2026-04-28T21:36:15+00:00","breadcrumb":{"@id":"https:\/\/www.zoko.ro\/p\/purificator-de-aer-smart-petoneer-odor-eliminator-pentru-animale-detectare-ir-baterie-2200-mah-micro-usbgonga\/#breadcrumb"},"inLanguage":"en-GB","potentialAction":[{"@type":"ReadAction","target":["https:\/\/www.zoko.ro\/p\/purificator-de-aer-smart-petoneer-odor-eliminator-pentru-animale-detectare-ir-baterie-2200-mah-micro-usbgonga\/"]}]},{"@type":"ImageObject","inLanguage":"en-GB","@id":"https:\/\/www.zoko.ro\/p\/purificator-de-aer-smart-petoneer-odor-eliminator-pentru-animale-detectare-ir-baterie-2200-mah-micro-usbgonga\/#primaryimage","url":"https:\/\/www.zoko.ro\/wp-content\/uploads\/2025\/12\/purificator-de-aer-smart-petoneer-odor-eliminator-pentru-animale-detectare-ir-baterie-2200-mah-micro-usbgonga.jpg","contentUrl":"https:\/\/www.zoko.ro\/wp-content\/uploads\/2025\/12\/purificator-de-aer-smart-petoneer-odor-eliminator-pentru-animale-detectare-ir-baterie-2200-mah-micro-usbgonga.jpg","width":1080,"height":1080},{"@type":"BreadcrumbList","@id":"https:\/\/www.zoko.ro\/p\/purificator-de-aer-smart-petoneer-odor-eliminator-pentru-animale-detectare-ir-baterie-2200-mah-micro-usbgonga\/#breadcrumb","itemListElement":[{"@type":"ListItem","position":1,"name":"Home","item":"https:\/\/www.zoko.ro\/"},{"@type":"ListItem","position":2,"name":"Magazin","item":"https:\/\/www.zoko.ro\/magazin\/"},{"@type":"ListItem","position":3,"name":"Purificator de aer smart PETONEER Odor Eliminator pentru animale, Detectare IR, Baterie 2200 mAh, Micro USB,Gonga\u00ae"}]},{"@type":"WebSite","@id":"https:\/\/www.zoko.ro\/#website","url":"https:\/\/www.zoko.ro\/","name":"ZOKO.ro","description":"Cump\u0103r\u0103 inteligent","publisher":{"@id":"https:\/\/www.zoko.ro\/#organization"},"potentialAction":[{"@type":"SearchAction","target":{"@type":"EntryPoint","urlTemplate":"https:\/\/www.zoko.ro\/?s={search_term_string}"},"query-input":{"@type":"PropertyValueSpecification","valueRequired":true,"valueName":"search_term_string"}}],"inLanguage":"en-GB"},{"@type":"Organization","@id":"https:\/\/www.zoko.ro\/#organization","name":"ZOKO","url":"https:\/\/www.zoko.ro\/","logo":{"@type":"ImageObject","inLanguage":"en-GB","@id":"https:\/\/www.zoko.ro\/#\/schema\/logo\/image\/","url":"https:\/\/www.zoko.ro\/wp-content\/uploads\/2025\/03\/logo1.svg","contentUrl":"https:\/\/www.zoko.ro\/wp-content\/uploads\/2025\/03\/logo1.svg","width":799,"height":216,"caption":"ZOKO"},"image":{"@id":"https:\/\/www.zoko.ro\/#\/schema\/logo\/image\/"},"sameAs":["https:\/\/www.facebook.com\/profile.php?id=61584344135075"]}]}},"_links":{"self":[{"href":"https:\/\/www.zoko.ro\/en\/wp-json\/wp\/v2\/product\/33010","targetHints":{"allow":["GET"]}}],"collection":[{"href":"https:\/\/www.zoko.ro\/en\/wp-json\/wp\/v2\/product"}],"about":[{"href":"https:\/\/www.zoko.ro\/en\/wp-json\/wp\/v2\/types\/product"}],"replies":[{"embeddable":true,"href":"https:\/\/www.zoko.ro\/en\/wp-json\/wp\/v2\/comments?post=33010"}],"version-history":[{"count":1,"href":"https:\/\/www.zoko.ro\/en\/wp-json\/wp\/v2\/product\/33010\/revisions"}],"predecessor-version":[{"id":38396,"href":"https:\/\/www.zoko.ro\/en\/wp-json\/wp\/v2\/product\/33010\/revisions\/38396"}],"wp:featuredmedia":[{"embeddable":true,"href":"https:\/\/www.zoko.ro\/en\/wp-json\/wp\/v2\/media\/33011"}],"wp:attachment":[{"href":"https:\/\/www.zoko.ro\/en\/wp-json\/wp\/v2\/media?parent=33010"}],"wp:term":[{"taxonomy":"product_brand","embeddable":true,"href":"https:\/\/www.zoko.ro\/en\/wp-json\/wp\/v2\/product_brand?post=33010"},{"taxonomy":"product_cat","embeddable":true,"href":"https:\/\/www.zoko.ro\/en\/wp-json\/wp\/v2\/product_cat?post=33010"},{"taxonomy":"product_tag","embeddable":true,"href":"https:\/\/www.zoko.ro\/en\/wp-json\/wp\/v2\/product_tag?post=33010"}],"curies":[{"name":"wp","href":"https:\/\/api.w.org\/{rel}","templated":true}]}}