{"id":33030,"date":"2026-04-28T23:36:15","date_gmt":"2026-04-28T21:36:15","guid":{"rendered":"https:\/\/www.zoko.ro\/p\/jucarie-interactiva-pentru-pisici-cheerble-wicked-mouse-gonga\/"},"modified":"2026-04-28T23:36:16","modified_gmt":"2026-04-28T21:36:16","slug":"jucarie-interactiva-pentru-pisici-cheerble-wicked-mouse-gonga","status":"publish","type":"product","link":"https:\/\/www.zoko.ro\/en\/p\/jucarie-interactiva-pentru-pisici-cheerble-wicked-mouse-gonga\/","title":{"rendered":"Jucarie interactiva pentru pisici Cheerble Wicked Mouse, Gonga\u00ae"},"content":{"rendered":"<p><strong>Culoare:<\/strong> Alb<\/p>\n<p>Juc\u0103rie interactiv\u0103 pentru pisici Cheerble Wicked Mouse<\/p>\n<p><strong>Divertisment captivant pentru pisica ta<\/strong><\/p>\n<p>Transform\u0103 timpul liber al pisicii tale \u00eentr-o experien\u021b\u0103 captivant\u0103 cu juc\u0103ria interactiv\u0103 Cheerble Wicked Mouse. Aceast\u0103 juc\u0103rie inteligent\u0103, \u00een form\u0103 de \u0219oarece, se mi\u0219c\u0103 automat, evit\u0103 obstacolele \u0219i sare atunci c\u00e2nd \u00eent\u00e2lne\u0219te mobilier sau pere\u021bi. Stimuleaz\u0103 instinctele naturale de v\u00e2n\u0103toare ale pisicii \u0219i o \u00eencurajeaz\u0103 s\u0103 fie activ\u0103. Cu o baterie rezistent\u0103, ce se \u00eencarc\u0103 rapid prin cablul micro USB inclus, Wicked Mouse ofer\u0103 ore de distrac\u021bie sigur\u0103 \u0219i interactiv\u0103.<\/p>\n<p><strong>Distrac\u021bie inteligent\u0103, f\u0103r\u0103 efort<\/strong><\/p>\n<p>Pisica ta este plictisit\u0103? Wicked Mouse este solu\u021bia! Apas\u0103 butonul ascuns \u00een nasul juc\u0103riei \u0219i aceasta va \u00eencepe s\u0103 se mi\u0219te automat, schimb\u00e2nd direc\u021bia gra\u021bie unui algoritm inteligent. C\u00e2nd love\u0219te un obstacol, juc\u0103ria sare \u0219i continu\u0103 s\u0103 ruleze, garant\u00e2nd distrac\u021bia ne\u00eentrerupt\u0103. F\u0103r\u0103 riscul de a se bloca, Wicked Mouse asigur\u0103 momente pline de ac\u021biune pentru animalul t\u0103u.<\/p>\n<p><strong>Design atr\u0103g\u0103tor \u0219i durabil<\/strong><\/p>\n<p>Inspirat\u0103 de instinctele de v\u00e2n\u0103toare ale pisicilor, juc\u0103ria are forma unui \u0219oarece real, cu o coad\u0103 iluminat\u0103 cu efecte RGB intermitente, care atrage aten\u021bia pisicii \u0219i o \u00eencurajeaz\u0103 s\u0103 o urm\u0103reasc\u0103. Fabricat\u0103 din materiale ecologice \u0219i rezistente, Wicked Mouse face fa\u021b\u0103 cu succes atacurilor de gheare \u0219i din\u021bi, asigur\u00e2ndu-\u021bi lini\u0219tea \u0219i siguran\u021ba pisicii tale.<\/p>\n<p><strong>Func\u021bionare adaptat\u0103 nevoilor pisicii<\/strong><\/p>\n<p>Juc\u0103ria Cheerble Wicked Mouse func\u021bioneaz\u0103 10 minute, dup\u0103 care intr\u0103 automat \u00een modul de repaus, oferind pisicii tale timp s\u0103 se odihneasc\u0103. C\u00e2nd vrei s\u0103 reiei distrac\u021bia, juc\u0103ria poate fi reactivat\u0103 u\u0219or \u2013 o simpl\u0103 atingere din partea pisicii tale, cu laba sau nasul, este suficient\u0103 pentru a o pune din nou \u00een mi\u0219care. Aceast\u0103 func\u021bie inteligent\u0103 asigur\u0103 o utilizare echilibrat\u0103, prevenind oboseala sau pierderea interesului.<\/p>\n<p><strong>Baterie re\u00eenc\u0103rcabil\u0103 pentru confort sporit<\/strong><\/p>\n<p>Cheerble Wicked Mouse vine cu o baterie \u00eencorporat\u0103, elimin\u00e2nd necesitatea cump\u0103r\u0103rii frecvente de baterii. \u00cenc\u0103rcarea complet\u0103 dureaz\u0103 doar o or\u0103, iar juc\u0103ria ofer\u0103 aproximativ 40 de minute de distrac\u021bie continu\u0103. Astfel, pisica ta are parte de momente pline de ac\u021biune, iar tu te bucuri de o utilizare economic\u0103 \u0219i comod\u0103.<\/p>\n<p>Cheerble Wicked Mouse \u2013 partenerul ideal pentru distrac\u021bia pisicii tale!<\/p>\n<\/p>\n<p><strong>Specificatii:<\/strong><\/p>\n<\/p>\n<p>&#8211; Caracteristici: Pornire automat\u0103 timp de 10 minute c\u00e2nd este atins de pisic\u0103, Sleep automat<\/p>\n<p>&#8211; Caracteristici suplimentare: Timp de lucru p\u00e2n\u0103 la 40 de minute<\/p>\n<p>&#8211; Echipamente: Cablu de \u00eenc\u0103rcare (micro USB)<\/p>\n<p>&#8211; Alimentare electric\u0103: Baterie \u00eencorporat\u0103 de 135 mAh<\/p>\n<p>&#8211; Dimensiuni: 60 x 50 x 36 mm (f\u0103r\u0103 coad\u0103)<\/p>","protected":false},"excerpt":{"rendered":"<p>Culoare: Alb Juc\u0103rie interactiv\u0103 pentru pisici Cheerble Wicked Mouse Divertisment captivant pentru pisica ta Transform\u0103 timpul liber al pisicii tale<\/p>","protected":false},"featured_media":33031,"comment_status":"open","ping_status":"open","template":"","meta":[],"product_brand":[],"product_cat":[99,369,346],"product_tag":[],"class_list":{"0":"post-33030","1":"product","2":"type-product","3":"status-publish","4":"has-post-thumbnail","6":"product_cat-acasa","7":"product_cat-jucarii-animale","8":"product_cat-petshop","9":"pa_culoare-alb","11":"first","12":"outofstock","13":"sale","14":"purchasable","15":"product-type-simple"},"yoast_head":"<!-- This site is optimized with the Yoast SEO plugin v27.2 - https:\/\/yoast.com\/product\/yoast-seo-wordpress\/ -->\n<title>Jucarie interactiva pentru pisici Cheerble Wicked Mouse, Gonga\u00ae | ZOKO<\/title>\n<meta name=\"robots\" content=\"index, follow, max-snippet:-1, max-image-preview:large, max-video-preview:-1\" \/>\n<link rel=\"canonical\" href=\"https:\/\/www.zoko.ro\/en\/p\/jucarie-interactiva-pentru-pisici-cheerble-wicked-mouse-gonga\/\" \/>\n<meta property=\"og:locale\" content=\"en_GB\" \/>\n<meta property=\"og:type\" content=\"article\" \/>\n<meta property=\"og:title\" content=\"Jucarie interactiva pentru pisici Cheerble Wicked Mouse, Gonga\u00ae | ZOKO\" \/>\n<meta property=\"og:description\" content=\"Culoare: Alb Juc\u0103rie interactiv\u0103 pentru pisici Cheerble Wicked Mouse Divertisment captivant pentru pisica ta Transform\u0103 timpul liber al pisicii tale\" \/>\n<meta property=\"og:url\" content=\"https:\/\/www.zoko.ro\/en\/p\/jucarie-interactiva-pentru-pisici-cheerble-wicked-mouse-gonga\/\" \/>\n<meta property=\"og:site_name\" content=\"ZOKO\" \/>\n<meta property=\"article:publisher\" content=\"https:\/\/www.facebook.com\/profile.php?id=61584344135075\" \/>\n<meta property=\"article:modified_time\" content=\"2026-04-28T21:36:16+00:00\" \/>\n<meta property=\"og:image\" content=\"https:\/\/www.zoko.ro\/wp-content\/uploads\/2025\/12\/jucarie-interactiva-pentru-pisici-cheerble-wicked-mouse-gonga.jpg\" \/>\n\t<meta property=\"og:image:width\" content=\"800\" \/>\n\t<meta property=\"og:image:height\" content=\"800\" \/>\n\t<meta property=\"og:image:type\" content=\"image\/jpeg\" \/>\n<meta name=\"twitter:card\" content=\"summary_large_image\" \/>\n<meta name=\"twitter:label1\" content=\"Estimated reading time\" \/>\n\t<meta name=\"twitter:data1\" content=\"2 minutes\" \/>\n<script type=\"application\/ld+json\" class=\"yoast-schema-graph\">{\"@context\":\"https:\/\/schema.org\",\"@graph\":[{\"@type\":\"WebPage\",\"@id\":\"https:\/\/www.zoko.ro\/p\/jucarie-interactiva-pentru-pisici-cheerble-wicked-mouse-gonga\/\",\"url\":\"https:\/\/www.zoko.ro\/p\/jucarie-interactiva-pentru-pisici-cheerble-wicked-mouse-gonga\/\",\"name\":\"Jucarie interactiva pentru pisici Cheerble Wicked Mouse, Gonga\u00ae | ZOKO\",\"isPartOf\":{\"@id\":\"https:\/\/www.zoko.ro\/#website\"},\"primaryImageOfPage\":{\"@id\":\"https:\/\/www.zoko.ro\/p\/jucarie-interactiva-pentru-pisici-cheerble-wicked-mouse-gonga\/#primaryimage\"},\"image\":{\"@id\":\"https:\/\/www.zoko.ro\/p\/jucarie-interactiva-pentru-pisici-cheerble-wicked-mouse-gonga\/#primaryimage\"},\"thumbnailUrl\":\"https:\/\/www.zoko.ro\/wp-content\/uploads\/2025\/12\/jucarie-interactiva-pentru-pisici-cheerble-wicked-mouse-gonga.jpg\",\"datePublished\":\"2026-04-28T21:36:15+00:00\",\"dateModified\":\"2026-04-28T21:36:16+00:00\",\"breadcrumb\":{\"@id\":\"https:\/\/www.zoko.ro\/p\/jucarie-interactiva-pentru-pisici-cheerble-wicked-mouse-gonga\/#breadcrumb\"},\"inLanguage\":\"en-GB\",\"potentialAction\":[{\"@type\":\"ReadAction\",\"target\":[\"https:\/\/www.zoko.ro\/p\/jucarie-interactiva-pentru-pisici-cheerble-wicked-mouse-gonga\/\"]}]},{\"@type\":\"ImageObject\",\"inLanguage\":\"en-GB\",\"@id\":\"https:\/\/www.zoko.ro\/p\/jucarie-interactiva-pentru-pisici-cheerble-wicked-mouse-gonga\/#primaryimage\",\"url\":\"https:\/\/www.zoko.ro\/wp-content\/uploads\/2025\/12\/jucarie-interactiva-pentru-pisici-cheerble-wicked-mouse-gonga.jpg\",\"contentUrl\":\"https:\/\/www.zoko.ro\/wp-content\/uploads\/2025\/12\/jucarie-interactiva-pentru-pisici-cheerble-wicked-mouse-gonga.jpg\",\"width\":800,\"height\":800},{\"@type\":\"BreadcrumbList\",\"@id\":\"https:\/\/www.zoko.ro\/p\/jucarie-interactiva-pentru-pisici-cheerble-wicked-mouse-gonga\/#breadcrumb\",\"itemListElement\":[{\"@type\":\"ListItem\",\"position\":1,\"name\":\"Home\",\"item\":\"https:\/\/www.zoko.ro\/\"},{\"@type\":\"ListItem\",\"position\":2,\"name\":\"Magazin\",\"item\":\"https:\/\/www.zoko.ro\/magazin\/\"},{\"@type\":\"ListItem\",\"position\":3,\"name\":\"Jucarie interactiva pentru pisici Cheerble Wicked Mouse, Gonga\u00ae\"}]},{\"@type\":\"WebSite\",\"@id\":\"https:\/\/www.zoko.ro\/#website\",\"url\":\"https:\/\/www.zoko.ro\/\",\"name\":\"ZOKO.ro\",\"description\":\"Cump\u0103r\u0103 inteligent\",\"publisher\":{\"@id\":\"https:\/\/www.zoko.ro\/#organization\"},\"potentialAction\":[{\"@type\":\"SearchAction\",\"target\":{\"@type\":\"EntryPoint\",\"urlTemplate\":\"https:\/\/www.zoko.ro\/?s={search_term_string}\"},\"query-input\":{\"@type\":\"PropertyValueSpecification\",\"valueRequired\":true,\"valueName\":\"search_term_string\"}}],\"inLanguage\":\"en-GB\"},{\"@type\":\"Organization\",\"@id\":\"https:\/\/www.zoko.ro\/#organization\",\"name\":\"ZOKO\",\"url\":\"https:\/\/www.zoko.ro\/\",\"logo\":{\"@type\":\"ImageObject\",\"inLanguage\":\"en-GB\",\"@id\":\"https:\/\/www.zoko.ro\/#\/schema\/logo\/image\/\",\"url\":\"https:\/\/www.zoko.ro\/wp-content\/uploads\/2025\/03\/logo1.svg\",\"contentUrl\":\"https:\/\/www.zoko.ro\/wp-content\/uploads\/2025\/03\/logo1.svg\",\"width\":799,\"height\":216,\"caption\":\"ZOKO\"},\"image\":{\"@id\":\"https:\/\/www.zoko.ro\/#\/schema\/logo\/image\/\"},\"sameAs\":[\"https:\/\/www.facebook.com\/profile.php?id=61584344135075\"]}]}<\/script>\n<!-- \/ Yoast SEO plugin. -->","yoast_head_json":{"title":"Jucarie interactiva pentru pisici Cheerble Wicked Mouse, Gonga\u00ae | ZOKO","robots":{"index":"index","follow":"follow","max-snippet":"max-snippet:-1","max-image-preview":"max-image-preview:large","max-video-preview":"max-video-preview:-1"},"canonical":"https:\/\/www.zoko.ro\/en\/p\/jucarie-interactiva-pentru-pisici-cheerble-wicked-mouse-gonga\/","og_locale":"en_GB","og_type":"article","og_title":"Jucarie interactiva pentru pisici Cheerble Wicked Mouse, Gonga\u00ae | ZOKO","og_description":"Culoare: Alb Juc\u0103rie interactiv\u0103 pentru pisici Cheerble Wicked Mouse Divertisment captivant pentru pisica ta Transform\u0103 timpul liber al pisicii tale","og_url":"https:\/\/www.zoko.ro\/en\/p\/jucarie-interactiva-pentru-pisici-cheerble-wicked-mouse-gonga\/","og_site_name":"ZOKO","article_publisher":"https:\/\/www.facebook.com\/profile.php?id=61584344135075","article_modified_time":"2026-04-28T21:36:16+00:00","og_image":[{"width":800,"height":800,"url":"https:\/\/www.zoko.ro\/wp-content\/uploads\/2025\/12\/jucarie-interactiva-pentru-pisici-cheerble-wicked-mouse-gonga.jpg","type":"image\/jpeg"}],"twitter_card":"summary_large_image","twitter_misc":{"Estimated reading time":"2 minutes"},"schema":{"@context":"https:\/\/schema.org","@graph":[{"@type":"WebPage","@id":"https:\/\/www.zoko.ro\/p\/jucarie-interactiva-pentru-pisici-cheerble-wicked-mouse-gonga\/","url":"https:\/\/www.zoko.ro\/p\/jucarie-interactiva-pentru-pisici-cheerble-wicked-mouse-gonga\/","name":"Jucarie interactiva pentru pisici Cheerble Wicked Mouse, Gonga\u00ae | ZOKO","isPartOf":{"@id":"https:\/\/www.zoko.ro\/#website"},"primaryImageOfPage":{"@id":"https:\/\/www.zoko.ro\/p\/jucarie-interactiva-pentru-pisici-cheerble-wicked-mouse-gonga\/#primaryimage"},"image":{"@id":"https:\/\/www.zoko.ro\/p\/jucarie-interactiva-pentru-pisici-cheerble-wicked-mouse-gonga\/#primaryimage"},"thumbnailUrl":"https:\/\/www.zoko.ro\/wp-content\/uploads\/2025\/12\/jucarie-interactiva-pentru-pisici-cheerble-wicked-mouse-gonga.jpg","datePublished":"2026-04-28T21:36:15+00:00","dateModified":"2026-04-28T21:36:16+00:00","breadcrumb":{"@id":"https:\/\/www.zoko.ro\/p\/jucarie-interactiva-pentru-pisici-cheerble-wicked-mouse-gonga\/#breadcrumb"},"inLanguage":"en-GB","potentialAction":[{"@type":"ReadAction","target":["https:\/\/www.zoko.ro\/p\/jucarie-interactiva-pentru-pisici-cheerble-wicked-mouse-gonga\/"]}]},{"@type":"ImageObject","inLanguage":"en-GB","@id":"https:\/\/www.zoko.ro\/p\/jucarie-interactiva-pentru-pisici-cheerble-wicked-mouse-gonga\/#primaryimage","url":"https:\/\/www.zoko.ro\/wp-content\/uploads\/2025\/12\/jucarie-interactiva-pentru-pisici-cheerble-wicked-mouse-gonga.jpg","contentUrl":"https:\/\/www.zoko.ro\/wp-content\/uploads\/2025\/12\/jucarie-interactiva-pentru-pisici-cheerble-wicked-mouse-gonga.jpg","width":800,"height":800},{"@type":"BreadcrumbList","@id":"https:\/\/www.zoko.ro\/p\/jucarie-interactiva-pentru-pisici-cheerble-wicked-mouse-gonga\/#breadcrumb","itemListElement":[{"@type":"ListItem","position":1,"name":"Home","item":"https:\/\/www.zoko.ro\/"},{"@type":"ListItem","position":2,"name":"Magazin","item":"https:\/\/www.zoko.ro\/magazin\/"},{"@type":"ListItem","position":3,"name":"Jucarie interactiva pentru pisici Cheerble Wicked Mouse, Gonga\u00ae"}]},{"@type":"WebSite","@id":"https:\/\/www.zoko.ro\/#website","url":"https:\/\/www.zoko.ro\/","name":"ZOKO.ro","description":"Cump\u0103r\u0103 inteligent","publisher":{"@id":"https:\/\/www.zoko.ro\/#organization"},"potentialAction":[{"@type":"SearchAction","target":{"@type":"EntryPoint","urlTemplate":"https:\/\/www.zoko.ro\/?s={search_term_string}"},"query-input":{"@type":"PropertyValueSpecification","valueRequired":true,"valueName":"search_term_string"}}],"inLanguage":"en-GB"},{"@type":"Organization","@id":"https:\/\/www.zoko.ro\/#organization","name":"ZOKO","url":"https:\/\/www.zoko.ro\/","logo":{"@type":"ImageObject","inLanguage":"en-GB","@id":"https:\/\/www.zoko.ro\/#\/schema\/logo\/image\/","url":"https:\/\/www.zoko.ro\/wp-content\/uploads\/2025\/03\/logo1.svg","contentUrl":"https:\/\/www.zoko.ro\/wp-content\/uploads\/2025\/03\/logo1.svg","width":799,"height":216,"caption":"ZOKO"},"image":{"@id":"https:\/\/www.zoko.ro\/#\/schema\/logo\/image\/"},"sameAs":["https:\/\/www.facebook.com\/profile.php?id=61584344135075"]}]}},"_links":{"self":[{"href":"https:\/\/www.zoko.ro\/en\/wp-json\/wp\/v2\/product\/33030","targetHints":{"allow":["GET"]}}],"collection":[{"href":"https:\/\/www.zoko.ro\/en\/wp-json\/wp\/v2\/product"}],"about":[{"href":"https:\/\/www.zoko.ro\/en\/wp-json\/wp\/v2\/types\/product"}],"replies":[{"embeddable":true,"href":"https:\/\/www.zoko.ro\/en\/wp-json\/wp\/v2\/comments?post=33030"}],"version-history":[{"count":1,"href":"https:\/\/www.zoko.ro\/en\/wp-json\/wp\/v2\/product\/33030\/revisions"}],"predecessor-version":[{"id":38399,"href":"https:\/\/www.zoko.ro\/en\/wp-json\/wp\/v2\/product\/33030\/revisions\/38399"}],"wp:featuredmedia":[{"embeddable":true,"href":"https:\/\/www.zoko.ro\/en\/wp-json\/wp\/v2\/media\/33031"}],"wp:attachment":[{"href":"https:\/\/www.zoko.ro\/en\/wp-json\/wp\/v2\/media?parent=33030"}],"wp:term":[{"taxonomy":"product_brand","embeddable":true,"href":"https:\/\/www.zoko.ro\/en\/wp-json\/wp\/v2\/product_brand?post=33030"},{"taxonomy":"product_cat","embeddable":true,"href":"https:\/\/www.zoko.ro\/en\/wp-json\/wp\/v2\/product_cat?post=33030"},{"taxonomy":"product_tag","embeddable":true,"href":"https:\/\/www.zoko.ro\/en\/wp-json\/wp\/v2\/product_tag?post=33030"}],"curies":[{"name":"wp","href":"https:\/\/api.w.org\/{rel}","templated":true}]}}