{"id":33046,"date":"2026-04-28T23:36:18","date_gmt":"2026-04-28T21:36:18","guid":{"rendered":"https:\/\/www.zoko.ro\/p\/set-montessori-cu-67-sabloane-din-lemn-cu-accesorii-pentru-desenat-si-colorat-gonga\/"},"modified":"2026-04-28T23:36:18","modified_gmt":"2026-04-28T21:36:18","slug":"set-montessori-cu-67-sabloane-din-lemn-cu-accesorii-pentru-desenat-si-colorat-gonga","status":"publish","type":"product","link":"https:\/\/www.zoko.ro\/en\/p\/set-montessori-cu-67-sabloane-din-lemn-cu-accesorii-pentru-desenat-si-colorat-gonga\/","title":{"rendered":"Set Montessori cu 67 sabloane din lemn cu accesorii pentru desenat si colorat, Gonga\u00ae"},"content":{"rendered":"<p><strong>Culoare:<\/strong> Multicolor<\/p>\n<p>Un set de \u0219abloane din lemn pentru \u00eenv\u0103\u021barea desenului este o metod\u0103 excelent\u0103 de a oferi copilului t\u0103u o activitate educativ\u0103 \u0219i captivant\u0103, care contribuie la dezvoltarea sa continu\u0103.<\/p>\n<ul>\n<li>Setul include p\u00e2n\u0103 la 50 de \u0219abloane duble cu forme variate.<\/li>\n<li>Fiecare figur\u0103 se poate extrage din \u0219ablon \u2013 copilul poate contura linia \u0219ablonului, fie pe interior, fie pe exterior.<\/li>\n<li>Setul mai con\u021bine 12 markere colorate, un creion, o radier\u0103, o ascu\u021bitoare \u0219i un caiet pentru desen.<\/li>\n<li>Toate produsele sunt depozitate \u00eentr-o cutie practic\u0103, cu m\u00e2ner, u\u0219or de transportat. Acesta este un cadou ideal pentru orice copil.<\/li>\n<\/ul>\n<p>\u00cenv\u0103\u021barea prin joc<\/p>\n<p>Jocul cu \u0219abloanele este o modalitate eficient\u0103 de a dezvolta abilit\u0103\u021bile motorii fine ale copilului \u0219i de a-i stimula \u00eenv\u0103\u021barea abilit\u0103\u021bilor de scris. Cu ajutorul markerelor colorate \u0219i a creionului, copilul \u00ee\u0219i poate \u00eembun\u0103t\u0103\u021bi tehnica de desen f\u0103r\u0103 restric\u021bii.<\/p>\n<p>De asemenea, setul include o bro\u0219ur\u0103 cu toate \u0219abloanele, care \u00eei va oferi copilului inspira\u021bie pentru a-\u0219i crea lucr\u0103ri originale.<\/p>\n<p>O activitate de dezvoltare continu\u0103<\/p>\n<p>Acest set se bazeaz\u0103 pe metoda Montessori, care pune accent pe dezvoltarea global\u0103 a copilului. Astfel, copilul poate folosi \u0219abloanele \u00eentr-un mod liber \u0219i creativ, nu doar pentru a reproduce formele exacte din set.<\/p>\n<p>Prin crearea propriilor lucr\u0103ri unice folosind \u0219abloanele, copilul \u00ee\u0219i va \u00eembun\u0103t\u0103\u021bi abilit\u0103\u021bile motorii fine, coordonarea ochi-m\u00e2n\u0103 \u0219i capacitatea de concentrare.<\/p>\n<p>Comoditatea utiliz\u0103rii<\/p>\n<p>Dup\u0103 ce termin\u0103 jocul, toate \u0219abloanele \u0219i materialele pot fi depozitate u\u0219or \u00eentr-o cutie cu capac, care p\u0103streaz\u0103 ordinea \u0219i protejeaz\u0103 toate componentele setului.<\/p>\n<\/p>\n<p><strong>Setul include:<\/strong><\/p>\n<\/p>\n<p>&#8211; 50x \u0219abloane duble din lemn (ML-01)<\/p>\n<p>&#8211; 12x markere colorate<\/p>\n<p>&#8211; 1x creion<\/p>\n<p>&#8211; 1x caiet pentru desen<\/p>\n<p>&#8211; 1x radier\u0103<\/p>\n<p>&#8211; 1x ascu\u021bitoare<\/p>\n<p>&#8211; 1x cutie cu capac pentru depozitare<\/p>","protected":false},"excerpt":{"rendered":"<p>Culoare: Multicolor Un set de \u0219abloane din lemn pentru \u00eenv\u0103\u021barea desenului este o metod\u0103 excelent\u0103 de a oferi copilului t\u0103u<\/p>","protected":false},"featured_media":33047,"comment_status":"open","ping_status":"open","template":"","meta":[],"product_brand":[],"product_cat":[99,333,334,396],"product_tag":[104],"class_list":{"0":"post-33046","1":"product","2":"type-product","3":"status-publish","4":"has-post-thumbnail","6":"product_cat-acasa","7":"product_cat-jucarii","8":"product_cat-jucarii-jocuri-educative","9":"product_cat-jucarii-creative-seturi-pictura-si-desen","10":"product_tag-in-stoc","11":"pa_culoare-multicolor","13":"first","14":"instock","15":"sale","16":"purchasable","17":"product-type-simple"},"yoast_head":"<!-- This site is optimized with the Yoast SEO plugin v27.2 - https:\/\/yoast.com\/product\/yoast-seo-wordpress\/ -->\n<title>Set Montessori cu 67 sabloane din lemn cu accesorii pentru desenat si colorat, Gonga\u00ae | ZOKO<\/title>\n<meta name=\"robots\" content=\"index, follow, max-snippet:-1, max-image-preview:large, max-video-preview:-1\" \/>\n<link rel=\"canonical\" href=\"https:\/\/www.zoko.ro\/en\/p\/set-montessori-cu-67-sabloane-din-lemn-cu-accesorii-pentru-desenat-si-colorat-gonga\/\" \/>\n<meta property=\"og:locale\" content=\"en_GB\" \/>\n<meta property=\"og:type\" content=\"article\" \/>\n<meta property=\"og:title\" content=\"Set Montessori cu 67 sabloane din lemn cu accesorii pentru desenat si colorat, Gonga\u00ae | ZOKO\" \/>\n<meta property=\"og:description\" content=\"Culoare: Multicolor Un set de \u0219abloane din lemn pentru \u00eenv\u0103\u021barea desenului este o metod\u0103 excelent\u0103 de a oferi copilului t\u0103u\" \/>\n<meta property=\"og:url\" content=\"https:\/\/www.zoko.ro\/en\/p\/set-montessori-cu-67-sabloane-din-lemn-cu-accesorii-pentru-desenat-si-colorat-gonga\/\" \/>\n<meta property=\"og:site_name\" content=\"ZOKO\" \/>\n<meta property=\"article:publisher\" content=\"https:\/\/www.facebook.com\/profile.php?id=61584344135075\" \/>\n<meta property=\"og:image\" content=\"https:\/\/www.zoko.ro\/wp-content\/uploads\/2025\/12\/set-montessori-cu-67-sabloane-din-lemn-cu-accesorii-pentru-desenat-si-colorat-gonga.jpg\" \/>\n\t<meta property=\"og:image:width\" content=\"1500\" \/>\n\t<meta property=\"og:image:height\" content=\"1500\" \/>\n\t<meta property=\"og:image:type\" content=\"image\/jpeg\" \/>\n<meta name=\"twitter:card\" content=\"summary_large_image\" \/>\n<meta name=\"twitter:label1\" content=\"Estimated reading time\" \/>\n\t<meta name=\"twitter:data1\" content=\"2 minutes\" \/>\n<script type=\"application\/ld+json\" class=\"yoast-schema-graph\">{\"@context\":\"https:\/\/schema.org\",\"@graph\":[{\"@type\":\"WebPage\",\"@id\":\"https:\/\/www.zoko.ro\/p\/set-montessori-cu-67-sabloane-din-lemn-cu-accesorii-pentru-desenat-si-colorat-gonga\/\",\"url\":\"https:\/\/www.zoko.ro\/p\/set-montessori-cu-67-sabloane-din-lemn-cu-accesorii-pentru-desenat-si-colorat-gonga\/\",\"name\":\"Set Montessori cu 67 sabloane din lemn cu accesorii pentru desenat si colorat, Gonga\u00ae | ZOKO\",\"isPartOf\":{\"@id\":\"https:\/\/www.zoko.ro\/#website\"},\"primaryImageOfPage\":{\"@id\":\"https:\/\/www.zoko.ro\/p\/set-montessori-cu-67-sabloane-din-lemn-cu-accesorii-pentru-desenat-si-colorat-gonga\/#primaryimage\"},\"image\":{\"@id\":\"https:\/\/www.zoko.ro\/p\/set-montessori-cu-67-sabloane-din-lemn-cu-accesorii-pentru-desenat-si-colorat-gonga\/#primaryimage\"},\"thumbnailUrl\":\"https:\/\/www.zoko.ro\/wp-content\/uploads\/2025\/12\/set-montessori-cu-67-sabloane-din-lemn-cu-accesorii-pentru-desenat-si-colorat-gonga.jpg\",\"datePublished\":\"2026-04-28T21:36:18+00:00\",\"breadcrumb\":{\"@id\":\"https:\/\/www.zoko.ro\/p\/set-montessori-cu-67-sabloane-din-lemn-cu-accesorii-pentru-desenat-si-colorat-gonga\/#breadcrumb\"},\"inLanguage\":\"en-GB\",\"potentialAction\":[{\"@type\":\"ReadAction\",\"target\":[\"https:\/\/www.zoko.ro\/p\/set-montessori-cu-67-sabloane-din-lemn-cu-accesorii-pentru-desenat-si-colorat-gonga\/\"]}]},{\"@type\":\"ImageObject\",\"inLanguage\":\"en-GB\",\"@id\":\"https:\/\/www.zoko.ro\/p\/set-montessori-cu-67-sabloane-din-lemn-cu-accesorii-pentru-desenat-si-colorat-gonga\/#primaryimage\",\"url\":\"https:\/\/www.zoko.ro\/wp-content\/uploads\/2025\/12\/set-montessori-cu-67-sabloane-din-lemn-cu-accesorii-pentru-desenat-si-colorat-gonga.jpg\",\"contentUrl\":\"https:\/\/www.zoko.ro\/wp-content\/uploads\/2025\/12\/set-montessori-cu-67-sabloane-din-lemn-cu-accesorii-pentru-desenat-si-colorat-gonga.jpg\",\"width\":1500,\"height\":1500},{\"@type\":\"BreadcrumbList\",\"@id\":\"https:\/\/www.zoko.ro\/p\/set-montessori-cu-67-sabloane-din-lemn-cu-accesorii-pentru-desenat-si-colorat-gonga\/#breadcrumb\",\"itemListElement\":[{\"@type\":\"ListItem\",\"position\":1,\"name\":\"Home\",\"item\":\"https:\/\/www.zoko.ro\/\"},{\"@type\":\"ListItem\",\"position\":2,\"name\":\"Magazin\",\"item\":\"https:\/\/www.zoko.ro\/magazin\/\"},{\"@type\":\"ListItem\",\"position\":3,\"name\":\"Set Montessori cu 67 sabloane din lemn cu accesorii pentru desenat si colorat, Gonga\u00ae\"}]},{\"@type\":\"WebSite\",\"@id\":\"https:\/\/www.zoko.ro\/#website\",\"url\":\"https:\/\/www.zoko.ro\/\",\"name\":\"ZOKO.ro\",\"description\":\"Cump\u0103r\u0103 inteligent\",\"publisher\":{\"@id\":\"https:\/\/www.zoko.ro\/#organization\"},\"potentialAction\":[{\"@type\":\"SearchAction\",\"target\":{\"@type\":\"EntryPoint\",\"urlTemplate\":\"https:\/\/www.zoko.ro\/?s={search_term_string}\"},\"query-input\":{\"@type\":\"PropertyValueSpecification\",\"valueRequired\":true,\"valueName\":\"search_term_string\"}}],\"inLanguage\":\"en-GB\"},{\"@type\":\"Organization\",\"@id\":\"https:\/\/www.zoko.ro\/#organization\",\"name\":\"ZOKO\",\"url\":\"https:\/\/www.zoko.ro\/\",\"logo\":{\"@type\":\"ImageObject\",\"inLanguage\":\"en-GB\",\"@id\":\"https:\/\/www.zoko.ro\/#\/schema\/logo\/image\/\",\"url\":\"https:\/\/www.zoko.ro\/wp-content\/uploads\/2025\/03\/logo1.svg\",\"contentUrl\":\"https:\/\/www.zoko.ro\/wp-content\/uploads\/2025\/03\/logo1.svg\",\"width\":799,\"height\":216,\"caption\":\"ZOKO\"},\"image\":{\"@id\":\"https:\/\/www.zoko.ro\/#\/schema\/logo\/image\/\"},\"sameAs\":[\"https:\/\/www.facebook.com\/profile.php?id=61584344135075\"]}]}<\/script>\n<!-- \/ Yoast SEO plugin. -->","yoast_head_json":{"title":"Set Montessori cu 67 sabloane din lemn cu accesorii pentru desenat si colorat, Gonga\u00ae | ZOKO","robots":{"index":"index","follow":"follow","max-snippet":"max-snippet:-1","max-image-preview":"max-image-preview:large","max-video-preview":"max-video-preview:-1"},"canonical":"https:\/\/www.zoko.ro\/en\/p\/set-montessori-cu-67-sabloane-din-lemn-cu-accesorii-pentru-desenat-si-colorat-gonga\/","og_locale":"en_GB","og_type":"article","og_title":"Set Montessori cu 67 sabloane din lemn cu accesorii pentru desenat si colorat, Gonga\u00ae | ZOKO","og_description":"Culoare: Multicolor Un set de \u0219abloane din lemn pentru \u00eenv\u0103\u021barea desenului este o metod\u0103 excelent\u0103 de a oferi copilului t\u0103u","og_url":"https:\/\/www.zoko.ro\/en\/p\/set-montessori-cu-67-sabloane-din-lemn-cu-accesorii-pentru-desenat-si-colorat-gonga\/","og_site_name":"ZOKO","article_publisher":"https:\/\/www.facebook.com\/profile.php?id=61584344135075","og_image":[{"width":1500,"height":1500,"url":"https:\/\/www.zoko.ro\/wp-content\/uploads\/2025\/12\/set-montessori-cu-67-sabloane-din-lemn-cu-accesorii-pentru-desenat-si-colorat-gonga.jpg","type":"image\/jpeg"}],"twitter_card":"summary_large_image","twitter_misc":{"Estimated reading time":"2 minutes"},"schema":{"@context":"https:\/\/schema.org","@graph":[{"@type":"WebPage","@id":"https:\/\/www.zoko.ro\/p\/set-montessori-cu-67-sabloane-din-lemn-cu-accesorii-pentru-desenat-si-colorat-gonga\/","url":"https:\/\/www.zoko.ro\/p\/set-montessori-cu-67-sabloane-din-lemn-cu-accesorii-pentru-desenat-si-colorat-gonga\/","name":"Set Montessori cu 67 sabloane din lemn cu accesorii pentru desenat si colorat, Gonga\u00ae | ZOKO","isPartOf":{"@id":"https:\/\/www.zoko.ro\/#website"},"primaryImageOfPage":{"@id":"https:\/\/www.zoko.ro\/p\/set-montessori-cu-67-sabloane-din-lemn-cu-accesorii-pentru-desenat-si-colorat-gonga\/#primaryimage"},"image":{"@id":"https:\/\/www.zoko.ro\/p\/set-montessori-cu-67-sabloane-din-lemn-cu-accesorii-pentru-desenat-si-colorat-gonga\/#primaryimage"},"thumbnailUrl":"https:\/\/www.zoko.ro\/wp-content\/uploads\/2025\/12\/set-montessori-cu-67-sabloane-din-lemn-cu-accesorii-pentru-desenat-si-colorat-gonga.jpg","datePublished":"2026-04-28T21:36:18+00:00","breadcrumb":{"@id":"https:\/\/www.zoko.ro\/p\/set-montessori-cu-67-sabloane-din-lemn-cu-accesorii-pentru-desenat-si-colorat-gonga\/#breadcrumb"},"inLanguage":"en-GB","potentialAction":[{"@type":"ReadAction","target":["https:\/\/www.zoko.ro\/p\/set-montessori-cu-67-sabloane-din-lemn-cu-accesorii-pentru-desenat-si-colorat-gonga\/"]}]},{"@type":"ImageObject","inLanguage":"en-GB","@id":"https:\/\/www.zoko.ro\/p\/set-montessori-cu-67-sabloane-din-lemn-cu-accesorii-pentru-desenat-si-colorat-gonga\/#primaryimage","url":"https:\/\/www.zoko.ro\/wp-content\/uploads\/2025\/12\/set-montessori-cu-67-sabloane-din-lemn-cu-accesorii-pentru-desenat-si-colorat-gonga.jpg","contentUrl":"https:\/\/www.zoko.ro\/wp-content\/uploads\/2025\/12\/set-montessori-cu-67-sabloane-din-lemn-cu-accesorii-pentru-desenat-si-colorat-gonga.jpg","width":1500,"height":1500},{"@type":"BreadcrumbList","@id":"https:\/\/www.zoko.ro\/p\/set-montessori-cu-67-sabloane-din-lemn-cu-accesorii-pentru-desenat-si-colorat-gonga\/#breadcrumb","itemListElement":[{"@type":"ListItem","position":1,"name":"Home","item":"https:\/\/www.zoko.ro\/"},{"@type":"ListItem","position":2,"name":"Magazin","item":"https:\/\/www.zoko.ro\/magazin\/"},{"@type":"ListItem","position":3,"name":"Set Montessori cu 67 sabloane din lemn cu accesorii pentru desenat si colorat, Gonga\u00ae"}]},{"@type":"WebSite","@id":"https:\/\/www.zoko.ro\/#website","url":"https:\/\/www.zoko.ro\/","name":"ZOKO.ro","description":"Cump\u0103r\u0103 inteligent","publisher":{"@id":"https:\/\/www.zoko.ro\/#organization"},"potentialAction":[{"@type":"SearchAction","target":{"@type":"EntryPoint","urlTemplate":"https:\/\/www.zoko.ro\/?s={search_term_string}"},"query-input":{"@type":"PropertyValueSpecification","valueRequired":true,"valueName":"search_term_string"}}],"inLanguage":"en-GB"},{"@type":"Organization","@id":"https:\/\/www.zoko.ro\/#organization","name":"ZOKO","url":"https:\/\/www.zoko.ro\/","logo":{"@type":"ImageObject","inLanguage":"en-GB","@id":"https:\/\/www.zoko.ro\/#\/schema\/logo\/image\/","url":"https:\/\/www.zoko.ro\/wp-content\/uploads\/2025\/03\/logo1.svg","contentUrl":"https:\/\/www.zoko.ro\/wp-content\/uploads\/2025\/03\/logo1.svg","width":799,"height":216,"caption":"ZOKO"},"image":{"@id":"https:\/\/www.zoko.ro\/#\/schema\/logo\/image\/"},"sameAs":["https:\/\/www.facebook.com\/profile.php?id=61584344135075"]}]}},"_links":{"self":[{"href":"https:\/\/www.zoko.ro\/en\/wp-json\/wp\/v2\/product\/33046","targetHints":{"allow":["GET"]}}],"collection":[{"href":"https:\/\/www.zoko.ro\/en\/wp-json\/wp\/v2\/product"}],"about":[{"href":"https:\/\/www.zoko.ro\/en\/wp-json\/wp\/v2\/types\/product"}],"replies":[{"embeddable":true,"href":"https:\/\/www.zoko.ro\/en\/wp-json\/wp\/v2\/comments?post=33046"}],"version-history":[{"count":1,"href":"https:\/\/www.zoko.ro\/en\/wp-json\/wp\/v2\/product\/33046\/revisions"}],"predecessor-version":[{"id":38401,"href":"https:\/\/www.zoko.ro\/en\/wp-json\/wp\/v2\/product\/33046\/revisions\/38401"}],"wp:featuredmedia":[{"embeddable":true,"href":"https:\/\/www.zoko.ro\/en\/wp-json\/wp\/v2\/media\/33047"}],"wp:attachment":[{"href":"https:\/\/www.zoko.ro\/en\/wp-json\/wp\/v2\/media?parent=33046"}],"wp:term":[{"taxonomy":"product_brand","embeddable":true,"href":"https:\/\/www.zoko.ro\/en\/wp-json\/wp\/v2\/product_brand?post=33046"},{"taxonomy":"product_cat","embeddable":true,"href":"https:\/\/www.zoko.ro\/en\/wp-json\/wp\/v2\/product_cat?post=33046"},{"taxonomy":"product_tag","embeddable":true,"href":"https:\/\/www.zoko.ro\/en\/wp-json\/wp\/v2\/product_tag?post=33046"}],"curies":[{"name":"wp","href":"https:\/\/api.w.org\/{rel}","templated":true}]}}