{"id":33078,"date":"2026-04-28T23:36:20","date_gmt":"2026-04-28T21:36:20","guid":{"rendered":"https:\/\/www.zoko.ro\/p\/set-21-jucarii-pentru-pisici-tunel-mingii-soareci-undita-gonga\/"},"modified":"2026-04-28T23:36:20","modified_gmt":"2026-04-28T21:36:20","slug":"set-21-jucarii-pentru-pisici-tunel-mingii-soareci-undita-gonga","status":"publish","type":"product","link":"https:\/\/www.zoko.ro\/en\/p\/set-21-jucarii-pentru-pisici-tunel-mingii-soareci-undita-gonga\/","title":{"rendered":"Set 21 Jucarii pentru Pisici, Tunel, mingii, soareci, undita, Gonga\u00ae"},"content":{"rendered":"<p><strong>Culoare:<\/strong> Multicolor<\/p>\n<p>Set complet de juc\u0103rii pentru pisici cu tunel \u2013 distrac\u021bie garantat\u0103 pentru animalele tale de companie!<\/p>\n<p>Acest set generos, format din 21 de elemente, include diverse juc\u0103rii \u0219i un tunel special conceput pentru pisici, oferind ore \u00eentregi de distrac\u021bie at\u00e2t pentru animalul t\u0103u de companie, c\u00e2t \u0219i pentru interac\u021biunile voastre.<\/p>\n<p>Setul este ideal pentru a \u00eencuraja activitatea fizic\u0103, curiozitatea \u0219i joaca pisicu\u021belor tale, fie c\u0103 e\u0219ti al\u0103turi de ele, fie c\u0103 le la\u0219i s\u0103 exploreze singure.<\/p>\n<p><strong>Caracteristici principale:<\/strong><\/p>\n<ul>\n<li>Materiale sigure \u0219i non-toxice: Toate accesoriile sunt realizate din materiale de \u00eenalt\u0103 calitate, fiind complet sigure pentru pisici.<\/li>\n<li>Utilizare versatil\u0103: Pot fi folosite at\u00e2t \u00een interior, c\u00e2t \u0219i \u00een exterior, \u00een func\u021bie de preferin\u021bele \u0219i nevoile tale.<\/li>\n<li>Tunel pliabil: Tunelul inclus \u00een set este fabricat din material textil durabil, u\u0219or de pliat \u0219i desf\u0103\u0219urat, adapt\u00e2ndu-se rapid oric\u0103rei situa\u021bii.<\/li>\n<\/ul>\n<p><strong>Descrierea tunelului pentru pisici:<\/strong><\/p>\n<ul>\n<li>Tunelul pentru pisici are 4 intr\u0103ri: trei amplasate lateral din direc\u021bii diferite \u0219i una central\u0103, situat\u0103 deasupra. \u00cen plus, una dintre intr\u0103ri este prev\u0103zut\u0103 cu o minge ata\u0219at\u0103 pe o sfoar\u0103, care \u00eei va captiva aten\u021bia pisicu\u021bei \u00een timp ce exploreaz\u0103 tunelul.<\/li>\n<\/ul>\n<p><strong>Con\u021binutul setului:<\/strong><\/p>\n<ul>\n<li>1x Tunel pentru pisici cu 4 intr\u0103ri \u0219i o minge pe sfoar\u0103;<\/li>\n<li>1x Undi\u021b\u0103 cu pene la cap\u0103t;<\/li>\n<li>2x Paie pentru joac\u0103;<\/li>\n<li>2x \u0218oareci cu pene pe coad\u0103;<\/li>\n<li>2x \u0218oareci obi\u0219nui\u021bi;<\/li>\n<li>2x Arcuri;<\/li>\n<li>2x Rulouri cu mingi care produc zgomot \u00een interior;<\/li>\n<li>2x Mingi cu pene la cap\u0103t;<\/li>\n<li>2x Mingi din plastic;<\/li>\n<li>2x Mingi colorate;<\/li>\n<li>2x Mingi pufoase;<\/li>\n<li>2x Mingi cu zgomot la interior.<\/li>\n<\/ul>","protected":false},"excerpt":{"rendered":"<p>Culoare: Multicolor Set complet de juc\u0103rii pentru pisici cu tunel \u2013 distrac\u021bie garantat\u0103 pentru animalele tale de companie! Acest set<\/p>","protected":false},"featured_media":33079,"comment_status":"open","ping_status":"open","template":"","meta":[],"product_brand":[],"product_cat":[99,369,346],"product_tag":[104],"class_list":{"0":"post-33078","1":"product","2":"type-product","3":"status-publish","4":"has-post-thumbnail","6":"product_cat-acasa","7":"product_cat-jucarii-animale","8":"product_cat-petshop","9":"product_tag-in-stoc","10":"pa_culoare-multicolor","12":"first","13":"instock","14":"sale","15":"purchasable","16":"product-type-simple"},"yoast_head":"<!-- This site is optimized with the Yoast SEO plugin v27.2 - https:\/\/yoast.com\/product\/yoast-seo-wordpress\/ -->\n<title>Set 21 Jucarii pentru Pisici, Tunel, mingii, soareci, undita, Gonga\u00ae | ZOKO<\/title>\n<meta name=\"robots\" content=\"index, follow, max-snippet:-1, max-image-preview:large, max-video-preview:-1\" \/>\n<link rel=\"canonical\" href=\"https:\/\/www.zoko.ro\/en\/p\/set-21-jucarii-pentru-pisici-tunel-mingii-soareci-undita-gonga\/\" \/>\n<meta property=\"og:locale\" content=\"en_GB\" \/>\n<meta property=\"og:type\" content=\"article\" \/>\n<meta property=\"og:title\" content=\"Set 21 Jucarii pentru Pisici, Tunel, mingii, soareci, undita, Gonga\u00ae | ZOKO\" \/>\n<meta property=\"og:description\" content=\"Culoare: Multicolor Set complet de juc\u0103rii pentru pisici cu tunel \u2013 distrac\u021bie garantat\u0103 pentru animalele tale de companie! Acest set\" \/>\n<meta property=\"og:url\" content=\"https:\/\/www.zoko.ro\/en\/p\/set-21-jucarii-pentru-pisici-tunel-mingii-soareci-undita-gonga\/\" \/>\n<meta property=\"og:site_name\" content=\"ZOKO\" \/>\n<meta property=\"article:publisher\" content=\"https:\/\/www.facebook.com\/profile.php?id=61584344135075\" \/>\n<meta property=\"og:image\" content=\"https:\/\/www.zoko.ro\/wp-content\/uploads\/2025\/12\/set-21-jucarii-pentru-pisici-tunel-mingii-soareci-undita-gonga.jpg\" \/>\n\t<meta property=\"og:image:width\" content=\"1479\" \/>\n\t<meta property=\"og:image:height\" content=\"1500\" \/>\n\t<meta property=\"og:image:type\" content=\"image\/jpeg\" \/>\n<meta name=\"twitter:card\" content=\"summary_large_image\" \/>\n<meta name=\"twitter:label1\" content=\"Estimated reading time\" \/>\n\t<meta name=\"twitter:data1\" content=\"1 minute\" \/>\n<script type=\"application\/ld+json\" class=\"yoast-schema-graph\">{\"@context\":\"https:\/\/schema.org\",\"@graph\":[{\"@type\":\"WebPage\",\"@id\":\"https:\/\/www.zoko.ro\/p\/set-21-jucarii-pentru-pisici-tunel-mingii-soareci-undita-gonga\/\",\"url\":\"https:\/\/www.zoko.ro\/p\/set-21-jucarii-pentru-pisici-tunel-mingii-soareci-undita-gonga\/\",\"name\":\"Set 21 Jucarii pentru Pisici, Tunel, mingii, soareci, undita, Gonga\u00ae | ZOKO\",\"isPartOf\":{\"@id\":\"https:\/\/www.zoko.ro\/#website\"},\"primaryImageOfPage\":{\"@id\":\"https:\/\/www.zoko.ro\/p\/set-21-jucarii-pentru-pisici-tunel-mingii-soareci-undita-gonga\/#primaryimage\"},\"image\":{\"@id\":\"https:\/\/www.zoko.ro\/p\/set-21-jucarii-pentru-pisici-tunel-mingii-soareci-undita-gonga\/#primaryimage\"},\"thumbnailUrl\":\"https:\/\/www.zoko.ro\/wp-content\/uploads\/2025\/12\/set-21-jucarii-pentru-pisici-tunel-mingii-soareci-undita-gonga.jpg\",\"datePublished\":\"2026-04-28T21:36:20+00:00\",\"breadcrumb\":{\"@id\":\"https:\/\/www.zoko.ro\/p\/set-21-jucarii-pentru-pisici-tunel-mingii-soareci-undita-gonga\/#breadcrumb\"},\"inLanguage\":\"en-GB\",\"potentialAction\":[{\"@type\":\"ReadAction\",\"target\":[\"https:\/\/www.zoko.ro\/p\/set-21-jucarii-pentru-pisici-tunel-mingii-soareci-undita-gonga\/\"]}]},{\"@type\":\"ImageObject\",\"inLanguage\":\"en-GB\",\"@id\":\"https:\/\/www.zoko.ro\/p\/set-21-jucarii-pentru-pisici-tunel-mingii-soareci-undita-gonga\/#primaryimage\",\"url\":\"https:\/\/www.zoko.ro\/wp-content\/uploads\/2025\/12\/set-21-jucarii-pentru-pisici-tunel-mingii-soareci-undita-gonga.jpg\",\"contentUrl\":\"https:\/\/www.zoko.ro\/wp-content\/uploads\/2025\/12\/set-21-jucarii-pentru-pisici-tunel-mingii-soareci-undita-gonga.jpg\",\"width\":1479,\"height\":1500},{\"@type\":\"BreadcrumbList\",\"@id\":\"https:\/\/www.zoko.ro\/p\/set-21-jucarii-pentru-pisici-tunel-mingii-soareci-undita-gonga\/#breadcrumb\",\"itemListElement\":[{\"@type\":\"ListItem\",\"position\":1,\"name\":\"Home\",\"item\":\"https:\/\/www.zoko.ro\/\"},{\"@type\":\"ListItem\",\"position\":2,\"name\":\"Magazin\",\"item\":\"https:\/\/www.zoko.ro\/magazin\/\"},{\"@type\":\"ListItem\",\"position\":3,\"name\":\"Set 21 Jucarii pentru Pisici, Tunel, mingii, soareci, undita, Gonga\u00ae\"}]},{\"@type\":\"WebSite\",\"@id\":\"https:\/\/www.zoko.ro\/#website\",\"url\":\"https:\/\/www.zoko.ro\/\",\"name\":\"ZOKO.ro\",\"description\":\"Cump\u0103r\u0103 inteligent\",\"publisher\":{\"@id\":\"https:\/\/www.zoko.ro\/#organization\"},\"potentialAction\":[{\"@type\":\"SearchAction\",\"target\":{\"@type\":\"EntryPoint\",\"urlTemplate\":\"https:\/\/www.zoko.ro\/?s={search_term_string}\"},\"query-input\":{\"@type\":\"PropertyValueSpecification\",\"valueRequired\":true,\"valueName\":\"search_term_string\"}}],\"inLanguage\":\"en-GB\"},{\"@type\":\"Organization\",\"@id\":\"https:\/\/www.zoko.ro\/#organization\",\"name\":\"ZOKO\",\"url\":\"https:\/\/www.zoko.ro\/\",\"logo\":{\"@type\":\"ImageObject\",\"inLanguage\":\"en-GB\",\"@id\":\"https:\/\/www.zoko.ro\/#\/schema\/logo\/image\/\",\"url\":\"https:\/\/www.zoko.ro\/wp-content\/uploads\/2025\/03\/logo1.svg\",\"contentUrl\":\"https:\/\/www.zoko.ro\/wp-content\/uploads\/2025\/03\/logo1.svg\",\"width\":799,\"height\":216,\"caption\":\"ZOKO\"},\"image\":{\"@id\":\"https:\/\/www.zoko.ro\/#\/schema\/logo\/image\/\"},\"sameAs\":[\"https:\/\/www.facebook.com\/profile.php?id=61584344135075\"]}]}<\/script>\n<!-- \/ Yoast SEO plugin. -->","yoast_head_json":{"title":"Set 21 Jucarii pentru Pisici, Tunel, mingii, soareci, undita, Gonga\u00ae | ZOKO","robots":{"index":"index","follow":"follow","max-snippet":"max-snippet:-1","max-image-preview":"max-image-preview:large","max-video-preview":"max-video-preview:-1"},"canonical":"https:\/\/www.zoko.ro\/en\/p\/set-21-jucarii-pentru-pisici-tunel-mingii-soareci-undita-gonga\/","og_locale":"en_GB","og_type":"article","og_title":"Set 21 Jucarii pentru Pisici, Tunel, mingii, soareci, undita, Gonga\u00ae | ZOKO","og_description":"Culoare: Multicolor Set complet de juc\u0103rii pentru pisici cu tunel \u2013 distrac\u021bie garantat\u0103 pentru animalele tale de companie! Acest set","og_url":"https:\/\/www.zoko.ro\/en\/p\/set-21-jucarii-pentru-pisici-tunel-mingii-soareci-undita-gonga\/","og_site_name":"ZOKO","article_publisher":"https:\/\/www.facebook.com\/profile.php?id=61584344135075","og_image":[{"width":1479,"height":1500,"url":"https:\/\/www.zoko.ro\/wp-content\/uploads\/2025\/12\/set-21-jucarii-pentru-pisici-tunel-mingii-soareci-undita-gonga.jpg","type":"image\/jpeg"}],"twitter_card":"summary_large_image","twitter_misc":{"Estimated reading time":"1 minute"},"schema":{"@context":"https:\/\/schema.org","@graph":[{"@type":"WebPage","@id":"https:\/\/www.zoko.ro\/p\/set-21-jucarii-pentru-pisici-tunel-mingii-soareci-undita-gonga\/","url":"https:\/\/www.zoko.ro\/p\/set-21-jucarii-pentru-pisici-tunel-mingii-soareci-undita-gonga\/","name":"Set 21 Jucarii pentru Pisici, Tunel, mingii, soareci, undita, Gonga\u00ae | ZOKO","isPartOf":{"@id":"https:\/\/www.zoko.ro\/#website"},"primaryImageOfPage":{"@id":"https:\/\/www.zoko.ro\/p\/set-21-jucarii-pentru-pisici-tunel-mingii-soareci-undita-gonga\/#primaryimage"},"image":{"@id":"https:\/\/www.zoko.ro\/p\/set-21-jucarii-pentru-pisici-tunel-mingii-soareci-undita-gonga\/#primaryimage"},"thumbnailUrl":"https:\/\/www.zoko.ro\/wp-content\/uploads\/2025\/12\/set-21-jucarii-pentru-pisici-tunel-mingii-soareci-undita-gonga.jpg","datePublished":"2026-04-28T21:36:20+00:00","breadcrumb":{"@id":"https:\/\/www.zoko.ro\/p\/set-21-jucarii-pentru-pisici-tunel-mingii-soareci-undita-gonga\/#breadcrumb"},"inLanguage":"en-GB","potentialAction":[{"@type":"ReadAction","target":["https:\/\/www.zoko.ro\/p\/set-21-jucarii-pentru-pisici-tunel-mingii-soareci-undita-gonga\/"]}]},{"@type":"ImageObject","inLanguage":"en-GB","@id":"https:\/\/www.zoko.ro\/p\/set-21-jucarii-pentru-pisici-tunel-mingii-soareci-undita-gonga\/#primaryimage","url":"https:\/\/www.zoko.ro\/wp-content\/uploads\/2025\/12\/set-21-jucarii-pentru-pisici-tunel-mingii-soareci-undita-gonga.jpg","contentUrl":"https:\/\/www.zoko.ro\/wp-content\/uploads\/2025\/12\/set-21-jucarii-pentru-pisici-tunel-mingii-soareci-undita-gonga.jpg","width":1479,"height":1500},{"@type":"BreadcrumbList","@id":"https:\/\/www.zoko.ro\/p\/set-21-jucarii-pentru-pisici-tunel-mingii-soareci-undita-gonga\/#breadcrumb","itemListElement":[{"@type":"ListItem","position":1,"name":"Home","item":"https:\/\/www.zoko.ro\/"},{"@type":"ListItem","position":2,"name":"Magazin","item":"https:\/\/www.zoko.ro\/magazin\/"},{"@type":"ListItem","position":3,"name":"Set 21 Jucarii pentru Pisici, Tunel, mingii, soareci, undita, Gonga\u00ae"}]},{"@type":"WebSite","@id":"https:\/\/www.zoko.ro\/#website","url":"https:\/\/www.zoko.ro\/","name":"ZOKO.ro","description":"Cump\u0103r\u0103 inteligent","publisher":{"@id":"https:\/\/www.zoko.ro\/#organization"},"potentialAction":[{"@type":"SearchAction","target":{"@type":"EntryPoint","urlTemplate":"https:\/\/www.zoko.ro\/?s={search_term_string}"},"query-input":{"@type":"PropertyValueSpecification","valueRequired":true,"valueName":"search_term_string"}}],"inLanguage":"en-GB"},{"@type":"Organization","@id":"https:\/\/www.zoko.ro\/#organization","name":"ZOKO","url":"https:\/\/www.zoko.ro\/","logo":{"@type":"ImageObject","inLanguage":"en-GB","@id":"https:\/\/www.zoko.ro\/#\/schema\/logo\/image\/","url":"https:\/\/www.zoko.ro\/wp-content\/uploads\/2025\/03\/logo1.svg","contentUrl":"https:\/\/www.zoko.ro\/wp-content\/uploads\/2025\/03\/logo1.svg","width":799,"height":216,"caption":"ZOKO"},"image":{"@id":"https:\/\/www.zoko.ro\/#\/schema\/logo\/image\/"},"sameAs":["https:\/\/www.facebook.com\/profile.php?id=61584344135075"]}]}},"_links":{"self":[{"href":"https:\/\/www.zoko.ro\/en\/wp-json\/wp\/v2\/product\/33078","targetHints":{"allow":["GET"]}}],"collection":[{"href":"https:\/\/www.zoko.ro\/en\/wp-json\/wp\/v2\/product"}],"about":[{"href":"https:\/\/www.zoko.ro\/en\/wp-json\/wp\/v2\/types\/product"}],"replies":[{"embeddable":true,"href":"https:\/\/www.zoko.ro\/en\/wp-json\/wp\/v2\/comments?post=33078"}],"version-history":[{"count":1,"href":"https:\/\/www.zoko.ro\/en\/wp-json\/wp\/v2\/product\/33078\/revisions"}],"predecessor-version":[{"id":38405,"href":"https:\/\/www.zoko.ro\/en\/wp-json\/wp\/v2\/product\/33078\/revisions\/38405"}],"wp:featuredmedia":[{"embeddable":true,"href":"https:\/\/www.zoko.ro\/en\/wp-json\/wp\/v2\/media\/33079"}],"wp:attachment":[{"href":"https:\/\/www.zoko.ro\/en\/wp-json\/wp\/v2\/media?parent=33078"}],"wp:term":[{"taxonomy":"product_brand","embeddable":true,"href":"https:\/\/www.zoko.ro\/en\/wp-json\/wp\/v2\/product_brand?post=33078"},{"taxonomy":"product_cat","embeddable":true,"href":"https:\/\/www.zoko.ro\/en\/wp-json\/wp\/v2\/product_cat?post=33078"},{"taxonomy":"product_tag","embeddable":true,"href":"https:\/\/www.zoko.ro\/en\/wp-json\/wp\/v2\/product_tag?post=33078"}],"curies":[{"name":"wp","href":"https:\/\/api.w.org\/{rel}","templated":true}]}}