{"id":33112,"date":"2026-04-28T23:36:22","date_gmt":"2026-04-28T21:36:22","guid":{"rendered":"https:\/\/www.zoko.ro\/p\/masca-venetiana-simpla-gonga\/"},"modified":"2026-04-28T23:36:22","modified_gmt":"2026-04-28T21:36:22","slug":"masca-venetiana-simpla-gonga","status":"publish","type":"product","link":"https:\/\/www.zoko.ro\/en\/p\/masca-venetiana-simpla-gonga\/","title":{"rendered":"Masca Venetiana simpla, Gonga\u00ae"},"content":{"rendered":"<p><strong>Culoare:<\/strong> Alb<\/p>\n<p>Masc\u0103 vene\u021bian\u0103 elegant\u0103 \u2013 rafinament \u0219i mister\u00a0<\/p>\n<p><img loading=\"lazy\" decoding=\"async\" src=\"https:\/\/gonga.ro\/img\/cms\/Masca%20Venetiana%20simpla,%20Gonga%C2%AE10.jpg\" alt=\"\" width=\"1200\" height=\"1200\" \/><\/p>\n<p>Adaug\u0103 un aer de elegan\u021b\u0103 \u0219i mister oric\u0103rei ocazii speciale cu aceast\u0103 masc\u0103 vene\u021bian\u0103 simpl\u0103, conceput\u0103 pentru a acoperi delicat doar zona ochilor. Inspirat\u0103 din tradi\u021bia balurilor mascate vene\u021biene, aceast\u0103 masc\u0103 minimalist\u0103 eviden\u021biaz\u0103 privirea \u0219i confer\u0103 un farmec aparte purt\u0103torului.<\/p>\n<\/p>\n<p><img loading=\"lazy\" decoding=\"async\" src=\"https:\/\/gonga.ro\/img\/cms\/Masca%20Venetiana%20simpla,%20Gonga%C2%AE7.jpg\" alt=\"\" width=\"1200\" height=\"1200\" \/><\/p>\n<\/p>\n<p>Design clasic \u0219i rafinat \u2013 Contur subtil \u0219i armonios, ideal pentru evenimente elegante.<\/p>\n<p>U\u0219oar\u0103 \u0219i confortabil\u0103 \u2013 Fabricat\u0103 din materiale de calitate, asigur\u0103 o purtare comod\u0103 timp \u00eendelungat.<\/p>\n<p>Sistem de prindere sigur \u2013 Se fixeaz\u0103 u\u0219or cu panglici, pentru o stabilitate perfect\u0103.<\/p>\n<p>Potrivit\u0103 pentru orice ocazie \u2013 Perfect\u0103 pentru baluri mascate, carnavaluri, petreceri tematice sau spectacole.<\/p>\n<\/p>\n<p><img loading=\"lazy\" decoding=\"async\" src=\"https:\/\/gonga.ro\/img\/cms\/Masca%20Venetiana%20simpla,%20Gonga%C2%AE1.jpg\" alt=\"\" width=\"1200\" height=\"1184\" \/><\/p>\n<\/p>\n<p>Fii enigmatic \u0219i sofisticat cu aceast\u0103 masc\u0103 vene\u021bian\u0103 clasic\u0103, un accesoriu atemporal ce completeaz\u0103 orice \u021binut\u0103 festiv\u0103!<\/p>","protected":false},"excerpt":{"rendered":"<p>Culoare: Alb Masc\u0103 vene\u021bian\u0103 elegant\u0103 \u2013 rafinament \u0219i mister\u00a0 Adaug\u0103 un aer de elegan\u021b\u0103 \u0219i mister oric\u0103rei ocazii speciale cu<\/p>","protected":false},"featured_media":33113,"comment_status":"open","ping_status":"open","template":"","meta":[],"product_brand":[],"product_cat":[99,352,554],"product_tag":[],"class_list":{"0":"post-33112","1":"product","2":"type-product","3":"status-publish","4":"has-post-thumbnail","6":"product_cat-acasa","7":"product_cat-costume-masti","8":"product_cat-masti-adulti","9":"pa_culoare-alb","11":"first","12":"outofstock","13":"sale","14":"purchasable","15":"product-type-simple"},"yoast_head":"<!-- This site is optimized with the Yoast SEO plugin v27.2 - https:\/\/yoast.com\/product\/yoast-seo-wordpress\/ -->\n<title>Masca Venetiana simpla, Gonga\u00ae | ZOKO<\/title>\n<meta name=\"robots\" content=\"index, follow, max-snippet:-1, max-image-preview:large, max-video-preview:-1\" \/>\n<link rel=\"canonical\" href=\"https:\/\/www.zoko.ro\/en\/p\/masca-venetiana-simpla-gonga\/\" \/>\n<meta property=\"og:locale\" content=\"en_GB\" \/>\n<meta property=\"og:type\" content=\"article\" \/>\n<meta property=\"og:title\" content=\"Masca Venetiana simpla, Gonga\u00ae | ZOKO\" \/>\n<meta property=\"og:description\" content=\"Culoare: Alb Masc\u0103 vene\u021bian\u0103 elegant\u0103 \u2013 rafinament \u0219i mister\u00a0 Adaug\u0103 un aer de elegan\u021b\u0103 \u0219i mister oric\u0103rei ocazii speciale cu\" \/>\n<meta property=\"og:url\" content=\"https:\/\/www.zoko.ro\/en\/p\/masca-venetiana-simpla-gonga\/\" \/>\n<meta property=\"og:site_name\" content=\"ZOKO\" \/>\n<meta property=\"article:publisher\" content=\"https:\/\/www.facebook.com\/profile.php?id=61584344135075\" \/>\n<meta property=\"og:image\" content=\"https:\/\/www.zoko.ro\/wp-content\/uploads\/2025\/12\/masca-venetiana-simpla-gonga.jpg\" \/>\n\t<meta property=\"og:image:width\" content=\"1195\" \/>\n\t<meta property=\"og:image:height\" content=\"1200\" \/>\n\t<meta property=\"og:image:type\" content=\"image\/jpeg\" \/>\n<meta name=\"twitter:card\" content=\"summary_large_image\" \/>\n<meta name=\"twitter:label1\" content=\"Estimated reading time\" \/>\n\t<meta name=\"twitter:data1\" content=\"1 minute\" \/>\n<script type=\"application\/ld+json\" class=\"yoast-schema-graph\">{\"@context\":\"https:\/\/schema.org\",\"@graph\":[{\"@type\":\"WebPage\",\"@id\":\"https:\/\/www.zoko.ro\/p\/masca-venetiana-simpla-gonga\/\",\"url\":\"https:\/\/www.zoko.ro\/p\/masca-venetiana-simpla-gonga\/\",\"name\":\"Masca Venetiana simpla, Gonga\u00ae | ZOKO\",\"isPartOf\":{\"@id\":\"https:\/\/www.zoko.ro\/#website\"},\"primaryImageOfPage\":{\"@id\":\"https:\/\/www.zoko.ro\/p\/masca-venetiana-simpla-gonga\/#primaryimage\"},\"image\":{\"@id\":\"https:\/\/www.zoko.ro\/p\/masca-venetiana-simpla-gonga\/#primaryimage\"},\"thumbnailUrl\":\"https:\/\/www.zoko.ro\/wp-content\/uploads\/2025\/12\/masca-venetiana-simpla-gonga.jpg\",\"datePublished\":\"2026-04-28T21:36:22+00:00\",\"breadcrumb\":{\"@id\":\"https:\/\/www.zoko.ro\/p\/masca-venetiana-simpla-gonga\/#breadcrumb\"},\"inLanguage\":\"en-GB\",\"potentialAction\":[{\"@type\":\"ReadAction\",\"target\":[\"https:\/\/www.zoko.ro\/p\/masca-venetiana-simpla-gonga\/\"]}]},{\"@type\":\"ImageObject\",\"inLanguage\":\"en-GB\",\"@id\":\"https:\/\/www.zoko.ro\/p\/masca-venetiana-simpla-gonga\/#primaryimage\",\"url\":\"https:\/\/www.zoko.ro\/wp-content\/uploads\/2025\/12\/masca-venetiana-simpla-gonga.jpg\",\"contentUrl\":\"https:\/\/www.zoko.ro\/wp-content\/uploads\/2025\/12\/masca-venetiana-simpla-gonga.jpg\",\"width\":1195,\"height\":1200},{\"@type\":\"BreadcrumbList\",\"@id\":\"https:\/\/www.zoko.ro\/p\/masca-venetiana-simpla-gonga\/#breadcrumb\",\"itemListElement\":[{\"@type\":\"ListItem\",\"position\":1,\"name\":\"Home\",\"item\":\"https:\/\/www.zoko.ro\/\"},{\"@type\":\"ListItem\",\"position\":2,\"name\":\"Magazin\",\"item\":\"https:\/\/www.zoko.ro\/magazin\/\"},{\"@type\":\"ListItem\",\"position\":3,\"name\":\"Masca Venetiana simpla, Gonga\u00ae\"}]},{\"@type\":\"WebSite\",\"@id\":\"https:\/\/www.zoko.ro\/#website\",\"url\":\"https:\/\/www.zoko.ro\/\",\"name\":\"ZOKO.ro\",\"description\":\"Cump\u0103r\u0103 inteligent\",\"publisher\":{\"@id\":\"https:\/\/www.zoko.ro\/#organization\"},\"potentialAction\":[{\"@type\":\"SearchAction\",\"target\":{\"@type\":\"EntryPoint\",\"urlTemplate\":\"https:\/\/www.zoko.ro\/?s={search_term_string}\"},\"query-input\":{\"@type\":\"PropertyValueSpecification\",\"valueRequired\":true,\"valueName\":\"search_term_string\"}}],\"inLanguage\":\"en-GB\"},{\"@type\":\"Organization\",\"@id\":\"https:\/\/www.zoko.ro\/#organization\",\"name\":\"ZOKO\",\"url\":\"https:\/\/www.zoko.ro\/\",\"logo\":{\"@type\":\"ImageObject\",\"inLanguage\":\"en-GB\",\"@id\":\"https:\/\/www.zoko.ro\/#\/schema\/logo\/image\/\",\"url\":\"https:\/\/www.zoko.ro\/wp-content\/uploads\/2025\/03\/logo1.svg\",\"contentUrl\":\"https:\/\/www.zoko.ro\/wp-content\/uploads\/2025\/03\/logo1.svg\",\"width\":799,\"height\":216,\"caption\":\"ZOKO\"},\"image\":{\"@id\":\"https:\/\/www.zoko.ro\/#\/schema\/logo\/image\/\"},\"sameAs\":[\"https:\/\/www.facebook.com\/profile.php?id=61584344135075\"]}]}<\/script>\n<!-- \/ Yoast SEO plugin. -->","yoast_head_json":{"title":"Masca Venetiana simpla, Gonga\u00ae | ZOKO","robots":{"index":"index","follow":"follow","max-snippet":"max-snippet:-1","max-image-preview":"max-image-preview:large","max-video-preview":"max-video-preview:-1"},"canonical":"https:\/\/www.zoko.ro\/en\/p\/masca-venetiana-simpla-gonga\/","og_locale":"en_GB","og_type":"article","og_title":"Masca Venetiana simpla, Gonga\u00ae | ZOKO","og_description":"Culoare: Alb Masc\u0103 vene\u021bian\u0103 elegant\u0103 \u2013 rafinament \u0219i mister\u00a0 Adaug\u0103 un aer de elegan\u021b\u0103 \u0219i mister oric\u0103rei ocazii speciale cu","og_url":"https:\/\/www.zoko.ro\/en\/p\/masca-venetiana-simpla-gonga\/","og_site_name":"ZOKO","article_publisher":"https:\/\/www.facebook.com\/profile.php?id=61584344135075","og_image":[{"width":1195,"height":1200,"url":"https:\/\/www.zoko.ro\/wp-content\/uploads\/2025\/12\/masca-venetiana-simpla-gonga.jpg","type":"image\/jpeg"}],"twitter_card":"summary_large_image","twitter_misc":{"Estimated reading time":"1 minute"},"schema":{"@context":"https:\/\/schema.org","@graph":[{"@type":"WebPage","@id":"https:\/\/www.zoko.ro\/p\/masca-venetiana-simpla-gonga\/","url":"https:\/\/www.zoko.ro\/p\/masca-venetiana-simpla-gonga\/","name":"Masca Venetiana simpla, Gonga\u00ae | ZOKO","isPartOf":{"@id":"https:\/\/www.zoko.ro\/#website"},"primaryImageOfPage":{"@id":"https:\/\/www.zoko.ro\/p\/masca-venetiana-simpla-gonga\/#primaryimage"},"image":{"@id":"https:\/\/www.zoko.ro\/p\/masca-venetiana-simpla-gonga\/#primaryimage"},"thumbnailUrl":"https:\/\/www.zoko.ro\/wp-content\/uploads\/2025\/12\/masca-venetiana-simpla-gonga.jpg","datePublished":"2026-04-28T21:36:22+00:00","breadcrumb":{"@id":"https:\/\/www.zoko.ro\/p\/masca-venetiana-simpla-gonga\/#breadcrumb"},"inLanguage":"en-GB","potentialAction":[{"@type":"ReadAction","target":["https:\/\/www.zoko.ro\/p\/masca-venetiana-simpla-gonga\/"]}]},{"@type":"ImageObject","inLanguage":"en-GB","@id":"https:\/\/www.zoko.ro\/p\/masca-venetiana-simpla-gonga\/#primaryimage","url":"https:\/\/www.zoko.ro\/wp-content\/uploads\/2025\/12\/masca-venetiana-simpla-gonga.jpg","contentUrl":"https:\/\/www.zoko.ro\/wp-content\/uploads\/2025\/12\/masca-venetiana-simpla-gonga.jpg","width":1195,"height":1200},{"@type":"BreadcrumbList","@id":"https:\/\/www.zoko.ro\/p\/masca-venetiana-simpla-gonga\/#breadcrumb","itemListElement":[{"@type":"ListItem","position":1,"name":"Home","item":"https:\/\/www.zoko.ro\/"},{"@type":"ListItem","position":2,"name":"Magazin","item":"https:\/\/www.zoko.ro\/magazin\/"},{"@type":"ListItem","position":3,"name":"Masca Venetiana simpla, Gonga\u00ae"}]},{"@type":"WebSite","@id":"https:\/\/www.zoko.ro\/#website","url":"https:\/\/www.zoko.ro\/","name":"ZOKO.ro","description":"Cump\u0103r\u0103 inteligent","publisher":{"@id":"https:\/\/www.zoko.ro\/#organization"},"potentialAction":[{"@type":"SearchAction","target":{"@type":"EntryPoint","urlTemplate":"https:\/\/www.zoko.ro\/?s={search_term_string}"},"query-input":{"@type":"PropertyValueSpecification","valueRequired":true,"valueName":"search_term_string"}}],"inLanguage":"en-GB"},{"@type":"Organization","@id":"https:\/\/www.zoko.ro\/#organization","name":"ZOKO","url":"https:\/\/www.zoko.ro\/","logo":{"@type":"ImageObject","inLanguage":"en-GB","@id":"https:\/\/www.zoko.ro\/#\/schema\/logo\/image\/","url":"https:\/\/www.zoko.ro\/wp-content\/uploads\/2025\/03\/logo1.svg","contentUrl":"https:\/\/www.zoko.ro\/wp-content\/uploads\/2025\/03\/logo1.svg","width":799,"height":216,"caption":"ZOKO"},"image":{"@id":"https:\/\/www.zoko.ro\/#\/schema\/logo\/image\/"},"sameAs":["https:\/\/www.facebook.com\/profile.php?id=61584344135075"]}]}},"_links":{"self":[{"href":"https:\/\/www.zoko.ro\/en\/wp-json\/wp\/v2\/product\/33112","targetHints":{"allow":["GET"]}}],"collection":[{"href":"https:\/\/www.zoko.ro\/en\/wp-json\/wp\/v2\/product"}],"about":[{"href":"https:\/\/www.zoko.ro\/en\/wp-json\/wp\/v2\/types\/product"}],"replies":[{"embeddable":true,"href":"https:\/\/www.zoko.ro\/en\/wp-json\/wp\/v2\/comments?post=33112"}],"version-history":[{"count":1,"href":"https:\/\/www.zoko.ro\/en\/wp-json\/wp\/v2\/product\/33112\/revisions"}],"predecessor-version":[{"id":33840,"href":"https:\/\/www.zoko.ro\/en\/wp-json\/wp\/v2\/product\/33112\/revisions\/33840"}],"wp:featuredmedia":[{"embeddable":true,"href":"https:\/\/www.zoko.ro\/en\/wp-json\/wp\/v2\/media\/33113"}],"wp:attachment":[{"href":"https:\/\/www.zoko.ro\/en\/wp-json\/wp\/v2\/media?parent=33112"}],"wp:term":[{"taxonomy":"product_brand","embeddable":true,"href":"https:\/\/www.zoko.ro\/en\/wp-json\/wp\/v2\/product_brand?post=33112"},{"taxonomy":"product_cat","embeddable":true,"href":"https:\/\/www.zoko.ro\/en\/wp-json\/wp\/v2\/product_cat?post=33112"},{"taxonomy":"product_tag","embeddable":true,"href":"https:\/\/www.zoko.ro\/en\/wp-json\/wp\/v2\/product_tag?post=33112"}],"curies":[{"name":"wp","href":"https:\/\/api.w.org\/{rel}","templated":true}]}}