{"id":33152,"date":"2026-04-28T23:36:25","date_gmt":"2026-04-28T21:36:25","guid":{"rendered":"https:\/\/www.zoko.ro\/p\/jucarie-pentru-caini-curatare-dinti-15x5-5x5cm-gonga\/"},"modified":"2026-04-28T23:36:25","modified_gmt":"2026-04-28T21:36:25","slug":"jucarie-pentru-caini-curatare-dinti-15x5-5x5cm-gonga","status":"publish","type":"product","link":"https:\/\/www.zoko.ro\/en\/p\/jucarie-pentru-caini-curatare-dinti-15x5-5x5cm-gonga\/","title":{"rendered":"Jucarie pentru caini, curatare dinti, 15&#215;5.5x5cm, Gonga\u00ae"},"content":{"rendered":"<p><strong>Culoare:<\/strong> Rosu<\/p>\n<p>Juc\u0103rie pentru Igiena Dentar\u0103 a C\u00e2inilor \u2013 Cur\u0103\u021bare \u0219i Distrac\u021bie<\/p>\n<p>Ofer\u0103-i c\u00e2inelui t\u0103u o modalitate sigur\u0103 \u0219i eficient\u0103 de a-\u0219i men\u021bine din\u021bii cura\u021bi! Aceast\u0103 juc\u0103rie dentar\u0103 ajut\u0103 la \u00eendep\u0103rtarea resturilor alimentare, a pl\u0103cii \u0219i a tartrului, contribuind la o igien\u0103 oral\u0103 optim\u0103.<\/p>\n<\/p>\n<p>Fabricat\u0103 din cauciuc durabil \u0219i rezistent la mu\u0219c\u0103turi, juc\u0103ria este sigur\u0103 \u0219i u\u0219or de cur\u0103\u021bat. \u00cen plus, poate fi utilizat\u0103 \u0219i ca o juc\u0103rie interactiv\u0103, oferind ore \u00eentregi de distrac\u021bie.<\/p>\n<\/p>\n<p><img loading=\"lazy\" decoding=\"async\" src=\"https:\/\/gonga.ro\/img\/cms\/Jucarie%20pentru%20caini,%20curatare%20dinti,%2015x5-5x5cm,%20Gonga%C2%AE.jpg\" alt=\"\" width=\"1000\" height=\"1000\" \/><\/p>\n<\/p>\n<p>Pentru o cur\u0103\u021bare mai eficient\u0103, po\u021bi introduce past\u0103 de din\u021bi \u00een interiorul juc\u0103riei, maximiz\u00e2nd efectul de periaj.<\/p>\n<\/p>\n<p>Beneficii:<\/p>\n<p>&#8211; Cur\u0103\u021b\u0103 din\u021bii \u00een mod natural prin mestecare<\/p>\n<p>&#8211; Maseaz\u0103 gingiile, men\u021bin\u00e2ndu-le s\u0103n\u0103toase<\/p>\n<p>&#8211; \u00cendep\u0103rteaz\u0103 placa dentar\u0103 \u0219i tartrul<\/p>\n<p>&#8211; Material sigur \u0219i rezistent, potrivit pentru toate rasele de c\u00e2ini<\/p>\n<\/p>\n<p><img loading=\"lazy\" decoding=\"async\" src=\"https:\/\/gonga.ro\/img\/cms\/Jucarie%20pentru%20caini,%20curatare%20dinti,%2015x5-5x5cm,%20Gonga%C2%AE1.jpg\" alt=\"\" width=\"1000\" height=\"750\" \/><\/p>\n<\/p>\n<p><strong>Specifica\u021bii:<\/strong><\/p>\n<\/p>\n<p>&#8211; Material: Cauciuc durabil, sigur pentru animale<\/p>\n<p>&#8211; Dimensiuni: 15 cm x 5.5 cm x 5 cm<\/p>\n<p>&#8211; U\u0219or de cur\u0103\u021bat \u0219i \u00eentre\u021binut<\/p>\n<\/p>\n<p><img loading=\"lazy\" decoding=\"async\" src=\"https:\/\/gonga.ro\/img\/cms\/Jucarie%20pentru%20caini,%20curatare%20dinti,%2015x5-5x5cm,%20Gonga%C2%AE4.jpg\" alt=\"\" width=\"1000\" height=\"750\" \/><\/p>","protected":false},"excerpt":{"rendered":"<p>Culoare: Rosu Juc\u0103rie pentru Igiena Dentar\u0103 a C\u00e2inilor \u2013 Cur\u0103\u021bare \u0219i Distrac\u021bie Ofer\u0103-i c\u00e2inelui t\u0103u o modalitate sigur\u0103 \u0219i eficient\u0103<\/p>","protected":false},"featured_media":33153,"comment_status":"open","ping_status":"open","template":"","meta":[],"product_brand":[],"product_cat":[99,369,346],"product_tag":[104],"class_list":{"0":"post-33152","1":"product","2":"type-product","3":"status-publish","4":"has-post-thumbnail","6":"product_cat-acasa","7":"product_cat-jucarii-animale","8":"product_cat-petshop","9":"product_tag-in-stoc","10":"pa_culoare-rosu","12":"first","13":"instock","14":"sale","15":"purchasable","16":"product-type-simple"},"yoast_head":"<!-- This site is optimized with the Yoast SEO plugin v27.2 - https:\/\/yoast.com\/product\/yoast-seo-wordpress\/ -->\n<title>Jucarie pentru caini, curatare dinti, 15x5.5x5cm, Gonga\u00ae | ZOKO<\/title>\n<meta name=\"robots\" content=\"index, follow, max-snippet:-1, max-image-preview:large, max-video-preview:-1\" \/>\n<link rel=\"canonical\" href=\"https:\/\/www.zoko.ro\/en\/p\/jucarie-pentru-caini-curatare-dinti-15x5-5x5cm-gonga\/\" \/>\n<meta property=\"og:locale\" content=\"en_GB\" \/>\n<meta property=\"og:type\" content=\"article\" \/>\n<meta property=\"og:title\" content=\"Jucarie pentru caini, curatare dinti, 15x5.5x5cm, Gonga\u00ae | ZOKO\" \/>\n<meta property=\"og:description\" content=\"Culoare: Rosu Juc\u0103rie pentru Igiena Dentar\u0103 a C\u00e2inilor \u2013 Cur\u0103\u021bare \u0219i Distrac\u021bie Ofer\u0103-i c\u00e2inelui t\u0103u o modalitate sigur\u0103 \u0219i eficient\u0103\" \/>\n<meta property=\"og:url\" content=\"https:\/\/www.zoko.ro\/en\/p\/jucarie-pentru-caini-curatare-dinti-15x5-5x5cm-gonga\/\" \/>\n<meta property=\"og:site_name\" content=\"ZOKO\" \/>\n<meta property=\"article:publisher\" content=\"https:\/\/www.facebook.com\/profile.php?id=61584344135075\" \/>\n<meta property=\"og:image\" content=\"https:\/\/www.zoko.ro\/wp-content\/uploads\/2025\/12\/jucarie-pentru-caini-curatare-dinti-15x55x5cm-gonga.jpg\" \/>\n\t<meta property=\"og:image:width\" content=\"1000\" \/>\n\t<meta property=\"og:image:height\" content=\"750\" \/>\n\t<meta property=\"og:image:type\" content=\"image\/jpeg\" \/>\n<meta name=\"twitter:card\" content=\"summary_large_image\" \/>\n<meta name=\"twitter:label1\" content=\"Estimated reading time\" \/>\n\t<meta name=\"twitter:data1\" content=\"1 minute\" \/>\n<script type=\"application\/ld+json\" class=\"yoast-schema-graph\">{\"@context\":\"https:\/\/schema.org\",\"@graph\":[{\"@type\":\"WebPage\",\"@id\":\"https:\/\/www.zoko.ro\/p\/jucarie-pentru-caini-curatare-dinti-15x5-5x5cm-gonga\/\",\"url\":\"https:\/\/www.zoko.ro\/p\/jucarie-pentru-caini-curatare-dinti-15x5-5x5cm-gonga\/\",\"name\":\"Jucarie pentru caini, curatare dinti, 15x5.5x5cm, Gonga\u00ae | ZOKO\",\"isPartOf\":{\"@id\":\"https:\/\/www.zoko.ro\/#website\"},\"primaryImageOfPage\":{\"@id\":\"https:\/\/www.zoko.ro\/p\/jucarie-pentru-caini-curatare-dinti-15x5-5x5cm-gonga\/#primaryimage\"},\"image\":{\"@id\":\"https:\/\/www.zoko.ro\/p\/jucarie-pentru-caini-curatare-dinti-15x5-5x5cm-gonga\/#primaryimage\"},\"thumbnailUrl\":\"https:\/\/www.zoko.ro\/wp-content\/uploads\/2025\/12\/jucarie-pentru-caini-curatare-dinti-15x55x5cm-gonga.jpg\",\"datePublished\":\"2026-04-28T21:36:25+00:00\",\"breadcrumb\":{\"@id\":\"https:\/\/www.zoko.ro\/p\/jucarie-pentru-caini-curatare-dinti-15x5-5x5cm-gonga\/#breadcrumb\"},\"inLanguage\":\"en-GB\",\"potentialAction\":[{\"@type\":\"ReadAction\",\"target\":[\"https:\/\/www.zoko.ro\/p\/jucarie-pentru-caini-curatare-dinti-15x5-5x5cm-gonga\/\"]}]},{\"@type\":\"ImageObject\",\"inLanguage\":\"en-GB\",\"@id\":\"https:\/\/www.zoko.ro\/p\/jucarie-pentru-caini-curatare-dinti-15x5-5x5cm-gonga\/#primaryimage\",\"url\":\"https:\/\/www.zoko.ro\/wp-content\/uploads\/2025\/12\/jucarie-pentru-caini-curatare-dinti-15x55x5cm-gonga.jpg\",\"contentUrl\":\"https:\/\/www.zoko.ro\/wp-content\/uploads\/2025\/12\/jucarie-pentru-caini-curatare-dinti-15x55x5cm-gonga.jpg\",\"width\":1000,\"height\":750},{\"@type\":\"BreadcrumbList\",\"@id\":\"https:\/\/www.zoko.ro\/p\/jucarie-pentru-caini-curatare-dinti-15x5-5x5cm-gonga\/#breadcrumb\",\"itemListElement\":[{\"@type\":\"ListItem\",\"position\":1,\"name\":\"Home\",\"item\":\"https:\/\/www.zoko.ro\/\"},{\"@type\":\"ListItem\",\"position\":2,\"name\":\"Magazin\",\"item\":\"https:\/\/www.zoko.ro\/magazin\/\"},{\"@type\":\"ListItem\",\"position\":3,\"name\":\"Jucarie pentru caini, curatare dinti, 15&#215;5.5x5cm, Gonga\u00ae\"}]},{\"@type\":\"WebSite\",\"@id\":\"https:\/\/www.zoko.ro\/#website\",\"url\":\"https:\/\/www.zoko.ro\/\",\"name\":\"ZOKO.ro\",\"description\":\"Cump\u0103r\u0103 inteligent\",\"publisher\":{\"@id\":\"https:\/\/www.zoko.ro\/#organization\"},\"potentialAction\":[{\"@type\":\"SearchAction\",\"target\":{\"@type\":\"EntryPoint\",\"urlTemplate\":\"https:\/\/www.zoko.ro\/?s={search_term_string}\"},\"query-input\":{\"@type\":\"PropertyValueSpecification\",\"valueRequired\":true,\"valueName\":\"search_term_string\"}}],\"inLanguage\":\"en-GB\"},{\"@type\":\"Organization\",\"@id\":\"https:\/\/www.zoko.ro\/#organization\",\"name\":\"ZOKO\",\"url\":\"https:\/\/www.zoko.ro\/\",\"logo\":{\"@type\":\"ImageObject\",\"inLanguage\":\"en-GB\",\"@id\":\"https:\/\/www.zoko.ro\/#\/schema\/logo\/image\/\",\"url\":\"https:\/\/www.zoko.ro\/wp-content\/uploads\/2025\/03\/logo1.svg\",\"contentUrl\":\"https:\/\/www.zoko.ro\/wp-content\/uploads\/2025\/03\/logo1.svg\",\"width\":799,\"height\":216,\"caption\":\"ZOKO\"},\"image\":{\"@id\":\"https:\/\/www.zoko.ro\/#\/schema\/logo\/image\/\"},\"sameAs\":[\"https:\/\/www.facebook.com\/profile.php?id=61584344135075\"]}]}<\/script>\n<!-- \/ Yoast SEO plugin. -->","yoast_head_json":{"title":"Jucarie pentru caini, curatare dinti, 15x5.5x5cm, Gonga\u00ae | ZOKO","robots":{"index":"index","follow":"follow","max-snippet":"max-snippet:-1","max-image-preview":"max-image-preview:large","max-video-preview":"max-video-preview:-1"},"canonical":"https:\/\/www.zoko.ro\/en\/p\/jucarie-pentru-caini-curatare-dinti-15x5-5x5cm-gonga\/","og_locale":"en_GB","og_type":"article","og_title":"Jucarie pentru caini, curatare dinti, 15x5.5x5cm, Gonga\u00ae | ZOKO","og_description":"Culoare: Rosu Juc\u0103rie pentru Igiena Dentar\u0103 a C\u00e2inilor \u2013 Cur\u0103\u021bare \u0219i Distrac\u021bie Ofer\u0103-i c\u00e2inelui t\u0103u o modalitate sigur\u0103 \u0219i eficient\u0103","og_url":"https:\/\/www.zoko.ro\/en\/p\/jucarie-pentru-caini-curatare-dinti-15x5-5x5cm-gonga\/","og_site_name":"ZOKO","article_publisher":"https:\/\/www.facebook.com\/profile.php?id=61584344135075","og_image":[{"width":1000,"height":750,"url":"https:\/\/www.zoko.ro\/wp-content\/uploads\/2025\/12\/jucarie-pentru-caini-curatare-dinti-15x55x5cm-gonga.jpg","type":"image\/jpeg"}],"twitter_card":"summary_large_image","twitter_misc":{"Estimated reading time":"1 minute"},"schema":{"@context":"https:\/\/schema.org","@graph":[{"@type":"WebPage","@id":"https:\/\/www.zoko.ro\/p\/jucarie-pentru-caini-curatare-dinti-15x5-5x5cm-gonga\/","url":"https:\/\/www.zoko.ro\/p\/jucarie-pentru-caini-curatare-dinti-15x5-5x5cm-gonga\/","name":"Jucarie pentru caini, curatare dinti, 15x5.5x5cm, Gonga\u00ae | ZOKO","isPartOf":{"@id":"https:\/\/www.zoko.ro\/#website"},"primaryImageOfPage":{"@id":"https:\/\/www.zoko.ro\/p\/jucarie-pentru-caini-curatare-dinti-15x5-5x5cm-gonga\/#primaryimage"},"image":{"@id":"https:\/\/www.zoko.ro\/p\/jucarie-pentru-caini-curatare-dinti-15x5-5x5cm-gonga\/#primaryimage"},"thumbnailUrl":"https:\/\/www.zoko.ro\/wp-content\/uploads\/2025\/12\/jucarie-pentru-caini-curatare-dinti-15x55x5cm-gonga.jpg","datePublished":"2026-04-28T21:36:25+00:00","breadcrumb":{"@id":"https:\/\/www.zoko.ro\/p\/jucarie-pentru-caini-curatare-dinti-15x5-5x5cm-gonga\/#breadcrumb"},"inLanguage":"en-GB","potentialAction":[{"@type":"ReadAction","target":["https:\/\/www.zoko.ro\/p\/jucarie-pentru-caini-curatare-dinti-15x5-5x5cm-gonga\/"]}]},{"@type":"ImageObject","inLanguage":"en-GB","@id":"https:\/\/www.zoko.ro\/p\/jucarie-pentru-caini-curatare-dinti-15x5-5x5cm-gonga\/#primaryimage","url":"https:\/\/www.zoko.ro\/wp-content\/uploads\/2025\/12\/jucarie-pentru-caini-curatare-dinti-15x55x5cm-gonga.jpg","contentUrl":"https:\/\/www.zoko.ro\/wp-content\/uploads\/2025\/12\/jucarie-pentru-caini-curatare-dinti-15x55x5cm-gonga.jpg","width":1000,"height":750},{"@type":"BreadcrumbList","@id":"https:\/\/www.zoko.ro\/p\/jucarie-pentru-caini-curatare-dinti-15x5-5x5cm-gonga\/#breadcrumb","itemListElement":[{"@type":"ListItem","position":1,"name":"Home","item":"https:\/\/www.zoko.ro\/"},{"@type":"ListItem","position":2,"name":"Magazin","item":"https:\/\/www.zoko.ro\/magazin\/"},{"@type":"ListItem","position":3,"name":"Jucarie pentru caini, curatare dinti, 15&#215;5.5x5cm, Gonga\u00ae"}]},{"@type":"WebSite","@id":"https:\/\/www.zoko.ro\/#website","url":"https:\/\/www.zoko.ro\/","name":"ZOKO.ro","description":"Cump\u0103r\u0103 inteligent","publisher":{"@id":"https:\/\/www.zoko.ro\/#organization"},"potentialAction":[{"@type":"SearchAction","target":{"@type":"EntryPoint","urlTemplate":"https:\/\/www.zoko.ro\/?s={search_term_string}"},"query-input":{"@type":"PropertyValueSpecification","valueRequired":true,"valueName":"search_term_string"}}],"inLanguage":"en-GB"},{"@type":"Organization","@id":"https:\/\/www.zoko.ro\/#organization","name":"ZOKO","url":"https:\/\/www.zoko.ro\/","logo":{"@type":"ImageObject","inLanguage":"en-GB","@id":"https:\/\/www.zoko.ro\/#\/schema\/logo\/image\/","url":"https:\/\/www.zoko.ro\/wp-content\/uploads\/2025\/03\/logo1.svg","contentUrl":"https:\/\/www.zoko.ro\/wp-content\/uploads\/2025\/03\/logo1.svg","width":799,"height":216,"caption":"ZOKO"},"image":{"@id":"https:\/\/www.zoko.ro\/#\/schema\/logo\/image\/"},"sameAs":["https:\/\/www.facebook.com\/profile.php?id=61584344135075"]}]}},"_links":{"self":[{"href":"https:\/\/www.zoko.ro\/en\/wp-json\/wp\/v2\/product\/33152","targetHints":{"allow":["GET"]}}],"collection":[{"href":"https:\/\/www.zoko.ro\/en\/wp-json\/wp\/v2\/product"}],"about":[{"href":"https:\/\/www.zoko.ro\/en\/wp-json\/wp\/v2\/types\/product"}],"replies":[{"embeddable":true,"href":"https:\/\/www.zoko.ro\/en\/wp-json\/wp\/v2\/comments?post=33152"}],"version-history":[{"count":1,"href":"https:\/\/www.zoko.ro\/en\/wp-json\/wp\/v2\/product\/33152\/revisions"}],"predecessor-version":[{"id":38413,"href":"https:\/\/www.zoko.ro\/en\/wp-json\/wp\/v2\/product\/33152\/revisions\/38413"}],"wp:featuredmedia":[{"embeddable":true,"href":"https:\/\/www.zoko.ro\/en\/wp-json\/wp\/v2\/media\/33153"}],"wp:attachment":[{"href":"https:\/\/www.zoko.ro\/en\/wp-json\/wp\/v2\/media?parent=33152"}],"wp:term":[{"taxonomy":"product_brand","embeddable":true,"href":"https:\/\/www.zoko.ro\/en\/wp-json\/wp\/v2\/product_brand?post=33152"},{"taxonomy":"product_cat","embeddable":true,"href":"https:\/\/www.zoko.ro\/en\/wp-json\/wp\/v2\/product_cat?post=33152"},{"taxonomy":"product_tag","embeddable":true,"href":"https:\/\/www.zoko.ro\/en\/wp-json\/wp\/v2\/product_tag?post=33152"}],"curies":[{"name":"wp","href":"https:\/\/api.w.org\/{rel}","templated":true}]}}