{"id":33160,"date":"2026-04-28T23:36:26","date_gmt":"2026-04-28T21:36:26","guid":{"rendered":"https:\/\/www.zoko.ro\/p\/lopata-cleste-automat-inteligent-pentru-colectarea-excrementelor-de-caini-si-pisici-echipata-cu-dispenser-de-saci-gonga\/"},"modified":"2026-04-28T23:36:26","modified_gmt":"2026-04-28T21:36:26","slug":"lopata-cleste-automat-inteligent-pentru-colectarea-excrementelor-de-caini-si-pisici-echipata-cu-dispenser-de-saci-gonga","status":"publish","type":"product","link":"https:\/\/www.zoko.ro\/en\/p\/lopata-cleste-automat-inteligent-pentru-colectarea-excrementelor-de-caini-si-pisici-echipata-cu-dispenser-de-saci-gonga\/","title":{"rendered":"Lopata\/cleste automat inteligent pentru colectarea excrementelor de caini si pisici echipata cu dispenser de saci, Gonga\u00ae"},"content":{"rendered":"<p><strong>Culoare:<\/strong> Alb<\/p>\n<p>Colector Excremente C\u00e2ini \u2013 Igienic, Practic \u0219i U\u0219or de Utilizat<\/p>\n<p>Men\u021bine cur\u0103\u021benia \u00een timpul plimb\u0103rilor cu animalul t\u0103u de companie f\u0103r\u0103 efort! Colectorul de excremente este solu\u021bia ideal\u0103 pentru orice proprietar responsabil, oferind igien\u0103 \u0219i comoditate \u00een utilizare.<\/p>\n<\/p>\n<p><img loading=\"lazy\" decoding=\"async\" src=\"https:\/\/gonga.ro\/img\/cms\/cleste%20automat%20inteligent%20pentru%20colectarea%20excrementelor%20de%20caini%20si%20pisici%20echipata%20cu%20dispenser%20de%20saci,%20Gonga%C2%AE6.jpg\" alt=\"\" width=\"1000\" height=\"750\" \/><\/p>\n<\/p>\n<p>Echipat cu un m\u00e2ner ergonomic, asigur\u0103 o prindere confortabil\u0103, facilit\u00e2nd colectarea excrementelor rapid \u0219i eficient. \u00cen plus, dispune de un compartiment special pentru depozitarea pungilor, astfel \u00eenc\u00e2t s\u0103 le ai mereu la \u00eendem\u00e2n\u0103.<\/p>\n<p>Acest accesoriu este u\u0219or \u0219i practic, ideal pentru orice plimbare, contribuind la men\u021binerea unui mediu curat \u0219i igienic.<\/p>\n<\/p>\n<p><img loading=\"lazy\" decoding=\"async\" src=\"https:\/\/gonga.ro\/img\/cms\/cleste%20automat%20inteligent%20pentru%20colectarea%20excrementelor%20de%20caini%20si%20pisici%20echipata%20cu%20dispenser%20de%20saci,%20Gonga%C2%AE4.jpg\" alt=\"\" width=\"1000\" height=\"750\" \/><\/p>\n<\/p>\n<p>Avantaje:<\/p>\n<p>&#8211; Design ergonomic pentru o utilizare confortabil\u0103<\/p>\n<p>&#8211; Compartiment integrat pentru pungi \u2013 mereu la \u00eendem\u00e2n\u0103<\/p>\n<p>&#8211; Construc\u021bie u\u0219oar\u0103 \u0219i durabil\u0103 din plastic rezistent<\/p>\n<p>&#8211; Simplu \u0219i eficient, perfect pentru orice plimbare<\/p>\n<\/p>\n<p><img loading=\"lazy\" decoding=\"async\" src=\"https:\/\/gonga.ro\/img\/cms\/cleste%20automat%20inteligent%20pentru%20colectarea%20excrementelor%20de%20caini%20si%20pisici%20echipata%20cu%20dispenser%20de%20saci,%20Gonga%C2%AE7.jpg\" alt=\"\" width=\"1000\" height=\"1000\" \/><\/p>\n<\/p>\n<p><strong>Specifica\u021bii:<\/strong><\/p>\n<\/p>\n<p>&#8211; Material: Plastic durabil<\/p>\n<p>&#8211; Dimensiuni: 28 cm x 16.5 cm x 11 cm<\/p>\n<p>&#8211; U\u0219or de transportat \u0219i utilizat<\/p>","protected":false},"excerpt":{"rendered":"<p>Culoare: Alb Colector Excremente C\u00e2ini \u2013 Igienic, Practic \u0219i U\u0219or de Utilizat Men\u021bine cur\u0103\u021benia \u00een timpul plimb\u0103rilor cu animalul t\u0103u<\/p>","protected":false},"featured_media":33161,"comment_status":"open","ping_status":"open","template":"","meta":[],"product_brand":[],"product_cat":[99,378,346],"product_tag":[],"class_list":{"0":"post-33160","1":"product","2":"type-product","3":"status-publish","4":"has-post-thumbnail","6":"product_cat-acasa","7":"product_cat-igiena-ingrijire-animale","8":"product_cat-petshop","9":"pa_culoare-alb","11":"first","12":"outofstock","13":"sale","14":"purchasable","15":"product-type-simple"},"yoast_head":"<!-- This site is optimized with the Yoast SEO plugin v27.2 - https:\/\/yoast.com\/product\/yoast-seo-wordpress\/ -->\n<title>Lopata\/cleste automat inteligent pentru colectarea excrementelor de caini si pisici echipata cu dispenser de saci, Gonga\u00ae | ZOKO<\/title>\n<meta name=\"robots\" content=\"index, follow, max-snippet:-1, max-image-preview:large, max-video-preview:-1\" \/>\n<link rel=\"canonical\" href=\"https:\/\/www.zoko.ro\/en\/p\/lopata-cleste-automat-inteligent-pentru-colectarea-excrementelor-de-caini-si-pisici-echipata-cu-dispenser-de-saci-gonga\/\" \/>\n<meta property=\"og:locale\" content=\"en_GB\" \/>\n<meta property=\"og:type\" content=\"article\" \/>\n<meta property=\"og:title\" content=\"Lopata\/cleste automat inteligent pentru colectarea excrementelor de caini si pisici echipata cu dispenser de saci, Gonga\u00ae | ZOKO\" \/>\n<meta property=\"og:description\" content=\"Culoare: Alb Colector Excremente C\u00e2ini \u2013 Igienic, Practic \u0219i U\u0219or de Utilizat Men\u021bine cur\u0103\u021benia \u00een timpul plimb\u0103rilor cu animalul t\u0103u\" \/>\n<meta property=\"og:url\" content=\"https:\/\/www.zoko.ro\/en\/p\/lopata-cleste-automat-inteligent-pentru-colectarea-excrementelor-de-caini-si-pisici-echipata-cu-dispenser-de-saci-gonga\/\" \/>\n<meta property=\"og:site_name\" content=\"ZOKO\" \/>\n<meta property=\"article:publisher\" content=\"https:\/\/www.facebook.com\/profile.php?id=61584344135075\" \/>\n<meta property=\"og:image\" content=\"https:\/\/www.zoko.ro\/wp-content\/uploads\/2025\/12\/lopatacleste-automat-inteligent-pentru-colectarea-excrementelor-de-caini-si-pisici-echipata-cu-dispenser-de-saci-gonga.jpg\" \/>\n\t<meta property=\"og:image:width\" content=\"1000\" \/>\n\t<meta property=\"og:image:height\" content=\"750\" \/>\n\t<meta property=\"og:image:type\" content=\"image\/jpeg\" \/>\n<meta name=\"twitter:card\" content=\"summary_large_image\" \/>\n<meta name=\"twitter:label1\" content=\"Estimated reading time\" \/>\n\t<meta name=\"twitter:data1\" content=\"1 minute\" \/>\n<script type=\"application\/ld+json\" class=\"yoast-schema-graph\">{\"@context\":\"https:\/\/schema.org\",\"@graph\":[{\"@type\":\"WebPage\",\"@id\":\"https:\/\/www.zoko.ro\/p\/lopata-cleste-automat-inteligent-pentru-colectarea-excrementelor-de-caini-si-pisici-echipata-cu-dispenser-de-saci-gonga\/\",\"url\":\"https:\/\/www.zoko.ro\/p\/lopata-cleste-automat-inteligent-pentru-colectarea-excrementelor-de-caini-si-pisici-echipata-cu-dispenser-de-saci-gonga\/\",\"name\":\"Lopata\/cleste automat inteligent pentru colectarea excrementelor de caini si pisici echipata cu dispenser de saci, Gonga\u00ae | ZOKO\",\"isPartOf\":{\"@id\":\"https:\/\/www.zoko.ro\/#website\"},\"primaryImageOfPage\":{\"@id\":\"https:\/\/www.zoko.ro\/p\/lopata-cleste-automat-inteligent-pentru-colectarea-excrementelor-de-caini-si-pisici-echipata-cu-dispenser-de-saci-gonga\/#primaryimage\"},\"image\":{\"@id\":\"https:\/\/www.zoko.ro\/p\/lopata-cleste-automat-inteligent-pentru-colectarea-excrementelor-de-caini-si-pisici-echipata-cu-dispenser-de-saci-gonga\/#primaryimage\"},\"thumbnailUrl\":\"https:\/\/www.zoko.ro\/wp-content\/uploads\/2025\/12\/lopatacleste-automat-inteligent-pentru-colectarea-excrementelor-de-caini-si-pisici-echipata-cu-dispenser-de-saci-gonga.jpg\",\"datePublished\":\"2026-04-28T21:36:26+00:00\",\"breadcrumb\":{\"@id\":\"https:\/\/www.zoko.ro\/p\/lopata-cleste-automat-inteligent-pentru-colectarea-excrementelor-de-caini-si-pisici-echipata-cu-dispenser-de-saci-gonga\/#breadcrumb\"},\"inLanguage\":\"en-GB\",\"potentialAction\":[{\"@type\":\"ReadAction\",\"target\":[\"https:\/\/www.zoko.ro\/p\/lopata-cleste-automat-inteligent-pentru-colectarea-excrementelor-de-caini-si-pisici-echipata-cu-dispenser-de-saci-gonga\/\"]}]},{\"@type\":\"ImageObject\",\"inLanguage\":\"en-GB\",\"@id\":\"https:\/\/www.zoko.ro\/p\/lopata-cleste-automat-inteligent-pentru-colectarea-excrementelor-de-caini-si-pisici-echipata-cu-dispenser-de-saci-gonga\/#primaryimage\",\"url\":\"https:\/\/www.zoko.ro\/wp-content\/uploads\/2025\/12\/lopatacleste-automat-inteligent-pentru-colectarea-excrementelor-de-caini-si-pisici-echipata-cu-dispenser-de-saci-gonga.jpg\",\"contentUrl\":\"https:\/\/www.zoko.ro\/wp-content\/uploads\/2025\/12\/lopatacleste-automat-inteligent-pentru-colectarea-excrementelor-de-caini-si-pisici-echipata-cu-dispenser-de-saci-gonga.jpg\",\"width\":1000,\"height\":750},{\"@type\":\"BreadcrumbList\",\"@id\":\"https:\/\/www.zoko.ro\/p\/lopata-cleste-automat-inteligent-pentru-colectarea-excrementelor-de-caini-si-pisici-echipata-cu-dispenser-de-saci-gonga\/#breadcrumb\",\"itemListElement\":[{\"@type\":\"ListItem\",\"position\":1,\"name\":\"Home\",\"item\":\"https:\/\/www.zoko.ro\/\"},{\"@type\":\"ListItem\",\"position\":2,\"name\":\"Magazin\",\"item\":\"https:\/\/www.zoko.ro\/magazin\/\"},{\"@type\":\"ListItem\",\"position\":3,\"name\":\"Lopata\/cleste automat inteligent pentru colectarea excrementelor de caini si pisici echipata cu dispenser de saci, Gonga\u00ae\"}]},{\"@type\":\"WebSite\",\"@id\":\"https:\/\/www.zoko.ro\/#website\",\"url\":\"https:\/\/www.zoko.ro\/\",\"name\":\"ZOKO.ro\",\"description\":\"Cump\u0103r\u0103 inteligent\",\"publisher\":{\"@id\":\"https:\/\/www.zoko.ro\/#organization\"},\"potentialAction\":[{\"@type\":\"SearchAction\",\"target\":{\"@type\":\"EntryPoint\",\"urlTemplate\":\"https:\/\/www.zoko.ro\/?s={search_term_string}\"},\"query-input\":{\"@type\":\"PropertyValueSpecification\",\"valueRequired\":true,\"valueName\":\"search_term_string\"}}],\"inLanguage\":\"en-GB\"},{\"@type\":\"Organization\",\"@id\":\"https:\/\/www.zoko.ro\/#organization\",\"name\":\"ZOKO\",\"url\":\"https:\/\/www.zoko.ro\/\",\"logo\":{\"@type\":\"ImageObject\",\"inLanguage\":\"en-GB\",\"@id\":\"https:\/\/www.zoko.ro\/#\/schema\/logo\/image\/\",\"url\":\"https:\/\/www.zoko.ro\/wp-content\/uploads\/2025\/03\/logo1.svg\",\"contentUrl\":\"https:\/\/www.zoko.ro\/wp-content\/uploads\/2025\/03\/logo1.svg\",\"width\":799,\"height\":216,\"caption\":\"ZOKO\"},\"image\":{\"@id\":\"https:\/\/www.zoko.ro\/#\/schema\/logo\/image\/\"},\"sameAs\":[\"https:\/\/www.facebook.com\/profile.php?id=61584344135075\"]}]}<\/script>\n<!-- \/ Yoast SEO plugin. -->","yoast_head_json":{"title":"Lopata\/cleste automat inteligent pentru colectarea excrementelor de caini si pisici echipata cu dispenser de saci, Gonga\u00ae | ZOKO","robots":{"index":"index","follow":"follow","max-snippet":"max-snippet:-1","max-image-preview":"max-image-preview:large","max-video-preview":"max-video-preview:-1"},"canonical":"https:\/\/www.zoko.ro\/en\/p\/lopata-cleste-automat-inteligent-pentru-colectarea-excrementelor-de-caini-si-pisici-echipata-cu-dispenser-de-saci-gonga\/","og_locale":"en_GB","og_type":"article","og_title":"Lopata\/cleste automat inteligent pentru colectarea excrementelor de caini si pisici echipata cu dispenser de saci, Gonga\u00ae | ZOKO","og_description":"Culoare: Alb Colector Excremente C\u00e2ini \u2013 Igienic, Practic \u0219i U\u0219or de Utilizat Men\u021bine cur\u0103\u021benia \u00een timpul plimb\u0103rilor cu animalul t\u0103u","og_url":"https:\/\/www.zoko.ro\/en\/p\/lopata-cleste-automat-inteligent-pentru-colectarea-excrementelor-de-caini-si-pisici-echipata-cu-dispenser-de-saci-gonga\/","og_site_name":"ZOKO","article_publisher":"https:\/\/www.facebook.com\/profile.php?id=61584344135075","og_image":[{"width":1000,"height":750,"url":"https:\/\/www.zoko.ro\/wp-content\/uploads\/2025\/12\/lopatacleste-automat-inteligent-pentru-colectarea-excrementelor-de-caini-si-pisici-echipata-cu-dispenser-de-saci-gonga.jpg","type":"image\/jpeg"}],"twitter_card":"summary_large_image","twitter_misc":{"Estimated reading time":"1 minute"},"schema":{"@context":"https:\/\/schema.org","@graph":[{"@type":"WebPage","@id":"https:\/\/www.zoko.ro\/p\/lopata-cleste-automat-inteligent-pentru-colectarea-excrementelor-de-caini-si-pisici-echipata-cu-dispenser-de-saci-gonga\/","url":"https:\/\/www.zoko.ro\/p\/lopata-cleste-automat-inteligent-pentru-colectarea-excrementelor-de-caini-si-pisici-echipata-cu-dispenser-de-saci-gonga\/","name":"Lopata\/cleste automat inteligent pentru colectarea excrementelor de caini si pisici echipata cu dispenser de saci, Gonga\u00ae | ZOKO","isPartOf":{"@id":"https:\/\/www.zoko.ro\/#website"},"primaryImageOfPage":{"@id":"https:\/\/www.zoko.ro\/p\/lopata-cleste-automat-inteligent-pentru-colectarea-excrementelor-de-caini-si-pisici-echipata-cu-dispenser-de-saci-gonga\/#primaryimage"},"image":{"@id":"https:\/\/www.zoko.ro\/p\/lopata-cleste-automat-inteligent-pentru-colectarea-excrementelor-de-caini-si-pisici-echipata-cu-dispenser-de-saci-gonga\/#primaryimage"},"thumbnailUrl":"https:\/\/www.zoko.ro\/wp-content\/uploads\/2025\/12\/lopatacleste-automat-inteligent-pentru-colectarea-excrementelor-de-caini-si-pisici-echipata-cu-dispenser-de-saci-gonga.jpg","datePublished":"2026-04-28T21:36:26+00:00","breadcrumb":{"@id":"https:\/\/www.zoko.ro\/p\/lopata-cleste-automat-inteligent-pentru-colectarea-excrementelor-de-caini-si-pisici-echipata-cu-dispenser-de-saci-gonga\/#breadcrumb"},"inLanguage":"en-GB","potentialAction":[{"@type":"ReadAction","target":["https:\/\/www.zoko.ro\/p\/lopata-cleste-automat-inteligent-pentru-colectarea-excrementelor-de-caini-si-pisici-echipata-cu-dispenser-de-saci-gonga\/"]}]},{"@type":"ImageObject","inLanguage":"en-GB","@id":"https:\/\/www.zoko.ro\/p\/lopata-cleste-automat-inteligent-pentru-colectarea-excrementelor-de-caini-si-pisici-echipata-cu-dispenser-de-saci-gonga\/#primaryimage","url":"https:\/\/www.zoko.ro\/wp-content\/uploads\/2025\/12\/lopatacleste-automat-inteligent-pentru-colectarea-excrementelor-de-caini-si-pisici-echipata-cu-dispenser-de-saci-gonga.jpg","contentUrl":"https:\/\/www.zoko.ro\/wp-content\/uploads\/2025\/12\/lopatacleste-automat-inteligent-pentru-colectarea-excrementelor-de-caini-si-pisici-echipata-cu-dispenser-de-saci-gonga.jpg","width":1000,"height":750},{"@type":"BreadcrumbList","@id":"https:\/\/www.zoko.ro\/p\/lopata-cleste-automat-inteligent-pentru-colectarea-excrementelor-de-caini-si-pisici-echipata-cu-dispenser-de-saci-gonga\/#breadcrumb","itemListElement":[{"@type":"ListItem","position":1,"name":"Home","item":"https:\/\/www.zoko.ro\/"},{"@type":"ListItem","position":2,"name":"Magazin","item":"https:\/\/www.zoko.ro\/magazin\/"},{"@type":"ListItem","position":3,"name":"Lopata\/cleste automat inteligent pentru colectarea excrementelor de caini si pisici echipata cu dispenser de saci, Gonga\u00ae"}]},{"@type":"WebSite","@id":"https:\/\/www.zoko.ro\/#website","url":"https:\/\/www.zoko.ro\/","name":"ZOKO.ro","description":"Cump\u0103r\u0103 inteligent","publisher":{"@id":"https:\/\/www.zoko.ro\/#organization"},"potentialAction":[{"@type":"SearchAction","target":{"@type":"EntryPoint","urlTemplate":"https:\/\/www.zoko.ro\/?s={search_term_string}"},"query-input":{"@type":"PropertyValueSpecification","valueRequired":true,"valueName":"search_term_string"}}],"inLanguage":"en-GB"},{"@type":"Organization","@id":"https:\/\/www.zoko.ro\/#organization","name":"ZOKO","url":"https:\/\/www.zoko.ro\/","logo":{"@type":"ImageObject","inLanguage":"en-GB","@id":"https:\/\/www.zoko.ro\/#\/schema\/logo\/image\/","url":"https:\/\/www.zoko.ro\/wp-content\/uploads\/2025\/03\/logo1.svg","contentUrl":"https:\/\/www.zoko.ro\/wp-content\/uploads\/2025\/03\/logo1.svg","width":799,"height":216,"caption":"ZOKO"},"image":{"@id":"https:\/\/www.zoko.ro\/#\/schema\/logo\/image\/"},"sameAs":["https:\/\/www.facebook.com\/profile.php?id=61584344135075"]}]}},"_links":{"self":[{"href":"https:\/\/www.zoko.ro\/en\/wp-json\/wp\/v2\/product\/33160","targetHints":{"allow":["GET"]}}],"collection":[{"href":"https:\/\/www.zoko.ro\/en\/wp-json\/wp\/v2\/product"}],"about":[{"href":"https:\/\/www.zoko.ro\/en\/wp-json\/wp\/v2\/types\/product"}],"replies":[{"embeddable":true,"href":"https:\/\/www.zoko.ro\/en\/wp-json\/wp\/v2\/comments?post=33160"}],"version-history":[{"count":1,"href":"https:\/\/www.zoko.ro\/en\/wp-json\/wp\/v2\/product\/33160\/revisions"}],"predecessor-version":[{"id":38414,"href":"https:\/\/www.zoko.ro\/en\/wp-json\/wp\/v2\/product\/33160\/revisions\/38414"}],"wp:featuredmedia":[{"embeddable":true,"href":"https:\/\/www.zoko.ro\/en\/wp-json\/wp\/v2\/media\/33161"}],"wp:attachment":[{"href":"https:\/\/www.zoko.ro\/en\/wp-json\/wp\/v2\/media?parent=33160"}],"wp:term":[{"taxonomy":"product_brand","embeddable":true,"href":"https:\/\/www.zoko.ro\/en\/wp-json\/wp\/v2\/product_brand?post=33160"},{"taxonomy":"product_cat","embeddable":true,"href":"https:\/\/www.zoko.ro\/en\/wp-json\/wp\/v2\/product_cat?post=33160"},{"taxonomy":"product_tag","embeddable":true,"href":"https:\/\/www.zoko.ro\/en\/wp-json\/wp\/v2\/product_tag?post=33160"}],"curies":[{"name":"wp","href":"https:\/\/api.w.org\/{rel}","templated":true}]}}